{"id":22175,"date":"2023-05-02T22:46:52","date_gmt":"2023-05-02T20:46:52","guid":{"rendered":"https:\/\/tinnunculus.sy-sy.cz\/?page_id=22175"},"modified":"2025-12-15T08:25:57","modified_gmt":"2025-12-15T07:25:57","slug":"6-postolci-lodzie","status":"publish","type":"page","link":"https:\/\/tinnunculus.sy-sy.cz\/index.php\/v-primem-prenosu\/nase-kamery\/seznam-kamer\/kamera-6\/6-postolci-lodzie\/","title":{"rendered":"6 \u00a6 Po\u0161tol\u010d\u00ed lod\u017eie"},"content":{"rendered":"<h5 id=\"anchor-65e448cd2fcc5\"><a href=\"https:\/\/sy-sy.cz\/cam\/webapi\/entry.cgi?api=SYNO.SurveillanceStation.Stream.VideoStreaming&amp;version=1&amp;method=Stream&amp;format=mjpeg&amp;cameraId=18&amp;StmKey=%22752a839c0eeb8fd2ca73a95c3f5f76c2%22\" target=\"_blank\" rel=\"noopener\"><img loading=\"lazy\" decoding=\"async\" class=\"alignnone\" src=\"https:\/\/sy-sy.cz\/cam\/webapi\/entry.cgi?api=SYNO.SurveillanceStation.Stream.VideoStreaming&amp;version=1&amp;method=Stream&amp;format=mjpeg&amp;cameraId=18&amp;StmKey=%22752a839c0eeb8fd2ca73a95c3f5f76c2%22\" alt=\"Camera 6\" width=\"640\" height=\"512\" \/><\/a><\/h5>\n<h5><a href=\"https:\/\/tinnunculus.sy-sy.cz\/index.php\/nase-kamery\/kamera-0\/\">0<\/a>\u00a6 <a href=\"https:\/\/tinnunculus.sy-sy.cz\/index.php\/nase-kamery\/kamera-1\/\">1<\/a>\u00a6 <a href=\"https:\/\/tinnunculus.sy-sy.cz\/index.php\/nase-kamery\/kamera-2\/\">2<\/a>\u00a6 <a href=\"https:\/\/tinnunculus.sy-sy.cz\/index.php\/nase-kamery\/kamera-3\/\">3<\/a>\u00a6 <a href=\"https:\/\/tinnunculus.sy-sy.cz\/index.php\/nase-kamery\/kamera-4\/\">4<\/a>\u00a6 <a href=\"https:\/\/tinnunculus.sy-sy.cz\/index.php\/nase-kamery\/kamera-5\/\">5<\/a>\u00a6 <a href=\"https:\/\/tinnunculus.sy-sy.cz\/index.php\/nase-kamery\/kamera-7\/\">7<\/a>\u00a6 <a href=\"https:\/\/tinnunculus.sy-sy.cz\/index.php\/nase-kamery\/kamera-8\/\">8<\/a>\u00a6 <a href=\"https:\/\/tinnunculus.sy-sy.cz\/index.php\/nase-kamery\/kamera-9\/\">9<\/a>\u00a6 <a href=\"https:\/\/tinnunculus.sy-sy.cz\/index.php\/nase-kamery\/kamera-10\/\">10<\/a>\u00a6 <a href=\"https:\/\/tinnunculus.sy-sy.cz\/index.php\/nase-kamery\/kamera-11\/\">11<\/a>\u00a6 <a href=\"https:\/\/tinnunculus.sy-sy.cz\/index.php\/nase-kamery\/kamera-12\/\">12<\/a>\u00a6 <a href=\"https:\/\/tinnunculus.sy-sy.cz\/index.php\/kamera-13\/\">13<\/a>\u00a6 <a href=\"https:\/\/tinnunculus.sy-sy.cz\/index.php\/kamera-14\/\">14<\/a>\u00a6 <a href=\"https:\/\/tinnunculus.sy-sy.cz\/index.php\/nase-kamery\/kamera-15\/\">15<\/a>\u00a6 <a href=\"https:\/\/tinnunculus.sy-sy.cz\/index.php\/nase-kamery\/kamera-16\/\">16<\/a>\u00a6 <a href=\"https:\/\/tinnunculus.sy-sy.cz\/index.php\/nase-kamery\/kamera-17\/\">17<\/a>\u00a6\u00a0<a href=\"https:\/\/tinnunculus.sy-sy.cz\/index.php\/kamera-18\/\">18<\/a>\u00a6 <span style=\"color: #999999;\"><a href=\"https:\/\/tinnunculus.sy-sy.cz\/index.php\/nase-kamery\/kamera-19\/\">19<\/a>\u00a6 <a href=\"https:\/\/tinnunculus.sy-sy.cz\/index.php\/nase-kamery\/kamera-20\/\">20<\/a>\u00a6<\/span><\/h5>\n<h5 id=\"kamera\u00a00\u00a0\u00a6\u00a01\u00a0\u00a6\u00a02\u00a0\u00a6\u00a03\"><\/h5>\n","protected":false},"excerpt":{"rendered":"<p>0\u00a6 1\u00a6 2\u00a6 3\u00a6 4\u00a6 5\u00a6 7\u00a6 8\u00a6 9\u00a6 10\u00a6 11\u00a6 12\u00a6 13\u00a6 14\u00a6 15\u00a6 16\u00a6 17\u00a6\u00a018\u00a6 19\u00a6 20\u00a6<\/p>\n","protected":false},"author":2,"featured_media":0,"parent":5043,"menu_order":0,"comment_status":"closed","ping_status":"closed","template":"","meta":{"jetpack_post_was_ever_published":false,"footnotes":""},"categories":[147,118,116,149,114],"tags":[1302,1314],"class_list":["post-22175","page","type-page","status-publish","hentry","category-nase-postolky","category-kamery","category-nasi","category-z-nasi-lodzie","category-zivy-prenos","tag-webkamera","tag-podlaha"],"jetpack_shortlink":"https:\/\/wp.me\/P91gKE-5LF","jetpack-related-posts":[{"id":36937,"url":"https:\/\/tinnunculus.sy-sy.cz\/index.php\/v-primem-prenosu\/nase-kamery\/seznam-kamer\/kamera-18\/18-postolci-lodzie\/","url_meta":{"origin":22175,"position":0},"title":"18 \u00a6 Po\u0161tol\u010d\u00ed lod\u017eie: bid\u00fdlka","author":"Zuzana Syrov\u00e1 An\u00fd\u017eov\u00e1","date":"22\/07\/2024","format":false,"excerpt":"0\u00a6 1\u00a6 2\u00a6 3\u00a6 4\u00a6 5\u00a6 6\u00a6 7\u00a6 8\u00a6 9\u00a6 10\u00a6 11\u00a6 12\u00a6 13\u00a6 14\u00a6 15\u00a6 16\u00a6 18\u00a6 19\u00a6 20\u00a6 \u00a0","rel":"","context":"V \u201e\"Na\u0161e\" po\u0161tolky\u201c","block_context":{"text":"\"Na\u0161e\" po\u0161tolky","link":"https:\/\/tinnunculus.sy-sy.cz\/index.php\/category\/nasi\/nase-postolky\/"},"img":{"alt_text":"Camera 4","src":"https:\/\/sy-sy.cz\/cam\/webapi\/entry.cgi?api=SYNO.SurveillanceStation.Stream.VideoStreaming&version=1&method=Stream&format=mjpeg&cameraId=5&StmKey=%2252e5b8eca97c1641f72d11d2bfda2a35%22","width":350,"height":200,"srcset":"https:\/\/sy-sy.cz\/cam\/webapi\/entry.cgi?api=SYNO.SurveillanceStation.Stream.VideoStreaming&version=1&method=Stream&format=mjpeg&cameraId=5&StmKey=%2252e5b8eca97c1641f72d11d2bfda2a35%22 1x, https:\/\/sy-sy.cz\/cam\/webapi\/entry.cgi?api=SYNO.SurveillanceStation.Stream.VideoStreaming&version=1&method=Stream&format=mjpeg&cameraId=5&StmKey=%2252e5b8eca97c1641f72d11d2bfda2a35%22 1.5x"},"classes":[]},{"id":31463,"url":"https:\/\/tinnunculus.sy-sy.cz\/index.php\/v-primem-prenosu\/nase-kamery\/seznam-kamer\/kamera-17\/17-postolci-lodzie\/","url_meta":{"origin":22175,"position":1},"title":"17 \u00a6 Po\u0161tol\u010d\u00ed lod\u017eie","author":"Zuzana Syrov\u00e1 An\u00fd\u017eov\u00e1","date":"03\/02\/2024","format":false,"excerpt":"0\u00a6 1\u00a6 2\u00a6 3\u00a6 4\u00a6 5\u00a6 6\u00a6 7\u00a6 8\u00a6 9\u00a6 10\u00a6 11\u00a6 12\u00a6 13\u00a6 14\u00a6 15\u00a6 16\u00a6 18\u00a6 19\u00a6 20\u00a6 \u00a0","rel":"","context":"V \u201e\"Na\u0161e\" po\u0161tolky\u201c","block_context":{"text":"\"Na\u0161e\" po\u0161tolky","link":"https:\/\/tinnunculus.sy-sy.cz\/index.php\/category\/nasi\/nase-postolky\/"},"img":{"alt_text":"Camera 1","src":"https:\/\/sy-sy.cz\/cam\/webapi\/entry.cgi?api=SYNO.SurveillanceStation.Stream.VideoStreaming&version=1&method=Stream&format=mjpeg&cameraId=8&StmKey=%22cb8e7082ef14ef6d4cf20e4f76efaf63%22","width":350,"height":200,"srcset":"https:\/\/sy-sy.cz\/cam\/webapi\/entry.cgi?api=SYNO.SurveillanceStation.Stream.VideoStreaming&version=1&method=Stream&format=mjpeg&cameraId=8&StmKey=%22cb8e7082ef14ef6d4cf20e4f76efaf63%22 1x, https:\/\/sy-sy.cz\/cam\/webapi\/entry.cgi?api=SYNO.SurveillanceStation.Stream.VideoStreaming&version=1&method=Stream&format=mjpeg&cameraId=8&StmKey=%22cb8e7082ef14ef6d4cf20e4f76efaf63%22 1.5x, https:\/\/sy-sy.cz\/cam\/webapi\/entry.cgi?api=SYNO.SurveillanceStation.Stream.VideoStreaming&version=1&method=Stream&format=mjpeg&cameraId=8&StmKey=%22cb8e7082ef14ef6d4cf20e4f76efaf63%22 2x, https:\/\/sy-sy.cz\/cam\/webapi\/entry.cgi?api=SYNO.SurveillanceStation.Stream.VideoStreaming&version=1&method=Stream&format=mjpeg&cameraId=8&StmKey=%22cb8e7082ef14ef6d4cf20e4f76efaf63%22 3x, https:\/\/sy-sy.cz\/cam\/webapi\/entry.cgi?api=SYNO.SurveillanceStation.Stream.VideoStreaming&version=1&method=Stream&format=mjpeg&cameraId=8&StmKey=%22cb8e7082ef14ef6d4cf20e4f76efaf63%22 4x"},"classes":[]},{"id":23831,"url":"https:\/\/tinnunculus.sy-sy.cz\/index.php\/v-primem-prenosu\/nase-kamery\/seznam-kamer\/kamera-16\/16-postolci-lodzie\/","url_meta":{"origin":22175,"position":2},"title":"16 \u00a6 Po\u0161tol\u010d\u00ed lod\u017eie","author":"Zuzana Syrov\u00e1 An\u00fd\u017eov\u00e1","date":"09\/07\/2023","format":false,"excerpt":"0\u00a6 1\u00a6 2\u00a6 3\u00a6 4\u00a6 5\u00a6 6\u00a6 7\u00a6 8\u00a6 9\u00a6 10\u00a6 11\u00a6 12\u00a6 13\u00a6 14\u00a6 15\u00a6 17\u00a6\u00a018\u00a6 19\u00a6 20\u00a6 \u00a0","rel":"","context":"V \u201e\"Na\u0161e\" po\u0161tolky\u201c","block_context":{"text":"\"Na\u0161e\" po\u0161tolky","link":"https:\/\/tinnunculus.sy-sy.cz\/index.php\/category\/nasi\/nase-postolky\/"},"img":{"alt_text":"Camera 16","src":"https:\/\/sy-sy.cz\/cam\/webapi\/entry.cgi?api=SYNO.SurveillanceStation.Stream.VideoStreaming&version=1&method=Stream&format=mjpeg&cameraId=9&StmKey=%22db5e85a3d4c2c8cc043080a7d4bb298f%22","width":350,"height":200,"srcset":"https:\/\/sy-sy.cz\/cam\/webapi\/entry.cgi?api=SYNO.SurveillanceStation.Stream.VideoStreaming&version=1&method=Stream&format=mjpeg&cameraId=9&StmKey=%22db5e85a3d4c2c8cc043080a7d4bb298f%22 1x, https:\/\/sy-sy.cz\/cam\/webapi\/entry.cgi?api=SYNO.SurveillanceStation.Stream.VideoStreaming&version=1&method=Stream&format=mjpeg&cameraId=9&StmKey=%22db5e85a3d4c2c8cc043080a7d4bb298f%22 1.5x, https:\/\/sy-sy.cz\/cam\/webapi\/entry.cgi?api=SYNO.SurveillanceStation.Stream.VideoStreaming&version=1&method=Stream&format=mjpeg&cameraId=9&StmKey=%22db5e85a3d4c2c8cc043080a7d4bb298f%22 2x, https:\/\/sy-sy.cz\/cam\/webapi\/entry.cgi?api=SYNO.SurveillanceStation.Stream.VideoStreaming&version=1&method=Stream&format=mjpeg&cameraId=9&StmKey=%22db5e85a3d4c2c8cc043080a7d4bb298f%22 3x"},"classes":[]},{"id":22270,"url":"https:\/\/tinnunculus.sy-sy.cz\/index.php\/v-primem-prenosu\/nase-kamery\/seznam-kamer\/kamera-15\/15-postolci-lodzie\/","url_meta":{"origin":22175,"position":3},"title":"15 \u00a6 Po\u0161tol\u010d\u00ed lod\u017eie: hn\u00edzdo","author":"Zuzana Syrov\u00e1 An\u00fd\u017eov\u00e1","date":"04\/05\/2023","format":false,"excerpt":"0\u00a6 1\u00a6 2\u00a6 3\u00a6 4\u00a6 5\u00a6 6\u00a6 7\u00a6 8\u00a6 9\u00a6 10\u00a6 11\u00a6 12\u00a6 13\u00a6 14\u00a6 16\u00a6 17\u00a6\u00a018\u00a6 19\u00a6 20\u00a6 \u00a0","rel":"","context":"V \u201e\"Na\u0161e\" po\u0161tolky\u201c","block_context":{"text":"\"Na\u0161e\" po\u0161tolky","link":"https:\/\/tinnunculus.sy-sy.cz\/index.php\/category\/nasi\/nase-postolky\/"},"img":{"alt_text":"Camera 4","src":"https:\/\/sy-sy.cz\/cam\/webapi\/entry.cgi?api=SYNO.SurveillanceStation.Stream.VideoStreaming&version=1&method=Stream&format=mjpeg&cameraId=58&StmKey=%223d914cad5671918048a25b0c24d71d73%22","width":350,"height":200,"srcset":"https:\/\/sy-sy.cz\/cam\/webapi\/entry.cgi?api=SYNO.SurveillanceStation.Stream.VideoStreaming&version=1&method=Stream&format=mjpeg&cameraId=58&StmKey=%223d914cad5671918048a25b0c24d71d73%22 1x, https:\/\/sy-sy.cz\/cam\/webapi\/entry.cgi?api=SYNO.SurveillanceStation.Stream.VideoStreaming&version=1&method=Stream&format=mjpeg&cameraId=58&StmKey=%223d914cad5671918048a25b0c24d71d73%22 1.5x"},"classes":[]},{"id":22281,"url":"https:\/\/tinnunculus.sy-sy.cz\/index.php\/v-primem-prenosu\/nase-kamery\/seznam-kamer\/kamera-14\/14-postolci-lodzie\/","url_meta":{"origin":22175,"position":4},"title":"14 \u00a6 Po\u0161tol\u010d\u00ed lod\u017eie","author":"Zuzana Syrov\u00e1 An\u00fd\u017eov\u00e1","date":"04\/05\/2023","format":false,"excerpt":"0\u00a6 1\u00a6 2\u00a6 3\u00a6 4\u00a6 5\u00a6 6\u00a6 7\u00a6 8\u00a6 9\u00a6 10\u00a6 11\u00a6 12\u00a6 13\u00a6 15\u00a6 16\u00a6 17\u00a6\u00a018\u00a6 19\u00a6 20\u00a6 \u00a0","rel":"","context":"V \u201e\"Na\u0161e\" po\u0161tolky\u201c","block_context":{"text":"\"Na\u0161e\" po\u0161tolky","link":"https:\/\/tinnunculus.sy-sy.cz\/index.php\/category\/nasi\/nase-postolky\/"},"img":{"alt_text":"Camera 14","src":"https:\/\/sy-sy.cz\/cam\/webapi\/entry.cgi?api=SYNO.SurveillanceStation.Stream.VideoStreaming&version=1&method=Stream&format=mjpeg&cameraId=1&StmKey=%2233efbf5e7d7356a359c3958af2a2383a%22","width":350,"height":200,"srcset":"https:\/\/sy-sy.cz\/cam\/webapi\/entry.cgi?api=SYNO.SurveillanceStation.Stream.VideoStreaming&version=1&method=Stream&format=mjpeg&cameraId=1&StmKey=%2233efbf5e7d7356a359c3958af2a2383a%22 1x, https:\/\/sy-sy.cz\/cam\/webapi\/entry.cgi?api=SYNO.SurveillanceStation.Stream.VideoStreaming&version=1&method=Stream&format=mjpeg&cameraId=1&StmKey=%2233efbf5e7d7356a359c3958af2a2383a%22 1.5x, https:\/\/sy-sy.cz\/cam\/webapi\/entry.cgi?api=SYNO.SurveillanceStation.Stream.VideoStreaming&version=1&method=Stream&format=mjpeg&cameraId=1&StmKey=%2233efbf5e7d7356a359c3958af2a2383a%22 2x, https:\/\/sy-sy.cz\/cam\/webapi\/entry.cgi?api=SYNO.SurveillanceStation.Stream.VideoStreaming&version=1&method=Stream&format=mjpeg&cameraId=1&StmKey=%2233efbf5e7d7356a359c3958af2a2383a%22 3x, https:\/\/sy-sy.cz\/cam\/webapi\/entry.cgi?api=SYNO.SurveillanceStation.Stream.VideoStreaming&version=1&method=Stream&format=mjpeg&cameraId=1&StmKey=%2233efbf5e7d7356a359c3958af2a2383a%22 4x"},"classes":[]},{"id":22076,"url":"https:\/\/tinnunculus.sy-sy.cz\/index.php\/v-primem-prenosu\/nase-kamery\/seznam-kamer\/kamera-0\/0-postolci-lodzie\/","url_meta":{"origin":22175,"position":5},"title":"0 \u00a6 Po\u0161tol\u010d\u00ed lod\u017eie","author":"Zuzana Syrov\u00e1 An\u00fd\u017eov\u00e1","date":"01\/05\/2023","format":false,"excerpt":"1\u00a6 2\u00a6 3\u00a6 4\u00a6 5\u00a6 6\u00a6 7\u00a6 8\u00a6 9\u00a6 10\u00a6 11\u00a6 12\u00a6 13\u00a6 14\u00a6 15\u00a6 16\u00a6 17\u00a6\u00a018\u00a6 19\u00a6 20\u00a6 \u00a0","rel":"","context":"V \u201e\"Na\u0161e\" po\u0161tolky\u201c","block_context":{"text":"\"Na\u0161e\" po\u0161tolky","link":"https:\/\/tinnunculus.sy-sy.cz\/index.php\/category\/nasi\/nase-postolky\/"},"img":{"alt_text":"Camera 0","src":"https:\/\/sy-sy.cz\/cam\/webapi\/entry.cgi?api=SYNO.SurveillanceStation.Stream.VideoStreaming&version=1&method=Stream&format=mjpeg&cameraId=13&StmKey=%22ac1448ccf8a202070f6354b40b1be6f6%22","width":350,"height":200,"srcset":"https:\/\/sy-sy.cz\/cam\/webapi\/entry.cgi?api=SYNO.SurveillanceStation.Stream.VideoStreaming&version=1&method=Stream&format=mjpeg&cameraId=13&StmKey=%22ac1448ccf8a202070f6354b40b1be6f6%22 1x, https:\/\/sy-sy.cz\/cam\/webapi\/entry.cgi?api=SYNO.SurveillanceStation.Stream.VideoStreaming&version=1&method=Stream&format=mjpeg&cameraId=13&StmKey=%22ac1448ccf8a202070f6354b40b1be6f6%22 1.5x"},"classes":[]}],"jetpack_sharing_enabled":true,"_links":{"self":[{"href":"https:\/\/tinnunculus.sy-sy.cz\/index.php\/wp-json\/wp\/v2\/pages\/22175","targetHints":{"allow":["GET"]}}],"collection":[{"href":"https:\/\/tinnunculus.sy-sy.cz\/index.php\/wp-json\/wp\/v2\/pages"}],"about":[{"href":"https:\/\/tinnunculus.sy-sy.cz\/index.php\/wp-json\/wp\/v2\/types\/page"}],"author":[{"embeddable":true,"href":"https:\/\/tinnunculus.sy-sy.cz\/index.php\/wp-json\/wp\/v2\/users\/2"}],"replies":[{"embeddable":true,"href":"https:\/\/tinnunculus.sy-sy.cz\/index.php\/wp-json\/wp\/v2\/comments?post=22175"}],"version-history":[{"count":3,"href":"https:\/\/tinnunculus.sy-sy.cz\/index.php\/wp-json\/wp\/v2\/pages\/22175\/revisions"}],"predecessor-version":[{"id":36839,"href":"https:\/\/tinnunculus.sy-sy.cz\/index.php\/wp-json\/wp\/v2\/pages\/22175\/revisions\/36839"}],"up":[{"embeddable":true,"href":"https:\/\/tinnunculus.sy-sy.cz\/index.php\/wp-json\/wp\/v2\/pages\/5043"}],"wp:attachment":[{"href":"https:\/\/tinnunculus.sy-sy.cz\/index.php\/wp-json\/wp\/v2\/media?parent=22175"}],"wp:term":[{"taxonomy":"category","embeddable":true,"href":"https:\/\/tinnunculus.sy-sy.cz\/index.php\/wp-json\/wp\/v2\/categories?post=22175"},{"taxonomy":"post_tag","embeddable":true,"href":"https:\/\/tinnunculus.sy-sy.cz\/index.php\/wp-json\/wp\/v2\/tags?post=22175"}],"curies":[{"name":"wp","href":"https:\/\/api.w.org\/{rel}","templated":true}]}}