{"id":22147,"date":"2023-05-02T20:10:51","date_gmt":"2023-05-02T18:10:51","guid":{"rendered":"https:\/\/tinnunculus.sy-sy.cz\/?page_id=22147"},"modified":"2024-07-21T19:43:50","modified_gmt":"2024-07-21T17:43:50","slug":"4-kestrel-balcony","status":"publish","type":"page","link":"https:\/\/tinnunculus.sy-sy.cz\/index.php\/en\/online\/our-webcams\/camera-list\/camera-4\/4-kestrel-balcony\/","title":{"rendered":"4 \u00a6 Kestrel balcony: perches"},"content":{"rendered":"<h5 id=\"anchor-65e33bd1908b0\"><a href=\"https:\/\/sy-sy.cz\/cam\/webapi\/entry.cgi?api=SYNO.SurveillanceStation.Stream.VideoStreaming&amp;version=1&amp;method=Stream&amp;format=mjpeg&amp;cameraId=57&amp;StmKey=%2263717454524c2eeb1cb8df9eef366ccb%22\" target=\"_blank\" rel=\"noopener\"><img loading=\"lazy\" decoding=\"async\" class=\"alignright\" src=\"https:\/\/sy-sy.cz\/cam\/webapi\/entry.cgi?api=SYNO.SurveillanceStation.Stream.VideoStreaming&amp;version=1&amp;method=Stream&amp;format=mjpeg&amp;cameraId=57&amp;StmKey=%2263717454524c2eeb1cb8df9eef366ccb%22\" alt=\"Camera 4\" width=\"1280\" height=\"720\" \/><\/a><\/h5>\n<h5><a href=\"https:\/\/tinnunculus.sy-sy.cz\/index.php\/en\/our-webcams\/camera-0\/\">0<\/a>\u00a6\u00a0<a href=\"https:\/\/tinnunculus.sy-sy.cz\/index.php\/en\/our-webcams\/camera-1\/\">1<\/a>\u00a6\u00a0<a href=\"https:\/\/tinnunculus.sy-sy.cz\/index.php\/en\/our-webcams\/camera-2\/\">2<\/a>\u00a6\u00a0<a href=\"https:\/\/tinnunculus.sy-sy.cz\/index.php\/en\/our-webcams\/camera-3\/\">3<\/a>\u00a6 <a href=\"https:\/\/tinnunculus.sy-sy.cz\/index.php\/en\/our-webcams\/camera-5\/\">5<\/a>\u00a6\u00a0<a href=\"https:\/\/tinnunculus.sy-sy.cz\/index.php\/en\/our-webcams\/camera-6\/\">6<\/a>\u00a6\u00a0<a href=\"https:\/\/tinnunculus.sy-sy.cz\/index.php\/en\/our-webcams\/camera-7\/\">7<\/a>\u00a6\u00a0<a href=\"https:\/\/tinnunculus.sy-sy.cz\/index.php\/en\/our-webcams\/camera-8\/\">8<\/a>\u00a6\u00a0<a href=\"https:\/\/tinnunculus.sy-sy.cz\/index.php\/en\/our-webcams\/camera-9\/\">9<\/a>\u00a6\u00a0<a href=\"https:\/\/tinnunculus.sy-sy.cz\/index.php\/en\/our-webcams\/camera-10\/\">10<\/a>\u00a6\u00a0<a href=\"https:\/\/tinnunculus.sy-sy.cz\/index.php\/en\/our-webcams\/camera-11\/\">11<\/a>\u00a6\u00a0<a href=\"https:\/\/tinnunculus.sy-sy.cz\/index.php\/en\/our-webcams\/camera-12\/\">12<\/a>\u00a6\u00a0<a href=\"https:\/\/tinnunculus.sy-sy.cz\/index.php\/en\/our-webcams\/camera-13\/\">13<\/a>\u00a6\u00a0<a href=\"https:\/\/tinnunculus.sy-sy.cz\/index.php\/en\/our-webcams\/camera-14\/\">14<\/a>\u00a6\u00a0<a href=\"https:\/\/tinnunculus.sy-sy.cz\/index.php\/en\/our-webcams\/camera-15\/\">15<\/a>\u00a6\u00a0<a href=\"https:\/\/tinnunculus.sy-sy.cz\/index.php\/en\/our-webcams\/camera-16\/\">16<\/a>\u00a6\u00a0<a href=\"https:\/\/tinnunculus.sy-sy.cz\/index.php\/en\/our-webcams\/camera-17\/\">17<\/a>\u00a6\u00a0<a href=\"https:\/\/tinnunculus.sy-sy.cz\/index.php\/en\/our-webcams\/camera-18\/\">18<\/a>\u00a6 <a href=\"https:\/\/tinnunculus.sy-sy.cz\/index.php\/en\/our-webcams\/camera-19\/\">19<\/a>\u00a6 <a href=\"https:\/\/tinnunculus.sy-sy.cz\/index.php\/en\/our-webcams\/camera-20\/\">20<\/a>\u00a6<\/h5>\n<p>&nbsp;<\/p>\n","protected":false},"excerpt":{"rendered":"<p>0\u00a6\u00a01\u00a6\u00a02\u00a6\u00a03\u00a6 5\u00a6\u00a06\u00a6\u00a07\u00a6\u00a08\u00a6\u00a09\u00a6\u00a010\u00a6\u00a011\u00a6\u00a012\u00a6\u00a013\u00a6\u00a014\u00a6\u00a015\u00a6\u00a016\u00a6\u00a017\u00a6\u00a018\u00a6 19\u00a6 20\u00a6 &nbsp;<\/p>\n","protected":false},"author":2,"featured_media":0,"parent":19608,"menu_order":0,"comment_status":"closed","ping_status":"closed","template":"","meta":{"jetpack_post_was_ever_published":false,"footnotes":""},"categories":[1127,1163,1159,1187,1151],"tags":[1304,1328,1324],"class_list":["post-22147","page","type-page","status-publish","hentry","category-our-kestrels-en","category-webcams","category-live-broadcast","category-online-from-our-balcony","category-tenants-and-visitors","tag-web-camera","tag-behind-the-window","tag-perches"],"jetpack_shortlink":"https:\/\/wp.me\/P91gKE-5Ld","jetpack-related-posts":[{"id":31467,"url":"https:\/\/tinnunculus.sy-sy.cz\/index.php\/en\/online\/our-webcams\/camera-list\/camera-17\/17-kestrel-balcony\/","url_meta":{"origin":22147,"position":0},"title":"17 \u00a6 Kestrel balcony: perches","author":"Zuzana Syrov\u00e1 An\u00fd\u017eov\u00e1","date":"03\/02\/2024","format":false,"excerpt":"0\u00a6\u00a01\u00a6\u00a02\u00a6\u00a03\u00a6\u00a04\u00a6\u00a05\u00a6\u00a06\u00a6\u00a07\u00a6\u00a08\u00a6\u00a09\u00a6\u00a010\u00a6\u00a011\u00a6\u00a012\u00a6\u00a013\u00a6\u00a014\u00a6\u00a015\u00a6\u00a016\u00a6 18\u00a6 19\u00a6 20\u00a6 \u00a0","rel":"","context":"V \u201e\"Our\" kestrels\u201c","block_context":{"text":"\"Our\" kestrels","link":"https:\/\/tinnunculus.sy-sy.cz\/index.php\/en\/category\/tenants-and-visitors\/our-kestrels-en\/"},"img":{"alt_text":"Camera 1","src":"https:\/\/sy-sy.cz\/cam\/webapi\/entry.cgi?api=SYNO.SurveillanceStation.Stream.VideoStreaming&version=1&method=Stream&format=mjpeg&cameraId=8&StmKey=%22cb8e7082ef14ef6d4cf20e4f76efaf63%22","width":350,"height":200,"srcset":"https:\/\/sy-sy.cz\/cam\/webapi\/entry.cgi?api=SYNO.SurveillanceStation.Stream.VideoStreaming&version=1&method=Stream&format=mjpeg&cameraId=8&StmKey=%22cb8e7082ef14ef6d4cf20e4f76efaf63%22 1x, https:\/\/sy-sy.cz\/cam\/webapi\/entry.cgi?api=SYNO.SurveillanceStation.Stream.VideoStreaming&version=1&method=Stream&format=mjpeg&cameraId=8&StmKey=%22cb8e7082ef14ef6d4cf20e4f76efaf63%22 1.5x, https:\/\/sy-sy.cz\/cam\/webapi\/entry.cgi?api=SYNO.SurveillanceStation.Stream.VideoStreaming&version=1&method=Stream&format=mjpeg&cameraId=8&StmKey=%22cb8e7082ef14ef6d4cf20e4f76efaf63%22 2x, https:\/\/sy-sy.cz\/cam\/webapi\/entry.cgi?api=SYNO.SurveillanceStation.Stream.VideoStreaming&version=1&method=Stream&format=mjpeg&cameraId=8&StmKey=%22cb8e7082ef14ef6d4cf20e4f76efaf63%22 3x, https:\/\/sy-sy.cz\/cam\/webapi\/entry.cgi?api=SYNO.SurveillanceStation.Stream.VideoStreaming&version=1&method=Stream&format=mjpeg&cameraId=8&StmKey=%22cb8e7082ef14ef6d4cf20e4f76efaf63%22 4x"},"classes":[]},{"id":36941,"url":"https:\/\/tinnunculus.sy-sy.cz\/index.php\/en\/online\/our-webcams\/camera-list\/camera-18\/18-kestrel-balcony\/","url_meta":{"origin":22147,"position":1},"title":"18 \u00a6 Kestrel balcony: perches","author":"Zuzana Syrov\u00e1 An\u00fd\u017eov\u00e1","date":"22\/07\/2024","format":false,"excerpt":"0\u00a6\u00a01\u00a6\u00a02\u00a6\u00a03\u00a6\u00a04\u00a6\u00a05\u00a6\u00a06\u00a6\u00a07\u00a6\u00a08\u00a6\u00a09\u00a6\u00a010\u00a6\u00a011\u00a6\u00a012\u00a6\u00a013\u00a6\u00a014\u00a6\u00a015\u00a6\u00a016\u00a6 18\u00a6 19\u00a6 20\u00a6","rel":"","context":"V \u201e\"Our\" kestrels\u201c","block_context":{"text":"\"Our\" kestrels","link":"https:\/\/tinnunculus.sy-sy.cz\/index.php\/en\/category\/tenants-and-visitors\/our-kestrels-en\/"},"img":{"alt_text":"","src":"","width":0,"height":0},"classes":[]},{"id":22492,"url":"https:\/\/tinnunculus.sy-sy.cz\/index.php\/en\/online\/our-webcams\/our-kestrels-webcams-perches\/","url_meta":{"origin":22147,"position":2},"title":"\u201cOur\u201d kestrels (web)cams: perches","author":"Zuzana Syrov\u00e1 An\u00fd\u017eov\u00e1","date":"08\/05\/2023","format":false,"excerpt":"\u00a0 You can scroll througit the of cameras. Click on the camera window to enlarge the preview. Click on its name to open the camera page. Camera groups: nest, perch, railing, outside the window, on the floor. You can also watch kestrels on the swift nestboxes. \u00a6 nest \u00a6 perches\u2026","rel":"","context":"V \u201e(Web) cameras\u201c","block_context":{"text":"(Web) cameras","link":"https:\/\/tinnunculus.sy-sy.cz\/index.php\/en\/category\/live-broadcast\/webcams\/"},"img":{"alt_text":"","src":"","width":0,"height":0},"classes":[]},{"id":22097,"url":"https:\/\/tinnunculus.sy-sy.cz\/index.php\/en\/online\/our-webcams\/camera-list\/camera-1\/1-kestrel-balcony\/","url_meta":{"origin":22147,"position":3},"title":"1 \u00a6 Kestrel balcony: nest","author":"Zuzana Syrov\u00e1 An\u00fd\u017eov\u00e1","date":"01\/05\/2023","format":false,"excerpt":"0\u00a6\u00a01\u00a6\u00a02\u00a6\u00a03\u00a6\u00a04\u00a6\u00a05\u00a6\u00a06\u00a6\u00a07\u00a6\u00a08\u00a6\u00a09\u00a6 12\u00a6\u00a013\u00a6\u00a014\u00a6\u00a015\u00a6\u00a016\u00a6\u00a017\u00a6\u00a018\u00a6\u00a019\u00a6\u00a020\u00a6 \u00a0","rel":"","context":"V \u201e\"Our\" kestrels\u201c","block_context":{"text":"\"Our\" kestrels","link":"https:\/\/tinnunculus.sy-sy.cz\/index.php\/en\/category\/tenants-and-visitors\/our-kestrels-en\/"},"img":{"alt_text":"Camera 1","src":"https:\/\/sy-sy.cz\/cam\/webapi\/entry.cgi?api=SYNO.SurveillanceStation.Stream.VideoStreaming&version=1&method=Stream&format=mjpeg&cameraId=2&StmKey=%229853f85e3f00a090389e5f3da7058a2c%22","width":350,"height":200,"srcset":"https:\/\/sy-sy.cz\/cam\/webapi\/entry.cgi?api=SYNO.SurveillanceStation.Stream.VideoStreaming&version=1&method=Stream&format=mjpeg&cameraId=2&StmKey=%229853f85e3f00a090389e5f3da7058a2c%22 1x, https:\/\/sy-sy.cz\/cam\/webapi\/entry.cgi?api=SYNO.SurveillanceStation.Stream.VideoStreaming&version=1&method=Stream&format=mjpeg&cameraId=2&StmKey=%229853f85e3f00a090389e5f3da7058a2c%22 1.5x, https:\/\/sy-sy.cz\/cam\/webapi\/entry.cgi?api=SYNO.SurveillanceStation.Stream.VideoStreaming&version=1&method=Stream&format=mjpeg&cameraId=2&StmKey=%229853f85e3f00a090389e5f3da7058a2c%22 2x, https:\/\/sy-sy.cz\/cam\/webapi\/entry.cgi?api=SYNO.SurveillanceStation.Stream.VideoStreaming&version=1&method=Stream&format=mjpeg&cameraId=2&StmKey=%229853f85e3f00a090389e5f3da7058a2c%22 3x, https:\/\/sy-sy.cz\/cam\/webapi\/entry.cgi?api=SYNO.SurveillanceStation.Stream.VideoStreaming&version=1&method=Stream&format=mjpeg&cameraId=2&StmKey=%229853f85e3f00a090389e5f3da7058a2c%22 4x"},"classes":[]},{"id":22137,"url":"https:\/\/tinnunculus.sy-sy.cz\/index.php\/en\/online\/our-webcams\/camera-list\/camera-3\/3-kestrel-balcony\/","url_meta":{"origin":22147,"position":4},"title":"3 \u00a6 Kestrel balcony: nest","author":"Zuzana Syrov\u00e1 An\u00fd\u017eov\u00e1","date":"02\/05\/2023","format":false,"excerpt":"0\u00a6\u00a01\u00a6\u00a02\u00a6 4\u00a6\u00a05\u00a6\u00a06\u00a6\u00a07\u00a6\u00a08\u00a6\u00a09\u00a6\u00a010\u00a6\u00a011\u00a6\u00a012\u00a6\u00a013\u00a6\u00a014\u00a6\u00a015\u00a6\u00a016\u00a6\u00a017\u00a6\u00a018\u00a6 19\u00a6 20\u00a6 \u00a0 \u00a0","rel":"","context":"V \u201e\"Our\" kestrels\u201c","block_context":{"text":"\"Our\" kestrels","link":"https:\/\/tinnunculus.sy-sy.cz\/index.php\/en\/category\/tenants-and-visitors\/our-kestrels-en\/"},"img":{"alt_text":"Camera 3","src":"https:\/\/sy-sy.cz\/cam\/webapi\/entry.cgi?api=SYNO.SurveillanceStation.Stream.VideoStreaming&version=1&method=Stream&format=mjpeg&cameraId=4&StmKey=%22c121d3d1dd74fd4fe0a1e91b529d86a6%22","width":350,"height":200,"srcset":"https:\/\/sy-sy.cz\/cam\/webapi\/entry.cgi?api=SYNO.SurveillanceStation.Stream.VideoStreaming&version=1&method=Stream&format=mjpeg&cameraId=4&StmKey=%22c121d3d1dd74fd4fe0a1e91b529d86a6%22 1x, https:\/\/sy-sy.cz\/cam\/webapi\/entry.cgi?api=SYNO.SurveillanceStation.Stream.VideoStreaming&version=1&method=Stream&format=mjpeg&cameraId=4&StmKey=%22c121d3d1dd74fd4fe0a1e91b529d86a6%22 1.5x"},"classes":[]},{"id":22488,"url":"https:\/\/tinnunculus.sy-sy.cz\/index.php\/en\/online\/our-webcams\/our-kestrels-webcams-nest\/","url_meta":{"origin":22147,"position":5},"title":"\u201cOur\u201d kestrels (web)cams: nest","author":"Zuzana Syrov\u00e1 An\u00fd\u017eov\u00e1","date":"08\/05\/2023","format":false,"excerpt":"\u00a0 You can scroll througit the of cameras. Click on the camera window to enlarge the preview. Click on its name to open the camera page. Camera groups: nest, perches, railing, outside the window, on the floor. You can also watch kestrels on the swift nestboxes. \u00a6 nest \u00a6 perches\u2026","rel":"","context":"V \u201e(Web) cameras\u201c","block_context":{"text":"(Web) cameras","link":"https:\/\/tinnunculus.sy-sy.cz\/index.php\/en\/category\/live-broadcast\/webcams\/"},"img":{"alt_text":"","src":"","width":0,"height":0},"classes":[]}],"jetpack_sharing_enabled":true,"_links":{"self":[{"href":"https:\/\/tinnunculus.sy-sy.cz\/index.php\/wp-json\/wp\/v2\/pages\/22147","targetHints":{"allow":["GET"]}}],"collection":[{"href":"https:\/\/tinnunculus.sy-sy.cz\/index.php\/wp-json\/wp\/v2\/pages"}],"about":[{"href":"https:\/\/tinnunculus.sy-sy.cz\/index.php\/wp-json\/wp\/v2\/types\/page"}],"author":[{"embeddable":true,"href":"https:\/\/tinnunculus.sy-sy.cz\/index.php\/wp-json\/wp\/v2\/users\/2"}],"replies":[{"embeddable":true,"href":"https:\/\/tinnunculus.sy-sy.cz\/index.php\/wp-json\/wp\/v2\/comments?post=22147"}],"version-history":[{"count":3,"href":"https:\/\/tinnunculus.sy-sy.cz\/index.php\/wp-json\/wp\/v2\/pages\/22147\/revisions"}],"predecessor-version":[{"id":36857,"href":"https:\/\/tinnunculus.sy-sy.cz\/index.php\/wp-json\/wp\/v2\/pages\/22147\/revisions\/36857"}],"up":[{"embeddable":true,"href":"https:\/\/tinnunculus.sy-sy.cz\/index.php\/wp-json\/wp\/v2\/pages\/19608"}],"wp:attachment":[{"href":"https:\/\/tinnunculus.sy-sy.cz\/index.php\/wp-json\/wp\/v2\/media?parent=22147"}],"wp:term":[{"taxonomy":"category","embeddable":true,"href":"https:\/\/tinnunculus.sy-sy.cz\/index.php\/wp-json\/wp\/v2\/categories?post=22147"},{"taxonomy":"post_tag","embeddable":true,"href":"https:\/\/tinnunculus.sy-sy.cz\/index.php\/wp-json\/wp\/v2\/tags?post=22147"}],"curies":[{"name":"wp","href":"https:\/\/api.w.org\/{rel}","templated":true}]}}