{"id":22097,"date":"2023-05-01T12:47:43","date_gmt":"2023-05-01T10:47:43","guid":{"rendered":"https:\/\/tinnunculus.sy-sy.cz\/?page_id=22097"},"modified":"2026-03-22T23:06:39","modified_gmt":"2026-03-22T22:06:39","slug":"1-kestrel-balcony","status":"publish","type":"page","link":"https:\/\/tinnunculus.sy-sy.cz\/index.php\/en\/online\/our-webcams\/camera-list\/camera-1\/1-kestrel-balcony\/","title":{"rendered":"1 \u00a6 Kestrel balcony: nest"},"content":{"rendered":"<h5 id=\"anchor-65e330692c4ec\"><a href=\"https:\/\/sy-sy.cz\/cam\/webapi\/entry.cgi?api=SYNO.SurveillanceStation.Stream.VideoStreaming&amp;version=1&amp;method=Stream&amp;format=mjpeg&amp;cameraId=2&amp;StmKey=%229853f85e3f00a090389e5f3da7058a2c%22\" target=\"_blank\" rel=\"noopener\"><img loading=\"lazy\" decoding=\"async\" class=\"alignnone\" src=\"https:\/\/sy-sy.cz\/cam\/webapi\/entry.cgi?api=SYNO.SurveillanceStation.Stream.VideoStreaming&amp;version=1&amp;method=Stream&amp;format=mjpeg&amp;cameraId=2&amp;StmKey=%229853f85e3f00a090389e5f3da7058a2c%22\" alt=\"Camera 1\" width=\"1920\" height=\"1080\" \/><\/a><\/h5>\n<h5 style=\"text-align: right;\"><a href=\"https:\/\/tinnunculus.sy-sy.cz\/index.php\/en\/our-webcams\/camera-0\/\">0<\/a>\u00a6\u00a0<a href=\"https:\/\/tinnunculus.sy-sy.cz\/index.php\/en\/our-webcams\/camera-1\/\">1<\/a>\u00a6\u00a0<a href=\"https:\/\/tinnunculus.sy-sy.cz\/index.php\/en\/our-webcams\/camera-2\/\">2<\/a>\u00a6\u00a0<a href=\"https:\/\/tinnunculus.sy-sy.cz\/index.php\/en\/our-webcams\/camera-3\/\">3<\/a>\u00a6\u00a0<a href=\"https:\/\/tinnunculus.sy-sy.cz\/index.php\/en\/our-webcams\/camera-4\/\">4<\/a>\u00a6\u00a0<a href=\"https:\/\/tinnunculus.sy-sy.cz\/index.php\/en\/our-webcams\/camera-5\/\">5<\/a>\u00a6\u00a0<a href=\"https:\/\/tinnunculus.sy-sy.cz\/index.php\/en\/our-webcams\/camera-6\/\">6<\/a>\u00a6\u00a0<a href=\"https:\/\/tinnunculus.sy-sy.cz\/index.php\/en\/our-webcams\/camera-7\/\">7<\/a>\u00a6\u00a0<a href=\"https:\/\/tinnunculus.sy-sy.cz\/index.php\/en\/our-webcams\/camera-8\/\">8<\/a>\u00a6\u00a0<a href=\"https:\/\/tinnunculus.sy-sy.cz\/index.php\/en\/our-webcams\/camera-9\/\">9<\/a>\u00a6 <a href=\"https:\/\/tinnunculus.sy-sy.cz\/index.php\/en\/our-webcams\/camera-12\/\">12<\/a>\u00a6\u00a0<a href=\"https:\/\/tinnunculus.sy-sy.cz\/index.php\/en\/our-webcams\/camera-13\/\">13<\/a>\u00a6\u00a0<a href=\"https:\/\/tinnunculus.sy-sy.cz\/index.php\/en\/our-webcams\/camera-14\/\">14<\/a>\u00a6\u00a0<a href=\"https:\/\/tinnunculus.sy-sy.cz\/index.php\/en\/our-webcams\/camera-15\/\">15<\/a>\u00a6\u00a0<a href=\"https:\/\/tinnunculus.sy-sy.cz\/index.php\/en\/our-webcams\/camera-16\/\">16<\/a>\u00a6\u00a0<a href=\"https:\/\/tinnunculus.sy-sy.cz\/index.php\/en\/our-webcams\/camera-17\/\">17<\/a>\u00a6\u00a0<a href=\"https:\/\/tinnunculus.sy-sy.cz\/index.php\/en\/our-webcams\/camera-18\/\">18<\/a>\u00a6\u00a0<a href=\"https:\/\/tinnunculus.sy-sy.cz\/index.php\/en\/our-webcams\/camera-19\/\">19<\/a>\u00a6\u00a0<a href=\"https:\/\/tinnunculus.sy-sy.cz\/index.php\/en\/our-webcams\/camera-20\/\">20<\/a>\u00a6<\/h5>\n<p>&nbsp;<\/p>\n","protected":false},"excerpt":{"rendered":"<p>0\u00a6\u00a01\u00a6\u00a02\u00a6\u00a03\u00a6\u00a04\u00a6\u00a05\u00a6\u00a06\u00a6\u00a07\u00a6\u00a08\u00a6\u00a09\u00a6 12\u00a6\u00a013\u00a6\u00a014\u00a6\u00a015\u00a6\u00a016\u00a6\u00a017\u00a6\u00a018\u00a6\u00a019\u00a6\u00a020\u00a6 &nbsp;<\/p>\n","protected":false},"author":2,"featured_media":0,"parent":19587,"menu_order":0,"comment_status":"closed","ping_status":"closed","template":"","meta":{"jetpack_post_was_ever_published":false,"footnotes":""},"categories":[1127,1163,1159,1187,1151],"tags":[1304,1316,1324,1340],"class_list":["post-22097","page","type-page","status-publish","hentry","category-our-kestrels-en","category-webcams","category-live-broadcast","category-online-from-our-balcony","category-tenants-and-visitors","tag-web-camera","tag-nest","tag-perches","tag-railing"],"jetpack_shortlink":"https:\/\/wp.me\/P91gKE-5Kp","jetpack-related-posts":[{"id":22275,"url":"https:\/\/tinnunculus.sy-sy.cz\/index.php\/en\/online\/our-webcams\/camera-list\/camera-15\/15-kestrel-balcony\/","url_meta":{"origin":22097,"position":0},"title":"15 \u00a6 Kestrel balcony: nest","author":"Zuzana Syrov\u00e1 An\u00fd\u017eov\u00e1","date":"04\/05\/2023","format":false,"excerpt":"0\u00a6\u00a01\u00a6\u00a02\u00a6\u00a03\u00a6\u00a04\u00a6\u00a05\u00a6\u00a06\u00a6\u00a07\u00a6\u00a08\u00a6\u00a09\u00a6\u00a010\u00a6\u00a011\u00a6\u00a012\u00a6\u00a013\u00a6\u00a014\u00a6 16\u00a6\u00a017\u00a6\u00a018\u00a6 19\u00a6 20\u00a6 \u00a0","rel":"","context":"V \u201e\"Our\" kestrels\u201c","block_context":{"text":"\"Our\" kestrels","link":"https:\/\/tinnunculus.sy-sy.cz\/index.php\/en\/category\/tenants-and-visitors\/our-kestrels-en\/"},"img":{"alt_text":"Camera 4","src":"https:\/\/sy-sy.cz\/cam\/webapi\/entry.cgi?api=SYNO.SurveillanceStation.Stream.VideoStreaming&version=1&method=Stream&format=mjpeg&cameraId=58&StmKey=%223d914cad5671918048a25b0c24d71d73%22","width":350,"height":200,"srcset":"https:\/\/sy-sy.cz\/cam\/webapi\/entry.cgi?api=SYNO.SurveillanceStation.Stream.VideoStreaming&version=1&method=Stream&format=mjpeg&cameraId=58&StmKey=%223d914cad5671918048a25b0c24d71d73%22 1x, https:\/\/sy-sy.cz\/cam\/webapi\/entry.cgi?api=SYNO.SurveillanceStation.Stream.VideoStreaming&version=1&method=Stream&format=mjpeg&cameraId=58&StmKey=%223d914cad5671918048a25b0c24d71d73%22 1.5x"},"classes":[]},{"id":22111,"url":"https:\/\/tinnunculus.sy-sy.cz\/index.php\/en\/online\/our-webcams\/camera-list\/camera-2\/2-kestrel-balcony\/","url_meta":{"origin":22097,"position":1},"title":"2 \u00a6 Kestrel balcony: nest","author":"Zuzana Syrov\u00e1 An\u00fd\u017eov\u00e1","date":"02\/05\/2023","format":false,"excerpt":"0\u00a6\u00a01\u00a6 3\u00a6\u00a04\u00a6\u00a05\u00a6\u00a06\u00a6\u00a07\u00a6\u00a08\u00a6\u00a09\u00a6\u00a010\u00a6\u00a011\u00a6\u00a012\u00a6\u00a013\u00a6\u00a014\u00a6\u00a015\u00a6\u00a016\u00a6\u00a017\u00a6\u00a018\u00a6 19\u00a6 20\u00a6 \u00a0","rel":"","context":"V \u201e\"Our\" kestrels\u201c","block_context":{"text":"\"Our\" kestrels","link":"https:\/\/tinnunculus.sy-sy.cz\/index.php\/en\/category\/tenants-and-visitors\/our-kestrels-en\/"},"img":{"alt_text":"Camera 2","src":"https:\/\/sy-sy.cz\/cam\/webapi\/entry.cgi?api=SYNO.SurveillanceStation.Stream.VideoStreaming&version=1&method=Stream&format=mjpeg&cameraId=12&StmKey=%22a31532108ca64d6a5e841a465e3bf01d%22","width":350,"height":200,"srcset":"https:\/\/sy-sy.cz\/cam\/webapi\/entry.cgi?api=SYNO.SurveillanceStation.Stream.VideoStreaming&version=1&method=Stream&format=mjpeg&cameraId=12&StmKey=%22a31532108ca64d6a5e841a465e3bf01d%22 1x, https:\/\/sy-sy.cz\/cam\/webapi\/entry.cgi?api=SYNO.SurveillanceStation.Stream.VideoStreaming&version=1&method=Stream&format=mjpeg&cameraId=12&StmKey=%22a31532108ca64d6a5e841a465e3bf01d%22 1.5x, https:\/\/sy-sy.cz\/cam\/webapi\/entry.cgi?api=SYNO.SurveillanceStation.Stream.VideoStreaming&version=1&method=Stream&format=mjpeg&cameraId=12&StmKey=%22a31532108ca64d6a5e841a465e3bf01d%22 2x, https:\/\/sy-sy.cz\/cam\/webapi\/entry.cgi?api=SYNO.SurveillanceStation.Stream.VideoStreaming&version=1&method=Stream&format=mjpeg&cameraId=12&StmKey=%22a31532108ca64d6a5e841a465e3bf01d%22 3x"},"classes":[]},{"id":22137,"url":"https:\/\/tinnunculus.sy-sy.cz\/index.php\/en\/online\/our-webcams\/camera-list\/camera-3\/3-kestrel-balcony\/","url_meta":{"origin":22097,"position":2},"title":"3 \u00a6 Kestrel balcony: nest","author":"Zuzana Syrov\u00e1 An\u00fd\u017eov\u00e1","date":"02\/05\/2023","format":false,"excerpt":"0\u00a6\u00a01\u00a6\u00a02\u00a6 4\u00a6\u00a05\u00a6\u00a06\u00a6\u00a07\u00a6\u00a08\u00a6\u00a09\u00a6\u00a010\u00a6\u00a011\u00a6\u00a012\u00a6\u00a013\u00a6\u00a014\u00a6\u00a015\u00a6\u00a016\u00a6\u00a017\u00a6\u00a018\u00a6 19\u00a6 20\u00a6 \u00a0 \u00a0","rel":"","context":"V \u201e\"Our\" kestrels\u201c","block_context":{"text":"\"Our\" kestrels","link":"https:\/\/tinnunculus.sy-sy.cz\/index.php\/en\/category\/tenants-and-visitors\/our-kestrels-en\/"},"img":{"alt_text":"Camera 3","src":"https:\/\/sy-sy.cz\/cam\/webapi\/entry.cgi?api=SYNO.SurveillanceStation.Stream.VideoStreaming&version=1&method=Stream&format=mjpeg&cameraId=4&StmKey=%22c121d3d1dd74fd4fe0a1e91b529d86a6%22","width":350,"height":200,"srcset":"https:\/\/sy-sy.cz\/cam\/webapi\/entry.cgi?api=SYNO.SurveillanceStation.Stream.VideoStreaming&version=1&method=Stream&format=mjpeg&cameraId=4&StmKey=%22c121d3d1dd74fd4fe0a1e91b529d86a6%22 1x, https:\/\/sy-sy.cz\/cam\/webapi\/entry.cgi?api=SYNO.SurveillanceStation.Stream.VideoStreaming&version=1&method=Stream&format=mjpeg&cameraId=4&StmKey=%22c121d3d1dd74fd4fe0a1e91b529d86a6%22 1.5x"},"classes":[]},{"id":22256,"url":"https:\/\/tinnunculus.sy-sy.cz\/index.php\/en\/online\/our-webcams\/camera-list\/camera-12\/12-kestrel-balcony\/","url_meta":{"origin":22097,"position":3},"title":"12 \u00a6 Kestrel balcony: nest","author":"Zuzana Syrov\u00e1 An\u00fd\u017eov\u00e1","date":"04\/05\/2023","format":false,"excerpt":"0\u00a6\u00a01\u00a6\u00a02\u00a6\u00a03\u00a6\u00a04\u00a6\u00a05\u00a6\u00a06\u00a6\u00a07\u00a6\u00a08\u00a6\u00a09\u00a6\u00a010\u00a6\u00a011\u00a6 13\u00a6\u00a014\u00a6\u00a015\u00a6\u00a016\u00a6\u00a017\u00a6\u00a018\u00a6 19\u00a6 20\u00a6 \u00a0","rel":"","context":"V \u201e\"Our\" kestrels\u201c","block_context":{"text":"\"Our\" kestrels","link":"https:\/\/tinnunculus.sy-sy.cz\/index.php\/en\/category\/tenants-and-visitors\/our-kestrels-en\/"},"img":{"alt_text":"Camera 12","src":"https:\/\/sy-sy.cz\/cam\/webapi\/entry.cgi?api=SYNO.SurveillanceStation.Stream.VideoStreaming&version=1&method=Stream&format=mjpeg&cameraId=7&StmKey=%2203cf607cfd2e074d3c498f30a9aedcda%22","width":350,"height":200,"srcset":"https:\/\/sy-sy.cz\/cam\/webapi\/entry.cgi?api=SYNO.SurveillanceStation.Stream.VideoStreaming&version=1&method=Stream&format=mjpeg&cameraId=7&StmKey=%2203cf607cfd2e074d3c498f30a9aedcda%22 1x, https:\/\/sy-sy.cz\/cam\/webapi\/entry.cgi?api=SYNO.SurveillanceStation.Stream.VideoStreaming&version=1&method=Stream&format=mjpeg&cameraId=7&StmKey=%2203cf607cfd2e074d3c498f30a9aedcda%22 1.5x, https:\/\/sy-sy.cz\/cam\/webapi\/entry.cgi?api=SYNO.SurveillanceStation.Stream.VideoStreaming&version=1&method=Stream&format=mjpeg&cameraId=7&StmKey=%2203cf607cfd2e074d3c498f30a9aedcda%22 2x, https:\/\/sy-sy.cz\/cam\/webapi\/entry.cgi?api=SYNO.SurveillanceStation.Stream.VideoStreaming&version=1&method=Stream&format=mjpeg&cameraId=7&StmKey=%2203cf607cfd2e074d3c498f30a9aedcda%22 3x"},"classes":[]},{"id":22264,"url":"https:\/\/tinnunculus.sy-sy.cz\/index.php\/en\/online\/our-webcams\/camera-list\/camera-13\/13-kestrel-balcony\/","url_meta":{"origin":22097,"position":4},"title":"13 \u00a6 Kestrel balcony: nest","author":"Zuzana Syrov\u00e1 An\u00fd\u017eov\u00e1","date":"04\/05\/2023","format":false,"excerpt":"0\u00a6\u00a01\u00a6\u00a02\u00a6\u00a03\u00a6\u00a04\u00a6\u00a05\u00a6\u00a06\u00a6\u00a07\u00a6\u00a08\u00a6\u00a09\u00a6\u00a010\u00a6\u00a011\u00a6\u00a012\u00a6 14\u00a6\u00a015\u00a6\u00a016\u00a6\u00a017\u00a6\u00a018\u00a6 19\u00a6 20\u00a6 \u00a0 \u00a0","rel":"","context":"V \u201e\"Our\" kestrels\u201c","block_context":{"text":"\"Our\" kestrels","link":"https:\/\/tinnunculus.sy-sy.cz\/index.php\/en\/category\/tenants-and-visitors\/our-kestrels-en\/"},"img":{"alt_text":"Camera 13","src":"https:\/\/sy-sy.cz\/cam\/webapi\/entry.cgi?api=SYNO.SurveillanceStation.Stream.VideoStreaming&version=1&method=Stream&format=mjpeg&cameraId=10&StmKey=%22f56c2bb421c4a435d0ce7ee464957eac%22","width":350,"height":200,"srcset":"https:\/\/sy-sy.cz\/cam\/webapi\/entry.cgi?api=SYNO.SurveillanceStation.Stream.VideoStreaming&version=1&method=Stream&format=mjpeg&cameraId=10&StmKey=%22f56c2bb421c4a435d0ce7ee464957eac%22 1x, https:\/\/sy-sy.cz\/cam\/webapi\/entry.cgi?api=SYNO.SurveillanceStation.Stream.VideoStreaming&version=1&method=Stream&format=mjpeg&cameraId=10&StmKey=%22f56c2bb421c4a435d0ce7ee464957eac%22 1.5x, https:\/\/sy-sy.cz\/cam\/webapi\/entry.cgi?api=SYNO.SurveillanceStation.Stream.VideoStreaming&version=1&method=Stream&format=mjpeg&cameraId=10&StmKey=%22f56c2bb421c4a435d0ce7ee464957eac%22 2x, https:\/\/sy-sy.cz\/cam\/webapi\/entry.cgi?api=SYNO.SurveillanceStation.Stream.VideoStreaming&version=1&method=Stream&format=mjpeg&cameraId=10&StmKey=%22f56c2bb421c4a435d0ce7ee464957eac%22 3x"},"classes":[]},{"id":5970,"url":"https:\/\/tinnunculus.sy-sy.cz\/index.php\/en\/online\/our-webcams\/","url_meta":{"origin":22097,"position":5},"title":"Our webcams","author":"Zuzana Syrov\u00e1 An\u00fd\u017eov\u00e1","date":"29\/07\/2018","format":false,"excerpt":"0\u00a6\u00a01\u00a6\u00a02\u00a6\u00a03\u00a6\u00a04\u00a6\u00a05\u00a6\u00a06\u00a6\u00a07\u00a6\u00a08\u00a6\u00a09\u00a612\u00a6\u00a013\u00a6\u00a014\u00a6\u00a015\u00a6\u00a016\u00a6\u00a017\u00a6\u00a018\u00a6\u00a019\u00a6\u00a020\u00a6 10\u00a6\u00a0 11\u00a6 21\u00a6 \u2190\u00a0Camera list Part of the balcony near the door with the new nest \u2013 AXIS M1135 (1) New nest \u00a6 Perches above the new nest \u00a6 Swift nest boxes \u2013 AXIS M2014-E (1) Perches above the new nest \u2013 AXIS M1125 (1) Perches above the old\u2026","rel":"","context":"V \u201e(Web) cameras\u201c","block_context":{"text":"(Web) cameras","link":"https:\/\/tinnunculus.sy-sy.cz\/index.php\/en\/category\/live-broadcast\/webcams\/"},"img":{"alt_text":"","src":"https:\/\/i0.wp.com\/tinnunculus.sy-sy.cz\/wp-content\/uploads\/2021\/05\/youtube-1718976_960_720-300x300.png?resize=350%2C200&ssl=1","width":350,"height":200},"classes":[]}],"jetpack_sharing_enabled":true,"_links":{"self":[{"href":"https:\/\/tinnunculus.sy-sy.cz\/index.php\/wp-json\/wp\/v2\/pages\/22097","targetHints":{"allow":["GET"]}}],"collection":[{"href":"https:\/\/tinnunculus.sy-sy.cz\/index.php\/wp-json\/wp\/v2\/pages"}],"about":[{"href":"https:\/\/tinnunculus.sy-sy.cz\/index.php\/wp-json\/wp\/v2\/types\/page"}],"author":[{"embeddable":true,"href":"https:\/\/tinnunculus.sy-sy.cz\/index.php\/wp-json\/wp\/v2\/users\/2"}],"replies":[{"embeddable":true,"href":"https:\/\/tinnunculus.sy-sy.cz\/index.php\/wp-json\/wp\/v2\/comments?post=22097"}],"version-history":[{"count":5,"href":"https:\/\/tinnunculus.sy-sy.cz\/index.php\/wp-json\/wp\/v2\/pages\/22097\/revisions"}],"predecessor-version":[{"id":47341,"href":"https:\/\/tinnunculus.sy-sy.cz\/index.php\/wp-json\/wp\/v2\/pages\/22097\/revisions\/47341"}],"up":[{"embeddable":true,"href":"https:\/\/tinnunculus.sy-sy.cz\/index.php\/wp-json\/wp\/v2\/pages\/19587"}],"wp:attachment":[{"href":"https:\/\/tinnunculus.sy-sy.cz\/index.php\/wp-json\/wp\/v2\/media?parent=22097"}],"wp:term":[{"taxonomy":"category","embeddable":true,"href":"https:\/\/tinnunculus.sy-sy.cz\/index.php\/wp-json\/wp\/v2\/categories?post=22097"},{"taxonomy":"post_tag","embeddable":true,"href":"https:\/\/tinnunculus.sy-sy.cz\/index.php\/wp-json\/wp\/v2\/tags?post=22097"}],"curies":[{"name":"wp","href":"https:\/\/api.w.org\/{rel}","templated":true}]}}