{"id":21255,"date":"2023-04-02T23:09:28","date_gmt":"2023-04-02T21:09:28","guid":{"rendered":"https:\/\/tinnunculus.sy-sy.cz\/?page_id=21255"},"modified":"2026-03-31T21:07:56","modified_gmt":"2026-03-31T19:07:56","slug":"youtube-en-direct","status":"publish","type":"page","link":"https:\/\/tinnunculus.sy-sy.cz\/index.php\/fr\/nos-crecerelles-online\/youtube-en-direct\/","title":{"rendered":"YouTube en direct"},"content":{"rendered":"<h5><iframe style=\"border: none; overflow: hidden; width: 560px; height: 315px;\" src=\"https:\/\/camstreamer.com\/embed\/bi64DRfH1aGkwv02t1xnphJtChrJlcczk45i4sWp\" allowfullscreen=\"allowfullscreen\" data-mce-fragment=\"1\"><\/iframe><\/h5>\n<h5>Actuellement en direct:<\/h5>\n<ul>\n<li><a href=\"https:\/\/tinnunculus.sy-sy.cz\/index.php\/fr\/nos-crecerelles-online\/youtube-en-direct\/falco-tinnunculus-brunensis\/\">Falco tinnunculus brunensis 1 \u2192<\/a><\/li>\n<li><a href=\"https:\/\/tinnunculus.sy-sy.cz\/index.php\/fr\/nos-crecerelles-online\/youtube-en-direct\/falco-tinnunculus-brunensis-2\/\" target=\"_blank\" rel=\"noopener\">Falco tinnunculus brunensis 2 \u2192<\/a><\/li>\n<li><a href=\"https:\/\/tinnunculus.sy-sy.cz\/index.php\/fr\/nos-crecerelles-online\/youtube-en-direct\/apus-apus-brunensis\/\">Apus apus brunensis \u2192<\/a><\/li>\n<\/ul>\n<h5 id=\"permalinks:\">Permalinks:<\/h5>\n<ul>\n<li><a href=\"https:\/\/camstreamer.com\/redirect\/A7NqLLFPJXtvFYnNq0lyj4NzktH1FZof7pI4eqpY\" target=\"_blank\" rel=\"noopener\">https:\/\/camstreamer.com\/redirect\/A7NqLLFPJXtvFYnNq0lyj4NzktH1FZof7pI4eqpY<\/a><\/li>\n<li><a href=\"https:\/\/camstreamer.com\/redirect\/5VlgU1vAmpgM7ORmXjOdcmdzxzEbkX7sJ2IhxQRB\" target=\"_blank\" rel=\"noopener\">https:\/\/camstreamer.com\/redirect\/5VlgU1vAmpgM7ORmXjOdcmdzxzEbkX7sJ2IhxQRB<\/a><\/li>\n<li><a href=\"https:\/\/camstreamer.com\/redirect\/qp2VoL6U8vNXAWmqPu8ETq3oaYV6YzYztbu34cMx\" target=\"_blank\" rel=\"noopener\">https:\/\/camstreamer.com\/redirect\/qp2VoL6U8vNXAWmqPu8ETq3oaYV6YzYztbu34cMx<\/a><\/li>\n<li><a href=\"https:\/\/camstreamer.com\/redirect\/XAP6hVk7bKHeT8TQs5rBZb5jV78QywJIVkQS5Lqy\" target=\"_blank\" rel=\"noopener\">https:\/\/camstreamer.com\/redirect\/XAP6hVk7bKHeT8TQs5rBZb5jV78QywJIVkQS5Lqy<\/a><\/li>\n<li><a href=\"https:\/\/camstreamer.com\/redirect\/aQ5q2ii4Y7Fnl8YL00vOwCnqJTWmITdUXETNJJ4J\" target=\"_blank\" rel=\"noopener\">https:\/\/camstreamer.com\/redirect\/aQ5q2ii4Y7Fnl8YL00vOwCnqJTWmITdUXETNJJ4J<\/a><\/li>\n<li><a href=\"https:\/\/camstreamer.com\/redirect\/86o0gPUVvKlp0Z1n2hrui3NHx2D9RVGzrbFYqPHE\" target=\"_blank\" rel=\"noopener\">https:\/\/camstreamer.com\/redirect\/86o0gPUVvKlp0Z1n2hrui3NHx2D9RVGzrbFYqPHE<\/a><\/li>\n<li><a href=\"https:\/\/camstreamer.com\/redirect\/YprDdaZ6MpC5b4EHoLae835OrfMqeQbmimRKSspC\" target=\"_blank\" rel=\"noopener\">https:\/\/camstreamer.com\/redirect\/YprDdaZ6MpC5b4EHoLae835OrfMqeQbmimRKSspC<\/a><\/li>\n<li><span style=\"color: #b6b699;\"><a style=\"color: #b6b699;\" href=\"https:\/\/youtube.com\/channel\/UCx1tb6S-HFz_XUyk2bGxavw\/live\" target=\"_blank\" rel=\"noopener\">https:\/\/youtube.com\/channel\/UCx1tb6S-HFz_XUyk2bGxavw\/live<\/a><\/span><\/li>\n<li><span style=\"color: #b6b699;\"><a style=\"color: #b6b699;\" href=\"https:\/\/youtube.com\/channel\/UCn2Pab5nlUR3-bwZhUKdDSw\/live\" target=\"_blank\" rel=\"noopener\">https:\/\/youtube.com\/channel\/UCn2Pab5nlUR3-bwZhUKdDSw\/live<\/a><\/span><\/li>\n<\/ul>\n<h5><a href=\"https:\/\/tinnunculus.sy-sy.cz\/index.php\/fr\/nos-crecerelles-online\/youtube-en-direct\/falco-tinnunculus-brunensis\/\">FALCO TINNUNCULUS BRUNENSIS<\/a> \u2194 <a href=\"https:\/\/tinnunculus.sy-sy.cz\/index.php\/apus-apus-brunensis\/\" target=\"_blank\" rel=\"noopener\">APUS APUS BRUNENSIS<\/a><\/h5>\n","protected":false},"excerpt":{"rendered":"<p>Actuellement en direct: Falco tinnunculus brunensis 1 \u2192 Falco tinnunculus brunensis 2 \u2192 Apus apus brunensis \u2192 Permalinks: https:\/\/camstreamer.com\/redirect\/A7NqLLFPJXtvFYnNq0lyj4NzktH1FZof7pI4eqpY https:\/\/camstreamer.com\/redirect\/5VlgU1vAmpgM7ORmXjOdcmdzxzEbkX7sJ2IhxQRB https:\/\/camstreamer.com\/redirect\/qp2VoL6U8vNXAWmqPu8ETq3oaYV6YzYztbu34cMx https:\/\/camstreamer.com\/redirect\/XAP6hVk7bKHeT8TQs5rBZb5jV78QywJIVkQS5Lqy https:\/\/camstreamer.com\/redirect\/aQ5q2ii4Y7Fnl8YL00vOwCnqJTWmITdUXETNJJ4J https:\/\/camstreamer.com\/redirect\/86o0gPUVvKlp0Z1n2hrui3NHx2D9RVGzrbFYqPHE https:\/\/camstreamer.com\/redirect\/YprDdaZ6MpC5b4EHoLae835OrfMqeQbmimRKSspC https:\/\/youtube.com\/channel\/UCx1tb6S-HFz_XUyk2bGxavw\/live https:\/\/youtube.com\/channel\/UCn2Pab5nlUR3-bwZhUKdDSw\/live FALCO TINNUNCULUS BRUNENSIS \u2194 APUS APUS BRUNENSIS<\/p>\n","protected":false},"author":2,"featured_media":0,"parent":9947,"menu_order":2,"comment_status":"closed","ping_status":"closed","template":"","meta":{"jetpack_post_was_ever_published":false,"footnotes":""},"categories":[],"tags":[],"class_list":["post-21255","page","type-page","status-publish","hentry"],"jetpack_shortlink":"https:\/\/wp.me\/P91gKE-5wP","jetpack-related-posts":[{"id":46726,"url":"https:\/\/tinnunculus.sy-sy.cz\/index.php\/fr\/nos-crecerelles-online\/youtube-en-direct\/apus-apus-brunensis\/","url_meta":{"origin":21255,"position":0},"title":"Apus apus brunensis","author":"Zuzana Syrov\u00e1 An\u00fd\u017eov\u00e1","date":"12\/03\/2026","format":false,"excerpt":"Permalinks: https:\/\/camstreamer.com\/redirect\/aQ5q2ii4Y7Fnl8YL00vOwCnqJTWmITdUXETNJJ4J https:\/\/camstreamer.com\/redirect\/86o0gPUVvKlp0Z1n2hrui3NHx2D9RVGzrbFYqPHE FALCO TINNUNCULUS BRUNENSIS \u2194 APUS APUS BRUNENSIS","rel":"","context":"Podobn\u00fd p\u0159\u00edsp\u011bvek","block_context":{"text":"Podobn\u00fd p\u0159\u00edsp\u011bvek","link":""},"img":{"alt_text":"","src":"","width":0,"height":0},"classes":[]},{"id":46732,"url":"https:\/\/tinnunculus.sy-sy.cz\/index.php\/fr\/nos-crecerelles-online\/youtube-en-direct\/falco-tinnunculus-brunensis\/","url_meta":{"origin":21255,"position":1},"title":"Falco tinnunculus brunensis 1","author":"Zuzana Syrov\u00e1 An\u00fd\u017eov\u00e1","date":"12\/03\/2026","format":false,"excerpt":"Permalinks: https:\/\/camstreamer.com\/redirect\/A7NqLLFPJXtvFYnNq0lyj4NzktH1FZof7pI4eqpY https:\/\/camstreamer.com\/redirect\/5VlgU1vAmpgM7ORmXjOdcmdzxzEbkX7sJ2IhxQRB https:\/\/camstreamer.com\/redirect\/qp2VoL6U8vNXAWmqPu8ETq3oaYV6YzYztbu34cMx https:\/\/camstreamer.com\/redirect\/XAP6hVk7bKHeT8TQs5rBZb5jV78QywJIVkQS5Lqy FALCO TINNUNCULUS BRUNENSIS \u2194 APUS APUS BRUNENSIS","rel":"","context":"Podobn\u00fd p\u0159\u00edsp\u011bvek","block_context":{"text":"Podobn\u00fd p\u0159\u00edsp\u011bvek","link":""},"img":{"alt_text":"","src":"","width":0,"height":0},"classes":[]},{"id":48022,"url":"https:\/\/tinnunculus.sy-sy.cz\/index.php\/fr\/nos-crecerelles-online\/youtube-en-direct\/falco-tinnunculus-brunensis-2\/","url_meta":{"origin":21255,"position":2},"title":"Falco tinnunculus brunensis 2","author":"Zuzana Syrov\u00e1 An\u00fd\u017eov\u00e1","date":"31\/03\/2026","format":false,"excerpt":"Permalink: https:\/\/camstreamer.com\/redirect\/YprDdaZ6MpC5b4EHoLae835OrfMqeQbmimRKSspC","rel":"","context":"Podobn\u00fd p\u0159\u00edsp\u011bvek","block_context":{"text":"Podobn\u00fd p\u0159\u00edsp\u011bvek","link":""},"img":{"alt_text":"","src":"","width":0,"height":0},"classes":[]},{"id":40332,"url":"https:\/\/tinnunculus.sy-sy.cz\/index.php\/fr\/oiseaux-en-direct\/","url_meta":{"origin":21255,"position":3},"title":"Oiseaux en direct","author":"Zuzana Syrov\u00e1 An\u00fd\u017eov\u00e1","date":"15\/03\/2025","format":false,"excerpt":"Faucon cr\u00e9cerelle (Falco tinnunculus) en direct Martinet noir (Apus apus) en direct Autres oiseaux en direct: View Nesting Birds (Bird\u00a0Cams)","rel":"","context":"Podobn\u00fd p\u0159\u00edsp\u011bvek","block_context":{"text":"Podobn\u00fd p\u0159\u00edsp\u011bvek","link":""},"img":{"alt_text":"","src":"","width":0,"height":0},"classes":[]},{"id":10008,"url":"https:\/\/tinnunculus.sy-sy.cz\/index.php\/fr\/oiseaux-en-direct\/apus-apus-online\/","url_meta":{"origin":21255,"position":4},"title":"Apus apus online","author":"Zuzana Syrov\u00e1 An\u00fd\u017eov\u00e1","date":"10\/12\/2019","format":false,"excerpt":"Mis \u00e0 jour Termes tch\u00e8ques: lokalita = localisation, localit\u00e9 kamera = cam\u00e9ra Abr\u00e9viations: on+ cam\u00e9ra on-line on- cam\u00e9ra on-line,\u00a0mais un autre genre d'oiseau off\u00a0 cam\u00e9ra off-line Le tableau montre la derni\u00e8re ann\u00e9e au cours de laquelle les martinets ont nich\u00e9 avec succ\u00e8s ou sans succ\u00e8s dans la localit\u00e9. Codes des\u2026","rel":"","context":"Podobn\u00fd p\u0159\u00edsp\u011bvek","block_context":{"text":"Podobn\u00fd p\u0159\u00edsp\u011bvek","link":""},"img":{"alt_text":"","src":"","width":0,"height":0},"classes":[]},{"id":9977,"url":"https:\/\/tinnunculus.sy-sy.cz\/index.php\/fr\/liens\/","url_meta":{"origin":21255,"position":5},"title":"Liens","author":"Zuzana Syrov\u00e1 An\u00fd\u017eov\u00e1","date":"10\/12\/2019","format":false,"excerpt":"Campagnol des champs (Microtus arvalis) Souris domestique (Mus musculus) Faucon cr\u00e9cerelle (Falco tinnunculus) Martinet noir (Apus apus) Base de donn\u00e9es faunistique de \u010cSO: Faucon cr\u00e9cerelle (Falco tinnunclus) in Avif Martinet noir (Apus apus) in Avif cam\u00e9ras en direct et vid\u00e9os mises \u00e0 jour: Faucon cr\u00e9cerelle (Falco tinnunculus) online Martinet noir\u2026","rel":"","context":"Podobn\u00fd p\u0159\u00edsp\u011bvek","block_context":{"text":"Podobn\u00fd p\u0159\u00edsp\u011bvek","link":""},"img":{"alt_text":"","src":"","width":0,"height":0},"classes":[]}],"jetpack_sharing_enabled":true,"_links":{"self":[{"href":"https:\/\/tinnunculus.sy-sy.cz\/index.php\/wp-json\/wp\/v2\/pages\/21255","targetHints":{"allow":["GET"]}}],"collection":[{"href":"https:\/\/tinnunculus.sy-sy.cz\/index.php\/wp-json\/wp\/v2\/pages"}],"about":[{"href":"https:\/\/tinnunculus.sy-sy.cz\/index.php\/wp-json\/wp\/v2\/types\/page"}],"author":[{"embeddable":true,"href":"https:\/\/tinnunculus.sy-sy.cz\/index.php\/wp-json\/wp\/v2\/users\/2"}],"replies":[{"embeddable":true,"href":"https:\/\/tinnunculus.sy-sy.cz\/index.php\/wp-json\/wp\/v2\/comments?post=21255"}],"version-history":[{"count":5,"href":"https:\/\/tinnunculus.sy-sy.cz\/index.php\/wp-json\/wp\/v2\/pages\/21255\/revisions"}],"predecessor-version":[{"id":48048,"href":"https:\/\/tinnunculus.sy-sy.cz\/index.php\/wp-json\/wp\/v2\/pages\/21255\/revisions\/48048"}],"up":[{"embeddable":true,"href":"https:\/\/tinnunculus.sy-sy.cz\/index.php\/wp-json\/wp\/v2\/pages\/9947"}],"wp:attachment":[{"href":"https:\/\/tinnunculus.sy-sy.cz\/index.php\/wp-json\/wp\/v2\/media?parent=21255"}],"wp:term":[{"taxonomy":"category","embeddable":true,"href":"https:\/\/tinnunculus.sy-sy.cz\/index.php\/wp-json\/wp\/v2\/categories?post=21255"},{"taxonomy":"post_tag","embeddable":true,"href":"https:\/\/tinnunculus.sy-sy.cz\/index.php\/wp-json\/wp\/v2\/tags?post=21255"}],"curies":[{"name":"wp","href":"https:\/\/api.w.org\/{rel}","templated":true}]}}