{"id":21253,"date":"2023-04-02T23:06:51","date_gmt":"2023-04-02T21:06:51","guid":{"rendered":"https:\/\/tinnunculus.sy-sy.cz\/?page_id=21253"},"modified":"2026-03-31T21:05:13","modified_gmt":"2026-03-31T19:05:13","slug":"youtube-live","status":"publish","type":"page","link":"https:\/\/tinnunculus.sy-sy.cz\/index.php\/en\/online\/youtube-live\/","title":{"rendered":"YouTube live"},"content":{"rendered":"<h5><iframe style=\"border: none; overflow: hidden; width: 560px; height: 315px;\" src=\"https:\/\/camstreamer.com\/embed\/bi64DRfH1aGkwv02t1xnphJtChrJlcczk45i4sWp\" allowfullscreen=\"allowfullscreen\" data-mce-fragment=\"1\"><\/iframe><\/h5>\n<h5>Currently live:<\/h5>\n<ul>\n<li><a href=\"https:\/\/tinnunculus.sy-sy.cz\/index.php\/en\/online\/youtube-live\/falco-tinnunculus-brunensis\/\">Falco tinnunculus brunensis 1 \u2192<\/a><\/li>\n<li><a href=\"https:\/\/tinnunculus.sy-sy.cz\/index.php\/en\/online\/youtube-live\/falco-tinnunculus-brunensis-2\/\" target=\"_blank\" rel=\"noopener\">Falco tinnunculus brunensis 2 \u2192<\/a><\/li>\n<li><a href=\"https:\/\/tinnunculus.sy-sy.cz\/index.php\/en\/online\/youtube-live\/apus-apus-brunensis\/\">Apus apus brunensis \u2192<\/a><\/li>\n<\/ul>\n<h5 id=\"permalinks:\">Permalinks:<\/h5>\n<ul>\n<li><a href=\"https:\/\/camstreamer.com\/redirect\/A7NqLLFPJXtvFYnNq0lyj4NzktH1FZof7pI4eqpY\" target=\"_blank\" rel=\"noopener\">https:\/\/camstreamer.com\/redirect\/A7NqLLFPJXtvFYnNq0lyj4NzktH1FZof7pI4eqpY<\/a><\/li>\n<li><a href=\"https:\/\/camstreamer.com\/redirect\/5VlgU1vAmpgM7ORmXjOdcmdzxzEbkX7sJ2IhxQRB\" target=\"_blank\" rel=\"noopener\">https:\/\/camstreamer.com\/redirect\/5VlgU1vAmpgM7ORmXjOdcmdzxzEbkX7sJ2IhxQRB<\/a><\/li>\n<li><a href=\"https:\/\/camstreamer.com\/redirect\/qp2VoL6U8vNXAWmqPu8ETq3oaYV6YzYztbu34cMx\" target=\"_blank\" rel=\"noopener\">https:\/\/camstreamer.com\/redirect\/qp2VoL6U8vNXAWmqPu8ETq3oaYV6YzYztbu34cMx<\/a><\/li>\n<li><a href=\"https:\/\/camstreamer.com\/redirect\/XAP6hVk7bKHeT8TQs5rBZb5jV78QywJIVkQS5Lqy\" target=\"_blank\" rel=\"noopener\">https:\/\/camstreamer.com\/redirect\/XAP6hVk7bKHeT8TQs5rBZb5jV78QywJIVkQS5Lqy<\/a><\/li>\n<li><a href=\"https:\/\/camstreamer.com\/redirect\/aQ5q2ii4Y7Fnl8YL00vOwCnqJTWmITdUXETNJJ4J\" target=\"_blank\" rel=\"noopener\">https:\/\/camstreamer.com\/redirect\/aQ5q2ii4Y7Fnl8YL00vOwCnqJTWmITdUXETNJJ4J<\/a><\/li>\n<li><a href=\"https:\/\/camstreamer.com\/redirect\/86o0gPUVvKlp0Z1n2hrui3NHx2D9RVGzrbFYqPHE\" target=\"_blank\" rel=\"noopener\">https:\/\/camstreamer.com\/redirect\/86o0gPUVvKlp0Z1n2hrui3NHx2D9RVGzrbFYqPHE<\/a><\/li>\n<li><a href=\"https:\/\/camstreamer.com\/redirect\/YprDdaZ6MpC5b4EHoLae835OrfMqeQbmimRKSspC\" target=\"_blank\" rel=\"noopener\">https:\/\/camstreamer.com\/redirect\/YprDdaZ6MpC5b4EHoLae835OrfMqeQbmimRKSspC<\/a><\/li>\n<li><span style=\"color: #b6b699;\"><a style=\"color: #b6b699;\" href=\"https:\/\/youtube.com\/channel\/UCx1tb6S-HFz_XUyk2bGxavw\/live\" target=\"_blank\" rel=\"noopener\">https:\/\/youtube.com\/channel\/UCx1tb6S-HFz_XUyk2bGxavw\/live<\/a><\/span><\/li>\n<li><span style=\"color: #b6b699;\"><a style=\"color: #b6b699;\" href=\"https:\/\/youtube.com\/channel\/UCn2Pab5nlUR3-bwZhUKdDSw\/live\" target=\"_blank\" rel=\"noopener\">https:\/\/youtube.com\/channel\/UCn2Pab5nlUR3-bwZhUKdDSw\/live<\/a><\/span><\/li>\n<\/ul>\n<h5><a href=\"https:\/\/tinnunculus.sy-sy.cz\/index.php\/en\/online\/youtube-live\/falco-tinnunculus-brunensis\/\">FALCO TINNUNCULUS BRUNENSIS<\/a> \u2194 <a href=\"https:\/\/tinnunculus.sy-sy.cz\/index.php\/en\/online\/youtube-live\/apus-apus-brunensis\/\">APUS APUS BRUNENSIS<\/a><\/h5>\n","protected":false},"excerpt":{"rendered":"<p>Currently live: Falco tinnunculus brunensis 1 \u2192 Falco tinnunculus brunensis 2 \u2192 Apus apus brunensis \u2192 Permalinks: https:\/\/camstreamer.com\/redirect\/A7NqLLFPJXtvFYnNq0lyj4NzktH1FZof7pI4eqpY https:\/\/camstreamer.com\/redirect\/5VlgU1vAmpgM7ORmXjOdcmdzxzEbkX7sJ2IhxQRB https:\/\/camstreamer.com\/redirect\/qp2VoL6U8vNXAWmqPu8ETq3oaYV6YzYztbu34cMx https:\/\/camstreamer.com\/redirect\/XAP6hVk7bKHeT8TQs5rBZb5jV78QywJIVkQS5Lqy https:\/\/camstreamer.com\/redirect\/aQ5q2ii4Y7Fnl8YL00vOwCnqJTWmITdUXETNJJ4J https:\/\/camstreamer.com\/redirect\/86o0gPUVvKlp0Z1n2hrui3NHx2D9RVGzrbFYqPHE https:\/\/camstreamer.com\/redirect\/YprDdaZ6MpC5b4EHoLae835OrfMqeQbmimRKSspC https:\/\/youtube.com\/channel\/UCx1tb6S-HFz_XUyk2bGxavw\/live https:\/\/youtube.com\/channel\/UCn2Pab5nlUR3-bwZhUKdDSw\/live FALCO TINNUNCULUS BRUNENSIS \u2194 APUS APUS BRUNENSIS<\/p>\n","protected":false},"author":2,"featured_media":0,"parent":9804,"menu_order":2,"comment_status":"closed","ping_status":"closed","template":"","meta":{"footnotes":""},"categories":[],"tags":[],"class_list":["post-21253","page","type-page","status-publish","hentry"],"jetpack_shortlink":"https:\/\/wp.me\/P91gKE-5wN","jetpack-related-posts":[{"id":46724,"url":"https:\/\/tinnunculus.sy-sy.cz\/index.php\/en\/online\/youtube-live\/apus-apus-brunensis\/","url_meta":{"origin":21253,"position":0},"title":"Apus apus brunensis","author":"Zuzana Syrov\u00e1 An\u00fd\u017eov\u00e1","date":"12\/03\/2026","format":false,"excerpt":"Permalinks: https:\/\/camstreamer.com\/redirect\/aQ5q2ii4Y7Fnl8YL00vOwCnqJTWmITdUXETNJJ4J https:\/\/camstreamer.com\/redirect\/86o0gPUVvKlp0Z1n2hrui3NHx2D9RVGzrbFYqPHE FALCO TINNUNCULUS BRUNENSIS \u2194 APUS APUS BRUNENSIS","rel":"","context":"Podobn\u00fd p\u0159\u00edsp\u011bvek","block_context":{"text":"Podobn\u00fd p\u0159\u00edsp\u011bvek","link":""},"img":{"alt_text":"","src":"","width":0,"height":0},"classes":[]},{"id":46730,"url":"https:\/\/tinnunculus.sy-sy.cz\/index.php\/en\/online\/youtube-live\/falco-tinnunculus-brunensis\/","url_meta":{"origin":21253,"position":1},"title":"Falco tinnunculus brunensis 1","author":"Zuzana Syrov\u00e1 An\u00fd\u017eov\u00e1","date":"12\/03\/2026","format":false,"excerpt":"Permalinks: https:\/\/camstreamer.com\/redirect\/A7NqLLFPJXtvFYnNq0lyj4NzktH1FZof7pI4eqpY https:\/\/camstreamer.com\/redirect\/5VlgU1vAmpgM7ORmXjOdcmdzxzEbkX7sJ2IhxQRB https:\/\/camstreamer.com\/redirect\/qp2VoL6U8vNXAWmqPu8ETq3oaYV6YzYztbu34cMx https:\/\/camstreamer.com\/redirect\/XAP6hVk7bKHeT8TQs5rBZb5jV78QywJIVkQS5Lqy FALCO TINNUNCULUS BRUNENSIS \u2194 APUS APUS BRUNENSIS","rel":"","context":"Podobn\u00fd p\u0159\u00edsp\u011bvek","block_context":{"text":"Podobn\u00fd p\u0159\u00edsp\u011bvek","link":""},"img":{"alt_text":"","src":"","width":0,"height":0},"classes":[]},{"id":48020,"url":"https:\/\/tinnunculus.sy-sy.cz\/index.php\/en\/online\/youtube-live\/falco-tinnunculus-brunensis-2\/","url_meta":{"origin":21253,"position":2},"title":"Falco tinnunculus brunensis 2","author":"Zuzana Syrov\u00e1 An\u00fd\u017eov\u00e1","date":"31\/03\/2026","format":false,"excerpt":"Permalink: https:\/\/camstreamer.com\/redirect\/YprDdaZ6MpC5b4EHoLae835OrfMqeQbmimRKSspC","rel":"","context":"Podobn\u00fd p\u0159\u00edsp\u011bvek","block_context":{"text":"Podobn\u00fd p\u0159\u00edsp\u011bvek","link":""},"img":{"alt_text":"","src":"","width":0,"height":0},"classes":[]},{"id":9826,"url":"https:\/\/tinnunculus.sy-sy.cz\/index.php\/en\/links\/","url_meta":{"origin":21253,"position":3},"title":"Links","author":"Zuzana Syrov\u00e1 An\u00fd\u017eov\u00e1","date":"08\/12\/2019","format":false,"excerpt":"Useful kestrel, swift and mouse links: Common kestrel on Wikipedia The kestrel's year at the RSPB Common vole on Wikipedia House mouse on Wikipedia Commnon swift on Wikipedia Common swift overview at the RSPB More links: Common kestrel Common swift Faunistic Database of \u010cSO: Common kestrel (Falco tinnunclus) in Avif\u2026","rel":"","context":"Podobn\u00fd p\u0159\u00edsp\u011bvek","block_context":{"text":"Podobn\u00fd p\u0159\u00edsp\u011bvek","link":""},"img":{"alt_text":"","src":"","width":0,"height":0},"classes":[]},{"id":40328,"url":"https:\/\/tinnunculus.sy-sy.cz\/index.php\/en\/birds-online\/","url_meta":{"origin":21253,"position":4},"title":"Birds online","author":"Zuzana Syrov\u00e1 An\u00fd\u017eov\u00e1","date":"15\/03\/2025","format":false,"excerpt":"Common kestrel (Falco tinnunculus) online Common swift (Apus apus) online Other birds online: View Nesting Birds (Bird\u00a0Cams)","rel":"","context":"Podobn\u00fd p\u0159\u00edsp\u011bvek","block_context":{"text":"Podobn\u00fd p\u0159\u00edsp\u011bvek","link":""},"img":{"alt_text":"","src":"","width":0,"height":0},"classes":[]},{"id":9823,"url":"https:\/\/tinnunculus.sy-sy.cz\/index.php\/en\/birds-online\/apus-apus-online\/","url_meta":{"origin":21253,"position":5},"title":"Apus apus online","author":"Zuzana Syrov\u00e1 An\u00fd\u017eov\u00e1","date":"08\/12\/2019","format":false,"excerpt":"Updated Czech Terms: lokalita = locality, site kamera = camera Abbreviations: on+ camera on-line on- camera on-line, but another kind of bird off\u00a0 camera off-line The table shows the last year in which the swifts nested successfully or unsuccessfully in the locality. Country codes Links: View nesting birds: common swift\u2026","rel":"","context":"Podobn\u00fd p\u0159\u00edsp\u011bvek","block_context":{"text":"Podobn\u00fd p\u0159\u00edsp\u011bvek","link":""},"img":{"alt_text":"","src":"","width":0,"height":0},"classes":[]}],"jetpack_sharing_enabled":true,"_links":{"self":[{"href":"https:\/\/tinnunculus.sy-sy.cz\/index.php\/wp-json\/wp\/v2\/pages\/21253","targetHints":{"allow":["GET"]}}],"collection":[{"href":"https:\/\/tinnunculus.sy-sy.cz\/index.php\/wp-json\/wp\/v2\/pages"}],"about":[{"href":"https:\/\/tinnunculus.sy-sy.cz\/index.php\/wp-json\/wp\/v2\/types\/page"}],"author":[{"embeddable":true,"href":"https:\/\/tinnunculus.sy-sy.cz\/index.php\/wp-json\/wp\/v2\/users\/2"}],"replies":[{"embeddable":true,"href":"https:\/\/tinnunculus.sy-sy.cz\/index.php\/wp-json\/wp\/v2\/comments?post=21253"}],"version-history":[{"count":4,"href":"https:\/\/tinnunculus.sy-sy.cz\/index.php\/wp-json\/wp\/v2\/pages\/21253\/revisions"}],"predecessor-version":[{"id":48046,"href":"https:\/\/tinnunculus.sy-sy.cz\/index.php\/wp-json\/wp\/v2\/pages\/21253\/revisions\/48046"}],"up":[{"embeddable":true,"href":"https:\/\/tinnunculus.sy-sy.cz\/index.php\/wp-json\/wp\/v2\/pages\/9804"}],"wp:attachment":[{"href":"https:\/\/tinnunculus.sy-sy.cz\/index.php\/wp-json\/wp\/v2\/media?parent=21253"}],"wp:term":[{"taxonomy":"category","embeddable":true,"href":"https:\/\/tinnunculus.sy-sy.cz\/index.php\/wp-json\/wp\/v2\/categories?post=21253"},{"taxonomy":"post_tag","embeddable":true,"href":"https:\/\/tinnunculus.sy-sy.cz\/index.php\/wp-json\/wp\/v2\/tags?post=21253"}],"curies":[{"name":"wp","href":"https:\/\/api.w.org\/{rel}","templated":true}]}}