{"id":21239,"date":"2023-04-02T15:18:29","date_gmt":"2023-04-02T13:18:29","guid":{"rendered":"https:\/\/tinnunculus.sy-sy.cz\/?page_id=21239"},"modified":"2026-03-31T21:02:48","modified_gmt":"2026-03-31T19:02:48","slug":"zive-vysilani-youtube","status":"publish","type":"page","link":"https:\/\/tinnunculus.sy-sy.cz\/index.php\/v-primem-prenosu\/zive-vysilani-youtube\/","title":{"rendered":"YouTube &#8211; \u017eiv\u00e9 vys\u00edl\u00e1n\u00ed"},"content":{"rendered":"<p><iframe style=\"border: none; overflow: hidden; width: 560px; height: 315px;\" src=\"https:\/\/camstreamer.com\/embed\/bi64DRfH1aGkwv02t1xnphJtChrJlcczk45i4sWp\" allowfullscreen=\"allowfullscreen\"><\/iframe><\/p>\n<h5>Aktu\u00e1ln\u00ed \u017eiv\u00e9 p\u0159enosy:<\/h5>\n<ul>\n<li><a href=\"https:\/\/tinnunculus.sy-sy.cz\/index.php\/v-primem-prenosu\/zive-vysilani-youtube\/falco-tinnunculus-brunensis\/\">Falco tinnunculus brunensis 1 \u2192<\/a><\/li>\n<li><a href=\"https:\/\/tinnunculus.sy-sy.cz\/index.php\/v-primem-prenosu\/zive-vysilani-youtube\/falco-tinnunculus-brunensis-2\/\" target=\"_blank\" rel=\"noopener\">Falco tinnunculus brunensis 2 \u2192<\/a><\/li>\n<li><a href=\"https:\/\/tinnunculus.sy-sy.cz\/index.php\/v-primem-prenosu\/zive-vysilani-youtube\/apus-apus-brunensis\/\">Apus apus brunensis \u2192<\/a><\/li>\n<\/ul>\n<h5 id=\"permalinks:\">Permalinks:<\/h5>\n<ul>\n<li><a href=\"https:\/\/camstreamer.com\/redirect\/A7NqLLFPJXtvFYnNq0lyj4NzktH1FZof7pI4eqpY\" target=\"_blank\" rel=\"noopener\">https:\/\/camstreamer.com\/redirect\/A7NqLLFPJXtvFYnNq0lyj4NzktH1FZof7pI4eqpY<\/a><\/li>\n<li><a href=\"https:\/\/camstreamer.com\/redirect\/5VlgU1vAmpgM7ORmXjOdcmdzxzEbkX7sJ2IhxQRB\" target=\"_blank\" rel=\"noopener\">https:\/\/camstreamer.com\/redirect\/5VlgU1vAmpgM7ORmXjOdcmdzxzEbkX7sJ2IhxQRB<\/a><\/li>\n<li><a href=\"https:\/\/camstreamer.com\/redirect\/qp2VoL6U8vNXAWmqPu8ETq3oaYV6YzYztbu34cMx\" target=\"_blank\" rel=\"noopener\">https:\/\/camstreamer.com\/redirect\/qp2VoL6U8vNXAWmqPu8ETq3oaYV6YzYztbu34cMx<\/a><\/li>\n<li><a href=\"https:\/\/camstreamer.com\/redirect\/XAP6hVk7bKHeT8TQs5rBZb5jV78QywJIVkQS5Lqy\" target=\"_blank\" rel=\"noopener\">https:\/\/camstreamer.com\/redirect\/XAP6hVk7bKHeT8TQs5rBZb5jV78QywJIVkQS5Lqy<\/a><\/li>\n<li><a href=\"https:\/\/camstreamer.com\/redirect\/aQ5q2ii4Y7Fnl8YL00vOwCnqJTWmITdUXETNJJ4J\" target=\"_blank\" rel=\"noopener\">https:\/\/camstreamer.com\/redirect\/aQ5q2ii4Y7Fnl8YL00vOwCnqJTWmITdUXETNJJ4J<\/a><\/li>\n<li><a href=\"https:\/\/camstreamer.com\/redirect\/86o0gPUVvKlp0Z1n2hrui3NHx2D9RVGzrbFYqPHE\" target=\"_blank\" rel=\"noopener\">https:\/\/camstreamer.com\/redirect\/86o0gPUVvKlp0Z1n2hrui3NHx2D9RVGzrbFYqPHE<\/a><\/li>\n<li><a href=\"https:\/\/camstreamer.com\/redirect\/YprDdaZ6MpC5b4EHoLae835OrfMqeQbmimRKSspC\" target=\"_blank\" rel=\"noopener\">https:\/\/camstreamer.com\/redirect\/YprDdaZ6MpC5b4EHoLae835OrfMqeQbmimRKSspC<\/a><\/li>\n<li><span style=\"color: #b6b699;\"><a style=\"color: #b6b699;\" href=\"https:\/\/youtube.com\/channel\/UCx1tb6S-HFz_XUyk2bGxavw\/live\" target=\"_blank\" rel=\"noopener\">https:\/\/youtube.com\/channel\/UCx1tb6S-HFz_XUyk2bGxavw\/live<\/a><\/span><\/li>\n<li><span style=\"color: #b6b699;\"><a style=\"color: #b6b699;\" href=\"https:\/\/youtube.com\/channel\/UCn2Pab5nlUR3-bwZhUKdDSw\/live\" target=\"_blank\" rel=\"noopener\">https:\/\/youtube.com\/channel\/UCn2Pab5nlUR3-bwZhUKdDSw\/live<\/a><\/span><\/li>\n<\/ul>\n<h5><a href=\"https:\/\/tinnunculus.sy-sy.cz\/index.php\/v-primem-prenosu\/zive-vysilani-youtube\/falco-tinnunculus-brunensis\/\">FALCO TINNUNCULUS BRUNENSIS<\/a> \u2194 <a href=\"https:\/\/tinnunculus.sy-sy.cz\/index.php\/apus-apus-brunensis\/\">APUS APUS BRUNENSIS<\/a><\/h5>\n","protected":false},"excerpt":{"rendered":"<p>Aktu\u00e1ln\u00ed \u017eiv\u00e9 p\u0159enosy: Falco tinnunculus brunensis 1 \u2192 Falco tinnunculus brunensis 2 \u2192 Apus apus brunensis \u2192 Permalinks: https:\/\/camstreamer.com\/redirect\/A7NqLLFPJXtvFYnNq0lyj4NzktH1FZof7pI4eqpY https:\/\/camstreamer.com\/redirect\/5VlgU1vAmpgM7ORmXjOdcmdzxzEbkX7sJ2IhxQRB https:\/\/camstreamer.com\/redirect\/qp2VoL6U8vNXAWmqPu8ETq3oaYV6YzYztbu34cMx https:\/\/camstreamer.com\/redirect\/XAP6hVk7bKHeT8TQs5rBZb5jV78QywJIVkQS5Lqy https:\/\/camstreamer.com\/redirect\/aQ5q2ii4Y7Fnl8YL00vOwCnqJTWmITdUXETNJJ4J https:\/\/camstreamer.com\/redirect\/86o0gPUVvKlp0Z1n2hrui3NHx2D9RVGzrbFYqPHE https:\/\/camstreamer.com\/redirect\/YprDdaZ6MpC5b4EHoLae835OrfMqeQbmimRKSspC https:\/\/youtube.com\/channel\/UCx1tb6S-HFz_XUyk2bGxavw\/live https:\/\/youtube.com\/channel\/UCn2Pab5nlUR3-bwZhUKdDSw\/live FALCO TINNUNCULUS BRUNENSIS \u2194 APUS APUS BRUNENSIS<\/p>\n","protected":false},"author":2,"featured_media":0,"parent":786,"menu_order":2,"comment_status":"closed","ping_status":"closed","template":"","meta":{"jetpack_post_was_ever_published":false,"footnotes":""},"categories":[],"tags":[],"class_list":["post-21239","page","type-page","status-publish","hentry"],"jetpack_shortlink":"https:\/\/wp.me\/P91gKE-5wz","jetpack-related-posts":[{"id":46712,"url":"https:\/\/tinnunculus.sy-sy.cz\/index.php\/v-primem-prenosu\/zive-vysilani-youtube\/apus-apus-brunensis\/","url_meta":{"origin":21239,"position":0},"title":"Apus apus brunensis","author":"Zuzana Syrov\u00e1 An\u00fd\u017eov\u00e1","date":"12\/03\/2026","format":false,"excerpt":"Permalinks: https:\/\/camstreamer.com\/redirect\/aQ5q2ii4Y7Fnl8YL00vOwCnqJTWmITdUXETNJJ4J https:\/\/camstreamer.com\/redirect\/86o0gPUVvKlp0Z1n2hrui3NHx2D9RVGzrbFYqPHE FALCO TINNUNCULUS BRUNENSIS \u2194 APUS APUS BRUNENSIS","rel":"","context":"Podobn\u00fd p\u0159\u00edsp\u011bvek","block_context":{"text":"Podobn\u00fd p\u0159\u00edsp\u011bvek","link":""},"img":{"alt_text":"","src":"","width":0,"height":0},"classes":[]},{"id":46711,"url":"https:\/\/tinnunculus.sy-sy.cz\/index.php\/v-primem-prenosu\/zive-vysilani-youtube\/falco-tinnunculus-brunensis\/","url_meta":{"origin":21239,"position":1},"title":"Falco tinnunculus brunensis 1","author":"Zuzana Syrov\u00e1 An\u00fd\u017eov\u00e1","date":"12\/03\/2026","format":false,"excerpt":"Permalinks: https:\/\/camstreamer.com\/redirect\/A7NqLLFPJXtvFYnNq0lyj4NzktH1FZof7pI4eqpY https:\/\/camstreamer.com\/redirect\/5VlgU1vAmpgM7ORmXjOdcmdzxzEbkX7sJ2IhxQRB https:\/\/camstreamer.com\/redirect\/qp2VoL6U8vNXAWmqPu8ETq3oaYV6YzYztbu34cMx https:\/\/camstreamer.com\/redirect\/XAP6hVk7bKHeT8TQs5rBZb5jV78QywJIVkQS5Lqy FALCO TINNUNCULUS BRUNENSIS \u2194 APUS APUS BRUNENSIS","rel":"","context":"Podobn\u00fd p\u0159\u00edsp\u011bvek","block_context":{"text":"Podobn\u00fd p\u0159\u00edsp\u011bvek","link":""},"img":{"alt_text":"","src":"","width":0,"height":0},"classes":[]},{"id":48010,"url":"https:\/\/tinnunculus.sy-sy.cz\/index.php\/v-primem-prenosu\/zive-vysilani-youtube\/falco-tinnunculus-brunensis-2\/","url_meta":{"origin":21239,"position":2},"title":"Falco tinnunculus brunensis 2","author":"Zuzana Syrov\u00e1 An\u00fd\u017eov\u00e1","date":"31\/03\/2026","format":false,"excerpt":"Permalink: https:\/\/camstreamer.com\/redirect\/YprDdaZ6MpC5b4EHoLae835OrfMqeQbmimRKSspC","rel":"","context":"Podobn\u00fd p\u0159\u00edsp\u011bvek","block_context":{"text":"Podobn\u00fd p\u0159\u00edsp\u011bvek","link":""},"img":{"alt_text":"","src":"","width":0,"height":0},"classes":[]},{"id":1928,"url":"https:\/\/tinnunculus.sy-sy.cz\/index.php\/odkazy\/","url_meta":{"origin":21239,"position":3},"title":"Odkazy","author":"Zuzana Syrov\u00e1 An\u00fd\u017eov\u00e1","date":"14\/08\/2017","format":false,"excerpt":"Hrabo\u0161 poln\u00ed (Microtus arvalis) My\u0161 dom\u00e1c\u00ed (Mus musculus) Po\u0161tolka obecn\u00e1 (Falco tinnunculus) Ror\u00fds obecn\u00fd (Apus apus) Faunistick\u00e1 datab\u00e1ze \u010cSO: Po\u0161tolka obecn\u00e1 (Falco tinnunclus) in Avif Ror\u00fds obecn\u00fd (Apus apus) in Avif P\u0159\u00edm\u00e9 p\u0159enosy: Po\u0161tolka obecn\u00e1 (Falco tinnunculus) online Ror\u00fds obecn\u00fd (Apus apus) online Dal\u0161\u00ed druhy pt\u00e1k\u016f online: View Nesting Birds\u2026","rel":"","context":"Podobn\u00fd p\u0159\u00edsp\u011bvek","block_context":{"text":"Podobn\u00fd p\u0159\u00edsp\u011bvek","link":""},"img":{"alt_text":"","src":"","width":0,"height":0},"classes":[]},{"id":2888,"url":"https:\/\/tinnunculus.sy-sy.cz\/index.php\/v-primem-prenosu-odjinud\/","url_meta":{"origin":21239,"position":4},"title":"V p\u0159\u00edm\u00e9m p\u0159enosu odjinud","author":"Zuzana Syrov\u00e1 An\u00fd\u017eov\u00e1","date":"12\/01\/2018","format":false,"excerpt":"Po\u0161tolka obecn\u00e1 (Falco tinnunculus) online Ror\u00fds obecn\u00fd (Apus apus) online Dal\u0161\u00ed druhy pt\u00e1k\u016f online: View Nesting Birds (Bird\u00a0Cams)","rel":"","context":"Podobn\u00fd p\u0159\u00edsp\u011bvek","block_context":{"text":"Podobn\u00fd p\u0159\u00edsp\u011bvek","link":""},"img":{"alt_text":"","src":"","width":0,"height":0},"classes":[]},{"id":9664,"url":"https:\/\/tinnunculus.sy-sy.cz\/index.php\/odkazy\/o-rorysech\/apus-apus-in-avif\/","url_meta":{"origin":21239,"position":5},"title":"Apus apus in Avif","author":"Zuzana Syrov\u00e1 An\u00fd\u017eov\u00e1","date":"23\/11\/2019","format":false,"excerpt":"pozorov\u00e1n\u00ed ror\u00fdse obecn\u00e9ho ve faunistick\u00e9 datab\u00e1zi \u010cSO: \u00a0 Kliknut\u00edm na z\u00e1znam se dostanete na jeho detail na avif.birdlife.cz, kde m\u00e1te mo\u017enost dal\u0161\u00edho podrobn\u011bj\u0161\u00edho vyhled\u00e1v\u00e1n\u00ed. \ufeff O faunistick\u00e9 datab\u00e1zi avif.birds.cz O ror\u00fdsovi: Vyhled\u00e1v\u00e1n\u00ed a vkl\u00e1d\u00e1n\u00ed hn\u00edzdi\u0161\u0165","rel":"","context":"Podobn\u00fd p\u0159\u00edsp\u011bvek","block_context":{"text":"Podobn\u00fd p\u0159\u00edsp\u011bvek","link":""},"img":{"alt_text":"","src":"","width":0,"height":0},"classes":[]}],"jetpack_sharing_enabled":true,"_links":{"self":[{"href":"https:\/\/tinnunculus.sy-sy.cz\/index.php\/wp-json\/wp\/v2\/pages\/21239","targetHints":{"allow":["GET"]}}],"collection":[{"href":"https:\/\/tinnunculus.sy-sy.cz\/index.php\/wp-json\/wp\/v2\/pages"}],"about":[{"href":"https:\/\/tinnunculus.sy-sy.cz\/index.php\/wp-json\/wp\/v2\/types\/page"}],"author":[{"embeddable":true,"href":"https:\/\/tinnunculus.sy-sy.cz\/index.php\/wp-json\/wp\/v2\/users\/2"}],"replies":[{"embeddable":true,"href":"https:\/\/tinnunculus.sy-sy.cz\/index.php\/wp-json\/wp\/v2\/comments?post=21239"}],"version-history":[{"count":6,"href":"https:\/\/tinnunculus.sy-sy.cz\/index.php\/wp-json\/wp\/v2\/pages\/21239\/revisions"}],"predecessor-version":[{"id":48045,"href":"https:\/\/tinnunculus.sy-sy.cz\/index.php\/wp-json\/wp\/v2\/pages\/21239\/revisions\/48045"}],"up":[{"embeddable":true,"href":"https:\/\/tinnunculus.sy-sy.cz\/index.php\/wp-json\/wp\/v2\/pages\/786"}],"wp:attachment":[{"href":"https:\/\/tinnunculus.sy-sy.cz\/index.php\/wp-json\/wp\/v2\/media?parent=21239"}],"wp:term":[{"taxonomy":"category","embeddable":true,"href":"https:\/\/tinnunculus.sy-sy.cz\/index.php\/wp-json\/wp\/v2\/categories?post=21239"},{"taxonomy":"post_tag","embeddable":true,"href":"https:\/\/tinnunculus.sy-sy.cz\/index.php\/wp-json\/wp\/v2\/tags?post=21239"}],"curies":[{"name":"wp","href":"https:\/\/api.w.org\/{rel}","templated":true}]}}