{"id":21204,"date":"2023-03-31T22:31:59","date_gmt":"2023-03-31T20:31:59","guid":{"rendered":"https:\/\/tinnunculus.sy-sy.cz\/?page_id=21204"},"modified":"2026-03-08T11:04:20","modified_gmt":"2026-03-08T10:04:20","slug":"bruenner-turmfalken","status":"publish","type":"page","link":"https:\/\/tinnunculus.sy-sy.cz\/index.php\/de\/bruenner-turmfalken\/","title":{"rendered":"Br\u00fcnner Turmfalken"},"content":{"rendered":"<blockquote class=\"alignleft\"><p>&nbsp;<\/p>\n<p>Hier k\u00f6nnen Sie das Geschehen auf unserem Balkon in der Bystrc-Siedlung am Stadtrand von Br\u00fcnn mit den aktuellen Ereignissen im Nistkasten im Stadtzentrum in der Francouzsk\u00e1-Stra\u00dfe oder in der Bohunice-Siedlung vergleichen.<\/p>\n<p><a href=\"https:\/\/tinnunculus.sy-sy.cz\/index.php\/de\/unsere-turmfalken-online\/unsere-webcams\/\">Unsere anderen Kameras<\/a><br \/>\n<a href=\"https:\/\/tinnunculus.sy-sy.cz\/index.php\/de\/links-2\/falco-tinnunculus-online-3\/\">Live-\u00dcbertragungen von anderen Orten.<\/a><\/p><\/blockquote>\n<hr \/>\n<p><iframe style=\"border: none; overflow: hidden; width: 560px; height: 315px;\" src=\"https:\/\/camstreamer.com\/embed\/A7NqLLFPJXtvFYnNq0lyj4NzktH1FZof7pI4eqpY\" allowfullscreen=\"allowfullscreen\"><\/iframe><\/p>\n<p><iframe loading=\"lazy\" src=\"https:\/\/camstreamer.com\/embed\/qB2jEWYi34weOpXfEyzec9lOhIFvkCCrmzvxEdMx?rel=0\" width=\"560\" height=\"315\" frameborder=\"0\" allowfullscreen=\"allowfullscreen\"><\/iframe><\/p>\n<p><em>Die Live-\u00dcbertragung aus Bohunice hat in der Saison 2026 noch nicht begonnen. Aufzeichnungen aus den Vorjahren finden Sie <a href=\"https:\/\/www.youtube.com\/@vaclavzavadil7596\/streams\" target=\"_blank\" rel=\"noopener\">hier<\/a>.<\/em><\/p>\n","protected":false},"excerpt":{"rendered":"<p>&nbsp; Hier k\u00f6nnen Sie das Geschehen auf unserem Balkon in der Bystrc-Siedlung am Stadtrand von Br\u00fcnn mit den aktuellen Ereignissen im Nistkasten im Stadtzentrum in der Francouzsk\u00e1-Stra\u00dfe oder in der Bohunice-Siedlung vergleichen. Unsere anderen Kameras Live-\u00dcbertragungen von anderen Orten. Die Live-\u00dcbertragung aus Bohunice hat in der Saison 2026 noch nicht begonnen. Aufzeichnungen aus den Vorjahren &hellip; <\/p>\n<p class=\"link-more\"><a href=\"https:\/\/tinnunculus.sy-sy.cz\/index.php\/de\/bruenner-turmfalken\/\" class=\"more-link\">Pokra\u010dovat ve \u010dten\u00ed<span class=\"screen-reader-text\"> &#8222;Br\u00fcnner Turmfalken&#8220;<\/span><\/a><\/p>\n","protected":false},"author":2,"featured_media":0,"parent":0,"menu_order":65,"comment_status":"closed","ping_status":"closed","template":"","meta":{"jetpack_post_was_ever_published":false,"footnotes":""},"categories":[1167,1185,1161,1191,1173],"tags":[],"class_list":["post-21204","page","type-page","status-publish","hentry","category-web-kameras","category-falco-tinnunculus-online-de","category-live-uebertragung","category-online-von-unserem-balkon","category-online-von-woanders"],"jetpack_shortlink":"https:\/\/wp.me\/P91gKE-5w0","jetpack-related-posts":[{"id":9949,"url":"https:\/\/tinnunculus.sy-sy.cz\/index.php\/de\/unsere-turmfalken-online\/","url_meta":{"origin":21204,"position":0},"title":"&#8222;Unsere&#8220; Turmfalken online","author":"Zuzana Syrov\u00e1 An\u00fd\u017eov\u00e1","date":"10\/12\/2019","format":false,"excerpt":"0\u00a6\u00a01\u00a6\u00a02\u00a6\u00a03\u00a6\u00a04\u00a6\u00a05\u00a6\u00a06\u00a6\u00a07\u00a6\u00a08\u00a6\u00a09\u00a6 12\u00a6\u00a013\u00a6\u00a014\u00a6\u00a015\u00a6\u00a016\u00a6\u00a017\u00a6\u00a018\u00a6\u00a019\u00a6\u00a020\u00a6 10\u00a6\u00a0 11\u00a6 21\u00a6 \u00a0 Tut uns leid, dieser Inhalt wurde noch nicht in Deutsch \u00fcbersetzt. Lies die Version auf Englisch. Kameraliste Live vom Turmfalkenbalkon\u00a0\u00a6\u00a0von den Mauerseglerk\u00e4sten\u00a0\u00a6\u00a0vom Turmfalkenfenster YouTube-Live","rel":"","context":"V \u201e\"Unsere\" Mauersegler\u201c","block_context":{"text":"\"Unsere\" Mauersegler","link":"https:\/\/tinnunculus.sy-sy.cz\/index.php\/de\/category\/mieter-und-besucher\/unsere-mauersegler\/"},"img":{"alt_text":"Camera 1","src":"https:\/\/sy-sy.cz\/cam\/webapi\/entry.cgi?api=SYNO.SurveillanceStation.Stream.VideoStreaming&version=1&method=Stream&format=mjpeg&cameraId=2&StmKey=%229853f85e3f00a090389e5f3da7058a2c%22","width":350,"height":200,"srcset":"https:\/\/sy-sy.cz\/cam\/webapi\/entry.cgi?api=SYNO.SurveillanceStation.Stream.VideoStreaming&version=1&method=Stream&format=mjpeg&cameraId=2&StmKey=%229853f85e3f00a090389e5f3da7058a2c%22 1x, https:\/\/sy-sy.cz\/cam\/webapi\/entry.cgi?api=SYNO.SurveillanceStation.Stream.VideoStreaming&version=1&method=Stream&format=mjpeg&cameraId=2&StmKey=%229853f85e3f00a090389e5f3da7058a2c%22 1.5x, https:\/\/sy-sy.cz\/cam\/webapi\/entry.cgi?api=SYNO.SurveillanceStation.Stream.VideoStreaming&version=1&method=Stream&format=mjpeg&cameraId=2&StmKey=%229853f85e3f00a090389e5f3da7058a2c%22 2x, https:\/\/sy-sy.cz\/cam\/webapi\/entry.cgi?api=SYNO.SurveillanceStation.Stream.VideoStreaming&version=1&method=Stream&format=mjpeg&cameraId=2&StmKey=%229853f85e3f00a090389e5f3da7058a2c%22 3x, https:\/\/sy-sy.cz\/cam\/webapi\/entry.cgi?api=SYNO.SurveillanceStation.Stream.VideoStreaming&version=1&method=Stream&format=mjpeg&cameraId=2&StmKey=%229853f85e3f00a090389e5f3da7058a2c%22 4x"},"classes":[]},{"id":36576,"url":"https:\/\/tinnunculus.sy-sy.cz\/index.php\/de\/unsere-turmfalken-online\/unsere-webcams\/kameraliste\/kamera-18\/","url_meta":{"origin":21204,"position":1},"title":"Kamera 18","author":"Zuzana Syrov\u00e1 An\u00fd\u017eov\u00e1","date":"20\/07\/2024","format":false,"excerpt":"0\u00a6\u00a01\u00a6\u00a02\u00a6\u00a03\u00a6\u00a04\u00a6\u00a05\u00a6\u00a06\u00a6\u00a07\u00a6\u00a08\u00a6\u00a09\u00a6 12\u00a6\u00a013\u00a6\u00a014\u00a6\u00a015\u00a6\u00a016\u00a6\u00a017\u00a6\u00a018\u00a6\u00a019\u00a6\u00a020\u00a6 10\u00a6\u00a0 11\u00a6 21\u00a6 \u00a0 \u2190\u00a0Unsere Webcams \u2190\u00a0YouTube Live \u00a0","rel":"","context":"V \u201e\"Unsere\" Turmfalken\u201c","block_context":{"text":"\"Unsere\" Turmfalken","link":"https:\/\/tinnunculus.sy-sy.cz\/index.php\/de\/category\/mieter-und-besucher\/unsere-turmfalken\/"},"img":{"alt_text":"Camera 4","src":"https:\/\/sy-sy.cz\/cam\/webapi\/entry.cgi?api=SYNO.SurveillanceStation.Stream.VideoStreaming&version=1&method=Stream&format=mjpeg&cameraId=5&StmKey=%2252e5b8eca97c1641f72d11d2bfda2a35%22","width":350,"height":200,"srcset":"https:\/\/sy-sy.cz\/cam\/webapi\/entry.cgi?api=SYNO.SurveillanceStation.Stream.VideoStreaming&version=1&method=Stream&format=mjpeg&cameraId=5&StmKey=%2252e5b8eca97c1641f72d11d2bfda2a35%22 1x, https:\/\/sy-sy.cz\/cam\/webapi\/entry.cgi?api=SYNO.SurveillanceStation.Stream.VideoStreaming&version=1&method=Stream&format=mjpeg&cameraId=5&StmKey=%2252e5b8eca97c1641f72d11d2bfda2a35%22 1.5x"},"classes":[]},{"id":36654,"url":"https:\/\/tinnunculus.sy-sy.cz\/index.php\/de\/unsere-turmfalken-online\/unsere-webcams\/kameraliste\/kamera-19\/","url_meta":{"origin":21204,"position":2},"title":"Kamera 19","author":"Zuzana Syrov\u00e1 An\u00fd\u017eov\u00e1","date":"21\/07\/2024","format":false,"excerpt":"0\u00a6\u00a01\u00a6\u00a02\u00a6\u00a03\u00a6\u00a04\u00a6\u00a05\u00a6\u00a06\u00a6\u00a07\u00a6\u00a08\u00a6\u00a09\u00a6 12\u00a6\u00a013\u00a6\u00a014\u00a6\u00a015\u00a6\u00a016\u00a6\u00a017\u00a6\u00a018\u00a6\u00a019\u00a6\u00a020\u00a6 10\u00a6\u00a0 11\u00a6 21\u00a6 \u00a0 \u2190\u00a0Unsere Webcams \u2190\u00a0YouTube Live","rel":"","context":"V \u201e\"Unsere\" Turmfalken\u201c","block_context":{"text":"\"Unsere\" Turmfalken","link":"https:\/\/tinnunculus.sy-sy.cz\/index.php\/de\/category\/mieter-und-besucher\/unsere-turmfalken\/"},"img":{"alt_text":"Camera 15","src":"https:\/\/sy-sy.cz\/cam\/webapi\/entry.cgi?api=SYNO.SurveillanceStation.Stream.VideoStreaming&version=1&method=Stream&format=mjpeg&cameraId=11&StmKey=%222b9b6ceb652ac157afaaf7742b069c17%22","width":350,"height":200,"srcset":"https:\/\/sy-sy.cz\/cam\/webapi\/entry.cgi?api=SYNO.SurveillanceStation.Stream.VideoStreaming&version=1&method=Stream&format=mjpeg&cameraId=11&StmKey=%222b9b6ceb652ac157afaaf7742b069c17%22 1x, https:\/\/sy-sy.cz\/cam\/webapi\/entry.cgi?api=SYNO.SurveillanceStation.Stream.VideoStreaming&version=1&method=Stream&format=mjpeg&cameraId=11&StmKey=%222b9b6ceb652ac157afaaf7742b069c17%22 1.5x, https:\/\/sy-sy.cz\/cam\/webapi\/entry.cgi?api=SYNO.SurveillanceStation.Stream.VideoStreaming&version=1&method=Stream&format=mjpeg&cameraId=11&StmKey=%222b9b6ceb652ac157afaaf7742b069c17%22 2x, https:\/\/sy-sy.cz\/cam\/webapi\/entry.cgi?api=SYNO.SurveillanceStation.Stream.VideoStreaming&version=1&method=Stream&format=mjpeg&cameraId=11&StmKey=%222b9b6ceb652ac157afaaf7742b069c17%22 3x"},"classes":[]},{"id":36675,"url":"https:\/\/tinnunculus.sy-sy.cz\/index.php\/de\/unsere-turmfalken-online\/unsere-webcams\/kameraliste\/kamera-20\/","url_meta":{"origin":21204,"position":3},"title":"Kamera 20","author":"Zuzana Syrov\u00e1 An\u00fd\u017eov\u00e1","date":"21\/07\/2024","format":false,"excerpt":"0\u00a6\u00a01\u00a6\u00a02\u00a6\u00a03\u00a6\u00a04\u00a6\u00a05\u00a6\u00a06\u00a6\u00a07\u00a6\u00a08\u00a6\u00a09\u00a6 12\u00a6\u00a013\u00a6\u00a014\u00a6\u00a015\u00a6\u00a016\u00a6\u00a017\u00a6\u00a018\u00a6\u00a019\u00a6\u00a020\u00a6 10\u00a6\u00a0 11\u00a6 21\u00a6 \u00a0 \u2190\u00a0Unsere Webcams \u2190\u00a0YouTube Live","rel":"","context":"V \u201e\"Unsere\" Turmfalken\u201c","block_context":{"text":"\"Unsere\" Turmfalken","link":"https:\/\/tinnunculus.sy-sy.cz\/index.php\/de\/category\/mieter-und-besucher\/unsere-turmfalken\/"},"img":{"alt_text":"Camera 4","src":"https:\/\/sy-sy.cz\/cam\/webapi\/entry.cgi?api=SYNO.SurveillanceStation.Stream.VideoStreaming&version=1&method=Stream&format=mjpeg&cameraId=60&StmKey=%22b33b40c41d3bbd89f0130628e3b8a930%22","width":350,"height":200,"srcset":"https:\/\/sy-sy.cz\/cam\/webapi\/entry.cgi?api=SYNO.SurveillanceStation.Stream.VideoStreaming&version=1&method=Stream&format=mjpeg&cameraId=60&StmKey=%22b33b40c41d3bbd89f0130628e3b8a930%22 1x, https:\/\/sy-sy.cz\/cam\/webapi\/entry.cgi?api=SYNO.SurveillanceStation.Stream.VideoStreaming&version=1&method=Stream&format=mjpeg&cameraId=60&StmKey=%22b33b40c41d3bbd89f0130628e3b8a930%22 1.5x"},"classes":[]},{"id":31186,"url":"https:\/\/tinnunculus.sy-sy.cz\/index.php\/de\/unsere-turmfalken-online\/unsere-webcams\/kameraliste\/kamera-17\/","url_meta":{"origin":21204,"position":4},"title":"Kamera 17","author":"Zuzana Syrov\u00e1 An\u00fd\u017eov\u00e1","date":"29\/01\/2024","format":false,"excerpt":"0\u00a6\u00a01\u00a6\u00a02\u00a6\u00a03\u00a6\u00a04\u00a6\u00a05\u00a6\u00a06\u00a6\u00a07\u00a6\u00a08\u00a6\u00a09\u00a6 12\u00a6\u00a013\u00a6\u00a014\u00a6\u00a015\u00a6\u00a016\u00a6\u00a017\u00a6\u00a018\u00a6\u00a019\u00a6\u00a020\u00a6 10\u00a6\u00a0 11\u00a6 21\u00a6 \u00a0 \u2190\u00a0Unsere Webcams \u2190 YouTube Live","rel":"","context":"V \u201e\"Unsere\" Turmfalken\u201c","block_context":{"text":"\"Unsere\" Turmfalken","link":"https:\/\/tinnunculus.sy-sy.cz\/index.php\/de\/category\/mieter-und-besucher\/unsere-turmfalken\/"},"img":{"alt_text":"Camera 1","src":"https:\/\/sy-sy.cz\/cam\/webapi\/entry.cgi?api=SYNO.SurveillanceStation.Stream.VideoStreaming&version=1&method=Stream&format=mjpeg&cameraId=8&StmKey=%22cb8e7082ef14ef6d4cf20e4f76efaf63%22","width":350,"height":200,"srcset":"https:\/\/sy-sy.cz\/cam\/webapi\/entry.cgi?api=SYNO.SurveillanceStation.Stream.VideoStreaming&version=1&method=Stream&format=mjpeg&cameraId=8&StmKey=%22cb8e7082ef14ef6d4cf20e4f76efaf63%22 1x, https:\/\/sy-sy.cz\/cam\/webapi\/entry.cgi?api=SYNO.SurveillanceStation.Stream.VideoStreaming&version=1&method=Stream&format=mjpeg&cameraId=8&StmKey=%22cb8e7082ef14ef6d4cf20e4f76efaf63%22 1.5x, https:\/\/sy-sy.cz\/cam\/webapi\/entry.cgi?api=SYNO.SurveillanceStation.Stream.VideoStreaming&version=1&method=Stream&format=mjpeg&cameraId=8&StmKey=%22cb8e7082ef14ef6d4cf20e4f76efaf63%22 2x, https:\/\/sy-sy.cz\/cam\/webapi\/entry.cgi?api=SYNO.SurveillanceStation.Stream.VideoStreaming&version=1&method=Stream&format=mjpeg&cameraId=8&StmKey=%22cb8e7082ef14ef6d4cf20e4f76efaf63%22 3x, https:\/\/sy-sy.cz\/cam\/webapi\/entry.cgi?api=SYNO.SurveillanceStation.Stream.VideoStreaming&version=1&method=Stream&format=mjpeg&cameraId=8&StmKey=%22cb8e7082ef14ef6d4cf20e4f76efaf63%22 4x"},"classes":[]},{"id":23822,"url":"https:\/\/tinnunculus.sy-sy.cz\/index.php\/de\/unsere-turmfalken-online\/unsere-webcams\/kameraliste\/kamera-16\/","url_meta":{"origin":21204,"position":5},"title":"Kamera 16","author":"Zuzana Syrov\u00e1 An\u00fd\u017eov\u00e1","date":"09\/07\/2023","format":false,"excerpt":"0\u00a6\u00a01\u00a6\u00a02\u00a6\u00a03\u00a6\u00a04\u00a6\u00a05\u00a6\u00a06\u00a6\u00a07\u00a6\u00a08\u00a6\u00a09\u00a6 12\u00a6\u00a013\u00a6\u00a014\u00a6\u00a015\u00a6\u00a016\u00a6\u00a017\u00a6\u00a018\u00a6\u00a019\u00a6\u00a020\u00a6 10\u00a6\u00a0 11\u00a6 21\u00a6 \u00a0 \u2190\u00a0Unsere Webcams \u2190\u00a0YouTube Live","rel":"","context":"V \u201e\"Unsere\" Turmfalken\u201c","block_context":{"text":"\"Unsere\" Turmfalken","link":"https:\/\/tinnunculus.sy-sy.cz\/index.php\/de\/category\/mieter-und-besucher\/unsere-turmfalken\/"},"img":{"alt_text":"Camera 16","src":"https:\/\/sy-sy.cz\/cam\/webapi\/entry.cgi?api=SYNO.SurveillanceStation.Stream.VideoStreaming&version=1&method=Stream&format=mjpeg&cameraId=9&StmKey=%22db5e85a3d4c2c8cc043080a7d4bb298f%22","width":350,"height":200,"srcset":"https:\/\/sy-sy.cz\/cam\/webapi\/entry.cgi?api=SYNO.SurveillanceStation.Stream.VideoStreaming&version=1&method=Stream&format=mjpeg&cameraId=9&StmKey=%22db5e85a3d4c2c8cc043080a7d4bb298f%22 1x, https:\/\/sy-sy.cz\/cam\/webapi\/entry.cgi?api=SYNO.SurveillanceStation.Stream.VideoStreaming&version=1&method=Stream&format=mjpeg&cameraId=9&StmKey=%22db5e85a3d4c2c8cc043080a7d4bb298f%22 1.5x, https:\/\/sy-sy.cz\/cam\/webapi\/entry.cgi?api=SYNO.SurveillanceStation.Stream.VideoStreaming&version=1&method=Stream&format=mjpeg&cameraId=9&StmKey=%22db5e85a3d4c2c8cc043080a7d4bb298f%22 2x, https:\/\/sy-sy.cz\/cam\/webapi\/entry.cgi?api=SYNO.SurveillanceStation.Stream.VideoStreaming&version=1&method=Stream&format=mjpeg&cameraId=9&StmKey=%22db5e85a3d4c2c8cc043080a7d4bb298f%22 3x"},"classes":[]}],"jetpack_sharing_enabled":true,"_links":{"self":[{"href":"https:\/\/tinnunculus.sy-sy.cz\/index.php\/wp-json\/wp\/v2\/pages\/21204","targetHints":{"allow":["GET"]}}],"collection":[{"href":"https:\/\/tinnunculus.sy-sy.cz\/index.php\/wp-json\/wp\/v2\/pages"}],"about":[{"href":"https:\/\/tinnunculus.sy-sy.cz\/index.php\/wp-json\/wp\/v2\/types\/page"}],"author":[{"embeddable":true,"href":"https:\/\/tinnunculus.sy-sy.cz\/index.php\/wp-json\/wp\/v2\/users\/2"}],"replies":[{"embeddable":true,"href":"https:\/\/tinnunculus.sy-sy.cz\/index.php\/wp-json\/wp\/v2\/comments?post=21204"}],"version-history":[{"count":3,"href":"https:\/\/tinnunculus.sy-sy.cz\/index.php\/wp-json\/wp\/v2\/pages\/21204\/revisions"}],"predecessor-version":[{"id":46541,"href":"https:\/\/tinnunculus.sy-sy.cz\/index.php\/wp-json\/wp\/v2\/pages\/21204\/revisions\/46541"}],"wp:attachment":[{"href":"https:\/\/tinnunculus.sy-sy.cz\/index.php\/wp-json\/wp\/v2\/media?parent=21204"}],"wp:term":[{"taxonomy":"category","embeddable":true,"href":"https:\/\/tinnunculus.sy-sy.cz\/index.php\/wp-json\/wp\/v2\/categories?post=21204"},{"taxonomy":"post_tag","embeddable":true,"href":"https:\/\/tinnunculus.sy-sy.cz\/index.php\/wp-json\/wp\/v2\/tags?post=21204"}],"curies":[{"name":"wp","href":"https:\/\/api.w.org\/{rel}","templated":true}]}}