{"id":21198,"date":"2023-03-31T22:14:47","date_gmt":"2023-03-31T20:14:47","guid":{"rendered":"https:\/\/tinnunculus.sy-sy.cz\/?page_id=21198"},"modified":"2026-03-08T11:02:21","modified_gmt":"2026-03-08T10:02:21","slug":"crecerelles-de-brno","status":"publish","type":"page","link":"https:\/\/tinnunculus.sy-sy.cz\/index.php\/fr\/crecerelles-de-brno\/","title":{"rendered":"Cr\u00e9cerelles de Brno"},"content":{"rendered":"<blockquote class=\"alignleft\"><p>&nbsp;<\/p>\n<p>Ici, vous pouvez comparer ce qui se passe sur notre balcon dans le lotissement Bystrc dans la banlieue de Brno avec les \u00e9v\u00e9nements actuels dans le nichoir du centre-ville sur la rue Francouzsk\u00e1 ou dans le lotissement Bohunice.<\/p>\n<p><a href=\"https:\/\/tinnunculus.sy-sy.cz\/index.php\/fr\/nos-webcams\/\">Nos autres cam\u00e9ras<\/a><br \/>\n<a href=\"https:\/\/tinnunculus.sy-sy.cz\/index.php\/fr\/liens\/falco-tinnunculus-online-2\/\">Diffusions en direct d&#8217;autres localit\u00e9s<\/a>.<\/p><\/blockquote>\n<hr \/>\n<p><iframe style=\"border: none; overflow: hidden; width: 560px; height: 315px;\" src=\"https:\/\/camstreamer.com\/embed\/A7NqLLFPJXtvFYnNq0lyj4NzktH1FZof7pI4eqpY\" allowfullscreen=\"allowfullscreen\"><\/iframe><\/p>\n<p><iframe loading=\"lazy\" src=\"https:\/\/camstreamer.com\/embed\/qB2jEWYi34weOpXfEyzec9lOhIFvkCCrmzvxEdMx?rel=0\" width=\"560\" height=\"315\" frameborder=\"0\" allowfullscreen=\"allowfullscreen\"><\/iframe><\/p>\n<p><em>La diffusion en direct de Bohunice n&#8217;a&nbsp;pas encore commenc\u00e9 pour la saison 2026. Les enregistrements des ann\u00e9es pr\u00e9c\u00e9dentes sont disponibles <a href=\"https:\/\/www.youtube.com\/@vaclavzavadil7596\/streams\">ici<\/a>.<\/em><\/p>\n","protected":false},"excerpt":{"rendered":"<p>&nbsp; Ici, vous pouvez comparer ce qui se passe sur notre balcon dans le lotissement Bystrc dans la banlieue de Brno avec les \u00e9v\u00e9nements actuels dans le nichoir du centre-ville sur la rue Francouzsk\u00e1 ou dans le lotissement Bohunice. Nos autres cam\u00e9ras Diffusions en direct d&#8217;autres localit\u00e9s. La diffusion en direct de Bohunice n&#8217;a&nbsp;pas encore &hellip; <\/p>\n<p class=\"link-more\"><a href=\"https:\/\/tinnunculus.sy-sy.cz\/index.php\/fr\/crecerelles-de-brno\/\" class=\"more-link\">Pokra\u010dovat ve \u010dten\u00ed<span class=\"screen-reader-text\"> &#8222;Cr\u00e9cerelles de Brno&#8220;<\/span><\/a><\/p>\n","protected":false},"author":2,"featured_media":0,"parent":0,"menu_order":65,"comment_status":"closed","ping_status":"closed","template":"","meta":{"footnotes":""},"categories":[1165,1157,1171,1189,1183],"tags":[],"class_list":["post-21198","page","type-page","status-publish","hentry","category-cameras-web","category-diffusion-en-direct","category-en-ligne-dailleurs","category-en-ligne-depuis-notre-balcon","category-falco-tinnunculus-online-fr"],"jetpack_shortlink":"https:\/\/wp.me\/P91gKE-5vU","jetpack-related-posts":[{"id":11894,"url":"https:\/\/tinnunculus.sy-sy.cz\/index.php\/fr\/nos-crecerelles-online\/nos-webcams\/","url_meta":{"origin":21198,"position":0},"title":"Nos webcams","author":"Zuzana Syrov\u00e1 An\u00fd\u017eov\u00e1","date":"03\/04\/2020","format":false,"excerpt":"0\u00a6\u00a01\u00a6\u00a02\u00a6\u00a03\u00a6\u00a04\u00a6\u00a05\u00a6\u00a06\u00a6\u00a07\u00a6\u00a08\u00a6\u00a09\u00a6\u00a012\u00a6\u00a013\u00a6\u00a014\u00a6\u00a015\u00a6\u00a016\u00a6\u00a017\u00a6\u00a018\u00a6\u00a019\u00a6\u00a020\u00a6 10\u00a6\u00a0 11\u00a6 21\u00a6 \u2190\u00a0Liste des cam\u00e9ras Coin derri\u00e8re la porte du balcon avec le nouveau nid \u2013 AXIS M1135 (1) Nouveau nid \u00a6\u00a0Perchoirs au-dessus du nouveau nid \u00a6 Nichoirs des martinets \u2013 AXIS M2014-E (1) Perchoirs au-dessus du nouveau nid \u2013 AXIS M1125 (1) Perchoirs au-dessus de l'ancien nid\u2026","rel":"","context":"V \u201e\"Nos\" cr\u00e9cerelles\u201c","block_context":{"text":"\"Nos\" cr\u00e9cerelles","link":"https:\/\/tinnunculus.sy-sy.cz\/index.php\/fr\/category\/locataires-et-visiteurs\/nos-crecerelles\/"},"img":{"alt_text":"","src":"https:\/\/i0.wp.com\/tinnunculus.sy-sy.cz\/wp-content\/uploads\/2021\/05\/youtube-1718976_960_720-300x300.png?resize=350%2C200&ssl=1","width":350,"height":200},"classes":[]},{"id":12884,"url":"https:\/\/tinnunculus.sy-sy.cz\/index.php\/fr\/des-souris-et-des-crecerelles\/","url_meta":{"origin":21198,"position":1},"title":"Des souris et des cr\u00e9cerelles","author":"Zuzana Syrov\u00e1 An\u00fd\u017eov\u00e1","date":"30\/05\/2020","format":false,"excerpt":"Les faucons cr\u00e9cerelles vivent depuis longtemps avec nous sur le balcon de notre appartement dans la banlieue de Brno. Au d\u00e9part, ils utilisaient notre balcon uniquement comme abri et dortoir, mais depuis l'incendie de 2006, la situation a chang\u00e9. \u00c0 partir de la saison 2007, les cr\u00e9cerelles nichent ici. L'histoire\u2026","rel":"","context":"V \u201e\"Nos\" cr\u00e9cerelles\u201c","block_context":{"text":"\"Nos\" cr\u00e9cerelles","link":"https:\/\/tinnunculus.sy-sy.cz\/index.php\/fr\/category\/locataires-et-visiteurs\/nos-crecerelles\/"},"img":{"alt_text":"","src":"https:\/\/i0.wp.com\/tinnunculus.sy-sy.cz\/wp-content\/uploads\/2017\/08\/dsc22907_24x10cb-e1501697514766.jpg?fit=1200%2C500&ssl=1&resize=350%2C200","width":350,"height":200,"srcset":"https:\/\/i0.wp.com\/tinnunculus.sy-sy.cz\/wp-content\/uploads\/2017\/08\/dsc22907_24x10cb-e1501697514766.jpg?fit=1200%2C500&ssl=1&resize=350%2C200 1x, https:\/\/i0.wp.com\/tinnunculus.sy-sy.cz\/wp-content\/uploads\/2017\/08\/dsc22907_24x10cb-e1501697514766.jpg?fit=1200%2C500&ssl=1&resize=525%2C300 1.5x, https:\/\/i0.wp.com\/tinnunculus.sy-sy.cz\/wp-content\/uploads\/2017\/08\/dsc22907_24x10cb-e1501697514766.jpg?fit=1200%2C500&ssl=1&resize=700%2C400 2x, https:\/\/i0.wp.com\/tinnunculus.sy-sy.cz\/wp-content\/uploads\/2017\/08\/dsc22907_24x10cb-e1501697514766.jpg?fit=1200%2C500&ssl=1&resize=1050%2C600 3x"},"classes":[]},{"id":9870,"url":"https:\/\/tinnunculus.sy-sy.cz\/index.php\/fr\/introduction-2\/","url_meta":{"origin":21198,"position":2},"title":"Introduction","author":"Zuzana Syrov\u00e1 An\u00fd\u017eov\u00e1","date":"09\/12\/2019","format":false,"excerpt":"Bienvenue chez les faucons cr\u00e9cerelles de Brno! Ce site est d\u00e9di\u00e9 aux faucons cr\u00e9cerelles, qui nichent sur notre balcon depuis 2007. Les faucons y passent la nuit sur les perchoirs souvent pendant toute l'ann\u00e9e. Un nichoir pour les martinets noirs est situ\u00e9 au-dessus de la fen\u00eatre voisine. Jusqu'\u00e0 pr\u00e9sent, nos\u2026","rel":"","context":"Podobn\u00fd p\u0159\u00edsp\u011bvek","block_context":{"text":"Podobn\u00fd p\u0159\u00edsp\u011bvek","link":""},"img":{"alt_text":"","src":"","width":0,"height":0},"classes":[]},{"id":9963,"url":"https:\/\/tinnunculus.sy-sy.cz\/index.php\/fr\/oiseaux-en-direct\/falco-tinnunculus-online-2\/","url_meta":{"origin":21198,"position":3},"title":"Falco tinnunculus online","author":"Zuzana Syrov\u00e1 An\u00fd\u017eov\u00e1","date":"10\/12\/2019","format":false,"excerpt":"Mis \u00e0 jour Termes tch\u00e8ques: lokalita = localisation, localit\u00e9 kamera = cam\u00e9ra Abr\u00e9viations: on+ cam\u00e9ra on-line on- cam\u00e9ra on-line,\u00a0mais un autre genre d'oiseau off\u00a0 cam\u00e9ra off-line Le tableau montre la derni\u00e8re ann\u00e9e au cours de laquelle les cr\u00e9cerelles ont nich\u00e9 avec succ\u00e8s ou sans succ\u00e8s dans la localit\u00e9. Codes des\u2026","rel":"","context":"Podobn\u00fd p\u0159\u00edsp\u011bvek","block_context":{"text":"Podobn\u00fd p\u0159\u00edsp\u011bvek","link":""},"img":{"alt_text":"","src":"","width":0,"height":0},"classes":[]},{"id":39226,"url":"https:\/\/tinnunculus.sy-sy.cz\/index.php\/fr\/la-faune-de-notre-maison-de-campagne\/","url_meta":{"origin":21198,"position":4},"title":"Faune de notre maison de \u010cist\u00e1","author":"Zuzana Syrov\u00e1 An\u00fd\u017eov\u00e1","date":"22\/01\/2025","format":false,"excerpt":"\ufeff Notre maison de campagne \u00e0 \u010cist\u00e1 pr\u00e8s de Litomy\u0161l abrite plusieurs animaux : des rougequeues \u00e0 front blanc, des sittelles, des chauves-souris et des martres. En 2022, nous avons d\u00e9couvert dans le grenier au-dessus des pelotes de r\u00e9jection\u00a0qui indiquent la pr\u00e9sence d'une chouette effraie. C'est pourquoi, en d\u00e9cembre 2024,\u2026","rel":"","context":"V \u201eLocataires et visiteurs\u201c","block_context":{"text":"Locataires et visiteurs","link":"https:\/\/tinnunculus.sy-sy.cz\/index.php\/fr\/category\/locataires-et-visiteurs\/"},"img":{"alt_text":"","src":"","width":0,"height":0},"classes":[]},{"id":10008,"url":"https:\/\/tinnunculus.sy-sy.cz\/index.php\/fr\/oiseaux-en-direct\/apus-apus-online\/","url_meta":{"origin":21198,"position":5},"title":"Apus apus online","author":"Zuzana Syrov\u00e1 An\u00fd\u017eov\u00e1","date":"10\/12\/2019","format":false,"excerpt":"Mis \u00e0 jour Termes tch\u00e8ques: lokalita = localisation, localit\u00e9 kamera = cam\u00e9ra Abr\u00e9viations: on+ cam\u00e9ra on-line on- cam\u00e9ra on-line,\u00a0mais un autre genre d'oiseau off\u00a0 cam\u00e9ra off-line Le tableau montre la derni\u00e8re ann\u00e9e au cours de laquelle les martinets ont nich\u00e9 avec succ\u00e8s ou sans succ\u00e8s dans la localit\u00e9. Codes des\u2026","rel":"","context":"Podobn\u00fd p\u0159\u00edsp\u011bvek","block_context":{"text":"Podobn\u00fd p\u0159\u00edsp\u011bvek","link":""},"img":{"alt_text":"","src":"","width":0,"height":0},"classes":[]}],"jetpack_sharing_enabled":true,"_links":{"self":[{"href":"https:\/\/tinnunculus.sy-sy.cz\/index.php\/wp-json\/wp\/v2\/pages\/21198","targetHints":{"allow":["GET"]}}],"collection":[{"href":"https:\/\/tinnunculus.sy-sy.cz\/index.php\/wp-json\/wp\/v2\/pages"}],"about":[{"href":"https:\/\/tinnunculus.sy-sy.cz\/index.php\/wp-json\/wp\/v2\/types\/page"}],"author":[{"embeddable":true,"href":"https:\/\/tinnunculus.sy-sy.cz\/index.php\/wp-json\/wp\/v2\/users\/2"}],"replies":[{"embeddable":true,"href":"https:\/\/tinnunculus.sy-sy.cz\/index.php\/wp-json\/wp\/v2\/comments?post=21198"}],"version-history":[{"count":3,"href":"https:\/\/tinnunculus.sy-sy.cz\/index.php\/wp-json\/wp\/v2\/pages\/21198\/revisions"}],"predecessor-version":[{"id":46539,"href":"https:\/\/tinnunculus.sy-sy.cz\/index.php\/wp-json\/wp\/v2\/pages\/21198\/revisions\/46539"}],"wp:attachment":[{"href":"https:\/\/tinnunculus.sy-sy.cz\/index.php\/wp-json\/wp\/v2\/media?parent=21198"}],"wp:term":[{"taxonomy":"category","embeddable":true,"href":"https:\/\/tinnunculus.sy-sy.cz\/index.php\/wp-json\/wp\/v2\/categories?post=21198"},{"taxonomy":"post_tag","embeddable":true,"href":"https:\/\/tinnunculus.sy-sy.cz\/index.php\/wp-json\/wp\/v2\/tags?post=21198"}],"curies":[{"name":"wp","href":"https:\/\/api.w.org\/{rel}","templated":true}]}}