{"id":21172,"date":"2023-03-30T07:54:39","date_gmt":"2023-03-30T05:54:39","guid":{"rendered":"https:\/\/tinnunculus.sy-sy.cz\/?page_id=21172"},"modified":"2026-03-08T11:03:04","modified_gmt":"2026-03-08T10:03:04","slug":"brno-kestrels","status":"publish","type":"page","link":"https:\/\/tinnunculus.sy-sy.cz\/index.php\/en\/brno-kestrels\/","title":{"rendered":"Brno kestrels"},"content":{"rendered":"<blockquote class=\"alignleft\"><p>&nbsp;<\/p>\n<p>Here you can compare what is happening on our balcony in the Bystrc housing estate in the suburbs of Brno with the current events in the nestbox in the city center on Francouzsk\u00e1 Street or in the Bohunice housing estate.<\/p>\n<p><a href=\"https:\/\/tinnunculus.sy-sy.cz\/index.php\/en\/our-webcams\/\">Our other cameras<\/a><br \/>\n<a href=\"https:\/\/tinnunculus.sy-sy.cz\/index.php\/en\/birds-online\/falco-tinnunculus-online\/\">Live broadcasts from other locations<\/a>.<\/p><\/blockquote>\n<hr \/>\n<p><iframe style=\"border: none; overflow: hidden; width: 560px; height: 315px;\" src=\"https:\/\/camstreamer.com\/embed\/A7NqLLFPJXtvFYnNq0lyj4NzktH1FZof7pI4eqpY\" allowfullscreen=\"allowfullscreen\"><\/iframe><\/p>\n<p><iframe loading=\"lazy\" src=\"https:\/\/camstreamer.com\/embed\/qB2jEWYi34weOpXfEyzec9lOhIFvkCCrmzvxEdMx?rel=0\" width=\"560\" height=\"315\" frameborder=\"0\" allowfullscreen=\"allowfullscreen\"><\/iframe><\/p>\n<p><em>The live broadcast from Bohunice has not started yet in the 2026 season. Records from previous years can be found <a href=\"https:\/\/www.youtube.com\/@vaclavzavadil7596\/streams\" target=\"_blank\" rel=\"noopener\">here<\/a>..<\/em><\/p>\n","protected":false},"excerpt":{"rendered":"<p>&nbsp; Here you can compare what is happening on our balcony in the Bystrc housing estate in the suburbs of Brno with the current events in the nestbox in the city center on Francouzsk\u00e1 Street or in the Bohunice housing estate. Our other cameras Live broadcasts from other locations. The live broadcast from Bohunice has &hellip; <\/p>\n<p class=\"link-more\"><a href=\"https:\/\/tinnunculus.sy-sy.cz\/index.php\/en\/brno-kestrels\/\" class=\"more-link\">Pokra\u010dovat ve \u010dten\u00ed<span class=\"screen-reader-text\"> &#8222;Brno kestrels&#8220;<\/span><\/a><\/p>\n","protected":false},"author":2,"featured_media":0,"parent":0,"menu_order":65,"comment_status":"closed","ping_status":"closed","template":"","meta":{"jetpack_post_was_ever_published":false,"footnotes":""},"categories":[1163,1181,1159,1169,1187],"tags":[],"class_list":["post-21172","page","type-page","status-publish","hentry","category-webcams","category-falco-tinnunculus-online-en","category-live-broadcast","category-online-from-anywhere-else","category-online-from-our-balcony"],"jetpack_shortlink":"https:\/\/wp.me\/P91gKE-5vu","jetpack-related-posts":[{"id":1655,"url":"https:\/\/tinnunculus.sy-sy.cz\/index.php\/en\/basic-info\/","url_meta":{"origin":21172,"position":0},"title":"Of Mice and Kestrels","author":"Zuzana Syrov\u00e1 An\u00fd\u017eov\u00e1","date":"08\/08\/2017","format":false,"excerpt":"Kestrels (common or european kestrels) stay with us in our flat in a\u00a0housing estate in the suburb of Brno for a long time. Initially they used our balcony only as a shelter and dormitory, but since the fire in 2006, the situation changed. Starting with the 2007 season\u00a0kestrels are nesting\u2026","rel":"","context":"V \u201e\"Our\" kestrels\u201c","block_context":{"text":"\"Our\" kestrels","link":"https:\/\/tinnunculus.sy-sy.cz\/index.php\/en\/category\/tenants-and-visitors\/our-kestrels-en\/"},"img":{"alt_text":"","src":"https:\/\/i0.wp.com\/tinnunculus.sy-sy.cz\/wp-content\/uploads\/2017\/08\/dsc22907_24x10cb-e1501697514766.jpg?fit=1200%2C500&ssl=1&resize=350%2C200","width":350,"height":200,"srcset":"https:\/\/i0.wp.com\/tinnunculus.sy-sy.cz\/wp-content\/uploads\/2017\/08\/dsc22907_24x10cb-e1501697514766.jpg?fit=1200%2C500&ssl=1&resize=350%2C200 1x, https:\/\/i0.wp.com\/tinnunculus.sy-sy.cz\/wp-content\/uploads\/2017\/08\/dsc22907_24x10cb-e1501697514766.jpg?fit=1200%2C500&ssl=1&resize=525%2C300 1.5x, https:\/\/i0.wp.com\/tinnunculus.sy-sy.cz\/wp-content\/uploads\/2017\/08\/dsc22907_24x10cb-e1501697514766.jpg?fit=1200%2C500&ssl=1&resize=700%2C400 2x, https:\/\/i0.wp.com\/tinnunculus.sy-sy.cz\/wp-content\/uploads\/2017\/08\/dsc22907_24x10cb-e1501697514766.jpg?fit=1200%2C500&ssl=1&resize=1050%2C600 3x"},"classes":[]},{"id":9804,"url":"https:\/\/tinnunculus.sy-sy.cz\/index.php\/en\/online\/","url_meta":{"origin":21172,"position":1},"title":"&#8222;Our&#8220; kestrels online","author":"Zuzana Syrov\u00e1 An\u00fd\u017eov\u00e1","date":"08\/12\/2019","format":false,"excerpt":"0\u00a6\u00a01\u00a6\u00a02\u00a6\u00a03\u00a6\u00a04\u00a6\u00a05\u00a6\u00a06\u00a6\u00a07\u00a6\u00a08\u00a6\u00a09\u00a612\u00a6\u00a013\u00a6\u00a014\u00a6\u00a015\u00a6\u00a016\u00a6\u00a017\u00a6\u00a018\u00a6\u00a019\u00a6\u00a020\u00a6 10\u00a6\u00a0 11\u00a6 21\u00a6 \u00a0 A virtual window into our balcony... Click the camera number to open the\u00a0 camera page; you can also select it from a list of our cameras. Main camera groups: the kestrel balcony\u00a0\u00a6\u00a0the swift nestboxes\u00a0\u00a6\u00a0the kestrel window. We are also testing a live stream on our\u2026","rel":"","context":"V \u201e\"Our\" kestrels\u201c","block_context":{"text":"\"Our\" kestrels","link":"https:\/\/tinnunculus.sy-sy.cz\/index.php\/en\/category\/tenants-and-visitors\/our-kestrels-en\/"},"img":{"alt_text":"Camera 1","src":"https:\/\/sy-sy.cz\/cam\/webapi\/entry.cgi?api=SYNO.SurveillanceStation.Stream.VideoStreaming&version=1&method=Stream&format=mjpeg&cameraId=2&StmKey=%229853f85e3f00a090389e5f3da7058a2c%22","width":350,"height":200,"srcset":"https:\/\/sy-sy.cz\/cam\/webapi\/entry.cgi?api=SYNO.SurveillanceStation.Stream.VideoStreaming&version=1&method=Stream&format=mjpeg&cameraId=2&StmKey=%229853f85e3f00a090389e5f3da7058a2c%22 1x, https:\/\/sy-sy.cz\/cam\/webapi\/entry.cgi?api=SYNO.SurveillanceStation.Stream.VideoStreaming&version=1&method=Stream&format=mjpeg&cameraId=2&StmKey=%229853f85e3f00a090389e5f3da7058a2c%22 1.5x, https:\/\/sy-sy.cz\/cam\/webapi\/entry.cgi?api=SYNO.SurveillanceStation.Stream.VideoStreaming&version=1&method=Stream&format=mjpeg&cameraId=2&StmKey=%229853f85e3f00a090389e5f3da7058a2c%22 2x, https:\/\/sy-sy.cz\/cam\/webapi\/entry.cgi?api=SYNO.SurveillanceStation.Stream.VideoStreaming&version=1&method=Stream&format=mjpeg&cameraId=2&StmKey=%229853f85e3f00a090389e5f3da7058a2c%22 3x, https:\/\/sy-sy.cz\/cam\/webapi\/entry.cgi?api=SYNO.SurveillanceStation.Stream.VideoStreaming&version=1&method=Stream&format=mjpeg&cameraId=2&StmKey=%229853f85e3f00a090389e5f3da7058a2c%22 4x"},"classes":[]},{"id":22502,"url":"https:\/\/tinnunculus.sy-sy.cz\/index.php\/en\/online\/our-webcams\/our-kestrels-webcams-on-the-floor\/","url_meta":{"origin":21172,"position":2},"title":"\u201cOur\u201d kestrels (web)cams: on the floor","author":"Zuzana Syrov\u00e1 An\u00fd\u017eov\u00e1","date":"08\/05\/2023","format":false,"excerpt":"\u00a0 You can scroll througit the of cameras. Click on the camera window to enlarge the preview. Click on its name to open the camera page. Camera groups: nest, perches, railing, outside the window, on the floor. You can also watch kestrels on the swift nestboxes. \u00a6 nest \u00a6 perches\u2026","rel":"","context":"V \u201e(Web) cameras\u201c","block_context":{"text":"(Web) cameras","link":"https:\/\/tinnunculus.sy-sy.cz\/index.php\/en\/category\/live-broadcast\/webcams\/"},"img":{"alt_text":"","src":"","width":0,"height":0},"classes":[]},{"id":22488,"url":"https:\/\/tinnunculus.sy-sy.cz\/index.php\/en\/online\/our-webcams\/our-kestrels-webcams-nest\/","url_meta":{"origin":21172,"position":3},"title":"\u201cOur\u201d kestrels (web)cams: nest","author":"Zuzana Syrov\u00e1 An\u00fd\u017eov\u00e1","date":"08\/05\/2023","format":false,"excerpt":"\u00a0 You can scroll througit the of cameras. Click on the camera window to enlarge the preview. Click on its name to open the camera page. Camera groups: nest, perches, railing, outside the window, on the floor. You can also watch kestrels on the swift nestboxes. \u00a6 nest \u00a6 perches\u2026","rel":"","context":"V \u201e(Web) cameras\u201c","block_context":{"text":"(Web) cameras","link":"https:\/\/tinnunculus.sy-sy.cz\/index.php\/en\/category\/live-broadcast\/webcams\/"},"img":{"alt_text":"","src":"","width":0,"height":0},"classes":[]},{"id":22492,"url":"https:\/\/tinnunculus.sy-sy.cz\/index.php\/en\/online\/our-webcams\/our-kestrels-webcams-perches\/","url_meta":{"origin":21172,"position":4},"title":"\u201cOur\u201d kestrels (web)cams: perches","author":"Zuzana Syrov\u00e1 An\u00fd\u017eov\u00e1","date":"08\/05\/2023","format":false,"excerpt":"\u00a0 You can scroll througit the of cameras. Click on the camera window to enlarge the preview. Click on its name to open the camera page. Camera groups: nest, perch, railing, outside the window, on the floor. You can also watch kestrels on the swift nestboxes. \u00a6 nest \u00a6 perches\u2026","rel":"","context":"V \u201e(Web) cameras\u201c","block_context":{"text":"(Web) cameras","link":"https:\/\/tinnunculus.sy-sy.cz\/index.php\/en\/category\/live-broadcast\/webcams\/"},"img":{"alt_text":"","src":"","width":0,"height":0},"classes":[]},{"id":22500,"url":"https:\/\/tinnunculus.sy-sy.cz\/index.php\/en\/online\/our-webcams\/our-kestrels-webcams-outside-the-window\/","url_meta":{"origin":21172,"position":5},"title":"\u201cOur\u201d kestrels (web)cams: outside the window","author":"Zuzana Syrov\u00e1 An\u00fd\u017eov\u00e1","date":"08\/05\/2023","format":false,"excerpt":"\u00a0 You can scroll througit the of cameras. Click on the camera window to enlarge the preview. Click on its name to open the camera page. Camera groups: nest, perches, railing, outside the window, on the floor. You can also watch kestrels on the swift nestboxes. \u00a6 nest \u00a6 perches\u2026","rel":"","context":"V \u201e(Web) cameras\u201c","block_context":{"text":"(Web) cameras","link":"https:\/\/tinnunculus.sy-sy.cz\/index.php\/en\/category\/live-broadcast\/webcams\/"},"img":{"alt_text":"","src":"","width":0,"height":0},"classes":[]}],"jetpack_sharing_enabled":true,"_links":{"self":[{"href":"https:\/\/tinnunculus.sy-sy.cz\/index.php\/wp-json\/wp\/v2\/pages\/21172","targetHints":{"allow":["GET"]}}],"collection":[{"href":"https:\/\/tinnunculus.sy-sy.cz\/index.php\/wp-json\/wp\/v2\/pages"}],"about":[{"href":"https:\/\/tinnunculus.sy-sy.cz\/index.php\/wp-json\/wp\/v2\/types\/page"}],"author":[{"embeddable":true,"href":"https:\/\/tinnunculus.sy-sy.cz\/index.php\/wp-json\/wp\/v2\/users\/2"}],"replies":[{"embeddable":true,"href":"https:\/\/tinnunculus.sy-sy.cz\/index.php\/wp-json\/wp\/v2\/comments?post=21172"}],"version-history":[{"count":3,"href":"https:\/\/tinnunculus.sy-sy.cz\/index.php\/wp-json\/wp\/v2\/pages\/21172\/revisions"}],"predecessor-version":[{"id":46540,"href":"https:\/\/tinnunculus.sy-sy.cz\/index.php\/wp-json\/wp\/v2\/pages\/21172\/revisions\/46540"}],"wp:attachment":[{"href":"https:\/\/tinnunculus.sy-sy.cz\/index.php\/wp-json\/wp\/v2\/media?parent=21172"}],"wp:term":[{"taxonomy":"category","embeddable":true,"href":"https:\/\/tinnunculus.sy-sy.cz\/index.php\/wp-json\/wp\/v2\/categories?post=21172"},{"taxonomy":"post_tag","embeddable":true,"href":"https:\/\/tinnunculus.sy-sy.cz\/index.php\/wp-json\/wp\/v2\/tags?post=21172"}],"curies":[{"name":"wp","href":"https:\/\/api.w.org\/{rel}","templated":true}]}}