{"id":21002,"date":"2023-03-19T13:49:22","date_gmt":"2023-03-19T12:49:22","guid":{"rendered":"https:\/\/tinnunculus.sy-sy.cz\/?page_id=21002"},"modified":"2025-03-14T23:58:36","modified_gmt":"2025-03-14T22:58:36","slug":"kalender","status":"publish","type":"page","link":"https:\/\/tinnunculus.sy-sy.cz\/index.php\/de\/kalender\/","title":{"rendered":"Kalender"},"content":{"rendered":"<div class=\"pt-cv-wrapper\"><div class=\"pt-cv-view pt-cv-collapsible\" id=\"pt-cv-view-2669431tp7\"><div data-id=\"pt-cv-page-1\" class=\"pt-cv-page\" data-cvc=\"1\"><div class=\"panel-group\" id=\"23fc8cb1ep\"><div class=\"panel panel-default pt-cv-content-item pt-cv-1-col\" >\r\n<div class=\"panel-heading pt-cv-title\">\r\n    <a class=\"panel-title\" data-toggle=\"cvcollapse\" data-parent=\"#23fc8cb1ep\" data-target=\"#a87ddbehea\" href='https:\/\/tinnunculus.sy-sy.cz\/index.php\/de\/2025\/12\/05\/kalender-2026\/' onclick='event.preventDefault()'>\r\n\t\tKalender 2026\t<\/a>\r\n\t<\/div>\r\n<div id=\"a87ddbehea\" class=\"panel-collapse collapse in\">\r\n\t<div class=\"panel-body\">\r\n\t\t<div class=\"pt-cv-content\"><p><a href=\"https:\/\/tinnunculus.sy-sy.cz\/wp-content\/uploads\/2025\/12\/calendar2026_b11-DEr.pdf\" class=\"pdfemb-viewer\" style=\"\" data-width=\"max\" data-height=\"max\" data-toolbar=\"bottom\" data-toolbar-fixed=\"off\">calendar2026_b11-DEr<\/a><br \/>\n <a href=\"https:\/\/tinnunculus.sy-sy.cz\/index.php\/de\/2025\/12\/05\/kalender-2026\/#more-45131\" class=\"more-link\"><span aria-label=\"Pokra\u010dov\u00e1n\u00ed textu Kalender 2026\">(Pokra\u010dov\u00e1n\u00ed textu&hellip;)<\/span><\/a><\/p>\n<\/div>\t<\/div>\r\n<\/div><\/div>\n<div class=\"panel panel-default pt-cv-content-item pt-cv-1-col\" >\r\n<div class=\"panel-heading pt-cv-title\">\r\n    <a class=\"panel-title\" data-toggle=\"cvcollapse\" data-parent=\"#23fc8cb1ep\" data-target=\"#8517fbff5u\" href='https:\/\/tinnunculus.sy-sy.cz\/index.php\/de\/2024\/11\/30\/kalender-2025\/' onclick='event.preventDefault()'>\r\n\t\tKalender 2025\t<\/a>\r\n\t<\/div>\r\n<div id=\"8517fbff5u\" class=\"panel-collapse collapse \">\r\n\t<div class=\"panel-body\">\r\n\t\t<div class=\"pt-cv-content\"><a href=\"https:\/\/tinnunculus.sy-sy.cz\/wp-content\/uploads\/2024\/11\/calendar2025_b11-DEr.pdf\" class=\"pdfemb-viewer\" style=\"\" data-width=\"max\" data-height=\"max\" data-toolbar=\"bottom\" data-toolbar-fixed=\"off\">calendar2025_b11-DEr<\/a>\n<p> <a href=\"https:\/\/tinnunculus.sy-sy.cz\/index.php\/de\/2024\/11\/30\/kalender-2025\/#more-38285\" class=\"more-link\"><span aria-label=\"Pokra\u010dov\u00e1n\u00ed textu Kalender 2025\">(Pokra\u010dov\u00e1n\u00ed textu&hellip;)<\/span><\/a><\/p>\n<\/div>\t<\/div>\r\n<\/div><\/div>\n<div class=\"panel panel-default pt-cv-content-item pt-cv-1-col\" >\r\n<div class=\"panel-heading pt-cv-title\">\r\n    <a class=\"panel-title\" data-toggle=\"cvcollapse\" data-parent=\"#23fc8cb1ep\" data-target=\"#3260d8ealz\" href='https:\/\/tinnunculus.sy-sy.cz\/index.php\/de\/2023\/11\/29\/kalender-2024\/' onclick='event.preventDefault()'>\r\n\t\tKalender 2024\t<\/a>\r\n\t<\/div>\r\n<div id=\"3260d8ealz\" class=\"panel-collapse collapse \">\r\n\t<div class=\"panel-body\">\r\n\t\t<div class=\"pt-cv-content\"><a href=\"https:\/\/tinnunculus.sy-sy.cz\/wp-content\/uploads\/2023\/11\/calendar2024_b11-DEr.pdf\" class=\"pdfemb-viewer\" style=\"\" data-width=\"max\" data-height=\"max\" data-toolbar=\"bottom\" data-toolbar-fixed=\"off\">calendar2024_b11-DEr<\/a>\n<p> <a href=\"https:\/\/tinnunculus.sy-sy.cz\/index.php\/de\/2023\/11\/29\/kalender-2024\/#more-28119\" class=\"more-link\"><span aria-label=\"Pokra\u010dov\u00e1n\u00ed textu Kalender 2024\">(Pokra\u010dov\u00e1n\u00ed textu&hellip;)<\/span><\/a><\/p>\n<\/div>\t<\/div>\r\n<\/div><\/div>\n<div class=\"panel panel-default pt-cv-content-item pt-cv-1-col\" >\r\n<div class=\"panel-heading pt-cv-title\">\r\n    <a class=\"panel-title\" data-toggle=\"cvcollapse\" data-parent=\"#23fc8cb1ep\" data-target=\"#f73fefckv2\" href='https:\/\/tinnunculus.sy-sy.cz\/index.php\/de\/2022\/12\/19\/kalender-2023\/' onclick='event.preventDefault()'>\r\n\t\tKalender 2023\t<\/a>\r\n\t<\/div>\r\n<div id=\"f73fefckv2\" class=\"panel-collapse collapse \">\r\n\t<div class=\"panel-body\">\r\n\t\t<div class=\"pt-cv-content\"><p><a href=\"https:\/\/tinnunculus.sy-sy.cz\/wp-content\/uploads\/2022\/12\/calendar2023_b11-DEr.pdf\" class=\"pdfemb-viewer\" style=\"\" data-width=\"max\" data-height=\"max\" data-toolbar=\"bottom\" data-toolbar-fixed=\"off\">calendar2023_b11-DEr<\/a> <a href=\"https:\/\/tinnunculus.sy-sy.cz\/index.php\/de\/2022\/12\/19\/kalender-2023\/#more-20282\" class=\"more-link\"><span aria-label=\"Pokra\u010dov\u00e1n\u00ed textu Kalender 2023\">(Pokra\u010dov\u00e1n\u00ed textu&hellip;)<\/span><\/a><\/p>\n<\/div>\t<\/div>\r\n<\/div><\/div>\n<div class=\"panel panel-default pt-cv-content-item pt-cv-1-col\" >\r\n<div class=\"panel-heading pt-cv-title\">\r\n    <a class=\"panel-title\" data-toggle=\"cvcollapse\" data-parent=\"#23fc8cb1ep\" data-target=\"#d155ed58uk\" href='https:\/\/tinnunculus.sy-sy.cz\/index.php\/de\/2021\/12\/22\/kalender-2021-2\/' onclick='event.preventDefault()'>\r\n\t\tKalender 2022\t<\/a>\r\n\t<\/div>\r\n<div id=\"d155ed58uk\" class=\"panel-collapse collapse \">\r\n\t<div class=\"panel-body\">\r\n\t\t<div class=\"pt-cv-content\"><p><a href=\"https:\/\/tinnunculus.sy-sy.cz\/wp-content\/uploads\/2021\/12\/calendar2022_b11-DEr.pdf\" class=\"pdfemb-viewer\" style=\"\" data-width=\"max\" data-height=\"max\" data-toolbar=\"bottom\" data-toolbar-fixed=\"off\">calendar2022_b11-DEr<\/a> <a href=\"https:\/\/tinnunculus.sy-sy.cz\/index.php\/de\/2021\/12\/22\/kalender-2021-2\/#more-17499\" class=\"more-link\"><span aria-label=\"Pokra\u010dov\u00e1n\u00ed textu Kalender 2022\">(Pokra\u010dov\u00e1n\u00ed textu&hellip;)<\/span><\/a><\/p>\n<\/div>\t<\/div>\r\n<\/div><\/div><\/div><\/div><\/div>\n<div class=\" pt-cv-pagination-wrapper\"><ul class=\"pt-cv-pagination pt-cv-normal pagination\" data-totalpages=\"2\" data-currentpage=\"1\" data-sid=\"2669431tp7\" data-unid=\"\" data-isblock=\"\" data-postid=\"\"><li class=\"active\"><a href=\"#\">1<\/a><\/li>\n\t<li ><a class=\"\" href=\"https:\/\/tinnunculus.sy-sy.cz\/index.php\/wp-json\/wp\/v2\/pages\/21002\/?_page=2\">2<\/a><\/li>\n\t<li ><a class=\" \" href=\"https:\/\/tinnunculus.sy-sy.cz\/index.php\/wp-json\/wp\/v2\/pages\/21002\/?_page=2\">&rsaquo;<\/a><\/li>\n\t<\/ul><img loading=\"lazy\" decoding=\"async\" width=\"15\" height=\"15\" class=\"pt-cv-spinner\" alt=\"Loading...\" src=\"data:image\/gif;base64,R0lGODlhDwAPALMPAMrKygwMDJOTkz09PZWVla+vr3p6euTk5M7OzuXl5TMzMwAAAJmZmWZmZszMzP\/\/\/yH\/C05FVFNDQVBFMi4wAwEAAAAh+QQFCgAPACwAAAAADwAPAAAEQvDJaZaZOIcV8iQK8VRX4iTYoAwZ4iCYoAjZ4RxejhVNoT+mRGP4cyF4Pp0N98sBGIBMEMOotl6YZ3S61Bmbkm4mAgAh+QQFCgAPACwAAAAADQANAAAENPDJSRSZeA418itN8QiK8BiLITVsFiyBBIoYqnoewAD4xPw9iY4XLGYSjkQR4UAUD45DLwIAIfkEBQoADwAsAAAAAA8ACQAABC\/wyVlamTi3nSdgwFNdhEJgTJoNyoB9ISYoQmdjiZPcj7EYCAeCF1gEDo4Dz2eIAAAh+QQFCgAPACwCAAAADQANAAAEM\/DJBxiYeLKdX3IJZT1FU0iIg2RNKx3OkZVnZ98ToRD4MyiDnkAh6BkNC0MvsAj0kMpHBAAh+QQFCgAPACwGAAAACQAPAAAEMDC59KpFDll73HkAA2wVY5KgiK5b0RRoI6MuzG6EQqCDMlSGheEhUAgqgUUAFRySIgAh+QQFCgAPACwCAAIADQANAAAEM\/DJKZNLND\/kkKaHc3xk+QAMYDKsiaqmZCxGVjSFFCxB1vwy2oOgIDxuucxAMTAJFAJNBAAh+QQFCgAPACwAAAYADwAJAAAEMNAs86q1yaWwwv2Ig0jUZx3OYa4XoRAfwADXoAwfo1+CIjyFRuEho60aSNYlOPxEAAAh+QQFCgAPACwAAAIADQANAAAENPA9s4y8+IUVcqaWJ4qEQozSoAzoIyhCK2NFU2SJk0hNnyEOhKR2AzAAj4Pj4GE4W0bkJQIAOw==\" \/><div class=\"clear pt-cv-clear-pagination\"><\/div><\/div><\/div>\n","protected":false},"excerpt":{"rendered":"","protected":false},"author":2,"featured_media":0,"parent":0,"menu_order":33,"comment_status":"closed","ping_status":"closed","template":"","meta":{"jetpack_post_was_ever_published":false,"footnotes":""},"categories":[],"tags":[],"class_list":["post-21002","page","type-page","status-publish","hentry"],"jetpack_shortlink":"https:\/\/wp.me\/P91gKE-5sK","jetpack-related-posts":[{"id":12427,"url":"https:\/\/tinnunculus.sy-sy.cz\/index.php\/de\/turmfalken\/statistischer-kalender-2007\/","url_meta":{"origin":21002,"position":0},"title":"Statistischer Kalender 2007-?","author":"Zuzana Syrov\u00e1 An\u00fd\u017eov\u00e1","date":"01\/05\/2020","format":false,"excerpt":"\ufeff Google Sheets Turmfalken Nistsaison Turmfalken Nistergebnisse","rel":"","context":"Podobn\u00fd p\u0159\u00edsp\u011bvek","block_context":{"text":"Podobn\u00fd p\u0159\u00edsp\u011bvek","link":""},"img":{"alt_text":"","src":"","width":0,"height":0},"classes":[]},{"id":37646,"url":"https:\/\/tinnunculus.sy-sy.cz\/index.php\/de\/turmfalken\/turmfalken-nistergebnisse\/","url_meta":{"origin":21002,"position":1},"title":"Turmfalken Nistergebnisse","author":"Zuzana Syrov\u00e1 An\u00fd\u017eov\u00e1","date":"16\/08\/2024","format":false,"excerpt":"Statistischer Kalender (Google Sheets) Turmfalken Nistsaison","rel":"","context":"Podobn\u00fd p\u0159\u00edsp\u011bvek","block_context":{"text":"Podobn\u00fd p\u0159\u00edsp\u011bvek","link":""},"img":{"alt_text":"","src":"","width":0,"height":0},"classes":[]},{"id":37408,"url":"https:\/\/tinnunculus.sy-sy.cz\/index.php\/de\/voegel-online\/laendercodes\/","url_meta":{"origin":21002,"position":2},"title":"L\u00e4ndercodes","author":"Zuzana Syrov\u00e1 An\u00fd\u017eov\u00e1","date":"13\/08\/2024","format":false,"excerpt":"Aktualisiert Country Codes - ISO 3166","rel":"","context":"Podobn\u00fd p\u0159\u00edsp\u011bvek","block_context":{"text":"Podobn\u00fd p\u0159\u00edsp\u011bvek","link":""},"img":{"alt_text":"","src":"","width":0,"height":0},"classes":[]},{"id":37078,"url":"https:\/\/tinnunculus.sy-sy.cz\/index.php\/de\/unsere-turmfalken-online\/unsere-webcams\/kameraliste\/","url_meta":{"origin":21002,"position":3},"title":"Kameraliste","author":"Zuzana Syrov\u00e1 An\u00fd\u017eov\u00e1","date":"23\/07\/2024","format":false,"excerpt":"Aktualisiert Turmfalkenbalkon \u2194 Mauersegler\u00a0\u2194 Turmfalkenfenster \u2194 Alle \u2190\u00a0Unsere Webcams \u2190\u00a0YouTube Live","rel":"","context":"Podobn\u00fd p\u0159\u00edsp\u011bvek","block_context":{"text":"Podobn\u00fd p\u0159\u00edsp\u011bvek","link":""},"img":{"alt_text":"","src":"","width":0,"height":0},"classes":[]},{"id":10013,"url":"https:\/\/tinnunculus.sy-sy.cz\/index.php\/de\/voegel-online\/apus-apus-online\/","url_meta":{"origin":21002,"position":4},"title":"Apus apus online","author":"Zuzana Syrov\u00e1 An\u00fd\u017eov\u00e1","date":"10\/12\/2019","format":false,"excerpt":"Aktualisiert\u00a0 lokalita = Lokalit\u00e4t, Ort, Lokalisierung kamera = Kamera ABK\u00dcRZUNGEN: on+ Kamera on-line on- Kamera on-line, aber andere Vogel off\u00a0 Kamera off-line Die Tabelle zeigt das letzte Jahr, in dem die Mauersegler geschachtelt haben. L\u00e4ndercodes Links: View nesting birds: common swift Webcams gierzwaluwen","rel":"","context":"Podobn\u00fd p\u0159\u00edsp\u011bvek","block_context":{"text":"Podobn\u00fd p\u0159\u00edsp\u011bvek","link":""},"img":{"alt_text":"","src":"","width":0,"height":0},"classes":[]},{"id":9966,"url":"https:\/\/tinnunculus.sy-sy.cz\/index.php\/de\/voegel-online\/falco-tinnunculus-online-3\/","url_meta":{"origin":21002,"position":5},"title":"Falco tinnunculus online","author":"Zuzana Syrov\u00e1 An\u00fd\u017eov\u00e1","date":"10\/12\/2019","format":false,"excerpt":"Aktualisiert \u00a0 lokalita = Lokalit\u00e4t, Ort, Lokalisierung kamera = Kamera ABK\u00dcRZUNGEN: on+ Kamera on-line on- Kamera on-line, aber andere Vogel off\u00a0 Kamera off-line Die Tabelle zeigt das letzte Jahr, in dem die Turmfalken geschachtelt haben. L\u00e4ndercodes 2026 selection\u00a0\u00a0\u2194 Alle Daten ohne Filter Links: View nesting birds: Eurasian Kestrel","rel":"","context":"Podobn\u00fd p\u0159\u00edsp\u011bvek","block_context":{"text":"Podobn\u00fd p\u0159\u00edsp\u011bvek","link":""},"img":{"alt_text":"","src":"","width":0,"height":0},"classes":[]}],"jetpack_sharing_enabled":true,"_links":{"self":[{"href":"https:\/\/tinnunculus.sy-sy.cz\/index.php\/wp-json\/wp\/v2\/pages\/21002","targetHints":{"allow":["GET"]}}],"collection":[{"href":"https:\/\/tinnunculus.sy-sy.cz\/index.php\/wp-json\/wp\/v2\/pages"}],"about":[{"href":"https:\/\/tinnunculus.sy-sy.cz\/index.php\/wp-json\/wp\/v2\/types\/page"}],"author":[{"embeddable":true,"href":"https:\/\/tinnunculus.sy-sy.cz\/index.php\/wp-json\/wp\/v2\/users\/2"}],"replies":[{"embeddable":true,"href":"https:\/\/tinnunculus.sy-sy.cz\/index.php\/wp-json\/wp\/v2\/comments?post=21002"}],"version-history":[{"count":1,"href":"https:\/\/tinnunculus.sy-sy.cz\/index.php\/wp-json\/wp\/v2\/pages\/21002\/revisions"}],"predecessor-version":[{"id":40322,"href":"https:\/\/tinnunculus.sy-sy.cz\/index.php\/wp-json\/wp\/v2\/pages\/21002\/revisions\/40322"}],"wp:attachment":[{"href":"https:\/\/tinnunculus.sy-sy.cz\/index.php\/wp-json\/wp\/v2\/media?parent=21002"}],"wp:term":[{"taxonomy":"category","embeddable":true,"href":"https:\/\/tinnunculus.sy-sy.cz\/index.php\/wp-json\/wp\/v2\/categories?post=21002"},{"taxonomy":"post_tag","embeddable":true,"href":"https:\/\/tinnunculus.sy-sy.cz\/index.php\/wp-json\/wp\/v2\/tags?post=21002"}],"curies":[{"name":"wp","href":"https:\/\/api.w.org\/{rel}","templated":true}]}}