{"id":20999,"date":"2023-03-19T13:46:54","date_gmt":"2023-03-19T12:46:54","guid":{"rendered":"https:\/\/tinnunculus.sy-sy.cz\/?page_id=20999"},"modified":"2025-03-14T23:58:08","modified_gmt":"2025-03-14T22:58:08","slug":"calendriers","status":"publish","type":"page","link":"https:\/\/tinnunculus.sy-sy.cz\/index.php\/fr\/calendriers\/","title":{"rendered":"Calendriers"},"content":{"rendered":"<div class=\"pt-cv-wrapper\"><div class=\"pt-cv-view pt-cv-collapsible\" id=\"pt-cv-view-b0f1148qdw\"><div data-id=\"pt-cv-page-1\" class=\"pt-cv-page\" data-cvc=\"1\"><div class=\"panel-group\" id=\"c0d87d29pg\"><div class=\"panel panel-default pt-cv-content-item pt-cv-1-col\" >\r\n<div class=\"panel-heading pt-cv-title\">\r\n    <a class=\"panel-title\" data-toggle=\"cvcollapse\" data-parent=\"#c0d87d29pg\" data-target=\"#47512380ae\" href='https:\/\/tinnunculus.sy-sy.cz\/index.php\/fr\/2025\/12\/05\/calendrier-2026\/' onclick='event.preventDefault()'>\r\n\t\tCalendrier 2026\t<\/a>\r\n\t<\/div>\r\n<div id=\"47512380ae\" class=\"panel-collapse collapse in\">\r\n\t<div class=\"panel-body\">\r\n\t\t<div class=\"pt-cv-content\"><p><a href=\"https:\/\/tinnunculus.sy-sy.cz\/wp-content\/uploads\/2025\/12\/calendar2026_b11-FRr.pdf\" class=\"pdfemb-viewer\" style=\"\" data-width=\"max\" data-height=\"max\" data-toolbar=\"bottom\" data-toolbar-fixed=\"off\">calendar2026_b11-FRr<\/a><br \/>\n <a href=\"https:\/\/tinnunculus.sy-sy.cz\/index.php\/fr\/2025\/12\/05\/calendrier-2026\/#more-45128\" class=\"more-link\"><span aria-label=\"Pokra\u010dov\u00e1n\u00ed textu Calendrier 2026\">(Pokra\u010dov\u00e1n\u00ed textu&hellip;)<\/span><\/a><\/p>\n<\/div>\t<\/div>\r\n<\/div><\/div>\n<div class=\"panel panel-default pt-cv-content-item pt-cv-1-col\" >\r\n<div class=\"panel-heading pt-cv-title\">\r\n    <a class=\"panel-title\" data-toggle=\"cvcollapse\" data-parent=\"#c0d87d29pg\" data-target=\"#a63c10dgid\" href='https:\/\/tinnunculus.sy-sy.cz\/index.php\/fr\/2024\/11\/30\/calendrier-2025\/' onclick='event.preventDefault()'>\r\n\t\tCalendrier 2025\t<\/a>\r\n\t<\/div>\r\n<div id=\"a63c10dgid\" class=\"panel-collapse collapse \">\r\n\t<div class=\"panel-body\">\r\n\t\t<div class=\"pt-cv-content\"><a href=\"https:\/\/tinnunculus.sy-sy.cz\/wp-content\/uploads\/2024\/11\/calendar2025_b11-FRr.pdf\" class=\"pdfemb-viewer\" style=\"\" data-width=\"max\" data-height=\"max\" data-toolbar=\"bottom\" data-toolbar-fixed=\"off\">calendar2025_b11-FRr<\/a>\n<p> <a href=\"https:\/\/tinnunculus.sy-sy.cz\/index.php\/fr\/2024\/11\/30\/calendrier-2025\/#more-38283\" class=\"more-link\"><span aria-label=\"Pokra\u010dov\u00e1n\u00ed textu Calendrier 2025\">(Pokra\u010dov\u00e1n\u00ed textu&hellip;)<\/span><\/a><\/p>\n<\/div>\t<\/div>\r\n<\/div><\/div>\n<div class=\"panel panel-default pt-cv-content-item pt-cv-1-col\" >\r\n<div class=\"panel-heading pt-cv-title\">\r\n    <a class=\"panel-title\" data-toggle=\"cvcollapse\" data-parent=\"#c0d87d29pg\" data-target=\"#4fd89853bd\" href='https:\/\/tinnunculus.sy-sy.cz\/index.php\/fr\/2023\/11\/29\/calendrier-2024\/' onclick='event.preventDefault()'>\r\n\t\tCalendrier 2024\t<\/a>\r\n\t<\/div>\r\n<div id=\"4fd89853bd\" class=\"panel-collapse collapse \">\r\n\t<div class=\"panel-body\">\r\n\t\t<div class=\"pt-cv-content\"><a href=\"https:\/\/tinnunculus.sy-sy.cz\/wp-content\/uploads\/2023\/11\/calendar2024_b11-FRr.pdf\" class=\"pdfemb-viewer\" style=\"\" data-width=\"max\" data-height=\"max\" data-toolbar=\"bottom\" data-toolbar-fixed=\"off\">calendar2024_b11-FRr<\/a>\n<p> <a href=\"https:\/\/tinnunculus.sy-sy.cz\/index.php\/fr\/2023\/11\/29\/calendrier-2024\/#more-28116\" class=\"more-link\"><span aria-label=\"Pokra\u010dov\u00e1n\u00ed textu Calendrier 2024\">(Pokra\u010dov\u00e1n\u00ed textu&hellip;)<\/span><\/a><\/p>\n<\/div>\t<\/div>\r\n<\/div><\/div>\n<div class=\"panel panel-default pt-cv-content-item pt-cv-1-col\" >\r\n<div class=\"panel-heading pt-cv-title\">\r\n    <a class=\"panel-title\" data-toggle=\"cvcollapse\" data-parent=\"#c0d87d29pg\" data-target=\"#0e9104e1y2\" href='https:\/\/tinnunculus.sy-sy.cz\/index.php\/fr\/2022\/12\/19\/calendrier-2023\/' onclick='event.preventDefault()'>\r\n\t\tCalendrier 2023\t<\/a>\r\n\t<\/div>\r\n<div id=\"0e9104e1y2\" class=\"panel-collapse collapse \">\r\n\t<div class=\"panel-body\">\r\n\t\t<div class=\"pt-cv-content\"><p><a href=\"https:\/\/tinnunculus.sy-sy.cz\/wp-content\/uploads\/2022\/12\/calendar2023_b11-FRr.pdf\" class=\"pdfemb-viewer\" style=\"\" data-width=\"max\" data-height=\"max\" data-toolbar=\"bottom\" data-toolbar-fixed=\"off\">calendar2023_b11-FRr<\/a> <a href=\"https:\/\/tinnunculus.sy-sy.cz\/index.php\/fr\/2022\/12\/19\/calendrier-2023\/#more-20279\" class=\"more-link\"><span aria-label=\"Pokra\u010dov\u00e1n\u00ed textu Calendrier 2023\">(Pokra\u010dov\u00e1n\u00ed textu&hellip;)<\/span><\/a><\/p>\n<\/div>\t<\/div>\r\n<\/div><\/div>\n<div class=\"panel panel-default pt-cv-content-item pt-cv-1-col\" >\r\n<div class=\"panel-heading pt-cv-title\">\r\n    <a class=\"panel-title\" data-toggle=\"cvcollapse\" data-parent=\"#c0d87d29pg\" data-target=\"#000281c8qr\" href='https:\/\/tinnunculus.sy-sy.cz\/index.php\/fr\/2021\/12\/22\/calendrier-2022\/' onclick='event.preventDefault()'>\r\n\t\tCalendrier 2022\t<\/a>\r\n\t<\/div>\r\n<div id=\"000281c8qr\" class=\"panel-collapse collapse \">\r\n\t<div class=\"panel-body\">\r\n\t\t<div class=\"pt-cv-content\"><a href=\"https:\/\/tinnunculus.sy-sy.cz\/wp-content\/uploads\/2021\/12\/calendar2022_b11-FRr.pdf\" class=\"pdfemb-viewer\" style=\"\" data-width=\"max\" data-height=\"max\" data-toolbar=\"bottom\" data-toolbar-fixed=\"off\">calendar2022_b11-FRr<\/a>\n<ul>\n<li>T\u00e9l\u00e9charger:<br \/>\n<a href=\"https:\/\/tinnunculus.sy-sy.cz\/wp-content\/uploads\/2021\/12\/calendar2022_b11-CZr.pdf\" target=\"_blank\" rel=\"noopener noreferrer\">\u010cesk\u00e1 verze<\/a>\u00a0\u00a6\u00a0<a href=\"https:\/\/tinnunculus.sy-sy.cz\/wp-content\/uploads\/2021\/12\/calendar2022_b11-ENr.pdf\" target=\"_blank\" rel=\"noopener noreferrer\"><span class=\"tlid-translation translation\" lang=\"en\"><span class=\"\" title=\"\">English version<\/span><\/span><\/a>\u00a0\u00a6\u00a0<a href=\"https:\/\/tinnunculus.sy-sy.cz\/wp-content\/uploads\/2021\/12\/calendar2022_b11-FRr.pdf\" target=\"_blank\" rel=\"noopener noreferrer\"><span class=\"tlid-translation translation\" lang=\"fr\"><span class=\"\" title=\"\">Version fran\u00e7aise<\/span><\/span><\/a>\u00a0\u00a6\u00a0<a href=\"https:\/\/tinnunculus.sy-sy.cz\/wp-content\/uploads\/2021\/12\/calendar2022_b11-DEr.pdf\" target=\"_blank\" rel=\"noopener noreferrer\"><span class=\"tlid-translation translation\" lang=\"de\"><span class=\"\" title=\"\">Deutsche Version<\/span><\/span><\/a><\/li>\n<\/ul>\n<\/div>\t<\/div>\r\n<\/div><\/div><\/div><\/div><\/div>\n<div class=\" pt-cv-pagination-wrapper\"><ul class=\"pt-cv-pagination pt-cv-normal pagination\" data-totalpages=\"2\" data-currentpage=\"1\" data-sid=\"b0f1148qdw\" data-unid=\"\" data-isblock=\"\" data-postid=\"\"><li class=\"active\"><a href=\"#\">1<\/a><\/li>\n\t<li ><a class=\"\" href=\"https:\/\/tinnunculus.sy-sy.cz\/index.php\/wp-json\/wp\/v2\/pages\/20999\/?_page=2\">2<\/a><\/li>\n\t<li ><a class=\" \" href=\"https:\/\/tinnunculus.sy-sy.cz\/index.php\/wp-json\/wp\/v2\/pages\/20999\/?_page=2\">&rsaquo;<\/a><\/li>\n\t<\/ul><img loading=\"lazy\" decoding=\"async\" width=\"15\" height=\"15\" class=\"pt-cv-spinner\" alt=\"Loading...\" src=\"data:image\/gif;base64,R0lGODlhDwAPALMPAMrKygwMDJOTkz09PZWVla+vr3p6euTk5M7OzuXl5TMzMwAAAJmZmWZmZszMzP\/\/\/yH\/C05FVFNDQVBFMi4wAwEAAAAh+QQFCgAPACwAAAAADwAPAAAEQvDJaZaZOIcV8iQK8VRX4iTYoAwZ4iCYoAjZ4RxejhVNoT+mRGP4cyF4Pp0N98sBGIBMEMOotl6YZ3S61Bmbkm4mAgAh+QQFCgAPACwAAAAADQANAAAENPDJSRSZeA418itN8QiK8BiLITVsFiyBBIoYqnoewAD4xPw9iY4XLGYSjkQR4UAUD45DLwIAIfkEBQoADwAsAAAAAA8ACQAABC\/wyVlamTi3nSdgwFNdhEJgTJoNyoB9ISYoQmdjiZPcj7EYCAeCF1gEDo4Dz2eIAAAh+QQFCgAPACwCAAAADQANAAAEM\/DJBxiYeLKdX3IJZT1FU0iIg2RNKx3OkZVnZ98ToRD4MyiDnkAh6BkNC0MvsAj0kMpHBAAh+QQFCgAPACwGAAAACQAPAAAEMDC59KpFDll73HkAA2wVY5KgiK5b0RRoI6MuzG6EQqCDMlSGheEhUAgqgUUAFRySIgAh+QQFCgAPACwCAAIADQANAAAEM\/DJKZNLND\/kkKaHc3xk+QAMYDKsiaqmZCxGVjSFFCxB1vwy2oOgIDxuucxAMTAJFAJNBAAh+QQFCgAPACwAAAYADwAJAAAEMNAs86q1yaWwwv2Ig0jUZx3OYa4XoRAfwADXoAwfo1+CIjyFRuEho60aSNYlOPxEAAAh+QQFCgAPACwAAAIADQANAAAENPA9s4y8+IUVcqaWJ4qEQozSoAzoIyhCK2NFU2SJk0hNnyEOhKR2AzAAj4Pj4GE4W0bkJQIAOw==\" \/><div class=\"clear pt-cv-clear-pagination\"><\/div><\/div><\/div>\n","protected":false},"excerpt":{"rendered":"","protected":false},"author":2,"featured_media":0,"parent":0,"menu_order":33,"comment_status":"closed","ping_status":"closed","template":"","meta":{"jetpack_post_was_ever_published":false,"footnotes":""},"categories":[],"tags":[],"class_list":["post-20999","page","type-page","status-publish","hentry"],"jetpack_shortlink":"https:\/\/wp.me\/P91gKE-5sH","jetpack-related-posts":[{"id":37406,"url":"https:\/\/tinnunculus.sy-sy.cz\/index.php\/fr\/oiseaux-en-direct\/codes-des-pays\/","url_meta":{"origin":20999,"position":0},"title":"Codes des pays","author":"Zuzana Syrov\u00e1 An\u00fd\u017eov\u00e1","date":"13\/08\/2024","format":false,"excerpt":"Mis \u00e0 jour Codes des noms de pays - ISO 3166","rel":"","context":"Podobn\u00fd p\u0159\u00edsp\u011bvek","block_context":{"text":"Podobn\u00fd p\u0159\u00edsp\u011bvek","link":""},"img":{"alt_text":"","src":"","width":0,"height":0},"classes":[]},{"id":37076,"url":"https:\/\/tinnunculus.sy-sy.cz\/index.php\/fr\/nos-crecerelles-online\/nos-webcams\/liste-des-cameras\/","url_meta":{"origin":20999,"position":1},"title":"Liste des cam\u00e9ras","author":"Zuzana Syrov\u00e1 An\u00fd\u017eov\u00e1","date":"23\/07\/2024","format":false,"excerpt":"Mis \u00e0 jour Balcon de cr\u00e9cerelles \u2194 Martinets \u2194 Fen\u00eatre de cr\u00e9cerelles \u2194 Tout \u2190\u00a0Nos webcams \u2190\u00a0YouTube Live","rel":"","context":"Podobn\u00fd p\u0159\u00edsp\u011bvek","block_context":{"text":"Podobn\u00fd p\u0159\u00edsp\u011bvek","link":""},"img":{"alt_text":"","src":"","width":0,"height":0},"classes":[]},{"id":10008,"url":"https:\/\/tinnunculus.sy-sy.cz\/index.php\/fr\/oiseaux-en-direct\/apus-apus-online\/","url_meta":{"origin":20999,"position":2},"title":"Apus apus online","author":"Zuzana Syrov\u00e1 An\u00fd\u017eov\u00e1","date":"10\/12\/2019","format":false,"excerpt":"Mis \u00e0 jour Termes tch\u00e8ques: lokalita = localisation, localit\u00e9 kamera = cam\u00e9ra Abr\u00e9viations: on+ cam\u00e9ra on-line on- cam\u00e9ra on-line,\u00a0mais un autre genre d'oiseau off\u00a0 cam\u00e9ra off-line Le tableau montre la derni\u00e8re ann\u00e9e au cours de laquelle les martinets ont nich\u00e9 avec succ\u00e8s ou sans succ\u00e8s dans la localit\u00e9. Codes des\u2026","rel":"","context":"Podobn\u00fd p\u0159\u00edsp\u011bvek","block_context":{"text":"Podobn\u00fd p\u0159\u00edsp\u011bvek","link":""},"img":{"alt_text":"","src":"","width":0,"height":0},"classes":[]},{"id":9963,"url":"https:\/\/tinnunculus.sy-sy.cz\/index.php\/fr\/oiseaux-en-direct\/falco-tinnunculus-online-2\/","url_meta":{"origin":20999,"position":3},"title":"Falco tinnunculus online","author":"Zuzana Syrov\u00e1 An\u00fd\u017eov\u00e1","date":"10\/12\/2019","format":false,"excerpt":"Mis \u00e0 jour Termes tch\u00e8ques: lokalita = localisation, localit\u00e9 kamera = cam\u00e9ra Abr\u00e9viations: on+ cam\u00e9ra on-line on- cam\u00e9ra on-line,\u00a0mais un autre genre d'oiseau off\u00a0 cam\u00e9ra off-line Le tableau montre la derni\u00e8re ann\u00e9e au cours de laquelle les cr\u00e9cerelles ont nich\u00e9 avec succ\u00e8s ou sans succ\u00e8s dans la localit\u00e9. Codes des\u2026","rel":"","context":"Podobn\u00fd p\u0159\u00edsp\u011bvek","block_context":{"text":"Podobn\u00fd p\u0159\u00edsp\u011bvek","link":""},"img":{"alt_text":"","src":"","width":0,"height":0},"classes":[]}],"jetpack_sharing_enabled":true,"_links":{"self":[{"href":"https:\/\/tinnunculus.sy-sy.cz\/index.php\/wp-json\/wp\/v2\/pages\/20999","targetHints":{"allow":["GET"]}}],"collection":[{"href":"https:\/\/tinnunculus.sy-sy.cz\/index.php\/wp-json\/wp\/v2\/pages"}],"about":[{"href":"https:\/\/tinnunculus.sy-sy.cz\/index.php\/wp-json\/wp\/v2\/types\/page"}],"author":[{"embeddable":true,"href":"https:\/\/tinnunculus.sy-sy.cz\/index.php\/wp-json\/wp\/v2\/users\/2"}],"replies":[{"embeddable":true,"href":"https:\/\/tinnunculus.sy-sy.cz\/index.php\/wp-json\/wp\/v2\/comments?post=20999"}],"version-history":[{"count":1,"href":"https:\/\/tinnunculus.sy-sy.cz\/index.php\/wp-json\/wp\/v2\/pages\/20999\/revisions"}],"predecessor-version":[{"id":40321,"href":"https:\/\/tinnunculus.sy-sy.cz\/index.php\/wp-json\/wp\/v2\/pages\/20999\/revisions\/40321"}],"wp:attachment":[{"href":"https:\/\/tinnunculus.sy-sy.cz\/index.php\/wp-json\/wp\/v2\/media?parent=20999"}],"wp:term":[{"taxonomy":"category","embeddable":true,"href":"https:\/\/tinnunculus.sy-sy.cz\/index.php\/wp-json\/wp\/v2\/categories?post=20999"},{"taxonomy":"post_tag","embeddable":true,"href":"https:\/\/tinnunculus.sy-sy.cz\/index.php\/wp-json\/wp\/v2\/tags?post=20999"}],"curies":[{"name":"wp","href":"https:\/\/api.w.org\/{rel}","templated":true}]}}