{"id":20985,"date":"2023-03-19T00:23:25","date_gmt":"2023-03-18T23:23:25","guid":{"rendered":"https:\/\/tinnunculus.sy-sy.cz\/?page_id=20985"},"modified":"2025-12-15T00:02:22","modified_gmt":"2025-12-14T23:02:22","slug":"kalendare","status":"publish","type":"page","link":"https:\/\/tinnunculus.sy-sy.cz\/index.php\/kalendare\/","title":{"rendered":"Kalend\u00e1\u0159e"},"content":{"rendered":"<div class=\"pt-cv-wrapper\"><div class=\"pt-cv-view pt-cv-collapsible\" id=\"pt-cv-view-2c1812eepu\"><div data-id=\"pt-cv-page-1\" class=\"pt-cv-page\" data-cvc=\"1\"><div class=\"panel-group\" id=\"38d0712t8p\"><div class=\"panel panel-default pt-cv-content-item pt-cv-1-col\" >\r\n<div class=\"panel-heading pt-cv-title\">\r\n    <a class=\"panel-title\" data-toggle=\"cvcollapse\" data-parent=\"#38d0712t8p\" data-target=\"#571851c3nv\" href='https:\/\/tinnunculus.sy-sy.cz\/index.php\/2025\/12\/05\/kalendarium-2026\/' onclick='event.preventDefault()'>\r\n\t\tKalend\u00e1rium 2026\t<\/a>\r\n\t<\/div>\r\n<div id=\"571851c3nv\" class=\"panel-collapse collapse in\">\r\n\t<div class=\"panel-body\">\r\n\t\t<div class=\"pt-cv-content\"><p>Rok 2025 se pomalu ch\u00fdl\u00ed ke konci. Tak, jako v&nbsp;letech minul\u00fdch, jsme probrali sn\u00edmky z&nbsp;po\u0161tol\u010d\u00ed sez\u00f3ny a&nbsp;p\u0159ipravili z&nbsp;nich kalend\u00e1\u0159 na rok p\u0159\u00ed\u0161t\u00ed:<\/p>\n<p><a href=\"https:\/\/tinnunculus.sy-sy.cz\/wp-content\/uploads\/2025\/12\/calendar2026_b11-CZr.pdf\" class=\"pdfemb-viewer\" style=\"\" data-width=\"max\" data-height=\"max\" data-toolbar=\"bottom\" data-toolbar-fixed=\"off\">calendar2026_b11-CZr<\/a><br \/>\n <a href=\"https:\/\/tinnunculus.sy-sy.cz\/index.php\/2025\/12\/05\/kalendarium-2026\/#more-45118\" class=\"more-link\"><span aria-label=\"Pokra\u010dov\u00e1n\u00ed textu Kalend\u00e1rium 2026\">(Pokra\u010dov\u00e1n\u00ed textu&hellip;)<\/span><\/a><\/p>\n<\/div>\t<\/div>\r\n<\/div><\/div>\n<div class=\"panel panel-default pt-cv-content-item pt-cv-1-col\" >\r\n<div class=\"panel-heading pt-cv-title\">\r\n    <a class=\"panel-title\" data-toggle=\"cvcollapse\" data-parent=\"#38d0712t8p\" data-target=\"#177318bhsk\" href='https:\/\/tinnunculus.sy-sy.cz\/index.php\/2024\/11\/30\/kalendarium-2025\/' onclick='event.preventDefault()'>\r\n\t\tKalend\u00e1rium 2025\t<\/a>\r\n\t<\/div>\r\n<div id=\"177318bhsk\" class=\"panel-collapse collapse \">\r\n\t<div class=\"panel-body\">\r\n\t\t<div class=\"pt-cv-content\"><p>Rok 2024 se pomalu ch\u00fdl\u00ed ke konci. Tak, jako v&nbsp;letech minul\u00fdch, jsme probrali sn\u00edmky z&nbsp;po\u0161tol\u010d\u00ed sez\u00f3ny a&nbsp;p\u0159ipravili z&nbsp;nich kalend\u00e1\u0159 na rok p\u0159\u00ed\u0161t\u00ed:<\/p>\n<p><a href=\"https:\/\/tinnunculus.sy-sy.cz\/wp-content\/uploads\/2024\/11\/calendar2025_b11-CZr.pdf\" class=\"pdfemb-viewer\" style=\"\" data-width=\"max\" data-height=\"max\" data-toolbar=\"bottom\" data-toolbar-fixed=\"off\">calendar2025_b11-CZr<\/a><br \/>\n <a href=\"https:\/\/tinnunculus.sy-sy.cz\/index.php\/2024\/11\/30\/kalendarium-2025\/#more-38278\" class=\"more-link\"><span aria-label=\"Pokra\u010dov\u00e1n\u00ed textu Kalend\u00e1rium 2025\">(Pokra\u010dov\u00e1n\u00ed textu&hellip;)<\/span><\/a><\/p>\n<\/div>\t<\/div>\r\n<\/div><\/div>\n<div class=\"panel panel-default pt-cv-content-item pt-cv-1-col\" >\r\n<div class=\"panel-heading pt-cv-title\">\r\n    <a class=\"panel-title\" data-toggle=\"cvcollapse\" data-parent=\"#38d0712t8p\" data-target=\"#b44faab0gs\" href='https:\/\/tinnunculus.sy-sy.cz\/index.php\/2023\/11\/29\/kalendarium-2024\/' onclick='event.preventDefault()'>\r\n\t\tKalend\u00e1rium 2024\t<\/a>\r\n\t<\/div>\r\n<div id=\"b44faab0gs\" class=\"panel-collapse collapse \">\r\n\t<div class=\"panel-body\">\r\n\t\t<div class=\"pt-cv-content\"><p>Rok 2023 se pomalu ch\u00fdl\u00ed ke konci. Tak, jako v&nbsp;letech minul\u00fdch, jsme probrali sn\u00edmky z&nbsp;po\u0161tol\u010d\u00ed sez\u00f3ny a&nbsp;vyrobili z&nbsp;nich kalend\u00e1\u0159 na rok p\u0159\u00ed\u0161t\u00ed:<\/p>\n<p><a href=\"https:\/\/tinnunculus.sy-sy.cz\/wp-content\/uploads\/2023\/11\/calendar2024_b11-CZr.pdf\" class=\"pdfemb-viewer\" style=\"\" data-width=\"max\" data-height=\"max\" data-toolbar=\"bottom\" data-toolbar-fixed=\"off\">calendar2024_b11-CZr<\/a> <a href=\"https:\/\/tinnunculus.sy-sy.cz\/index.php\/2023\/11\/29\/kalendarium-2024\/#more-28109\" class=\"more-link\"><span aria-label=\"Pokra\u010dov\u00e1n\u00ed textu Kalend\u00e1rium 2024\">(Pokra\u010dov\u00e1n\u00ed textu&hellip;)<\/span><\/a><\/p>\n<\/div>\t<\/div>\r\n<\/div><\/div>\n<div class=\"panel panel-default pt-cv-content-item pt-cv-1-col\" >\r\n<div class=\"panel-heading pt-cv-title\">\r\n    <a class=\"panel-title\" data-toggle=\"cvcollapse\" data-parent=\"#38d0712t8p\" data-target=\"#16e17d2uqh\" href='https:\/\/tinnunculus.sy-sy.cz\/index.php\/2022\/12\/19\/kalendarium-2023\/' onclick='event.preventDefault()'>\r\n\t\tKalend\u00e1rium 2023\t<\/a>\r\n\t<\/div>\r\n<div id=\"16e17d2uqh\" class=\"panel-collapse collapse \">\r\n\t<div class=\"panel-body\">\r\n\t\t<div class=\"pt-cv-content\"><p>U\u017e se op\u011bt bl\u00ed\u017e\u00ed v\u00e1noce a&nbsp;konec roku. Tak, jako v\u00a0letech minul\u00fdch, jsme probrali sn\u00edmky z\u00a0po\u0161tol\u010d\u00ed sez\u00f3ny a&nbsp;vyrobili z\u00a0nich kalend\u00e1\u0159 na rok p\u0159\u00ed\u0161t\u00ed:<\/p>\n<p><a href=\"https:\/\/tinnunculus.sy-sy.cz\/wp-content\/uploads\/2022\/12\/calendar2023_b11-CZr.pdf\" class=\"pdfemb-viewer\" style=\"\" data-width=\"max\" data-height=\"max\" data-toolbar=\"bottom\" data-toolbar-fixed=\"off\">calendar2023_b11-CZr<\/a> <a href=\"https:\/\/tinnunculus.sy-sy.cz\/index.php\/2022\/12\/19\/kalendarium-2023\/#more-20274\" class=\"more-link\"><span aria-label=\"Pokra\u010dov\u00e1n\u00ed textu Kalend\u00e1rium 2023\">(Pokra\u010dov\u00e1n\u00ed textu&hellip;)<\/span><\/a><\/p>\n<\/div>\t<\/div>\r\n<\/div><\/div>\n<div class=\"panel panel-default pt-cv-content-item pt-cv-1-col\" >\r\n<div class=\"panel-heading pt-cv-title\">\r\n    <a class=\"panel-title\" data-toggle=\"cvcollapse\" data-parent=\"#38d0712t8p\" data-target=\"#50ac92bwrg\" href='https:\/\/tinnunculus.sy-sy.cz\/index.php\/2021\/12\/22\/kalendarium-2022\/' onclick='event.preventDefault()'>\r\n\t\tKalend\u00e1rium 2022\t<\/a>\r\n\t<\/div>\r\n<div id=\"50ac92bwrg\" class=\"panel-collapse collapse \">\r\n\t<div class=\"panel-body\">\r\n\t\t<div class=\"pt-cv-content\"><p>U\u017e se op\u011bt bl\u00ed\u017e\u00ed v\u00e1noce a&nbsp;konec roku. Tak, jako v&nbsp;letech minul\u00fdch, jsme probrali sn\u00edmky z&nbsp;po\u0161tol\u010d\u00ed sez\u00f3ny a&nbsp;vyrobili z&nbsp;nich kalend\u00e1\u0159 na rok p\u0159\u00ed\u0161t\u00ed:<\/p>\n<a href=\"https:\/\/tinnunculus.sy-sy.cz\/wp-content\/uploads\/2021\/12\/calendar2022_b11-CZr.pdf\" class=\"pdfemb-viewer\" style=\"\" data-width=\"max\" data-height=\"max\" data-toolbar=\"bottom\" data-toolbar-fixed=\"off\">calendar2022_b11-CZr<\/a>\n<p> <a href=\"https:\/\/tinnunculus.sy-sy.cz\/index.php\/2021\/12\/22\/kalendarium-2022\/#more-17490\" class=\"more-link\"><span aria-label=\"Pokra\u010dov\u00e1n\u00ed textu Kalend\u00e1rium 2022\">(Pokra\u010dov\u00e1n\u00ed textu&hellip;)<\/span><\/a><\/p>\n<\/div>\t<\/div>\r\n<\/div><\/div><\/div><\/div><\/div>\n<div class=\" pt-cv-pagination-wrapper\"><ul class=\"pt-cv-pagination pt-cv-normal pagination\" data-totalpages=\"3\" data-currentpage=\"1\" data-sid=\"2c1812eepu\" data-unid=\"\" data-isblock=\"\" data-postid=\"\"><li class=\"active\"><a href=\"#\">1<\/a><\/li>\n\t<li ><a class=\"\" href=\"https:\/\/tinnunculus.sy-sy.cz\/index.php\/wp-json\/wp\/v2\/pages\/20985\/?_page=2\">2<\/a><\/li>\n\t<li ><a class=\"\" href=\"https:\/\/tinnunculus.sy-sy.cz\/index.php\/wp-json\/wp\/v2\/pages\/20985\/?_page=3\">3<\/a><\/li>\n\t<li ><a class=\" \" href=\"https:\/\/tinnunculus.sy-sy.cz\/index.php\/wp-json\/wp\/v2\/pages\/20985\/?_page=2\">&rsaquo;<\/a><\/li>\n\t<\/ul><img loading=\"lazy\" decoding=\"async\" width=\"15\" height=\"15\" class=\"pt-cv-spinner\" alt=\"Loading...\" src=\"data:image\/gif;base64,R0lGODlhDwAPALMPAMrKygwMDJOTkz09PZWVla+vr3p6euTk5M7OzuXl5TMzMwAAAJmZmWZmZszMzP\/\/\/yH\/C05FVFNDQVBFMi4wAwEAAAAh+QQFCgAPACwAAAAADwAPAAAEQvDJaZaZOIcV8iQK8VRX4iTYoAwZ4iCYoAjZ4RxejhVNoT+mRGP4cyF4Pp0N98sBGIBMEMOotl6YZ3S61Bmbkm4mAgAh+QQFCgAPACwAAAAADQANAAAENPDJSRSZeA418itN8QiK8BiLITVsFiyBBIoYqnoewAD4xPw9iY4XLGYSjkQR4UAUD45DLwIAIfkEBQoADwAsAAAAAA8ACQAABC\/wyVlamTi3nSdgwFNdhEJgTJoNyoB9ISYoQmdjiZPcj7EYCAeCF1gEDo4Dz2eIAAAh+QQFCgAPACwCAAAADQANAAAEM\/DJBxiYeLKdX3IJZT1FU0iIg2RNKx3OkZVnZ98ToRD4MyiDnkAh6BkNC0MvsAj0kMpHBAAh+QQFCgAPACwGAAAACQAPAAAEMDC59KpFDll73HkAA2wVY5KgiK5b0RRoI6MuzG6EQqCDMlSGheEhUAgqgUUAFRySIgAh+QQFCgAPACwCAAIADQANAAAEM\/DJKZNLND\/kkKaHc3xk+QAMYDKsiaqmZCxGVjSFFCxB1vwy2oOgIDxuucxAMTAJFAJNBAAh+QQFCgAPACwAAAYADwAJAAAEMNAs86q1yaWwwv2Ig0jUZx3OYa4XoRAfwADXoAwfo1+CIjyFRuEho60aSNYlOPxEAAAh+QQFCgAPACwAAAIADQANAAAENPA9s4y8+IUVcqaWJ4qEQozSoAzoIyhCK2NFU2SJk0hNnyEOhKR2AzAAj4Pj4GE4W0bkJQIAOw==\" \/><div class=\"clear pt-cv-clear-pagination\"><\/div><\/div><\/div>\n","protected":false},"excerpt":{"rendered":"","protected":false},"author":2,"featured_media":0,"parent":0,"menu_order":33,"comment_status":"closed","ping_status":"closed","template":"","meta":{"jetpack_post_was_ever_published":false,"footnotes":""},"categories":[],"tags":[],"class_list":["post-20985","page","type-page","status-publish","hentry"],"jetpack_shortlink":"https:\/\/wp.me\/P91gKE-5st","jetpack-related-posts":[{"id":20909,"url":"https:\/\/tinnunculus.sy-sy.cz\/index.php\/deniky\/2022-2\/sezona-2022\/","url_meta":{"origin":20985,"position":0},"title":"Sez\u00f3na 2022","author":"Zuzana Syrov\u00e1 An\u00fd\u017eov\u00e1","date":"18\/03\/2023","format":false,"excerpt":"\u00a0 Den\u00edk 2022","rel":"","context":"Podobn\u00fd p\u0159\u00edsp\u011bvek","block_context":{"text":"Podobn\u00fd p\u0159\u00edsp\u011bvek","link":""},"img":{"alt_text":"","src":"","width":0,"height":0},"classes":[]},{"id":20929,"url":"https:\/\/tinnunculus.sy-sy.cz\/index.php\/deniky\/2021-2\/sezona-2021\/","url_meta":{"origin":20985,"position":1},"title":"Sez\u00f3na 2021","author":"Zuzana Syrov\u00e1 An\u00fd\u017eov\u00e1","date":"18\/03\/2023","format":false,"excerpt":"\u00a0 Den\u00edk 2021","rel":"","context":"Podobn\u00fd p\u0159\u00edsp\u011bvek","block_context":{"text":"Podobn\u00fd p\u0159\u00edsp\u011bvek","link":""},"img":{"alt_text":"","src":"","width":0,"height":0},"classes":[]},{"id":20932,"url":"https:\/\/tinnunculus.sy-sy.cz\/index.php\/deniky\/2020-2\/sezona-2020\/","url_meta":{"origin":20985,"position":2},"title":"Sez\u00f3na 2020","author":"Zuzana Syrov\u00e1 An\u00fd\u017eov\u00e1","date":"18\/03\/2023","format":false,"excerpt":"\u00a0 Den\u00edk 2020","rel":"","context":"Podobn\u00fd p\u0159\u00edsp\u011bvek","block_context":{"text":"Podobn\u00fd p\u0159\u00edsp\u011bvek","link":""},"img":{"alt_text":"","src":"","width":0,"height":0},"classes":[]},{"id":20936,"url":"https:\/\/tinnunculus.sy-sy.cz\/index.php\/deniky\/2019-2\/sezona-2019\/","url_meta":{"origin":20985,"position":3},"title":"Sez\u00f3na 2019","author":"Zuzana Syrov\u00e1 An\u00fd\u017eov\u00e1","date":"18\/03\/2023","format":false,"excerpt":"\u00a0 Den\u00edk 2019","rel":"","context":"Podobn\u00fd p\u0159\u00edsp\u011bvek","block_context":{"text":"Podobn\u00fd p\u0159\u00edsp\u011bvek","link":""},"img":{"alt_text":"","src":"","width":0,"height":0},"classes":[]},{"id":20940,"url":"https:\/\/tinnunculus.sy-sy.cz\/index.php\/deniky\/2018-2\/sezona-2018\/","url_meta":{"origin":20985,"position":4},"title":"Sez\u00f3na 2018","author":"Zuzana Syrov\u00e1 An\u00fd\u017eov\u00e1","date":"18\/03\/2023","format":false,"excerpt":"\u00a0 Den\u00edk 2018","rel":"","context":"Podobn\u00fd p\u0159\u00edsp\u011bvek","block_context":{"text":"Podobn\u00fd p\u0159\u00edsp\u011bvek","link":""},"img":{"alt_text":"","src":"","width":0,"height":0},"classes":[]},{"id":20943,"url":"https:\/\/tinnunculus.sy-sy.cz\/index.php\/deniky\/2017-2\/sezona-2017\/","url_meta":{"origin":20985,"position":5},"title":"Sez\u00f3na 2017","author":"Zuzana Syrov\u00e1 An\u00fd\u017eov\u00e1","date":"18\/03\/2023","format":false,"excerpt":"\u00a0 Den\u00edk 2017","rel":"","context":"Podobn\u00fd p\u0159\u00edsp\u011bvek","block_context":{"text":"Podobn\u00fd p\u0159\u00edsp\u011bvek","link":""},"img":{"alt_text":"","src":"","width":0,"height":0},"classes":[]}],"jetpack_sharing_enabled":true,"_links":{"self":[{"href":"https:\/\/tinnunculus.sy-sy.cz\/index.php\/wp-json\/wp\/v2\/pages\/20985","targetHints":{"allow":["GET"]}}],"collection":[{"href":"https:\/\/tinnunculus.sy-sy.cz\/index.php\/wp-json\/wp\/v2\/pages"}],"about":[{"href":"https:\/\/tinnunculus.sy-sy.cz\/index.php\/wp-json\/wp\/v2\/types\/page"}],"author":[{"embeddable":true,"href":"https:\/\/tinnunculus.sy-sy.cz\/index.php\/wp-json\/wp\/v2\/users\/2"}],"replies":[{"embeddable":true,"href":"https:\/\/tinnunculus.sy-sy.cz\/index.php\/wp-json\/wp\/v2\/comments?post=20985"}],"version-history":[{"count":2,"href":"https:\/\/tinnunculus.sy-sy.cz\/index.php\/wp-json\/wp\/v2\/pages\/20985\/revisions"}],"predecessor-version":[{"id":28104,"href":"https:\/\/tinnunculus.sy-sy.cz\/index.php\/wp-json\/wp\/v2\/pages\/20985\/revisions\/28104"}],"wp:attachment":[{"href":"https:\/\/tinnunculus.sy-sy.cz\/index.php\/wp-json\/wp\/v2\/media?parent=20985"}],"wp:term":[{"taxonomy":"category","embeddable":true,"href":"https:\/\/tinnunculus.sy-sy.cz\/index.php\/wp-json\/wp\/v2\/categories?post=20985"},{"taxonomy":"post_tag","embeddable":true,"href":"https:\/\/tinnunculus.sy-sy.cz\/index.php\/wp-json\/wp\/v2\/tags?post=20985"}],"curies":[{"name":"wp","href":"https:\/\/api.w.org\/{rel}","templated":true}]}}