{"id":20969,"date":"2023-03-18T23:31:48","date_gmt":"2023-03-18T22:31:48","guid":{"rendered":"https:\/\/tinnunculus.sy-sy.cz\/?page_id=20969"},"modified":"2025-12-14T23:42:44","modified_gmt":"2025-12-14T22:42:44","slug":"sezona-2010","status":"publish","type":"page","link":"https:\/\/tinnunculus.sy-sy.cz\/index.php\/deniky\/2010-2\/sezona-2010\/","title":{"rendered":"Sez\u00f3na 2010"},"content":{"rendered":"<div class=\"pt-cv-wrapper\"><div class=\"pt-cv-view pt-cv-collapsible\" id=\"pt-cv-view-35d8b89x5o\"><div data-id=\"pt-cv-page-1\" class=\"pt-cv-page\" data-cvc=\"1\"><div class=\"panel-group\" id=\"61c95e6jih\"><div class=\"panel panel-default pt-cv-content-item pt-cv-1-col\" >\r\n<div class=\"panel-heading pt-cv-title\">\r\n    <a class=\"panel-title\" data-toggle=\"cvcollapse\" data-parent=\"#61c95e6jih\" data-target=\"#eb50a59buv\" href='https:\/\/tinnunculus.sy-sy.cz\/index.php\/2017\/06\/24\/uvaha-statisticka\/' onclick='event.preventDefault()'>\r\n\t\t\u00davaha statistick\u00e1\t<\/a>\r\n\t<\/div>\r\n<div id=\"eb50a59buv\" class=\"panel-collapse collapse in\">\r\n\t<div class=\"panel-body\">\r\n\t\t<div class=\"pt-cv-content\"><p>V\u010derej\u0161\u00ed n\u00e1v\u0161t\u011bva u&nbsp;po\u0161tolek na konci na\u0161\u00ed ulice n\u00e1s vedla k&nbsp;\u00favaze, zda tamn\u00ed p\u00e1r m\u016f\u017ee b\u00fdt ten &#8222;n\u00e1\u0161&#8220;. Odpov\u00edd\u00e1 vzhled a&nbsp;dovednosti tamn\u00edch po\u0161tol\u010dat tomu, jak by mohla vypadat po\u0161tol\u010data &#8222;na\u0161eho&#8220; leto\u0161n\u00edho p\u00e1ru? Sami\u010dka p\u0159espala v&nbsp;na\u0161\u00ed lod\u017eii naposledy v&nbsp;noci na 30.&nbsp;dubna. Do t\u00e9 doby zde p\u0159esp\u00e1vala pravideln\u011b ka\u017edou noc a&nbsp;nemohla tedy n\u011bkde jinde \u0159\u00e1dn\u011b sed\u011bt na vejc\u00edch. Z&nbsp;pozorov\u00e1n\u00ed z&nbsp;let p\u0159edchoz\u00edch, m\u016f\u017eete odvodit, \u017ee po\u0161tol\u010data by byla ve v\u011bku asi 24 dn\u016f od vyl\u00edhnut\u00ed toho posledn\u00edho. Jak ta z&nbsp;let 2007-2016 vypadala a&nbsp;co um\u011bla?<\/p>\n<h4 id=\"anchor-65eb542de31af\"><strong>2007<\/strong><\/h4>\n<p>Posledn\u00ed z&nbsp;p\u011bti po\u0161tol\u010dat se onoho roku, kdy u&nbsp;n\u00e1s po\u0161tolky hn\u00edzdily poprv\u00e9, vyl\u00edhlo 5.\u010dervna. 29.&nbsp;\u010dervna u\u017e v\u0161echna tr\u00e1vila v\u011bt\u0161inu dne v&nbsp;kv\u011btin\u00e1\u010d\u00edch.\u00a0 O&nbsp;den pozd\u011bji se u\u017e za\u010dala, je\u0161t\u011b s&nbsp;posledn\u00edm chm\u00fd\u0159\u00edm na hlav\u011b a&nbsp;k\u0159\u00eddlech promenovat po&nbsp;z\u00e1bradl\u00ed.<br \/>\nV\u00edce o&nbsp;pr\u016fb\u011bhu hn\u00edzdn\u00ed sez\u00f3ny najdete <a href=\"https:\/\/tinnunculus.sy-sy.cz\/index.php\/deniky\/2007-2\/\">zde<\/a>.<\/p>\n<p style=\"text-align: center;\"><a href=\"https:\/\/i0.wp.com\/tinnunculus.sy-sy.cz\/wp-content\/uploads\/2017\/06\/DSC_5644_uprav.jpg?ssl=1\" target=\"_blank\" rel=\"noopener\"><img data-recalc-dims=\"1\" loading=\"lazy\" decoding=\"async\" data-attachment-id=\"1788\" data-permalink=\"https:\/\/tinnunculus.sy-sy.cz\/index.php\/2017\/06\/24\/uvaha-statisticka\/dsc_5644_uprav\/\" data-orig-file=\"https:\/\/i0.wp.com\/tinnunculus.sy-sy.cz\/wp-content\/uploads\/2017\/06\/DSC_5644_uprav-e1503218758561.jpg?fit=1038%2C690&amp;ssl=1\" data-orig-size=\"1038,690\" data-comments-opened=\"1\" data-image-meta=\"{&quot;aperture&quot;:&quot;0&quot;,&quot;credit&quot;:&quot;&quot;,&quot;camera&quot;:&quot;&quot;,&quot;caption&quot;:&quot;&quot;,&quot;created_timestamp&quot;:&quot;0&quot;,&quot;copyright&quot;:&quot;&quot;,&quot;focal_length&quot;:&quot;0&quot;,&quot;iso&quot;:&quot;0&quot;,&quot;shutter_speed&quot;:&quot;0&quot;,&quot;title&quot;:&quot;&quot;,&quot;orientation&quot;:&quot;0&quot;}\" data-image-title=\"DSC_5644_uprav\" data-image-description=\"\" data-image-caption=\"\" data-large-file=\"https:\/\/i0.wp.com\/tinnunculus.sy-sy.cz\/wp-content\/uploads\/2017\/06\/DSC_5644_uprav-e1503218758561.jpg?fit=525%2C349&amp;ssl=1\" class=\"aligncenter wp-image-1788 size-medium\" src=\"https:\/\/i0.wp.com\/tinnunculus.sy-sy.cz\/wp-content\/uploads\/2017\/06\/DSC_5644_uprav.jpg?resize=300%2C199&#038;ssl=1\" alt=\"\" width=\"300\" height=\"199\" \/><\/a><\/p>\n<p style=\"text-align: center;\"><em>2007\/06\/29<\/em><\/p>\n<p> <a href=\"https:\/\/tinnunculus.sy-sy.cz\/index.php\/2017\/06\/24\/uvaha-statisticka\/#more-420\" class=\"more-link\"><span aria-label=\"Pokra\u010dov\u00e1n\u00ed textu \u00davaha statistick\u00e1\">(Pokra\u010dov\u00e1n\u00ed textu&hellip;)<\/span><\/a><\/p>\n<\/div>\t<\/div>\r\n<\/div><\/div>\n<div class=\"panel panel-default pt-cv-content-item pt-cv-1-col\" >\r\n<div class=\"panel-heading pt-cv-title\">\r\n    <a class=\"panel-title\" data-toggle=\"cvcollapse\" data-parent=\"#61c95e6jih\" data-target=\"#db9c42dn5w\" href='https:\/\/tinnunculus.sy-sy.cz\/index.php\/2017\/10\/14\/o-kosech-a-postolkach\/' onclick='event.preventDefault()'>\r\n\t\tO kosech a&nbsp;po\u0161tolk\u00e1ch\t<\/a>\r\n\t<\/div>\r\n<div id=\"db9c42dn5w\" class=\"panel-collapse collapse \">\r\n\t<div class=\"panel-body\">\r\n\t\t<div class=\"pt-cv-content\"><p>Po kosech liter\u00e1rn\u00edch a&nbsp;hudebn\u00edch se je\u0161t\u011b vr\u00e1t\u00edme ke kos\u016fm takzvan\u011b &#8222;na\u0161im&#8220;.<br \/>\nJeden je majitelem\u00a0 zahr\u00e1dky u&nbsp;na\u0161eho domu na venkov\u011b. Zahr\u00e1dka nen\u00ed zrovna nejvzorn\u011bji udr\u017eov\u00e1na a&nbsp;on i&nbsp;jeho \u017eena by jist\u011b uv\u00edtali, kdyby jim jejich lid\u00e9 \u010dast\u011bji posekali tr\u00e1vu. O&nbsp;tom, komu zahr\u00e1dka dv\u016fr pat\u0159\u00ed hlasit\u011b informuje p\u0159\u00edpadn\u00e9 vet\u0159elce z&nbsp;nejvy\u0161\u0161\u00ed v\u011btvi\u010dky smrku, kter\u00fd od doby, kdy ho b\u00fdval\u00e1 majitelka vysadila ji\u017e d\u00e1vno p\u0159erostl v\u0161e ve sv\u00e9m okol\u00ed. N\u011bkdy se ale spokoj\u00ed i&nbsp;se h\u0159ebenem stodoly, co\u017e je ov\u0161em m\u00edsto, kter\u00e9 si zpravidla n\u00e1rokuje &#8222;n\u00e1\u0161&#8220; strnad.<\/p>\n<p><img data-recalc-dims=\"1\" loading=\"lazy\" decoding=\"async\" data-attachment-id=\"2179\" data-permalink=\"https:\/\/tinnunculus.sy-sy.cz\/index.php\/2017\/10\/14\/o-zpevu-a-povaze-kosu-nejen-literarnich\/dsc20416\/\" data-orig-file=\"https:\/\/i0.wp.com\/tinnunculus.sy-sy.cz\/wp-content\/uploads\/2017\/10\/dsc20416-e1507966429521.jpg?fit=1038%2C846&amp;ssl=1\" data-orig-size=\"1038,846\" data-comments-opened=\"1\" data-image-meta=\"{&quot;aperture&quot;:&quot;0&quot;,&quot;credit&quot;:&quot;Zuzana Syrov\\u00e1&quot;,&quot;camera&quot;:&quot;&quot;,&quot;caption&quot;:&quot;&quot;,&quot;created_timestamp&quot;:&quot;0&quot;,&quot;copyright&quot;:&quot;Zuzana Syrov\\u00e1&quot;,&quot;focal_length&quot;:&quot;0&quot;,&quot;iso&quot;:&quot;0&quot;,&quot;shutter_speed&quot;:&quot;0&quot;,&quot;title&quot;:&quot;&quot;,&quot;orientation&quot;:&quot;0&quot;}\" data-image-title=\"dsc20416\" data-image-description=\"\" data-image-caption=\"\" data-large-file=\"https:\/\/i0.wp.com\/tinnunculus.sy-sy.cz\/wp-content\/uploads\/2017\/10\/dsc20416-e1507966429521.jpg?fit=525%2C428&amp;ssl=1\" class=\"aligncenter wp-image-2179 size-large\" src=\"https:\/\/i0.wp.com\/tinnunculus.sy-sy.cz\/wp-content\/uploads\/2017\/10\/dsc20416.jpg?resize=525%2C428&#038;ssl=1\" alt=\"\" width=\"525\" height=\"428\" \/> <a href=\"https:\/\/tinnunculus.sy-sy.cz\/index.php\/2017\/10\/14\/o-kosech-a-postolkach\/#more-2193\" class=\"more-link\"><span aria-label=\"Pokra\u010dov\u00e1n\u00ed textu O kosech a&nbsp;po\u0161tolk\u00e1ch\">(Pokra\u010dov\u00e1n\u00ed textu&hellip;)<\/span><\/a><\/p>\n<\/div>\t<\/div>\r\n<\/div><\/div><\/div><\/div><\/div><\/div>\n<p>&nbsp;<\/p>\n<ul>\n<li><a href=\"https:\/\/tinnunculus.sy-sy.cz\/index.php\/deniky\/2010-2\/\">Den\u00edk 2010<\/a><\/li>\n<\/ul>\n","protected":false},"excerpt":{"rendered":"<p>&nbsp; Den\u00edk 2010<\/p>\n","protected":false},"author":2,"featured_media":0,"parent":829,"menu_order":0,"comment_status":"closed","ping_status":"closed","template":"","meta":{"jetpack_post_was_ever_published":false,"footnotes":""},"categories":[],"tags":[],"class_list":["post-20969","page","type-page","status-publish","hentry"],"jetpack_shortlink":"https:\/\/wp.me\/P91gKE-5sd","jetpack-related-posts":[{"id":20898,"url":"https:\/\/tinnunculus.sy-sy.cz\/index.php\/deniky\/2007-2\/sezona-2007\/","url_meta":{"origin":20969,"position":0},"title":"Sez\u00f3na 2007","author":"Zuzana Syrov\u00e1 An\u00fd\u017eov\u00e1","date":"18\/03\/2023","format":false,"excerpt":"\u00a0 Den\u00edk 2007","rel":"","context":"V \u201eden\u00edk\u201c","block_context":{"text":"den\u00edk","link":"https:\/\/tinnunculus.sy-sy.cz\/index.php\/tag\/denik\/"},"img":{"alt_text":"","src":"","width":0,"height":0},"classes":[]},{"id":20909,"url":"https:\/\/tinnunculus.sy-sy.cz\/index.php\/deniky\/2022-2\/sezona-2022\/","url_meta":{"origin":20969,"position":1},"title":"Sez\u00f3na 2022","author":"Zuzana Syrov\u00e1 An\u00fd\u017eov\u00e1","date":"18\/03\/2023","format":false,"excerpt":"\u00a0 Den\u00edk 2022","rel":"","context":"Podobn\u00fd p\u0159\u00edsp\u011bvek","block_context":{"text":"Podobn\u00fd p\u0159\u00edsp\u011bvek","link":""},"img":{"alt_text":"","src":"","width":0,"height":0},"classes":[]},{"id":20929,"url":"https:\/\/tinnunculus.sy-sy.cz\/index.php\/deniky\/2021-2\/sezona-2021\/","url_meta":{"origin":20969,"position":2},"title":"Sez\u00f3na 2021","author":"Zuzana Syrov\u00e1 An\u00fd\u017eov\u00e1","date":"18\/03\/2023","format":false,"excerpt":"\u00a0 Den\u00edk 2021","rel":"","context":"Podobn\u00fd p\u0159\u00edsp\u011bvek","block_context":{"text":"Podobn\u00fd p\u0159\u00edsp\u011bvek","link":""},"img":{"alt_text":"","src":"","width":0,"height":0},"classes":[]},{"id":20932,"url":"https:\/\/tinnunculus.sy-sy.cz\/index.php\/deniky\/2020-2\/sezona-2020\/","url_meta":{"origin":20969,"position":3},"title":"Sez\u00f3na 2020","author":"Zuzana Syrov\u00e1 An\u00fd\u017eov\u00e1","date":"18\/03\/2023","format":false,"excerpt":"\u00a0 Den\u00edk 2020","rel":"","context":"Podobn\u00fd p\u0159\u00edsp\u011bvek","block_context":{"text":"Podobn\u00fd p\u0159\u00edsp\u011bvek","link":""},"img":{"alt_text":"","src":"","width":0,"height":0},"classes":[]},{"id":20936,"url":"https:\/\/tinnunculus.sy-sy.cz\/index.php\/deniky\/2019-2\/sezona-2019\/","url_meta":{"origin":20969,"position":4},"title":"Sez\u00f3na 2019","author":"Zuzana Syrov\u00e1 An\u00fd\u017eov\u00e1","date":"18\/03\/2023","format":false,"excerpt":"\u00a0 Den\u00edk 2019","rel":"","context":"Podobn\u00fd p\u0159\u00edsp\u011bvek","block_context":{"text":"Podobn\u00fd p\u0159\u00edsp\u011bvek","link":""},"img":{"alt_text":"","src":"","width":0,"height":0},"classes":[]},{"id":20940,"url":"https:\/\/tinnunculus.sy-sy.cz\/index.php\/deniky\/2018-2\/sezona-2018\/","url_meta":{"origin":20969,"position":5},"title":"Sez\u00f3na 2018","author":"Zuzana Syrov\u00e1 An\u00fd\u017eov\u00e1","date":"18\/03\/2023","format":false,"excerpt":"\u00a0 Den\u00edk 2018","rel":"","context":"Podobn\u00fd p\u0159\u00edsp\u011bvek","block_context":{"text":"Podobn\u00fd p\u0159\u00edsp\u011bvek","link":""},"img":{"alt_text":"","src":"","width":0,"height":0},"classes":[]}],"jetpack_sharing_enabled":true,"_links":{"self":[{"href":"https:\/\/tinnunculus.sy-sy.cz\/index.php\/wp-json\/wp\/v2\/pages\/20969","targetHints":{"allow":["GET"]}}],"collection":[{"href":"https:\/\/tinnunculus.sy-sy.cz\/index.php\/wp-json\/wp\/v2\/pages"}],"about":[{"href":"https:\/\/tinnunculus.sy-sy.cz\/index.php\/wp-json\/wp\/v2\/types\/page"}],"author":[{"embeddable":true,"href":"https:\/\/tinnunculus.sy-sy.cz\/index.php\/wp-json\/wp\/v2\/users\/2"}],"replies":[{"embeddable":true,"href":"https:\/\/tinnunculus.sy-sy.cz\/index.php\/wp-json\/wp\/v2\/comments?post=20969"}],"version-history":[{"count":1,"href":"https:\/\/tinnunculus.sy-sy.cz\/index.php\/wp-json\/wp\/v2\/pages\/20969\/revisions"}],"predecessor-version":[{"id":45359,"href":"https:\/\/tinnunculus.sy-sy.cz\/index.php\/wp-json\/wp\/v2\/pages\/20969\/revisions\/45359"}],"up":[{"embeddable":true,"href":"https:\/\/tinnunculus.sy-sy.cz\/index.php\/wp-json\/wp\/v2\/pages\/829"}],"wp:attachment":[{"href":"https:\/\/tinnunculus.sy-sy.cz\/index.php\/wp-json\/wp\/v2\/media?parent=20969"}],"wp:term":[{"taxonomy":"category","embeddable":true,"href":"https:\/\/tinnunculus.sy-sy.cz\/index.php\/wp-json\/wp\/v2\/categories?post=20969"},{"taxonomy":"post_tag","embeddable":true,"href":"https:\/\/tinnunculus.sy-sy.cz\/index.php\/wp-json\/wp\/v2\/tags?post=20969"}],"curies":[{"name":"wp","href":"https:\/\/api.w.org\/{rel}","templated":true}]}}