{"id":20959,"date":"2023-03-18T22:46:12","date_gmt":"2023-03-18T21:46:12","guid":{"rendered":"https:\/\/tinnunculus.sy-sy.cz\/?page_id=20959"},"modified":"2025-12-14T23:44:29","modified_gmt":"2025-12-14T22:44:29","slug":"sezona-2013","status":"publish","type":"page","link":"https:\/\/tinnunculus.sy-sy.cz\/index.php\/deniky\/2013-2\/sezona-2013\/","title":{"rendered":"Sez\u00f3na 2013"},"content":{"rendered":"<div class=\"pt-cv-wrapper\"><div class=\"pt-cv-view pt-cv-collapsible\" id=\"pt-cv-view-5911b2au83\"><div data-id=\"pt-cv-page-1\" class=\"pt-cv-page\" data-cvc=\"1\"><div class=\"panel-group\" id=\"aa655cb6eo\"><div class=\"panel panel-default pt-cv-content-item pt-cv-1-col\" >\r\n<div class=\"panel-heading pt-cv-title\">\r\n    <a class=\"panel-title\" data-toggle=\"cvcollapse\" data-parent=\"#aa655cb6eo\" data-target=\"#0fbedf1w0c\" href='https:\/\/tinnunculus.sy-sy.cz\/index.php\/2015\/06\/23\/navstevnik\/' onclick='event.preventDefault()'>\r\n\t\tN\u00e1v\u0161t\u011bvn\u00edk\t<\/a>\r\n\t<\/div>\r\n<div id=\"0fbedf1w0c\" class=\"panel-collapse collapse in\">\r\n\t<div class=\"panel-body\">\r\n\t\t<div class=\"pt-cv-content\"><p>Kde se vzalo, tu se vzalo&#8230; Dnes r\u00e1no je op\u011bt v&nbsp;lod\u017eii \u0161est po\u0161tol\u010dat. \u0160est\u00e9, p\u0159ibli\u017en\u011b stejn\u00e9ho v\u011bku jako dom\u00e1c\u00ed, p\u0159il\u00e9tlo p\u0159ed osmou hodinou, kdy ho do lod\u017eie z\u0159ejm\u011b p\u0159il\u00e1kal ruch spojen\u00fd s&nbsp;p\u0159\u00edletem same\u010dka, kter\u00fd donesl po\u0161tol\u010dat\u016fm hrabo\u0161e.<\/p>\n<p>Ciz\u00ed po\u0161tol\u010data se takto objevuj\u00ed z\u0159ejm\u011b ka\u017ed\u00fd rok, ale ne v\u017edy se n\u00e1m je poda\u0159\u00ed zaregistrovat. V&nbsp;roce <a href=\"https:\/\/tinnunculus.sy-sy.cz\/index.php\/deniky\/2013-2\/\">2013<\/a> takto l\u00e9talo do lod\u017eie ka\u017ed\u00fd den ciz\u00ed po\u0161tol\u010de ka\u017ed\u00fd den a&nbsp;po&nbsp;dobu t\u00e9m\u011b\u0159 \u010dtrn\u00e1cti dn\u00ed a&nbsp;po\u0161tol\u010d\u00ed rodi\u010de ho spolu s&nbsp;ostatn\u00edmi \u017eivili. Pouze na noc odl\u00e9talo sp\u00e1t n\u011bkam jinam. Uvid\u00edme, jak dlouho se zdr\u017e\u00ed to leto\u0161n\u00ed a&nbsp;zda to bude tak\u00e9 dom\u00e1c\u00edmi adoptov\u00e1no.<\/p>\n<p><a href=\"https:\/\/i0.wp.com\/tinnunculus.sy-sy.cz\/wp-content\/uploads\/2015\/06\/20150623_07-50-07-1-e1706911225352.jpg?ssl=1\" target=\"_blank\" rel=\"noopener\"><img data-recalc-dims=\"1\" loading=\"lazy\" decoding=\"async\" data-attachment-id=\"31454\" data-permalink=\"https:\/\/tinnunculus.sy-sy.cz\/index.php\/2015\/06\/23\/navstevnik\/20150623_07-50-07-2\/\" data-orig-file=\"https:\/\/i0.wp.com\/tinnunculus.sy-sy.cz\/wp-content\/uploads\/2015\/06\/20150623_07-50-07-1-e1706911225352.jpg?fit=1038%2C649&amp;ssl=1\" data-orig-size=\"1038,649\" data-comments-opened=\"1\" data-image-meta=\"{&quot;aperture&quot;:&quot;0&quot;,&quot;credit&quot;:&quot;&quot;,&quot;camera&quot;:&quot;&quot;,&quot;caption&quot;:&quot;&quot;,&quot;created_timestamp&quot;:&quot;0&quot;,&quot;copyright&quot;:&quot;&quot;,&quot;focal_length&quot;:&quot;0&quot;,&quot;iso&quot;:&quot;0&quot;,&quot;shutter_speed&quot;:&quot;0&quot;,&quot;title&quot;:&quot;&quot;,&quot;orientation&quot;:&quot;0&quot;}\" data-image-title=\"20150623_07-50-07\" data-image-description=\"\" data-image-caption=\"\" data-large-file=\"https:\/\/i0.wp.com\/tinnunculus.sy-sy.cz\/wp-content\/uploads\/2015\/06\/20150623_07-50-07-1-e1706911225352.jpg?fit=525%2C328&amp;ssl=1\" class=\"aligncenter wp-image-31454 size-large\" src=\"https:\/\/i0.wp.com\/tinnunculus.sy-sy.cz\/wp-content\/uploads\/2015\/06\/20150623_07-50-07-1.jpg?resize=525%2C328&#038;ssl=1\" alt=\"\" width=\"525\" height=\"328\" \/><\/a><\/p>\n<div style=\"text-align: center;\"> <a href=\"https:\/\/tinnunculus.sy-sy.cz\/index.php\/2015\/06\/23\/navstevnik\/#more-233\" class=\"more-link\"><span aria-label=\"Pokra\u010dov\u00e1n\u00ed textu N\u00e1v\u0161t\u011bvn\u00edk\">(Pokra\u010dov\u00e1n\u00ed textu&hellip;)<\/span><\/a><\/div>\n<\/div>\t<\/div>\r\n<\/div><\/div>\n<div class=\"panel panel-default pt-cv-content-item pt-cv-1-col\" >\r\n<div class=\"panel-heading pt-cv-title\">\r\n    <a class=\"panel-title\" data-toggle=\"cvcollapse\" data-parent=\"#aa655cb6eo\" data-target=\"#1078c58x7b\" href='https:\/\/tinnunculus.sy-sy.cz\/index.php\/2017\/06\/24\/uvaha-statisticka\/' onclick='event.preventDefault()'>\r\n\t\t\u00davaha statistick\u00e1\t<\/a>\r\n\t<\/div>\r\n<div id=\"1078c58x7b\" class=\"panel-collapse collapse \">\r\n\t<div class=\"panel-body\">\r\n\t\t<div class=\"pt-cv-content\"><p>V\u010derej\u0161\u00ed n\u00e1v\u0161t\u011bva u&nbsp;po\u0161tolek na konci na\u0161\u00ed ulice n\u00e1s vedla k&nbsp;\u00favaze, zda tamn\u00ed p\u00e1r m\u016f\u017ee b\u00fdt ten &#8222;n\u00e1\u0161&#8220;. Odpov\u00edd\u00e1 vzhled a&nbsp;dovednosti tamn\u00edch po\u0161tol\u010dat tomu, jak by mohla vypadat po\u0161tol\u010data &#8222;na\u0161eho&#8220; leto\u0161n\u00edho p\u00e1ru? Sami\u010dka p\u0159espala v&nbsp;na\u0161\u00ed lod\u017eii naposledy v&nbsp;noci na 30.&nbsp;dubna. Do t\u00e9 doby zde p\u0159esp\u00e1vala pravideln\u011b ka\u017edou noc a&nbsp;nemohla tedy n\u011bkde jinde \u0159\u00e1dn\u011b sed\u011bt na vejc\u00edch. Z&nbsp;pozorov\u00e1n\u00ed z&nbsp;let p\u0159edchoz\u00edch, m\u016f\u017eete odvodit, \u017ee po\u0161tol\u010data by byla ve v\u011bku asi 24 dn\u016f od vyl\u00edhnut\u00ed toho posledn\u00edho. Jak ta z&nbsp;let 2007-2016 vypadala a&nbsp;co um\u011bla?<\/p>\n<h4 id=\"anchor-65eb542de31af\"><strong>2007<\/strong><\/h4>\n<p>Posledn\u00ed z&nbsp;p\u011bti po\u0161tol\u010dat se onoho roku, kdy u&nbsp;n\u00e1s po\u0161tolky hn\u00edzdily poprv\u00e9, vyl\u00edhlo 5.\u010dervna. 29.&nbsp;\u010dervna u\u017e v\u0161echna tr\u00e1vila v\u011bt\u0161inu dne v&nbsp;kv\u011btin\u00e1\u010d\u00edch.\u00a0 O&nbsp;den pozd\u011bji se u\u017e za\u010dala, je\u0161t\u011b s&nbsp;posledn\u00edm chm\u00fd\u0159\u00edm na hlav\u011b a&nbsp;k\u0159\u00eddlech promenovat po&nbsp;z\u00e1bradl\u00ed.<br \/>\nV\u00edce o&nbsp;pr\u016fb\u011bhu hn\u00edzdn\u00ed sez\u00f3ny najdete <a href=\"https:\/\/tinnunculus.sy-sy.cz\/index.php\/deniky\/2007-2\/\">zde<\/a>.<\/p>\n<p style=\"text-align: center;\"><a href=\"https:\/\/i0.wp.com\/tinnunculus.sy-sy.cz\/wp-content\/uploads\/2017\/06\/DSC_5644_uprav.jpg?ssl=1\" target=\"_blank\" rel=\"noopener\"><img data-recalc-dims=\"1\" loading=\"lazy\" decoding=\"async\" data-attachment-id=\"1788\" data-permalink=\"https:\/\/tinnunculus.sy-sy.cz\/index.php\/2017\/06\/24\/uvaha-statisticka\/dsc_5644_uprav\/\" data-orig-file=\"https:\/\/i0.wp.com\/tinnunculus.sy-sy.cz\/wp-content\/uploads\/2017\/06\/DSC_5644_uprav-e1503218758561.jpg?fit=1038%2C690&amp;ssl=1\" data-orig-size=\"1038,690\" data-comments-opened=\"1\" data-image-meta=\"{&quot;aperture&quot;:&quot;0&quot;,&quot;credit&quot;:&quot;&quot;,&quot;camera&quot;:&quot;&quot;,&quot;caption&quot;:&quot;&quot;,&quot;created_timestamp&quot;:&quot;0&quot;,&quot;copyright&quot;:&quot;&quot;,&quot;focal_length&quot;:&quot;0&quot;,&quot;iso&quot;:&quot;0&quot;,&quot;shutter_speed&quot;:&quot;0&quot;,&quot;title&quot;:&quot;&quot;,&quot;orientation&quot;:&quot;0&quot;}\" data-image-title=\"DSC_5644_uprav\" data-image-description=\"\" data-image-caption=\"\" data-large-file=\"https:\/\/i0.wp.com\/tinnunculus.sy-sy.cz\/wp-content\/uploads\/2017\/06\/DSC_5644_uprav-e1503218758561.jpg?fit=525%2C349&amp;ssl=1\" class=\"aligncenter wp-image-1788 size-medium\" src=\"https:\/\/i0.wp.com\/tinnunculus.sy-sy.cz\/wp-content\/uploads\/2017\/06\/DSC_5644_uprav.jpg?resize=300%2C199&#038;ssl=1\" alt=\"\" width=\"300\" height=\"199\" \/><\/a><\/p>\n<p style=\"text-align: center;\"><em>2007\/06\/29<\/em><\/p>\n<p> <a href=\"https:\/\/tinnunculus.sy-sy.cz\/index.php\/2017\/06\/24\/uvaha-statisticka\/#more-420\" class=\"more-link\"><span aria-label=\"Pokra\u010dov\u00e1n\u00ed textu \u00davaha statistick\u00e1\">(Pokra\u010dov\u00e1n\u00ed textu&hellip;)<\/span><\/a><\/p>\n<\/div>\t<\/div>\r\n<\/div><\/div>\n<div class=\"panel panel-default pt-cv-content-item pt-cv-1-col\" >\r\n<div class=\"panel-heading pt-cv-title\">\r\n    <a class=\"panel-title\" data-toggle=\"cvcollapse\" data-parent=\"#aa655cb6eo\" data-target=\"#9ee5da24pi\" href='https:\/\/tinnunculus.sy-sy.cz\/index.php\/2020\/07\/06\/adoptivni-postolce\/' onclick='event.preventDefault()'>\r\n\t\tAdoptivn\u00ed po\u0161tol\u010de\t<\/a>\r\n\t<\/div>\r\n<div id=\"9ee5da24pi\" class=\"panel-collapse collapse \">\r\n\t<div class=\"panel-body\">\r\n\t\t<div class=\"pt-cv-content\"><p><img data-recalc-dims=\"1\" loading=\"lazy\" decoding=\"async\" data-attachment-id=\"13397\" data-permalink=\"https:\/\/tinnunculus.sy-sy.cz\/index.php\/2020\/07\/06\/adoptivni-postolce\/20130706-11-17-39\/\" data-orig-file=\"https:\/\/i0.wp.com\/tinnunculus.sy-sy.cz\/wp-content\/uploads\/2020\/07\/20130706-11-17-39-e1594012939974.jpg?fit=928%2C566&amp;ssl=1\" data-orig-size=\"928,566\" data-comments-opened=\"1\" data-image-meta=\"{&quot;aperture&quot;:&quot;0&quot;,&quot;credit&quot;:&quot;&quot;,&quot;camera&quot;:&quot;&quot;,&quot;caption&quot;:&quot;&quot;,&quot;created_timestamp&quot;:&quot;0&quot;,&quot;copyright&quot;:&quot;&quot;,&quot;focal_length&quot;:&quot;0&quot;,&quot;iso&quot;:&quot;0&quot;,&quot;shutter_speed&quot;:&quot;0&quot;,&quot;title&quot;:&quot;&quot;,&quot;orientation&quot;:&quot;0&quot;}\" data-image-title=\"20130706-11-17-39\" data-image-description=\"\" data-image-caption=\"\" data-large-file=\"https:\/\/i0.wp.com\/tinnunculus.sy-sy.cz\/wp-content\/uploads\/2020\/07\/20130706-11-17-39-e1594012939974.jpg?fit=525%2C328&amp;ssl=1\" class=\"aligncenter wp-image-13397 size-large\" src=\"https:\/\/i0.wp.com\/tinnunculus.sy-sy.cz\/wp-content\/uploads\/2020\/07\/20130706-11-17-39.jpg?resize=525%2C328&#038;ssl=1\" alt=\"\" width=\"525\" height=\"328\" \/><\/p>\n<p>V tomto p\u0159\u00edsp\u011bvku se vrac\u00edme o&nbsp;n\u011bkolik let zp\u011bt. P\u0159ed sedmi lety, 6.&nbsp;\u010dervence 2013 p\u0159ist\u00e1lo na z\u00e1bradl\u00ed na\u0161\u00ed lod\u017eie ciz\u00ed po\u0161tol\u010de. To, \u017ee jde o&nbsp;po\u0161tol\u010de ciz\u00ed bylo jasn\u00e9 z&nbsp;toho, \u017ee v&nbsp;t\u00e9 dob\u011b je\u0161t\u011b do ulice nel\u00e9taj\u00edc\u00ed dom\u00e1c\u00ed po\u0161tol\u010data sed\u011bla na sk\u0159\u00ed\u0148ce a&nbsp;na z\u00e1bradl\u00ed.  <a href=\"https:\/\/tinnunculus.sy-sy.cz\/index.php\/2020\/07\/06\/adoptivni-postolce\/#more-13389\" class=\"more-link\"><span aria-label=\"Pokra\u010dov\u00e1n\u00ed textu Adoptivn\u00ed po\u0161tol\u010de\">(Pokra\u010dov\u00e1n\u00ed textu&hellip;)<\/span><\/a><\/p>\n<\/div>\t<\/div>\r\n<\/div><\/div><\/div><\/div><\/div><\/div>\n<p>&nbsp;<\/p>\n<ul>\n<li><a href=\"https:\/\/tinnunculus.sy-sy.cz\/index.php\/deniky\/2013-2\/\">Den\u00edk 2013<\/a><\/li>\n<\/ul>\n","protected":false},"excerpt":{"rendered":"<p>&nbsp; Den\u00edk 2013<\/p>\n","protected":false},"author":2,"featured_media":0,"parent":843,"menu_order":0,"comment_status":"closed","ping_status":"closed","template":"","meta":{"footnotes":""},"categories":[],"tags":[],"class_list":["post-20959","page","type-page","status-publish","hentry"],"jetpack_shortlink":"https:\/\/wp.me\/P91gKE-5s3","jetpack-related-posts":[{"id":20898,"url":"https:\/\/tinnunculus.sy-sy.cz\/index.php\/deniky\/2007-2\/sezona-2007\/","url_meta":{"origin":20959,"position":0},"title":"Sez\u00f3na 2007","author":"Zuzana Syrov\u00e1 An\u00fd\u017eov\u00e1","date":"18\/03\/2023","format":false,"excerpt":"\u00a0 Den\u00edk 2007","rel":"","context":"V \u201eden\u00edk\u201c","block_context":{"text":"den\u00edk","link":"https:\/\/tinnunculus.sy-sy.cz\/index.php\/tag\/denik\/"},"img":{"alt_text":"","src":"","width":0,"height":0},"classes":[]},{"id":20909,"url":"https:\/\/tinnunculus.sy-sy.cz\/index.php\/deniky\/2022-2\/sezona-2022\/","url_meta":{"origin":20959,"position":1},"title":"Sez\u00f3na 2022","author":"Zuzana Syrov\u00e1 An\u00fd\u017eov\u00e1","date":"18\/03\/2023","format":false,"excerpt":"\u00a0 Den\u00edk 2022","rel":"","context":"Podobn\u00fd p\u0159\u00edsp\u011bvek","block_context":{"text":"Podobn\u00fd p\u0159\u00edsp\u011bvek","link":""},"img":{"alt_text":"","src":"","width":0,"height":0},"classes":[]},{"id":20929,"url":"https:\/\/tinnunculus.sy-sy.cz\/index.php\/deniky\/2021-2\/sezona-2021\/","url_meta":{"origin":20959,"position":2},"title":"Sez\u00f3na 2021","author":"Zuzana Syrov\u00e1 An\u00fd\u017eov\u00e1","date":"18\/03\/2023","format":false,"excerpt":"\u00a0 Den\u00edk 2021","rel":"","context":"Podobn\u00fd p\u0159\u00edsp\u011bvek","block_context":{"text":"Podobn\u00fd p\u0159\u00edsp\u011bvek","link":""},"img":{"alt_text":"","src":"","width":0,"height":0},"classes":[]},{"id":20932,"url":"https:\/\/tinnunculus.sy-sy.cz\/index.php\/deniky\/2020-2\/sezona-2020\/","url_meta":{"origin":20959,"position":3},"title":"Sez\u00f3na 2020","author":"Zuzana Syrov\u00e1 An\u00fd\u017eov\u00e1","date":"18\/03\/2023","format":false,"excerpt":"\u00a0 Den\u00edk 2020","rel":"","context":"Podobn\u00fd p\u0159\u00edsp\u011bvek","block_context":{"text":"Podobn\u00fd p\u0159\u00edsp\u011bvek","link":""},"img":{"alt_text":"","src":"","width":0,"height":0},"classes":[]},{"id":20936,"url":"https:\/\/tinnunculus.sy-sy.cz\/index.php\/deniky\/2019-2\/sezona-2019\/","url_meta":{"origin":20959,"position":4},"title":"Sez\u00f3na 2019","author":"Zuzana Syrov\u00e1 An\u00fd\u017eov\u00e1","date":"18\/03\/2023","format":false,"excerpt":"\u00a0 Den\u00edk 2019","rel":"","context":"Podobn\u00fd p\u0159\u00edsp\u011bvek","block_context":{"text":"Podobn\u00fd p\u0159\u00edsp\u011bvek","link":""},"img":{"alt_text":"","src":"","width":0,"height":0},"classes":[]},{"id":20940,"url":"https:\/\/tinnunculus.sy-sy.cz\/index.php\/deniky\/2018-2\/sezona-2018\/","url_meta":{"origin":20959,"position":5},"title":"Sez\u00f3na 2018","author":"Zuzana Syrov\u00e1 An\u00fd\u017eov\u00e1","date":"18\/03\/2023","format":false,"excerpt":"\u00a0 Den\u00edk 2018","rel":"","context":"Podobn\u00fd p\u0159\u00edsp\u011bvek","block_context":{"text":"Podobn\u00fd p\u0159\u00edsp\u011bvek","link":""},"img":{"alt_text":"","src":"","width":0,"height":0},"classes":[]}],"jetpack_sharing_enabled":true,"_links":{"self":[{"href":"https:\/\/tinnunculus.sy-sy.cz\/index.php\/wp-json\/wp\/v2\/pages\/20959","targetHints":{"allow":["GET"]}}],"collection":[{"href":"https:\/\/tinnunculus.sy-sy.cz\/index.php\/wp-json\/wp\/v2\/pages"}],"about":[{"href":"https:\/\/tinnunculus.sy-sy.cz\/index.php\/wp-json\/wp\/v2\/types\/page"}],"author":[{"embeddable":true,"href":"https:\/\/tinnunculus.sy-sy.cz\/index.php\/wp-json\/wp\/v2\/users\/2"}],"replies":[{"embeddable":true,"href":"https:\/\/tinnunculus.sy-sy.cz\/index.php\/wp-json\/wp\/v2\/comments?post=20959"}],"version-history":[{"count":1,"href":"https:\/\/tinnunculus.sy-sy.cz\/index.php\/wp-json\/wp\/v2\/pages\/20959\/revisions"}],"predecessor-version":[{"id":45362,"href":"https:\/\/tinnunculus.sy-sy.cz\/index.php\/wp-json\/wp\/v2\/pages\/20959\/revisions\/45362"}],"up":[{"embeddable":true,"href":"https:\/\/tinnunculus.sy-sy.cz\/index.php\/wp-json\/wp\/v2\/pages\/843"}],"wp:attachment":[{"href":"https:\/\/tinnunculus.sy-sy.cz\/index.php\/wp-json\/wp\/v2\/media?parent=20959"}],"wp:term":[{"taxonomy":"category","embeddable":true,"href":"https:\/\/tinnunculus.sy-sy.cz\/index.php\/wp-json\/wp\/v2\/categories?post=20959"},{"taxonomy":"post_tag","embeddable":true,"href":"https:\/\/tinnunculus.sy-sy.cz\/index.php\/wp-json\/wp\/v2\/tags?post=20959"}],"curies":[{"name":"wp","href":"https:\/\/api.w.org\/{rel}","templated":true}]}}