{"id":20948,"date":"2023-03-18T19:58:30","date_gmt":"2023-03-18T18:58:30","guid":{"rendered":"https:\/\/tinnunculus.sy-sy.cz\/?page_id=20948"},"modified":"2025-12-14T23:46:05","modified_gmt":"2025-12-14T22:46:05","slug":"sezona-2016","status":"publish","type":"page","link":"https:\/\/tinnunculus.sy-sy.cz\/index.php\/deniky\/2016-2\/sezona-2016\/","title":{"rendered":"Sez\u00f3na 2016"},"content":{"rendered":"<div class=\"pt-cv-wrapper\"><div class=\"pt-cv-view pt-cv-collapsible\" id=\"pt-cv-view-b18575epb2\"><div data-id=\"pt-cv-page-1\" class=\"pt-cv-page\" data-cvc=\"1\"><div class=\"panel-group\" id=\"dca5bc61ki\"><div class=\"panel panel-default pt-cv-content-item pt-cv-1-col\" >\r\n<div class=\"panel-heading pt-cv-title\">\r\n    <a class=\"panel-title\" data-toggle=\"cvcollapse\" data-parent=\"#dca5bc61ki\" data-target=\"#af5a68dyv1\" href='https:\/\/tinnunculus.sy-sy.cz\/index.php\/2016\/01\/31\/jaro-na-obzoru\/' onclick='event.preventDefault()'>\r\n\t\tJaro na obzoru?\t<\/a>\r\n\t<\/div>\r\n<div id=\"af5a68dyv1\" class=\"panel-collapse collapse in\">\r\n\t<div class=\"panel-body\">\r\n\t\t<div class=\"pt-cv-content\"><p>Je\u0161t\u011b nebyly hromnice a&nbsp;v\u00e1no\u010dn\u00ed strome\u010dek dosud tr\u016fn\u00ed v&nbsp;lod\u017eii, ale kolem n\u011bj u\u017e to vypad\u00e1 jako na ja\u0159e. Nejen vypad\u00e1, ale d\u011bn\u00ed je doprov\u00e1zeno typick\u00fdmi zvuky same\u010dka tikaj\u00edc\u00edho na hn\u00edzd\u011b, sami\u010dky l\u00e1kaj\u00edc\u00ed same\u010dka, radostn\u00e9ho k\u0159iku p\u0159i&nbsp;p\u00e1\u0159en\u00ed, kter\u00e9 jsou spolehliv\u00fdm rann\u00edm bud\u00ed\u010dkem pro n\u00e1s lidi dom\u00e1c\u00ed. Same\u010dek u\u017e tak\u00e9 ob\u010das donese sami\u010dce hrabo\u0161e. Rozruch za\u010dal ve \u010dtvrtek kolem poledn\u00edho, kdy se kolem lod\u017eie za\u010dal potloukat ciz\u00ed same\u010dek, co\u017e p\u00e1r, kter\u00fd tu nocuje po&nbsp;celou leto\u0161n\u00ed zimu, n\u00e1le\u017eit\u011b pobou\u0159ilo a&nbsp;dalo jim mo\u017enost poprv\u00e9 se letos poprat. U\u017e tu byla nuda a&nbsp;te\u010f se zjevn\u011b bav\u00ed.<\/p>\n<p><a href=\"https:\/\/i0.wp.com\/tinnunculus.sy-sy.cz\/wp-content\/uploads\/2016\/01\/20160131_07-57-48-e1706388988717.jpg?ssl=1\" target=\"_blank\" rel=\"noopener\"><img data-recalc-dims=\"1\" loading=\"lazy\" decoding=\"async\" data-attachment-id=\"31033\" data-permalink=\"https:\/\/tinnunculus.sy-sy.cz\/index.php\/2016\/01\/31\/jaro-na-obzoru\/20160131_07-57-48\/\" data-orig-file=\"https:\/\/i0.wp.com\/tinnunculus.sy-sy.cz\/wp-content\/uploads\/2016\/01\/20160131_07-57-48-e1706388988717.jpg?fit=1038%2C649&amp;ssl=1\" data-orig-size=\"1038,649\" data-comments-opened=\"1\" data-image-meta=\"{&quot;aperture&quot;:&quot;0&quot;,&quot;credit&quot;:&quot;&quot;,&quot;camera&quot;:&quot;&quot;,&quot;caption&quot;:&quot;&quot;,&quot;created_timestamp&quot;:&quot;0&quot;,&quot;copyright&quot;:&quot;&quot;,&quot;focal_length&quot;:&quot;0&quot;,&quot;iso&quot;:&quot;0&quot;,&quot;shutter_speed&quot;:&quot;0&quot;,&quot;title&quot;:&quot;&quot;,&quot;orientation&quot;:&quot;0&quot;}\" data-image-title=\"20160131_07-57-48\" data-image-description=\"\" data-image-caption=\"\" data-medium-file=\"https:\/\/i0.wp.com\/tinnunculus.sy-sy.cz\/wp-content\/uploads\/2016\/01\/20160131_07-57-48-e1706388988717.jpg?fit=300%2C188&amp;ssl=1\" data-large-file=\"https:\/\/i0.wp.com\/tinnunculus.sy-sy.cz\/wp-content\/uploads\/2016\/01\/20160131_07-57-48-e1706388988717.jpg?fit=525%2C328&amp;ssl=1\" class=\"aligncenter wp-image-31033 size-large\" src=\"https:\/\/i0.wp.com\/tinnunculus.sy-sy.cz\/wp-content\/uploads\/2016\/01\/20160131_07-57-48.jpg?resize=525%2C328&#038;ssl=1\" alt=\"\" width=\"525\" height=\"328\" \/><\/a><\/p>\n<p align=\"center\"><em>P\u00e1\u0159en\u00ed na z\u00e1bradl\u00ed; 2016\/01\/31 <\/em><\/p>\n<\/div>\t<\/div>\r\n<\/div><\/div>\n<div class=\"panel panel-default pt-cv-content-item pt-cv-1-col\" >\r\n<div class=\"panel-heading pt-cv-title\">\r\n    <a class=\"panel-title\" data-toggle=\"cvcollapse\" data-parent=\"#dca5bc61ki\" data-target=\"#e4a248abwo\" href='https:\/\/tinnunculus.sy-sy.cz\/index.php\/2016\/02\/13\/plus-tri\/' onclick='event.preventDefault()'>\r\n\t\tPlus t\u0159i\t<\/a>\r\n\t<\/div>\r\n<div id=\"e4a248abwo\" class=\"panel-collapse collapse \">\r\n\t<div class=\"panel-body\">\r\n\t\t<div class=\"pt-cv-content\"><p>Po\u0161tol\u010d\u00ed p\u00e1r, kter\u00fd s&nbsp;n\u00e1mi tr\u00e1v\u00ed tuto zimu, bere p\u0159edja\u0159\u00ed docela v\u00e1\u017en\u011b.<br \/>\nS&nbsp;notnou d\u00e1vkou p\u0159edjarn\u00edho optimismu jsme tedy dnes odpoledne (13.2.2016) zprovoznili p\u0159enos z&nbsp;lod\u017eie dal\u0161\u00edmi t\u0159emi kamerami a&nbsp;jednu ze dvou zimn\u00edch op\u011bt p\u0159esm\u011brovali do hn\u00edzda. M\u016f\u017eete tedy op\u011bt detailn\u011bji sledovat d\u011bn\u00ed <em><a title=\"Co se d\u011bje na hn\u00edzd\u011b\" href=\"https:\/\/tinnunculus.sy-sy.cz\/index.php\/v-primem-prenosu\/\">na hn\u00edzd\u011b<\/a><\/em> i&nbsp;<em><a title=\"Co se d\u011bje v lod\u017eii\" href=\"https:\/\/tinnunculus.sy-sy.cz\/index.php\/v-primem-prenosu\/\">v lod\u017eii<\/a>. <\/em><\/p>\n<p>Se zprovozn\u011bn\u00edm zbyl\u00fdch dvou rad\u011bji po\u010dk\u00e1me, a\u017e bude jist\u011bj\u0161\u00ed, \u017ee teploty nebudou klesat pod 5<sup>o<\/sup>C.<\/p>\n<p><em>Pozn. Sledovat d\u011bn\u00ed v&nbsp;podrobn\u011bj\u0161\u00edm rozli\u0161en\u00ed mo\u017eno\u00a0<a title=\"AXIS LIve View\" href=\"https:\/\/tinnunculus.sy-sy.cz\/index.php\/axis-live-view\/\" rel=\"noopener noreferrer\">zde<\/a>.<\/em><\/p>\n<\/div>\t<\/div>\r\n<\/div><\/div>\n<div class=\"panel panel-default pt-cv-content-item pt-cv-1-col\" >\r\n<div class=\"panel-heading pt-cv-title\">\r\n    <a class=\"panel-title\" data-toggle=\"cvcollapse\" data-parent=\"#dca5bc61ki\" data-target=\"#b341e909uk\" href='https:\/\/tinnunculus.sy-sy.cz\/index.php\/2016\/03\/19\/velikonoce-bez-vajec\/' onclick='event.preventDefault()'>\r\n\t\tVelikonoce bez vajec?\t<\/a>\r\n\t<\/div>\r\n<div id=\"b341e909uk\" class=\"panel-collapse collapse \">\r\n\t<div class=\"panel-body\">\r\n\t\t<div class=\"pt-cv-content\"><p>Velikonoce se u\u017e kvapem bl\u00ed\u017e\u00ed, ale i&nbsp;kdy\u017e ruch kolem m\u00edst, kter\u00e1 si po\u0161tolky vyhl\u00e9dly nejen u&nbsp;n\u00e1s k&nbsp;zahn\u00edzd\u011bn\u00ed, \u010dil\u00fd, tak se mo\u017en\u00e1 po\u0161tol\u010d\u00edch velikono\u010dn\u00edch vajec letos nedo\u010dk\u00e1me. A&nbsp;tak jsme pou\u017eili ku p\u0159\u00e1n\u00ed vesel\u00fdch sv\u00e1tk\u016f velikono\u010dn\u00edch v\u0161em p\u0159\u00e1tel\u016fm po\u0161tolek star\u0161\u00ed sn\u00edmek prvn\u00edho kr\u00e1sn\u011b kropenat\u00e9ho vejce z&nbsp;roku 2009. Po\u0161tol\u010d\u00ed p\u00e1r pod n\u00edm je ten &#8222;n\u00e1\u0161&#8220; leto\u0161n\u00ed.<\/p>\n<p><a href=\"https:\/\/i0.wp.com\/tinnunculus.sy-sy.cz\/wp-content\/uploads\/2016\/03\/velikonoce_2016-e1706378919543.jpg?ssl=1\" target=\"_blank\" rel=\"noopener\"><img data-recalc-dims=\"1\" loading=\"lazy\" decoding=\"async\" data-attachment-id=\"30998\" data-permalink=\"https:\/\/tinnunculus.sy-sy.cz\/index.php\/2016\/03\/19\/velikonoce-bez-vajec\/velikonoce_2016\/\" data-orig-file=\"https:\/\/i0.wp.com\/tinnunculus.sy-sy.cz\/wp-content\/uploads\/2016\/03\/velikonoce_2016-e1706378919543.jpg?fit=1038%2C732&amp;ssl=1\" data-orig-size=\"1038,732\" data-comments-opened=\"1\" data-image-meta=\"{&quot;aperture&quot;:&quot;0&quot;,&quot;credit&quot;:&quot;&quot;,&quot;camera&quot;:&quot;&quot;,&quot;caption&quot;:&quot;&quot;,&quot;created_timestamp&quot;:&quot;0&quot;,&quot;copyright&quot;:&quot;&quot;,&quot;focal_length&quot;:&quot;0&quot;,&quot;iso&quot;:&quot;0&quot;,&quot;shutter_speed&quot;:&quot;0&quot;,&quot;title&quot;:&quot;&quot;,&quot;orientation&quot;:&quot;0&quot;}\" data-image-title=\"velikonoce_2016\" data-image-description=\"\" data-image-caption=\"\" data-medium-file=\"https:\/\/i0.wp.com\/tinnunculus.sy-sy.cz\/wp-content\/uploads\/2016\/03\/velikonoce_2016-e1706378919543.jpg?fit=300%2C211&amp;ssl=1\" data-large-file=\"https:\/\/i0.wp.com\/tinnunculus.sy-sy.cz\/wp-content\/uploads\/2016\/03\/velikonoce_2016-e1706378919543.jpg?fit=525%2C370&amp;ssl=1\" class=\"aligncenter wp-image-30998 size-large\" src=\"https:\/\/i0.wp.com\/tinnunculus.sy-sy.cz\/wp-content\/uploads\/2016\/03\/velikonoce_2016.jpg?resize=525%2C370&#038;ssl=1\" alt=\"\" width=\"525\" height=\"370\" \/><\/a><\/p>\n<p>&nbsp;<\/p>\n<\/div>\t<\/div>\r\n<\/div><\/div>\n<div class=\"panel panel-default pt-cv-content-item pt-cv-1-col\" >\r\n<div class=\"panel-heading pt-cv-title\">\r\n    <a class=\"panel-title\" data-toggle=\"cvcollapse\" data-parent=\"#dca5bc61ki\" data-target=\"#f8ae09et2u\" href='https:\/\/tinnunculus.sy-sy.cz\/index.php\/2016\/03\/29\/velikonoce-s-postolkou\/' onclick='event.preventDefault()'>\r\n\t\tVelikonoce s&nbsp;po\u0161tolkou\t<\/a>\r\n\t<\/div>\r\n<div id=\"f8ae09et2u\" class=\"panel-collapse collapse \">\r\n\t<div class=\"panel-body\">\r\n\t\t<div class=\"pt-cv-content\"><p>Velikonoce m\u011bly v&nbsp;na\u0161\u00ed lod\u017eii sv\u00e1te\u010dn\u00ed charakter a&nbsp;nesly se v&nbsp;duchu o\u010dek\u00e1v\u00e1n\u00ed v\u011bc\u00ed p\u0159\u00ed\u0161t\u00edch. V&nbsp;zaveden\u00e9 po\u0161tol\u010d\u00ed dom\u00e1cnosti u\u017e se sami\u010dka p\u0159\u00edli\u0161 nevzdaluje od hn\u00edzda a&nbsp;nech\u00e1v\u00e1 se z\u00e1sobovat same\u010dkem. Ten se objevuje pravideln\u011b zhruba po&nbsp;hodin\u011b s&nbsp;hrabo\u0161em, tak\u017ee z\u00e1sobov\u00e1n\u00ed rozhodn\u011b nev\u00e1zne. Z\u0159ejm\u011b m\u00e1 n\u011bkde pobl\u00ed\u017e spi\u017en\u00ed skr\u00fd\u0161, jak to u\u017e zn\u00e1me z&nbsp;let minul\u00fdch.<\/p>\n<p><a href=\"https:\/\/i0.wp.com\/tinnunculus.sy-sy.cz\/wp-content\/uploads\/2016\/03\/20160327-1123436921-e1706377785794.jpg?ssl=1\" target=\"_blank\" rel=\"noopener\"><img data-recalc-dims=\"1\" loading=\"lazy\" decoding=\"async\" data-attachment-id=\"30993\" data-permalink=\"https:\/\/tinnunculus.sy-sy.cz\/index.php\/2016\/03\/29\/velikonoce-s-postolkou\/20160327-1123436921\/\" data-orig-file=\"https:\/\/i0.wp.com\/tinnunculus.sy-sy.cz\/wp-content\/uploads\/2016\/03\/20160327-1123436921-e1706377785794.jpg?fit=1038%2C830&amp;ssl=1\" data-orig-size=\"1038,830\" data-comments-opened=\"1\" data-image-meta=\"{&quot;aperture&quot;:&quot;0&quot;,&quot;credit&quot;:&quot;&quot;,&quot;camera&quot;:&quot;&quot;,&quot;caption&quot;:&quot;&quot;,&quot;created_timestamp&quot;:&quot;0&quot;,&quot;copyright&quot;:&quot;&quot;,&quot;focal_length&quot;:&quot;0&quot;,&quot;iso&quot;:&quot;0&quot;,&quot;shutter_speed&quot;:&quot;0&quot;,&quot;title&quot;:&quot;&quot;,&quot;orientation&quot;:&quot;0&quot;}\" data-image-title=\"20160327-1123436921\" data-image-description=\"\" data-image-caption=\"\" data-medium-file=\"https:\/\/i0.wp.com\/tinnunculus.sy-sy.cz\/wp-content\/uploads\/2016\/03\/20160327-1123436921-e1706377785794.jpg?fit=300%2C240&amp;ssl=1\" data-large-file=\"https:\/\/i0.wp.com\/tinnunculus.sy-sy.cz\/wp-content\/uploads\/2016\/03\/20160327-1123436921-e1706377785794.jpg?fit=525%2C420&amp;ssl=1\" class=\"aligncenter wp-image-30993 size-large\" src=\"https:\/\/i0.wp.com\/tinnunculus.sy-sy.cz\/wp-content\/uploads\/2016\/03\/20160327-1123436921.jpg?resize=525%2C420&#038;ssl=1\" alt=\"\" width=\"525\" height=\"420\" \/><\/a><\/p>\n<div style=\"text-align: center;\"><\/div>\n<p> <a href=\"https:\/\/tinnunculus.sy-sy.cz\/index.php\/2016\/03\/29\/velikonoce-s-postolkou\/#more-297\" class=\"more-link\"><span aria-label=\"Pokra\u010dov\u00e1n\u00ed textu Velikonoce s&nbsp;po\u0161tolkou\">(Pokra\u010dov\u00e1n\u00ed textu&hellip;)<\/span><\/a><\/p>\n<\/div>\t<\/div>\r\n<\/div><\/div>\n<div class=\"panel panel-default pt-cv-content-item pt-cv-1-col\" >\r\n<div class=\"panel-heading pt-cv-title\">\r\n    <a class=\"panel-title\" data-toggle=\"cvcollapse\" data-parent=\"#dca5bc61ki\" data-target=\"#4019dd25ha\" href='https:\/\/tinnunculus.sy-sy.cz\/index.php\/2016\/03\/31\/tak-tu-mame-co-jsme-nechteli\/' onclick='event.preventDefault()'>\r\n\t\tTak tu m\u00e1me, co jsme necht\u011bli\t<\/a>\r\n\t<\/div>\r\n<div id=\"4019dd25ha\" class=\"panel-collapse collapse \">\r\n\t<div class=\"panel-body\">\r\n\t\t<div class=\"pt-cv-content\"><p>\u010clov\u011bk dom\u00e1c\u00ed m\u00e1 sed\u011bt doma. Ned\u011bl\u00e1 to ov\u0161em v\u017edy a&nbsp;kdy\u017e se pak vr\u00e1t\u00ed, m\u016f\u017ee ho \u010dekat nemil\u00e9 p\u0159ekvapen\u00ed. Jako n\u00e1s dnes ve\u010der.<\/p>\n<p><a href=\"https:\/\/i0.wp.com\/tinnunculus.sy-sy.cz\/wp-content\/uploads\/2016\/03\/20160331-2247453105-e1706303714740.jpg?ssl=1\" target=\"_blank\" rel=\"noopener\"><img data-recalc-dims=\"1\" loading=\"lazy\" decoding=\"async\" data-attachment-id=\"30969\" data-permalink=\"https:\/\/tinnunculus.sy-sy.cz\/index.php\/2016\/03\/31\/tak-tu-mame-co-jsme-nechteli\/20160331-2247453105\/\" data-orig-file=\"https:\/\/i0.wp.com\/tinnunculus.sy-sy.cz\/wp-content\/uploads\/2016\/03\/20160331-2247453105-e1706303714740.jpg?fit=1038%2C649&amp;ssl=1\" data-orig-size=\"1038,649\" data-comments-opened=\"1\" data-image-meta=\"{&quot;aperture&quot;:&quot;0&quot;,&quot;credit&quot;:&quot;&quot;,&quot;camera&quot;:&quot;&quot;,&quot;caption&quot;:&quot;&quot;,&quot;created_timestamp&quot;:&quot;0&quot;,&quot;copyright&quot;:&quot;&quot;,&quot;focal_length&quot;:&quot;0&quot;,&quot;iso&quot;:&quot;0&quot;,&quot;shutter_speed&quot;:&quot;0&quot;,&quot;title&quot;:&quot;&quot;,&quot;orientation&quot;:&quot;0&quot;}\" data-image-title=\"20160331-2247453105\" data-image-description=\"\" data-image-caption=\"\" data-medium-file=\"https:\/\/i0.wp.com\/tinnunculus.sy-sy.cz\/wp-content\/uploads\/2016\/03\/20160331-2247453105-e1706303714740.jpg?fit=300%2C188&amp;ssl=1\" data-large-file=\"https:\/\/i0.wp.com\/tinnunculus.sy-sy.cz\/wp-content\/uploads\/2016\/03\/20160331-2247453105-e1706303714740.jpg?fit=525%2C328&amp;ssl=1\" class=\"aligncenter wp-image-30969 size-large\" src=\"https:\/\/i0.wp.com\/tinnunculus.sy-sy.cz\/wp-content\/uploads\/2016\/03\/20160331-2247453105.jpg?resize=525%2C328&#038;ssl=1\" alt=\"\" width=\"525\" height=\"328\" \/><\/a><\/p>\n<p style=\"text-align: center;\"> <a href=\"https:\/\/tinnunculus.sy-sy.cz\/index.php\/2016\/03\/31\/tak-tu-mame-co-jsme-nechteli\/#more-303\" class=\"more-link\"><span aria-label=\"Pokra\u010dov\u00e1n\u00ed textu Tak tu m\u00e1me, co jsme necht\u011bli\">(Pokra\u010dov\u00e1n\u00ed textu&hellip;)<\/span><\/a><\/p>\n<\/div>\t<\/div>\r\n<\/div><\/div><\/div><\/div><\/div>\n<div class=\" pt-cv-pagination-wrapper\"><ul class=\"pt-cv-pagination pt-cv-normal pagination\" data-totalpages=\"8\" data-currentpage=\"1\" data-sid=\"b18575epb2\" data-unid=\"\" data-isblock=\"\" data-postid=\"\"><li class=\"active\"><a href=\"#\">1<\/a><\/li>\n\t<li ><a class=\"\" href=\"https:\/\/tinnunculus.sy-sy.cz\/index.php\/wp-json\/wp\/v2\/pages\/20948\/?_page=2\">2<\/a><\/li>\n\t<li ><a class=\"\" href=\"https:\/\/tinnunculus.sy-sy.cz\/index.php\/wp-json\/wp\/v2\/pages\/20948\/?_page=3\">3<\/a><\/li>\n\t<li ><a href=\"#\">&hellip;<\/a><\/li>\n\t<li ><a class=\"\" href=\"https:\/\/tinnunculus.sy-sy.cz\/index.php\/wp-json\/wp\/v2\/pages\/20948\/?_page=8\">8<\/a><\/li>\n\t<li ><a class=\" \" href=\"https:\/\/tinnunculus.sy-sy.cz\/index.php\/wp-json\/wp\/v2\/pages\/20948\/?_page=2\">&rsaquo;<\/a><\/li>\n\t<\/ul><img loading=\"lazy\" decoding=\"async\" width=\"15\" height=\"15\" class=\"pt-cv-spinner\" alt=\"Loading...\" src=\"data:image\/gif;base64,R0lGODlhDwAPALMPAMrKygwMDJOTkz09PZWVla+vr3p6euTk5M7OzuXl5TMzMwAAAJmZmWZmZszMzP\/\/\/yH\/C05FVFNDQVBFMi4wAwEAAAAh+QQFCgAPACwAAAAADwAPAAAEQvDJaZaZOIcV8iQK8VRX4iTYoAwZ4iCYoAjZ4RxejhVNoT+mRGP4cyF4Pp0N98sBGIBMEMOotl6YZ3S61Bmbkm4mAgAh+QQFCgAPACwAAAAADQANAAAENPDJSRSZeA418itN8QiK8BiLITVsFiyBBIoYqnoewAD4xPw9iY4XLGYSjkQR4UAUD45DLwIAIfkEBQoADwAsAAAAAA8ACQAABC\/wyVlamTi3nSdgwFNdhEJgTJoNyoB9ISYoQmdjiZPcj7EYCAeCF1gEDo4Dz2eIAAAh+QQFCgAPACwCAAAADQANAAAEM\/DJBxiYeLKdX3IJZT1FU0iIg2RNKx3OkZVnZ98ToRD4MyiDnkAh6BkNC0MvsAj0kMpHBAAh+QQFCgAPACwGAAAACQAPAAAEMDC59KpFDll73HkAA2wVY5KgiK5b0RRoI6MuzG6EQqCDMlSGheEhUAgqgUUAFRySIgAh+QQFCgAPACwCAAIADQANAAAEM\/DJKZNLND\/kkKaHc3xk+QAMYDKsiaqmZCxGVjSFFCxB1vwy2oOgIDxuucxAMTAJFAJNBAAh+QQFCgAPACwAAAYADwAJAAAEMNAs86q1yaWwwv2Ig0jUZx3OYa4XoRAfwADXoAwfo1+CIjyFRuEho60aSNYlOPxEAAAh+QQFCgAPACwAAAIADQANAAAENPA9s4y8+IUVcqaWJ4qEQozSoAzoIyhCK2NFU2SJk0hNnyEOhKR2AzAAj4Pj4GE4W0bkJQIAOw==\" \/><div class=\"clear pt-cv-clear-pagination\"><\/div><\/div><\/div>\n<p>&nbsp;<\/p>\n<ul>\n<li><a href=\"https:\/\/tinnunculus.sy-sy.cz\/index.php\/deniky\/2016-2\/\">Den\u00edk 2016<\/a><\/li>\n<\/ul>\n","protected":false},"excerpt":{"rendered":"<p>&nbsp; Den\u00edk 2016<\/p>\n","protected":false},"author":2,"featured_media":0,"parent":854,"menu_order":0,"comment_status":"closed","ping_status":"closed","template":"","meta":{"jetpack_post_was_ever_published":false,"footnotes":""},"categories":[],"tags":[],"class_list":["post-20948","page","type-page","status-publish","hentry"],"jetpack_shortlink":"https:\/\/wp.me\/P91gKE-5rS","jetpack-related-posts":[{"id":20898,"url":"https:\/\/tinnunculus.sy-sy.cz\/index.php\/deniky\/2007-2\/sezona-2007\/","url_meta":{"origin":20948,"position":0},"title":"Sez\u00f3na 2007","author":"Zuzana Syrov\u00e1 An\u00fd\u017eov\u00e1","date":"18\/03\/2023","format":false,"excerpt":"\u00a0 Den\u00edk 2007","rel":"","context":"V \u201eden\u00edk\u201c","block_context":{"text":"den\u00edk","link":"https:\/\/tinnunculus.sy-sy.cz\/index.php\/tag\/denik\/"},"img":{"alt_text":"","src":"","width":0,"height":0},"classes":[]},{"id":20909,"url":"https:\/\/tinnunculus.sy-sy.cz\/index.php\/deniky\/2022-2\/sezona-2022\/","url_meta":{"origin":20948,"position":1},"title":"Sez\u00f3na 2022","author":"Zuzana Syrov\u00e1 An\u00fd\u017eov\u00e1","date":"18\/03\/2023","format":false,"excerpt":"\u00a0 Den\u00edk 2022","rel":"","context":"Podobn\u00fd p\u0159\u00edsp\u011bvek","block_context":{"text":"Podobn\u00fd p\u0159\u00edsp\u011bvek","link":""},"img":{"alt_text":"","src":"","width":0,"height":0},"classes":[]},{"id":20929,"url":"https:\/\/tinnunculus.sy-sy.cz\/index.php\/deniky\/2021-2\/sezona-2021\/","url_meta":{"origin":20948,"position":2},"title":"Sez\u00f3na 2021","author":"Zuzana Syrov\u00e1 An\u00fd\u017eov\u00e1","date":"18\/03\/2023","format":false,"excerpt":"\u00a0 Den\u00edk 2021","rel":"","context":"Podobn\u00fd p\u0159\u00edsp\u011bvek","block_context":{"text":"Podobn\u00fd p\u0159\u00edsp\u011bvek","link":""},"img":{"alt_text":"","src":"","width":0,"height":0},"classes":[]},{"id":20932,"url":"https:\/\/tinnunculus.sy-sy.cz\/index.php\/deniky\/2020-2\/sezona-2020\/","url_meta":{"origin":20948,"position":3},"title":"Sez\u00f3na 2020","author":"Zuzana Syrov\u00e1 An\u00fd\u017eov\u00e1","date":"18\/03\/2023","format":false,"excerpt":"\u00a0 Den\u00edk 2020","rel":"","context":"Podobn\u00fd p\u0159\u00edsp\u011bvek","block_context":{"text":"Podobn\u00fd p\u0159\u00edsp\u011bvek","link":""},"img":{"alt_text":"","src":"","width":0,"height":0},"classes":[]},{"id":20936,"url":"https:\/\/tinnunculus.sy-sy.cz\/index.php\/deniky\/2019-2\/sezona-2019\/","url_meta":{"origin":20948,"position":4},"title":"Sez\u00f3na 2019","author":"Zuzana Syrov\u00e1 An\u00fd\u017eov\u00e1","date":"18\/03\/2023","format":false,"excerpt":"\u00a0 Den\u00edk 2019","rel":"","context":"Podobn\u00fd p\u0159\u00edsp\u011bvek","block_context":{"text":"Podobn\u00fd p\u0159\u00edsp\u011bvek","link":""},"img":{"alt_text":"","src":"","width":0,"height":0},"classes":[]},{"id":20940,"url":"https:\/\/tinnunculus.sy-sy.cz\/index.php\/deniky\/2018-2\/sezona-2018\/","url_meta":{"origin":20948,"position":5},"title":"Sez\u00f3na 2018","author":"Zuzana Syrov\u00e1 An\u00fd\u017eov\u00e1","date":"18\/03\/2023","format":false,"excerpt":"\u00a0 Den\u00edk 2018","rel":"","context":"Podobn\u00fd p\u0159\u00edsp\u011bvek","block_context":{"text":"Podobn\u00fd p\u0159\u00edsp\u011bvek","link":""},"img":{"alt_text":"","src":"","width":0,"height":0},"classes":[]}],"jetpack_sharing_enabled":true,"_links":{"self":[{"href":"https:\/\/tinnunculus.sy-sy.cz\/index.php\/wp-json\/wp\/v2\/pages\/20948","targetHints":{"allow":["GET"]}}],"collection":[{"href":"https:\/\/tinnunculus.sy-sy.cz\/index.php\/wp-json\/wp\/v2\/pages"}],"about":[{"href":"https:\/\/tinnunculus.sy-sy.cz\/index.php\/wp-json\/wp\/v2\/types\/page"}],"author":[{"embeddable":true,"href":"https:\/\/tinnunculus.sy-sy.cz\/index.php\/wp-json\/wp\/v2\/users\/2"}],"replies":[{"embeddable":true,"href":"https:\/\/tinnunculus.sy-sy.cz\/index.php\/wp-json\/wp\/v2\/comments?post=20948"}],"version-history":[{"count":1,"href":"https:\/\/tinnunculus.sy-sy.cz\/index.php\/wp-json\/wp\/v2\/pages\/20948\/revisions"}],"predecessor-version":[{"id":45365,"href":"https:\/\/tinnunculus.sy-sy.cz\/index.php\/wp-json\/wp\/v2\/pages\/20948\/revisions\/45365"}],"up":[{"embeddable":true,"href":"https:\/\/tinnunculus.sy-sy.cz\/index.php\/wp-json\/wp\/v2\/pages\/854"}],"wp:attachment":[{"href":"https:\/\/tinnunculus.sy-sy.cz\/index.php\/wp-json\/wp\/v2\/media?parent=20948"}],"wp:term":[{"taxonomy":"category","embeddable":true,"href":"https:\/\/tinnunculus.sy-sy.cz\/index.php\/wp-json\/wp\/v2\/categories?post=20948"},{"taxonomy":"post_tag","embeddable":true,"href":"https:\/\/tinnunculus.sy-sy.cz\/index.php\/wp-json\/wp\/v2\/tags?post=20948"}],"curies":[{"name":"wp","href":"https:\/\/api.w.org\/{rel}","templated":true}]}}