{"id":20936,"date":"2023-03-18T19:17:13","date_gmt":"2023-03-18T18:17:13","guid":{"rendered":"https:\/\/tinnunculus.sy-sy.cz\/?page_id=20936"},"modified":"2025-12-14T23:49:39","modified_gmt":"2025-12-14T22:49:39","slug":"sezona-2019","status":"publish","type":"page","link":"https:\/\/tinnunculus.sy-sy.cz\/index.php\/deniky\/2019-2\/sezona-2019\/","title":{"rendered":"Sez\u00f3na 2019"},"content":{"rendered":"<div class=\"pt-cv-wrapper\"><div class=\"pt-cv-view pt-cv-collapsible\" id=\"pt-cv-view-a4b882ba91\"><div data-id=\"pt-cv-page-1\" class=\"pt-cv-page\" data-cvc=\"1\"><div class=\"panel-group\" id=\"3faa5f7onr\"><div class=\"panel panel-default pt-cv-content-item pt-cv-1-col\" >\r\n<div class=\"panel-heading pt-cv-title\">\r\n    <a class=\"panel-title\" data-toggle=\"cvcollapse\" data-parent=\"#3faa5f7onr\" data-target=\"#9d67048a9j\" href='https:\/\/tinnunculus.sy-sy.cz\/index.php\/2019\/12\/25\/prece-jen-vanoce\/' onclick='event.preventDefault()'>\r\n\t\tP\u0159ece jen v\u00e1noce&#8230;\t<\/a>\r\n\t<\/div>\r\n<div id=\"9d67048a9j\" class=\"panel-collapse collapse in\">\r\n\t<div class=\"panel-body\">\r\n\t\t<div class=\"pt-cv-content\"><p><a href=\"https:\/\/i0.wp.com\/tinnunculus.sy-sy.cz\/wp-content\/uploads\/2019\/12\/20191225_11-02-05-e1577271580111.jpg?ssl=1\"><img data-recalc-dims=\"1\" loading=\"lazy\" decoding=\"async\" data-attachment-id=\"10122\" data-permalink=\"https:\/\/tinnunculus.sy-sy.cz\/index.php\/2019\/12\/25\/prece-jen-vanoce\/20191225_11-02-05\/\" data-orig-file=\"https:\/\/i0.wp.com\/tinnunculus.sy-sy.cz\/wp-content\/uploads\/2019\/12\/20191225_11-02-05-e1577271580111.jpg?fit=1038%2C584&amp;ssl=1\" data-orig-size=\"1038,584\" data-comments-opened=\"1\" data-image-meta=\"{&quot;aperture&quot;:&quot;0&quot;,&quot;credit&quot;:&quot;&quot;,&quot;camera&quot;:&quot;&quot;,&quot;caption&quot;:&quot;&quot;,&quot;created_timestamp&quot;:&quot;0&quot;,&quot;copyright&quot;:&quot;&quot;,&quot;focal_length&quot;:&quot;0&quot;,&quot;iso&quot;:&quot;0&quot;,&quot;shutter_speed&quot;:&quot;0&quot;,&quot;title&quot;:&quot;&quot;,&quot;orientation&quot;:&quot;0&quot;}\" data-image-title=\"20191225_11-02-05\" data-image-description=\"\" data-image-caption=\"\" data-large-file=\"https:\/\/i0.wp.com\/tinnunculus.sy-sy.cz\/wp-content\/uploads\/2019\/12\/20191225_11-02-05-e1577271580111.jpg?fit=525%2C295&amp;ssl=1\" class=\"aligncenter wp-image-10122 size-large\" src=\"https:\/\/i0.wp.com\/tinnunculus.sy-sy.cz\/wp-content\/uploads\/2019\/12\/20191225_11-02-05.jpg?resize=525%2C295&#038;ssl=1\" alt=\"\" width=\"525\" height=\"295\" \/><\/a><\/p>\n<p>Na Bo\u017e\u00ed hod v\u00e1no\u010dn\u00ed si chvilku k&nbsp;rozj\u00edm\u00e1n\u00ed na\u0161ly i&nbsp;po\u0161tolky v&nbsp;na\u0161\u00ed lod\u017eii.<\/p>\n<\/div>\t<\/div>\r\n<\/div><\/div>\n<div class=\"panel panel-default pt-cv-content-item pt-cv-1-col\" >\r\n<div class=\"panel-heading pt-cv-title\">\r\n    <a class=\"panel-title\" data-toggle=\"cvcollapse\" data-parent=\"#3faa5f7onr\" data-target=\"#68b0156cqe\" href='https:\/\/tinnunculus.sy-sy.cz\/index.php\/2019\/12\/16\/vanoce-nebo-velikonoce\/' onclick='event.preventDefault()'>\r\n\t\tV\u00e1noce nebo velikonoce?\t<\/a>\r\n\t<\/div>\r\n<div id=\"68b0156cqe\" class=\"panel-collapse collapse \">\r\n\t<div class=\"panel-body\">\r\n\t\t<div class=\"pt-cv-content\"><p><img data-recalc-dims=\"1\" loading=\"lazy\" decoding=\"async\" data-attachment-id=\"10112\" data-permalink=\"https:\/\/tinnunculus.sy-sy.cz\/index.php\/2019\/12\/16\/vanoce-nebo-velikonoce\/20191216-1709002228_uprav\/\" data-orig-file=\"https:\/\/i0.wp.com\/tinnunculus.sy-sy.cz\/wp-content\/uploads\/2019\/12\/20191216-1709002228_uprav-e1576520928716.jpg?fit=1038%2C695&amp;ssl=1\" data-orig-size=\"1038,695\" data-comments-opened=\"1\" data-image-meta=\"{&quot;aperture&quot;:&quot;0&quot;,&quot;credit&quot;:&quot;&quot;,&quot;camera&quot;:&quot;&quot;,&quot;caption&quot;:&quot;&quot;,&quot;created_timestamp&quot;:&quot;0&quot;,&quot;copyright&quot;:&quot;&quot;,&quot;focal_length&quot;:&quot;0&quot;,&quot;iso&quot;:&quot;0&quot;,&quot;shutter_speed&quot;:&quot;0&quot;,&quot;title&quot;:&quot;&quot;,&quot;orientation&quot;:&quot;1&quot;}\" data-image-title=\"20191216-1709002228_uprav\" data-image-description=\"\" data-image-caption=\"\" data-large-file=\"https:\/\/i0.wp.com\/tinnunculus.sy-sy.cz\/wp-content\/uploads\/2019\/12\/20191216-1709002228_uprav-e1576520928716.jpg?fit=525%2C351&amp;ssl=1\" class=\"aligncenter wp-image-10112 size-large\" src=\"https:\/\/i0.wp.com\/tinnunculus.sy-sy.cz\/wp-content\/uploads\/2019\/12\/20191216-1709002228_uprav.jpg?resize=525%2C351&#038;ssl=1\" alt=\"\" width=\"525\" height=\"351\" \/><\/p>\n<p>Od z\u00edt\u0159ka za t\u00fdden tu m\u00e1me \u0160t\u011bdr\u00fd den, ale u&nbsp;n\u00e1s v&nbsp;lod\u017eii to vypad\u00e1, jako by m\u011bly b\u00fdt velikonoce.\u00a0 Po\u010das\u00ed za mnoho nestoj\u00ed, sam\u00e1 mlha a&nbsp;pl\u00edskanice, ale &#8222;na\u0161e&#8220; po\u0161tolky si z\u0159ejm\u011b vzaly do hlavy, \u017ee bude jaro.<\/p>\n<p> <a href=\"https:\/\/tinnunculus.sy-sy.cz\/index.php\/2019\/12\/16\/vanoce-nebo-velikonoce\/#more-10109\" class=\"more-link\"><span aria-label=\"Pokra\u010dov\u00e1n\u00ed textu V\u00e1noce nebo velikonoce?\">(Pokra\u010dov\u00e1n\u00ed textu&hellip;)<\/span><\/a><\/p>\n<\/div>\t<\/div>\r\n<\/div><\/div>\n<div class=\"panel panel-default pt-cv-content-item pt-cv-1-col\" >\r\n<div class=\"panel-heading pt-cv-title\">\r\n    <a class=\"panel-title\" data-toggle=\"cvcollapse\" data-parent=\"#3faa5f7onr\" data-target=\"#5d57c72ahk\" href='https:\/\/tinnunculus.sy-sy.cz\/index.php\/2019\/12\/13\/jaky-darek-pod-stromecek\/' onclick='event.preventDefault()'>\r\n\t\tJak\u00fd d\u00e1rek pod strome\u010dek?\t<\/a>\r\n\t<\/div>\r\n<div id=\"5d57c72ahk\" class=\"panel-collapse collapse \">\r\n\t<div class=\"panel-body\">\r\n\t\t<div class=\"pt-cv-content\"><p><img data-recalc-dims=\"1\" loading=\"lazy\" decoding=\"async\" data-attachment-id=\"10072\" data-permalink=\"https:\/\/tinnunculus.sy-sy.cz\/index.php\/2019\/12\/13\/jaky-darek-pod-stromecek\/20191212-2250003160uprav\/\" data-orig-file=\"https:\/\/i0.wp.com\/tinnunculus.sy-sy.cz\/wp-content\/uploads\/2019\/12\/20191212-2250003160uprav-e1576221622714.jpg?fit=1038%2C584&amp;ssl=1\" data-orig-size=\"1038,584\" data-comments-opened=\"1\" data-image-meta=\"{&quot;aperture&quot;:&quot;0&quot;,&quot;credit&quot;:&quot;&quot;,&quot;camera&quot;:&quot;&quot;,&quot;caption&quot;:&quot;&quot;,&quot;created_timestamp&quot;:&quot;0&quot;,&quot;copyright&quot;:&quot;&quot;,&quot;focal_length&quot;:&quot;0&quot;,&quot;iso&quot;:&quot;0&quot;,&quot;shutter_speed&quot;:&quot;0&quot;,&quot;title&quot;:&quot;&quot;,&quot;orientation&quot;:&quot;1&quot;}\" data-image-title=\"20191212-2250003160uprav\" data-image-description=\"\" data-image-caption=\"\" data-large-file=\"https:\/\/i0.wp.com\/tinnunculus.sy-sy.cz\/wp-content\/uploads\/2019\/12\/20191212-2250003160uprav-e1576221622714.jpg?fit=525%2C295&amp;ssl=1\" class=\"aligncenter wp-image-10072 size-large\" src=\"https:\/\/i0.wp.com\/tinnunculus.sy-sy.cz\/wp-content\/uploads\/2019\/12\/20191212-2250003160uprav.jpg?resize=525%2C295&#038;ssl=1\" alt=\"\" width=\"525\" height=\"295\" \/><\/p>\n<p>Ka\u017ed\u00fdm rokem m\u00edv\u00e1me v&nbsp;lod\u017eii v&nbsp;kv\u011btin\u00e1\u010di mal\u00fd v\u00e1no\u010dn\u00ed strome\u010dek. Ten lo\u0148sk\u00fd zd\u00e1rn\u011b p\u0159e\u017eil obdob\u00ed, kdy jsme ho pro jistotu dr\u017eeli mimo dosah po\u0161tolek, a&nbsp;tak jsme do p\u0159ed n\u011bkolika dny vynesli na sk\u0159\u00ed\u0148ku. Mal\u00e1 jedli\u010dka b\u011blokor\u00e1 (Abies Alba) vypad\u00e1 st\u00e1le je\u0161t\u011b jako ko\u0161\u0165\u00e1tko a\u00a0tak\u00e9 dosud nen\u00ed ozdobena. Ale &#8222;na\u0161e&#8220; po\u0161tolky u\u017e v&nbsp;tom maj\u00ed zcela jasno: Pod strome\u010dek pat\u0159\u00ed d\u00e1rky. A&nbsp;jak\u00fd d\u00e1rek pod strome\u010dkem nejv\u00edce pot\u011b\u0161\u00ed?\u00a0 P\u0159ece my\u0161. <a href=\"https:\/\/tinnunculus.sy-sy.cz\/index.php\/2019\/12\/13\/jaky-darek-pod-stromecek\/#more-10066\" class=\"more-link\"><span aria-label=\"Pokra\u010dov\u00e1n\u00ed textu Jak\u00fd d\u00e1rek pod strome\u010dek?\">(Pokra\u010dov\u00e1n\u00ed textu&hellip;)<\/span><\/a><\/p>\n<\/div>\t<\/div>\r\n<\/div><\/div>\n<div class=\"panel panel-default pt-cv-content-item pt-cv-1-col\" >\r\n<div class=\"panel-heading pt-cv-title\">\r\n    <a class=\"panel-title\" data-toggle=\"cvcollapse\" data-parent=\"#3faa5f7onr\" data-target=\"#c5c11dciad\" href='https:\/\/tinnunculus.sy-sy.cz\/index.php\/2019\/11\/30\/spolecne-i-na-holuby\/' onclick='event.preventDefault()'>\r\n\t\tSpole\u010dn\u011b (i&nbsp;na holuby)\t<\/a>\r\n\t<\/div>\r\n<div id=\"c5c11dciad\" class=\"panel-collapse collapse \">\r\n\t<div class=\"panel-body\">\r\n\t\t<div class=\"pt-cv-content\"><p><img data-recalc-dims=\"1\" loading=\"lazy\" decoding=\"async\" data-attachment-id=\"9705\" data-permalink=\"https:\/\/tinnunculus.sy-sy.cz\/index.php\/2019\/11\/30\/spolecne-i-na-holuby\/20191130-0932299361\/\" data-orig-file=\"https:\/\/i0.wp.com\/tinnunculus.sy-sy.cz\/wp-content\/uploads\/2019\/11\/20191130-0932299361-e1575103954831.jpg?fit=1038%2C584&amp;ssl=1\" data-orig-size=\"1038,584\" data-comments-opened=\"1\" data-image-meta=\"{&quot;aperture&quot;:&quot;0&quot;,&quot;credit&quot;:&quot;&quot;,&quot;camera&quot;:&quot;&quot;,&quot;caption&quot;:&quot;&quot;,&quot;created_timestamp&quot;:&quot;0&quot;,&quot;copyright&quot;:&quot;&quot;,&quot;focal_length&quot;:&quot;0&quot;,&quot;iso&quot;:&quot;0&quot;,&quot;shutter_speed&quot;:&quot;0&quot;,&quot;title&quot;:&quot;&quot;,&quot;orientation&quot;:&quot;0&quot;}\" data-image-title=\"20191130-0932299361\" data-image-description=\"\" data-image-caption=\"\" data-large-file=\"https:\/\/i0.wp.com\/tinnunculus.sy-sy.cz\/wp-content\/uploads\/2019\/11\/20191130-0932299361-e1575103954831.jpg?fit=525%2C295&amp;ssl=1\" class=\"aligncenter wp-image-9705 size-large\" src=\"https:\/\/i0.wp.com\/tinnunculus.sy-sy.cz\/wp-content\/uploads\/2019\/11\/20191130-0932299361.jpg?resize=525%2C295&#038;ssl=1\" alt=\"\" width=\"525\" height=\"295\" \/><\/p>\n<p>N\u00e1padn\u00edk &#8222;na\u0161\u00ed&#8220; po\u0161tolky u\u017e si vydobyl privilegia pobytu na bid\u00fdlku, do konce na t\u00e9 stran\u011b lod\u017eie, kde je mo\u017eno se po&nbsp;r\u00e1nu slunit (pokud tedy zasvitne slun\u00e9\u010dko). P\u0159il\u00e9t\u00e1 te\u010f ka\u017ed\u00e9 r\u00e1no v&nbsp;dob\u011b kolem v\u00fdchodu slunce. N\u011bkdy s&nbsp;n\u00edm po\u0161tolka chvilku pobude a&nbsp;n\u011bkdy ji pouze vyst\u0159\u00edd\u00e1 v&nbsp;ostraze lod\u017eie. <a href=\"https:\/\/tinnunculus.sy-sy.cz\/index.php\/2019\/11\/30\/spolecne-i-na-holuby\/#more-9703\" class=\"more-link\"><span aria-label=\"Pokra\u010dov\u00e1n\u00ed textu Spole\u010dn\u011b (i&nbsp;na holuby)\">(Pokra\u010dov\u00e1n\u00ed textu&hellip;)<\/span><\/a><\/p>\n<\/div>\t<\/div>\r\n<\/div><\/div>\n<div class=\"panel panel-default pt-cv-content-item pt-cv-1-col\" >\r\n<div class=\"panel-heading pt-cv-title\">\r\n    <a class=\"panel-title\" data-toggle=\"cvcollapse\" data-parent=\"#3faa5f7onr\" data-target=\"#488595chlx\" href='https:\/\/tinnunculus.sy-sy.cz\/index.php\/2019\/11\/25\/jako-na-jare\/' onclick='event.preventDefault()'>\r\n\t\tJako na ja\u0159e\t<\/a>\r\n\t<\/div>\r\n<div id=\"488595chlx\" class=\"panel-collapse collapse \">\r\n\t<div class=\"panel-body\">\r\n\t\t<div class=\"pt-cv-content\"><p><img data-recalc-dims=\"1\" loading=\"lazy\" decoding=\"async\" data-attachment-id=\"9689\" data-permalink=\"https:\/\/tinnunculus.sy-sy.cz\/index.php\/2019\/11\/25\/jako-na-jare\/20191125-1553260583uprav\/\" data-orig-file=\"https:\/\/i0.wp.com\/tinnunculus.sy-sy.cz\/wp-content\/uploads\/2019\/11\/20191125-1553260583uprav.jpg?fit=908%2C584&amp;ssl=1\" data-orig-size=\"908,584\" data-comments-opened=\"1\" data-image-meta=\"{&quot;aperture&quot;:&quot;0&quot;,&quot;credit&quot;:&quot;&quot;,&quot;camera&quot;:&quot;&quot;,&quot;caption&quot;:&quot;&quot;,&quot;created_timestamp&quot;:&quot;0&quot;,&quot;copyright&quot;:&quot;&quot;,&quot;focal_length&quot;:&quot;0&quot;,&quot;iso&quot;:&quot;0&quot;,&quot;shutter_speed&quot;:&quot;0&quot;,&quot;title&quot;:&quot;&quot;,&quot;orientation&quot;:&quot;1&quot;}\" data-image-title=\"20191125-1553260583uprav\" data-image-description=\"\" data-image-caption=\"\" data-large-file=\"https:\/\/i0.wp.com\/tinnunculus.sy-sy.cz\/wp-content\/uploads\/2019\/11\/20191125-1553260583uprav.jpg?fit=525%2C338&amp;ssl=1\" class=\"aligncenter wp-image-9689 size-full\" src=\"https:\/\/i0.wp.com\/tinnunculus.sy-sy.cz\/wp-content\/uploads\/2019\/11\/20191125-1553260583uprav.jpg?resize=525%2C338&#038;ssl=1\" alt=\"\" width=\"525\" height=\"338\" srcset=\"https:\/\/i0.wp.com\/tinnunculus.sy-sy.cz\/wp-content\/uploads\/2019\/11\/20191125-1553260583uprav.jpg?w=908&amp;ssl=1 908w, https:\/\/i0.wp.com\/tinnunculus.sy-sy.cz\/wp-content\/uploads\/2019\/11\/20191125-1553260583uprav.jpg?resize=300%2C193&amp;ssl=1 300w, https:\/\/i0.wp.com\/tinnunculus.sy-sy.cz\/wp-content\/uploads\/2019\/11\/20191125-1553260583uprav.jpg?resize=768%2C494&amp;ssl=1 768w\" sizes=\"auto, (max-width: 767px) 89vw, (max-width: 1000px) 54vw, (max-width: 1071px) 543px, 580px\" \/><\/p>\n<p>Od t\u00e9 doby, co nov\u00fd n\u00e1padn\u00edk p\u0159inesl &#8222;na\u0161\u00ed&#8220; sami\u010dce hrabo\u0161e, tedy od \u00faterka, to u&nbsp;&#8222;na\u0161ich&#8220; po\u0161tolek vypad\u00e1 jako na ja\u0159e. Tedy skoro. No\u0161en\u00ed drobn\u00fdch pozornost\u00ed sami\u010dce tahle pozd\u011b na podzim jsme tu za\u017eili i&nbsp;v&nbsp;roce 2015; tehdy se same\u010dek dokonce se sami\u010dkou i&nbsp;p\u00e1\u0159il (viz <a href=\"https:\/\/tinnunculus.sy-sy.cz\/index.php\/2015\/11\/07\/druhe-jaro\/\">Druh\u00e9 jaro<\/a>).  <a href=\"https:\/\/tinnunculus.sy-sy.cz\/index.php\/2019\/11\/25\/jako-na-jare\/#more-9690\" class=\"more-link\"><span aria-label=\"Pokra\u010dov\u00e1n\u00ed textu Jako na ja\u0159e\">(Pokra\u010dov\u00e1n\u00ed textu&hellip;)<\/span><\/a><\/p>\n<\/div>\t<\/div>\r\n<\/div><\/div><\/div><\/div><\/div>\n<div class=\" pt-cv-pagination-wrapper\"><ul class=\"pt-cv-pagination pt-cv-normal pagination\" data-totalpages=\"15\" data-currentpage=\"1\" data-sid=\"a4b882ba91\" data-unid=\"\" data-isblock=\"\" data-postid=\"\"><li class=\"active\"><a href=\"#\">1<\/a><\/li>\n\t<li ><a class=\"\" href=\"https:\/\/tinnunculus.sy-sy.cz\/index.php\/wp-json\/wp\/v2\/pages\/20936\/?_page=2\">2<\/a><\/li>\n\t<li ><a class=\"\" href=\"https:\/\/tinnunculus.sy-sy.cz\/index.php\/wp-json\/wp\/v2\/pages\/20936\/?_page=3\">3<\/a><\/li>\n\t<li ><a href=\"#\">&hellip;<\/a><\/li>\n\t<li ><a class=\"\" href=\"https:\/\/tinnunculus.sy-sy.cz\/index.php\/wp-json\/wp\/v2\/pages\/20936\/?_page=15\">15<\/a><\/li>\n\t<li ><a class=\" \" href=\"https:\/\/tinnunculus.sy-sy.cz\/index.php\/wp-json\/wp\/v2\/pages\/20936\/?_page=2\">&rsaquo;<\/a><\/li>\n\t<\/ul><img loading=\"lazy\" decoding=\"async\" width=\"15\" height=\"15\" class=\"pt-cv-spinner\" alt=\"Loading...\" src=\"data:image\/gif;base64,R0lGODlhDwAPALMPAMrKygwMDJOTkz09PZWVla+vr3p6euTk5M7OzuXl5TMzMwAAAJmZmWZmZszMzP\/\/\/yH\/C05FVFNDQVBFMi4wAwEAAAAh+QQFCgAPACwAAAAADwAPAAAEQvDJaZaZOIcV8iQK8VRX4iTYoAwZ4iCYoAjZ4RxejhVNoT+mRGP4cyF4Pp0N98sBGIBMEMOotl6YZ3S61Bmbkm4mAgAh+QQFCgAPACwAAAAADQANAAAENPDJSRSZeA418itN8QiK8BiLITVsFiyBBIoYqnoewAD4xPw9iY4XLGYSjkQR4UAUD45DLwIAIfkEBQoADwAsAAAAAA8ACQAABC\/wyVlamTi3nSdgwFNdhEJgTJoNyoB9ISYoQmdjiZPcj7EYCAeCF1gEDo4Dz2eIAAAh+QQFCgAPACwCAAAADQANAAAEM\/DJBxiYeLKdX3IJZT1FU0iIg2RNKx3OkZVnZ98ToRD4MyiDnkAh6BkNC0MvsAj0kMpHBAAh+QQFCgAPACwGAAAACQAPAAAEMDC59KpFDll73HkAA2wVY5KgiK5b0RRoI6MuzG6EQqCDMlSGheEhUAgqgUUAFRySIgAh+QQFCgAPACwCAAIADQANAAAEM\/DJKZNLND\/kkKaHc3xk+QAMYDKsiaqmZCxGVjSFFCxB1vwy2oOgIDxuucxAMTAJFAJNBAAh+QQFCgAPACwAAAYADwAJAAAEMNAs86q1yaWwwv2Ig0jUZx3OYa4XoRAfwADXoAwfo1+CIjyFRuEho60aSNYlOPxEAAAh+QQFCgAPACwAAAIADQANAAAENPA9s4y8+IUVcqaWJ4qEQozSoAzoIyhCK2NFU2SJk0hNnyEOhKR2AzAAj4Pj4GE4W0bkJQIAOw==\" \/><div class=\"clear pt-cv-clear-pagination\"><\/div><\/div><\/div>\n<p>&nbsp;<\/p>\n<ul>\n<li><a href=\"https:\/\/tinnunculus.sy-sy.cz\/index.php\/deniky\/2019-2\/\">Den\u00edk 2019<\/a><\/li>\n<\/ul>\n","protected":false},"excerpt":{"rendered":"<p>&nbsp; Den\u00edk 2019<\/p>\n","protected":false},"author":2,"featured_media":0,"parent":6887,"menu_order":0,"comment_status":"closed","ping_status":"closed","template":"","meta":{"jetpack_post_was_ever_published":false,"footnotes":""},"categories":[],"tags":[],"class_list":["post-20936","page","type-page","status-publish","hentry"],"jetpack_shortlink":"https:\/\/wp.me\/P91gKE-5rG","jetpack-related-posts":[{"id":20898,"url":"https:\/\/tinnunculus.sy-sy.cz\/index.php\/deniky\/2007-2\/sezona-2007\/","url_meta":{"origin":20936,"position":0},"title":"Sez\u00f3na 2007","author":"Zuzana Syrov\u00e1 An\u00fd\u017eov\u00e1","date":"18\/03\/2023","format":false,"excerpt":"\u00a0 Den\u00edk 2007","rel":"","context":"V \u201eden\u00edk\u201c","block_context":{"text":"den\u00edk","link":"https:\/\/tinnunculus.sy-sy.cz\/index.php\/tag\/denik\/"},"img":{"alt_text":"","src":"","width":0,"height":0},"classes":[]},{"id":20909,"url":"https:\/\/tinnunculus.sy-sy.cz\/index.php\/deniky\/2022-2\/sezona-2022\/","url_meta":{"origin":20936,"position":1},"title":"Sez\u00f3na 2022","author":"Zuzana Syrov\u00e1 An\u00fd\u017eov\u00e1","date":"18\/03\/2023","format":false,"excerpt":"\u00a0 Den\u00edk 2022","rel":"","context":"Podobn\u00fd p\u0159\u00edsp\u011bvek","block_context":{"text":"Podobn\u00fd p\u0159\u00edsp\u011bvek","link":""},"img":{"alt_text":"","src":"","width":0,"height":0},"classes":[]},{"id":20929,"url":"https:\/\/tinnunculus.sy-sy.cz\/index.php\/deniky\/2021-2\/sezona-2021\/","url_meta":{"origin":20936,"position":2},"title":"Sez\u00f3na 2021","author":"Zuzana Syrov\u00e1 An\u00fd\u017eov\u00e1","date":"18\/03\/2023","format":false,"excerpt":"\u00a0 Den\u00edk 2021","rel":"","context":"Podobn\u00fd p\u0159\u00edsp\u011bvek","block_context":{"text":"Podobn\u00fd p\u0159\u00edsp\u011bvek","link":""},"img":{"alt_text":"","src":"","width":0,"height":0},"classes":[]},{"id":20932,"url":"https:\/\/tinnunculus.sy-sy.cz\/index.php\/deniky\/2020-2\/sezona-2020\/","url_meta":{"origin":20936,"position":3},"title":"Sez\u00f3na 2020","author":"Zuzana Syrov\u00e1 An\u00fd\u017eov\u00e1","date":"18\/03\/2023","format":false,"excerpt":"\u00a0 Den\u00edk 2020","rel":"","context":"Podobn\u00fd p\u0159\u00edsp\u011bvek","block_context":{"text":"Podobn\u00fd p\u0159\u00edsp\u011bvek","link":""},"img":{"alt_text":"","src":"","width":0,"height":0},"classes":[]},{"id":20940,"url":"https:\/\/tinnunculus.sy-sy.cz\/index.php\/deniky\/2018-2\/sezona-2018\/","url_meta":{"origin":20936,"position":4},"title":"Sez\u00f3na 2018","author":"Zuzana Syrov\u00e1 An\u00fd\u017eov\u00e1","date":"18\/03\/2023","format":false,"excerpt":"\u00a0 Den\u00edk 2018","rel":"","context":"Podobn\u00fd p\u0159\u00edsp\u011bvek","block_context":{"text":"Podobn\u00fd p\u0159\u00edsp\u011bvek","link":""},"img":{"alt_text":"","src":"","width":0,"height":0},"classes":[]},{"id":20943,"url":"https:\/\/tinnunculus.sy-sy.cz\/index.php\/deniky\/2017-2\/sezona-2017\/","url_meta":{"origin":20936,"position":5},"title":"Sez\u00f3na 2017","author":"Zuzana Syrov\u00e1 An\u00fd\u017eov\u00e1","date":"18\/03\/2023","format":false,"excerpt":"\u00a0 Den\u00edk 2017","rel":"","context":"Podobn\u00fd p\u0159\u00edsp\u011bvek","block_context":{"text":"Podobn\u00fd p\u0159\u00edsp\u011bvek","link":""},"img":{"alt_text":"","src":"","width":0,"height":0},"classes":[]}],"jetpack_sharing_enabled":true,"_links":{"self":[{"href":"https:\/\/tinnunculus.sy-sy.cz\/index.php\/wp-json\/wp\/v2\/pages\/20936","targetHints":{"allow":["GET"]}}],"collection":[{"href":"https:\/\/tinnunculus.sy-sy.cz\/index.php\/wp-json\/wp\/v2\/pages"}],"about":[{"href":"https:\/\/tinnunculus.sy-sy.cz\/index.php\/wp-json\/wp\/v2\/types\/page"}],"author":[{"embeddable":true,"href":"https:\/\/tinnunculus.sy-sy.cz\/index.php\/wp-json\/wp\/v2\/users\/2"}],"replies":[{"embeddable":true,"href":"https:\/\/tinnunculus.sy-sy.cz\/index.php\/wp-json\/wp\/v2\/comments?post=20936"}],"version-history":[{"count":1,"href":"https:\/\/tinnunculus.sy-sy.cz\/index.php\/wp-json\/wp\/v2\/pages\/20936\/revisions"}],"predecessor-version":[{"id":45368,"href":"https:\/\/tinnunculus.sy-sy.cz\/index.php\/wp-json\/wp\/v2\/pages\/20936\/revisions\/45368"}],"up":[{"embeddable":true,"href":"https:\/\/tinnunculus.sy-sy.cz\/index.php\/wp-json\/wp\/v2\/pages\/6887"}],"wp:attachment":[{"href":"https:\/\/tinnunculus.sy-sy.cz\/index.php\/wp-json\/wp\/v2\/media?parent=20936"}],"wp:term":[{"taxonomy":"category","embeddable":true,"href":"https:\/\/tinnunculus.sy-sy.cz\/index.php\/wp-json\/wp\/v2\/categories?post=20936"},{"taxonomy":"post_tag","embeddable":true,"href":"https:\/\/tinnunculus.sy-sy.cz\/index.php\/wp-json\/wp\/v2\/tags?post=20936"}],"curies":[{"name":"wp","href":"https:\/\/api.w.org\/{rel}","templated":true}]}}