{"id":20929,"date":"2023-03-18T18:48:06","date_gmt":"2023-03-18T17:48:06","guid":{"rendered":"https:\/\/tinnunculus.sy-sy.cz\/?page_id=20929"},"modified":"2025-12-14T23:51:30","modified_gmt":"2025-12-14T22:51:30","slug":"sezona-2021","status":"publish","type":"page","link":"https:\/\/tinnunculus.sy-sy.cz\/index.php\/deniky\/2021-2\/sezona-2021\/","title":{"rendered":"Sez\u00f3na 2021"},"content":{"rendered":"<div class=\"pt-cv-wrapper\"><div class=\"pt-cv-view pt-cv-collapsible\" id=\"pt-cv-view-f5ca22454v\"><div data-id=\"pt-cv-page-1\" class=\"pt-cv-page\" data-cvc=\"1\"><div class=\"panel-group\" id=\"c8d598caqr\"><div class=\"panel panel-default pt-cv-content-item pt-cv-1-col\" >\r\n<div class=\"panel-heading pt-cv-title\">\r\n    <a class=\"panel-title\" data-toggle=\"cvcollapse\" data-parent=\"#c8d598caqr\" data-target=\"#678550fq8k\" href='https:\/\/tinnunculus.sy-sy.cz\/index.php\/2021\/01\/01\/novorocni\/' onclick='event.preventDefault()'>\r\n\t\tNovoro\u010dn\u00ed\t<\/a>\r\n\t<\/div>\r\n<div id=\"678550fq8k\" class=\"panel-collapse collapse in\">\r\n\t<div class=\"panel-body\">\r\n\t\t<div class=\"pt-cv-content\"><p><img data-recalc-dims=\"1\" loading=\"lazy\" decoding=\"async\" data-attachment-id=\"14092\" data-permalink=\"https:\/\/tinnunculus.sy-sy.cz\/index.php\/2021\/01\/01\/novorocni\/20210101_15-06-54\/\" data-orig-file=\"https:\/\/i0.wp.com\/tinnunculus.sy-sy.cz\/wp-content\/uploads\/2021\/01\/20210101_15-06-54-e1609511510128.jpg?fit=1038%2C584&amp;ssl=1\" data-orig-size=\"1038,584\" data-comments-opened=\"1\" data-image-meta=\"{&quot;aperture&quot;:&quot;0&quot;,&quot;credit&quot;:&quot;&quot;,&quot;camera&quot;:&quot;M1125&quot;,&quot;caption&quot;:&quot;&quot;,&quot;created_timestamp&quot;:&quot;1609513618&quot;,&quot;copyright&quot;:&quot;&quot;,&quot;focal_length&quot;:&quot;0&quot;,&quot;iso&quot;:&quot;0&quot;,&quot;shutter_speed&quot;:&quot;0&quot;,&quot;title&quot;:&quot;&quot;,&quot;orientation&quot;:&quot;0&quot;}\" data-image-title=\"20210101_15-06-54\" data-image-description=\"\" data-image-caption=\"\" data-large-file=\"https:\/\/i0.wp.com\/tinnunculus.sy-sy.cz\/wp-content\/uploads\/2021\/01\/20210101_15-06-54-e1609511510128.jpg?fit=525%2C295&amp;ssl=1\" class=\"aligncenter wp-image-14092 size-large\" src=\"https:\/\/i0.wp.com\/tinnunculus.sy-sy.cz\/wp-content\/uploads\/2021\/01\/20210101_15-06-54.jpg?resize=525%2C295&#038;ssl=1\" alt=\"\" width=\"525\" height=\"295\" \/><\/p>\n<p>&#8222;Na\u0161e&#8220; po\u0161tolky se pot\u00e9, co je zapla\u0161ily sivestrovsk\u00e9 petardy, vr\u00e1tily a\u017e odpoledne.\u00a0  <a href=\"https:\/\/tinnunculus.sy-sy.cz\/index.php\/2021\/01\/01\/novorocni\/#more-14109\" class=\"more-link\"><span aria-label=\"Pokra\u010dov\u00e1n\u00ed textu Novoro\u010dn\u00ed\">(Pokra\u010dov\u00e1n\u00ed textu&hellip;)<\/span><\/a><\/p>\n<\/div>\t<\/div>\r\n<\/div><\/div>\n<div class=\"panel panel-default pt-cv-content-item pt-cv-1-col\" >\r\n<div class=\"panel-heading pt-cv-title\">\r\n    <a class=\"panel-title\" data-toggle=\"cvcollapse\" data-parent=\"#c8d598caqr\" data-target=\"#b2e63ef5oe\" href='https:\/\/tinnunculus.sy-sy.cz\/index.php\/2021\/01\/27\/vetrelci-a-vetrelkyne\/' onclick='event.preventDefault()'>\r\n\t\tVet\u0159elci a&nbsp;vet\u0159elkyn\u011b\t<\/a>\r\n\t<\/div>\r\n<div id=\"b2e63ef5oe\" class=\"panel-collapse collapse \">\r\n\t<div class=\"panel-body\">\r\n\t\t<div class=\"pt-cv-content\"><p><img data-recalc-dims=\"1\" loading=\"lazy\" decoding=\"async\" data-attachment-id=\"14638\" data-permalink=\"https:\/\/tinnunculus.sy-sy.cz\/index.php\/2021\/01\/27\/vetrelci-a-vetrelkyne\/20210125-0829297058\/\" data-orig-file=\"https:\/\/i0.wp.com\/tinnunculus.sy-sy.cz\/wp-content\/uploads\/2021\/01\/20210125-0829297058-e1611875358955.jpg?fit=1038%2C584&amp;ssl=1\" data-orig-size=\"1038,584\" data-comments-opened=\"1\" data-image-meta=\"{&quot;aperture&quot;:&quot;0&quot;,&quot;credit&quot;:&quot;&quot;,&quot;camera&quot;:&quot;&quot;,&quot;caption&quot;:&quot;&quot;,&quot;created_timestamp&quot;:&quot;0&quot;,&quot;copyright&quot;:&quot;&quot;,&quot;focal_length&quot;:&quot;0&quot;,&quot;iso&quot;:&quot;0&quot;,&quot;shutter_speed&quot;:&quot;0&quot;,&quot;title&quot;:&quot;&quot;,&quot;orientation&quot;:&quot;0&quot;}\" data-image-title=\"20210125-0829297058\" data-image-description=\"\" data-image-caption=\"\" data-large-file=\"https:\/\/i0.wp.com\/tinnunculus.sy-sy.cz\/wp-content\/uploads\/2021\/01\/20210125-0829297058-e1611875358955.jpg?fit=525%2C295&amp;ssl=1\" class=\"aligncenter wp-image-14638 size-large\" src=\"https:\/\/i0.wp.com\/tinnunculus.sy-sy.cz\/wp-content\/uploads\/2021\/01\/20210125-0829297058.jpg?resize=525%2C295&#038;ssl=1\" alt=\"\" width=\"525\" height=\"295\" \/><\/p>\n<p>N\u011bjakou dobu tu byl klid. Dom\u00e1c\u00ed po\u0161tol\u010d\u00ed p\u00e1r p\u0159il\u00e9tal se soumrakem na noc a&nbsp;r\u00e1no mizel hned po&nbsp;rozedn\u011bn\u00ed. V&nbsp;posledn\u00edch dnech tu ale za\u010d\u00edn\u00e1 b\u00fdt ru\u0161no a&nbsp;dom\u00e1c\u00ed bedliv\u011b hl\u00eddaj\u00ed, zda kolem nepoletuje n\u011bjak\u00fd vet\u0159elec.<\/p>\n<p> <a href=\"https:\/\/tinnunculus.sy-sy.cz\/index.php\/2021\/01\/27\/vetrelci-a-vetrelkyne\/#more-14648\" class=\"more-link\"><span aria-label=\"Pokra\u010dov\u00e1n\u00ed textu Vet\u0159elci a&nbsp;vet\u0159elkyn\u011b\">(Pokra\u010dov\u00e1n\u00ed textu&hellip;)<\/span><\/a><\/p>\n<\/div>\t<\/div>\r\n<\/div><\/div>\n<div class=\"panel panel-default pt-cv-content-item pt-cv-1-col\" >\r\n<div class=\"panel-heading pt-cv-title\">\r\n    <a class=\"panel-title\" data-toggle=\"cvcollapse\" data-parent=\"#c8d598caqr\" data-target=\"#a50c622dtk\" href='https:\/\/tinnunculus.sy-sy.cz\/index.php\/2021\/01\/30\/jeden-hrabos-jaro-nedela\/' onclick='event.preventDefault()'>\r\n\t\tJeden hrabo\u0161 jaro ned\u011bl\u00e1\t<\/a>\r\n\t<\/div>\r\n<div id=\"a50c622dtk\" class=\"panel-collapse collapse \">\r\n\t<div class=\"panel-body\">\r\n\t\t<div class=\"pt-cv-content\"><p><img data-recalc-dims=\"1\" loading=\"lazy\" decoding=\"async\" data-attachment-id=\"14640\" data-permalink=\"https:\/\/tinnunculus.sy-sy.cz\/index.php\/2021\/01\/30\/jeden-hrabos-jaro-nedela\/20210128_10-27-44\/\" data-orig-file=\"https:\/\/i0.wp.com\/tinnunculus.sy-sy.cz\/wp-content\/uploads\/2021\/01\/20210128_10-27-44-e1611875314415.jpg?fit=1038%2C584&amp;ssl=1\" data-orig-size=\"1038,584\" data-comments-opened=\"1\" data-image-meta=\"{&quot;aperture&quot;:&quot;0&quot;,&quot;credit&quot;:&quot;&quot;,&quot;camera&quot;:&quot;&quot;,&quot;caption&quot;:&quot;&quot;,&quot;created_timestamp&quot;:&quot;0&quot;,&quot;copyright&quot;:&quot;&quot;,&quot;focal_length&quot;:&quot;0&quot;,&quot;iso&quot;:&quot;0&quot;,&quot;shutter_speed&quot;:&quot;0&quot;,&quot;title&quot;:&quot;&quot;,&quot;orientation&quot;:&quot;0&quot;}\" data-image-title=\"20210128_10-27-44\" data-image-description=\"\" data-image-caption=\"\" data-large-file=\"https:\/\/i0.wp.com\/tinnunculus.sy-sy.cz\/wp-content\/uploads\/2021\/01\/20210128_10-27-44-e1611875314415.jpg?fit=525%2C295&amp;ssl=1\" class=\"aligncenter wp-image-14640 size-large\" src=\"https:\/\/i0.wp.com\/tinnunculus.sy-sy.cz\/wp-content\/uploads\/2021\/01\/20210128_10-27-44.jpg?resize=525%2C295&#038;ssl=1\" alt=\"\" width=\"525\" height=\"295\" \/><\/p>\n<p>Star\u00e9 po\u0161tol\u010d\u00ed p\u0159\u00edslov\u00ed sice \u0159\u00edk\u00e1, \u017ee<em> jeden hrabo\u0161 jako ned\u011bl\u00e1<\/em>, ale kdy\u017e same\u010dek p\u0159inese prvn\u00edho sami\u010dce jako d\u00e1rek, rozhodn\u011b se u\u017e jaro bl\u00ed\u017e\u00ed.<\/p>\n<p> <a href=\"https:\/\/tinnunculus.sy-sy.cz\/index.php\/2021\/01\/30\/jeden-hrabos-jaro-nedela\/#more-14650\" class=\"more-link\"><span aria-label=\"Pokra\u010dov\u00e1n\u00ed textu Jeden hrabo\u0161 jaro ned\u011bl\u00e1\">(Pokra\u010dov\u00e1n\u00ed textu&hellip;)<\/span><\/a><\/p>\n<\/div>\t<\/div>\r\n<\/div><\/div>\n<div class=\"panel panel-default pt-cv-content-item pt-cv-1-col\" >\r\n<div class=\"panel-heading pt-cv-title\">\r\n    <a class=\"panel-title\" data-toggle=\"cvcollapse\" data-parent=\"#c8d598caqr\" data-target=\"#0ff9777p7f\" href='https:\/\/tinnunculus.sy-sy.cz\/index.php\/2021\/02\/19\/vice-hrabosu\/' onclick='event.preventDefault()'>\r\n\t\t&#8230; v\u00edce hrabo\u0161\u016f\t<\/a>\r\n\t<\/div>\r\n<div id=\"0ff9777p7f\" class=\"panel-collapse collapse \">\r\n\t<div class=\"panel-body\">\r\n\t\t<div class=\"pt-cv-content\"><p><img data-recalc-dims=\"1\" loading=\"lazy\" decoding=\"async\" data-attachment-id=\"14691\" data-permalink=\"https:\/\/tinnunculus.sy-sy.cz\/index.php\/2021\/02\/19\/vice-hrabosu\/20210219-1354329581\/\" data-orig-file=\"https:\/\/i0.wp.com\/tinnunculus.sy-sy.cz\/wp-content\/uploads\/2021\/02\/20210219-1354329581-e1614424768895.jpg?fit=1038%2C584&amp;ssl=1\" data-orig-size=\"1038,584\" data-comments-opened=\"1\" data-image-meta=\"{&quot;aperture&quot;:&quot;0&quot;,&quot;credit&quot;:&quot;&quot;,&quot;camera&quot;:&quot;&quot;,&quot;caption&quot;:&quot;&quot;,&quot;created_timestamp&quot;:&quot;0&quot;,&quot;copyright&quot;:&quot;&quot;,&quot;focal_length&quot;:&quot;0&quot;,&quot;iso&quot;:&quot;0&quot;,&quot;shutter_speed&quot;:&quot;0&quot;,&quot;title&quot;:&quot;&quot;,&quot;orientation&quot;:&quot;0&quot;}\" data-image-title=\"20210219-1354329581\" data-image-description=\"\" data-image-caption=\"\" data-large-file=\"https:\/\/i0.wp.com\/tinnunculus.sy-sy.cz\/wp-content\/uploads\/2021\/02\/20210219-1354329581-e1614424768895.jpg?fit=525%2C295&amp;ssl=1\" class=\"aligncenter wp-image-14691 size-large\" src=\"https:\/\/i0.wp.com\/tinnunculus.sy-sy.cz\/wp-content\/uploads\/2021\/02\/20210219-1354329581.jpg?resize=525%2C295&#038;ssl=1\" alt=\"\" width=\"525\" height=\"295\" \/><\/p>\n<p>Prvn\u00ed hrabo\u0161 rozhodn\u011b nebyl posledn\u00ed . Od t\u00e9 doby, co dom\u00e1c\u00ed same\u010dek p\u0159inesl sami\u010dce leto\u0161n\u00edho prvn\u00edho hrabo\u0161e,\u00a0 j\u00ed nos\u00ed denn\u011b minim\u00e1ln\u011b dva. <a href=\"https:\/\/tinnunculus.sy-sy.cz\/index.php\/2021\/02\/19\/vice-hrabosu\/#more-14702\" class=\"more-link\"><span aria-label=\"Pokra\u010dov\u00e1n\u00ed textu &#8230; v\u00edce hrabo\u0161\u016f\">(Pokra\u010dov\u00e1n\u00ed textu&hellip;)<\/span><\/a><\/p>\n<\/div>\t<\/div>\r\n<\/div><\/div>\n<div class=\"panel panel-default pt-cv-content-item pt-cv-1-col\" >\r\n<div class=\"panel-heading pt-cv-title\">\r\n    <a class=\"panel-title\" data-toggle=\"cvcollapse\" data-parent=\"#c8d598caqr\" data-target=\"#3b6ed3a15s\" href='https:\/\/tinnunculus.sy-sy.cz\/index.php\/2021\/02\/19\/treti-postolka\/' onclick='event.preventDefault()'>\r\n\t\tT\u0159et\u00ed po\u0161tolka\t<\/a>\r\n\t<\/div>\r\n<div id=\"3b6ed3a15s\" class=\"panel-collapse collapse \">\r\n\t<div class=\"panel-body\">\r\n\t\t<div class=\"pt-cv-content\"><p><img data-recalc-dims=\"1\" loading=\"lazy\" decoding=\"async\" data-attachment-id=\"14685\" data-permalink=\"https:\/\/tinnunculus.sy-sy.cz\/index.php\/2021\/02\/19\/treti-postolka\/20210218_11-01-12\/\" data-orig-file=\"https:\/\/i0.wp.com\/tinnunculus.sy-sy.cz\/wp-content\/uploads\/2021\/02\/20210218_11-01-12-e1614424867656.jpg?fit=1038%2C584&amp;ssl=1\" data-orig-size=\"1038,584\" data-comments-opened=\"1\" data-image-meta=\"{&quot;aperture&quot;:&quot;0&quot;,&quot;credit&quot;:&quot;&quot;,&quot;camera&quot;:&quot;&quot;,&quot;caption&quot;:&quot;&quot;,&quot;created_timestamp&quot;:&quot;0&quot;,&quot;copyright&quot;:&quot;&quot;,&quot;focal_length&quot;:&quot;0&quot;,&quot;iso&quot;:&quot;0&quot;,&quot;shutter_speed&quot;:&quot;0&quot;,&quot;title&quot;:&quot;&quot;,&quot;orientation&quot;:&quot;0&quot;}\" data-image-title=\"20210218_11-01-12\" data-image-description=\"\" data-image-caption=\"\" data-large-file=\"https:\/\/i0.wp.com\/tinnunculus.sy-sy.cz\/wp-content\/uploads\/2021\/02\/20210218_11-01-12-e1614424867656.jpg?fit=525%2C295&amp;ssl=1\" class=\"aligncenter wp-image-14685 size-large\" src=\"https:\/\/i0.wp.com\/tinnunculus.sy-sy.cz\/wp-content\/uploads\/2021\/02\/20210218_11-01-12.jpg?resize=525%2C295&#038;ssl=1\" alt=\"\" width=\"525\" height=\"295\" \/><\/p>\n<p>Krom\u011b na\u0161eho dom\u00e1c\u00edho p\u00e1ru k&nbsp;n\u00e1m pravideln\u011b l\u00e9t\u00e1 dal\u0161\u00ed po\u0161tolka &#8211; mlad\u00e1 sami\u010dka. Od sami\u010dky dom\u00e1c\u00ed je snadno rozli\u0161iteln\u00e1. Jej\u00ed pruhovan\u00fd oc\u00e1sek toti\u017e nen\u00ed \u0161ed\u00fd, ale rezav\u011b hn\u011bd\u00fd.\u00a0 Dom\u00e1c\u00ed se s&nbsp;n\u00ed dosti zlob\u00ed, ale ona si z&nbsp;nich nic moc ned\u011bl\u00e1. T\u011b\u017eko \u0159\u00edci, zda ji v\u00edce l\u00e1kaj\u00ed hrabo\u0161i, kter\u00e9 nos\u00ed same\u010dek, nebo ta velk\u00e1 budka s&nbsp;urostl\u00fdm po\u0161tol\u00e1kem. <a href=\"https:\/\/tinnunculus.sy-sy.cz\/index.php\/2021\/02\/19\/treti-postolka\/#more-14709\" class=\"more-link\"><span aria-label=\"Pokra\u010dov\u00e1n\u00ed textu T\u0159et\u00ed po\u0161tolka\">(Pokra\u010dov\u00e1n\u00ed textu&hellip;)<\/span><\/a><\/p>\n<\/div>\t<\/div>\r\n<\/div><\/div><\/div><\/div><\/div>\n<div class=\" pt-cv-pagination-wrapper\"><ul class=\"pt-cv-pagination pt-cv-normal pagination\" data-totalpages=\"17\" data-currentpage=\"1\" data-sid=\"f5ca22454v\" data-unid=\"\" data-isblock=\"\" data-postid=\"\"><li class=\"active\"><a href=\"#\">1<\/a><\/li>\n\t<li ><a class=\"\" href=\"https:\/\/tinnunculus.sy-sy.cz\/index.php\/wp-json\/wp\/v2\/pages\/20929\/?_page=2\">2<\/a><\/li>\n\t<li ><a class=\"\" href=\"https:\/\/tinnunculus.sy-sy.cz\/index.php\/wp-json\/wp\/v2\/pages\/20929\/?_page=3\">3<\/a><\/li>\n\t<li ><a href=\"#\">&hellip;<\/a><\/li>\n\t<li ><a class=\"\" href=\"https:\/\/tinnunculus.sy-sy.cz\/index.php\/wp-json\/wp\/v2\/pages\/20929\/?_page=17\">17<\/a><\/li>\n\t<li ><a class=\" \" href=\"https:\/\/tinnunculus.sy-sy.cz\/index.php\/wp-json\/wp\/v2\/pages\/20929\/?_page=2\">&rsaquo;<\/a><\/li>\n\t<\/ul><img loading=\"lazy\" decoding=\"async\" width=\"15\" height=\"15\" class=\"pt-cv-spinner\" alt=\"Loading...\" src=\"data:image\/gif;base64,R0lGODlhDwAPALMPAMrKygwMDJOTkz09PZWVla+vr3p6euTk5M7OzuXl5TMzMwAAAJmZmWZmZszMzP\/\/\/yH\/C05FVFNDQVBFMi4wAwEAAAAh+QQFCgAPACwAAAAADwAPAAAEQvDJaZaZOIcV8iQK8VRX4iTYoAwZ4iCYoAjZ4RxejhVNoT+mRGP4cyF4Pp0N98sBGIBMEMOotl6YZ3S61Bmbkm4mAgAh+QQFCgAPACwAAAAADQANAAAENPDJSRSZeA418itN8QiK8BiLITVsFiyBBIoYqnoewAD4xPw9iY4XLGYSjkQR4UAUD45DLwIAIfkEBQoADwAsAAAAAA8ACQAABC\/wyVlamTi3nSdgwFNdhEJgTJoNyoB9ISYoQmdjiZPcj7EYCAeCF1gEDo4Dz2eIAAAh+QQFCgAPACwCAAAADQANAAAEM\/DJBxiYeLKdX3IJZT1FU0iIg2RNKx3OkZVnZ98ToRD4MyiDnkAh6BkNC0MvsAj0kMpHBAAh+QQFCgAPACwGAAAACQAPAAAEMDC59KpFDll73HkAA2wVY5KgiK5b0RRoI6MuzG6EQqCDMlSGheEhUAgqgUUAFRySIgAh+QQFCgAPACwCAAIADQANAAAEM\/DJKZNLND\/kkKaHc3xk+QAMYDKsiaqmZCxGVjSFFCxB1vwy2oOgIDxuucxAMTAJFAJNBAAh+QQFCgAPACwAAAYADwAJAAAEMNAs86q1yaWwwv2Ig0jUZx3OYa4XoRAfwADXoAwfo1+CIjyFRuEho60aSNYlOPxEAAAh+QQFCgAPACwAAAIADQANAAAENPA9s4y8+IUVcqaWJ4qEQozSoAzoIyhCK2NFU2SJk0hNnyEOhKR2AzAAj4Pj4GE4W0bkJQIAOw==\" \/><div class=\"clear pt-cv-clear-pagination\"><\/div><\/div><\/div>\n<p>&nbsp;<\/p>\n<ul>\n<li><a href=\"https:\/\/tinnunculus.sy-sy.cz\/index.php\/deniky\/2021-2\/\">Den\u00edk 2021<\/a><\/li>\n<\/ul>\n","protected":false},"excerpt":{"rendered":"<p>&nbsp; Den\u00edk 2021<\/p>\n","protected":false},"author":2,"featured_media":0,"parent":13997,"menu_order":0,"comment_status":"closed","ping_status":"closed","template":"","meta":{"jetpack_post_was_ever_published":false,"footnotes":""},"categories":[],"tags":[],"class_list":["post-20929","page","type-page","status-publish","hentry"],"jetpack_shortlink":"https:\/\/wp.me\/P91gKE-5rz","jetpack-related-posts":[{"id":20898,"url":"https:\/\/tinnunculus.sy-sy.cz\/index.php\/deniky\/2007-2\/sezona-2007\/","url_meta":{"origin":20929,"position":0},"title":"Sez\u00f3na 2007","author":"Zuzana Syrov\u00e1 An\u00fd\u017eov\u00e1","date":"18\/03\/2023","format":false,"excerpt":"\u00a0 Den\u00edk 2007","rel":"","context":"V \u201eden\u00edk\u201c","block_context":{"text":"den\u00edk","link":"https:\/\/tinnunculus.sy-sy.cz\/index.php\/tag\/denik\/"},"img":{"alt_text":"","src":"","width":0,"height":0},"classes":[]},{"id":20909,"url":"https:\/\/tinnunculus.sy-sy.cz\/index.php\/deniky\/2022-2\/sezona-2022\/","url_meta":{"origin":20929,"position":1},"title":"Sez\u00f3na 2022","author":"Zuzana Syrov\u00e1 An\u00fd\u017eov\u00e1","date":"18\/03\/2023","format":false,"excerpt":"\u00a0 Den\u00edk 2022","rel":"","context":"Podobn\u00fd p\u0159\u00edsp\u011bvek","block_context":{"text":"Podobn\u00fd p\u0159\u00edsp\u011bvek","link":""},"img":{"alt_text":"","src":"","width":0,"height":0},"classes":[]},{"id":20932,"url":"https:\/\/tinnunculus.sy-sy.cz\/index.php\/deniky\/2020-2\/sezona-2020\/","url_meta":{"origin":20929,"position":2},"title":"Sez\u00f3na 2020","author":"Zuzana Syrov\u00e1 An\u00fd\u017eov\u00e1","date":"18\/03\/2023","format":false,"excerpt":"\u00a0 Den\u00edk 2020","rel":"","context":"Podobn\u00fd p\u0159\u00edsp\u011bvek","block_context":{"text":"Podobn\u00fd p\u0159\u00edsp\u011bvek","link":""},"img":{"alt_text":"","src":"","width":0,"height":0},"classes":[]},{"id":20936,"url":"https:\/\/tinnunculus.sy-sy.cz\/index.php\/deniky\/2019-2\/sezona-2019\/","url_meta":{"origin":20929,"position":3},"title":"Sez\u00f3na 2019","author":"Zuzana Syrov\u00e1 An\u00fd\u017eov\u00e1","date":"18\/03\/2023","format":false,"excerpt":"\u00a0 Den\u00edk 2019","rel":"","context":"Podobn\u00fd p\u0159\u00edsp\u011bvek","block_context":{"text":"Podobn\u00fd p\u0159\u00edsp\u011bvek","link":""},"img":{"alt_text":"","src":"","width":0,"height":0},"classes":[]},{"id":20940,"url":"https:\/\/tinnunculus.sy-sy.cz\/index.php\/deniky\/2018-2\/sezona-2018\/","url_meta":{"origin":20929,"position":4},"title":"Sez\u00f3na 2018","author":"Zuzana Syrov\u00e1 An\u00fd\u017eov\u00e1","date":"18\/03\/2023","format":false,"excerpt":"\u00a0 Den\u00edk 2018","rel":"","context":"Podobn\u00fd p\u0159\u00edsp\u011bvek","block_context":{"text":"Podobn\u00fd p\u0159\u00edsp\u011bvek","link":""},"img":{"alt_text":"","src":"","width":0,"height":0},"classes":[]},{"id":20943,"url":"https:\/\/tinnunculus.sy-sy.cz\/index.php\/deniky\/2017-2\/sezona-2017\/","url_meta":{"origin":20929,"position":5},"title":"Sez\u00f3na 2017","author":"Zuzana Syrov\u00e1 An\u00fd\u017eov\u00e1","date":"18\/03\/2023","format":false,"excerpt":"\u00a0 Den\u00edk 2017","rel":"","context":"Podobn\u00fd p\u0159\u00edsp\u011bvek","block_context":{"text":"Podobn\u00fd p\u0159\u00edsp\u011bvek","link":""},"img":{"alt_text":"","src":"","width":0,"height":0},"classes":[]}],"jetpack_sharing_enabled":true,"_links":{"self":[{"href":"https:\/\/tinnunculus.sy-sy.cz\/index.php\/wp-json\/wp\/v2\/pages\/20929","targetHints":{"allow":["GET"]}}],"collection":[{"href":"https:\/\/tinnunculus.sy-sy.cz\/index.php\/wp-json\/wp\/v2\/pages"}],"about":[{"href":"https:\/\/tinnunculus.sy-sy.cz\/index.php\/wp-json\/wp\/v2\/types\/page"}],"author":[{"embeddable":true,"href":"https:\/\/tinnunculus.sy-sy.cz\/index.php\/wp-json\/wp\/v2\/users\/2"}],"replies":[{"embeddable":true,"href":"https:\/\/tinnunculus.sy-sy.cz\/index.php\/wp-json\/wp\/v2\/comments?post=20929"}],"version-history":[{"count":1,"href":"https:\/\/tinnunculus.sy-sy.cz\/index.php\/wp-json\/wp\/v2\/pages\/20929\/revisions"}],"predecessor-version":[{"id":45370,"href":"https:\/\/tinnunculus.sy-sy.cz\/index.php\/wp-json\/wp\/v2\/pages\/20929\/revisions\/45370"}],"up":[{"embeddable":true,"href":"https:\/\/tinnunculus.sy-sy.cz\/index.php\/wp-json\/wp\/v2\/pages\/13997"}],"wp:attachment":[{"href":"https:\/\/tinnunculus.sy-sy.cz\/index.php\/wp-json\/wp\/v2\/media?parent=20929"}],"wp:term":[{"taxonomy":"category","embeddable":true,"href":"https:\/\/tinnunculus.sy-sy.cz\/index.php\/wp-json\/wp\/v2\/categories?post=20929"},{"taxonomy":"post_tag","embeddable":true,"href":"https:\/\/tinnunculus.sy-sy.cz\/index.php\/wp-json\/wp\/v2\/tags?post=20929"}],"curies":[{"name":"wp","href":"https:\/\/api.w.org\/{rel}","templated":true}]}}