{"id":20909,"date":"2023-03-18T13:43:50","date_gmt":"2023-03-18T12:43:50","guid":{"rendered":"https:\/\/tinnunculus.sy-sy.cz\/?page_id=20909"},"modified":"2025-12-14T23:52:27","modified_gmt":"2025-12-14T22:52:27","slug":"sezona-2022","status":"publish","type":"page","link":"https:\/\/tinnunculus.sy-sy.cz\/index.php\/deniky\/2022-2\/sezona-2022\/","title":{"rendered":"Sez\u00f3na 2022"},"content":{"rendered":"<div class=\"pt-cv-wrapper\"><div class=\"pt-cv-view pt-cv-collapsible\" id=\"pt-cv-view-7b454c7c09\"><div data-id=\"pt-cv-page-1\" class=\"pt-cv-page\" data-cvc=\"1\"><div class=\"panel-group\" id=\"72454cc5ms\"><div class=\"panel panel-default pt-cv-content-item pt-cv-1-col\" >\r\n<div class=\"panel-heading pt-cv-title\">\r\n    <a class=\"panel-title\" data-toggle=\"cvcollapse\" data-parent=\"#72454cc5ms\" data-target=\"#863f2bev7s\" href='https:\/\/tinnunculus.sy-sy.cz\/index.php\/2022\/01\/09\/ponauceni-holubum\/' onclick='event.preventDefault()'>\r\n\t\tPonau\u010den\u00ed holub\u016fm\t<\/a>\r\n\t<\/div>\r\n<div id=\"863f2bev7s\" class=\"panel-collapse collapse in\">\r\n\t<div class=\"panel-body\">\r\n\t\t<div class=\"pt-cv-content\"><p><img data-recalc-dims=\"1\" loading=\"lazy\" decoding=\"async\" data-attachment-id=\"17635\" data-permalink=\"https:\/\/tinnunculus.sy-sy.cz\/index.php\/2022\/01\/09\/ponauceni-holubum\/20220107-1529500699\/\" data-orig-file=\"https:\/\/i0.wp.com\/tinnunculus.sy-sy.cz\/wp-content\/uploads\/2022\/01\/20220107-1529500699-e1641714505863.jpg?fit=1038%2C584&amp;ssl=1\" data-orig-size=\"1038,584\" data-comments-opened=\"1\" data-image-meta=\"{&quot;aperture&quot;:&quot;0&quot;,&quot;credit&quot;:&quot;&quot;,&quot;camera&quot;:&quot;&quot;,&quot;caption&quot;:&quot;&quot;,&quot;created_timestamp&quot;:&quot;0&quot;,&quot;copyright&quot;:&quot;&quot;,&quot;focal_length&quot;:&quot;0&quot;,&quot;iso&quot;:&quot;0&quot;,&quot;shutter_speed&quot;:&quot;0&quot;,&quot;title&quot;:&quot;&quot;,&quot;orientation&quot;:&quot;0&quot;}\" data-image-title=\"20220107-1529500699\" data-image-description=\"\" data-image-caption=\"\" data-large-file=\"https:\/\/i0.wp.com\/tinnunculus.sy-sy.cz\/wp-content\/uploads\/2022\/01\/20220107-1529500699-e1641714505863.jpg?fit=525%2C295&amp;ssl=1\" class=\"aligncenter wp-image-17635 size-large\" src=\"https:\/\/i0.wp.com\/tinnunculus.sy-sy.cz\/wp-content\/uploads\/2022\/01\/20220107-1529500699.jpg?resize=525%2C295&#038;ssl=1\" alt=\"\" width=\"525\" height=\"295\" \/><\/p>\n<p>V t\u011bchto zimn\u00edch dnech po\u0161tolky mnoho \u010dasu p\u0159es den v&nbsp;na\u0161\u00ed lod\u017eii netr\u00e1v\u00ed a&nbsp;tak o&nbsp;ni op\u011bt jev\u00ed z\u00e1jem holubi. Po\u0161tolky se v\u010das nakonec v\u017edy objev\u00ed a&nbsp;za nepat\u0159i\u010dnou drzost je n\u00e1le\u017eit\u011b potrestaj\u00ed. <a href=\"https:\/\/tinnunculus.sy-sy.cz\/index.php\/2022\/01\/09\/ponauceni-holubum\/#more-17634\" class=\"more-link\"><span aria-label=\"Pokra\u010dov\u00e1n\u00ed textu Ponau\u010den\u00ed holub\u016fm\">(Pokra\u010dov\u00e1n\u00ed textu&hellip;)<\/span><\/a><\/p>\n<\/div>\t<\/div>\r\n<\/div><\/div>\n<div class=\"panel panel-default pt-cv-content-item pt-cv-1-col\" >\r\n<div class=\"panel-heading pt-cv-title\">\r\n    <a class=\"panel-title\" data-toggle=\"cvcollapse\" data-parent=\"#72454cc5ms\" data-target=\"#1fa7161hnx\" href='https:\/\/tinnunculus.sy-sy.cz\/index.php\/2022\/01\/09\/zimni-rana\/' onclick='event.preventDefault()'>\r\n\t\tZimn\u00ed r\u00e1na\t<\/a>\r\n\t<\/div>\r\n<div id=\"1fa7161hnx\" class=\"panel-collapse collapse \">\r\n\t<div class=\"panel-body\">\r\n\t\t<div class=\"pt-cv-content\"><p><img data-recalc-dims=\"1\" loading=\"lazy\" decoding=\"async\" data-attachment-id=\"17636\" data-permalink=\"https:\/\/tinnunculus.sy-sy.cz\/index.php\/2022\/01\/09\/ponauceni-holubum\/20220109-0723187294\/\" data-orig-file=\"https:\/\/i0.wp.com\/tinnunculus.sy-sy.cz\/wp-content\/uploads\/2022\/01\/20220109-0723187294-e1641714465133.jpg?fit=1038%2C584&amp;ssl=1\" data-orig-size=\"1038,584\" data-comments-opened=\"1\" data-image-meta=\"{&quot;aperture&quot;:&quot;0&quot;,&quot;credit&quot;:&quot;&quot;,&quot;camera&quot;:&quot;&quot;,&quot;caption&quot;:&quot;&quot;,&quot;created_timestamp&quot;:&quot;0&quot;,&quot;copyright&quot;:&quot;&quot;,&quot;focal_length&quot;:&quot;0&quot;,&quot;iso&quot;:&quot;0&quot;,&quot;shutter_speed&quot;:&quot;0&quot;,&quot;title&quot;:&quot;&quot;,&quot;orientation&quot;:&quot;0&quot;}\" data-image-title=\"20220109-0723187294\" data-image-description=\"\" data-image-caption=\"\" data-large-file=\"https:\/\/i0.wp.com\/tinnunculus.sy-sy.cz\/wp-content\/uploads\/2022\/01\/20220109-0723187294-e1641714465133.jpg?fit=525%2C295&amp;ssl=1\" class=\"aligncenter wp-image-17636 size-large\" src=\"https:\/\/i0.wp.com\/tinnunculus.sy-sy.cz\/wp-content\/uploads\/2022\/01\/20220109-0723187294.jpg?resize=525%2C295&#038;ssl=1\" alt=\"\" width=\"525\" height=\"295\" \/><\/p>\n<p>&#8222;Na\u0161e&#8220; po\u0161tolky se rozhodly str\u00e1vit s&nbsp;n\u00e1mi dal\u0161\u00ed zimu. P\u0159il\u00e9taj\u00ed se setm\u011bn\u00edm a&nbsp;odl\u00e9taj\u00ed s&nbsp;rozb\u0159eskem.  <a href=\"https:\/\/tinnunculus.sy-sy.cz\/index.php\/2022\/01\/09\/zimni-rana\/#more-17639\" class=\"more-link\"><span aria-label=\"Pokra\u010dov\u00e1n\u00ed textu Zimn\u00ed r\u00e1na\">(Pokra\u010dov\u00e1n\u00ed textu&hellip;)<\/span><\/a><\/p>\n<\/div>\t<\/div>\r\n<\/div><\/div>\n<div class=\"panel panel-default pt-cv-content-item pt-cv-1-col\" >\r\n<div class=\"panel-heading pt-cv-title\">\r\n    <a class=\"panel-title\" data-toggle=\"cvcollapse\" data-parent=\"#72454cc5ms\" data-target=\"#51ff65dvg6\" href='https:\/\/tinnunculus.sy-sy.cz\/index.php\/2022\/01\/23\/zatoulala-se-nam\/' onclick='event.preventDefault()'>\r\n\t\tZatoulala se n\u00e1m\t<\/a>\r\n\t<\/div>\r\n<div id=\"51ff65dvg6\" class=\"panel-collapse collapse \">\r\n\t<div class=\"panel-body\">\r\n\t\t<div class=\"pt-cv-content\"><p><img data-recalc-dims=\"1\" loading=\"lazy\" decoding=\"async\" data-attachment-id=\"17674\" data-permalink=\"https:\/\/tinnunculus.sy-sy.cz\/index.php\/2022\/01\/23\/zatoulala-se-nam\/20220118_09-04-11upr\/\" data-orig-file=\"https:\/\/i0.wp.com\/tinnunculus.sy-sy.cz\/wp-content\/uploads\/2022\/01\/20220118_09-04-11upr-e1642923155315.jpg?fit=1038%2C584&amp;ssl=1\" data-orig-size=\"1038,584\" data-comments-opened=\"1\" data-image-meta=\"{&quot;aperture&quot;:&quot;0&quot;,&quot;credit&quot;:&quot;&quot;,&quot;camera&quot;:&quot;&quot;,&quot;caption&quot;:&quot;&quot;,&quot;created_timestamp&quot;:&quot;0&quot;,&quot;copyright&quot;:&quot;&quot;,&quot;focal_length&quot;:&quot;0&quot;,&quot;iso&quot;:&quot;0&quot;,&quot;shutter_speed&quot;:&quot;0&quot;,&quot;title&quot;:&quot;&quot;,&quot;orientation&quot;:&quot;1&quot;}\" data-image-title=\"20220118_09-04-11upr\" data-image-description=\"\" data-image-caption=\"\" data-large-file=\"https:\/\/i0.wp.com\/tinnunculus.sy-sy.cz\/wp-content\/uploads\/2022\/01\/20220118_09-04-11upr-e1642923155315.jpg?fit=525%2C295&amp;ssl=1\" class=\"aligncenter wp-image-17674 size-large\" src=\"https:\/\/i0.wp.com\/tinnunculus.sy-sy.cz\/wp-content\/uploads\/2022\/01\/20220118_09-04-11upr.jpg?resize=525%2C295&#038;ssl=1\" alt=\"\" width=\"525\" height=\"295\" \/><\/p>\n<p>Zatoulala se n\u00e1m po\u0161tol\u010d\u00ed sami\u010dka. Nast\u011bhovala se do na\u0161\u00ed lod\u017eie na konci \u010dervence 2018. Posledn\u00ed v\u011bt\u0161\u00ed dovolenou si vzala na p\u0159elomu srpna a&nbsp;z\u00e1\u0159\u00ed 2019.\u00a0 16.&nbsp;ledna se ale poprv\u00e9 od 27.&nbsp;z\u00e1\u0159\u00ed 2019 nevr\u00e1tila na noc.<\/p>\n<p> <a href=\"https:\/\/tinnunculus.sy-sy.cz\/index.php\/2022\/01\/23\/zatoulala-se-nam\/#more-17678\" class=\"more-link\"><span aria-label=\"Pokra\u010dov\u00e1n\u00ed textu Zatoulala se n\u00e1m\">(Pokra\u010dov\u00e1n\u00ed textu&hellip;)<\/span><\/a><\/p>\n<\/div>\t<\/div>\r\n<\/div><\/div>\n<div class=\"panel panel-default pt-cv-content-item pt-cv-1-col\" >\r\n<div class=\"panel-heading pt-cv-title\">\r\n    <a class=\"panel-title\" data-toggle=\"cvcollapse\" data-parent=\"#72454cc5ms\" data-target=\"#f22b7afu9g\" href='https:\/\/tinnunculus.sy-sy.cz\/index.php\/2022\/02\/07\/postolkovo-zatisi\/' onclick='event.preventDefault()'>\r\n\t\tPo\u0161tolkovo z\u00e1ti\u0161\u00ed\t<\/a>\r\n\t<\/div>\r\n<div id=\"f22b7afu9g\" class=\"panel-collapse collapse \">\r\n\t<div class=\"panel-body\">\r\n\t\t<div class=\"pt-cv-content\"><p><img data-recalc-dims=\"1\" loading=\"lazy\" decoding=\"async\" data-attachment-id=\"17722\" data-permalink=\"https:\/\/tinnunculus.sy-sy.cz\/index.php\/2022\/02\/07\/postolkovo-zatisi\/20220207-1631588040\/\" data-orig-file=\"https:\/\/i0.wp.com\/tinnunculus.sy-sy.cz\/wp-content\/uploads\/2022\/02\/20220207-1631588040-e1644432990992.jpg?fit=912%2C513&amp;ssl=1\" data-orig-size=\"912,513\" data-comments-opened=\"1\" data-image-meta=\"{&quot;aperture&quot;:&quot;0&quot;,&quot;credit&quot;:&quot;&quot;,&quot;camera&quot;:&quot;&quot;,&quot;caption&quot;:&quot;&quot;,&quot;created_timestamp&quot;:&quot;0&quot;,&quot;copyright&quot;:&quot;&quot;,&quot;focal_length&quot;:&quot;0&quot;,&quot;iso&quot;:&quot;0&quot;,&quot;shutter_speed&quot;:&quot;0&quot;,&quot;title&quot;:&quot;&quot;,&quot;orientation&quot;:&quot;0&quot;}\" data-image-title=\"20220207-1631588040\" data-image-description=\"\" data-image-caption=\"\" data-large-file=\"https:\/\/i0.wp.com\/tinnunculus.sy-sy.cz\/wp-content\/uploads\/2022\/02\/20220207-1631588040-e1644432990992.jpg?fit=525%2C295&amp;ssl=1\" class=\"aligncenter wp-image-17722 size-full\" src=\"https:\/\/i0.wp.com\/tinnunculus.sy-sy.cz\/wp-content\/uploads\/2022\/02\/20220207-1631588040-e1644432990992.jpg?resize=525%2C295&#038;ssl=1\" alt=\"\" width=\"525\" height=\"295\" srcset=\"https:\/\/i0.wp.com\/tinnunculus.sy-sy.cz\/wp-content\/uploads\/2022\/02\/20220207-1631588040-e1644432990992.jpg?w=912&amp;ssl=1 912w, https:\/\/i0.wp.com\/tinnunculus.sy-sy.cz\/wp-content\/uploads\/2022\/02\/20220207-1631588040-e1644432990992.jpg?resize=300%2C169&amp;ssl=1 300w, https:\/\/i0.wp.com\/tinnunculus.sy-sy.cz\/wp-content\/uploads\/2022\/02\/20220207-1631588040-e1644432990992.jpg?resize=768%2C432&amp;ssl=1 768w\" sizes=\"auto, (max-width: 767px) 89vw, (max-width: 1000px) 54vw, (max-width: 1071px) 543px, 580px\" \/><\/p>\n<p id=\"aneb-kestrel\u2032s-corner\">aneb Kestrel\u2032s Corner&#8230;. <a href=\"https:\/\/tinnunculus.sy-sy.cz\/index.php\/2022\/02\/07\/postolkovo-zatisi\/#more-17716\" class=\"more-link\"><span aria-label=\"Pokra\u010dov\u00e1n\u00ed textu Po\u0161tolkovo z\u00e1ti\u0161\u00ed\">(Pokra\u010dov\u00e1n\u00ed textu&hellip;)<\/span><\/a><\/p>\n<\/div>\t<\/div>\r\n<\/div><\/div>\n<div class=\"panel panel-default pt-cv-content-item pt-cv-1-col\" >\r\n<div class=\"panel-heading pt-cv-title\">\r\n    <a class=\"panel-title\" data-toggle=\"cvcollapse\" data-parent=\"#72454cc5ms\" data-target=\"#9e5994az85\" href='https:\/\/tinnunculus.sy-sy.cz\/index.php\/2022\/02\/09\/sam-proti-presile\/' onclick='event.preventDefault()'>\r\n\t\tS\u00e1m proti p\u0159esile\t<\/a>\r\n\t<\/div>\r\n<div id=\"9e5994az85\" class=\"panel-collapse collapse \">\r\n\t<div class=\"panel-body\">\r\n\t\t<div class=\"pt-cv-content\"><p><img data-recalc-dims=\"1\" loading=\"lazy\" decoding=\"async\" data-attachment-id=\"17724\" data-permalink=\"https:\/\/tinnunculus.sy-sy.cz\/index.php\/2022\/02\/09\/sam-proti-presile\/20220209-0928355000\/\" data-orig-file=\"https:\/\/i0.wp.com\/tinnunculus.sy-sy.cz\/wp-content\/uploads\/2022\/02\/20220209-0928355000.jpg?fit=1280%2C800&amp;ssl=1\" data-orig-size=\"1280,800\" data-comments-opened=\"1\" data-image-meta=\"{&quot;aperture&quot;:&quot;0&quot;,&quot;credit&quot;:&quot;&quot;,&quot;camera&quot;:&quot;&quot;,&quot;caption&quot;:&quot;&quot;,&quot;created_timestamp&quot;:&quot;0&quot;,&quot;copyright&quot;:&quot;&quot;,&quot;focal_length&quot;:&quot;0&quot;,&quot;iso&quot;:&quot;0&quot;,&quot;shutter_speed&quot;:&quot;0&quot;,&quot;title&quot;:&quot;&quot;,&quot;orientation&quot;:&quot;0&quot;}\" data-image-title=\"20220209-0928355000\" data-image-description=\"\" data-image-caption=\"\" data-large-file=\"https:\/\/i0.wp.com\/tinnunculus.sy-sy.cz\/wp-content\/uploads\/2022\/02\/20220209-0928355000.jpg?fit=525%2C328&amp;ssl=1\" class=\"aligncenter wp-image-17724 size-large\" src=\"https:\/\/i0.wp.com\/tinnunculus.sy-sy.cz\/wp-content\/uploads\/2022\/02\/20220209-0928355000.jpg?resize=525%2C328&#038;ssl=1\" alt=\"\" width=\"525\" height=\"328\" srcset=\"https:\/\/i0.wp.com\/tinnunculus.sy-sy.cz\/wp-content\/uploads\/2022\/02\/20220209-0928355000.jpg?resize=1024%2C640&amp;ssl=1 1024w, https:\/\/i0.wp.com\/tinnunculus.sy-sy.cz\/wp-content\/uploads\/2022\/02\/20220209-0928355000.jpg?resize=300%2C188&amp;ssl=1 300w, https:\/\/i0.wp.com\/tinnunculus.sy-sy.cz\/wp-content\/uploads\/2022\/02\/20220209-0928355000.jpg?resize=768%2C480&amp;ssl=1 768w, https:\/\/i0.wp.com\/tinnunculus.sy-sy.cz\/wp-content\/uploads\/2022\/02\/20220209-0928355000.jpg?w=1280&amp;ssl=1 1280w\" sizes=\"auto, (max-width: 525px) 100vw, 525px\" \/><\/p>\n<p>Kdy\u017e se n\u00e1m ztratila pan\u00ed Po\u0161tolka, z\u016fst\u00e1v\u00e1 nyn\u00ed \u010dasto po\u0161tol\u010d\u00ed lod\u017eie nbez dozoru\u00a0 a&nbsp;drz\u00ed holubov\u00e9 si dovoluj\u00ed st\u00e1le v\u00edce a&nbsp;v\u00edce. Ny, lid\u00e9 dom\u00e1c\u00ed, s&nbsp;nimi mnoho nezm\u016f\u017eeme, ale na\u0161t\u011bst\u00ed je tu je\u0161t\u011b pan Po\u0161tolka, kter\u00fd je dok\u00e1\u017ee vyk\u00e1zat do pat\u0159i\u010dn\u00fdch mez\u00ed. <a href=\"https:\/\/tinnunculus.sy-sy.cz\/index.php\/2022\/02\/09\/sam-proti-presile\/#more-17718\" class=\"more-link\"><span aria-label=\"Pokra\u010dov\u00e1n\u00ed textu S\u00e1m proti p\u0159esile\">(Pokra\u010dov\u00e1n\u00ed textu&hellip;)<\/span><\/a><\/p>\n<\/div>\t<\/div>\r\n<\/div><\/div><\/div><\/div><\/div>\n<div class=\" pt-cv-pagination-wrapper\"><ul class=\"pt-cv-pagination pt-cv-normal pagination\" data-totalpages=\"18\" data-currentpage=\"1\" data-sid=\"7b454c7c09\" data-unid=\"\" data-isblock=\"\" data-postid=\"\"><li class=\"active\"><a href=\"#\">1<\/a><\/li>\n\t<li ><a class=\"\" href=\"https:\/\/tinnunculus.sy-sy.cz\/index.php\/wp-json\/wp\/v2\/pages\/20909\/?_page=2\">2<\/a><\/li>\n\t<li ><a class=\"\" href=\"https:\/\/tinnunculus.sy-sy.cz\/index.php\/wp-json\/wp\/v2\/pages\/20909\/?_page=3\">3<\/a><\/li>\n\t<li ><a href=\"#\">&hellip;<\/a><\/li>\n\t<li ><a class=\"\" href=\"https:\/\/tinnunculus.sy-sy.cz\/index.php\/wp-json\/wp\/v2\/pages\/20909\/?_page=18\">18<\/a><\/li>\n\t<li ><a class=\" \" href=\"https:\/\/tinnunculus.sy-sy.cz\/index.php\/wp-json\/wp\/v2\/pages\/20909\/?_page=2\">&rsaquo;<\/a><\/li>\n\t<\/ul><img loading=\"lazy\" decoding=\"async\" width=\"15\" height=\"15\" class=\"pt-cv-spinner\" alt=\"Loading...\" src=\"data:image\/gif;base64,R0lGODlhDwAPALMPAMrKygwMDJOTkz09PZWVla+vr3p6euTk5M7OzuXl5TMzMwAAAJmZmWZmZszMzP\/\/\/yH\/C05FVFNDQVBFMi4wAwEAAAAh+QQFCgAPACwAAAAADwAPAAAEQvDJaZaZOIcV8iQK8VRX4iTYoAwZ4iCYoAjZ4RxejhVNoT+mRGP4cyF4Pp0N98sBGIBMEMOotl6YZ3S61Bmbkm4mAgAh+QQFCgAPACwAAAAADQANAAAENPDJSRSZeA418itN8QiK8BiLITVsFiyBBIoYqnoewAD4xPw9iY4XLGYSjkQR4UAUD45DLwIAIfkEBQoADwAsAAAAAA8ACQAABC\/wyVlamTi3nSdgwFNdhEJgTJoNyoB9ISYoQmdjiZPcj7EYCAeCF1gEDo4Dz2eIAAAh+QQFCgAPACwCAAAADQANAAAEM\/DJBxiYeLKdX3IJZT1FU0iIg2RNKx3OkZVnZ98ToRD4MyiDnkAh6BkNC0MvsAj0kMpHBAAh+QQFCgAPACwGAAAACQAPAAAEMDC59KpFDll73HkAA2wVY5KgiK5b0RRoI6MuzG6EQqCDMlSGheEhUAgqgUUAFRySIgAh+QQFCgAPACwCAAIADQANAAAEM\/DJKZNLND\/kkKaHc3xk+QAMYDKsiaqmZCxGVjSFFCxB1vwy2oOgIDxuucxAMTAJFAJNBAAh+QQFCgAPACwAAAYADwAJAAAEMNAs86q1yaWwwv2Ig0jUZx3OYa4XoRAfwADXoAwfo1+CIjyFRuEho60aSNYlOPxEAAAh+QQFCgAPACwAAAIADQANAAAENPA9s4y8+IUVcqaWJ4qEQozSoAzoIyhCK2NFU2SJk0hNnyEOhKR2AzAAj4Pj4GE4W0bkJQIAOw==\" \/><div class=\"clear pt-cv-clear-pagination\"><\/div><\/div><\/div>\n<p>&nbsp;<\/p>\n<ul>\n<li><a href=\"https:\/\/tinnunculus.sy-sy.cz\/index.php\/deniky\/2022-2\/\">Den\u00edk 2022<\/a><\/li>\n<\/ul>\n","protected":false},"excerpt":{"rendered":"<p>&nbsp; Den\u00edk 2022<\/p>\n","protected":false},"author":2,"featured_media":0,"parent":16605,"menu_order":0,"comment_status":"closed","ping_status":"closed","template":"","meta":{"jetpack_post_was_ever_published":false,"footnotes":""},"categories":[],"tags":[],"class_list":["post-20909","page","type-page","status-publish","hentry"],"jetpack_shortlink":"https:\/\/wp.me\/P91gKE-5rf","jetpack-related-posts":[{"id":20898,"url":"https:\/\/tinnunculus.sy-sy.cz\/index.php\/deniky\/2007-2\/sezona-2007\/","url_meta":{"origin":20909,"position":0},"title":"Sez\u00f3na 2007","author":"Zuzana Syrov\u00e1 An\u00fd\u017eov\u00e1","date":"18\/03\/2023","format":false,"excerpt":"\u00a0 Den\u00edk 2007","rel":"","context":"V \u201eden\u00edk\u201c","block_context":{"text":"den\u00edk","link":"https:\/\/tinnunculus.sy-sy.cz\/index.php\/tag\/denik\/"},"img":{"alt_text":"","src":"","width":0,"height":0},"classes":[]},{"id":20929,"url":"https:\/\/tinnunculus.sy-sy.cz\/index.php\/deniky\/2021-2\/sezona-2021\/","url_meta":{"origin":20909,"position":1},"title":"Sez\u00f3na 2021","author":"Zuzana Syrov\u00e1 An\u00fd\u017eov\u00e1","date":"18\/03\/2023","format":false,"excerpt":"\u00a0 Den\u00edk 2021","rel":"","context":"Podobn\u00fd p\u0159\u00edsp\u011bvek","block_context":{"text":"Podobn\u00fd p\u0159\u00edsp\u011bvek","link":""},"img":{"alt_text":"","src":"","width":0,"height":0},"classes":[]},{"id":20932,"url":"https:\/\/tinnunculus.sy-sy.cz\/index.php\/deniky\/2020-2\/sezona-2020\/","url_meta":{"origin":20909,"position":2},"title":"Sez\u00f3na 2020","author":"Zuzana Syrov\u00e1 An\u00fd\u017eov\u00e1","date":"18\/03\/2023","format":false,"excerpt":"\u00a0 Den\u00edk 2020","rel":"","context":"Podobn\u00fd p\u0159\u00edsp\u011bvek","block_context":{"text":"Podobn\u00fd p\u0159\u00edsp\u011bvek","link":""},"img":{"alt_text":"","src":"","width":0,"height":0},"classes":[]},{"id":20936,"url":"https:\/\/tinnunculus.sy-sy.cz\/index.php\/deniky\/2019-2\/sezona-2019\/","url_meta":{"origin":20909,"position":3},"title":"Sez\u00f3na 2019","author":"Zuzana Syrov\u00e1 An\u00fd\u017eov\u00e1","date":"18\/03\/2023","format":false,"excerpt":"\u00a0 Den\u00edk 2019","rel":"","context":"Podobn\u00fd p\u0159\u00edsp\u011bvek","block_context":{"text":"Podobn\u00fd p\u0159\u00edsp\u011bvek","link":""},"img":{"alt_text":"","src":"","width":0,"height":0},"classes":[]},{"id":20940,"url":"https:\/\/tinnunculus.sy-sy.cz\/index.php\/deniky\/2018-2\/sezona-2018\/","url_meta":{"origin":20909,"position":4},"title":"Sez\u00f3na 2018","author":"Zuzana Syrov\u00e1 An\u00fd\u017eov\u00e1","date":"18\/03\/2023","format":false,"excerpt":"\u00a0 Den\u00edk 2018","rel":"","context":"Podobn\u00fd p\u0159\u00edsp\u011bvek","block_context":{"text":"Podobn\u00fd p\u0159\u00edsp\u011bvek","link":""},"img":{"alt_text":"","src":"","width":0,"height":0},"classes":[]},{"id":20943,"url":"https:\/\/tinnunculus.sy-sy.cz\/index.php\/deniky\/2017-2\/sezona-2017\/","url_meta":{"origin":20909,"position":5},"title":"Sez\u00f3na 2017","author":"Zuzana Syrov\u00e1 An\u00fd\u017eov\u00e1","date":"18\/03\/2023","format":false,"excerpt":"\u00a0 Den\u00edk 2017","rel":"","context":"Podobn\u00fd p\u0159\u00edsp\u011bvek","block_context":{"text":"Podobn\u00fd p\u0159\u00edsp\u011bvek","link":""},"img":{"alt_text":"","src":"","width":0,"height":0},"classes":[]}],"jetpack_sharing_enabled":true,"_links":{"self":[{"href":"https:\/\/tinnunculus.sy-sy.cz\/index.php\/wp-json\/wp\/v2\/pages\/20909","targetHints":{"allow":["GET"]}}],"collection":[{"href":"https:\/\/tinnunculus.sy-sy.cz\/index.php\/wp-json\/wp\/v2\/pages"}],"about":[{"href":"https:\/\/tinnunculus.sy-sy.cz\/index.php\/wp-json\/wp\/v2\/types\/page"}],"author":[{"embeddable":true,"href":"https:\/\/tinnunculus.sy-sy.cz\/index.php\/wp-json\/wp\/v2\/users\/2"}],"replies":[{"embeddable":true,"href":"https:\/\/tinnunculus.sy-sy.cz\/index.php\/wp-json\/wp\/v2\/comments?post=20909"}],"version-history":[{"count":1,"href":"https:\/\/tinnunculus.sy-sy.cz\/index.php\/wp-json\/wp\/v2\/pages\/20909\/revisions"}],"predecessor-version":[{"id":45371,"href":"https:\/\/tinnunculus.sy-sy.cz\/index.php\/wp-json\/wp\/v2\/pages\/20909\/revisions\/45371"}],"up":[{"embeddable":true,"href":"https:\/\/tinnunculus.sy-sy.cz\/index.php\/wp-json\/wp\/v2\/pages\/16605"}],"wp:attachment":[{"href":"https:\/\/tinnunculus.sy-sy.cz\/index.php\/wp-json\/wp\/v2\/media?parent=20909"}],"wp:term":[{"taxonomy":"category","embeddable":true,"href":"https:\/\/tinnunculus.sy-sy.cz\/index.php\/wp-json\/wp\/v2\/categories?post=20909"},{"taxonomy":"post_tag","embeddable":true,"href":"https:\/\/tinnunculus.sy-sy.cz\/index.php\/wp-json\/wp\/v2\/tags?post=20909"}],"curies":[{"name":"wp","href":"https:\/\/api.w.org\/{rel}","templated":true}]}}