{"id":19973,"date":"2022-08-13T22:21:13","date_gmt":"2022-08-13T20:21:13","guid":{"rendered":"https:\/\/tinnunculus.sy-sy.cz\/?page_id=19973"},"modified":"2025-12-14T23:35:41","modified_gmt":"2025-12-14T22:35:41","slug":"rorys-obecny-obecne","status":"publish","type":"page","link":"https:\/\/tinnunculus.sy-sy.cz\/index.php\/rorys-obecny-obecne\/","title":{"rendered":"Ror\u00fds obecn\u00fd | obecn\u011b"},"content":{"rendered":"<p><strong>V\u011bdeck\u00fd n\u00e1zev<\/strong> | <em>Apus apus<\/em> <span class=\"c1\"> Linnaeus, 1758 \u00a0&#8211; ror\u00fds obecn\u00fd<\/span><br \/>\n<strong class=\"nadpisPolozky\">Taxonomick\u00e9 za\u0159azen\u00ed<\/strong> | \u0159\u00ed\u0161e <span class=\"c1\">Animalia <\/span> \/ kmen <span class=\"c1\">Chordata <\/span> \/ t\u0159\u00edda <span class=\"c1\">Aves <\/span> \/ \u0159\u00e1d <span class=\"c1\">Apodiformes\u00a0<\/span> \/ \u010dele\u010f <span class=\"c1\">Apodidae \/ rod Apus<\/span><\/p>\n<blockquote class=\"alignleft\"><p>anglicky: <a href=\"https:\/\/en.wikipedia.org\/wiki\/Common_swift\" target=\"_blank\" rel=\"noopener\">Common Swift<\/a> | b\u011blorusky: <a href=\"https:\/\/be.wikipedia.org\/wiki\/%D0%A7%D0%BE%D1%80%D0%BD%D1%8B_%D1%81%D0%B2%D1%96%D1%80%D0%B3%D1%83%D0%BB%D1%8C\" target=\"_blank\" rel=\"noopener\">\u0427\u043e\u0440\u043d\u044b \u0441\u0432\u0456\u0440\u0433\u0443\u043b\u044c<\/a>\u00a0| bulharsky: <a href=\"https:\/\/bg.wikipedia.org\/wiki\/%D0%A7%D0%B5%D1%80%D0%B5%D0%BD_%D0%B1%D1%8A%D1%80%D0%B7%D0%BE%D0%BB%D0%B5%D1%82\" target=\"_blank\" rel=\"noopener\">\u0427\u0435\u0440\u0435\u043d \u0431\u044a\u0440\u0437\u043e\u043b\u0435\u0442<\/a> | \u010desky: <a href=\"https:\/\/cs.wikipedia.org\/wiki\/Ror%C3%BDs_obecn%C3%BD\" target=\"_blank\" rel=\"noopener\">Ror\u00fds obecn\u00fd<\/a> | d\u00e1nsky: <a href=\"https:\/\/da.wikipedia.org\/wiki\/Mursejler\" target=\"_blank\" rel=\"noopener\">Mursejler<\/a> | finsky: <a href=\"https:\/\/fi.wikipedia.org\/wiki\/Tervap%C3%A4%C3%A4sky\" target=\"_blank\" rel=\"noopener\">Tervap\u00e4\u00e4sky<\/a>\u00a0| francouzsky: <a href=\"https:\/\/fr.wikipedia.org\/wiki\/Martinet_noir\" target=\"_blank\" rel=\"noopener\">Martinet noir<\/a> | holandsky: <a href=\"https:\/\/nl.wikipedia.org\/wiki\/Gierzwaluw\" target=\"_blank\" rel=\"noopener\">Gierzwaluw<\/a>\u00a0 | italsky: <a href=\"https:\/\/it.wikipedia.org\/wiki\/Apus_apus\" target=\"_blank\" rel=\"noopener\">Rondone &#8211; Apus apus<\/a> | ma\u010farsky: <a href=\"https:\/\/hu.wikipedia.org\/wiki\/Sarl%C3%B3sfecske\" target=\"_blank\" rel=\"noopener\">Sarl\u00f3sfecske<\/a> | n\u011bmecky: <a href=\"https:\/\/de.wikipedia.org\/wiki\/Mauersegler\" target=\"_blank\" rel=\"noopener\">Mauersegler<\/a> | norsky: <a href=\"https:\/\/nn.wikipedia.org\/wiki\/T%C3%A5rnseglar\" target=\"_blank\" rel=\"noopener\">T\u00e5rnseglar\u00a0<\/a>| polsky:<a href=\"https:\/\/pl.wikipedia.org\/wiki\/Jerzyk_zwyczajny\" target=\"_blank\" rel=\"noopener\"> Jerzyk zwyczajny<\/a> |\u00a0 portugalsky: <a href=\"https:\/\/pt.wikipedia.org\/wiki\/Andorinh%C3%A3o-preto\" target=\"_blank\" rel=\"noopener\">Andorinh\u00e3o-preto<\/a> | rumunsky: <a href=\"https:\/\/ro.wikipedia.org\/wiki\/Drepnea_neagr%C4%83\" target=\"_blank\" rel=\"noopener\">Drepnea neagr\u0103<\/a> | rusky: <a href=\"https:\/\/ru.wikipedia.org\/wiki\/%D0%A7%D1%91%D1%80%D0%BD%D1%8B%D0%B9_%D1%81%D1%82%D1%80%D0%B8%D0%B6\" target=\"_blank\" rel=\"noopener\">\u0427\u0451\u0440\u043d\u044b\u0439 \u0441\u0442\u0440\u0438\u0436<\/a> | \u0159ecky: <a href=\"https:\/\/el.wikipedia.org\/wiki\/%CE%9C%CE%B1%CF%85%CF%81%CE%BF%CF%83%CF%84%CE%B1%CF%87%CF%84%CE%AC%CF%81%CE%B1\" target=\"_blank\" rel=\"noopener\">\u039c\u03b1\u03c5\u03c1\u03bf\u03c3\u03c4\u03b1\u03c7\u03c4\u03ac\u03c1\u03b1<\/a> | slovensky: <a href=\"https:\/\/sk.wikipedia.org\/wiki\/D%C3%A1%C5%BE%C4%8Fovn%C3%ADk_oby%C4%8Dajn%C3%BD\" target=\"_blank\" rel=\"noopener\">D\u00e1\u017e\u010fovn\u00edk oby\u010dajn\u00fd<\/a> | srbsky: <a href=\"https:\/\/sr.wikipedia.org\/wiki\/%D0%A6%D1%80%D0%BD%D0%B0_%D1%87%D0%B8%D0%BE%D0%BF%D0%B0\" target=\"_blank\" rel=\"noopener\">\u0426\u0440\u043d\u0430 \u0447\u0438\u043e\u043f\u0430<\/a> | \u0161pan\u011blsky: <a href=\"https:\/\/es.wikipedia.org\/wiki\/Apus_apus\" target=\"_blank\" rel=\"noopener\">Vencejo com\u00fan<\/a> | \u0161v\u00e9dsky: <a href=\"https:\/\/sv.wikipedia.org\/wiki\/Tornseglare\" target=\"_blank\" rel=\"noopener\">Tornseglare<\/a> | turecky: <a href=\"https:\/\/tr.wikipedia.org\/wiki\/Ebabil\" target=\"_blank\" rel=\"noopener\">Ebabil\u00a0<\/a>| ukrajinsky: <a href=\"https:\/\/uk.wikipedia.org\/wiki\/%D0%A1%D0%B5%D1%80%D0%BF%D0%BE%D0%BA%D1%80%D0%B8%D0%BB%D0%B5%D1%86%D1%8C_%D1%87%D0%BE%D1%80%D0%BD%D0%B8%D0%B9\" target=\"_blank\" rel=\"noopener\">\u0421\u0435\u0440\u043f\u043e\u043a\u0440\u0438\u043b\u0435\u0446\u044c \u0447\u043e\u0440\u043d\u0438\u0439<\/a><\/p><\/blockquote>\n<blockquote><p><img data-recalc-dims=\"1\" loading=\"lazy\" decoding=\"async\" data-attachment-id=\"19975\" data-permalink=\"https:\/\/tinnunculus.sy-sy.cz\/index.php\/rorys-obecny-obecne\/2022-07-19-1232167234u\/\" data-orig-file=\"https:\/\/i0.wp.com\/tinnunculus.sy-sy.cz\/wp-content\/uploads\/2022\/08\/2022-07-19-1232167234u-e1660421995924.jpg?fit=622%2C349&amp;ssl=1\" data-orig-size=\"622,349\" data-comments-opened=\"1\" data-image-meta=\"{&quot;aperture&quot;:&quot;0&quot;,&quot;credit&quot;:&quot;&quot;,&quot;camera&quot;:&quot;&quot;,&quot;caption&quot;:&quot;&quot;,&quot;created_timestamp&quot;:&quot;0&quot;,&quot;copyright&quot;:&quot;&quot;,&quot;focal_length&quot;:&quot;0&quot;,&quot;iso&quot;:&quot;0&quot;,&quot;shutter_speed&quot;:&quot;0&quot;,&quot;title&quot;:&quot;&quot;,&quot;orientation&quot;:&quot;1&quot;}\" data-image-title=\"2022-07-19-1232167234u\" data-image-description=\"\" data-image-caption=\"\" data-large-file=\"https:\/\/i0.wp.com\/tinnunculus.sy-sy.cz\/wp-content\/uploads\/2022\/08\/2022-07-19-1232167234u-e1660421995924.jpg?fit=525%2C295&amp;ssl=1\" class=\"alignnone wp-image-19975\" src=\"https:\/\/i0.wp.com\/tinnunculus.sy-sy.cz\/wp-content\/uploads\/2022\/08\/2022-07-19-1232167234u.jpg?resize=525%2C294&#038;ssl=1\" alt=\"\" width=\"525\" height=\"294\" \/><\/p><\/blockquote>\n<p><strong>Vzhled<\/strong> | Ror\u00fds je tmav\u00fd hn\u011bdo\u0161ed\u00fd (zd\u00e1nliv\u011b \u010dern\u00fd) pt\u00e1k o&nbsp;m\u00e1lo v\u011bt\u0161\u00ed ne\u017e vla\u0161tovka s&nbsp;kr\u00e1tk\u00fdm vykrojen\u00fdm ocasem, dlouh\u00fdmi srpovit\u00fdmi k\u0159\u00eddly a&nbsp;zakrn\u011bl\u00fdmi kon\u010detinami. Slo\u017een\u00e1 k\u0159\u00eddla p\u0159esahuj\u00ed o&nbsp;n\u011bkolik centimetr\u016f ocas.. Tmav\u00e9 zbarven\u00ed cel\u00e9ho t\u011bla naru\u0161uje jen sv\u011btl\u00e9 hrdlo, mlad\u00ed pt\u00e1ci maj\u00ed je\u0161t\u011b sv\u011btl\u00e9 \u010delo a&nbsp;tence sv\u011btle lemovan\u00e9 k\u0159\u00eddeln\u00ed krovky. Rozd\u00edl mezi samcem a&nbsp;samic\u00ed nelze rozeznat, ob\u011b pohlav\u00ed jsou stejn\u011b zbarvena a&nbsp;neli\u0161\u00ed se ani velikost\u00ed.<br \/>\n<strong>Hmotnost<\/strong> | pr\u016fm\u011brn\u011b 42 g (35 \u2013 56 g)<br \/>\n<strong>D\u00e9lka\u00a0<\/strong>| 16 \u2013 17 cm<br \/>\n<strong>Rozp\u011bt\u00ed k\u0159\u00eddel<\/strong> | 38 \u2013 40 cm<br \/>\n<strong>St\u00e1\u0159\u00ed<\/strong> | pr\u016fm\u011brn\u011b 7 let; nejvy\u0161\u0161\u00ed v\u011bk krou\u017ekovan\u00e9ho pt\u00e1ka 21 let.<br \/>\n<strong>Roz\u0161\u00ed\u0159en\u00ed <\/strong>| hn\u00edzd\u00ed t\u00e9m\u011b\u0159 v&nbsp;cel\u00e9 Evrop\u011b, v&nbsp;severn\u00ed Africe a&nbsp;na rozs\u00e1hl\u00e9m \u00fazem\u00ed Asie.\u00a0 Zimuje v&nbsp;Africe, ji\u017en\u011b od rovn\u00edku.<br \/>\n<a href=\"https:\/\/portal.nature.cz\/w\/druh-1015#\/\" target=\"_blank\" rel=\"noopener\">V\u00fdskyt druhu Apus apus v&nbsp;jednotliv\u00fdch period\u00e1ch podle z\u00e1znam\u016f v&nbsp;N\u00e1lezov\u00e9 datab\u00e1zi ochrany p\u0159\u00edrody (AOPK)<\/a><strong><br \/>\nProst\u0159ed\u00ed<\/strong> |\u00a0 u\u00a0n\u00e1s se hojn\u011b vyskytuje od n\u00ed\u017ein a\u017e do hor a&nbsp;hn\u00edzd\u00ed na staven\u00edch i&nbsp;nad horn\u00ed hranic\u00ed lesa, v&nbsp;Krkono\u0161\u00edch dokonce a\u017e na h\u0159ebenech do 1&nbsp;310&nbsp;m n. m., v&nbsp;ostatn\u00edch na\u0161ich hor\u00e1ch le\u017e\u00ed nejvy\u0161\u0161\u00ed hn\u00edzdi\u0161t\u011b mezi 800\u2013950&nbsp;m nadmo\u0159sk\u00e9 v\u00fd\u0161ky. Nad h\u0159ebeny v\u0161ech \u010desk\u00fdch poho\u0159\u00ed pravideln\u011b zaletuje p\u0159i&nbsp;lovu. Po\u010detnost je nejvy\u0161\u0161\u00ed v&nbsp;lidsk\u00fdch s\u00eddlech, zejm\u00e9na ve velk\u00fdch m\u011bstech, kde lov\u00ed jak pobl\u00ed\u017e koloni\u00ed, tak daleko v&nbsp;okol\u00ed.\u00a0<strong><br \/>\nTah a&nbsp;zimov\u00e1n\u00ed<\/strong> | p\u0159\u00edsn\u011b ta\u017en\u00fd druh; zimuje v&nbsp;tropick\u00e9 Africe, kam odl\u00e9t\u00e1 ihned po&nbsp;vyveden\u00ed ml\u00e1\u010fat na konci \u010dervence. Tah m\u00e1 hromadn\u00fd charakter, tak\u017ee z&nbsp;ur\u010dit\u00e9 lokality skoro v\u0161ichni ror\u00fdsi odlet\u00ed najednou. Ze zimovi\u0161\u0165 se k&nbsp;n\u00e1m vrac\u00ed na p\u0159elomu dubna a&nbsp;kv\u011btna.<br \/>\n<strong>Chov\u00e1n\u00ed<\/strong> | ror\u00fdsi jsou extr\u00e9mn\u00ed letov\u00ed specialist\u00e9. V\u0161e prov\u00e1d\u00ed v&nbsp;letu \u2013 lov\u00ed potravu, pij\u00ed, obstar\u00e1vaj\u00ed materi\u00e1l ke stavb\u011b hn\u00edzda, ale tak\u00e9 se za letu p\u00e1\u0159\u00ed. I&nbsp;sp\u00e1nek prov\u00e1d\u00ed v&nbsp;letu \u2013 vystoupaj\u00ed do v\u00fd\u0161ky p\u0159es 1 km, polovina mozku jim \u201eusne\u201c a&nbsp;oni zvolna krou\u017e\u00ed a&nbsp;klesaj\u00ed, \u010das od \u010dasu se \u201evzbud\u00ed\u201c, povyl\u00e9tnou a&nbsp;pokra\u010duj\u00ed v&nbsp;odpo\u010dinku.<br \/>\nRor\u00fdsi nikdy sami nesedaj\u00ed na zem (ze zem\u011b sami nedok\u00e1\u017e\u00ed vzl\u00e9tnout) ani na dr\u00e1ty jako vla\u0161tovky, jen se n\u011bkdy dr\u017e\u00ed na svisl\u00fdch st\u011bn\u00e1ch (to d\u011blaj\u00ed i&nbsp;ji\u0159i\u010dky).<br \/>\nRor\u00fdsi jsou pt\u00e1ci spole\u010den\u0161t\u00ed, skupinky jednotliv\u00fdch p\u00e1r\u016f, kter\u00e9 mohou b\u00fdt doprov\u00e1zen\u00e9 nehn\u00edzd\u00edc\u00edmi pt\u00e1ky, mohou \u010d\u00edtat i&nbsp;n\u011bkolik des\u00edtek jedinc\u016f.\u00a0 Rychl\u00fd let skupinek ror\u00fds\u016f doprov\u00e1z\u00ed vysok\u00e9 a&nbsp;hlasit\u00e9 p\u00edsk\u00e1n\u00ed.<br \/>\n<strong>Potrava<\/strong> | tzv.&nbsp;vzdu\u0161n\u00fd plankton, tj.&nbsp;l\u00e9taj\u00edc\u00ed hmyz a&nbsp;dal\u0161\u00ed vzduchem un\u00e1\u0161en\u00ed \u010dlenovci. Rodi\u010de krm\u00edc\u00ed ml\u00e1\u010fata ulov\u00ed p\u0159ibli\u017en\u011b 50 g potravy denn\u011b.<br \/>\n<strong>Hn\u00edzd\u011bn\u00ed<\/strong> | hn\u00edzd\u00ed jednou ro\u010dn\u011b od kv\u011btna do konce \u010dervence.<br \/>\n<strong>Tok<\/strong> | st\u0159emhlav\u00e9 lety skupinek ror\u00fds\u016f doprov\u00e1zen\u00e9 charakteristick\u00fdm k\u0159ikem jsou nezbytnou sou\u010d\u00e1st\u00ed toku, slou\u017e\u00ed ale tak\u00e9 v&nbsp;pr\u016fb\u011bhu hn\u00edzd\u011bn\u00ed jako prvek posiluj\u00edc\u00ed vazbu partner\u016f v&nbsp;p\u00e1ru. Same\u010dek a&nbsp;sami\u010dka let\u00ed v&nbsp;t\u011bsn\u00e9 bl\u00edzkosti jeden od druh\u00e9ho, pop\u0159\u00edpad\u011b se navz\u00e1jem v&nbsp;t\u011bsn\u00e9m z\u00e1v\u011bsu pron\u00e1sleduj\u00ed. B\u011bhem t\u011bchto hon\u00edc\u00edch let\u016f oba pt\u00e1ci hlasit\u011b p\u00edskaj\u00ed v&nbsp;synchronizovan\u00e9m duetu, kter\u00e9 se navenek sl\u00e9v\u00e1 do jednoho hlasu.<br \/>\n<strong>Hn\u00edzdi\u0161t\u011b<\/strong> | p\u016fvodn\u011b byl ror\u00fds obyvatelem skal a&nbsp;stromov\u00fdch dutin, dnes \u017eije t\u00e9m\u011b\u0159 v\u00fdhradn\u011b ve m\u011bstech, kde hn\u00edzd\u00ed pod krovy a&nbsp;ve \u0161t\u011brbin\u00e1ch a&nbsp;dutin\u00e1ch staveb, p\u0159\u00edpadn\u011b budk\u00e1ch. Hn\u00edzdo ror\u00fds\u016f je mal\u00e1 a&nbsp;ploch\u00e1 stavba z&nbsp;r\u016fzn\u00fdch st\u00e9bel, p\u00edrek, \u017e\u00edn\u00ed \u010di&nbsp;podobn\u00e9ho materi\u00e1lu nasb\u00edran\u00e9ho za letu, kter\u00fd je slepov\u00e1n na vzduchu tuhnouc\u00edmi v\u00fdm\u011b\u0161ky slinn\u00fdch \u017el\u00e1z.<br \/>\n<strong>Sn\u016f\u0161ka<\/strong> | 2 \u2013 4 vejce o&nbsp;hmotnosti 3,5 g, b\u00edle zbarven\u00e1.<br \/>\n<strong>Inkubace<\/strong> | na sn\u016f\u0161ce sed\u00ed oba rodi\u010de 19 \u2013 20&nbsp;dn\u00ed; v\u00fdjime\u010dn\u011b p\u0159i&nbsp;\u0161patn\u00e9m po\u010das\u00ed o&nbsp;n\u011bkolik dn\u00ed d\u00e9le.<br \/>\n<strong>Hn\u00edzdn\u00ed p\u00e9\u010de<\/strong> | ml\u00e1\u010fata se l\u00edhnou hol\u00e1. Ml\u00e1\u010fata jsou krmena ob\u011bma rodi\u010di, kte\u0159\u00ed jim p\u0159in\u00e1\u0161ej\u00ed potravu v&nbsp;podob\u011b mal\u00fdch kuli\u010dek slepen\u00fdch z&nbsp;drobn\u00e9ho hmyzu.\u00a0 Rychlost jejich r\u016fstu je do zna\u010dn\u00e9 m\u00edry z\u00e1visl\u00e1 na po\u010das\u00ed. Pokud se zhor\u0161\u00ed po\u010das\u00ed a&nbsp;klesne potravn\u00ed nab\u00eddka, ml\u00e1\u010fata sn\u00ed\u017e\u00ed sv\u016fj metabolismus a&nbsp;zastav\u00ed sv\u016fj v\u00fdvoj. Jejich rodi\u010de se zdr\u017euj\u00ed na hn\u00edzd\u011b a&nbsp;hn\u00edzd\u011bn\u00ed se pak m\u016f\u017ee i&nbsp;o&nbsp;p\u00e1r t\u00fddn\u016f prot\u00e1hnout. Ml\u00e1\u010fata opou\u0161t\u011bj\u00ed hn\u00edzdo, kdy\u017e jsou jejich k\u0159\u00eddla 16 cm dlouh\u00e1 (tj.&nbsp;ve v\u011bku 40 \u2013 45 dn\u00ed, p\u0159i&nbsp;\u0161patn\u00e9m po\u010das\u00ed a\u017e 57&nbsp;dn\u00ed).\u00a0 Jakmile za\u010d\u00e1tkem srpna vylet\u00ed z&nbsp;hn\u00edzd, jsou ji\u017e dob\u0159e p\u0159ipravena na st\u00e1l\u00fd pobyt ve vzduchu a&nbsp;cel\u00e9 ror\u00fds\u00ed spole\u010denstv\u00ed se vyd\u00e1 zp\u00e1tky do ji\u017en\u00ed Afriky.<br \/>\n<strong>Dosp\u011blost<\/strong> | koncem 2.&nbsp;roku \u017eivota. Hn\u00edzdit za\u010d\u00ednaj\u00ed a\u017e ve t\u0159et\u00edm roce, kdy se v\u011bt\u0161ina vr\u00e1t\u00ed do rodi\u0161t\u011b a&nbsp;jeho \u0161ir\u0161\u00edho okol\u00ed (na\u0161i pt\u00e1ci asi do 100 km od m\u00edsta<br \/>\nvyl\u00edhnut\u00ed).<\/p>\n<p>&nbsp;<\/p>\n<ul>\n<li><a href=\"https:\/\/tinnunculus.sy-sy.cz\/index.php\/odkazy\/o-rorysech\/\">Odkazy<\/a><\/li>\n<li>Souvisej\u00edc\u00ed p\u0159\u00edsp\u011bvky:\n<ul>\n<li><a href=\"https:\/\/tinnunculus.sy-sy.cz\/index.php\/2015\/04\/04\/o-rorysech\/\">O ror\u00fdsech<\/a><\/li>\n<\/ul>\n<\/li>\n<\/ul>\n<p>&nbsp;<\/p>\n<p>Aktualizov\u00e1no: <span class=\"last-modified-timestamp\">14\/12\/2025 23:35<\/span><\/p>\n","protected":false},"excerpt":{"rendered":"<p>V\u011bdeck\u00fd n\u00e1zev | Apus apus Linnaeus, 1758 \u00a0&#8211; ror\u00fds obecn\u00fd Taxonomick\u00e9 za\u0159azen\u00ed | \u0159\u00ed\u0161e Animalia \/ kmen Chordata \/ t\u0159\u00edda Aves \/ \u0159\u00e1d Apodiformes\u00a0 \/ \u010dele\u010f Apodidae \/ rod Apus anglicky: Common Swift | b\u011blorusky: \u0427\u043e\u0440\u043d\u044b \u0441\u0432\u0456\u0440\u0433\u0443\u043b\u044c\u00a0| bulharsky: \u0427\u0435\u0440\u0435\u043d \u0431\u044a\u0440\u0437\u043e\u043b\u0435\u0442 | \u010desky: Ror\u00fds obecn\u00fd | d\u00e1nsky: Mursejler | finsky: Tervap\u00e4\u00e4sky\u00a0| francouzsky: Martinet noir | holandsky: &hellip; <\/p>\n<p class=\"link-more\"><a href=\"https:\/\/tinnunculus.sy-sy.cz\/index.php\/rorys-obecny-obecne\/\" class=\"more-link\">Pokra\u010dovat ve \u010dten\u00ed<span class=\"screen-reader-text\"> &#8222;Ror\u00fds obecn\u00fd | obecn\u011b&#8220;<\/span><\/a><\/p>\n","protected":false},"author":2,"featured_media":0,"parent":0,"menu_order":6,"comment_status":"closed","ping_status":"closed","template":"","meta":{"jetpack_post_was_ever_published":false,"footnotes":""},"categories":[],"tags":[],"class_list":["post-19973","page","type-page","status-publish","hentry"],"jetpack_shortlink":"https:\/\/wp.me\/P91gKE-5c9","jetpack-related-posts":[{"id":2210,"url":"https:\/\/tinnunculus.sy-sy.cz\/index.php\/odkazy\/o-rorysech\/","url_meta":{"origin":19973,"position":0},"title":"Odkazy: Ror\u00fds obecn\u00fd","author":"Zuzana Syrov\u00e1 An\u00fd\u017eov\u00e1","date":"15\/10\/2017","format":false,"excerpt":"V \u010de\u0161tin\u011b \u00a6 \u010de\u0161tina: Avibase: Ror\u00fds obecn\u00fd Apus apus (Linnaeus, 1758) Ror\u00fds obecn\u00fd na Wikipedii Ror\u00fdsi na FB \u010cesk\u00e1 spole\u010dnost ornitologick\u00e1: Pt\u00e1k roku 2004 Pt\u00e1k roku 2004 (bro\u017eura \u010cSO) Rorysi.cz (web \u010cSO) P\u0159\u00e1tel\u00e9 ror\u00fds\u016f \u010cesk\u00fd rozhlas : Hlas pro tento den \u010cesk\u00fd rozhlas: T\u011b\u017ek\u00fd \u017eivot ror\u00fdse 1. \u010d\u00e1st, 2. \u010d\u00e1st\u2026","rel":"","context":"Podobn\u00fd p\u0159\u00edsp\u011bvek","block_context":{"text":"Podobn\u00fd p\u0159\u00edsp\u011bvek","link":""},"img":{"alt_text":"","src":"","width":0,"height":0},"classes":[]},{"id":1937,"url":"https:\/\/tinnunculus.sy-sy.cz\/index.php\/v-primem-prenosu-odjinud\/apus-apus-online\/","url_meta":{"origin":19973,"position":1},"title":"Apus apus online","author":"Zuzana Syrov\u00e1 An\u00fd\u017eov\u00e1","date":"14\/08\/2017","format":false,"excerpt":"Aktualizov\u00e1no Pou\u017eit\u00e9 zkratky: on+ kamera on-line on- kamera on-line, ale sn\u00edm\u00e1 jin\u00fd druh pt\u00e1k\u016f off\u00a0 kamera off-line V tabulce se uv\u00e1d\u00ed posledn\u00ed rok, v n\u011bm\u017e ror\u00fdsi v dan\u00e9 lokalit\u011b \u00fasp\u011b\u0161n\u011b \u010di ne\u00fasp\u011b\u0161n\u011b hn\u00edzdili. K\u00f3dy zemi \u00a6 Country codes odkazy: View nesting birds: common swift Webcams gierzwaluwen","rel":"","context":"V \u201e\"Na\u0161i\" ror\u00fdsi\u201c","block_context":{"text":"\"Na\u0161i\" ror\u00fdsi","link":"https:\/\/tinnunculus.sy-sy.cz\/index.php\/category\/nasi\/nasi-rorysi\/"},"img":{"alt_text":"","src":"","width":0,"height":0},"classes":[]},{"id":1928,"url":"https:\/\/tinnunculus.sy-sy.cz\/index.php\/odkazy\/","url_meta":{"origin":19973,"position":2},"title":"Odkazy","author":"Zuzana Syrov\u00e1 An\u00fd\u017eov\u00e1","date":"14\/08\/2017","format":false,"excerpt":"Hrabo\u0161 poln\u00ed (Microtus arvalis) My\u0161 dom\u00e1c\u00ed (Mus musculus) Po\u0161tolka obecn\u00e1 (Falco tinnunculus) Ror\u00fds obecn\u00fd (Apus apus) Faunistick\u00e1 datab\u00e1ze \u010cSO: Po\u0161tolka obecn\u00e1 (Falco tinnunclus) in Avif Ror\u00fds obecn\u00fd (Apus apus) in Avif P\u0159\u00edm\u00e9 p\u0159enosy: Po\u0161tolka obecn\u00e1 (Falco tinnunculus) online Ror\u00fds obecn\u00fd (Apus apus) online Dal\u0161\u00ed druhy pt\u00e1k\u016f online: View Nesting Birds\u2026","rel":"","context":"Podobn\u00fd p\u0159\u00edsp\u011bvek","block_context":{"text":"Podobn\u00fd p\u0159\u00edsp\u011bvek","link":""},"img":{"alt_text":"","src":"","width":0,"height":0},"classes":[]},{"id":9664,"url":"https:\/\/tinnunculus.sy-sy.cz\/index.php\/odkazy\/o-rorysech\/apus-apus-in-avif\/","url_meta":{"origin":19973,"position":3},"title":"Apus apus in Avif","author":"Zuzana Syrov\u00e1 An\u00fd\u017eov\u00e1","date":"23\/11\/2019","format":false,"excerpt":"pozorov\u00e1n\u00ed ror\u00fdse obecn\u00e9ho ve faunistick\u00e9 datab\u00e1zi \u010cSO: \u00a0 Kliknut\u00edm na z\u00e1znam se dostanete na jeho detail na avif.birdlife.cz, kde m\u00e1te mo\u017enost dal\u0161\u00edho podrobn\u011bj\u0161\u00edho vyhled\u00e1v\u00e1n\u00ed. \ufeff O faunistick\u00e9 datab\u00e1zi avif.birds.cz O ror\u00fdsovi: Vyhled\u00e1v\u00e1n\u00ed a vkl\u00e1d\u00e1n\u00ed hn\u00edzdi\u0161\u0165","rel":"","context":"Podobn\u00fd p\u0159\u00edsp\u011bvek","block_context":{"text":"Podobn\u00fd p\u0159\u00edsp\u011bvek","link":""},"img":{"alt_text":"","src":"","width":0,"height":0},"classes":[]},{"id":2888,"url":"https:\/\/tinnunculus.sy-sy.cz\/index.php\/v-primem-prenosu-odjinud\/","url_meta":{"origin":19973,"position":4},"title":"V p\u0159\u00edm\u00e9m p\u0159enosu odjinud","author":"Zuzana Syrov\u00e1 An\u00fd\u017eov\u00e1","date":"12\/01\/2018","format":false,"excerpt":"Po\u0161tolka obecn\u00e1 (Falco tinnunculus) online Ror\u00fds obecn\u00fd (Apus apus) online Dal\u0161\u00ed druhy pt\u00e1k\u016f online: View Nesting Birds (Bird\u00a0Cams)","rel":"","context":"Podobn\u00fd p\u0159\u00edsp\u011bvek","block_context":{"text":"Podobn\u00fd p\u0159\u00edsp\u011bvek","link":""},"img":{"alt_text":"","src":"","width":0,"height":0},"classes":[]},{"id":46712,"url":"https:\/\/tinnunculus.sy-sy.cz\/index.php\/v-primem-prenosu\/zive-vysilani-youtube\/apus-apus-brunensis\/","url_meta":{"origin":19973,"position":5},"title":"Apus apus brunensis","author":"Zuzana Syrov\u00e1 An\u00fd\u017eov\u00e1","date":"12\/03\/2026","format":false,"excerpt":"Permalinks: https:\/\/camstreamer.com\/redirect\/aQ5q2ii4Y7Fnl8YL00vOwCnqJTWmITdUXETNJJ4J https:\/\/camstreamer.com\/redirect\/86o0gPUVvKlp0Z1n2hrui3NHx2D9RVGzrbFYqPHE FALCO TINNUNCULUS BRUNENSIS \u2194 APUS APUS BRUNENSIS","rel":"","context":"Podobn\u00fd p\u0159\u00edsp\u011bvek","block_context":{"text":"Podobn\u00fd p\u0159\u00edsp\u011bvek","link":""},"img":{"alt_text":"","src":"","width":0,"height":0},"classes":[]}],"jetpack_sharing_enabled":true,"_links":{"self":[{"href":"https:\/\/tinnunculus.sy-sy.cz\/index.php\/wp-json\/wp\/v2\/pages\/19973","targetHints":{"allow":["GET"]}}],"collection":[{"href":"https:\/\/tinnunculus.sy-sy.cz\/index.php\/wp-json\/wp\/v2\/pages"}],"about":[{"href":"https:\/\/tinnunculus.sy-sy.cz\/index.php\/wp-json\/wp\/v2\/types\/page"}],"author":[{"embeddable":true,"href":"https:\/\/tinnunculus.sy-sy.cz\/index.php\/wp-json\/wp\/v2\/users\/2"}],"replies":[{"embeddable":true,"href":"https:\/\/tinnunculus.sy-sy.cz\/index.php\/wp-json\/wp\/v2\/comments?post=19973"}],"version-history":[{"count":2,"href":"https:\/\/tinnunculus.sy-sy.cz\/index.php\/wp-json\/wp\/v2\/pages\/19973\/revisions"}],"predecessor-version":[{"id":40142,"href":"https:\/\/tinnunculus.sy-sy.cz\/index.php\/wp-json\/wp\/v2\/pages\/19973\/revisions\/40142"}],"wp:attachment":[{"href":"https:\/\/tinnunculus.sy-sy.cz\/index.php\/wp-json\/wp\/v2\/media?parent=19973"}],"wp:term":[{"taxonomy":"category","embeddable":true,"href":"https:\/\/tinnunculus.sy-sy.cz\/index.php\/wp-json\/wp\/v2\/categories?post=19973"},{"taxonomy":"post_tag","embeddable":true,"href":"https:\/\/tinnunculus.sy-sy.cz\/index.php\/wp-json\/wp\/v2\/tags?post=19973"}],"curies":[{"name":"wp","href":"https:\/\/api.w.org\/{rel}","templated":true}]}}