{"id":19655,"date":"2022-08-06T17:29:54","date_gmt":"2022-08-06T15:29:54","guid":{"rendered":"https:\/\/tinnunculus.sy-sy.cz\/?page_id=19655"},"modified":"2026-03-21T14:33:55","modified_gmt":"2026-03-21T13:33:55","slug":"camera-11","status":"publish","type":"page","link":"https:\/\/tinnunculus.sy-sy.cz\/index.php\/en\/online\/our-webcams\/camera-list\/camera-11\/","title":{"rendered":"Camera 11"},"content":{"rendered":"<div class=\"members-access-error\">\n<h5><img data-recalc-dims=\"1\" class=\"wp-image-11619 size-large alignnone\" src=\"https:\/\/i0.wp.com\/tinnunculus.sy-sy.cz\/wp-content\/uploads\/2020\/03\/20200316-0812035273.jpg?resize=525%2C295&#038;ssl=1\" alt=\"\" width=\"525\" height=\"295\" \/><\/h5>\n<h5 style=\"text-align: right\"><a href=\"https:\/\/tinnunculus.sy-sy.cz\/index.php\/en\/our-webcams\/camera-0\/\">0<\/a>\u00a6\u00a0<a href=\"https:\/\/tinnunculus.sy-sy.cz\/index.php\/en\/our-webcams\/camera-1\/\">1<\/a>\u00a6\u00a0<a href=\"https:\/\/tinnunculus.sy-sy.cz\/index.php\/en\/our-webcams\/camera-2\/\">2<\/a>\u00a6\u00a0<a href=\"https:\/\/tinnunculus.sy-sy.cz\/index.php\/en\/our-webcams\/camera-3\/\">3<\/a>\u00a6\u00a0<a href=\"https:\/\/tinnunculus.sy-sy.cz\/index.php\/en\/our-webcams\/camera-4\/\">4<\/a>\u00a6\u00a0<a href=\"https:\/\/tinnunculus.sy-sy.cz\/index.php\/en\/our-webcams\/camera-5\/\">5<\/a>\u00a6\u00a0<a href=\"https:\/\/tinnunculus.sy-sy.cz\/index.php\/en\/our-webcams\/camera-6\/\">6<\/a>\u00a6\u00a0<a href=\"https:\/\/tinnunculus.sy-sy.cz\/index.php\/en\/our-webcams\/camera-7\/\">7<\/a>\u00a6\u00a0<a href=\"https:\/\/tinnunculus.sy-sy.cz\/index.php\/en\/our-webcams\/camera-8\/\">8<\/a>\u00a6\u00a0<a href=\"https:\/\/tinnunculus.sy-sy.cz\/index.php\/en\/our-webcams\/camera-9\/\">9<\/a>\u00a6 <a href=\"https:\/\/tinnunculus.sy-sy.cz\/index.php\/en\/our-webcams\/camera-12\/\">12<\/a>\u00a6\u00a0<a href=\"https:\/\/tinnunculus.sy-sy.cz\/index.php\/en\/our-webcams\/camera-13\/\">13<\/a>\u00a6\u00a0<a href=\"https:\/\/tinnunculus.sy-sy.cz\/index.php\/en\/our-webcams\/camera-14\/\">14<\/a>\u00a6\u00a0<a href=\"https:\/\/tinnunculus.sy-sy.cz\/index.php\/en\/our-webcams\/camera-15\/\">15<\/a>\u00a6\u00a0<a href=\"https:\/\/tinnunculus.sy-sy.cz\/index.php\/en\/our-webcams\/camera-16\/\">16<\/a>\u00a6\u00a0<a href=\"https:\/\/tinnunculus.sy-sy.cz\/index.php\/en\/our-webcams\/camera-17\/\">17<\/a>\u00a6\u00a0<a href=\"https:\/\/tinnunculus.sy-sy.cz\/index.php\/en\/our-webcams\/camera-18\/\">18<\/a>\u00a6\u00a0<a href=\"https:\/\/tinnunculus.sy-sy.cz\/index.php\/en\/our-webcams\/camera-19\/\">19<\/a>\u00a6\u00a0<a href=\"https:\/\/tinnunculus.sy-sy.cz\/index.php\/en\/our-webcams\/camera-20\/\">20<\/a>\u00a6<br \/>\n<a href=\"https:\/\/tinnunculus.sy-sy.cz\/index.php\/en\/our-webcams\/camera-10\/\">10<\/a>\u00a6\u00a0 <a href=\"https:\/\/tinnunculus.sy-sy.cz\/index.php\/en\/our-webcams\/camera-11\/\">11<\/a>\u00a6<br \/>\n<a href=\"https:\/\/tinnunculus.sy-sy.cz\/index.php\/en\/online\/our-webcams\/camera-list\/camera-21\/\">21<\/a>\u00a6<\/h5>\n<p id=\"sorry-you-do-not-authorized-to\"><span style=\"color: #ff0000\">Sorry, you do not authorized to access this webcam.<\/span><\/p>\n<p>&nbsp;<\/p>\n<p style=\"text-align: right\">\u2190 <a href=\"http:\/\/tinnunculus.sy-sy.cz\/index.php\/our-webcams\/\">Our webcams<\/a><\/p>\n<\/div>\n","protected":false},"excerpt":{"rendered":"<div class=\"members-access-error\">\n<h5><img class=\"wp-image-11619 size-large alignnone\" src=\"https:\/\/tinnunculus.sy-sy.cz\/wp-content\/uploads\/2020\/03\/20200316-0812035273-1024x576.jpg\" alt=\"\" width=\"525\" height=\"295\" \/><\/h5>\n<h5 style=\"text-align: right\"><a href=\"https:\/\/tinnunculus.sy-sy.cz\/index.php\/en\/our-webcams\/camera-0\/\">0<\/a>\u00a6\u00a0<a href=\"https:\/\/tinnunculus.sy-sy.cz\/index.php\/en\/our-webcams\/camera-1\/\">1<\/a>\u00a6\u00a0<a href=\"https:\/\/tinnunculus.sy-sy.cz\/index.php\/en\/our-webcams\/camera-2\/\">2<\/a>\u00a6\u00a0<a href=\"https:\/\/tinnunculus.sy-sy.cz\/index.php\/en\/our-webcams\/camera-3\/\">3<\/a>\u00a6\u00a0<a href=\"https:\/\/tinnunculus.sy-sy.cz\/index.php\/en\/our-webcams\/camera-4\/\">4<\/a>\u00a6\u00a0<a href=\"https:\/\/tinnunculus.sy-sy.cz\/index.php\/en\/our-webcams\/camera-5\/\">5<\/a>\u00a6\u00a0<a href=\"https:\/\/tinnunculus.sy-sy.cz\/index.php\/en\/our-webcams\/camera-6\/\">6<\/a>\u00a6\u00a0<a href=\"https:\/\/tinnunculus.sy-sy.cz\/index.php\/en\/our-webcams\/camera-7\/\">7<\/a>\u00a6\u00a0<a href=\"https:\/\/tinnunculus.sy-sy.cz\/index.php\/en\/our-webcams\/camera-8\/\">8<\/a>\u00a6\u00a0<a href=\"https:\/\/tinnunculus.sy-sy.cz\/index.php\/en\/our-webcams\/camera-9\/\">9<\/a>\u00a6 <a href=\"https:\/\/tinnunculus.sy-sy.cz\/index.php\/en\/our-webcams\/camera-12\/\">12<\/a>\u00a6\u00a0<a href=\"https:\/\/tinnunculus.sy-sy.cz\/index.php\/en\/our-webcams\/camera-13\/\">13<\/a>\u00a6\u00a0<a href=\"https:\/\/tinnunculus.sy-sy.cz\/index.php\/en\/our-webcams\/camera-14\/\">14<\/a>\u00a6\u00a0<a href=\"https:\/\/tinnunculus.sy-sy.cz\/index.php\/en\/our-webcams\/camera-15\/\">15<\/a>\u00a6\u00a0<a href=\"https:\/\/tinnunculus.sy-sy.cz\/index.php\/en\/our-webcams\/camera-16\/\">16<\/a>\u00a6\u00a0<a href=\"https:\/\/tinnunculus.sy-sy.cz\/index.php\/en\/our-webcams\/camera-17\/\">17<\/a>\u00a6\u00a0<a href=\"https:\/\/tinnunculus.sy-sy.cz\/index.php\/en\/our-webcams\/camera-18\/\">18<\/a>\u00a6\u00a0<a href=\"https:\/\/tinnunculus.sy-sy.cz\/index.php\/en\/our-webcams\/camera-19\/\">19<\/a>\u00a6\u00a0<a href=\"https:\/\/tinnunculus.sy-sy.cz\/index.php\/en\/our-webcams\/camera-20\/\">20<\/a>\u00a6<br \/>\n<a href=\"https:\/\/tinnunculus.sy-sy.cz\/index.php\/en\/our-webcams\/camera-10\/\">10<\/a>\u00a6\u00a0 <a href=\"https:\/\/tinnunculus.sy-sy.cz\/index.php\/en\/our-webcams\/camera-11\/\">11<\/a>\u00a6<br \/>\n<a href=\"https:\/\/tinnunculus.sy-sy.cz\/index.php\/en\/online\/our-webcams\/camera-list\/camera-21\/\">21<\/a>\u00a6<\/h5>\n<p id=\"sorry-you-do-not-authorized-to\"><span style=\"color: #ff0000\">Sorry, you do not authorized to access this webcam.<\/span><\/p>\n<p>&nbsp;<\/p>\n<p style=\"text-align: right\">\u2190 <a href=\"http:\/\/tinnunculus.sy-sy.cz\/index.php\/our-webcams\/\">Our webcams<\/a><\/p>\n<\/div>\n","protected":false},"author":2,"featured_media":0,"parent":37074,"menu_order":11,"comment_status":"closed","ping_status":"closed","template":"","meta":{"jetpack_post_was_ever_published":false,"footnotes":""},"categories":[1127,1163,1600,1159,1187,1151],"tags":[],"class_list":["post-19655","page","type-page","status-publish","hentry","category-our-kestrels-en","category-webcams","category-kestrels-from-our-balcony","category-live-broadcast","category-online-from-our-balcony","category-tenants-and-visitors"],"jetpack_shortlink":"https:\/\/wp.me\/P91gKE-571","jetpack-related-posts":[{"id":47358,"url":"https:\/\/tinnunculus.sy-sy.cz\/index.php\/en\/online\/our-webcams\/camera-list\/camera-21\/21-kitchen-window-kestrels\/","url_meta":{"origin":19655,"position":0},"title":"21 \u00a6 Kitchen window kestrels","author":"Zuzana Syrov\u00e1 An\u00fd\u017eov\u00e1","date":"23\/03\/2026","format":false,"excerpt":"21\u00a6","rel":"","context":"V \u201e\"Our\" kestrels\u201c","block_context":{"text":"\"Our\" kestrels","link":"https:\/\/tinnunculus.sy-sy.cz\/index.php\/en\/category\/tenants-and-visitors\/our-kestrels-en\/"},"img":{"alt_text":"Camera 21","src":"https:\/\/sy-sy.cz\/cam\/webapi\/entry.cgi?api=SYNO.SurveillanceStation.Stream.VideoStreaming&version=1&method=Stream&format=mjpeg&cameraId=70&StmKey=%22ac0aa1938a31ee59376e7854dc7d885d%22","width":350,"height":200,"srcset":"https:\/\/sy-sy.cz\/cam\/webapi\/entry.cgi?api=SYNO.SurveillanceStation.Stream.VideoStreaming&version=1&method=Stream&format=mjpeg&cameraId=70&StmKey=%22ac0aa1938a31ee59376e7854dc7d885d%22 1x, https:\/\/sy-sy.cz\/cam\/webapi\/entry.cgi?api=SYNO.SurveillanceStation.Stream.VideoStreaming&version=1&method=Stream&format=mjpeg&cameraId=70&StmKey=%22ac0aa1938a31ee59376e7854dc7d885d%22 1.5x, https:\/\/sy-sy.cz\/cam\/webapi\/entry.cgi?api=SYNO.SurveillanceStation.Stream.VideoStreaming&version=1&method=Stream&format=mjpeg&cameraId=70&StmKey=%22ac0aa1938a31ee59376e7854dc7d885d%22 2x, https:\/\/sy-sy.cz\/cam\/webapi\/entry.cgi?api=SYNO.SurveillanceStation.Stream.VideoStreaming&version=1&method=Stream&format=mjpeg&cameraId=70&StmKey=%22ac0aa1938a31ee59376e7854dc7d885d%22 3x"},"classes":[]},{"id":19620,"url":"https:\/\/tinnunculus.sy-sy.cz\/index.php\/en\/online\/our-webcams\/camera-list\/camera-6\/","url_meta":{"origin":19655,"position":1},"title":"Camera 6","author":"Zuzana Syrov\u00e1 An\u00fd\u017eov\u00e1","date":"06\/08\/2022","format":false,"excerpt":"0\u00a6\u00a01\u00a6\u00a02\u00a6\u00a03\u00a6\u00a04\u00a6\u00a05\u00a6\u00a06\u00a6\u00a07\u00a6\u00a08\u00a6\u00a09\u00a6 12\u00a6\u00a013\u00a6\u00a014\u00a6\u00a015\u00a6\u00a016\u00a6\u00a017\u00a6\u00a018\u00a6\u00a019\u00a6\u00a020\u00a6 10\u00a6\u00a0 11\u00a6 21\u00a6 \u2190 Our webcams","rel":"","context":"V \u201e\"Our\" kestrels\u201c","block_context":{"text":"\"Our\" kestrels","link":"https:\/\/tinnunculus.sy-sy.cz\/index.php\/en\/category\/tenants-and-visitors\/our-kestrels-en\/"},"img":{"alt_text":"Camera 6","src":"https:\/\/sy-sy.cz\/cam\/webapi\/entry.cgi?api=SYNO.SurveillanceStation.Stream.VideoStreaming&version=1&method=Stream&format=mjpeg&cameraId=18&StmKey=%22752a839c0eeb8fd2ca73a95c3f5f76c2%22","width":350,"height":200,"srcset":"https:\/\/sy-sy.cz\/cam\/webapi\/entry.cgi?api=SYNO.SurveillanceStation.Stream.VideoStreaming&version=1&method=Stream&format=mjpeg&cameraId=18&StmKey=%22752a839c0eeb8fd2ca73a95c3f5f76c2%22 1x, https:\/\/sy-sy.cz\/cam\/webapi\/entry.cgi?api=SYNO.SurveillanceStation.Stream.VideoStreaming&version=1&method=Stream&format=mjpeg&cameraId=18&StmKey=%22752a839c0eeb8fd2ca73a95c3f5f76c2%22 1.5x"},"classes":[]},{"id":19633,"url":"https:\/\/tinnunculus.sy-sy.cz\/index.php\/en\/online\/our-webcams\/camera-list\/camera-8\/","url_meta":{"origin":19655,"position":2},"title":"Camera 8","author":"Zuzana Syrov\u00e1 An\u00fd\u017eov\u00e1","date":"06\/08\/2022","format":false,"excerpt":"0\u00a6\u00a01\u00a6\u00a02\u00a6\u00a03\u00a6\u00a04\u00a6\u00a05\u00a6\u00a06\u00a6\u00a07\u00a6\u00a08\u00a6\u00a09\u00a6 12\u00a6\u00a013\u00a6\u00a014\u00a6\u00a015\u00a6\u00a016\u00a6\u00a017\u00a6\u00a018\u00a6\u00a019\u00a6\u00a020\u00a6 10\u00a6\u00a0 11\u00a6 21\u00a6 \u00a0 \u2190 Our webcams","rel":"","context":"V \u201e\"Our\" kestrels\u201c","block_context":{"text":"\"Our\" kestrels","link":"https:\/\/tinnunculus.sy-sy.cz\/index.php\/en\/category\/tenants-and-visitors\/our-kestrels-en\/"},"img":{"alt_text":"Camera 8","src":"https:\/\/sy-sy.cz\/cam\/webapi\/entry.cgi?api=SYNO.SurveillanceStation.Stream.VideoStreaming&version=1&method=Stream&format=mjpeg&cameraId=19&StmKey=%2205af68c3d89ab413f24d56758e6d64c3%22","width":350,"height":200,"srcset":"https:\/\/sy-sy.cz\/cam\/webapi\/entry.cgi?api=SYNO.SurveillanceStation.Stream.VideoStreaming&version=1&method=Stream&format=mjpeg&cameraId=19&StmKey=%2205af68c3d89ab413f24d56758e6d64c3%22 1x, https:\/\/sy-sy.cz\/cam\/webapi\/entry.cgi?api=SYNO.SurveillanceStation.Stream.VideoStreaming&version=1&method=Stream&format=mjpeg&cameraId=19&StmKey=%2205af68c3d89ab413f24d56758e6d64c3%22 1.5x"},"classes":[]},{"id":19649,"url":"https:\/\/tinnunculus.sy-sy.cz\/index.php\/en\/online\/our-webcams\/camera-list\/camera-10\/","url_meta":{"origin":19655,"position":3},"title":"Camera 10","author":"Zuzana Syrov\u00e1 An\u00fd\u017eov\u00e1","date":"06\/08\/2022","format":false,"excerpt":"0\u00a6\u00a01\u00a6\u00a02\u00a6\u00a03\u00a6\u00a04\u00a6\u00a05\u00a6\u00a06\u00a6\u00a07\u00a6\u00a08\u00a6\u00a09\u00a6 12\u00a6\u00a013\u00a6\u00a014\u00a6\u00a015\u00a6\u00a016\u00a6\u00a017\u00a6\u00a018\u00a6\u00a019\u00a6\u00a020\u00a6 10\u00a6\u00a0 11\u00a6 21\u00a6 \u00a0 \u2190 Our webcams","rel":"","context":"V \u201e\"Our\" kestrels\u201c","block_context":{"text":"\"Our\" kestrels","link":"https:\/\/tinnunculus.sy-sy.cz\/index.php\/en\/category\/tenants-and-visitors\/our-kestrels-en\/"},"img":{"alt_text":"Camera 10","src":"https:\/\/sy-sy.cz\/cam\/webapi\/entry.cgi?api=SYNO.SurveillanceStation.Stream.VideoStreaming&version=1&method=Stream&format=mjpeg&cameraId=68&StmKey=%223b0e33926c7c75440d585f053d8e3021%22","width":350,"height":200,"srcset":"https:\/\/sy-sy.cz\/cam\/webapi\/entry.cgi?api=SYNO.SurveillanceStation.Stream.VideoStreaming&version=1&method=Stream&format=mjpeg&cameraId=68&StmKey=%223b0e33926c7c75440d585f053d8e3021%22 1x, https:\/\/sy-sy.cz\/cam\/webapi\/entry.cgi?api=SYNO.SurveillanceStation.Stream.VideoStreaming&version=1&method=Stream&format=mjpeg&cameraId=68&StmKey=%223b0e33926c7c75440d585f053d8e3021%22 1.5x, https:\/\/sy-sy.cz\/cam\/webapi\/entry.cgi?api=SYNO.SurveillanceStation.Stream.VideoStreaming&version=1&method=Stream&format=mjpeg&cameraId=68&StmKey=%223b0e33926c7c75440d585f053d8e3021%22 2x"},"classes":[]},{"id":36566,"url":"https:\/\/tinnunculus.sy-sy.cz\/index.php\/en\/online\/our-webcams\/camera-list\/camera-18\/","url_meta":{"origin":19655,"position":4},"title":"Camera 18","author":"Zuzana Syrov\u00e1 An\u00fd\u017eov\u00e1","date":"20\/07\/2024","format":false,"excerpt":"0\u00a6\u00a01\u00a6\u00a02\u00a6\u00a03\u00a6\u00a04\u00a6\u00a05\u00a6\u00a06\u00a6\u00a07\u00a6\u00a08\u00a6\u00a09\u00a6 12\u00a6\u00a013\u00a6\u00a014\u00a6\u00a015\u00a6\u00a016\u00a6\u00a017\u00a6\u00a018\u00a6\u00a019\u00a6\u00a020\u00a6 10\u00a6\u00a0 11\u00a6 21\u00a6 \u00a0 \u2190\u00a0Our webcams \u2190\u00a0YouTube Live \u00a0","rel":"","context":"V \u201e\"Our\" kestrels\u201c","block_context":{"text":"\"Our\" kestrels","link":"https:\/\/tinnunculus.sy-sy.cz\/index.php\/en\/category\/tenants-and-visitors\/our-kestrels-en\/"},"img":{"alt_text":"Camera 4","src":"https:\/\/sy-sy.cz\/cam\/webapi\/entry.cgi?api=SYNO.SurveillanceStation.Stream.VideoStreaming&version=1&method=Stream&format=mjpeg&cameraId=5&StmKey=%2252e5b8eca97c1641f72d11d2bfda2a35%22","width":350,"height":200,"srcset":"https:\/\/sy-sy.cz\/cam\/webapi\/entry.cgi?api=SYNO.SurveillanceStation.Stream.VideoStreaming&version=1&method=Stream&format=mjpeg&cameraId=5&StmKey=%2252e5b8eca97c1641f72d11d2bfda2a35%22 1x, https:\/\/sy-sy.cz\/cam\/webapi\/entry.cgi?api=SYNO.SurveillanceStation.Stream.VideoStreaming&version=1&method=Stream&format=mjpeg&cameraId=5&StmKey=%2252e5b8eca97c1641f72d11d2bfda2a35%22 1.5x"},"classes":[]},{"id":36650,"url":"https:\/\/tinnunculus.sy-sy.cz\/index.php\/en\/online\/our-webcams\/camera-list\/camera-19\/","url_meta":{"origin":19655,"position":5},"title":"Camera 19","author":"Zuzana Syrov\u00e1 An\u00fd\u017eov\u00e1","date":"21\/07\/2024","format":false,"excerpt":"0\u00a6\u00a01\u00a6\u00a02\u00a6\u00a03\u00a6\u00a04\u00a6\u00a05\u00a6\u00a06\u00a6\u00a07\u00a6\u00a08\u00a6\u00a09\u00a6 12\u00a6\u00a013\u00a6\u00a014\u00a6\u00a015\u00a6\u00a016\u00a6\u00a017\u00a6\u00a018\u00a6\u00a019\u00a6\u00a020\u00a6 10\u00a6\u00a0 11\u00a6 21\u00a6 \u00a0 \u2190\u00a0Our webcams \u2190\u00a0YouTube Live","rel":"","context":"V \u201e\"Our\" kestrels\u201c","block_context":{"text":"\"Our\" kestrels","link":"https:\/\/tinnunculus.sy-sy.cz\/index.php\/en\/category\/tenants-and-visitors\/our-kestrels-en\/"},"img":{"alt_text":"Camera 15","src":"https:\/\/sy-sy.cz\/cam\/webapi\/entry.cgi?api=SYNO.SurveillanceStation.Stream.VideoStreaming&version=1&method=Stream&format=mjpeg&cameraId=11&StmKey=%222b9b6ceb652ac157afaaf7742b069c17%22","width":350,"height":200,"srcset":"https:\/\/sy-sy.cz\/cam\/webapi\/entry.cgi?api=SYNO.SurveillanceStation.Stream.VideoStreaming&version=1&method=Stream&format=mjpeg&cameraId=11&StmKey=%222b9b6ceb652ac157afaaf7742b069c17%22 1x, https:\/\/sy-sy.cz\/cam\/webapi\/entry.cgi?api=SYNO.SurveillanceStation.Stream.VideoStreaming&version=1&method=Stream&format=mjpeg&cameraId=11&StmKey=%222b9b6ceb652ac157afaaf7742b069c17%22 1.5x, https:\/\/sy-sy.cz\/cam\/webapi\/entry.cgi?api=SYNO.SurveillanceStation.Stream.VideoStreaming&version=1&method=Stream&format=mjpeg&cameraId=11&StmKey=%222b9b6ceb652ac157afaaf7742b069c17%22 2x, https:\/\/sy-sy.cz\/cam\/webapi\/entry.cgi?api=SYNO.SurveillanceStation.Stream.VideoStreaming&version=1&method=Stream&format=mjpeg&cameraId=11&StmKey=%222b9b6ceb652ac157afaaf7742b069c17%22 3x"},"classes":[]}],"jetpack_sharing_enabled":true,"_links":{"self":[{"href":"https:\/\/tinnunculus.sy-sy.cz\/index.php\/wp-json\/wp\/v2\/pages\/19655","targetHints":{"allow":["GET"]}}],"collection":[{"href":"https:\/\/tinnunculus.sy-sy.cz\/index.php\/wp-json\/wp\/v2\/pages"}],"about":[{"href":"https:\/\/tinnunculus.sy-sy.cz\/index.php\/wp-json\/wp\/v2\/types\/page"}],"author":[{"embeddable":true,"href":"https:\/\/tinnunculus.sy-sy.cz\/index.php\/wp-json\/wp\/v2\/users\/2"}],"replies":[{"embeddable":true,"href":"https:\/\/tinnunculus.sy-sy.cz\/index.php\/wp-json\/wp\/v2\/comments?post=19655"}],"version-history":[{"count":3,"href":"https:\/\/tinnunculus.sy-sy.cz\/index.php\/wp-json\/wp\/v2\/pages\/19655\/revisions"}],"predecessor-version":[{"id":47129,"href":"https:\/\/tinnunculus.sy-sy.cz\/index.php\/wp-json\/wp\/v2\/pages\/19655\/revisions\/47129"}],"up":[{"embeddable":true,"href":"https:\/\/tinnunculus.sy-sy.cz\/index.php\/wp-json\/wp\/v2\/pages\/37074"}],"wp:attachment":[{"href":"https:\/\/tinnunculus.sy-sy.cz\/index.php\/wp-json\/wp\/v2\/media?parent=19655"}],"wp:term":[{"taxonomy":"category","embeddable":true,"href":"https:\/\/tinnunculus.sy-sy.cz\/index.php\/wp-json\/wp\/v2\/categories?post=19655"},{"taxonomy":"post_tag","embeddable":true,"href":"https:\/\/tinnunculus.sy-sy.cz\/index.php\/wp-json\/wp\/v2\/tags?post=19655"}],"curies":[{"name":"wp","href":"https:\/\/api.w.org\/{rel}","templated":true}]}}