{"id":19135,"date":"2022-06-14T09:22:42","date_gmt":"2022-06-14T07:22:42","guid":{"rendered":"https:\/\/tinnunculus.sy-sy.cz\/?page_id=19135"},"modified":"2026-03-08T11:06:16","modified_gmt":"2026-03-08T10:06:16","slug":"postolky-brnenske","status":"publish","type":"page","link":"https:\/\/tinnunculus.sy-sy.cz\/index.php\/postolky-brnenske\/","title":{"rendered":"Po\u0161tolky brn\u011bnsk\u00e9"},"content":{"rendered":"<blockquote class=\"alignleft\"><p>&nbsp;<\/p>\n<p>D\u011bn\u00ed v&nbsp;na\u0161\u00ed po\u0161tol\u010d\u00ed lod\u017eii v&nbsp;s\u00eddli\u0161ti Bystrc na okraji Brna (<a href=\"https:\/\/tinnunculus.sy-sy.cz\/index.php\/portfolio\/cz-brno-bystrc\/\">info o&nbsp;\u017eiv\u00e9m p\u0159enosu<\/a> \/ <a href=\"https:\/\/tinnunculus.sy-sy.cz\/index.php\/historie-hnizda\/postolci-sezony\/\">historie hn\u00edzda<\/a>) m\u016f\u017eete porovnat s&nbsp;t\u00edm, co se pr\u00e1v\u011b d\u011bje v&nbsp;p\u0159\u00edm\u00e9m p\u0159enosu v&nbsp;budce v&nbsp;centru m\u011bsta na ulici Francouzsk\u00e9 (<a href=\"https:\/\/tinnunculus.sy-sy.cz\/index.php\/portfolio\/cz-brno-francouzska\/\">info o&nbsp;\u017eiv\u00e9m p\u0159enosu<\/a> \/ <a href=\"https:\/\/tinnunculus.sy-sy.cz\/index.php\/postolky-z-francouzske\/\">historie hn\u00edzda<\/a>) nebo v&nbsp;s\u00eddli\u0161ti Bohunice (<a href=\"https:\/\/tinnunculus.sy-sy.cz\/index.php\/portfolio\/cz-brno-bohunice\/\">info o&nbsp;\u017eiv\u00e9m p\u0159enosu<\/a>).<\/p>\n<p>&nbsp;<\/p>\n<p>&nbsp;<\/p>\n<ul>\n<li><a href=\"https:\/\/tinnunculus.sy-sy.cz\/index.php\/nase-kamery\/\">Na\u0161e dal\u0161\u00ed kamery<\/a><\/li>\n<li><a href=\"https:\/\/tinnunculus.sy-sy.cz\/index.php\/v-primem-prenosu-odjinud\/falco-tinnunculus-online\/?table_filter=CZ\">P\u0159\u00edm\u00e9 p\u0159enosy z&nbsp;\u010cR<\/a><\/li>\n<li><a href=\"https:\/\/tinnunculus.sy-sy.cz\/index.php\/odkazy\/falco-tinnunculus-online\/\">P\u0159\u00edm\u00e9 p\u0159enosy odjinud.<\/a><\/li>\n<\/ul>\n<\/blockquote>\n<hr \/>\n<p><iframe style=\"border: none; overflow: hidden; width: 560px; height: 315px;\" src=\"https:\/\/camstreamer.com\/embed\/A7NqLLFPJXtvFYnNq0lyj4NzktH1FZof7pI4eqpY\" allowfullscreen=\"allowfullscreen\"><\/iframe><\/p>\n<p><strong>\u2191<\/strong> <em>P\u0159\u00edm\u00fd p\u0159enos z&nbsp;na\u0161\u00ed lod\u017eie<\/em>.<\/p>\n<p><iframe loading=\"lazy\" src=\"https:\/\/camstreamer.com\/embed\/qB2jEWYi34weOpXfEyzec9lOhIFvkCCrmzvxEdMx?rel=0\" width=\"560\" height=\"315\" frameborder=\"0\" allowfullscreen=\"allowfullscreen\"><\/iframe><\/p>\n<p><strong>\u2191<\/strong> <em>P\u0159\u00edm\u00fd p\u0159enos z&nbsp;Francouzsk\u00e9<\/em>.<\/p>\n<p><em>P\u0159\u00edm\u00fd p\u0159enos z&nbsp;Bohunic v&nbsp;sez\u00f3n\u011b 2023\u20142025 ani\u00a0 2026 nebyl zve\u0159ejn\u011bn. Z\u00e1znamy z&nbsp;let minul\u00fdch najdete <a href=\"https:\/\/www.youtube.com\/@vaclavzavadil7596\/streams\" target=\"_blank\" rel=\"noopener\">zde<\/a>.<\/em><\/p>\n","protected":false},"excerpt":{"rendered":"<p>&nbsp; D\u011bn\u00ed v&nbsp;na\u0161\u00ed po\u0161tol\u010d\u00ed lod\u017eii v&nbsp;s\u00eddli\u0161ti Bystrc na okraji Brna (info o&nbsp;\u017eiv\u00e9m p\u0159enosu \/ historie hn\u00edzda) m\u016f\u017eete porovnat s&nbsp;t\u00edm, co se pr\u00e1v\u011b d\u011bje v&nbsp;p\u0159\u00edm\u00e9m p\u0159enosu v&nbsp;budce v&nbsp;centru m\u011bsta na ulici Francouzsk\u00e9 (info o&nbsp;\u017eiv\u00e9m p\u0159enosu \/ historie hn\u00edzda) nebo v&nbsp;s\u00eddli\u0161ti Bohunice (info o&nbsp;\u017eiv\u00e9m p\u0159enosu). &nbsp; &nbsp; Na\u0161e dal\u0161\u00ed kamery P\u0159\u00edm\u00e9 p\u0159enosy z&nbsp;\u010cR P\u0159\u00edm\u00e9 p\u0159enosy odjinud. \u2191 &hellip; <\/p>\n<p class=\"link-more\"><a href=\"https:\/\/tinnunculus.sy-sy.cz\/index.php\/postolky-brnenske\/\" class=\"more-link\">Pokra\u010dovat ve \u010dten\u00ed<span class=\"screen-reader-text\"> &#8222;Po\u0161tolky brn\u011bnsk\u00e9&#8220;<\/span><\/a><\/p>\n","protected":false},"author":2,"featured_media":0,"parent":0,"menu_order":50,"comment_status":"closed","ping_status":"closed","template":"","meta":{"jetpack_post_was_ever_published":false,"footnotes":""},"categories":[118,218,150,149,114],"tags":[1030],"class_list":["post-19135","page","type-page","status-publish","hentry","category-kamery","category-falco-tinnunculus-online","category-odjinud","category-z-nasi-lodzie","category-zivy-prenos","tag-postolka-brnenska"],"jetpack_shortlink":"https:\/\/wp.me\/P91gKE-4YD","jetpack-related-posts":[{"id":24840,"url":"https:\/\/tinnunculus.sy-sy.cz\/index.php\/blog\/brnenske-postolky\/","url_meta":{"origin":19135,"position":0},"title":"Brn\u011bnsk\u00e9 po\u0161tolky","author":"Zuzana Syrov\u00e1 An\u00fd\u017eov\u00e1","date":"10\/10\/2023","format":false,"excerpt":"P\u0159\u00edsp\u011bvky v Bloku, blogu \u010dili z\u00e1pisn\u00edku: Info o \u017eiv\u00fdch p\u0159enosech Brno - Francouzsk\u00e1 Brno - Bohunice P\u0159\u00edm\u00e9 p\u0159enosy z\u00a0\u010cR P\u0159\u00edm\u00e9 p\u0159enosy odjinud.","rel":"","context":"V \u201e\"Na\u0161e\" po\u0161tolky\u201c","block_context":{"text":"\"Na\u0161e\" po\u0161tolky","link":"https:\/\/tinnunculus.sy-sy.cz\/index.php\/category\/nasi\/nase-postolky\/"},"img":{"alt_text":"","src":"","width":0,"height":0},"classes":[]},{"id":786,"url":"https:\/\/tinnunculus.sy-sy.cz\/index.php\/v-primem-prenosu\/","url_meta":{"origin":19135,"position":1},"title":"V p\u0159\u00edm\u00e9m p\u0159enosu","author":"Zuzana Syrov\u00e1 An\u00fd\u017eov\u00e1","date":"04\/08\/2017","format":false,"excerpt":"0\u00a6\u00a01\u00a6\u00a02\u00a6\u00a03\u00a6\u00a04\u00a6\u00a05\u00a6\u00a06\u00a6\u00a07\u00a6\u00a08\u00a6\u00a09\u00a6\u00a012\u00a6\u00a013\u00a6\u00a014\u00a6\u00a015\u00a6\u00a016\u00a6\u00a017\u00a6\u00a018\u00a6\u00a019\u00a6\u00a020\u00a6 10\u00a6\u00a0\u00a011\u00a6 21\u00a6 \u00a0 Kameru ke sledov\u00e1n\u00ed zvol\u00edte kliknut\u00edm na \u010d\u00edslo kamery nebo ji m\u016f\u017eete vybrat ze seznamu kamer. V\u00edce na str\u00e1nce Na\u0161e kamery. K dispozici jsou skupiny kamer:\u00a0\u00a0z po\u0161tol\u010d\u00ed lod\u017eie (hn\u00edzdo,\u00a0bid\u00fdlka,\u00a0z\u00e1bradl\u00ed,\u00a0za oknem,\u00a0na podlaze, ror\u00fdsovn\u00edk), z okol\u00ed ror\u00fdsovn\u00edku a z po\u0161tol\u010d\u00edho okna. Testujeme rovn\u011b\u017e \u017eiv\u00e9 vys\u00edl\u00e1n\u00ed na na\u0161em po\u0161tol\u010d\u00edm YouTube\u2026","rel":"","context":"V \u201e\"Na\u0161e\" po\u0161tolky\u201c","block_context":{"text":"\"Na\u0161e\" po\u0161tolky","link":"https:\/\/tinnunculus.sy-sy.cz\/index.php\/category\/nasi\/nase-postolky\/"},"img":{"alt_text":"Camera 1","src":"https:\/\/sy-sy.cz\/cam\/webapi\/entry.cgi?api=SYNO.SurveillanceStation.Stream.VideoStreaming&version=1&method=Stream&format=mjpeg&cameraId=2&StmKey=%229853f85e3f00a090389e5f3da7058a2c%22","width":350,"height":200,"srcset":"https:\/\/sy-sy.cz\/cam\/webapi\/entry.cgi?api=SYNO.SurveillanceStation.Stream.VideoStreaming&version=1&method=Stream&format=mjpeg&cameraId=2&StmKey=%229853f85e3f00a090389e5f3da7058a2c%22 1x, https:\/\/sy-sy.cz\/cam\/webapi\/entry.cgi?api=SYNO.SurveillanceStation.Stream.VideoStreaming&version=1&method=Stream&format=mjpeg&cameraId=2&StmKey=%229853f85e3f00a090389e5f3da7058a2c%22 1.5x, https:\/\/sy-sy.cz\/cam\/webapi\/entry.cgi?api=SYNO.SurveillanceStation.Stream.VideoStreaming&version=1&method=Stream&format=mjpeg&cameraId=2&StmKey=%229853f85e3f00a090389e5f3da7058a2c%22 2x, https:\/\/sy-sy.cz\/cam\/webapi\/entry.cgi?api=SYNO.SurveillanceStation.Stream.VideoStreaming&version=1&method=Stream&format=mjpeg&cameraId=2&StmKey=%229853f85e3f00a090389e5f3da7058a2c%22 3x, https:\/\/sy-sy.cz\/cam\/webapi\/entry.cgi?api=SYNO.SurveillanceStation.Stream.VideoStreaming&version=1&method=Stream&format=mjpeg&cameraId=2&StmKey=%229853f85e3f00a090389e5f3da7058a2c%22 4x"},"classes":[]},{"id":22290,"url":"https:\/\/tinnunculus.sy-sy.cz\/index.php\/v-primem-prenosu\/nase-kamery\/webkamery-z-nasi-lodzie\/","url_meta":{"origin":19135,"position":2},"title":"(Web)kamery z&nbsp;na\u0161\u00ed lod\u017eie: hn\u00edzdo","author":"Zuzana Syrov\u00e1 An\u00fd\u017eov\u00e1","date":"05\/05\/2023","format":false,"excerpt":"\u00a0 \u00a0 \u00a6 hn\u00edzdo\u00a0\u00a6 bid\u00fdlka \u00a6 z\u00e1bradl\u00ed \u00a6 za oknem \u00a6 na podlaze \u00a6","rel":"","context":"V \u201e(Web)kamery\u201c","block_context":{"text":"(Web)kamery","link":"https:\/\/tinnunculus.sy-sy.cz\/index.php\/category\/zivy-prenos\/kamery\/"},"img":{"alt_text":"","src":"","width":0,"height":0},"classes":[]},{"id":24843,"url":"https:\/\/tinnunculus.sy-sy.cz\/index.php\/postolky-brnenske\/postolky-z-francouzske\/","url_meta":{"origin":19135,"position":3},"title":"Po\u0161tolky z&nbsp;Francouzsk\u00e9","author":"Zuzana Syrov\u00e1 An\u00fd\u017eov\u00e1","date":"10\/10\/2023","format":false,"excerpt":"2022 P\u0159\u00edm\u00fd p\u0159enos za\u010dal 8.6.2022. V t\u00e9 dob\u011b u\u017e se vyl\u00edhla 4 po\u0161tol\u010data.\u00a0V\u0161echna 4 po\u0161tol\u010data odchov\u00e1na a zd\u00e1rn\u011b vylet\u011bla. 2023 Snesen\u00ed prvn\u00edho vejce zaznamen\u00e1no 14.4.2023. Samice za\u010dala sed\u011bt v noci z 20. na 21. dubna \u0159\u00e1dn\u011b na vejc\u00edch. Prvn\u00ed po\u0161tol\u010de se vyl\u00edhlo 17. kv\u011btna dopoledne. 18. kv\u011btna odpoledne ji\u017e byla\u2026","rel":"","context":"V \u201eFalco tinnunculus online\u201c","block_context":{"text":"Falco tinnunculus online","link":"https:\/\/tinnunculus.sy-sy.cz\/index.php\/category\/zivy-prenos\/odjinud\/falco-tinnunculus-online\/"},"img":{"alt_text":"","src":"","width":0,"height":0},"classes":[]},{"id":22322,"url":"https:\/\/tinnunculus.sy-sy.cz\/index.php\/v-primem-prenosu\/nase-kamery\/webkamery-z-nasi-lodzie-bidylka\/","url_meta":{"origin":19135,"position":4},"title":"(Web)kamery z&nbsp;na\u0161\u00ed lod\u017eie: bid\u00fdlka","author":"Zuzana Syrov\u00e1 An\u00fd\u017eov\u00e1","date":"05\/05\/2023","format":false,"excerpt":"\u00a0 \u00a0 \u00a6 hn\u00edzdo\u00a0\u00a6 bid\u00fdlka \u00a6 z\u00e1bradl\u00ed \u00a6 za oknem \u00a6 na podlaze \u00a6","rel":"","context":"V \u201e(Web)kamery\u201c","block_context":{"text":"(Web)kamery","link":"https:\/\/tinnunculus.sy-sy.cz\/index.php\/category\/zivy-prenos\/kamery\/"},"img":{"alt_text":"","src":"","width":0,"height":0},"classes":[]},{"id":22331,"url":"https:\/\/tinnunculus.sy-sy.cz\/index.php\/v-primem-prenosu\/nase-kamery\/webkamery-z-nasi-lodzie-za-oknem\/","url_meta":{"origin":19135,"position":5},"title":"(Web)kamery z&nbsp;na\u0161\u00ed lod\u017eie: venku za oknem","author":"Zuzana Syrov\u00e1 An\u00fd\u017eov\u00e1","date":"06\/05\/2023","format":false,"excerpt":"\u00a0 \u00a0 \u00a6 hn\u00edzdo\u00a0\u00a6 bid\u00fdlka \u00a6 z\u00e1bradl\u00ed \u00a6 za oknem \u00a6 na podlaze \u00a6","rel":"","context":"V \u201e(Web)kamery\u201c","block_context":{"text":"(Web)kamery","link":"https:\/\/tinnunculus.sy-sy.cz\/index.php\/category\/zivy-prenos\/kamery\/"},"img":{"alt_text":"","src":"","width":0,"height":0},"classes":[]}],"jetpack_sharing_enabled":true,"_links":{"self":[{"href":"https:\/\/tinnunculus.sy-sy.cz\/index.php\/wp-json\/wp\/v2\/pages\/19135","targetHints":{"allow":["GET"]}}],"collection":[{"href":"https:\/\/tinnunculus.sy-sy.cz\/index.php\/wp-json\/wp\/v2\/pages"}],"about":[{"href":"https:\/\/tinnunculus.sy-sy.cz\/index.php\/wp-json\/wp\/v2\/types\/page"}],"author":[{"embeddable":true,"href":"https:\/\/tinnunculus.sy-sy.cz\/index.php\/wp-json\/wp\/v2\/users\/2"}],"replies":[{"embeddable":true,"href":"https:\/\/tinnunculus.sy-sy.cz\/index.php\/wp-json\/wp\/v2\/comments?post=19135"}],"version-history":[{"count":3,"href":"https:\/\/tinnunculus.sy-sy.cz\/index.php\/wp-json\/wp\/v2\/pages\/19135\/revisions"}],"predecessor-version":[{"id":46542,"href":"https:\/\/tinnunculus.sy-sy.cz\/index.php\/wp-json\/wp\/v2\/pages\/19135\/revisions\/46542"}],"wp:attachment":[{"href":"https:\/\/tinnunculus.sy-sy.cz\/index.php\/wp-json\/wp\/v2\/media?parent=19135"}],"wp:term":[{"taxonomy":"category","embeddable":true,"href":"https:\/\/tinnunculus.sy-sy.cz\/index.php\/wp-json\/wp\/v2\/categories?post=19135"},{"taxonomy":"post_tag","embeddable":true,"href":"https:\/\/tinnunculus.sy-sy.cz\/index.php\/wp-json\/wp\/v2\/tags?post=19135"}],"curies":[{"name":"wp","href":"https:\/\/api.w.org\/{rel}","templated":true}]}}