{"id":1697,"date":"2017-08-08T16:42:21","date_gmt":"2017-08-08T14:42:21","guid":{"rendered":"http:\/\/tinnunculus.sy-sy.cz\/?page_id=1697"},"modified":"2025-12-14T23:37:01","modified_gmt":"2025-12-14T22:37:01","slug":"historie-hnizda","status":"publish","type":"page","link":"https:\/\/tinnunculus.sy-sy.cz\/index.php\/postolci-sezony\/historie-hnizda\/","title":{"rendered":"Historie po\u0161tol\u010d\u00edho hn\u00edzda"},"content":{"rendered":"<p>Po\u0161tolky u&nbsp;n\u00e1s pravideln\u011b hn\u00edzd\u00ed od roku 2007.\u00a0 Vybraly si k&nbsp;tomu nejprve zastr\u010den\u00fd kout za starou sk\u0159\u00ed\u0148kou vystr\u010denou do lod\u017eie po&nbsp;po\u017e\u00e1ru.\u00a0 V\u00a0roce\u00a02016 byla po\u0161tol\u010d\u00ed hn\u00edzdn\u00ed sez\u00f3na dramaticky poznamen\u00e1na stavebn\u00edmi pracemi spojen\u00fdmi s&nbsp;tzv.&nbsp;revitalizac\u00ed, kter\u00e9 se prot\u00e1hly a\u017e do n\u00e1sleduj\u00edc\u00edho roku.\u00a0 I&nbsp;kdy\u017e v&nbsp;n\u00e1sleduj\u00edc\u00ed sez\u00f3n\u011b 2017 jevily o&nbsp;hn\u00edzdo z\u00e1jem, zahn\u00edzdily zde op\u011bt a\u017e v&nbsp;roce 2018.\u00a0 Vybraly si ale jin\u00e9 m\u00edsto \u2013 bedni\u010dku na polic\u00edch za dve\u0159mi do lod\u017eie, odkud maj\u00ed lep\u0161\u00ed p\u0159ehled o&nbsp;d\u011bn\u00ed venku.<\/p>\n<p>V\u00edce informac\u00ed o&nbsp;historii po\u0161tol\u010d\u00edho hn\u00edzda a&nbsp;pr\u016fb\u011bhu po\u0161tol\u010d\u00edho roku v&nbsp;lod\u017eii poskytuje \u010dl\u00e1nek <a title=\"O po\u0161tolk\u00e1ch aneb historie hn\u00edzda\" href=\"https:\/\/tinnunculus.sy-sy.cz\/index.php\/2013\/05\/24\/o-postolkach-aneb-historie-hnizda\/\">O po\u0161tolk\u00e1ch aneb historie hn\u00edzda<\/a> (popisuj\u00edc\u00ed obdob\u00ed hn\u00edzd\u011bn\u00ed do roku 2016)\u00a0 a&nbsp;na n\u011bj navazuj\u00edc\u00ed <a href=\"https:\/\/tinnunculus.sy-sy.cz\/index.php\/o-postolkach-aneb-historie-hnizda-ii\/\">Historie hn\u00edzda II<\/a>..<\/p>\n<p>Podrobn\u011bj\u0161\u00ed \u00fadaje z&nbsp;jednotliv\u00fdch sez\u00f3n najdete v&nbsp;<a href=\"https:\/\/tinnunculus.sy-sy.cz\/index.php\/deniky\/\">den\u00edc\u00edch<\/a>.<\/p>\n<ul>\n<li><a href=\"https:\/\/tinnunculus.sy-sy.cz\/index.php\/blog\/nase-postolky\/\">Souvisej\u00edc\u00ed p\u0159\u00edsp\u011bvky<\/a><\/li>\n<\/ul>\n<h4 id=\"p\u0159ehledy-statistick\u00e9:\">P\u0159ehledy statistick\u00e9:<\/h4>\n<ul>\n<li><a title=\"P\u0159ehled po\u0161tol\u010d\u00edch sez\u00f3n\" href=\"https:\/\/tinnunculus.sy-sy.cz\/index.php\/postolci-sezony\/\">Po\u0161tol\u010d\u00ed sez\u00f3ny 2007 &#8211; ?<\/a><\/li>\n<li><a href=\"https:\/\/tinnunculus.sy-sy.cz\/index.php\/postolci-sezony\/kestrel-seasons\/\">Kestrel seasons 2007 &#8211; ?<\/a><\/li>\n<li><a href=\"https:\/\/tinnunculus.sy-sy.cz\/index.php\/postolci-sezony\/faucons-crecerelle\/\">Faucons cr\u00e9cerelle saisons 2007 &#8211; ?<\/a><\/li>\n<li><a href=\"https:\/\/tinnunculus.sy-sy.cz\/index.php\/postolci-sezony\/turmfalken\/\">Turmfalken Nistsaison 2007 &#8211; ?<\/a><\/li>\n<\/ul>\n<p><a title=\"statistika\" href=\"https:\/\/docs.google.com\/spreadsheets\/d\/1D7zH0JPBP9l9sPBZBxEY6VdHhC-Phj3Dl-4QBQHJ9GU\/pubhtml\" target=\"_blank\" rel=\"noopener noreferrer\">Statistick\u00e9 kalend\u00e1rium<\/a><\/p>\n<p><a href=\"https:\/\/tinnunculus.sy-sy.cz\/index.php\/krouzkovani\/\" target=\"_blank\" rel=\"noopener noreferrer\">Krou\u017ekov\u00e1n\u00ed<\/a><\/p>\n<p>&nbsp;<\/p>\n","protected":false},"excerpt":{"rendered":"<p>Po\u0161tolky u&nbsp;n\u00e1s pravideln\u011b hn\u00edzd\u00ed od roku 2007.\u00a0 Vybraly si k&nbsp;tomu nejprve zastr\u010den\u00fd kout za starou sk\u0159\u00ed\u0148kou vystr\u010denou do lod\u017eie po&nbsp;po\u017e\u00e1ru.\u00a0 V\u00a0roce\u00a02016 byla po\u0161tol\u010d\u00ed hn\u00edzdn\u00ed sez\u00f3na dramaticky poznamen\u00e1na stavebn\u00edmi pracemi spojen\u00fdmi s&nbsp;tzv.&nbsp;revitalizac\u00ed, kter\u00e9 se prot\u00e1hly a\u017e do n\u00e1sleduj\u00edc\u00edho roku.\u00a0 I&nbsp;kdy\u017e v&nbsp;n\u00e1sleduj\u00edc\u00ed sez\u00f3n\u011b 2017 jevily o&nbsp;hn\u00edzdo z\u00e1jem, zahn\u00edzdily zde op\u011bt a\u017e v&nbsp;roce 2018.\u00a0 Vybraly si ale jin\u00e9 &hellip; <\/p>\n<p class=\"link-more\"><a href=\"https:\/\/tinnunculus.sy-sy.cz\/index.php\/postolci-sezony\/historie-hnizda\/\" class=\"more-link\">Pokra\u010dovat ve \u010dten\u00ed<span class=\"screen-reader-text\"> &#8222;Historie po\u0161tol\u010d\u00edho hn\u00edzda&#8220;<\/span><\/a><\/p>\n","protected":false},"author":2,"featured_media":0,"parent":733,"menu_order":1,"comment_status":"closed","ping_status":"closed","template":"","meta":{"footnotes":""},"categories":[],"tags":[],"class_list":["post-1697","page","type-page","status-publish","hentry"],"jetpack_shortlink":"https:\/\/wp.me\/P91gKE-rn","jetpack-related-posts":[{"id":14867,"url":"https:\/\/tinnunculus.sy-sy.cz\/index.php\/postolci-sezony\/historie-hnizda\/o-postolkach-aneb-historie-hnizda-ii\/","url_meta":{"origin":1697,"position":0},"title":"Historie hn\u00edzda II","author":"Zuzana Syrov\u00e1 An\u00fd\u017eov\u00e1","date":"14\/03\/2021","format":false,"excerpt":"Historii po\u0161tol\u010d\u00edho hn\u00edzda v na\u0161\u00ed lod\u017eii jsme poprv\u00e9 sepsali v roce 2013. Tehdy u n\u00e1s hn\u00edzdily u\u017e sedm\u00fdm rokem ve skryt\u00e9m kout\u011b za sk\u0159\u00ed\u0148kou na opa\u010dn\u00e9 stran\u011b od vstupn\u00edch dve\u0159\u00ed. Historii, pr\u016fb\u011b\u017en\u011b aktualizovanou a\u017e do zlomov\u00e9ho roku 2016, najdete zde. V\u0161e se zm\u011bnilo, kdy\u017e se 31. b\u0159ezna 2016 b\u011bhem dne\u2026","rel":"","context":"Podobn\u00fd p\u0159\u00edsp\u011bvek","block_context":{"text":"Podobn\u00fd p\u0159\u00edsp\u011bvek","link":""},"img":{"alt_text":"","src":"","width":0,"height":0},"classes":[]},{"id":18,"url":"https:\/\/tinnunculus.sy-sy.cz\/index.php\/a-homepage-section\/","url_meta":{"origin":1697,"position":1},"title":"O my\u0161\u00edch a&nbsp;po\u0161tolk\u00e1ch","author":"Zuzana Syrov\u00e1 An\u00fd\u017eov\u00e1","date":"28\/07\/2017","format":false,"excerpt":"Pro\u010d o po\u0161tolk\u00e1ch? Za d\u00e1vn\u00fdch a d\u00e1vn\u00fdch \u010das\u016f, n\u011bkdy t\u011bsn\u011b po roce 1986, kdy jsme se nast\u011bhovali do nov\u00e9ho bytu v panelov\u00e9m dom\u011b v s\u00eddli\u0161ti na okraji Brna, se v na\u0161\u00ed lod\u017eii objevily po\u0161tolky. Dlouh\u00e1 l\u00e9ta byla jejich obl\u00edben\u00fdm m\u00edstem pro p\u0159esp\u00e1n\u00ed a od roku 2007 zde i hn\u00edzd\u00ed. Vybraly\u2026","rel":"","context":"V \u201e\"Na\u0161e\" po\u0161tolky\u201c","block_context":{"text":"\"Na\u0161e\" po\u0161tolky","link":"https:\/\/tinnunculus.sy-sy.cz\/index.php\/category\/nasi\/nase-postolky\/"},"img":{"alt_text":"","src":"https:\/\/i0.wp.com\/tinnunculus.sy-sy.cz\/wp-content\/uploads\/2017\/08\/dsc22907_24x10cb-e1501697514766.jpg?fit=1200%2C500&ssl=1&resize=350%2C200","width":350,"height":200,"srcset":"https:\/\/i0.wp.com\/tinnunculus.sy-sy.cz\/wp-content\/uploads\/2017\/08\/dsc22907_24x10cb-e1501697514766.jpg?fit=1200%2C500&ssl=1&resize=350%2C200 1x, https:\/\/i0.wp.com\/tinnunculus.sy-sy.cz\/wp-content\/uploads\/2017\/08\/dsc22907_24x10cb-e1501697514766.jpg?fit=1200%2C500&ssl=1&resize=525%2C300 1.5x, https:\/\/i0.wp.com\/tinnunculus.sy-sy.cz\/wp-content\/uploads\/2017\/08\/dsc22907_24x10cb-e1501697514766.jpg?fit=1200%2C500&ssl=1&resize=700%2C400 2x, https:\/\/i0.wp.com\/tinnunculus.sy-sy.cz\/wp-content\/uploads\/2017\/08\/dsc22907_24x10cb-e1501697514766.jpg?fit=1200%2C500&ssl=1&resize=1050%2C600 3x"},"classes":[]},{"id":811,"url":"https:\/\/tinnunculus.sy-sy.cz\/index.php\/deniky\/2007-2\/","url_meta":{"origin":1697,"position":2},"title":"2007","author":"Zuzana Syrov\u00e1 An\u00fd\u017eov\u00e1","date":"04\/08\/2017","format":false,"excerpt":"\u2192 n\u00e1sleduj\u00edc\u00ed rok 2008 2007\/05\/10 - ji\u017e kompletn\u00ed sn\u016f\u0161ka 5 zrzav\u00fdch vajec; dal\u0161\u00ed b\u00edl\u00e9 vejce se st\u0159\u00eddav\u011b ocit\u00e1 pod sami\u010dkou a\u017e n\u011bkdy koncem kv\u011btna miz\u00ed 2007\/06\/03 - vyl\u00edhnut\u00e1 ji\u017e 4 po\u0161tol\u010data 2007\/06\/04 - vyl\u00edhnuto ji\u017e v\u0161ech p\u011bt po\u0161tol\u010dat 2007\/06\/20 - po\u0161tol\u010data se zdr\u017euj\u00ed p\u0159i vyhl\u00ed\u017een\u00ed rodi\u010d\u016f pod z\u00e1bradl\u00edm u\u00a0plas\u0165\u00e1ku 2007\/06\/24\u2026","rel":"","context":"V \u201eden\u00edk\u201c","block_context":{"text":"den\u00edk","link":"https:\/\/tinnunculus.sy-sy.cz\/index.php\/tag\/denik\/"},"img":{"alt_text":"","src":"https:\/\/i0.wp.com\/tinnunculus.sy-sy.cz\/wp-content\/uploads\/2024\/03\/dsc20412-1024x681.jpg?resize=350%2C200&ssl=1","width":350,"height":200,"srcset":"https:\/\/i0.wp.com\/tinnunculus.sy-sy.cz\/wp-content\/uploads\/2024\/03\/dsc20412-1024x681.jpg?resize=350%2C200&ssl=1 1x, https:\/\/i0.wp.com\/tinnunculus.sy-sy.cz\/wp-content\/uploads\/2024\/03\/dsc20412-1024x681.jpg?resize=525%2C300&ssl=1 1.5x"},"classes":[]},{"id":45253,"url":"https:\/\/tinnunculus.sy-sy.cz\/index.php\/deniky\/2027-2\/","url_meta":{"origin":1697,"position":3},"title":"2027","author":"Zuzana Syrov\u00e1 An\u00fd\u017eov\u00e1","date":"12\/12\/2025","format":false,"excerpt":"\u00a02026 p\u0159edchoz\u00ed rok \u2194 n\u00e1sleduj\u00edc\u00ed rok 2028 ?","rel":"","context":"V \u201e\"Na\u0161e\" po\u0161tolky\u201c","block_context":{"text":"\"Na\u0161e\" po\u0161tolky","link":"https:\/\/tinnunculus.sy-sy.cz\/index.php\/category\/nasi\/nase-postolky\/"},"img":{"alt_text":"","src":"","width":0,"height":0},"classes":[]},{"id":820,"url":"https:\/\/tinnunculus.sy-sy.cz\/index.php\/deniky\/2008-2\/","url_meta":{"origin":1697,"position":4},"title":"2008","author":"Zuzana Syrov\u00e1 An\u00fd\u017eov\u00e1","date":"04\/08\/2017","format":false,"excerpt":"2007 p\u0159edchoz\u00ed rok \u2194 n\u00e1sleduj\u00edc\u00ed rok 2009 2008\/02\/26 - po\u0161tolky se oz\u00fdvaj\u00ed v lod\u017eii 2008\/03\/15 - po\u0161tolky (? lo\u0148sk\u00e1 po\u0161tol\u010data) v po\u010dtu p\u011bti nav\u0161t\u00edvila lod\u017eii a vyv\u00e1d\u011bla; jeden same\u010dek se sokolnick\u00fdmi poutky na noh\u00e1ch 2008\/04\/10 - \u00faklid hn\u00edzdn\u00edho kouta; vystl\u00e1no senem; instalace kamery AXIS 207MW na hn\u00edzdo 2008\/04\/19 - prvn\u00ed\u2026","rel":"","context":"V \u201eden\u00edk\u201c","block_context":{"text":"den\u00edk","link":"https:\/\/tinnunculus.sy-sy.cz\/index.php\/tag\/denik\/"},"img":{"alt_text":"","src":"https:\/\/i0.wp.com\/tinnunculus.sy-sy.cz\/wp-content\/uploads\/2024\/03\/DSC_9634-1024x681.jpg?resize=350%2C200&ssl=1","width":350,"height":200,"srcset":"https:\/\/i0.wp.com\/tinnunculus.sy-sy.cz\/wp-content\/uploads\/2024\/03\/DSC_9634-1024x681.jpg?resize=350%2C200&ssl=1 1x, https:\/\/i0.wp.com\/tinnunculus.sy-sy.cz\/wp-content\/uploads\/2024\/03\/DSC_9634-1024x681.jpg?resize=525%2C300&ssl=1 1.5x"},"classes":[]},{"id":38491,"url":"https:\/\/tinnunculus.sy-sy.cz\/index.php\/deniky\/2026-2\/","url_meta":{"origin":1697,"position":5},"title":"2026","author":"Zuzana Syrov\u00e1 An\u00fd\u017eov\u00e1","date":"16\/12\/2024","format":false,"excerpt":"\u00a02025 p\u0159edchoz\u00ed rok \u2194 n\u00e1sleduj\u00edc\u00ed rok 2027 ? 2026\/01\/01 - po silvestrovsk\u00e9 noci str\u00e1ven\u00e9 v polici pod stropem nad hn\u00edzdem pan\u00ed po\u0161tolka odl\u00e9t\u00e1 v 7:34; pan po\u0161tolka, kter\u00fd tr\u00e1vil noc nezn\u00e1mo kde, se vrac\u00ed hned po r\u00e1nu zahnat holuby (8:17). 2026\/01\/03 - jedna kavka se sna\u017e\u00ed sebrat pan\u00ed po\u0161tolce hrabo\u0161e,\u2026","rel":"","context":"V \u201e\"Na\u0161e\" po\u0161tolky\u201c","block_context":{"text":"\"Na\u0161e\" po\u0161tolky","link":"https:\/\/tinnunculus.sy-sy.cz\/index.php\/category\/nasi\/nase-postolky\/"},"img":{"alt_text":"","src":"https:\/\/i0.wp.com\/tinnunculus.sy-sy.cz\/wp-content\/uploads\/2026\/02\/20260228-094239pe-0-e1772301397717-1024x577.jpg?resize=350%2C200&ssl=1","width":350,"height":200,"srcset":"https:\/\/i0.wp.com\/tinnunculus.sy-sy.cz\/wp-content\/uploads\/2026\/02\/20260228-094239pe-0-e1772301397717-1024x577.jpg?resize=350%2C200&ssl=1 1x, https:\/\/i0.wp.com\/tinnunculus.sy-sy.cz\/wp-content\/uploads\/2026\/02\/20260228-094239pe-0-e1772301397717-1024x577.jpg?resize=525%2C300&ssl=1 1.5x"},"classes":[]}],"jetpack_sharing_enabled":true,"_links":{"self":[{"href":"https:\/\/tinnunculus.sy-sy.cz\/index.php\/wp-json\/wp\/v2\/pages\/1697","targetHints":{"allow":["GET"]}}],"collection":[{"href":"https:\/\/tinnunculus.sy-sy.cz\/index.php\/wp-json\/wp\/v2\/pages"}],"about":[{"href":"https:\/\/tinnunculus.sy-sy.cz\/index.php\/wp-json\/wp\/v2\/types\/page"}],"author":[{"embeddable":true,"href":"https:\/\/tinnunculus.sy-sy.cz\/index.php\/wp-json\/wp\/v2\/users\/2"}],"replies":[{"embeddable":true,"href":"https:\/\/tinnunculus.sy-sy.cz\/index.php\/wp-json\/wp\/v2\/comments?post=1697"}],"version-history":[{"count":1,"href":"https:\/\/tinnunculus.sy-sy.cz\/index.php\/wp-json\/wp\/v2\/pages\/1697\/revisions"}],"predecessor-version":[{"id":32547,"href":"https:\/\/tinnunculus.sy-sy.cz\/index.php\/wp-json\/wp\/v2\/pages\/1697\/revisions\/32547"}],"up":[{"embeddable":true,"href":"https:\/\/tinnunculus.sy-sy.cz\/index.php\/wp-json\/wp\/v2\/pages\/733"}],"wp:attachment":[{"href":"https:\/\/tinnunculus.sy-sy.cz\/index.php\/wp-json\/wp\/v2\/media?parent=1697"}],"wp:term":[{"taxonomy":"category","embeddable":true,"href":"https:\/\/tinnunculus.sy-sy.cz\/index.php\/wp-json\/wp\/v2\/categories?post=1697"},{"taxonomy":"post_tag","embeddable":true,"href":"https:\/\/tinnunculus.sy-sy.cz\/index.php\/wp-json\/wp\/v2\/tags?post=1697"}],"curies":[{"name":"wp","href":"https:\/\/api.w.org\/{rel}","templated":true}]}}