{"id":16605,"date":"2021-06-15T14:47:10","date_gmt":"2021-06-15T12:47:10","guid":{"rendered":"https:\/\/tinnunculus.sy-sy.cz\/?page_id=16605"},"modified":"2025-12-28T20:13:56","modified_gmt":"2025-12-28T19:13:56","slug":"2022-2","status":"publish","type":"page","link":"https:\/\/tinnunculus.sy-sy.cz\/index.php\/deniky\/2022-2\/","title":{"rendered":"2022"},"content":{"rendered":"<p style=\"text-align: center;\"><img data-recalc-dims=\"1\" loading=\"lazy\" decoding=\"async\" data-attachment-id=\"18190\" data-permalink=\"https:\/\/tinnunculus.sy-sy.cz\/index.php\/deniky\/2022-2\/20220319_07-46-25\/\" data-orig-file=\"https:\/\/i0.wp.com\/tinnunculus.sy-sy.cz\/wp-content\/uploads\/2022\/03\/20220319_07-46-25-e1647773922873.jpg?fit=1038%2C584&amp;ssl=1\" data-orig-size=\"1038,584\" data-comments-opened=\"1\" data-image-meta=\"{&quot;aperture&quot;:&quot;0&quot;,&quot;credit&quot;:&quot;&quot;,&quot;camera&quot;:&quot;&quot;,&quot;caption&quot;:&quot;&quot;,&quot;created_timestamp&quot;:&quot;0&quot;,&quot;copyright&quot;:&quot;&quot;,&quot;focal_length&quot;:&quot;0&quot;,&quot;iso&quot;:&quot;0&quot;,&quot;shutter_speed&quot;:&quot;0&quot;,&quot;title&quot;:&quot;&quot;,&quot;orientation&quot;:&quot;0&quot;}\" data-image-title=\"20220319_07-46-25\" data-image-description=\"\" data-image-caption=\"\" data-large-file=\"https:\/\/i0.wp.com\/tinnunculus.sy-sy.cz\/wp-content\/uploads\/2022\/03\/20220319_07-46-25-e1647773922873.jpg?fit=525%2C295&amp;ssl=1\" class=\"wp-image-18190 size-large aligncenter\" src=\"https:\/\/i0.wp.com\/tinnunculus.sy-sy.cz\/wp-content\/uploads\/2022\/03\/20220319_07-46-25.jpg?resize=525%2C295&#038;ssl=1\" alt=\"\" width=\"525\" height=\"295\" \/><\/p>\n<p style=\"text-align: center;\"><em><a href=\"https:\/\/tinnunculus.sy-sy.cz\/index.php\/2021-2\/\">2021 <\/a><\/em><em>\u00a0 <\/em><em>p\u0159edchoz\u00ed rok \u2194 n\u00e1sleduj\u00edc\u00ed rok <a href=\"https:\/\/tinnunculus.sy-sy.cz\/index.php\/2023-2\/\">2023<\/a><\/em><\/p>\n<p><!--more--><\/p>\n<ul>\n<li>2022\/01\/01 &#8211; o&nbsp;silvestrovsk\u00e9 noci se po\u0161tol\u010d\u00ed sami\u010dka nenech\u00e1v\u00e1 zapla\u0161it a&nbsp;na rozd\u00edl od same\u010dka vydr\u017e\u00ed na bid\u00fdlku a\u017e do r\u00e1na<\/li>\n<li>2022\/01\/04 &#8211; ve\u010der p\u0159il\u00e9t\u00e1 ciz\u00ed po\u0161tolka; je zahn\u00e1na same\u010dkem (16:30)<\/li>\n<li>2022\/01\/16 &#8211; ve\u010der same\u010dek p\u0159in\u00e1\u0161\u00ed do lod\u017eie hrabo\u0161e a&nbsp;konzumuje ho na bid\u00fdlku; sami\u010dka v\u0161ak se na noc nevrac\u00ed (poprv\u00e9 od 27.&nbsp;9.&nbsp;2019)<\/li>\n<li>2022\/01\/19 &#8211; po\u0161tol\u010d\u00ed sami\u010dka se op\u011bt nevrac\u00ed na noc<\/li>\n<li>2022\/02\/12 &#8211; ciz\u00ed po\u0161tol\u010d\u00ed sami\u010dka p\u0159il\u00e9t\u00e1 v&nbsp;pat\u00e1ch za dom\u00e1c\u00edm same\u010dkem a&nbsp;diskutuj\u00ed spolu v&nbsp;hn\u00edzdn\u00ed bed\u00fdnce a&nbsp;v&nbsp;sousedn\u00edm ko\u0161i (10:04\u201410:14)<\/li>\n<li>2022\/02\/18 &#8211; dom\u00e1c\u00ed same\u010dek se marn\u011b sna\u017e\u00ed p\u0159il\u00e1kat kolemlet\u00edc\u00ed sami\u010dku (9:18); ciz\u00ed sami\u010dka zal\u00e9t\u00e1 do lod\u017eie (10:55, 10:57); odpoledne op\u011bt p\u0159il\u00e9t\u00e1 spolu s&nbsp;dal\u0161\u00ed po\u0161tolkou za same\u010dkem a&nbsp;tr\u00e1v\u00ed s&nbsp;n\u00edm cel\u00fdch 20 minut (14:19\u201414:39)<\/li>\n<li>2022\/02\/19 &#8211; nov\u00e1 sami\u010dka a&nbsp;dom\u00e1c\u00ed same\u010dek se objevuj\u00ed n\u011bkolikr\u00e1t b\u011bhem dne &#8211; jednotliv\u011b i&nbsp;spole\u010dn\u011b<\/li>\n<li>2022\/02\/20 &#8211; p\u00e1\u0159en\u00ed na z\u00e1bradl\u00ed (7:20); pokus o&nbsp;p\u0159ed\u00e1n\u00ed hrabo\u0161e (8:23)<\/li>\n<li>2022\/03\/04 &#8211; zprovozn\u011bna nov\u00e1 kamera AXIS M1135 (2)<\/li>\n<li>2022\/03\/12 &#8211;\u00a0 za po\u0161tol\u010d\u00edm same\u010dkem p\u0159il\u00e9t\u00e1 do lod\u017eie sami\u010dka s&nbsp;\u0161ed\u00fdm oc\u00e1skem a&nbsp;hned po&nbsp;n\u00ed jeho nov\u00e1 dru\u017eka s&nbsp;hn\u011bd\u00fdm oc\u00e1skem (16:06\u201406:08)<\/li>\n<li>2022\/03\/15 &#8211; sami\u010dka s&nbsp;\u0161ed\u00fdm oc\u00e1skem (stejn\u00e1?) zp\u016fsobuje op\u011bt rozruch (11:34\u201411:38)<\/li>\n<li>2022\/03\/19 &#8211; po&nbsp;r\u00e1nu se objevuj\u00ed kavky ji\u017e v&nbsp;p\u0159ede\u0161l\u00fdch dnech se zaj\u00edmaj\u00edc\u00ed o&nbsp;ror\u00fdsovn\u00edk; sna\u017e\u00ed se proniknout i&nbsp;do lod\u017eie, kterou dom\u00e1c\u00ed \u00fasp\u011b\u0161n\u011b br\u00e1n\u00ed<\/li>\n<li>2022\/03\/20 &#8211; dva p\u00e1ry kavek op\u011bt obletuj\u00ed a&nbsp;sna\u017e\u00ed se obsadit ror\u00fdsovn\u00edk<\/li>\n<li>2022\/03\/21 &#8211; kavky se op\u011bt r\u00e1no objevuj\u00ed a&nbsp;zaj\u00edmaj\u00ed se o&nbsp;lod\u017eii a&nbsp;ror\u00fdsovn\u00edk<\/li>\n<li>2022\/03\/22 &#8211; kavky na ror\u00fdsovn\u00edku<\/li>\n<li>2022\/03\/23 &#8211; ciz\u00ed po\u0161tolka<\/li>\n<li>2022\/03\/27 &#8211; kavky se op\u011bt sna\u017e\u00ed proniknout do lod\u017eie<\/li>\n<li>2022\/03\/28 &#8211; po\u0161tol\u010d\u00ed sami\u010dka ve\u010der zah\u00e1n\u00ed same\u010dka a&nbsp;poprv\u00e9 sama p\u0159esp\u00e1v\u00e1 v&nbsp;lod\u017eii na bid\u00fdlku nad star\u00fdm hn\u00edzdem<\/li>\n<li>2022\/03\/29 &#8211; v&nbsp;lod\u017eii p\u0159esp\u00e1v\u00e1 sami\u010dka i&nbsp;same\u010dek, i&nbsp;kdy\u017e se to neobejde bez velik\u00e9ho k\u0159iku; opakuje se i&nbsp;n\u00e1sleduj\u00edc\u00ed ve\u010dery a&nbsp;noci<\/li>\n<li>2022\/04\/03 &#8211; zprovozn\u011bna nov\u00e1 kamera AXIS P1224-E (2)<\/li>\n<li>2022\/04\/09 &#8211; souboj po\u0161tol\u010d\u00edch sami\u010dek (17:49\u201418:02)<\/li>\n<li>2022\/04\/12 &#8211; konflikt s&nbsp;kavkami (10:29\u201410:34); z\u00e1jem kavek pokra\u010duje i&nbsp;v&nbsp;n\u00e1sleduj\u00edc\u00edch dnech<\/li>\n<li>2022\/04\/14 &#8211; kavky podrobn\u011b zkoumaj\u00ed lod\u017eii v\u010detn\u011b hn\u00edzda a&nbsp;ko\u0161e p\u0159ed hn\u00edzdem (9:40\u20149:48); konflikt dom\u00e1c\u00edch s&nbsp;ciz\u00ed po\u0161tolkou (13:48\u201413:57)<\/li>\n<li>2022\/04\/22 &#8211; zahn\u00e1n\u00ed ciz\u00ed po\u0161tolky (18:55)<\/li>\n<li>2022\/04\/24 &#8211; instalace budky pro ror\u00fdsy na parapetu okna<\/li>\n<li><strong>2022\/05\/02<\/strong> &#8211; sneseno 1.&nbsp;vejce (7:35\u20147:38)<\/li>\n<li><strong>2022\/05\/04<\/strong> &#8211; sneseno 2.&nbsp;vejce (p\u0159ed 9:30)<\/li>\n<li><strong>2022\/05\/06<\/strong> &#8211; sneseno 3.&nbsp;vejce (p\u0159ed 12:33)<\/li>\n<li>2022\/05\/09 &#8211; same\u010dek nep\u0159esp\u00e1v\u00e1 v&nbsp;lod\u017eii<\/li>\n<li>2022\/05\/10 &#8211; sami\u010dka dosud tr\u00e1v\u00ed hodn\u011b \u010dasu mimo hn\u00edzdo; ve\u010der po&nbsp;des\u00e1t\u00e9 hodin\u011b ho op\u011bt opou\u0161t\u00ed a&nbsp;p\u0159esp\u00e1v\u00e1 na bid\u00fdlku<\/li>\n<li>2022\/05\/11 &#8211; prvn\u00ed ror\u00fds na prot\u011bj\u0161\u00ed stran\u011b domu (12:15)<\/li>\n<li>2022\/05\/12\u20142022\/05\/13 &#8211; sami\u010dka dosud tr\u00e1v\u00ed podstatnou \u010d\u00e1st noci na bid\u00fdlku nad hn\u00edzdem (22:15\u20143:04)<\/li>\n<li>2022\/05\/13\u20142022\/05\/14 &#8211; sami\u010dka kone\u010dn\u011b tr\u00e1v\u00ed celou noc na hn\u00edzd\u011b<\/li>\n<li><strong>2022\/05\/14<\/strong> &#8211; sneseno 4.&nbsp;vejce (skoro \u00fapln\u011b b\u00edl\u00e9) (p\u0159ed 10:15)<\/li>\n<li>2022\/05\/15 &#8211; same\u010dek p\u0159in\u00e1\u0161\u00ed sami\u010dce ror\u00fdse (20:21)<\/li>\n<li>2022\/05\/16 &#8211; ciz\u00ed mlad\u00fd same\u010dek zahn\u00e1n dom\u00e1c\u00ed sami\u010dkou (5:32)<\/li>\n<li><strong>2022\/06\/07<\/strong> &#8211; vyl\u00edhla se 3 po\u0161tol\u010data (12:07; 16:08; 18:40)<\/li>\n<li><strong>2022\/06\/11<\/strong> &#8211; vyl\u00edhlo se 4.&nbsp;po\u0161tol\u010de (06:34); sami\u010dka zah\u00e1n\u00ed ciz\u00edho same\u010dka (11:58)<\/li>\n<li>2022\/06\/15 &#8211; sami\u010dka tr\u00e1v\u00ed noc na bid\u00fdlku<\/li>\n<li>2022\/06\/16 &#8211; pan po\u0161tolka ulovil ror\u00fdse z&nbsp;ror\u00fdsovn\u00edku vedle lod\u017eie (07:28)<\/li>\n<li>2022\/06\/25 &#8211; po\u0161tol\u010data se p\u0159emis\u0165uj\u00ed do ko\u0161e (1839\u201418:55); sami\u010dka odl\u00e9t\u00e1 vypla\u0161ena oh\u0148ostrojem na p\u0159ehrad\u011b (22:30)<\/li>\n<li>2022\/06\/26 &#8211; po\u0161tol\u010de p\u0159i&nbsp;krmen\u00ed poprv\u00e9 na kv\u011btin\u00e1\u010di (7:25)<\/li>\n<li>2022\/06\/29 &#8211; krou\u017ekov\u00e1n\u00ed po\u0161tol\u010dat (19:22\u201419:35); po\u0161tolka shazuje kameru \u010d.&nbsp;9; pot\u00e9 co ji zapla\u0161\u00ed oh\u0148ostroj na brn\u011bnsk\u00e9 p\u0159ehrad\u011b (22:30), je kamera provizorn\u011b upevn\u011bna do p\u016fvodn\u00ed polohy<\/li>\n<li>2022\/06\/30 &#8211; po\u0161tol\u010de se \u017elut\u00fdm krou\u017ekem vyskakuje &#8222;jen tak&#8220; na kv\u011btin\u00e1\u010d v&nbsp;ko\u0161i (19:36)<\/li>\n<li>2022\/07\/01 &#8211; po\u0161tol\u010de s&nbsp;\u010derven\u00fdm krou\u017ekem se p\u0159ipojuje k&nbsp;po\u0161tol\u010deti na kv\u011btin\u00e1\u010di (14:22)<\/li>\n<li>2022\/07\/02 &#8211; po\u0161tol\u010d\u00ed sami\u010dku ve\u010der op\u011bt vypla\u0161\u00ed oh\u0148ostroj; same\u010dek, rovn\u011b\u017e nocuj\u00edc\u00ed v&nbsp;lod\u017eii, se uk\u00e1\u017ee jako state\u010dn\u011bj\u0161\u00ed a&nbsp;z\u016fst\u00e1v\u00e1 v&nbsp;lod\u017eii a\u017e do r\u00e1na<\/li>\n<li>2022\/07\/03 &#8211; vzdu\u0161n\u00fd souboj same\u010dk\u016f (5:31); sami\u010dka se objevuje po&nbsp;v\u010derej\u0161\u00edm oh\u0148ostroji a\u017e pom\u011brn\u011b pozd\u011b, ale s&nbsp;ko\u0159ist\u00ed pro po\u0161tol\u010data (10:24)<\/li>\n<li>2022\/07\/04 &#8211; pan po\u0161tolka zah\u00e1n\u00ed zv\u011bdav\u00e9 kavky (6:41); 3 po\u0161tol\u010data na kv\u011btin\u00e1\u010di (11:06)<\/li>\n<li>2022\/07\/06 &#8211; \u010dtvrt\u00e9 po\u0161tol\u010de na kv\u011btin\u00e1\u010di (18:25)<\/li>\n<li>2022\/07\/09 &#8211; prvn\u00ed po\u0161tol\u010de (se \u017elut\u00fdm krou\u017ekem ES 65007) vyl\u00e9t\u00e1 z&nbsp;ko\u0161e a&nbsp;p\u0159ist\u00e1v\u00e1 na z\u00e1bradl\u00ed (8.05), p\u0159el\u00e9t\u00e1 na sk\u0159\u00ed\u0148ku a&nbsp;odtud zp\u011bt do ko\u0161e (8:12); po\u0161tol\u010de (? to stejn\u00e9) p\u0159el\u00e9t\u00e1 napod\u00e9l lod\u017eii a&nbsp;p\u0159ist\u00e1v\u00e1 nad bid\u00fdlky (8:36); dal\u0161\u00ed po\u0161tol\u010de (s&nbsp;\u010derven\u00fdm krou\u017ekem ES 65008) se vyd\u00e1v\u00e1 na z\u00e1bradl\u00ed v&nbsp;11:55, t\u0159et\u00ed (s&nbsp;modr\u00fdm krou\u017ekem ES 65005) p\u0159el\u00e9t\u00e1 ve 12:21 na sk\u0159\u00ed\u0148ku; t\u0159i star\u0161\u00ed pak st\u0159\u00eddaj\u00ed pobyt na sk\u0159\u00ed\u0148ce a&nbsp;stoli\u010dce s&nbsp;kamerou v&nbsp;protilehl\u00e9m kout\u011b, ob\u010das p\u0159elet\u00ed n\u011bkter\u00e9 z&nbsp;nich zp\u011bt do ko\u0161e za nejmlad\u0161\u00edm<\/li>\n<li>2022\/07\/10 &#8211; prvn\u00ed po\u0161tol\u010de na bid\u00fdlku nad hn\u00edzdem (5:50)<\/li>\n<li><strong>2022\/07\/11<\/strong> &#8211; prvn\u00ed po\u0161tol\u010de vyl\u00e9t\u00e1 ven z&nbsp;lod\u017eie (6:00); dv\u011b po\u0161tol\u010data na bid\u00fdlk\u00e1ch nad hn\u00edzdem (6:12); druh\u00e9 po\u0161tol\u010de vyl\u00e9t\u00e1 ven z&nbsp;lod\u017eie (9:25); nejmlad\u0161\u00ed po\u0161tol\u010de se odhodl\u00e1v\u00e1 opustit ko\u0161 a&nbsp;p\u0159ist\u00e1v\u00e1 na z\u00e1bradl\u00ed (9:54); T\u0159et\u00ed po\u0161tol\u010de odl\u00e9t\u00e1 do ulice 10:43; nejmlad\u0161\u00ed po\u0161tol\u010de se dost\u00e1v\u00e1 zp\u011bt do ko\u0161e (16:25); tr\u00e1v\u00ed noc v&nbsp;lod\u017eii samo v&nbsp;ko\u0161i &#8211; rodi\u010de i&nbsp;sourozenci z\u016fst\u00e1vaj\u00ed n\u011bkde venku<\/li>\n<li><strong>2022\/07\/12<\/strong> &#8211; nejmlad\u0161\u00ed po\u0161tol\u010de vyl\u00e9t\u00e1 do ulice (6:12) a&nbsp;p\u0159es stromy se postupn\u011b dost\u00e1v\u00e1 na roh na atice prot\u011bj\u0161\u00edho domu (6:40); do lod\u017eie se u\u017e stejn\u011b jako jeho sourozenci nevrac\u00ed; nad\u00e1le sem zal\u00e9taj\u00ed a&nbsp;p\u0159esp\u00e1vaj\u00ed pouze po\u0161tol\u010d\u00ed rodi\u010de<\/li>\n<li>2022\/07\/22 &#8211; na z\u00e1bradl\u00ed p\u0159ist\u00e1v\u00e1 ciz\u00ed same\u010dek (11:42),, odl\u00e9t\u00e1 vypla\u0161en p\u0159\u00edletem same\u010dka dom\u00e1c\u00edho<\/li>\n<li>2022\/07\/23 &#8211; na z\u00e1bradl\u00ed p\u0159ist\u00e1v\u00e1 ciz\u00ed same\u010dek (11:34), odl\u00e9t\u00e1 vypla\u0161en p\u0159\u00edletem same\u010dka dom\u00e1c\u00edho (11:36); za dom\u00e1c\u00ed sami\u010dkou a&nbsp;same\u010dkem p\u0159il\u00e9t\u00e1 po\u0161tol\u010de s&nbsp;krou\u017ekem na prav\u00e9 noze a&nbsp;sna\u017e\u00ed se n\u011bco vyloudit (18:40\u201418:43)<\/li>\n<li>2022\/07\/25 &#8211; za sami\u010dkou odpo\u010d\u00edvaj\u00edc\u00ed na bid\u00fdlku nad star\u00fdm hn\u00edzdem p\u0159il\u00e9t\u00e1 okrou\u017ekovan\u00e9 po\u0161tol\u010de (18:47); jedno okrou\u010dkovan\u00e9 po\u0161tol\u010de se objevuje i&nbsp;v&nbsp;n\u00e1sleduj\u00edc\u00edch dnech (? to sam\u00e9)<\/li>\n<li>2022\/08\/03 &#8211; p\u0159em\u00edst\u011bn\u00ed kamery AXIS P1224-E (2) ke dve\u0159\u00edm nad hn\u00edzdo<\/li>\n<li>2022\/08\/07 &#8211; dom\u00e1c\u00ed po\u0161tol\u010d\u00ed same\u010dek zah\u00e1n\u00ed nezvan\u00e9ho souseda (19:30)<\/li>\n<li>2022\/08\/09 &#8211; pan po\u0161tolka opakovan\u011b zah\u00e1n\u00ed holuby (12:36; 15:09)<\/li>\n<li>2022\/08\/10 &#8211; dal\u0161\u00ed konflikt s&nbsp;holuby (6:39\u20146:42)<\/li>\n<li>2022\/08\/15 &#8211; dom\u00e1c\u00ed sami\u010dka zah\u00e1n\u00ed po\u0161tol\u010de (18:45\u201419:04)<\/li>\n<li>2022\/08\/18 &#8211; dom\u00e1c\u00ed sami\u010dka zah\u00e1n\u00ed ciz\u00edho same\u010dka (19:21)<\/li>\n<li>2022\/08\/19 &#8211; op\u011bt ciz\u00ed same\u010dek, kter\u00e9ho dom\u00e1c\u00ed sami\u010dka zah\u00e1n\u00ed (5:51)<\/li>\n<li>2022\/08\/31 &#8211; sami\u010dka zah\u00e1n\u00ed ciziho same\u010dka, kter\u00fd se odv\u00e1\u017eil usednout na z\u00e1bradl\u00ed (6:15), na podporu j\u00ed p\u0159il\u00e9t\u00e1 same\u010dek dom\u00e1c\u00ed<\/li>\n<li>2022\/09\/20 &#8211; s\u00fdkorky zkoumaj\u00ed udku pro ror\u00fdsi na parapetu<\/li>\n<li>2022\/10\/17 &#8211; same\u010dek p\u0159in\u00e1\u0161\u00ed my\u0161e, o&nbsp;kter\u00e9ho se hrdl\u00ed dv\u011b sami\u010dky (15:01)<\/li>\n<li>2022\/11\/01 &#8211; brhl\u00edk zkoum\u00e1 budku pro ror\u00fdsi na parapetu<\/li>\n<li>2022\/11\/06 &#8211; same\u010dek p\u0159in\u00e1\u0161\u00ed my\u0161e a&nbsp;sami\u010dka ho hon\u00ed (15:19)<\/li>\n<li>2022\/12\/24 &#8211; sami\u010dka p\u0159il\u00e9t\u00e1 na noc a\u017e velmi pozd\u011b za tmy a&nbsp;sv\u00fdm p\u0159\u00edletem pla\u0161\u00ed same\u010dka<\/li>\n<\/ul>\n<div align=\"center\">Aktu\u00e1ln\u00ed d\u011bn\u00ed je mo\u017eno sledovat <a href=\"https:\/\/tinnunculus.sy-sy.cz\/index.php\/v-primem-prenosu\/\" target=\"_blank\" rel=\"noopener noreferrer\">zde<\/a>.<\/div>\n<div align=\"center\">\u00dadaje z\u00a0<a href=\"https:\/\/tinnunculus.sy-sy.cz\/index.php\/krouzkovani\/\" target=\"_blank\" rel=\"noopener noreferrer\">krou\u017ekov\u00e1n\u00ed<\/a>.<\/div>\n<div align=\"center\">Foto a&nbsp;videoarchiv <a href=\"https:\/\/photo.sy-sy.cz\/photo\/?t=Albums\/album_706f73746f6c65\/album_706f73746f6c652f32303232#Albums\/album_706f73746f6c65\/album_706f73746f6c652f32303232\" target=\"_blank\" rel=\"noopener\">2022<\/a>.<\/div>\n<div align=\"center\">Rok <a href=\"https:\/\/tinnunculus.sy-sy.cz\/index.php\/sezona-2022\/\">2022<\/a> v\u00a0Bloku (aneb blogu, bloku \u010dili z\u00e1pisn\u00edku).<\/div>\n<div align=\"center\">\u00a0\u2013<\/div>\n<p align=\"center\"><em><a href=\"https:\/\/tinnunculus.sy-sy.cz\/index.php\/2021-2\/\">2021\u00a0<\/a>\u00a0 p\u0159edchoz\u00ed rok \u2194 n\u00e1sleduj\u00edc\u00ed rok <a href=\"https:\/\/tinnunculus.sy-sy.cz\/index.php\/2023-2\/\">2023<\/a><\/em><\/p>\n<p><em>Pozn.: Z\u00e1kladn\u00ed informace o&nbsp;historii po\u0161tol\u010d\u00edho hn\u00edzda a&nbsp;pr\u016fb\u011bhu po\u0161tol\u010d\u00edho roku v\u00a0lod\u017eii poskytuje \u010dl\u00e1nek <a title=\"O po\u0161tolk\u00e1ch aneb historie hn\u00edzda\" href=\"https:\/\/tinnunculus.sy-sy.cz\/index.php\/2013\/05\/24\/o-postolkach-aneb-historie-hnizda\/\">O po\u0161tolk\u00e1ch aneb historie hn\u00edzda<\/a> a&nbsp;n\u011bj navazuj\u00edc\u00ed <a href=\"https:\/\/tinnunculus.sy-sy.cz\/index.php\/o-postolkach-aneb-historie-hnizda-ii\/\">Historie hn\u00edzda II<\/a>..<\/em><\/p>\n<p>Jak\u00e9 po\u010das\u00ed prov\u00e1zelo sez\u00f3nu 2022 lze nahl\u00e9dnout v&nbsp;historick\u00fdch ro\u010dn\u00edch a&nbsp;m\u011bs\u00ed\u010dn\u00edch datech <em><a href=\"https:\/\/tinnunculus.sy-sy.cz\/index.php\/pocasi-u-nas\/archiv-pocasi\/pocasi-2022\/\" target=\"_blank\" rel=\"noopener noreferrer\">zde<\/a>.<\/em><\/p>\n<p>&nbsp;<\/p>\n<p>Aktualizov\u00e1no <span class=\"last-modified-timestamp\">28\/12\/2025 20:13<\/span><\/p>\n","protected":false},"excerpt":{"rendered":"<p>2021 \u00a0 p\u0159edchoz\u00ed rok \u2194 n\u00e1sleduj\u00edc\u00ed rok 2023<\/p>\n","protected":false},"author":2,"featured_media":0,"parent":809,"menu_order":16,"comment_status":"closed","ping_status":"closed","template":"","meta":{"jetpack_post_was_ever_published":false,"footnotes":""},"categories":[],"tags":[1424],"class_list":["post-16605","page","type-page","status-publish","hentry","tag-denik"],"jetpack_shortlink":"https:\/\/wp.me\/P91gKE-4jP","jetpack-related-posts":[{"id":13997,"url":"https:\/\/tinnunculus.sy-sy.cz\/index.php\/deniky\/2021-2\/","url_meta":{"origin":16605,"position":0},"title":"2021","author":"Zuzana Syrov\u00e1 An\u00fd\u017eov\u00e1","date":"30\/11\/2020","format":false,"excerpt":"2020\u00a0 p\u0159edchoz\u00ed rok \u2194 n\u00e1sleduj\u00edc\u00ed rok 2022\u00a0 2021\/01\/01 \u2013 po\u0161tol\u010d\u00ed sami\u010dka vypla\u0161en\u00e1 o p\u016flnoci silvestrovsk\u00fdmi petardami p\u0159il\u00e9t\u00e1 a\u017e odpoledne (14:35); same\u010dek se objevuje vz\u00e1p\u011bt\u00ed za n\u00ed (14:54) 2021\/01\/10 - po\u0161tol\u010d\u00ed sami\u010dka se po p\u0159\u00edletu na noc (16:40) uchyluje do police pod stropem u dve\u0159\u00ed, kde vydr\u017e\u00ed a\u017e do 19:02 2021\/01\/26\u2026","rel":"","context":"V \u201eden\u00edk\u201c","block_context":{"text":"den\u00edk","link":"https:\/\/tinnunculus.sy-sy.cz\/index.php\/tag\/denik\/"},"img":{"alt_text":"","src":"https:\/\/i0.wp.com\/tinnunculus.sy-sy.cz\/wp-content\/uploads\/2021\/03\/20210331-1322037018-1024x576.jpg?resize=350%2C200&ssl=1","width":350,"height":200,"srcset":"https:\/\/i0.wp.com\/tinnunculus.sy-sy.cz\/wp-content\/uploads\/2021\/03\/20210331-1322037018-1024x576.jpg?resize=350%2C200&ssl=1 1x, https:\/\/i0.wp.com\/tinnunculus.sy-sy.cz\/wp-content\/uploads\/2021\/03\/20210331-1322037018-1024x576.jpg?resize=525%2C300&ssl=1 1.5x"},"classes":[]},{"id":10186,"url":"https:\/\/tinnunculus.sy-sy.cz\/index.php\/deniky\/2020-2\/","url_meta":{"origin":16605,"position":1},"title":"2020","author":"Zuzana Syrov\u00e1 An\u00fd\u017eov\u00e1","date":"29\/12\/2019","format":false,"excerpt":"2019\u00a0 p\u0159edchoz\u00ed rok \u2194 n\u00e1sleduj\u00edc\u00ed rok 2021 2020\/01\/01 - po\u0161tol\u010d\u00ed sami\u010dka vypla\u0161en\u00e1 p\u0159edchoz\u00ed ve\u010der silvestrovsk\u00fdmi petardami p\u0159il\u00e9t\u00e1 spolu se same\u010dkem na rann\u00ed inspekci (7:41\u20137:45); objevuj\u00ed se pak n\u011bkolikr\u00e1t za den a ve\u010der sami\u010dka op\u011bt p\u0159il\u00e9t\u00e1 na noc 2020\/01\/02 - po\u0161tol\u010d\u00ed sami\u010dka si p\u0159in\u00e1\u0161\u00ed do lod\u017eie hrabo\u0161e (9:12) 2020\/01\/06 - same\u010dek\u2026","rel":"","context":"V \u201eden\u00edk\u201c","block_context":{"text":"den\u00edk","link":"https:\/\/tinnunculus.sy-sy.cz\/index.php\/tag\/denik\/"},"img":{"alt_text":"","src":"https:\/\/i0.wp.com\/tinnunculus.sy-sy.cz\/wp-content\/uploads\/2020\/01\/20200101_08-20-38uprav-1024x677.jpg?resize=350%2C200&ssl=1","width":350,"height":200,"srcset":"https:\/\/i0.wp.com\/tinnunculus.sy-sy.cz\/wp-content\/uploads\/2020\/01\/20200101_08-20-38uprav-1024x677.jpg?resize=350%2C200&ssl=1 1x, https:\/\/i0.wp.com\/tinnunculus.sy-sy.cz\/wp-content\/uploads\/2020\/01\/20200101_08-20-38uprav-1024x677.jpg?resize=525%2C300&ssl=1 1.5x"},"classes":[]},{"id":2672,"url":"https:\/\/tinnunculus.sy-sy.cz\/index.php\/deniky\/2018-2\/","url_meta":{"origin":16605,"position":2},"title":"2018","author":"Zuzana Syrov\u00e1 An\u00fd\u017eov\u00e1","date":"26\/12\/2017","format":false,"excerpt":"2017\u00a0 p\u0159edchoz\u00ed rok \u2194 n\u00e1sleduj\u00edc\u00ed rok 2019 2018\/01\/01 - sami\u010dka, zapla\u0161en\u00e1 o p\u0159edchoz\u00edm silvestrovsk\u00e9m ve\u010deru petardami, se vrac\u00ed p\u0159espat op\u011bt jako ka\u017ed\u00fd den na bid\u00fdlku (16:20) 2018\/01\/12 - sami\u010dka p\u0159il\u00e9taj\u00edc\u00ed v podve\u010der na bid\u00fdlko si ssebou p\u0159in\u00e1\u0161\u00ed a konzumuje my\u0161e (16:36) 2018\/01\/16 - sn\u011b\u017e\u00ed a fouk\u00e1 studen\u00fd v\u00edtr a tak\u2026","rel":"","context":"V \u201eden\u00edk\u201c","block_context":{"text":"den\u00edk","link":"https:\/\/tinnunculus.sy-sy.cz\/index.php\/tag\/denik\/"},"img":{"alt_text":"","src":"https:\/\/i0.wp.com\/tinnunculus.sy-sy.cz\/wp-content\/uploads\/2018\/07\/P1390922u0-1024x710.jpg?resize=350%2C200&ssl=1","width":350,"height":200,"srcset":"https:\/\/i0.wp.com\/tinnunculus.sy-sy.cz\/wp-content\/uploads\/2018\/07\/P1390922u0-1024x710.jpg?resize=350%2C200&ssl=1 1x, https:\/\/i0.wp.com\/tinnunculus.sy-sy.cz\/wp-content\/uploads\/2018\/07\/P1390922u0-1024x710.jpg?resize=525%2C300&ssl=1 1.5x"},"classes":[]},{"id":20315,"url":"https:\/\/tinnunculus.sy-sy.cz\/index.php\/deniky\/2024-2\/","url_meta":{"origin":16605,"position":3},"title":"2024","author":"Zuzana Syrov\u00e1 An\u00fd\u017eov\u00e1","date":"31\/12\/2022","format":false,"excerpt":"\u00a02023 p\u0159edchoz\u00ed rok \u2194 n\u00e1sleduj\u00edc\u00ed rok 2025 2024\/01\/01 - pan po\u0161tolka vypla\u0161en silvestrovsk\u00fdmi petardami odl\u00e9t\u00e1 necelou minutu po p\u016flnoci; pan\u00ed po\u0161tolka z\u016fst\u00e1v\u00e1 a\u017e do r\u00e1na; pan po\u0161tolka se vrac\u00ed po jej\u00edm odletu v 8:02; ve\u010der se ale vrac\u00ed pouze pan\u00ed po\u0161tolka 2024\/01\/03 - pan po\u0161tolka se op\u011bt vrac\u00ed a\u017e r\u00e1no\u2026","rel":"","context":"V \u201e\"Na\u0161e\" po\u0161tolky\u201c","block_context":{"text":"\"Na\u0161e\" po\u0161tolky","link":"https:\/\/tinnunculus.sy-sy.cz\/index.php\/category\/nasi\/nase-postolky\/"},"img":{"alt_text":"","src":"https:\/\/i0.wp.com\/tinnunculus.sy-sy.cz\/wp-content\/uploads\/2024\/03\/20240323-1120525196-1024x576.jpg?resize=350%2C200&ssl=1","width":350,"height":200,"srcset":"https:\/\/i0.wp.com\/tinnunculus.sy-sy.cz\/wp-content\/uploads\/2024\/03\/20240323-1120525196-1024x576.jpg?resize=350%2C200&ssl=1 1x, https:\/\/i0.wp.com\/tinnunculus.sy-sy.cz\/wp-content\/uploads\/2024\/03\/20240323-1120525196-1024x576.jpg?resize=525%2C300&ssl=1 1.5x"},"classes":[]},{"id":857,"url":"https:\/\/tinnunculus.sy-sy.cz\/index.php\/deniky\/2017-2\/","url_meta":{"origin":16605,"position":4},"title":"2017","author":"Zuzana Syrov\u00e1 An\u00fd\u017eov\u00e1","date":"04\/08\/2017","format":false,"excerpt":"2016\u00a0 p\u0159edchoz\u00ed rok \u2194 n\u00e1sleduj\u00edc\u00ed rok 2018\u00a0 2017\/02\/19 - same\u010dek tik\u00e1 na z\u00e1bradl\u00ed a obhl\u00ed\u017e\u00ed lod\u017eii (11:15) 2017\/02\/21 - p\u00e1\u0159en\u00ed na z\u00e1bradl\u00ed (7:25) 2017\/02\/25 - znovuinstalov\u00e1no jedno z bid\u00fdlek u dve\u0159\u00ed 2017\/03\/01 - same\u010dek p\u0159il\u00e9t\u00e1 na bid\u00fdlko (17:14) a z\u016fst\u00e1v\u00e1 na noc 2017\/03\/02 - same\u010dek p\u0159il\u00e9t\u00e1 na bid\u00fdlko (16:51), ale\u2026","rel":"","context":"V \u201eden\u00edk\u201c","block_context":{"text":"den\u00edk","link":"https:\/\/tinnunculus.sy-sy.cz\/index.php\/tag\/denik\/"},"img":{"alt_text":"","src":"https:\/\/i0.wp.com\/tinnunculus.sy-sy.cz\/wp-content\/uploads\/2024\/03\/20170316_06-49-56a.jpg?resize=350%2C200&ssl=1","width":350,"height":200,"srcset":"https:\/\/i0.wp.com\/tinnunculus.sy-sy.cz\/wp-content\/uploads\/2024\/03\/20170316_06-49-56a.jpg?resize=350%2C200&ssl=1 1x, https:\/\/i0.wp.com\/tinnunculus.sy-sy.cz\/wp-content\/uploads\/2024\/03\/20170316_06-49-56a.jpg?resize=525%2C300&ssl=1 1.5x"},"classes":[]},{"id":29104,"url":"https:\/\/tinnunculus.sy-sy.cz\/index.php\/deniky\/2025-2\/","url_meta":{"origin":16605,"position":5},"title":"2025","author":"Zuzana Syrov\u00e1 An\u00fd\u017eov\u00e1","date":"28\/12\/2023","format":false,"excerpt":"\u00a02024 p\u0159edchoz\u00ed rok \u2194 n\u00e1sleduj\u00edc\u00ed rok 2026 ? 2025\/01\/01 - dom\u00e1c\u00ed po\u0161tol\u010d\u00ed p\u00e1r p\u0159e\u010dkal silvestrovskou noc v bezpe\u010d\u00ed lod\u017eie, on na bid\u00fdlku nad star\u00fdm hn\u00edzdem, ona v polici pod stropem nad hn\u00edzdem nov\u00fdm 2025\/01\/07 - pan\u00ed po\u0161tolka p\u0159il\u00e9t\u00e1 do lod\u017eie cel\u00e1 zkrvaven\u00e1, patrn\u011b se n\u011bkde poprala 2025\/02\/04 - pan po\u0161tolka\u2026","rel":"","context":"V \u201e\"Na\u0161e\" po\u0161tolky\u201c","block_context":{"text":"\"Na\u0161e\" po\u0161tolky","link":"https:\/\/tinnunculus.sy-sy.cz\/index.php\/category\/nasi\/nase-postolky\/"},"img":{"alt_text":"","src":"https:\/\/i0.wp.com\/tinnunculus.sy-sy.cz\/wp-content\/uploads\/2025\/02\/202502221082318-1024x576.jpg?resize=350%2C200&ssl=1","width":350,"height":200,"srcset":"https:\/\/i0.wp.com\/tinnunculus.sy-sy.cz\/wp-content\/uploads\/2025\/02\/202502221082318-1024x576.jpg?resize=350%2C200&ssl=1 1x, https:\/\/i0.wp.com\/tinnunculus.sy-sy.cz\/wp-content\/uploads\/2025\/02\/202502221082318-1024x576.jpg?resize=525%2C300&ssl=1 1.5x"},"classes":[]}],"jetpack_sharing_enabled":false,"_links":{"self":[{"href":"https:\/\/tinnunculus.sy-sy.cz\/index.php\/wp-json\/wp\/v2\/pages\/16605","targetHints":{"allow":["GET"]}}],"collection":[{"href":"https:\/\/tinnunculus.sy-sy.cz\/index.php\/wp-json\/wp\/v2\/pages"}],"about":[{"href":"https:\/\/tinnunculus.sy-sy.cz\/index.php\/wp-json\/wp\/v2\/types\/page"}],"author":[{"embeddable":true,"href":"https:\/\/tinnunculus.sy-sy.cz\/index.php\/wp-json\/wp\/v2\/users\/2"}],"replies":[{"embeddable":true,"href":"https:\/\/tinnunculus.sy-sy.cz\/index.php\/wp-json\/wp\/v2\/comments?post=16605"}],"version-history":[{"count":3,"href":"https:\/\/tinnunculus.sy-sy.cz\/index.php\/wp-json\/wp\/v2\/pages\/16605\/revisions"}],"predecessor-version":[{"id":45524,"href":"https:\/\/tinnunculus.sy-sy.cz\/index.php\/wp-json\/wp\/v2\/pages\/16605\/revisions\/45524"}],"up":[{"embeddable":true,"href":"https:\/\/tinnunculus.sy-sy.cz\/index.php\/wp-json\/wp\/v2\/pages\/809"}],"wp:attachment":[{"href":"https:\/\/tinnunculus.sy-sy.cz\/index.php\/wp-json\/wp\/v2\/media?parent=16605"}],"wp:term":[{"taxonomy":"category","embeddable":true,"href":"https:\/\/tinnunculus.sy-sy.cz\/index.php\/wp-json\/wp\/v2\/categories?post=16605"},{"taxonomy":"post_tag","embeddable":true,"href":"https:\/\/tinnunculus.sy-sy.cz\/index.php\/wp-json\/wp\/v2\/tags?post=16605"}],"curies":[{"name":"wp","href":"https:\/\/api.w.org\/{rel}","templated":true}]}}