{"id":1631,"date":"2017-08-08T05:52:49","date_gmt":"2017-08-08T03:52:49","guid":{"rendered":"http:\/\/tinnunculus.sy-sy.cz\/?page_id=1631"},"modified":"2025-03-14T14:55:37","modified_gmt":"2025-03-14T13:55:37","slug":"archiv","status":"publish","type":"page","link":"https:\/\/tinnunculus.sy-sy.cz\/index.php\/en\/archiv\/","title":{"rendered":"Archives"},"content":{"rendered":"<p><iframe loading=\"lazy\" src=\"https:\/\/photo.sy-sy.cz\/photo\/embed\/embed.html?album=album_706f73746f6c652f746f707477&amp;autoplay=1\" width=\"480\" height=\"320\" frameborder=\"0\"><\/iframe><\/p>\n<h5 id=\"foto---video-\/\/-photo---video-\" align=\"center\"><span class=\"short_text\"><span class=\"hps\">Photo and video gallery<\/span><\/span><\/h5>\n<ul>\n<li><a href=\"https:\/\/photo.sy-sy.cz\/photo\/?t=category_5#category_5\" target=\"_blank\" rel=\"noopener noreferrer\">&#8222;Our&#8220; kestrels<\/a><\/li>\n<li><a href=\"https:\/\/photo.sy-sy.cz\/photo\/?t=category_7#category_7\" target=\"_blank\" rel=\"noopener noreferrer\">Mice<\/a><\/li>\n<li><a href=\"https:\/\/photo.sy-sy.cz\/photo\/?t=category_6#category_6\" target=\"_blank\" rel=\"noopener noreferrer\">Others<\/a>\n<ul>\n<li><a href=\"https:\/\/photo.sy-sy.cz\/photo\/?t=Albums\/album_466f746f50617374#!Albums\/album_4369737461466f746f70617374\" target=\"_blank\" rel=\"noopener\">Camera trap<\/a><\/li>\n<\/ul>\n<\/li>\n<\/ul>\n<p align=\"center\">\n","protected":false},"excerpt":{"rendered":"<p>Photo and video gallery &#8222;Our&#8220; kestrels Mice Others Camera trap<\/p>\n","protected":false},"author":2,"featured_media":0,"parent":0,"menu_order":30,"comment_status":"closed","ping_status":"closed","template":"","meta":{"jetpack_post_was_ever_published":false,"footnotes":""},"categories":[],"tags":[],"class_list":["post-1631","page","type-page","status-publish","hentry"],"jetpack_shortlink":"https:\/\/wp.me\/P91gKE-qj","jetpack-related-posts":[{"id":39224,"url":"https:\/\/tinnunculus.sy-sy.cz\/index.php\/en\/wildlife-in-our-country-house\/","url_meta":{"origin":1631,"position":0},"title":"Wildlife in our country house","author":"Zuzana Syrov\u00e1 An\u00fd\u017eov\u00e1","date":"22\/01\/2025","format":false,"excerpt":"\ufeff Our country house in \u010cist\u00e1 near Litomy\u0161l has several animal tenants: redstarts, nuthatches, bats and martens. In 2022, we discovered in the attic above the barn pellets, that indicate the presence of a barn owl. Therefore, in December 2024, we installed a camera trap there. The yard and garden\u2026","rel":"","context":"V \u201eTenants and visitors\u201c","block_context":{"text":"Tenants and visitors","link":"https:\/\/tinnunculus.sy-sy.cz\/index.php\/en\/category\/tenants-and-visitors\/"},"img":{"alt_text":"","src":"","width":0,"height":0},"classes":[]},{"id":1655,"url":"https:\/\/tinnunculus.sy-sy.cz\/index.php\/en\/basic-info\/","url_meta":{"origin":1631,"position":1},"title":"Of Mice and Kestrels","author":"Zuzana Syrov\u00e1 An\u00fd\u017eov\u00e1","date":"08\/08\/2017","format":false,"excerpt":"Kestrels (common or european kestrels) stay with us in our flat in a\u00a0housing estate in the suburb of Brno for a long time. Initially they used our balcony only as a shelter and dormitory, but since the fire in 2006, the situation changed. Starting with the 2007 season\u00a0kestrels are nesting\u2026","rel":"","context":"V \u201e\"Our\" kestrels\u201c","block_context":{"text":"\"Our\" kestrels","link":"https:\/\/tinnunculus.sy-sy.cz\/index.php\/en\/category\/tenants-and-visitors\/our-kestrels-en\/"},"img":{"alt_text":"","src":"https:\/\/i0.wp.com\/tinnunculus.sy-sy.cz\/wp-content\/uploads\/2017\/08\/dsc22907_24x10cb-e1501697514766.jpg?fit=1200%2C500&ssl=1&resize=350%2C200","width":350,"height":200,"srcset":"https:\/\/i0.wp.com\/tinnunculus.sy-sy.cz\/wp-content\/uploads\/2017\/08\/dsc22907_24x10cb-e1501697514766.jpg?fit=1200%2C500&ssl=1&resize=350%2C200 1x, https:\/\/i0.wp.com\/tinnunculus.sy-sy.cz\/wp-content\/uploads\/2017\/08\/dsc22907_24x10cb-e1501697514766.jpg?fit=1200%2C500&ssl=1&resize=525%2C300 1.5x, https:\/\/i0.wp.com\/tinnunculus.sy-sy.cz\/wp-content\/uploads\/2017\/08\/dsc22907_24x10cb-e1501697514766.jpg?fit=1200%2C500&ssl=1&resize=700%2C400 2x, https:\/\/i0.wp.com\/tinnunculus.sy-sy.cz\/wp-content\/uploads\/2017\/08\/dsc22907_24x10cb-e1501697514766.jpg?fit=1200%2C500&ssl=1&resize=1050%2C600 3x"},"classes":[]},{"id":47358,"url":"https:\/\/tinnunculus.sy-sy.cz\/index.php\/en\/online\/our-webcams\/camera-list\/camera-21\/21-kitchen-window-kestrels\/","url_meta":{"origin":1631,"position":2},"title":"21 \u00a6 Kitchen window kestrels","author":"Zuzana Syrov\u00e1 An\u00fd\u017eov\u00e1","date":"23\/03\/2026","format":false,"excerpt":"21\u00a6","rel":"","context":"V \u201e\"Our\" kestrels\u201c","block_context":{"text":"\"Our\" kestrels","link":"https:\/\/tinnunculus.sy-sy.cz\/index.php\/en\/category\/tenants-and-visitors\/our-kestrels-en\/"},"img":{"alt_text":"Camera 21","src":"https:\/\/sy-sy.cz\/cam\/webapi\/entry.cgi?api=SYNO.SurveillanceStation.Stream.VideoStreaming&version=1&method=Stream&format=mjpeg&cameraId=70&StmKey=%22ac0aa1938a31ee59376e7854dc7d885d%22","width":350,"height":200,"srcset":"https:\/\/sy-sy.cz\/cam\/webapi\/entry.cgi?api=SYNO.SurveillanceStation.Stream.VideoStreaming&version=1&method=Stream&format=mjpeg&cameraId=70&StmKey=%22ac0aa1938a31ee59376e7854dc7d885d%22 1x, https:\/\/sy-sy.cz\/cam\/webapi\/entry.cgi?api=SYNO.SurveillanceStation.Stream.VideoStreaming&version=1&method=Stream&format=mjpeg&cameraId=70&StmKey=%22ac0aa1938a31ee59376e7854dc7d885d%22 1.5x, https:\/\/sy-sy.cz\/cam\/webapi\/entry.cgi?api=SYNO.SurveillanceStation.Stream.VideoStreaming&version=1&method=Stream&format=mjpeg&cameraId=70&StmKey=%22ac0aa1938a31ee59376e7854dc7d885d%22 2x, https:\/\/sy-sy.cz\/cam\/webapi\/entry.cgi?api=SYNO.SurveillanceStation.Stream.VideoStreaming&version=1&method=Stream&format=mjpeg&cameraId=70&StmKey=%22ac0aa1938a31ee59376e7854dc7d885d%22 3x"},"classes":[]},{"id":38520,"url":"https:\/\/tinnunculus.sy-sy.cz\/index.php\/en\/mice\/overview-of-our-mice\/","url_meta":{"origin":1631,"position":3},"title":"Overview of our mice","author":"Zuzana Syrov\u00e1 An\u00fd\u017eov\u00e1","date":"16\/12\/2024","format":false,"excerpt":"The table records the date of acquisition of the mouse and the date of its death. If the date of birth is known, it is indicated with an asterisk. Lifespan is calculated in days (? d) or years, months and days (?r?m?d). Updated Lucie lives with us . Our mice","rel":"","context":"V \u201eOur mice\u201c","block_context":{"text":"Our mice","link":"https:\/\/tinnunculus.sy-sy.cz\/index.php\/en\/category\/tenants-and-visitors\/our-mice-en\/"},"img":{"alt_text":"","src":"","width":0,"height":0},"classes":[]},{"id":9765,"url":"https:\/\/tinnunculus.sy-sy.cz\/index.php\/en\/introduction\/","url_meta":{"origin":1631,"position":4},"title":"Introduction","author":"Zuzana Syrov\u00e1 An\u00fd\u017eov\u00e1","date":"08\/12\/2019","format":false,"excerpt":"This site and blog or notebook is a follow-up to the older blog Of Mice and Kestrels, which we decided to launch back in 2014. It is dedicated mainly to kestrels, who decided to live with us under one roof on the balcony of our home office, and since 2007\u2026","rel":"","context":"Podobn\u00fd p\u0159\u00edsp\u011bvek","block_context":{"text":"Podobn\u00fd p\u0159\u00edsp\u011bvek","link":""},"img":{"alt_text":"Vlajka Spojen\u00e9ho kr\u00e1lovstv\u00ed","src":"https:\/\/i1.wp.com\/statni.vlajky.org\/32\/spojene_kralovstvi.png?resize=350%2C200","width":350,"height":200},"classes":[]},{"id":19620,"url":"https:\/\/tinnunculus.sy-sy.cz\/index.php\/en\/online\/our-webcams\/camera-list\/camera-6\/","url_meta":{"origin":1631,"position":5},"title":"Camera 6","author":"Zuzana Syrov\u00e1 An\u00fd\u017eov\u00e1","date":"06\/08\/2022","format":false,"excerpt":"0\u00a6\u00a01\u00a6\u00a02\u00a6\u00a03\u00a6\u00a04\u00a6\u00a05\u00a6\u00a06\u00a6\u00a07\u00a6\u00a08\u00a6\u00a09\u00a6 12\u00a6\u00a013\u00a6\u00a014\u00a6\u00a015\u00a6\u00a016\u00a6\u00a017\u00a6\u00a018\u00a6\u00a019\u00a6\u00a020\u00a6 10\u00a6\u00a0 11\u00a6 21\u00a6 \u2190 Our webcams","rel":"","context":"V \u201e\"Our\" kestrels\u201c","block_context":{"text":"\"Our\" kestrels","link":"https:\/\/tinnunculus.sy-sy.cz\/index.php\/en\/category\/tenants-and-visitors\/our-kestrels-en\/"},"img":{"alt_text":"Camera 6","src":"https:\/\/sy-sy.cz\/cam\/webapi\/entry.cgi?api=SYNO.SurveillanceStation.Stream.VideoStreaming&version=1&method=Stream&format=mjpeg&cameraId=18&StmKey=%22752a839c0eeb8fd2ca73a95c3f5f76c2%22","width":350,"height":200,"srcset":"https:\/\/sy-sy.cz\/cam\/webapi\/entry.cgi?api=SYNO.SurveillanceStation.Stream.VideoStreaming&version=1&method=Stream&format=mjpeg&cameraId=18&StmKey=%22752a839c0eeb8fd2ca73a95c3f5f76c2%22 1x, https:\/\/sy-sy.cz\/cam\/webapi\/entry.cgi?api=SYNO.SurveillanceStation.Stream.VideoStreaming&version=1&method=Stream&format=mjpeg&cameraId=18&StmKey=%22752a839c0eeb8fd2ca73a95c3f5f76c2%22 1.5x"},"classes":[]}],"jetpack_sharing_enabled":true,"_links":{"self":[{"href":"https:\/\/tinnunculus.sy-sy.cz\/index.php\/wp-json\/wp\/v2\/pages\/1631","targetHints":{"allow":["GET"]}}],"collection":[{"href":"https:\/\/tinnunculus.sy-sy.cz\/index.php\/wp-json\/wp\/v2\/pages"}],"about":[{"href":"https:\/\/tinnunculus.sy-sy.cz\/index.php\/wp-json\/wp\/v2\/types\/page"}],"author":[{"embeddable":true,"href":"https:\/\/tinnunculus.sy-sy.cz\/index.php\/wp-json\/wp\/v2\/users\/2"}],"replies":[{"embeddable":true,"href":"https:\/\/tinnunculus.sy-sy.cz\/index.php\/wp-json\/wp\/v2\/comments?post=1631"}],"version-history":[{"count":3,"href":"https:\/\/tinnunculus.sy-sy.cz\/index.php\/wp-json\/wp\/v2\/pages\/1631\/revisions"}],"predecessor-version":[{"id":39218,"href":"https:\/\/tinnunculus.sy-sy.cz\/index.php\/wp-json\/wp\/v2\/pages\/1631\/revisions\/39218"}],"wp:attachment":[{"href":"https:\/\/tinnunculus.sy-sy.cz\/index.php\/wp-json\/wp\/v2\/media?parent=1631"}],"wp:term":[{"taxonomy":"category","embeddable":true,"href":"https:\/\/tinnunculus.sy-sy.cz\/index.php\/wp-json\/wp\/v2\/categories?post=1631"},{"taxonomy":"post_tag","embeddable":true,"href":"https:\/\/tinnunculus.sy-sy.cz\/index.php\/wp-json\/wp\/v2\/tags?post=1631"}],"curies":[{"name":"wp","href":"https:\/\/api.w.org\/{rel}","templated":true}]}}