{"id":16039,"date":"2021-05-20T16:39:24","date_gmt":"2021-05-20T14:39:24","guid":{"rendered":"https:\/\/tinnunculus.sy-sy.cz\/?page_id=16039"},"modified":"2026-03-22T23:18:48","modified_gmt":"2026-03-22T22:18:48","slug":"kamera-10-rorysovnik","status":"publish","type":"page","link":"https:\/\/tinnunculus.sy-sy.cz\/index.php\/v-primem-prenosu\/nase-kamery\/seznam-kamer\/kamera-10\/kamera-10-rorysovnik\/","title":{"rendered":"10 \u00a6 Ror\u00fdsovn\u00edk"},"content":{"rendered":"<h5 id=\"anchor-65e33bd1908b0\"><a href=\"https:\/\/sy-sy.cz\/cam\/webapi\/entry.cgi?api=SYNO.SurveillanceStation.Stream.VideoStreaming&amp;version=1&amp;method=Stream&amp;format=mjpeg&amp;cameraId=66&amp;StmKey=%22a3020304e0596f25f91b755831413792%22\" target=\"_blank\" rel=\"noopener\"><img loading=\"lazy\" decoding=\"async\" class=\"alignright\" src=\"https:\/\/sy-sy.cz\/cam\/webapi\/entry.cgi?api=SYNO.SurveillanceStation.Stream.VideoStreaming&amp;version=1&amp;method=Stream&amp;format=mjpeg&amp;cameraId=66&amp;StmKey=%22a3020304e0596f25f91b755831413792%22\" alt=\"Camera 4\" width=\"1280\" height=\"720\" \/><\/a><\/h5>\n<p><a href=\"https:\/\/sy-sy.cz\/cam\/webapi\/entry.cgi?api=SYNO.SurveillanceStation.Stream.VideoStreaming&amp;version=1&amp;method=Stream&amp;format=mjpeg&amp;cameraId=68&amp;StmKey=%223b0e33926c7c75440d585f053d8e3021%22\" target=\"_blank\" rel=\"noopener\"><img loading=\"lazy\" decoding=\"async\" class=\"alignnone\" src=\"https:\/\/sy-sy.cz\/cam\/webapi\/entry.cgi?api=SYNO.SurveillanceStation.Stream.VideoStreaming&amp;version=1&amp;method=Stream&amp;format=mjpeg&amp;cameraId=68&amp;StmKey=%223b0e33926c7c75440d585f053d8e3021%22\" alt=\"Camera 10\" width=\"800\" height=\"450\" \/><\/a><\/p>\n<h5 style=\"text-align: right;\"><a href=\"https:\/\/tinnunculus.sy-sy.cz\/index.php\/nase-kamery\/kamera-10\/\">10<\/a>\u00a6 <a href=\"https:\/\/tinnunculus.sy-sy.cz\/index.php\/v-primem-prenosu\/nase-kamery\/seznam-kamer\/kamera-10\/kamera-10a\/\">10A<\/a>\u00a6\u00a0<a href=\"https:\/\/tinnunculus.sy-sy.cz\/index.php\/nase-kamery\/kamera-11\/\">11<\/a>\u00a6<\/h5>\n<h5 style=\"text-align: right;\"><a href=\"https:\/\/tinnunculus.sy-sy.cz\/index.php\/v-primem-prenosu\/nase-kamery\/seznam-kamer\/kamera-10\/\">KAMERA 10<\/a> \u00a6 <a href=\"https:\/\/tinnunculus.sy-sy.cz\/index.php\/v-primem-prenosu\/nase-kamery\/seznam-kamer\/kamera-10\/kamera-10a\/\">KAMERA 10A<\/a><\/h5>\n<p>&nbsp;<\/p>\n<p style=\"text-align: right;\">\u2190 <a href=\"https:\/\/tinnunculus.sy-sy.cz\/index.php\/v-primem-prenosu\/\">V p\u0159\u00edm\u00e9m p\u0159enosu z&nbsp;na\u0161\u00ed lod\u017eie<\/a><br \/>\n\u2190 <a href=\"https:\/\/tinnunculus.sy-sy.cz\/index.php\/nase-kamery\/\">Na\u0161e kamery<\/a> \u00a6 <a href=\"https:\/\/tinnunculus.sy-sy.cz\/index.php\/our-webcams\/\">Our webcams<\/a><br \/>\n\u2190 <a href=\"https:\/\/tinnunculus.sy-sy.cz\/index.php\/axis-live-view\/\" target=\"_blank\" rel=\"noopener\">AXIS Live<\/a> \u00a6\u00a0 <a href=\"https:\/\/tinnunculus.sy-sy.cz\/index.php\/v-primem-prenosu\/zive-vysilani-youtube\/apus-apus-brunensis\/\" target=\"_blank\" rel=\"noopener\">YouTube Live<\/a><\/p>\n","protected":false},"excerpt":{"rendered":"<p>10\u00a6 10A\u00a6\u00a011\u00a6 KAMERA 10 \u00a6 KAMERA 10A &nbsp; \u2190 V&nbsp;p\u0159\u00edm\u00e9m p\u0159enosu z&nbsp;na\u0161\u00ed lod\u017eie \u2190 Na\u0161e kamery \u00a6 Our webcams \u2190 AXIS Live \u00a6\u00a0 YouTube Live<\/p>\n","protected":false},"author":2,"featured_media":0,"parent":9280,"menu_order":10,"comment_status":"closed","ping_status":"closed","template":"","meta":{"jetpack_post_was_ever_published":false,"footnotes":""},"categories":[147,118,116,149,114],"tags":[],"class_list":["post-16039","page","type-page","status-publish","hentry","category-nase-postolky","category-kamery","category-nasi","category-z-nasi-lodzie","category-zivy-prenos"],"jetpack_shortlink":"https:\/\/wp.me\/P91gKE-4aH","jetpack-related-posts":[{"id":43402,"url":"https:\/\/tinnunculus.sy-sy.cz\/index.php\/v-primem-prenosu\/nase-kamery\/webkamery-z-nasi-lodzie-rorysovnik\/","url_meta":{"origin":16039,"position":0},"title":"(Web)kamery z&nbsp;na\u0161\u00ed lod\u017eie: ror\u00fdsovn\u00edk","author":"Zuzana Syrov\u00e1 An\u00fd\u017eov\u00e1","date":"08\/11\/2025","format":false,"excerpt":"","rel":"","context":"V \u201e(Web)kamery\u201c","block_context":{"text":"(Web)kamery","link":"https:\/\/tinnunculus.sy-sy.cz\/index.php\/category\/zivy-prenos\/kamery\/"},"img":{"alt_text":"","src":"","width":0,"height":0},"classes":[]},{"id":9280,"url":"https:\/\/tinnunculus.sy-sy.cz\/index.php\/v-primem-prenosu\/nase-kamery\/seznam-kamer\/kamera-10\/","url_meta":{"origin":16039,"position":1},"title":"Kamera 10","author":"Zuzana Syrov\u00e1 An\u00fd\u017eov\u00e1","date":"11\/09\/2019","format":false,"excerpt":"0\u00a6\u00a01\u00a6\u00a02\u00a6\u00a03\u00a6\u00a04\u00a6\u00a05\u00a6\u00a06\u00a6\u00a07\u00a6\u00a08\u00a6\u00a09\u00a6\u00a012\u00a6\u00a013\u00a6\u00a014\u00a6\u00a015\u00a6\u00a016\u00a6\u00a017\u00a6\u00a018\u00a6\u00a019\u00a6\u00a020\u00a6 10\u00a6\u00a0\u00a011\u00a6 21\u00a6 KAMERA 10 \u00a6 KAMERA 10A \u00a0 \u2190 V p\u0159\u00edm\u00e9m p\u0159enosu z na\u0161\u00ed lod\u017eie \u2190 Na\u0161e kamery \u00a6 Our webcams \u2190 \u00a0YouTube Live","rel":"","context":"V \u201e\"Na\u0161e\" po\u0161tolky\u201c","block_context":{"text":"\"Na\u0161e\" po\u0161tolky","link":"https:\/\/tinnunculus.sy-sy.cz\/index.php\/category\/nasi\/nase-postolky\/"},"img":{"alt_text":"Camera 10","src":"https:\/\/sy-sy.cz\/cam\/webapi\/entry.cgi?api=SYNO.SurveillanceStation.Stream.VideoStreaming&version=1&method=Stream&format=mjpeg&cameraId=68&StmKey=%223b0e33926c7c75440d585f053d8e3021%22","width":350,"height":200,"srcset":"https:\/\/sy-sy.cz\/cam\/webapi\/entry.cgi?api=SYNO.SurveillanceStation.Stream.VideoStreaming&version=1&method=Stream&format=mjpeg&cameraId=68&StmKey=%223b0e33926c7c75440d585f053d8e3021%22 1x, https:\/\/sy-sy.cz\/cam\/webapi\/entry.cgi?api=SYNO.SurveillanceStation.Stream.VideoStreaming&version=1&method=Stream&format=mjpeg&cameraId=68&StmKey=%223b0e33926c7c75440d585f053d8e3021%22 1.5x, https:\/\/sy-sy.cz\/cam\/webapi\/entry.cgi?api=SYNO.SurveillanceStation.Stream.VideoStreaming&version=1&method=Stream&format=mjpeg&cameraId=68&StmKey=%223b0e33926c7c75440d585f053d8e3021%22 2x"},"classes":[]},{"id":23831,"url":"https:\/\/tinnunculus.sy-sy.cz\/index.php\/v-primem-prenosu\/nase-kamery\/seznam-kamer\/kamera-16\/16-postolci-lodzie\/","url_meta":{"origin":16039,"position":2},"title":"16 \u00a6 Po\u0161tol\u010d\u00ed lod\u017eie","author":"Zuzana Syrov\u00e1 An\u00fd\u017eov\u00e1","date":"09\/07\/2023","format":false,"excerpt":"0\u00a6 1\u00a6 2\u00a6 3\u00a6 4\u00a6 5\u00a6 6\u00a6 7\u00a6 8\u00a6 9\u00a6 10\u00a6 11\u00a6 12\u00a6 13\u00a6 14\u00a6 15\u00a6 17\u00a6\u00a018\u00a6 19\u00a6 20\u00a6 \u00a0","rel":"","context":"V \u201e\"Na\u0161e\" po\u0161tolky\u201c","block_context":{"text":"\"Na\u0161e\" po\u0161tolky","link":"https:\/\/tinnunculus.sy-sy.cz\/index.php\/category\/nasi\/nase-postolky\/"},"img":{"alt_text":"Camera 16","src":"https:\/\/sy-sy.cz\/cam\/webapi\/entry.cgi?api=SYNO.SurveillanceStation.Stream.VideoStreaming&version=1&method=Stream&format=mjpeg&cameraId=9&StmKey=%22db5e85a3d4c2c8cc043080a7d4bb298f%22","width":350,"height":200,"srcset":"https:\/\/sy-sy.cz\/cam\/webapi\/entry.cgi?api=SYNO.SurveillanceStation.Stream.VideoStreaming&version=1&method=Stream&format=mjpeg&cameraId=9&StmKey=%22db5e85a3d4c2c8cc043080a7d4bb298f%22 1x, https:\/\/sy-sy.cz\/cam\/webapi\/entry.cgi?api=SYNO.SurveillanceStation.Stream.VideoStreaming&version=1&method=Stream&format=mjpeg&cameraId=9&StmKey=%22db5e85a3d4c2c8cc043080a7d4bb298f%22 1.5x, https:\/\/sy-sy.cz\/cam\/webapi\/entry.cgi?api=SYNO.SurveillanceStation.Stream.VideoStreaming&version=1&method=Stream&format=mjpeg&cameraId=9&StmKey=%22db5e85a3d4c2c8cc043080a7d4bb298f%22 2x, https:\/\/sy-sy.cz\/cam\/webapi\/entry.cgi?api=SYNO.SurveillanceStation.Stream.VideoStreaming&version=1&method=Stream&format=mjpeg&cameraId=9&StmKey=%22db5e85a3d4c2c8cc043080a7d4bb298f%22 3x"},"classes":[]},{"id":22270,"url":"https:\/\/tinnunculus.sy-sy.cz\/index.php\/v-primem-prenosu\/nase-kamery\/seznam-kamer\/kamera-15\/15-postolci-lodzie\/","url_meta":{"origin":16039,"position":3},"title":"15 \u00a6 Po\u0161tol\u010d\u00ed lod\u017eie: hn\u00edzdo","author":"Zuzana Syrov\u00e1 An\u00fd\u017eov\u00e1","date":"04\/05\/2023","format":false,"excerpt":"0\u00a6 1\u00a6 2\u00a6 3\u00a6 4\u00a6 5\u00a6 6\u00a6 7\u00a6 8\u00a6 9\u00a6 10\u00a6 11\u00a6 12\u00a6 13\u00a6 14\u00a6 16\u00a6 17\u00a6\u00a018\u00a6 19\u00a6 20\u00a6 \u00a0","rel":"","context":"V \u201e\"Na\u0161e\" po\u0161tolky\u201c","block_context":{"text":"\"Na\u0161e\" po\u0161tolky","link":"https:\/\/tinnunculus.sy-sy.cz\/index.php\/category\/nasi\/nase-postolky\/"},"img":{"alt_text":"Camera 4","src":"https:\/\/sy-sy.cz\/cam\/webapi\/entry.cgi?api=SYNO.SurveillanceStation.Stream.VideoStreaming&version=1&method=Stream&format=mjpeg&cameraId=58&StmKey=%223d914cad5671918048a25b0c24d71d73%22","width":350,"height":200,"srcset":"https:\/\/sy-sy.cz\/cam\/webapi\/entry.cgi?api=SYNO.SurveillanceStation.Stream.VideoStreaming&version=1&method=Stream&format=mjpeg&cameraId=58&StmKey=%223d914cad5671918048a25b0c24d71d73%22 1x, https:\/\/sy-sy.cz\/cam\/webapi\/entry.cgi?api=SYNO.SurveillanceStation.Stream.VideoStreaming&version=1&method=Stream&format=mjpeg&cameraId=58&StmKey=%223d914cad5671918048a25b0c24d71d73%22 1.5x"},"classes":[]},{"id":22281,"url":"https:\/\/tinnunculus.sy-sy.cz\/index.php\/v-primem-prenosu\/nase-kamery\/seznam-kamer\/kamera-14\/14-postolci-lodzie\/","url_meta":{"origin":16039,"position":4},"title":"14 \u00a6 Po\u0161tol\u010d\u00ed lod\u017eie","author":"Zuzana Syrov\u00e1 An\u00fd\u017eov\u00e1","date":"04\/05\/2023","format":false,"excerpt":"0\u00a6 1\u00a6 2\u00a6 3\u00a6 4\u00a6 5\u00a6 6\u00a6 7\u00a6 8\u00a6 9\u00a6 10\u00a6 11\u00a6 12\u00a6 13\u00a6 15\u00a6 16\u00a6 17\u00a6\u00a018\u00a6 19\u00a6 20\u00a6 \u00a0","rel":"","context":"V \u201e\"Na\u0161e\" po\u0161tolky\u201c","block_context":{"text":"\"Na\u0161e\" po\u0161tolky","link":"https:\/\/tinnunculus.sy-sy.cz\/index.php\/category\/nasi\/nase-postolky\/"},"img":{"alt_text":"Camera 14","src":"https:\/\/sy-sy.cz\/cam\/webapi\/entry.cgi?api=SYNO.SurveillanceStation.Stream.VideoStreaming&version=1&method=Stream&format=mjpeg&cameraId=1&StmKey=%2233efbf5e7d7356a359c3958af2a2383a%22","width":350,"height":200,"srcset":"https:\/\/sy-sy.cz\/cam\/webapi\/entry.cgi?api=SYNO.SurveillanceStation.Stream.VideoStreaming&version=1&method=Stream&format=mjpeg&cameraId=1&StmKey=%2233efbf5e7d7356a359c3958af2a2383a%22 1x, https:\/\/sy-sy.cz\/cam\/webapi\/entry.cgi?api=SYNO.SurveillanceStation.Stream.VideoStreaming&version=1&method=Stream&format=mjpeg&cameraId=1&StmKey=%2233efbf5e7d7356a359c3958af2a2383a%22 1.5x, https:\/\/sy-sy.cz\/cam\/webapi\/entry.cgi?api=SYNO.SurveillanceStation.Stream.VideoStreaming&version=1&method=Stream&format=mjpeg&cameraId=1&StmKey=%2233efbf5e7d7356a359c3958af2a2383a%22 2x, https:\/\/sy-sy.cz\/cam\/webapi\/entry.cgi?api=SYNO.SurveillanceStation.Stream.VideoStreaming&version=1&method=Stream&format=mjpeg&cameraId=1&StmKey=%2233efbf5e7d7356a359c3958af2a2383a%22 3x, https:\/\/sy-sy.cz\/cam\/webapi\/entry.cgi?api=SYNO.SurveillanceStation.Stream.VideoStreaming&version=1&method=Stream&format=mjpeg&cameraId=1&StmKey=%2233efbf5e7d7356a359c3958af2a2383a%22 4x"},"classes":[]},{"id":22076,"url":"https:\/\/tinnunculus.sy-sy.cz\/index.php\/v-primem-prenosu\/nase-kamery\/seznam-kamer\/kamera-0\/0-postolci-lodzie\/","url_meta":{"origin":16039,"position":5},"title":"0 \u00a6 Po\u0161tol\u010d\u00ed lod\u017eie","author":"Zuzana Syrov\u00e1 An\u00fd\u017eov\u00e1","date":"01\/05\/2023","format":false,"excerpt":"1\u00a6 2\u00a6 3\u00a6 4\u00a6 5\u00a6 6\u00a6 7\u00a6 8\u00a6 9\u00a6 10\u00a6 11\u00a6 12\u00a6 13\u00a6 14\u00a6 15\u00a6 16\u00a6 17\u00a6\u00a018\u00a6 19\u00a6 20\u00a6 \u00a0","rel":"","context":"V \u201e\"Na\u0161e\" po\u0161tolky\u201c","block_context":{"text":"\"Na\u0161e\" po\u0161tolky","link":"https:\/\/tinnunculus.sy-sy.cz\/index.php\/category\/nasi\/nase-postolky\/"},"img":{"alt_text":"Camera 0","src":"https:\/\/sy-sy.cz\/cam\/webapi\/entry.cgi?api=SYNO.SurveillanceStation.Stream.VideoStreaming&version=1&method=Stream&format=mjpeg&cameraId=13&StmKey=%22ac1448ccf8a202070f6354b40b1be6f6%22","width":350,"height":200,"srcset":"https:\/\/sy-sy.cz\/cam\/webapi\/entry.cgi?api=SYNO.SurveillanceStation.Stream.VideoStreaming&version=1&method=Stream&format=mjpeg&cameraId=13&StmKey=%22ac1448ccf8a202070f6354b40b1be6f6%22 1x, https:\/\/sy-sy.cz\/cam\/webapi\/entry.cgi?api=SYNO.SurveillanceStation.Stream.VideoStreaming&version=1&method=Stream&format=mjpeg&cameraId=13&StmKey=%22ac1448ccf8a202070f6354b40b1be6f6%22 1.5x"},"classes":[]}],"jetpack_sharing_enabled":true,"_links":{"self":[{"href":"https:\/\/tinnunculus.sy-sy.cz\/index.php\/wp-json\/wp\/v2\/pages\/16039","targetHints":{"allow":["GET"]}}],"collection":[{"href":"https:\/\/tinnunculus.sy-sy.cz\/index.php\/wp-json\/wp\/v2\/pages"}],"about":[{"href":"https:\/\/tinnunculus.sy-sy.cz\/index.php\/wp-json\/wp\/v2\/types\/page"}],"author":[{"embeddable":true,"href":"https:\/\/tinnunculus.sy-sy.cz\/index.php\/wp-json\/wp\/v2\/users\/2"}],"replies":[{"embeddable":true,"href":"https:\/\/tinnunculus.sy-sy.cz\/index.php\/wp-json\/wp\/v2\/comments?post=16039"}],"version-history":[{"count":5,"href":"https:\/\/tinnunculus.sy-sy.cz\/index.php\/wp-json\/wp\/v2\/pages\/16039\/revisions"}],"predecessor-version":[{"id":47345,"href":"https:\/\/tinnunculus.sy-sy.cz\/index.php\/wp-json\/wp\/v2\/pages\/16039\/revisions\/47345"}],"up":[{"embeddable":true,"href":"https:\/\/tinnunculus.sy-sy.cz\/index.php\/wp-json\/wp\/v2\/pages\/9280"}],"wp:attachment":[{"href":"https:\/\/tinnunculus.sy-sy.cz\/index.php\/wp-json\/wp\/v2\/media?parent=16039"}],"wp:term":[{"taxonomy":"category","embeddable":true,"href":"https:\/\/tinnunculus.sy-sy.cz\/index.php\/wp-json\/wp\/v2\/categories?post=16039"},{"taxonomy":"post_tag","embeddable":true,"href":"https:\/\/tinnunculus.sy-sy.cz\/index.php\/wp-json\/wp\/v2\/tags?post=16039"}],"curies":[{"name":"wp","href":"https:\/\/api.w.org\/{rel}","templated":true}]}}