{"id":16,"date":"2017-07-28T07:55:55","date_gmt":"2017-07-28T05:55:55","guid":{"rendered":"http:\/\/tinnunculus.sy-sy.cz\/?page_id=16"},"modified":"2025-12-15T09:12:36","modified_gmt":"2025-12-15T08:12:36","slug":"contact","status":"publish","type":"page","link":"https:\/\/tinnunculus.sy-sy.cz\/index.php\/contact\/","title":{"rendered":"Kontakt"},"content":{"rendered":"<p>e-po\u0161ta :\u00a0 posta.postole@gmail.com<\/p>\n<p>K naps\u00e1n\u00ed zpr\u00e1vy, dotazu, n\u00e1m\u011btu \u010di&nbsp;p\u0159ipom\u00ednky m\u016f\u017eete pou\u017e\u00edt krom\u011b po\u0161tol\u010d\u00ed e-po\u0161ty i&nbsp;<a href=\"https:\/\/tinnunculus.sy-sy.cz\/index.php\/napiste-nam\/\">po\u0161tol\u010d\u00ed formul\u00e1\u0159<\/a>.<\/p>\n","protected":false},"excerpt":{"rendered":"<p>e-po\u0161ta :\u00a0 posta.postole@gmail.com K&nbsp;naps\u00e1n\u00ed zpr\u00e1vy, dotazu, n\u00e1m\u011btu \u010di&nbsp;p\u0159ipom\u00ednky m\u016f\u017eete pou\u017e\u00edt krom\u011b po\u0161tol\u010d\u00ed e-po\u0161ty i&nbsp;po\u0161tol\u010d\u00ed formul\u00e1\u0159.<\/p>\n","protected":false},"author":2,"featured_media":38772,"parent":0,"menu_order":90,"comment_status":"closed","ping_status":"closed","template":"","meta":{"jetpack_post_was_ever_published":false,"footnotes":""},"categories":[],"tags":[],"class_list":["post-16","page","type-page","status-publish","has-post-thumbnail","hentry"],"jetpack_shortlink":"https:\/\/wp.me\/P91gKE-g","jetpack-related-posts":[{"id":6903,"url":"https:\/\/tinnunculus.sy-sy.cz\/index.php\/v-primem-prenosu\/nase-kamery\/e-mapa\/","url_meta":{"origin":16,"position":0},"title":"e-Map(a)","author":"Zuzana Syrov\u00e1 An\u00fd\u017eov\u00e1","date":"27\/12\/2018","format":false,"excerpt":"Rozm\u00edst\u011bn\u00ed kamer \u00a6 Locations of cameras \u25cf camera 0 Pohled do lod\u017eie zpoza okna - View of the balcony through the window - AXIS P1364 \u25cf 0 \u25cf camera 1 Bid\u00fdlka a nov\u00e9 hn\u00edzdo \u2013 Part of the balcony near the door with the new nest\u00a0 - AXIS M1135 \u25cf\u2026","rel":"","context":"Podobn\u00fd p\u0159\u00edsp\u011bvek","block_context":{"text":"Podobn\u00fd p\u0159\u00edsp\u011bvek","link":""},"img":{"alt_text":"","src":"https:\/\/i0.wp.com\/tinnunculus.sy-sy.cz\/wp-content\/uploads\/2024\/11\/mapa202411_-1024x589.jpg?resize=350%2C200&ssl=1","width":350,"height":200,"srcset":"https:\/\/i0.wp.com\/tinnunculus.sy-sy.cz\/wp-content\/uploads\/2024\/11\/mapa202411_-1024x589.jpg?resize=350%2C200&ssl=1 1x, https:\/\/i0.wp.com\/tinnunculus.sy-sy.cz\/wp-content\/uploads\/2024\/11\/mapa202411_-1024x589.jpg?resize=525%2C300&ssl=1 1.5x"},"classes":[]},{"id":5032,"url":"https:\/\/tinnunculus.sy-sy.cz\/index.php\/v-primem-prenosu\/nase-kamery\/","url_meta":{"origin":16,"position":1},"title":"Na\u0161e kamery","author":"Zuzana Syrov\u00e1 An\u00fd\u017eov\u00e1","date":"04\/05\/2018","format":false,"excerpt":"0\u00a6\u00a01\u00a6\u00a02\u00a6\u00a03\u00a6\u00a04\u00a6\u00a05\u00a6\u00a06\u00a6\u00a07\u00a6\u00a08\u00a6\u00a09\u00a6\u00a012\u00a6\u00a013\u00a6\u00a014\u00a6\u00a015\u00a6\u00a016\u00a6\u00a017\u00a6\u00a018\u00a6\u00a019\u00a6\u00a020\u00a6 10\u00a6\u00a0\u00a011\u00a6 21\u00a6 \u2190\u00a0Seznam kamer Z\u00e1kladn\u00ed informace o sledov\u00e1n\u00ed po\u0161tolek pomoc\u00ed s\u00ed\u0165ov\u00fdch kamer poskytuje u\u017e \u010dl\u00e1nek O kamer\u00e1ch ku sledov\u00e1n\u00ed po\u0161tolek. Zachycuje stav do r.\u00a0 2016, kdy prob\u011bhly stavebn\u00ed pr\u00e1ce spojen\u00e9 s oblo\u017een\u00edm fas\u00e1dy polystyrenem a v\u00fdm\u011bnou lod\u017eie za hlub\u0161\u00ed s vy\u0161\u0161\u00edm plechov\u00fdm z\u00e1bradl\u00edm bez doln\u00ed vletov\u00e9 mezery nad podlahou.\u2026","rel":"","context":"V \u201e(Web)kamery\u201c","block_context":{"text":"(Web)kamery","link":"https:\/\/tinnunculus.sy-sy.cz\/index.php\/category\/zivy-prenos\/kamery\/"},"img":{"alt_text":"","src":"https:\/\/i0.wp.com\/tinnunculus.sy-sy.cz\/wp-content\/uploads\/2021\/05\/youtube-1718976_960_720-300x300.png?resize=350%2C200&ssl=1","width":350,"height":200},"classes":[]},{"id":857,"url":"https:\/\/tinnunculus.sy-sy.cz\/index.php\/deniky\/2017-2\/","url_meta":{"origin":16,"position":2},"title":"2017","author":"Zuzana Syrov\u00e1 An\u00fd\u017eov\u00e1","date":"04\/08\/2017","format":false,"excerpt":"2016\u00a0 p\u0159edchoz\u00ed rok \u2194 n\u00e1sleduj\u00edc\u00ed rok 2018\u00a0 2017\/02\/19 - same\u010dek tik\u00e1 na z\u00e1bradl\u00ed a obhl\u00ed\u017e\u00ed lod\u017eii (11:15) 2017\/02\/21 - p\u00e1\u0159en\u00ed na z\u00e1bradl\u00ed (7:25) 2017\/02\/25 - znovuinstalov\u00e1no jedno z bid\u00fdlek u dve\u0159\u00ed 2017\/03\/01 - same\u010dek p\u0159il\u00e9t\u00e1 na bid\u00fdlko (17:14) a z\u016fst\u00e1v\u00e1 na noc 2017\/03\/02 - same\u010dek p\u0159il\u00e9t\u00e1 na bid\u00fdlko (16:51), ale\u2026","rel":"","context":"V \u201eden\u00edk\u201c","block_context":{"text":"den\u00edk","link":"https:\/\/tinnunculus.sy-sy.cz\/index.php\/tag\/denik\/"},"img":{"alt_text":"","src":"https:\/\/i0.wp.com\/tinnunculus.sy-sy.cz\/wp-content\/uploads\/2024\/03\/20170316_06-49-56a.jpg?resize=350%2C200&ssl=1","width":350,"height":200,"srcset":"https:\/\/i0.wp.com\/tinnunculus.sy-sy.cz\/wp-content\/uploads\/2024\/03\/20170316_06-49-56a.jpg?resize=350%2C200&ssl=1 1x, https:\/\/i0.wp.com\/tinnunculus.sy-sy.cz\/wp-content\/uploads\/2024\/03\/20170316_06-49-56a.jpg?resize=525%2C300&ssl=1 1.5x"},"classes":[]},{"id":16605,"url":"https:\/\/tinnunculus.sy-sy.cz\/index.php\/deniky\/2022-2\/","url_meta":{"origin":16,"position":3},"title":"2022","author":"Zuzana Syrov\u00e1 An\u00fd\u017eov\u00e1","date":"15\/06\/2021","format":false,"excerpt":"2021 \u00a0 p\u0159edchoz\u00ed rok \u2194 n\u00e1sleduj\u00edc\u00ed rok 2023 2022\/01\/01 - o silvestrovsk\u00e9 noci se po\u0161tol\u010d\u00ed sami\u010dka nenech\u00e1v\u00e1 zapla\u0161it a na rozd\u00edl od same\u010dka vydr\u017e\u00ed na bid\u00fdlku a\u017e do r\u00e1na 2022\/01\/04 - ve\u010der p\u0159il\u00e9t\u00e1 ciz\u00ed po\u0161tolka; je zahn\u00e1na same\u010dkem (16:30) 2022\/01\/16 - ve\u010der same\u010dek p\u0159in\u00e1\u0161\u00ed do lod\u017eie hrabo\u0161e a konzumuje ho\u2026","rel":"","context":"V \u201eden\u00edk\u201c","block_context":{"text":"den\u00edk","link":"https:\/\/tinnunculus.sy-sy.cz\/index.php\/tag\/denik\/"},"img":{"alt_text":"","src":"https:\/\/i0.wp.com\/tinnunculus.sy-sy.cz\/wp-content\/uploads\/2022\/03\/20220319_07-46-25-1024x576.jpg?resize=350%2C200&ssl=1","width":350,"height":200,"srcset":"https:\/\/i0.wp.com\/tinnunculus.sy-sy.cz\/wp-content\/uploads\/2022\/03\/20220319_07-46-25-1024x576.jpg?resize=350%2C200&ssl=1 1x, https:\/\/i0.wp.com\/tinnunculus.sy-sy.cz\/wp-content\/uploads\/2022\/03\/20220319_07-46-25-1024x576.jpg?resize=525%2C300&ssl=1 1.5x"},"classes":[]},{"id":20315,"url":"https:\/\/tinnunculus.sy-sy.cz\/index.php\/deniky\/2024-2\/","url_meta":{"origin":16,"position":4},"title":"2024","author":"Zuzana Syrov\u00e1 An\u00fd\u017eov\u00e1","date":"31\/12\/2022","format":false,"excerpt":"\u00a02023 p\u0159edchoz\u00ed rok \u2194 n\u00e1sleduj\u00edc\u00ed rok 2025 2024\/01\/01 - pan po\u0161tolka vypla\u0161en silvestrovsk\u00fdmi petardami odl\u00e9t\u00e1 necelou minutu po p\u016flnoci; pan\u00ed po\u0161tolka z\u016fst\u00e1v\u00e1 a\u017e do r\u00e1na; pan po\u0161tolka se vrac\u00ed po jej\u00edm odletu v 8:02; ve\u010der se ale vrac\u00ed pouze pan\u00ed po\u0161tolka 2024\/01\/03 - pan po\u0161tolka se op\u011bt vrac\u00ed a\u017e r\u00e1no\u2026","rel":"","context":"V \u201e\"Na\u0161e\" po\u0161tolky\u201c","block_context":{"text":"\"Na\u0161e\" po\u0161tolky","link":"https:\/\/tinnunculus.sy-sy.cz\/index.php\/category\/nasi\/nase-postolky\/"},"img":{"alt_text":"","src":"https:\/\/i0.wp.com\/tinnunculus.sy-sy.cz\/wp-content\/uploads\/2024\/03\/20240323-1120525196-1024x576.jpg?resize=350%2C200&ssl=1","width":350,"height":200,"srcset":"https:\/\/i0.wp.com\/tinnunculus.sy-sy.cz\/wp-content\/uploads\/2024\/03\/20240323-1120525196-1024x576.jpg?resize=350%2C200&ssl=1 1x, https:\/\/i0.wp.com\/tinnunculus.sy-sy.cz\/wp-content\/uploads\/2024\/03\/20240323-1120525196-1024x576.jpg?resize=525%2C300&ssl=1 1.5x"},"classes":[]},{"id":5330,"url":"https:\/\/tinnunculus.sy-sy.cz\/index.php\/zasady-ochrany-osobnich-udaju\/","url_meta":{"origin":16,"position":5},"title":"Ochrana osobn\u00edch \u00fadaj\u016f","author":"Zuzana Syrov\u00e1 An\u00fd\u017eov\u00e1","date":"27\/05\/2018","format":false,"excerpt":"Kdo jsme Tento web\/blog provozuje: Zuzana Syrov\u00e1 - An\u00fd\u017eov\u00e1 a Ji\u0159\u00ed Syrov\u00fd Kur\u0161ova 30, Brno. 63500 Adresa webu\/blogu je: https:\/\/tinnunculus.sy-sy.cz. Jak\u00e9 shroma\u017e\u010fujeme osobn\u00ed \u00fadaje a pro\u010d je shroma\u017e\u010fujeme Tento web slou\u017e\u00ed v\u00fdlu\u010dn\u011b priv\u00e1tn\u00edm \/ osobn\u00edm \u00fa\u010del\u016fm.\u00a0 Nesleduje \u017e\u00e1dn\u00e9 obchodn\u00ed c\u00edle.\u00a0 Shroma\u017e\u010fujeme proto pouze \u00fadaje nezbytn\u00e9 pro \u0159\u00e1dn\u00e9 fungov\u00e1n\u00ed tohoto webu,\u2026","rel":"","context":"Podobn\u00fd p\u0159\u00edsp\u011bvek","block_context":{"text":"Podobn\u00fd p\u0159\u00edsp\u011bvek","link":""},"img":{"alt_text":"","src":"","width":0,"height":0},"classes":[]}],"jetpack_sharing_enabled":true,"_links":{"self":[{"href":"https:\/\/tinnunculus.sy-sy.cz\/index.php\/wp-json\/wp\/v2\/pages\/16","targetHints":{"allow":["GET"]}}],"collection":[{"href":"https:\/\/tinnunculus.sy-sy.cz\/index.php\/wp-json\/wp\/v2\/pages"}],"about":[{"href":"https:\/\/tinnunculus.sy-sy.cz\/index.php\/wp-json\/wp\/v2\/types\/page"}],"author":[{"embeddable":true,"href":"https:\/\/tinnunculus.sy-sy.cz\/index.php\/wp-json\/wp\/v2\/users\/2"}],"replies":[{"embeddable":true,"href":"https:\/\/tinnunculus.sy-sy.cz\/index.php\/wp-json\/wp\/v2\/comments?post=16"}],"version-history":[{"count":3,"href":"https:\/\/tinnunculus.sy-sy.cz\/index.php\/wp-json\/wp\/v2\/pages\/16\/revisions"}],"predecessor-version":[{"id":43928,"href":"https:\/\/tinnunculus.sy-sy.cz\/index.php\/wp-json\/wp\/v2\/pages\/16\/revisions\/43928"}],"wp:featuredmedia":[{"embeddable":true,"href":"https:\/\/tinnunculus.sy-sy.cz\/index.php\/wp-json\/wp\/v2\/media\/38772"}],"wp:attachment":[{"href":"https:\/\/tinnunculus.sy-sy.cz\/index.php\/wp-json\/wp\/v2\/media?parent=16"}],"wp:term":[{"taxonomy":"category","embeddable":true,"href":"https:\/\/tinnunculus.sy-sy.cz\/index.php\/wp-json\/wp\/v2\/categories?post=16"},{"taxonomy":"post_tag","embeddable":true,"href":"https:\/\/tinnunculus.sy-sy.cz\/index.php\/wp-json\/wp\/v2\/tags?post=16"}],"curies":[{"name":"wp","href":"https:\/\/api.w.org\/{rel}","templated":true}]}}