{"id":15627,"date":"2021-05-05T19:49:32","date_gmt":"2021-05-05T17:49:32","guid":{"rendered":"https:\/\/tinnunculus.sy-sy.cz\/?page_id=15627"},"modified":"2025-12-15T08:14:16","modified_gmt":"2025-12-15T07:14:16","slug":"kamera-1-zvuk","status":"publish","type":"page","link":"https:\/\/tinnunculus.sy-sy.cz\/index.php\/v-primem-prenosu\/nase-kamery\/seznam-kamer\/kamera-1\/kamera-1-zvuk\/","title":{"rendered":"Kamera 1*"},"content":{"rendered":"<div class=\"members-access-error\"><img data-recalc-dims=\"1\" class=\"wp-image-43 size-large alignleft\" src=\"https:\/\/i0.wp.com\/tinnunculus.sy-sy.cz\/wp-content\/uploads\/2017\/07\/0009901-uprav-cb.jpg?resize=525%2C351&#038;ssl=1\" alt=\"\" width=\"525\" height=\"351\" \/><\/p>\n<h5>Kamera <a href=\"https:\/\/tinnunculus.sy-sy.cz\/index.php\/nase-kamery\/kamera-0\/\">0<\/a> \u00a6 <a href=\"http:\/\/tinnunculus.sy-sy.cz\/index.php\/nase-kamery\/kamera-2\/\">2<\/a> \u00a6\u00a0<a href=\"http:\/\/tinnunculus.sy-sy.cz\/index.php\/nase-kamery\/kamera-3\/\">3<\/a> \u00a6\u00a0<a href=\"http:\/\/tinnunculus.sy-sy.cz\/index.php\/nase-kamery\/kamera-4\/\">4<\/a> \u00a6 <a href=\"http:\/\/tinnunculus.sy-sy.cz\/index.php\/nase-kamery\/kamera-5\/\">5<\/a> \u00a6 <a href=\"http:\/\/tinnunculus.sy-sy.cz\/index.php\/nase-kamery\/kamera-6\/\">6<\/a> \u00a6\u00a0<a href=\"http:\/\/tinnunculus.sy-sy.cz\/index.php\/nase-kamery\/kamera-7\/\">7<\/a> \u00a6\u00a0<a href=\"http:\/\/tinnunculus.sy-sy.cz\/index.php\/nase-kamery\/kamera-8\/\">8<\/a> \u00a6 <a href=\"http:\/\/tinnunculus.sy-sy.cz\/index.php\/nase-kamery\/kamera-9\/\">9<\/a> \u00a6 <a href=\"http:\/\/tinnunculus.sy-sy.cz\/index.php\/nase-kamery\/kamera-10\/\">10<\/a> \u00a6\u00a0<a href=\"https:\/\/tinnunculus.sy-sy.cz\/index.php\/nase-kamery\/kamera-11\/\">11<\/a> \u00a6\u00a0<a href=\"https:\/\/tinnunculus.sy-sy.cz\/index.php\/nase-kamery\/kamera-12\/\">12<\/a> \u00a6\u00a0<a href=\"https:\/\/tinnunculus.sy-sy.cz\/index.php\/kamera-13\/\">13<\/a> \u00a6 <a href=\"https:\/\/tinnunculus.sy-sy.cz\/index.php\/kamera-14\/\">14<\/a> \u00a6 <a href=\"https:\/\/tinnunculus.sy-sy.cz\/index.php\/nase-kamery\/kamera-15\/\">15<\/a> \u00a6\u00a0<a href=\"https:\/\/tinnunculus.sy-sy.cz\/index.php\/nase-kamery\/kamera-16\/\">16<\/a><\/h5>\n<p><span style=\"color: #ff0000\"><span class=\"HwtZe\" lang=\"cs\"><span class=\"jCAhz ChMk0b\"><span class=\"ryNqvb\">Litujeme, nem\u00e1te opr\u00e1vn\u011bn\u00ed pro p\u0159\u00edstup k tomuto \u017eiv\u00e9mu p\u0159enosu.<\/span><\/span><\/span><br \/>\nJe dostupn\u00fd pouze po <a style=\"color: #ff0000\" href=\"https:\/\/tinnunculus.sy-sy.cz\/index.php\/prihlaseni\/\">p\u0159ihl\u00e1\u0161en\u00ed<\/a>.<\/span><\/p>\n<p>&nbsp;<\/p>\n<p style=\"text-align: right\">\u2190 <a href=\"http:\/\/tinnunculus.sy-sy.cz\/index.php\/v-primem-prenosu\/\">V p\u0159\u00edm\u00e9m p\u0159enosu z na\u0161\u00ed lod\u017eie<\/a><br \/>\n\u2190 <a href=\"http:\/\/tinnunculus.sy-sy.cz\/index.php\/nase-kamery\/\">Na\u0161e kamery<\/a> \u00a6 <a href=\"http:\/\/tinnunculus.sy-sy.cz\/index.php\/our-webcams\/\">Our webcams<\/a><br \/>\n\u2190 <a href=\"https:\/\/youtube.com\/channel\/UCx1tb6S-HFz_XUyk2bGxavw\/live\" target=\"_blank\" rel=\"noopener\">YouTube Live<\/a><\/p>\n<\/div>\n","protected":false},"excerpt":{"rendered":"<div class=\"members-access-error\"><img class=\"wp-image-43 size-large alignleft\" src=\"https:\/\/tinnunculus.sy-sy.cz\/wp-content\/uploads\/2017\/07\/0009901-uprav-cb-1024x685.jpg\" alt=\"\" width=\"525\" height=\"351\" \/><\/p>\n<h5>Kamera <a href=\"https:\/\/tinnunculus.sy-sy.cz\/index.php\/nase-kamery\/kamera-0\/\">0<\/a> \u00a6 <a href=\"http:\/\/tinnunculus.sy-sy.cz\/index.php\/nase-kamery\/kamera-2\/\">2<\/a> \u00a6\u00a0<a href=\"http:\/\/tinnunculus.sy-sy.cz\/index.php\/nase-kamery\/kamera-3\/\">3<\/a> \u00a6\u00a0<a href=\"http:\/\/tinnunculus.sy-sy.cz\/index.php\/nase-kamery\/kamera-4\/\">4<\/a> \u00a6 <a href=\"http:\/\/tinnunculus.sy-sy.cz\/index.php\/nase-kamery\/kamera-5\/\">5<\/a> \u00a6 <a href=\"http:\/\/tinnunculus.sy-sy.cz\/index.php\/nase-kamery\/kamera-6\/\">6<\/a> \u00a6\u00a0<a href=\"http:\/\/tinnunculus.sy-sy.cz\/index.php\/nase-kamery\/kamera-7\/\">7<\/a> \u00a6\u00a0<a href=\"http:\/\/tinnunculus.sy-sy.cz\/index.php\/nase-kamery\/kamera-8\/\">8<\/a> \u00a6 <a href=\"http:\/\/tinnunculus.sy-sy.cz\/index.php\/nase-kamery\/kamera-9\/\">9<\/a> \u00a6 <a href=\"http:\/\/tinnunculus.sy-sy.cz\/index.php\/nase-kamery\/kamera-10\/\">10<\/a> \u00a6\u00a0<a href=\"https:\/\/tinnunculus.sy-sy.cz\/index.php\/nase-kamery\/kamera-11\/\">11<\/a> \u00a6\u00a0<a href=\"https:\/\/tinnunculus.sy-sy.cz\/index.php\/nase-kamery\/kamera-12\/\">12<\/a> \u00a6\u00a0<a href=\"https:\/\/tinnunculus.sy-sy.cz\/index.php\/kamera-13\/\">13<\/a> \u00a6 <a href=\"https:\/\/tinnunculus.sy-sy.cz\/index.php\/kamera-14\/\">14<\/a> \u00a6 <a href=\"https:\/\/tinnunculus.sy-sy.cz\/index.php\/nase-kamery\/kamera-15\/\">15<\/a> \u00a6\u00a0<a href=\"https:\/\/tinnunculus.sy-sy.cz\/index.php\/nase-kamery\/kamera-16\/\">16<\/a><\/h5>\n<p><span style=\"color: #ff0000\"><span class=\"HwtZe\" lang=\"cs\"><span class=\"jCAhz ChMk0b\"><span class=\"ryNqvb\">Litujeme, nem\u00e1te opr\u00e1vn\u011bn\u00ed pro p\u0159\u00edstup k tomuto \u017eiv\u00e9mu p\u0159enosu.<\/span><\/span><\/span><br \/>\nJe dostupn\u00fd pouze po <a style=\"color: #ff0000\" href=\"https:\/\/tinnunculus.sy-sy.cz\/index.php\/prihlaseni\/\">p\u0159ihl\u00e1\u0161en\u00ed<\/a>.<\/span><\/p>\n<p>&nbsp;<\/p>\n<p style=\"text-align: right\">\u2190 <a href=\"http:\/\/tinnunculus.sy-sy.cz\/index.php\/v-primem-prenosu\/\">V p\u0159\u00edm\u00e9m p\u0159enosu z na\u0161\u00ed lod\u017eie<\/a><br \/>\n\u2190 <a href=\"http:\/\/tinnunculus.sy-sy.cz\/index.php\/nase-kamery\/\">Na\u0161e kamery<\/a> \u00a6 <a href=\"http:\/\/tinnunculus.sy-sy.cz\/index.php\/our-webcams\/\">Our webcams<\/a><br \/>\n\u2190 <a href=\"https:\/\/youtube.com\/channel\/UCx1tb6S-HFz_XUyk2bGxavw\/live\" target=\"_blank\" rel=\"noopener\">YouTube Live<\/a><\/p>\n<\/div>\n","protected":false},"author":2,"featured_media":0,"parent":5035,"menu_order":0,"comment_status":"closed","ping_status":"closed","template":"","meta":{"jetpack_post_was_ever_published":false,"footnotes":""},"categories":[147,118,116,150,149,114],"tags":[],"class_list":["post-15627","page","type-page","status-publish","hentry","category-nase-postolky","category-kamery","category-nasi","category-odjinud","category-z-nasi-lodzie","category-zivy-prenos"],"jetpack_shortlink":"https:\/\/wp.me\/P91gKE-443","jetpack-related-posts":[{"id":16039,"url":"https:\/\/tinnunculus.sy-sy.cz\/index.php\/v-primem-prenosu\/nase-kamery\/seznam-kamer\/kamera-10\/kamera-10-rorysovnik\/","url_meta":{"origin":15627,"position":0},"title":"10 \u00a6 Ror\u00fdsovn\u00edk","author":"Zuzana Syrov\u00e1 An\u00fd\u017eov\u00e1","date":"20\/05\/2021","format":false,"excerpt":"10\u00a6 10A\u00a6\u00a011\u00a6 KAMERA 10 \u00a6 KAMERA 10A \u00a0 \u2190 V p\u0159\u00edm\u00e9m p\u0159enosu z na\u0161\u00ed lod\u017eie \u2190 Na\u0161e kamery \u00a6 Our webcams \u2190 AXIS Live \u00a6\u00a0 YouTube Live","rel":"","context":"V \u201e\"Na\u0161e\" po\u0161tolky\u201c","block_context":{"text":"\"Na\u0161e\" po\u0161tolky","link":"https:\/\/tinnunculus.sy-sy.cz\/index.php\/category\/nasi\/nase-postolky\/"},"img":{"alt_text":"Camera 4","src":"https:\/\/sy-sy.cz\/cam\/webapi\/entry.cgi?api=SYNO.SurveillanceStation.Stream.VideoStreaming&version=1&method=Stream&format=mjpeg&cameraId=66&StmKey=%22a3020304e0596f25f91b755831413792%22","width":350,"height":200,"srcset":"https:\/\/sy-sy.cz\/cam\/webapi\/entry.cgi?api=SYNO.SurveillanceStation.Stream.VideoStreaming&version=1&method=Stream&format=mjpeg&cameraId=66&StmKey=%22a3020304e0596f25f91b755831413792%22 1x, https:\/\/sy-sy.cz\/cam\/webapi\/entry.cgi?api=SYNO.SurveillanceStation.Stream.VideoStreaming&version=1&method=Stream&format=mjpeg&cameraId=66&StmKey=%22a3020304e0596f25f91b755831413792%22 1.5x, https:\/\/sy-sy.cz\/cam\/webapi\/entry.cgi?api=SYNO.SurveillanceStation.Stream.VideoStreaming&version=1&method=Stream&format=mjpeg&cameraId=66&StmKey=%22a3020304e0596f25f91b755831413792%22 2x, https:\/\/sy-sy.cz\/cam\/webapi\/entry.cgi?api=SYNO.SurveillanceStation.Stream.VideoStreaming&version=1&method=Stream&format=mjpeg&cameraId=66&StmKey=%22a3020304e0596f25f91b755831413792%22 3x"},"classes":[]},{"id":43402,"url":"https:\/\/tinnunculus.sy-sy.cz\/index.php\/v-primem-prenosu\/nase-kamery\/webkamery-z-nasi-lodzie-rorysovnik\/","url_meta":{"origin":15627,"position":1},"title":"(Web)kamery z&nbsp;na\u0161\u00ed lod\u017eie: ror\u00fdsovn\u00edk","author":"Zuzana Syrov\u00e1 An\u00fd\u017eov\u00e1","date":"08\/11\/2025","format":false,"excerpt":"","rel":"","context":"V \u201e(Web)kamery\u201c","block_context":{"text":"(Web)kamery","link":"https:\/\/tinnunculus.sy-sy.cz\/index.php\/category\/zivy-prenos\/kamery\/"},"img":{"alt_text":"","src":"","width":0,"height":0},"classes":[]},{"id":15686,"url":"https:\/\/tinnunculus.sy-sy.cz\/index.php\/v-primem-prenosu\/nase-kamery\/seznam-kamer\/kamera-5\/kamera-5-zvuk\/","url_meta":{"origin":15627,"position":2},"title":"Kamera 5*","author":"Zuzana Syrov\u00e1 An\u00fd\u017eov\u00e1","date":"07\/05\/2021","format":false,"excerpt":"Kamera 0 \u00a6\u00a01 \u00a6 2 \u00a6\u00a03 \u00a6\u00a04 \u00a6 6 \u00a6\u00a07 \u00a6\u00a08 \u00a6 9 \u00a6 10 \u00a6\u00a011 \u00a6\u00a012 \u00a6\u00a013 \u00a6 14 \u00a6 15 \u00a6\u00a016 \u00a0 \u2190 V p\u0159\u00edm\u00e9m p\u0159enosu z na\u0161\u00ed lod\u017eie \u2190 Na\u0161e kamery \u00a6 Our webcams \u2190 YouTube Live","rel":"","context":"V \u201e\"Na\u0161e\" po\u0161tolky\u201c","block_context":{"text":"\"Na\u0161e\" po\u0161tolky","link":"https:\/\/tinnunculus.sy-sy.cz\/index.php\/category\/nasi\/nase-postolky\/"},"img":{"alt_text":"","src":"","width":0,"height":0},"classes":[]},{"id":47352,"url":"https:\/\/tinnunculus.sy-sy.cz\/index.php\/v-primem-prenosu\/nase-kamery\/seznam-kamer\/kamera-21\/21-postolky-za-oknem-kuchyne\/","url_meta":{"origin":15627,"position":3},"title":"21 \u00a6 Po\u0161tolky za oknem kuchyn\u011b","author":"Zuzana Syrov\u00e1 An\u00fd\u017eov\u00e1","date":"22\/03\/2026","format":false,"excerpt":"21\u00a6","rel":"","context":"V \u201e\"Na\u0161e\" po\u0161tolky\u201c","block_context":{"text":"\"Na\u0161e\" po\u0161tolky","link":"https:\/\/tinnunculus.sy-sy.cz\/index.php\/category\/nasi\/nase-postolky\/"},"img":{"alt_text":"Camera 21","src":"https:\/\/sy-sy.cz\/cam\/webapi\/entry.cgi?api=SYNO.SurveillanceStation.Stream.VideoStreaming&version=1&method=Stream&format=mjpeg&cameraId=70&StmKey=%22ac0aa1938a31ee59376e7854dc7d885d%22","width":350,"height":200,"srcset":"https:\/\/sy-sy.cz\/cam\/webapi\/entry.cgi?api=SYNO.SurveillanceStation.Stream.VideoStreaming&version=1&method=Stream&format=mjpeg&cameraId=70&StmKey=%22ac0aa1938a31ee59376e7854dc7d885d%22 1x, https:\/\/sy-sy.cz\/cam\/webapi\/entry.cgi?api=SYNO.SurveillanceStation.Stream.VideoStreaming&version=1&method=Stream&format=mjpeg&cameraId=70&StmKey=%22ac0aa1938a31ee59376e7854dc7d885d%22 1.5x, https:\/\/sy-sy.cz\/cam\/webapi\/entry.cgi?api=SYNO.SurveillanceStation.Stream.VideoStreaming&version=1&method=Stream&format=mjpeg&cameraId=70&StmKey=%22ac0aa1938a31ee59376e7854dc7d885d%22 2x, https:\/\/sy-sy.cz\/cam\/webapi\/entry.cgi?api=SYNO.SurveillanceStation.Stream.VideoStreaming&version=1&method=Stream&format=mjpeg&cameraId=70&StmKey=%22ac0aa1938a31ee59376e7854dc7d885d%22 3x"},"classes":[]},{"id":28825,"url":"https:\/\/tinnunculus.sy-sy.cz\/index.php\/v-primem-prenosu\/nase-kamery\/seznam-kamer\/kamera-11\/kamera-11a\/","url_meta":{"origin":15627,"position":4},"title":"Kamera 11a","author":"Zuzana Syrov\u00e1 An\u00fd\u017eov\u00e1","date":"20\/12\/2023","format":false,"excerpt":"0\u00a6\u00a01\u00a6\u00a02\u00a6\u00a03\u00a6\u00a04\u00a6\u00a05\u00a6\u00a06\u00a6\u00a07\u00a6\u00a08\u00a6\u00a09\u00a6\u00a012\u00a6\u00a013\u00a6\u00a014\u00a6\u00a015\u00a6\u00a016\u00a6\u00a017\u00a6\u00a018\u00a6\u00a019\u00a6\u00a020\u00a6 10\u00a6\u00a0\u00a011\u00a6 21\u00a6 \u00a0 \u2190 V p\u0159\u00edm\u00e9m p\u0159enosu z na\u0161\u00ed lod\u017eie \u2190 Na\u0161e kamery \u00a6 Our webcams","rel":"","context":"V \u201e\"Na\u0161e\" po\u0161tolky\u201c","block_context":{"text":"\"Na\u0161e\" po\u0161tolky","link":"https:\/\/tinnunculus.sy-sy.cz\/index.php\/category\/nasi\/nase-postolky\/"},"img":{"alt_text":"Camera 11a","src":"https:\/\/sy-sy.cz\/cam\/webapi\/entry.cgi?api=SYNO.SurveillanceStation.Stream.VideoStreaming&version=1&method=Stream&format=mjpeg&cameraId=17&StmKey=%2262be517abb99fed6a6e1ab663b123c95%22","width":350,"height":200,"srcset":"https:\/\/sy-sy.cz\/cam\/webapi\/entry.cgi?api=SYNO.SurveillanceStation.Stream.VideoStreaming&version=1&method=Stream&format=mjpeg&cameraId=17&StmKey=%2262be517abb99fed6a6e1ab663b123c95%22 1x, https:\/\/sy-sy.cz\/cam\/webapi\/entry.cgi?api=SYNO.SurveillanceStation.Stream.VideoStreaming&version=1&method=Stream&format=mjpeg&cameraId=17&StmKey=%2262be517abb99fed6a6e1ab663b123c95%22 1.5x, https:\/\/sy-sy.cz\/cam\/webapi\/entry.cgi?api=SYNO.SurveillanceStation.Stream.VideoStreaming&version=1&method=Stream&format=mjpeg&cameraId=17&StmKey=%2262be517abb99fed6a6e1ab663b123c95%22 2x"},"classes":[]},{"id":43102,"url":"https:\/\/tinnunculus.sy-sy.cz\/index.php\/v-primem-prenosu\/nase-kamery\/seznam-kamer\/kamera-10\/kamera-10a\/","url_meta":{"origin":15627,"position":5},"title":"Kamera 10a","author":"Zuzana Syrov\u00e1 An\u00fd\u017eov\u00e1","date":"12\/07\/2025","format":false,"excerpt":"0\u00a6\u00a01\u00a6\u00a02\u00a6\u00a03\u00a6\u00a04\u00a6\u00a05\u00a6\u00a06\u00a6\u00a07\u00a6\u00a08\u00a6\u00a09\u00a6\u00a012\u00a6\u00a013\u00a6\u00a014\u00a6\u00a015\u00a6\u00a016\u00a6\u00a017\u00a6\u00a018\u00a6\u00a019\u00a6\u00a020\u00a6 10\u00a6\u00a0\u00a011\u00a6 21\u00a6 KAMERA 10 \u00a6 KAMERA 10A \u00a0 \u2190 V p\u0159\u00edm\u00e9m p\u0159enosu z na\u0161\u00ed lod\u017eie \u2190 Na\u0161e kamery \u00a6 Our webcams \u2190 \u00a0YouTube Live","rel":"","context":"V \u201e\"Na\u0161e\" po\u0161tolky\u201c","block_context":{"text":"\"Na\u0161e\" po\u0161tolky","link":"https:\/\/tinnunculus.sy-sy.cz\/index.php\/category\/nasi\/nase-postolky\/"},"img":{"alt_text":"Camera 4","src":"https:\/\/sy-sy.cz\/cam\/webapi\/entry.cgi?api=SYNO.SurveillanceStation.Stream.VideoStreaming&version=1&method=Stream&format=mjpeg&cameraId=66&StmKey=%22a3020304e0596f25f91b755831413792%22","width":350,"height":200,"srcset":"https:\/\/sy-sy.cz\/cam\/webapi\/entry.cgi?api=SYNO.SurveillanceStation.Stream.VideoStreaming&version=1&method=Stream&format=mjpeg&cameraId=66&StmKey=%22a3020304e0596f25f91b755831413792%22 1x, https:\/\/sy-sy.cz\/cam\/webapi\/entry.cgi?api=SYNO.SurveillanceStation.Stream.VideoStreaming&version=1&method=Stream&format=mjpeg&cameraId=66&StmKey=%22a3020304e0596f25f91b755831413792%22 1.5x, https:\/\/sy-sy.cz\/cam\/webapi\/entry.cgi?api=SYNO.SurveillanceStation.Stream.VideoStreaming&version=1&method=Stream&format=mjpeg&cameraId=66&StmKey=%22a3020304e0596f25f91b755831413792%22 2x, https:\/\/sy-sy.cz\/cam\/webapi\/entry.cgi?api=SYNO.SurveillanceStation.Stream.VideoStreaming&version=1&method=Stream&format=mjpeg&cameraId=66&StmKey=%22a3020304e0596f25f91b755831413792%22 3x"},"classes":[]}],"jetpack_sharing_enabled":true,"_links":{"self":[{"href":"https:\/\/tinnunculus.sy-sy.cz\/index.php\/wp-json\/wp\/v2\/pages\/15627","targetHints":{"allow":["GET"]}}],"collection":[{"href":"https:\/\/tinnunculus.sy-sy.cz\/index.php\/wp-json\/wp\/v2\/pages"}],"about":[{"href":"https:\/\/tinnunculus.sy-sy.cz\/index.php\/wp-json\/wp\/v2\/types\/page"}],"author":[{"embeddable":true,"href":"https:\/\/tinnunculus.sy-sy.cz\/index.php\/wp-json\/wp\/v2\/users\/2"}],"replies":[{"embeddable":true,"href":"https:\/\/tinnunculus.sy-sy.cz\/index.php\/wp-json\/wp\/v2\/comments?post=15627"}],"version-history":[{"count":3,"href":"https:\/\/tinnunculus.sy-sy.cz\/index.php\/wp-json\/wp\/v2\/pages\/15627\/revisions"}],"predecessor-version":[{"id":32550,"href":"https:\/\/tinnunculus.sy-sy.cz\/index.php\/wp-json\/wp\/v2\/pages\/15627\/revisions\/32550"}],"up":[{"embeddable":true,"href":"https:\/\/tinnunculus.sy-sy.cz\/index.php\/wp-json\/wp\/v2\/pages\/5035"}],"wp:attachment":[{"href":"https:\/\/tinnunculus.sy-sy.cz\/index.php\/wp-json\/wp\/v2\/media?parent=15627"}],"wp:term":[{"taxonomy":"category","embeddable":true,"href":"https:\/\/tinnunculus.sy-sy.cz\/index.php\/wp-json\/wp\/v2\/categories?post=15627"},{"taxonomy":"post_tag","embeddable":true,"href":"https:\/\/tinnunculus.sy-sy.cz\/index.php\/wp-json\/wp\/v2\/tags?post=15627"}],"curies":[{"name":"wp","href":"https:\/\/api.w.org\/{rel}","templated":true}]}}