{"id":15,"date":"2017-07-28T07:55:55","date_gmt":"2017-07-28T05:55:55","guid":{"rendered":"http:\/\/tinnunculus.sy-sy.cz\/?page_id=15"},"modified":"2025-12-16T16:02:46","modified_gmt":"2025-12-16T15:02:46","slug":"about","status":"publish","type":"page","link":"https:\/\/tinnunculus.sy-sy.cz\/index.php\/about\/","title":{"rendered":"O n\u00e1s"},"content":{"rendered":"<ul>\n<li><strong>o po\u0161tolk\u00e1ch:<\/strong> Od r 2007 jsme dom\u00e1c\u00edmi p\u00e1ru po\u0161tolek hn\u00edzd\u00edc\u00edch v&nbsp;na\u0161\u00ed lod\u017eii.<\/li>\n<li><strong>o my\u0161\u00edch:<\/strong> O&nbsp;p\u00e1r let pozd\u011bji k&nbsp;nim p\u0159ibyla my\u0161ka jako maskot&#8230;<\/li>\n<li><strong>o jin\u00e9 zv\u00ed\u0159en\u011b:<\/strong> Pod jednou st\u0159echou s&nbsp;n\u00e1mi bydl\u00ed tak\u00e9 ror\u00fdsi a&nbsp;v&nbsp;na\u0161em venkovsk\u00e9m dom\u011b a&nbsp;jeho zahrad\u011b spousta jin\u00e9 hav\u011bti.<\/li>\n<li><strong>o lidech:<\/strong> My, jejich dom\u00e1c\u00ed, jsme o&nbsp;dost m\u00e9n\u011b zaj\u00edmav\u00fd p\u00e1rek. S&nbsp;t\u00edm, \u010d\u00edm se zab\u00fdv\u00e1me, kdy\u017e se zrovna nev\u011bnujeme pozorov\u00e1n\u00ed v\u00fd\u0161e uveden\u00fdch individu\u00ed, se m\u016f\u017eete sezn\u00e1mit <a href=\"https:\/\/sy-sy.cz\" target=\"_blank\" rel=\"noopener noreferrer\">zde<\/a>.<\/li>\n<li><strong>o medv\u011bdech:<\/strong> V&nbsp;neposledn\u00ed \u0159ad\u011b bychom nem\u011bli zapomenout uv\u00e9st, \u017ee prostory v&nbsp;interieru za oknem a&nbsp;dve\u0159mi vedouc\u00edmi do na\u0161\u00ed lod\u017eie ob\u00fdvaj\u00ed od r. 1997 ply\u0161ov\u00ed medv\u011bdi, o&nbsp;nich\u017e se n\u011bco v\u00edce m\u016f\u017eete dov\u011bd\u011bt <a href=\"https:\/\/doudouetcomp.wordpress.com\/\" target=\"_blank\" rel=\"noopener noreferrer\">zde<\/a>.<\/li>\n<\/ul>\n","protected":false},"excerpt":{"rendered":"<p>o po\u0161tolk\u00e1ch: Od r 2007 jsme dom\u00e1c\u00edmi p\u00e1ru po\u0161tolek hn\u00edzd\u00edc\u00edch v&nbsp;na\u0161\u00ed lod\u017eii. o&nbsp;my\u0161\u00edch: O&nbsp;p\u00e1r let pozd\u011bji k&nbsp;nim p\u0159ibyla my\u0161ka jako maskot&#8230; o&nbsp;jin\u00e9 zv\u00ed\u0159en\u011b: Pod jednou st\u0159echou s&nbsp;n\u00e1mi bydl\u00ed tak\u00e9 ror\u00fdsi a&nbsp;v&nbsp;na\u0161em venkovsk\u00e9m dom\u011b a&nbsp;jeho zahrad\u011b spousta jin\u00e9 hav\u011bti. o&nbsp;lidech: My, jejich dom\u00e1c\u00ed, jsme o&nbsp;dost m\u00e9n\u011b zaj\u00edmav\u00fd p\u00e1rek. S&nbsp;t\u00edm, \u010d\u00edm se zab\u00fdv\u00e1me, kdy\u017e &hellip; <\/p>\n<p class=\"link-more\"><a href=\"https:\/\/tinnunculus.sy-sy.cz\/index.php\/about\/\" class=\"more-link\">Pokra\u010dovat ve \u010dten\u00ed<span class=\"screen-reader-text\"> &#8222;O&nbsp;n\u00e1s&#8220;<\/span><\/a><\/p>\n","protected":false},"author":2,"featured_media":55,"parent":0,"menu_order":0,"comment_status":"closed","ping_status":"closed","template":"","meta":{"jetpack_post_was_ever_published":false,"footnotes":""},"categories":[],"tags":[],"class_list":["post-15","page","type-page","status-publish","has-post-thumbnail","hentry"],"jetpack_shortlink":"https:\/\/wp.me\/P91gKE-f","jetpack-related-posts":[{"id":14,"url":"https:\/\/tinnunculus.sy-sy.cz\/","url_meta":{"origin":15,"position":0},"title":"\u00davod","author":"Zuzana Syrov\u00e1 An\u00fd\u017eov\u00e1","date":"28\/07\/2017","format":false,"excerpt":"Tyto str\u00e1nky a blog \u010dili blok aneb z\u00e1pisn\u00edk navazuj\u00ed na star\u0161\u00ed blog O\u00a0my\u0161\u00edch a po\u0161tolk\u00e1ch,\u00a0 kter\u00fd jsme za\u010dali v\u00e9st v roce 2014.\u00a0 Jsou v\u011bnov\u00e1ny p\u0159edev\u0161\u00edm po\u0161tolk\u00e1m, kter\u00e9 se rozhodly \u017e\u00edt s n\u00e1mi pod jednou st\u0159echou v lod\u017eii na\u0161\u00ed dom\u00e1c\u00ed kancel\u00e1\u0159e, a od roku 2007 zde tak\u00e9 hn\u00edzd\u00ed.\u00a0 O p\u00e1r let\u2026","rel":"","context":"Podobn\u00fd p\u0159\u00edsp\u011bvek","block_context":{"text":"Podobn\u00fd p\u0159\u00edsp\u011bvek","link":""},"img":{"alt_text":"","src":"","width":0,"height":0},"classes":[]},{"id":18,"url":"https:\/\/tinnunculus.sy-sy.cz\/index.php\/a-homepage-section\/","url_meta":{"origin":15,"position":1},"title":"O my\u0161\u00edch a&nbsp;po\u0161tolk\u00e1ch","author":"Zuzana Syrov\u00e1 An\u00fd\u017eov\u00e1","date":"28\/07\/2017","format":false,"excerpt":"Pro\u010d o po\u0161tolk\u00e1ch? Za d\u00e1vn\u00fdch a d\u00e1vn\u00fdch \u010das\u016f, n\u011bkdy t\u011bsn\u011b po roce 1986, kdy jsme se nast\u011bhovali do nov\u00e9ho bytu v panelov\u00e9m dom\u011b v s\u00eddli\u0161ti na okraji Brna, se v na\u0161\u00ed lod\u017eii objevily po\u0161tolky. Dlouh\u00e1 l\u00e9ta byla jejich obl\u00edben\u00fdm m\u00edstem pro p\u0159esp\u00e1n\u00ed a od roku 2007 zde i hn\u00edzd\u00ed. Vybraly\u2026","rel":"","context":"V \u201e\"Na\u0161e\" po\u0161tolky\u201c","block_context":{"text":"\"Na\u0161e\" po\u0161tolky","link":"https:\/\/tinnunculus.sy-sy.cz\/index.php\/category\/nasi\/nase-postolky\/"},"img":{"alt_text":"","src":"https:\/\/i0.wp.com\/tinnunculus.sy-sy.cz\/wp-content\/uploads\/2017\/08\/dsc22907_24x10cb-e1501697514766.jpg?fit=1200%2C500&ssl=1&resize=350%2C200","width":350,"height":200,"srcset":"https:\/\/i0.wp.com\/tinnunculus.sy-sy.cz\/wp-content\/uploads\/2017\/08\/dsc22907_24x10cb-e1501697514766.jpg?fit=1200%2C500&ssl=1&resize=350%2C200 1x, https:\/\/i0.wp.com\/tinnunculus.sy-sy.cz\/wp-content\/uploads\/2017\/08\/dsc22907_24x10cb-e1501697514766.jpg?fit=1200%2C500&ssl=1&resize=525%2C300 1.5x, https:\/\/i0.wp.com\/tinnunculus.sy-sy.cz\/wp-content\/uploads\/2017\/08\/dsc22907_24x10cb-e1501697514766.jpg?fit=1200%2C500&ssl=1&resize=700%2C400 2x, https:\/\/i0.wp.com\/tinnunculus.sy-sy.cz\/wp-content\/uploads\/2017\/08\/dsc22907_24x10cb-e1501697514766.jpg?fit=1200%2C500&ssl=1&resize=1050%2C600 3x"},"classes":[]},{"id":786,"url":"https:\/\/tinnunculus.sy-sy.cz\/index.php\/v-primem-prenosu\/","url_meta":{"origin":15,"position":2},"title":"V p\u0159\u00edm\u00e9m p\u0159enosu","author":"Zuzana Syrov\u00e1 An\u00fd\u017eov\u00e1","date":"04\/08\/2017","format":false,"excerpt":"0\u00a6\u00a01\u00a6\u00a02\u00a6\u00a03\u00a6\u00a04\u00a6\u00a05\u00a6\u00a06\u00a6\u00a07\u00a6\u00a08\u00a6\u00a09\u00a6\u00a012\u00a6\u00a013\u00a6\u00a014\u00a6\u00a015\u00a6\u00a016\u00a6\u00a017\u00a6\u00a018\u00a6\u00a019\u00a6\u00a020\u00a6 10\u00a6\u00a0\u00a011\u00a6 21\u00a6 \u00a0 Kameru ke sledov\u00e1n\u00ed zvol\u00edte kliknut\u00edm na \u010d\u00edslo kamery nebo ji m\u016f\u017eete vybrat ze seznamu kamer. V\u00edce na str\u00e1nce Na\u0161e kamery. K dispozici jsou skupiny kamer:\u00a0\u00a0z po\u0161tol\u010d\u00ed lod\u017eie (hn\u00edzdo,\u00a0bid\u00fdlka,\u00a0z\u00e1bradl\u00ed,\u00a0za oknem,\u00a0na podlaze, ror\u00fdsovn\u00edk), z okol\u00ed ror\u00fdsovn\u00edku a z po\u0161tol\u010d\u00edho okna. Testujeme rovn\u011b\u017e \u017eiv\u00e9 vys\u00edl\u00e1n\u00ed na na\u0161em po\u0161tol\u010d\u00edm YouTube\u2026","rel":"","context":"V \u201e\"Na\u0161e\" po\u0161tolky\u201c","block_context":{"text":"\"Na\u0161e\" po\u0161tolky","link":"https:\/\/tinnunculus.sy-sy.cz\/index.php\/category\/nasi\/nase-postolky\/"},"img":{"alt_text":"Camera 1","src":"https:\/\/sy-sy.cz\/cam\/webapi\/entry.cgi?api=SYNO.SurveillanceStation.Stream.VideoStreaming&version=1&method=Stream&format=mjpeg&cameraId=2&StmKey=%229853f85e3f00a090389e5f3da7058a2c%22","width":350,"height":200,"srcset":"https:\/\/sy-sy.cz\/cam\/webapi\/entry.cgi?api=SYNO.SurveillanceStation.Stream.VideoStreaming&version=1&method=Stream&format=mjpeg&cameraId=2&StmKey=%229853f85e3f00a090389e5f3da7058a2c%22 1x, https:\/\/sy-sy.cz\/cam\/webapi\/entry.cgi?api=SYNO.SurveillanceStation.Stream.VideoStreaming&version=1&method=Stream&format=mjpeg&cameraId=2&StmKey=%229853f85e3f00a090389e5f3da7058a2c%22 1.5x, https:\/\/sy-sy.cz\/cam\/webapi\/entry.cgi?api=SYNO.SurveillanceStation.Stream.VideoStreaming&version=1&method=Stream&format=mjpeg&cameraId=2&StmKey=%229853f85e3f00a090389e5f3da7058a2c%22 2x, https:\/\/sy-sy.cz\/cam\/webapi\/entry.cgi?api=SYNO.SurveillanceStation.Stream.VideoStreaming&version=1&method=Stream&format=mjpeg&cameraId=2&StmKey=%229853f85e3f00a090389e5f3da7058a2c%22 3x, https:\/\/sy-sy.cz\/cam\/webapi\/entry.cgi?api=SYNO.SurveillanceStation.Stream.VideoStreaming&version=1&method=Stream&format=mjpeg&cameraId=2&StmKey=%229853f85e3f00a090389e5f3da7058a2c%22 4x"},"classes":[]},{"id":5032,"url":"https:\/\/tinnunculus.sy-sy.cz\/index.php\/v-primem-prenosu\/nase-kamery\/","url_meta":{"origin":15,"position":3},"title":"Na\u0161e kamery","author":"Zuzana Syrov\u00e1 An\u00fd\u017eov\u00e1","date":"04\/05\/2018","format":false,"excerpt":"0\u00a6\u00a01\u00a6\u00a02\u00a6\u00a03\u00a6\u00a04\u00a6\u00a05\u00a6\u00a06\u00a6\u00a07\u00a6\u00a08\u00a6\u00a09\u00a6\u00a012\u00a6\u00a013\u00a6\u00a014\u00a6\u00a015\u00a6\u00a016\u00a6\u00a017\u00a6\u00a018\u00a6\u00a019\u00a6\u00a020\u00a6 10\u00a6\u00a0\u00a011\u00a6 21\u00a6 \u2190\u00a0Seznam kamer Z\u00e1kladn\u00ed informace o sledov\u00e1n\u00ed po\u0161tolek pomoc\u00ed s\u00ed\u0165ov\u00fdch kamer poskytuje u\u017e \u010dl\u00e1nek O kamer\u00e1ch ku sledov\u00e1n\u00ed po\u0161tolek. Zachycuje stav do r.\u00a0 2016, kdy prob\u011bhly stavebn\u00ed pr\u00e1ce spojen\u00e9 s oblo\u017een\u00edm fas\u00e1dy polystyrenem a v\u00fdm\u011bnou lod\u017eie za hlub\u0161\u00ed s vy\u0161\u0161\u00edm plechov\u00fdm z\u00e1bradl\u00edm bez doln\u00ed vletov\u00e9 mezery nad podlahou.\u2026","rel":"","context":"V \u201e(Web)kamery\u201c","block_context":{"text":"(Web)kamery","link":"https:\/\/tinnunculus.sy-sy.cz\/index.php\/category\/zivy-prenos\/kamery\/"},"img":{"alt_text":"","src":"https:\/\/i0.wp.com\/tinnunculus.sy-sy.cz\/wp-content\/uploads\/2021\/05\/youtube-1718976_960_720-300x300.png?resize=350%2C200&ssl=1","width":350,"height":200},"classes":[]},{"id":14057,"url":"https:\/\/tinnunculus.sy-sy.cz\/index.php\/pocasi-u-nas\/archiv-pocasi\/","url_meta":{"origin":15,"position":4},"title":"Archiv po\u010das\u00ed","author":"Zuzana Syrov\u00e1 An\u00fd\u017eov\u00e1","date":"01\/01\/2021","format":false,"excerpt":"Jak\u00e9 po\u010das\u00ed prov\u00e1zelo jednotliv\u00e9 sez\u00f3ny od r. 2007, lze nahl\u00e9dnout v historick\u00fdch ro\u010dn\u00edch a m\u011bs\u00ed\u010dn\u00edch datech: 2007 \u00a6 2008 \u00a6 2009 \u00a6 2010 \u00a6 2011 \u00a6 2012 \u00a6 2013 \u00a6 2014 \u00a6 2015 \u00a6 2016 \u00a6 2017 \u00a6 2018 \u00a6 2019 \u00a6 2020 \u00a6 2021 \u00a6 2022 \u00a6 2023 \u00a6\u2026","rel":"","context":"Podobn\u00fd p\u0159\u00edsp\u011bvek","block_context":{"text":"Podobn\u00fd p\u0159\u00edsp\u011bvek","link":""},"img":{"alt_text":"","src":"https:\/\/i0.wp.com\/tinnunculus.sy-sy.cz\/wp-content\/uploads\/2021\/01\/pocasi02-BWL-1024x633.jpg?resize=350%2C200&ssl=1","width":350,"height":200,"srcset":"https:\/\/i0.wp.com\/tinnunculus.sy-sy.cz\/wp-content\/uploads\/2021\/01\/pocasi02-BWL-1024x633.jpg?resize=350%2C200&ssl=1 1x, https:\/\/i0.wp.com\/tinnunculus.sy-sy.cz\/wp-content\/uploads\/2021\/01\/pocasi02-BWL-1024x633.jpg?resize=525%2C300&ssl=1 1.5x"},"classes":[]},{"id":14867,"url":"https:\/\/tinnunculus.sy-sy.cz\/index.php\/postolci-sezony\/historie-hnizda\/o-postolkach-aneb-historie-hnizda-ii\/","url_meta":{"origin":15,"position":5},"title":"Historie hn\u00edzda II","author":"Zuzana Syrov\u00e1 An\u00fd\u017eov\u00e1","date":"14\/03\/2021","format":false,"excerpt":"Historii po\u0161tol\u010d\u00edho hn\u00edzda v na\u0161\u00ed lod\u017eii jsme poprv\u00e9 sepsali v roce 2013. Tehdy u n\u00e1s hn\u00edzdily u\u017e sedm\u00fdm rokem ve skryt\u00e9m kout\u011b za sk\u0159\u00ed\u0148kou na opa\u010dn\u00e9 stran\u011b od vstupn\u00edch dve\u0159\u00ed. Historii, pr\u016fb\u011b\u017en\u011b aktualizovanou a\u017e do zlomov\u00e9ho roku 2016, najdete zde. V\u0161e se zm\u011bnilo, kdy\u017e se 31. b\u0159ezna 2016 b\u011bhem dne\u2026","rel":"","context":"Podobn\u00fd p\u0159\u00edsp\u011bvek","block_context":{"text":"Podobn\u00fd p\u0159\u00edsp\u011bvek","link":""},"img":{"alt_text":"","src":"","width":0,"height":0},"classes":[]}],"jetpack_sharing_enabled":true,"_links":{"self":[{"href":"https:\/\/tinnunculus.sy-sy.cz\/index.php\/wp-json\/wp\/v2\/pages\/15","targetHints":{"allow":["GET"]}}],"collection":[{"href":"https:\/\/tinnunculus.sy-sy.cz\/index.php\/wp-json\/wp\/v2\/pages"}],"about":[{"href":"https:\/\/tinnunculus.sy-sy.cz\/index.php\/wp-json\/wp\/v2\/types\/page"}],"author":[{"embeddable":true,"href":"https:\/\/tinnunculus.sy-sy.cz\/index.php\/wp-json\/wp\/v2\/users\/2"}],"replies":[{"embeddable":true,"href":"https:\/\/tinnunculus.sy-sy.cz\/index.php\/wp-json\/wp\/v2\/comments?post=15"}],"version-history":[{"count":3,"href":"https:\/\/tinnunculus.sy-sy.cz\/index.php\/wp-json\/wp\/v2\/pages\/15\/revisions"}],"predecessor-version":[{"id":45393,"href":"https:\/\/tinnunculus.sy-sy.cz\/index.php\/wp-json\/wp\/v2\/pages\/15\/revisions\/45393"}],"wp:featuredmedia":[{"embeddable":true,"href":"https:\/\/tinnunculus.sy-sy.cz\/index.php\/wp-json\/wp\/v2\/media\/55"}],"wp:attachment":[{"href":"https:\/\/tinnunculus.sy-sy.cz\/index.php\/wp-json\/wp\/v2\/media?parent=15"}],"wp:term":[{"taxonomy":"category","embeddable":true,"href":"https:\/\/tinnunculus.sy-sy.cz\/index.php\/wp-json\/wp\/v2\/categories?post=15"},{"taxonomy":"post_tag","embeddable":true,"href":"https:\/\/tinnunculus.sy-sy.cz\/index.php\/wp-json\/wp\/v2\/tags?post=15"}],"curies":[{"name":"wp","href":"https:\/\/api.w.org\/{rel}","templated":true}]}}