{"id":14867,"date":"2021-03-14T22:19:13","date_gmt":"2021-03-14T21:19:13","guid":{"rendered":"https:\/\/tinnunculus.sy-sy.cz\/?page_id=14867"},"modified":"2025-12-14T23:37:27","modified_gmt":"2025-12-14T22:37:27","slug":"o-postolkach-aneb-historie-hnizda-ii","status":"publish","type":"page","link":"https:\/\/tinnunculus.sy-sy.cz\/index.php\/postolci-sezony\/historie-hnizda\/o-postolkach-aneb-historie-hnizda-ii\/","title":{"rendered":"Historie hn\u00edzda II"},"content":{"rendered":"<p>Historii po\u0161tol\u010d\u00edho hn\u00edzda v&nbsp;na\u0161\u00ed lod\u017eii jsme poprv\u00e9 sepsali v&nbsp;roce 2013. Tehdy u&nbsp;n\u00e1s hn\u00edzdily u\u017e sedm\u00fdm rokem ve skryt\u00e9m kout\u011b za sk\u0159\u00ed\u0148kou na opa\u010dn\u00e9 stran\u011b od vstupn\u00edch dve\u0159\u00ed. Historii, pr\u016fb\u011b\u017en\u011b aktualizovanou a\u017e do zlomov\u00e9ho roku <a href=\"https:\/\/tinnunculus.sy-sy.cz\/index.php\/deniky\/2016-2\/\">2016<\/a>, najdete <a href=\"https:\/\/tinnunculus.sy-sy.cz\/index.php\/2013\/05\/24\/o-postolkach-aneb-historie-hnizda\/\" target=\"_blank\" rel=\"noopener\">zde<\/a>.<\/p>\n<p>V\u0161e se zm\u011bnilo, kdy\u017e se 31.&nbsp;b\u0159ezna 2016 b\u011bhem dne se p\u0159ed okny hned vedle lod\u017eie objevilo ne\u010dekan\u011b le\u0161en\u00ed a&nbsp;n\u00e1st\u011bnce u&nbsp;vchodu domu ozn\u00e1men\u00ed datovan\u00e9 30.&nbsp;3.&nbsp;2016, \u017ee dnem 31.&nbsp;3.&nbsp;2016 za\u010d\u00ednaj\u00ed p\u0159\u00edpravn\u00e9 pr\u00e1ce k&nbsp;revitalizaci domu. Pokud to nev\u00edte, t\u00edmto vzne\u0161en\u011b optimistick\u00fdm term\u00ednem se naz\u00fdv\u00e1 obalen\u00ed panelov\u00e9ho domu do vrstvy polystyrenu. V&nbsp;p\u0159\u00edpad\u011b domu na\u0161eho bylo spojeno i&nbsp;s&nbsp;odstran\u011bn\u00edm star\u00e9ho z\u00e1bradl\u00ed lod\u017eie a&nbsp;jej\u00edm prohlouben\u00edm o&nbsp;n\u011bkolik des\u00edtek centimetr\u016f. Dalo by se \u0159\u00edci, \u017ee po\u0161tolky se s&nbsp;nastalou situac\u00ed vyrovnaly o&nbsp;dost l\u00e9pe ne\u017e my sami. Stavbou se v&nbsp;podstat\u011b nenechaly vyv\u00e9st z&nbsp;m\u00edry; jedin\u00e9, co je dok\u00e1zalo opravdu vyru\u0161it, bylo, kdy\u017e se pobl\u00ed\u017e hn\u00edzda objevil n\u011bjak\u00fd ten zv\u011bdavec. Z&nbsp;p\u011bti po\u0161tol\u010dat, kter\u00e1 se toho roku vyl\u00edhla, nicm\u00e9n\u011b nakonec p\u0159e\u017eila jen dv\u011b. Prvn\u00ed dv\u011b zem\u0159ela ve v\u011bku necel\u00e9ho dne, kdy\u017e je odepsala jejich matka (viz <a href=\"https:\/\/tinnunculus.sy-sy.cz\/index.php\/2016\/05\/18\/samicka-vi-nejlepe\/\">Sami\u010dka v\u00ed nejl\u00e9pe<\/a>; <a href=\"https:\/\/tinnunculus.sy-sy.cz\/index.php\/2016\/05\/19\/opravdu-vi-nejlepe-co-delat\/\">Opravdu v\u00ed nejl\u00e9pe co d\u011blat?<\/a>). T\u0159et\u00ed uhynulo o&nbsp;11&nbsp;dn\u00ed pozd\u011bji (viz <a href=\"https:\/\/tinnunculus.sy-sy.cz\/index.php\/2016\/05\/31\/jako-by-nikdy-ani-nebylo\/\">Jako by nikdy ani nebylo<\/a>).\u00a0 Zbyl\u00e1 po\u0161tol\u010data to pak rozhodn\u011b nem\u011bla lehk\u00e9. Zvl\u00e1\u0161t\u011b pot\u00e9, kdy\u017e lod\u017eie p\u0159i\u0161la o&nbsp;z\u00e1bradl\u00ed. To m\u00e9n\u011b \u0161ikovn\u00e9 neust\u00e1le padalo n\u011bkam dol\u016f &#8211; a\u0165 u\u017e do lod\u017eie o&nbsp;patro n\u00ed\u017ee nebo postupn\u011b po&nbsp;le\u0161en\u00ed a\u017e na zem. Ale i&nbsp;pro let netalentovan\u00e9 po\u0161tol\u010de se nakonec nau\u010dilo l\u00e9tat a&nbsp;dodnes douf\u00e1me, \u017ee p\u0159e\u017eilo i&nbsp;sv\u016fj prvn\u00ed opravdov\u00fd let, kter\u00fd ji\u017e nebyl pouze voln\u00fdm p\u00e1dem (viz <a href=\"https:\/\/tinnunculus.sy-sy.cz\/index.php\/2016\/06\/25\/kolik-ma-postolce-zivotu\/\">Kolik m\u00e1 po\u0161tol\u010de \u017eivot\u016f?<\/a>).<\/p>\n<p>Stavebn\u00ed pr\u00e1ce se nakonec prot\u00e1hly a\u017e p\u0159es polovinu b\u0159ezna <a href=\"https:\/\/tinnunculus.sy-sy.cz\/index.php\/deniky\/2017-2\/\">2017<\/a> (viz <a href=\"https:\/\/tinnunculus.sy-sy.cz\/index.php\/2017\/03\/12\/bude-se-jim-libit\/\">Bude se jim l\u00edbit?<\/a>; <a href=\"https:\/\/tinnunculus.sy-sy.cz\/index.php\/2017\/03\/16\/do-roka-a-do-dne-temer\/\">Do roka a&nbsp;do dne (t\u00e9m\u011b\u0159)<\/a>).\u00a0 Po\u0161tolky obletovaly kolem u\u017e v&nbsp;zim\u011b a&nbsp;my se postupn\u011b sna\u017eili lod\u017eii op\u011bt upravit tak, jak na ni byly zvykl\u00e9. Nejprve se v&nbsp;n\u00ed objevila bid\u00fdlka u&nbsp;dve\u0159\u00ed, na\u00a0 kter\u00fdch za\u010daly p\u0159esp\u00e1vat u\u017e za\u010d\u00e1tkem b\u0159ezna. V\u0161echno ale stejn\u00e9 b\u00fdt nemohlo. Lod\u017eie je toti\u017e u\u017e\u0161\u00ed a&nbsp;hlub\u0161\u00ed, i&nbsp;dve\u0159e se posunuly. Dostalo je j\u00ed i&nbsp;zasklen\u00ed. Okna, kter\u00e1 se na\u0161t\u011bst\u00ed daj\u00ed shrnout na jednu stranu, jsme je f\u00f3li\u00ed. Z\u00e1bradl\u00ed je vy\u0161\u0161\u00ed a&nbsp;co je asi nejpodstatn\u011bj\u0161\u00ed, chyb\u00ed pod n\u00edm doln\u00ed vletov\u00fd otvor. To je z\u0159ejm\u011b hlavn\u00edm d\u016fvodem, pro po\u0161tolky od t\u00e9 doby preferuj\u00ed pro hn\u00edzd\u011bn\u00ed bed\u00fdnku pod bid\u00fdlky na polic\u00edch u&nbsp;dve\u0159\u00ed. Nejprve jsme mysleli, \u017ee ani ta jim nebude vyhovovat. Po\u0161tol\u010d\u00ed p\u00e1r, kter\u00fd si zde na za\u010d\u00e1tku sez\u00f3ny 2017 za\u010dal zakl\u00e1dat dom\u00e1cnost, se na p\u0159elomu dubna a&nbsp;kv\u011btna vytr\u00e1cej\u00ed z&nbsp;lod\u017eie.\u00a0 Po\u0161tol\u010d\u00ed sami\u010dka se zde op\u011bt objevuje a\u017e v&nbsp;srpnu. Dal\u0161\u00ed z\u00e1jemci se k&nbsp;n\u00ed pak p\u0159id\u00e1vaj\u00ed na podzim. Na zimu ale z\u016fst\u00e1v\u00e1 sama. V&nbsp;b\u0159eznu n\u00e1sleduj\u00edc\u00ed sez\u00f3ny v\u0161ak prohr\u00e1v\u00e1 s&nbsp;novou z\u00e1jemkyn\u00ed.<\/p>\n<p>I sez\u00f3na <a href=\"https:\/\/tinnunculus.sy-sy.cz\/index.php\/deniky\/2018-2\/\">2018<\/a> byla v&nbsp;porovn\u00e1n\u00ed s&nbsp;ostatn\u00edmi neobvykl\u00e1.\u00a0 Po&nbsp;jarn\u00ed v\u00fdm\u011bn\u011b sami\u010dek se rozv\u00edjela slibn\u011b a&nbsp;12.&nbsp;kv\u011btna se v&nbsp;bed\u00fdnce na\u00a0 polic\u00edch u&nbsp;dve\u0159\u00ed objevilo prvn\u00ed vejce a&nbsp;po&nbsp;n\u011bm dal\u0161\u00ed. Zp\u011btn\u011b se ale zd\u00e1, \u017ee v&nbsp;okol\u00ed nebylo dostatek nejobl\u00edben\u011bj\u0161\u00ed po\u0161tol\u010d\u00ed potravy &#8211; hrabo\u0161\u016f. Nov\u00fd same\u010dek proto nosil nov\u00e9 sami\u010dce velmi \u010dasto drobn\u00e9 ope\u0159ence, je\u0161t\u011brky, slep\u00fd\u0161e a&nbsp;dokonce \u017e\u00ed\u017ealy. Od 24 \u010dervna se pak same\u010dek objevuje pouze na noc a&nbsp;pak zcela miz\u00ed. Sami\u010dka se n\u011bkolik dn\u00ed sna\u017eila mlad\u00e9 s&nbsp;na\u0161\u00ed pomoc\u00ed u\u017eivit, ale pak zmizela i&nbsp;ona. Po&nbsp;zmizen\u00ed rodi\u010d\u016f jsme je n\u011bjakou dobu z\u00e1sobovali potravou, kterou byla schopna ji\u017e tou dobou samostatn\u011b konzumovat, sami. 8.&nbsp;\u010dervence jsme \u010dek\u00e1n\u00ed na n\u00e1vrat jejich rodi\u010d\u016f vzdali a&nbsp;p\u0159evezli je do brn\u011bnsk\u00e9 z\u00e1chrann\u00e9 stanice Pta\u010d\u00ed centrum.<\/p>\n<p>Nov\u00e1, mo\u017en\u00e1 staronov\u00e1 sami\u010dka (ta z&nbsp;roku 2017?) se pak u&nbsp;n\u00e1s usadila 24.&nbsp;\u010dervence a&nbsp;bydlela v&nbsp;na\u0161\u00ed lod\u017eii od t\u00e9 doby nep\u0159etr\u017eit\u011b a\u017e do 19.&nbsp;ledna 2022. V&nbsp;sez\u00f3n\u011b <a href=\"https:\/\/tinnunculus.sy-sy.cz\/index.php\/deniky\/2019-2\/\">2019<\/a> se dala dohromady a&nbsp;vyvedla mlad\u00e9 se same\u010dkem z&nbsp;roku 2018. Po&nbsp;jeho odletu na zimu se tu pak objevil same\u010dek nov\u00fd, se kter\u00fdm zd\u00e1rn\u011b vyvedla mlad\u00e9 v&nbsp;roce <a href=\"https:\/\/tinnunculus.sy-sy.cz\/index.php\/deniky\/2020-2\/\">2020<\/a> a&nbsp;<a href=\"https:\/\/tinnunculus.sy-sy.cz\/index.php\/deniky\/2021-2\/\">2021<\/a>. V&nbsp;roce <a href=\"https:\/\/tinnunculus.sy-sy.cz\/index.php\/deniky\/2022-2\/\">2022<\/a> se po&nbsp;jej\u00edm zmizen\u00ed same\u010dek dal dohromady s&nbsp;novou sami\u010dkou.<\/p>\n<p>Historie hn\u00edzda tedy pokra\u010duje, i&nbsp;kdy\u017e leccos je jin\u00e9. Star\u00fd hn\u00edzdn\u00ed kout za sk\u0159\u00ed\u0148kou je\u0161t\u011b st\u00e1le existuje. V&nbsp;p\u0159edja\u0159\u00ed do n\u011bj po\u0161tolky ob\u010das zav\u00edtaj\u00ed, ale pro hn\u00edzd\u011bn\u00ed u\u017e jednozna\u010dn\u011b preferuj\u00ed bed\u00fdnku na polic\u00edch u&nbsp;dve\u0159\u00ed. P\u0159ed ni jsme nejprve um\u00edstili velkou lepenkovou p\u0159epravku, kterou v&nbsp;sez\u00f3n\u011b 2020 nahradil prout\u011bn\u00fd ko\u0161, kter\u00fd po\u0161tol\u010data mohou vyu\u017e\u00edt, kdy\u017e u\u017e je jim hn\u00edzdo t\u011bsn\u00e9. Jejich v\u00fdzkumn\u00e9 v\u00fdpravy ke dve\u0159\u00edm do lod\u017eie se u\u017e nekonaj\u00ed. Na to je hn\u00edzdo p\u0159\u00edli\u0161 vysoko. Tak\u00e9 pro prvn\u00ed leteck\u00e9 pokusy maj\u00ed jinou startovac\u00ed pozici. V\u011bt\u0161inou se dostanou d\u0159\u00edve na bli\u017e\u0161\u00ed bid\u00fdlka nad hn\u00edzdem ne\u017e na podlahu.<\/p>\n<p>Ale jinak se v&nbsp;pr\u016fb\u011bhu sez\u00f3ny nic oproti tomu, jak jsme popsali jej\u00ed pr\u016fb\u011bh p\u0159ed rokem 2016, nezm\u011bnilo. Snad jen to, \u017ee od roku 2018 jsou po\u0161tol\u010data krou\u017ekov\u00e1na. Jak takov\u00e1 akce prob\u00edh\u00e1 si m\u016f\u017eete p\u0159e\u010d\u00edst v&nbsp;<a href=\"https:\/\/tinnunculus.sy-sy.cz\/index.php\/tag\/krouzkovani-nasich-postolcat\/\" target=\"_blank\" rel=\"noopener\">\u010dl\u00e1nc\u00edch o&nbsp;jejich krou\u017ekov\u00e1n\u00ed<\/a>. \u00dadaje z\u00a0krou\u017ekov\u00e1n\u00ed najdete v\u00a0tabulce\u00a0<a href=\"https:\/\/tinnunculus.sy-sy.cz\/index.php\/krouzkovani\/\">Krou\u017ekov\u00e1n\u00ed po\u0161tolek<\/a>.<\/p>\n<p>Krou\u017ekov\u00e1n\u00ed odhalilo, \u017ee v\u011bt\u0161ina po\u0161tol\u010dat, kter\u00e9 se po&nbsp;sez\u00f3n\u011b v&nbsp;na\u0161\u00ed lod\u017eii objevuj\u00ed jsou po\u0161tol\u010data ciz\u00ed, neokrou\u017ekovan\u00e1. Naprostou v\u00fdjimkou bylo po\u0161tol\u010de ozna\u010den\u00e9 krou\u017ekem ES 65001, kter\u00e9 se v&nbsp;roce 2021 rozhodlo z\u016fstat a\u017e do v\u011bku \u010dty\u0159 m\u011bs\u00edc\u016f, tedy o&nbsp;dva m\u011bs\u00edce d\u00e9le ne\u017e je obvykl\u00e9 (v\u00edce o&nbsp;n\u011bm <a href=\"https:\/\/tinnunculus.sy-sy.cz\/index.php\/tag\/es-65001\/\">zde<\/a>).<\/p>\n<ul>\n<li><a href=\"https:\/\/tinnunculus.sy-sy.cz\/index.php\/2013\/05\/24\/o-postolkach-aneb-historie-hnizda\/\">O po\u0161tolk\u00e1ch aneb historie hn\u00edzda I<\/a><\/li>\n<\/ul>\n<p align=\"center\">***<\/p>\n<p><em>Pozn.: P\u0159ehled v\u0161ech hn\u00edzdn\u00edch sez\u00f3n najdete <a title=\"P\u0159ehled po\u0161tol\u010d\u00edch sez\u00f3n\" href=\"https:\/\/tinnunculus.sy-sy.cz\/index.php\/postolci-sezony\/\">zde<\/a>. Podrobn\u00e1 data k\u00a0jednotliv\u00fdm sezon\u00e1m uvedena v\u00a0samostatn\u00fdch <a href=\"https:\/\/tinnunculus.sy-sy.cz\/index.php\/deniky\/\">den\u00edc\u00edch<\/a><\/em><em>. D\u00e1le najdete: Info o&nbsp;sledov\u00e1n\u00ed po\u0161tolek a&nbsp;kamer\u00e1ch (sledovat m\u016f\u017eete <a title=\"live view\" href=\"https:\/\/tinnunculus.sy-sy.cz\/index.php\/axis-live-view\/\">zde<\/a> nebo po\u00a0p\u0159ihl\u00e1\u0161en\u00ed <a title=\"synology\" href=\"https:\/\/sy-sy.cz:5002\/cam\/\">zde<\/a>), <a title=\"odkazy\" href=\"https:\/\/tinnunculus.sy-sy.cz\/index.php\/odkazy\/falco-tinnunculus-online\/\">odkazy na dal\u0161\u00ed webov\u00e9 kamery sleduj\u00edc\u00ed hn\u00edzd\u011bn\u00ed \u201eciz\u00edch\u201c po\u0161tolek<\/a>.<\/em><\/p>\n<p>Aktualizov\u00e1no: <span class=\"last-modified-timestamp\">14\/12\/2025 23:37<\/span><\/p>\n<p>&nbsp;<\/p>\n","protected":false},"excerpt":{"rendered":"<p>Historii po\u0161tol\u010d\u00edho hn\u00edzda v&nbsp;na\u0161\u00ed lod\u017eii jsme poprv\u00e9 sepsali v&nbsp;roce 2013. Tehdy u&nbsp;n\u00e1s hn\u00edzdily u\u017e sedm\u00fdm rokem ve skryt\u00e9m kout\u011b za sk\u0159\u00ed\u0148kou na opa\u010dn\u00e9 stran\u011b od vstupn\u00edch dve\u0159\u00ed. Historii, pr\u016fb\u011b\u017en\u011b aktualizovanou a\u017e do zlomov\u00e9ho roku 2016, najdete zde. V\u0161e se zm\u011bnilo, kdy\u017e se 31.&nbsp;b\u0159ezna 2016 b\u011bhem dne se p\u0159ed okny hned vedle lod\u017eie objevilo ne\u010dekan\u011b le\u0161en\u00ed &hellip; <\/p>\n<p class=\"link-more\"><a href=\"https:\/\/tinnunculus.sy-sy.cz\/index.php\/postolci-sezony\/historie-hnizda\/o-postolkach-aneb-historie-hnizda-ii\/\" class=\"more-link\">Pokra\u010dovat ve \u010dten\u00ed<span class=\"screen-reader-text\"> &#8222;Historie hn\u00edzda II&#8220;<\/span><\/a><\/p>\n","protected":false},"author":2,"featured_media":0,"parent":1697,"menu_order":12,"comment_status":"closed","ping_status":"closed","template":"","meta":{"footnotes":""},"categories":[],"tags":[],"class_list":["post-14867","page","type-page","status-publish","hentry"],"jetpack_shortlink":"https:\/\/wp.me\/P91gKE-3RN","jetpack-related-posts":[{"id":1697,"url":"https:\/\/tinnunculus.sy-sy.cz\/index.php\/postolci-sezony\/historie-hnizda\/","url_meta":{"origin":14867,"position":0},"title":"Historie po\u0161tol\u010d\u00edho hn\u00edzda","author":"Zuzana Syrov\u00e1 An\u00fd\u017eov\u00e1","date":"08\/08\/2017","format":false,"excerpt":"Po\u0161tolky u n\u00e1s pravideln\u011b hn\u00edzd\u00ed od roku 2007.\u00a0 Vybraly si k tomu nejprve zastr\u010den\u00fd kout za starou sk\u0159\u00ed\u0148kou vystr\u010denou do lod\u017eie po po\u017e\u00e1ru.\u00a0 V\u00a0roce\u00a02016 byla po\u0161tol\u010d\u00ed hn\u00edzdn\u00ed sez\u00f3na dramaticky poznamen\u00e1na stavebn\u00edmi pracemi spojen\u00fdmi s tzv. revitalizac\u00ed, kter\u00e9 se prot\u00e1hly a\u017e do n\u00e1sleduj\u00edc\u00edho roku.\u00a0 I kdy\u017e v n\u00e1sleduj\u00edc\u00ed sez\u00f3n\u011b 2017 jevily\u2026","rel":"","context":"Podobn\u00fd p\u0159\u00edsp\u011bvek","block_context":{"text":"Podobn\u00fd p\u0159\u00edsp\u011bvek","link":""},"img":{"alt_text":"","src":"","width":0,"height":0},"classes":[]},{"id":18,"url":"https:\/\/tinnunculus.sy-sy.cz\/index.php\/a-homepage-section\/","url_meta":{"origin":14867,"position":1},"title":"O my\u0161\u00edch a&nbsp;po\u0161tolk\u00e1ch","author":"Zuzana Syrov\u00e1 An\u00fd\u017eov\u00e1","date":"28\/07\/2017","format":false,"excerpt":"Pro\u010d o po\u0161tolk\u00e1ch? Za d\u00e1vn\u00fdch a d\u00e1vn\u00fdch \u010das\u016f, n\u011bkdy t\u011bsn\u011b po roce 1986, kdy jsme se nast\u011bhovali do nov\u00e9ho bytu v panelov\u00e9m dom\u011b v s\u00eddli\u0161ti na okraji Brna, se v na\u0161\u00ed lod\u017eii objevily po\u0161tolky. Dlouh\u00e1 l\u00e9ta byla jejich obl\u00edben\u00fdm m\u00edstem pro p\u0159esp\u00e1n\u00ed a od roku 2007 zde i hn\u00edzd\u00ed. Vybraly\u2026","rel":"","context":"V \u201e\"Na\u0161e\" po\u0161tolky\u201c","block_context":{"text":"\"Na\u0161e\" po\u0161tolky","link":"https:\/\/tinnunculus.sy-sy.cz\/index.php\/category\/nasi\/nase-postolky\/"},"img":{"alt_text":"","src":"https:\/\/i0.wp.com\/tinnunculus.sy-sy.cz\/wp-content\/uploads\/2017\/08\/dsc22907_24x10cb-e1501697514766.jpg?fit=1200%2C500&ssl=1&resize=350%2C200","width":350,"height":200,"srcset":"https:\/\/i0.wp.com\/tinnunculus.sy-sy.cz\/wp-content\/uploads\/2017\/08\/dsc22907_24x10cb-e1501697514766.jpg?fit=1200%2C500&ssl=1&resize=350%2C200 1x, https:\/\/i0.wp.com\/tinnunculus.sy-sy.cz\/wp-content\/uploads\/2017\/08\/dsc22907_24x10cb-e1501697514766.jpg?fit=1200%2C500&ssl=1&resize=525%2C300 1.5x, https:\/\/i0.wp.com\/tinnunculus.sy-sy.cz\/wp-content\/uploads\/2017\/08\/dsc22907_24x10cb-e1501697514766.jpg?fit=1200%2C500&ssl=1&resize=700%2C400 2x, https:\/\/i0.wp.com\/tinnunculus.sy-sy.cz\/wp-content\/uploads\/2017\/08\/dsc22907_24x10cb-e1501697514766.jpg?fit=1200%2C500&ssl=1&resize=1050%2C600 3x"},"classes":[]},{"id":854,"url":"https:\/\/tinnunculus.sy-sy.cz\/index.php\/deniky\/2016-2\/","url_meta":{"origin":14867,"position":2},"title":"2016","author":"Zuzana Syrov\u00e1 An\u00fd\u017eov\u00e1","date":"04\/08\/2017","format":false,"excerpt":"2015\u00a0 p\u0159edchoz\u00ed rok \u2194 n\u00e1sleduj\u00edc\u00ed rok 2017 2016\/01\/01 - o silvestrovsk\u00e9 noci same\u010dek zapla\u0161en petardami a rachejtlemi; r\u00e1no jen tlupa s\u00fdkorek zkoum\u00e1 lod\u017eii (8:44); ve\u010der se same\u010dek vrac\u00ed p\u0159espat op\u011bt jako ka\u017ed\u00fd den na bid\u00fdlku (16:25) 2016\/01\/02 - vrac\u00ed se i sami\u010dka a p\u00e1r nad\u00e1le pravideln\u011b v lod\u017eii nocuje 2016\/01\/06\u2026","rel":"","context":"V \u201eden\u00edk\u201c","block_context":{"text":"den\u00edk","link":"https:\/\/tinnunculus.sy-sy.cz\/index.php\/tag\/denik\/"},"img":{"alt_text":"","src":"https:\/\/i0.wp.com\/tinnunculus.sy-sy.cz\/wp-content\/uploads\/2024\/03\/P1290770-1024x768.jpg?resize=350%2C200&ssl=1","width":350,"height":200,"srcset":"https:\/\/i0.wp.com\/tinnunculus.sy-sy.cz\/wp-content\/uploads\/2024\/03\/P1290770-1024x768.jpg?resize=350%2C200&ssl=1 1x, https:\/\/i0.wp.com\/tinnunculus.sy-sy.cz\/wp-content\/uploads\/2024\/03\/P1290770-1024x768.jpg?resize=525%2C300&ssl=1 1.5x"},"classes":[]},{"id":823,"url":"https:\/\/tinnunculus.sy-sy.cz\/index.php\/deniky\/2009-2\/","url_meta":{"origin":14867,"position":3},"title":"2009","author":"Zuzana Syrov\u00e1 An\u00fd\u017eov\u00e1","date":"04\/08\/2017","format":false,"excerpt":"2008 p\u0159edchoz\u00ed rok \u2194 n\u00e1sleduj\u00edc\u00ed rok 2010 2009\/03\/18 - po\u0161tolka na z\u00e1bradl\u00ed (8:00) 2009\/03\/27 - same\u010dek se sami\u010dkou na obhl\u00eddce hn\u00edzda 2009\/03\/28 - span\u00ed na bid\u00fdlku 2009\/03\/29 - p\u00e1\u0159en\u00ed na ant\u00e9n\u011b a na bid\u00fdlku 2009\/03\/30 - nad r\u00e1nem zmizelo holoub\u011b; ciz\u00ed same\u010dek 2009\/03\/31 - same\u010dek p\u0159inesl my\u0161e (13:58) 2009\/04\/02 -\u2026","rel":"","context":"V \u201eden\u00edk\u201c","block_context":{"text":"den\u00edk","link":"https:\/\/tinnunculus.sy-sy.cz\/index.php\/tag\/denik\/"},"img":{"alt_text":"","src":"https:\/\/i0.wp.com\/tinnunculus.sy-sy.cz\/wp-content\/uploads\/2024\/03\/DSC_2834-1024x681.jpg?resize=350%2C200&ssl=1","width":350,"height":200,"srcset":"https:\/\/i0.wp.com\/tinnunculus.sy-sy.cz\/wp-content\/uploads\/2024\/03\/DSC_2834-1024x681.jpg?resize=350%2C200&ssl=1 1x, https:\/\/i0.wp.com\/tinnunculus.sy-sy.cz\/wp-content\/uploads\/2024\/03\/DSC_2834-1024x681.jpg?resize=525%2C300&ssl=1 1.5x"},"classes":[]},{"id":9021,"url":"https:\/\/tinnunculus.sy-sy.cz\/index.php\/historie-rorysi\/","url_meta":{"origin":14867,"position":4},"title":"Historie ror\u00fds\u00ed","author":"Zuzana Syrov\u00e1 An\u00fd\u017eov\u00e1","date":"18\/10\/2020","format":false,"excerpt":"2015\/05\/05 - n\u00e1vrat ror\u00fds\u016f 2016\/08\/?? - instalace ror\u00fdsovn\u00edku nad oknem vedle lod\u017eie 2017\/04\/29 - n\u00e1vrat ror\u00fds\u016f 2018\/05\/04 - n\u00e1vrat ror\u00fds\u016f 2019\/05\/05 - n\u00e1vrat ror\u00fds\u016f 2020\/05\/07 - n\u00e1vrat ror\u00fds\u016f 2020\/05\/18 - po\u0161tol\u010d\u00ed same\u010dek p\u0159in\u00e1\u0161\u00ed ror\u00fdse (prvn\u00ed zaznamenan\u00fd p\u0159\u00edpad) 2020\/07\/12 - z\u00e1chrana ror\u00fdska, kter\u00fd nezvl\u00e1dl prvn\u00ed let 2021\/05\/09 - n\u00e1vrat ror\u00fds\u016f 2022\/05\/11\u2026","rel":"","context":"V \u201e\"Na\u0161i\" ror\u00fdsi\u201c","block_context":{"text":"\"Na\u0161i\" ror\u00fdsi","link":"https:\/\/tinnunculus.sy-sy.cz\/index.php\/category\/nasi\/nasi-rorysi\/"},"img":{"alt_text":"","src":"https:\/\/i0.wp.com\/tinnunculus.sy-sy.cz\/wp-content\/uploads\/2017\/08\/20170707_15-07-36_1_uprav.jpg?resize=350%2C200&ssl=1","width":350,"height":200,"srcset":"https:\/\/i0.wp.com\/tinnunculus.sy-sy.cz\/wp-content\/uploads\/2017\/08\/20170707_15-07-36_1_uprav.jpg?resize=350%2C200&ssl=1 1x, https:\/\/i0.wp.com\/tinnunculus.sy-sy.cz\/wp-content\/uploads\/2017\/08\/20170707_15-07-36_1_uprav.jpg?resize=525%2C300&ssl=1 1.5x, https:\/\/i0.wp.com\/tinnunculus.sy-sy.cz\/wp-content\/uploads\/2017\/08\/20170707_15-07-36_1_uprav.jpg?resize=700%2C400&ssl=1 2x"},"classes":[]},{"id":38491,"url":"https:\/\/tinnunculus.sy-sy.cz\/index.php\/deniky\/2026-2\/","url_meta":{"origin":14867,"position":5},"title":"2026","author":"Zuzana Syrov\u00e1 An\u00fd\u017eov\u00e1","date":"16\/12\/2024","format":false,"excerpt":"\u00a02025 p\u0159edchoz\u00ed rok \u2194 n\u00e1sleduj\u00edc\u00ed rok 2027 ? 2026\/01\/01 - po silvestrovsk\u00e9 noci str\u00e1ven\u00e9 v polici pod stropem nad hn\u00edzdem pan\u00ed po\u0161tolka odl\u00e9t\u00e1 v 7:34; pan po\u0161tolka, kter\u00fd tr\u00e1vil noc nezn\u00e1mo kde, se vrac\u00ed hned po r\u00e1nu zahnat holuby (8:17). 2026\/01\/03 - jedna kavka se sna\u017e\u00ed sebrat pan\u00ed po\u0161tolce hrabo\u0161e,\u2026","rel":"","context":"V \u201e\"Na\u0161e\" po\u0161tolky\u201c","block_context":{"text":"\"Na\u0161e\" po\u0161tolky","link":"https:\/\/tinnunculus.sy-sy.cz\/index.php\/category\/nasi\/nase-postolky\/"},"img":{"alt_text":"","src":"https:\/\/i0.wp.com\/tinnunculus.sy-sy.cz\/wp-content\/uploads\/2026\/02\/20260228-094239pe-0-e1772301397717-1024x577.jpg?resize=350%2C200&ssl=1","width":350,"height":200,"srcset":"https:\/\/i0.wp.com\/tinnunculus.sy-sy.cz\/wp-content\/uploads\/2026\/02\/20260228-094239pe-0-e1772301397717-1024x577.jpg?resize=350%2C200&ssl=1 1x, https:\/\/i0.wp.com\/tinnunculus.sy-sy.cz\/wp-content\/uploads\/2026\/02\/20260228-094239pe-0-e1772301397717-1024x577.jpg?resize=525%2C300&ssl=1 1.5x"},"classes":[]}],"jetpack_sharing_enabled":true,"_links":{"self":[{"href":"https:\/\/tinnunculus.sy-sy.cz\/index.php\/wp-json\/wp\/v2\/pages\/14867","targetHints":{"allow":["GET"]}}],"collection":[{"href":"https:\/\/tinnunculus.sy-sy.cz\/index.php\/wp-json\/wp\/v2\/pages"}],"about":[{"href":"https:\/\/tinnunculus.sy-sy.cz\/index.php\/wp-json\/wp\/v2\/types\/page"}],"author":[{"embeddable":true,"href":"https:\/\/tinnunculus.sy-sy.cz\/index.php\/wp-json\/wp\/v2\/users\/2"}],"replies":[{"embeddable":true,"href":"https:\/\/tinnunculus.sy-sy.cz\/index.php\/wp-json\/wp\/v2\/comments?post=14867"}],"version-history":[{"count":3,"href":"https:\/\/tinnunculus.sy-sy.cz\/index.php\/wp-json\/wp\/v2\/pages\/14867\/revisions"}],"predecessor-version":[{"id":44705,"href":"https:\/\/tinnunculus.sy-sy.cz\/index.php\/wp-json\/wp\/v2\/pages\/14867\/revisions\/44705"}],"up":[{"embeddable":true,"href":"https:\/\/tinnunculus.sy-sy.cz\/index.php\/wp-json\/wp\/v2\/pages\/1697"}],"wp:attachment":[{"href":"https:\/\/tinnunculus.sy-sy.cz\/index.php\/wp-json\/wp\/v2\/media?parent=14867"}],"wp:term":[{"taxonomy":"category","embeddable":true,"href":"https:\/\/tinnunculus.sy-sy.cz\/index.php\/wp-json\/wp\/v2\/categories?post=14867"},{"taxonomy":"post_tag","embeddable":true,"href":"https:\/\/tinnunculus.sy-sy.cz\/index.php\/wp-json\/wp\/v2\/tags?post=14867"}],"curies":[{"name":"wp","href":"https:\/\/api.w.org\/{rel}","templated":true}]}}