{"id":14333,"date":"2021-01-12T22:42:58","date_gmt":"2021-01-12T21:42:58","guid":{"rendered":"https:\/\/tinnunculus.sy-sy.cz\/?page_id=14333"},"modified":"2026-01-02T15:02:37","modified_gmt":"2026-01-02T14:02:37","slug":"weather-2020","status":"publish","type":"page","link":"https:\/\/tinnunculus.sy-sy.cz\/index.php\/en\/weather-in-bystrc\/weather-archive\/weather-2020\/","title":{"rendered":"Weather 2020"},"content":{"rendered":"<p><a href=\"https:\/\/i0.wp.com\/tinnunculus.sy-sy.cz\/wp-content\/uploads\/2021\/01\/history_meteoblue_en_2020.png?ssl=1\" target=\"_blank\" rel=\"noopener\"><img data-recalc-dims=\"1\" loading=\"lazy\" decoding=\"async\" data-attachment-id=\"14332\" data-permalink=\"https:\/\/tinnunculus.sy-sy.cz\/index.php\/en\/weather-in-bystrc\/weather-archive\/weather-2020\/history_meteoblue_en_2020\/\" data-orig-file=\"https:\/\/i0.wp.com\/tinnunculus.sy-sy.cz\/wp-content\/uploads\/2021\/01\/history_meteoblue_en_2020.png?fit=2220%2C1800&amp;ssl=1\" data-orig-size=\"2220,1800\" data-comments-opened=\"1\" data-image-meta=\"{&quot;aperture&quot;:&quot;0&quot;,&quot;credit&quot;:&quot;&quot;,&quot;camera&quot;:&quot;&quot;,&quot;caption&quot;:&quot;&quot;,&quot;created_timestamp&quot;:&quot;0&quot;,&quot;copyright&quot;:&quot;&quot;,&quot;focal_length&quot;:&quot;0&quot;,&quot;iso&quot;:&quot;0&quot;,&quot;shutter_speed&quot;:&quot;0&quot;,&quot;title&quot;:&quot;&quot;,&quot;orientation&quot;:&quot;0&quot;}\" data-image-title=\"history_meteoblue_en_2020\" data-image-description=\"\" data-image-caption=\"\" data-medium-file=\"https:\/\/i0.wp.com\/tinnunculus.sy-sy.cz\/wp-content\/uploads\/2021\/01\/history_meteoblue_en_2020.png?fit=300%2C243&amp;ssl=1\" data-large-file=\"https:\/\/i0.wp.com\/tinnunculus.sy-sy.cz\/wp-content\/uploads\/2021\/01\/history_meteoblue_en_2020.png?fit=525%2C426&amp;ssl=1\" class=\"aligncenter wp-image-14332 size-full\" src=\"https:\/\/i0.wp.com\/tinnunculus.sy-sy.cz\/wp-content\/uploads\/2021\/01\/history_meteoblue_en_2020.png?resize=525%2C426&#038;ssl=1\" alt=\"\" width=\"525\" height=\"426\" srcset=\"https:\/\/i0.wp.com\/tinnunculus.sy-sy.cz\/wp-content\/uploads\/2021\/01\/history_meteoblue_en_2020.png?w=2220&amp;ssl=1 2220w, https:\/\/i0.wp.com\/tinnunculus.sy-sy.cz\/wp-content\/uploads\/2021\/01\/history_meteoblue_en_2020.png?resize=300%2C243&amp;ssl=1 300w, https:\/\/i0.wp.com\/tinnunculus.sy-sy.cz\/wp-content\/uploads\/2021\/01\/history_meteoblue_en_2020.png?resize=1024%2C830&amp;ssl=1 1024w, https:\/\/i0.wp.com\/tinnunculus.sy-sy.cz\/wp-content\/uploads\/2021\/01\/history_meteoblue_en_2020.png?resize=768%2C623&amp;ssl=1 768w, https:\/\/i0.wp.com\/tinnunculus.sy-sy.cz\/wp-content\/uploads\/2021\/01\/history_meteoblue_en_2020.png?resize=1536%2C1245&amp;ssl=1 1536w, https:\/\/i0.wp.com\/tinnunculus.sy-sy.cz\/wp-content\/uploads\/2021\/01\/history_meteoblue_en_2020.png?resize=2048%2C1661&amp;ssl=1 2048w\" sizes=\"auto, (max-width: 767px) 89vw, (max-width: 1000px) 54vw, (max-width: 1071px) 543px, 580px\" \/><\/a><\/p>\n<p><a href=\"https:\/\/tinnunculus.sy-sy.cz\/index.php\/en\/pocasi-u-nas\/weather-in-bystrc\/weather-archive\/weather-2007\/\" rel=\"noopener\">2007<\/a> \u00a6 <a href=\"https:\/\/tinnunculus.sy-sy.cz\/index.php\/en\/pocasi-u-nas\/weather-in-bystrc\/weather-archive\/weather-2008\/\" rel=\"noopener\">2008<\/a> \u00a6 <a href=\"https:\/\/tinnunculus.sy-sy.cz\/index.php\/en\/pocasi-u-nas\/weather-in-bystrc\/weather-archive\/weather-2009\/\" rel=\"noopener\">2009<\/a> \u00a6 <a href=\"https:\/\/tinnunculus.sy-sy.cz\/index.php\/en\/pocasi-u-nas\/weather-in-bystrc\/weather-archive\/weather-2010\/\" rel=\"noopener\">2010<\/a> \u00a6 <a href=\"https:\/\/tinnunculus.sy-sy.cz\/index.php\/en\/pocasi-u-nas\/weather-in-bystrc\/weather-archive\/weather-2011\/\" rel=\"noopener\">2011<\/a> \u00a6 <a href=\"https:\/\/tinnunculus.sy-sy.cz\/index.php\/en\/pocasi-u-nas\/weather-in-bystrc\/weather-archive\/weather-2012\/\" rel=\"noopener\">2012<\/a> \u00a6 <a href=\"https:\/\/tinnunculus.sy-sy.cz\/index.php\/en\/pocasi-u-nas\/weather-in-bystrc\/weather-archive\/weather-2013\/\" rel=\"noopener\">2013<\/a> \u00a6 <a href=\"https:\/\/tinnunculus.sy-sy.cz\/index.php\/en\/pocasi-u-nas\/weather-in-bystrc\/weather-archive\/weather-2014\/\" rel=\"noopener\">2014<\/a> \u00a6 <a href=\"https:\/\/tinnunculus.sy-sy.cz\/index.php\/en\/pocasi-u-nas\/weather-in-bystrc\/weather-archive\/weather-2015\/\" rel=\"noopener\">2015<\/a> \u00a6 <a href=\"https:\/\/tinnunculus.sy-sy.cz\/index.php\/en\/pocasi-u-nas\/weather-in-bystrc\/weather-archive\/weather-2016\/\" rel=\"noopener\">2016<\/a> \u00a6 <a href=\"https:\/\/tinnunculus.sy-sy.cz\/index.php\/en\/pocasi-u-nas\/weather-in-bystrc\/weather-archive\/weather-2017\/\" rel=\"noopener\">2017<\/a> \u00a6 <a href=\"https:\/\/tinnunculus.sy-sy.cz\/index.php\/en\/pocasi-u-nas\/weather-in-bystrc\/weather-archive\/weather-2018\/\" rel=\"noopener\">2018<\/a> \u00a6 <a href=\"https:\/\/tinnunculus.sy-sy.cz\/index.php\/en\/pocasi-u-nas\/weather-in-bystrc\/weather-archive\/weather-2019\/\" rel=\"noopener\">2019<\/a> \u00a6 <a href=\"https:\/\/tinnunculus.sy-sy.cz\/index.php\/en\/pocasi-u-nas\/weather-in-bystrc\/weather-archive\/weather-2020\/\" rel=\"noopener\">2020<\/a> \u00a6 <a href=\"https:\/\/tinnunculus.sy-sy.cz\/index.php\/weather-2021\/\">2021<\/a> \u00a6 <a href=\"https:\/\/tinnunculus.sy-sy.cz\/index.php\/weather-2022\/\" rel=\"noopener\">2022<\/a> \u00a6 <a href=\"https:\/\/tinnunculus.sy-sy.cz\/index.php\/en\/weather-2023\/\">2023<\/a> \u00a6 <a href=\"https:\/\/tinnunculus.sy-sy.cz\/index.php\/en\/weather-in-bystrc\/weather-archive\/wheather-2024\/\" rel=\"noopener\">2024<\/a> \u00a6 <a href=\"https:\/\/tinnunculus.sy-sy.cz\/index.php\/en\/weather-in-bystrc\/weather-archive\/weather-2025\/\">2025<\/a> \u00a6 <a href=\"https:\/\/www.meteoblue.com\/en\/weather\/historyclimate\/weatherarchive\/bystrc_czechia_3078308\" target=\"_blank\" rel=\"noopener\">2026<\/a><\/p>\n<p>&nbsp;<\/p>\n<p><a href=\"https:\/\/tinnunculus.sy-sy.cz\/index.php\/en\/pocasi-u-nas\/weather-in-bystrc\/\">Weather in Bystrc<\/a> \u00a6 <a href=\"https:\/\/tinnunculus.sy-sy.cz\/index.php\/en\/pocasi-u-nas\/weather-in-bystrc\/weather-map\/\">Map<\/a> \u00a6\u00a0<a href=\"https:\/\/tinnunculus.sy-sy.cz\/index.php\/en\/pocasi-u-nas\/weather-in-bystrc\/weather-archive\/\">Weather archive<\/a> \u00a6 <a href=\"https:\/\/tinnunculus.sy-sy.cz\/index.php\/en\/pocasi-u-nas\/weather-in-bystrc\/webcams-around-bystrc\/\">Webcams around Bystrc<\/a><\/p>\n","protected":false},"excerpt":{"rendered":"<p>2007 \u00a6 2008 \u00a6 2009 \u00a6 2010 \u00a6 2011 \u00a6 2012 \u00a6 2013 \u00a6 2014 \u00a6 2015 \u00a6 2016 \u00a6 2017 \u00a6 2018 \u00a6 2019 \u00a6 2020 \u00a6 2021 \u00a6 2022 \u00a6 2023 \u00a6 2024 \u00a6 2025 \u00a6 2026 &nbsp; Weather in Bystrc \u00a6 Map \u00a6\u00a0Weather archive \u00a6 Webcams around Bystrc<\/p>\n","protected":false},"author":2,"featured_media":0,"parent":14160,"menu_order":0,"comment_status":"closed","ping_status":"closed","template":"","meta":{"jetpack_post_was_ever_published":false,"footnotes":""},"categories":[],"tags":[],"class_list":["post-14333","page","type-page","status-publish","hentry"],"jetpack_shortlink":"https:\/\/wp.me\/P91gKE-3Jb","jetpack-related-posts":[{"id":14282,"url":"https:\/\/tinnunculus.sy-sy.cz\/index.php\/en\/weather-in-bystrc\/weather-archive\/weather-2008\/","url_meta":{"origin":14333,"position":0},"title":"Weather 2008","author":"Zuzana Syrov\u00e1 An\u00fd\u017eov\u00e1","date":"12\/01\/2021","format":false,"excerpt":"2007 \u00a6 2008 \u00a6 2009 \u00a6 2010 \u00a6 2011 \u00a6 2012 \u00a6 2013 \u00a6 2014 \u00a6 2015 \u00a6 2016 \u00a6 2017 \u00a6 2018 \u00a6 2019 \u00a6 2020 \u00a6 2021 \u00a6 2022 \u00a6 2023 \u00a6 2024 \u00a6 2025 \u00a6 2026 \u00a0 Weather in Bystrc \u00a6 Map \u00a6\u00a0Weather archive \u00a6 Webcams around\u2026","rel":"","context":"Podobn\u00fd p\u0159\u00edsp\u011bvek","block_context":{"text":"Podobn\u00fd p\u0159\u00edsp\u011bvek","link":""},"img":{"alt_text":"","src":"https:\/\/i0.wp.com\/tinnunculus.sy-sy.cz\/wp-content\/uploads\/2021\/01\/history_meteoblue_en_2008-1024x830.png?resize=350%2C200&ssl=1","width":350,"height":200,"srcset":"https:\/\/i0.wp.com\/tinnunculus.sy-sy.cz\/wp-content\/uploads\/2021\/01\/history_meteoblue_en_2008-1024x830.png?resize=350%2C200&ssl=1 1x, https:\/\/i0.wp.com\/tinnunculus.sy-sy.cz\/wp-content\/uploads\/2021\/01\/history_meteoblue_en_2008-1024x830.png?resize=525%2C300&ssl=1 1.5x"},"classes":[]},{"id":14290,"url":"https:\/\/tinnunculus.sy-sy.cz\/index.php\/en\/weather-in-bystrc\/weather-archive\/weather-2010\/","url_meta":{"origin":14333,"position":1},"title":"Weather 2010","author":"Zuzana Syrov\u00e1 An\u00fd\u017eov\u00e1","date":"12\/01\/2021","format":false,"excerpt":"2007 \u00a6 2008 \u00a6 2009 \u00a6 2010 \u00a6 2011 \u00a6 2012 \u00a6 2013 \u00a6 2014 \u00a6 2015 \u00a6 2016 \u00a6 2017 \u00a6 2018 \u00a6 2019 \u00a6 2020 \u00a6 2021 \u00a6 2022 \u00a6 2023 \u00a6 2024 \u00a6 2025 \u00a6 2026 \u00a0 Weather in Bystrc \u00a6 Map \u00a6\u00a0Weather archive \u00a6 Webcams around\u2026","rel":"","context":"Podobn\u00fd p\u0159\u00edsp\u011bvek","block_context":{"text":"Podobn\u00fd p\u0159\u00edsp\u011bvek","link":""},"img":{"alt_text":"","src":"https:\/\/i0.wp.com\/tinnunculus.sy-sy.cz\/wp-content\/uploads\/2021\/01\/history_meteoblue_en_2010-1024x830.png?resize=350%2C200&ssl=1","width":350,"height":200,"srcset":"https:\/\/i0.wp.com\/tinnunculus.sy-sy.cz\/wp-content\/uploads\/2021\/01\/history_meteoblue_en_2010-1024x830.png?resize=350%2C200&ssl=1 1x, https:\/\/i0.wp.com\/tinnunculus.sy-sy.cz\/wp-content\/uploads\/2021\/01\/history_meteoblue_en_2010-1024x830.png?resize=525%2C300&ssl=1 1.5x"},"classes":[]},{"id":14294,"url":"https:\/\/tinnunculus.sy-sy.cz\/index.php\/en\/weather-in-bystrc\/weather-archive\/weather-2011\/","url_meta":{"origin":14333,"position":2},"title":"Weather 2011","author":"Zuzana Syrov\u00e1 An\u00fd\u017eov\u00e1","date":"12\/01\/2021","format":false,"excerpt":"2007 \u00a6 2008 \u00a6 2009 \u00a6 2010 \u00a6 2011 \u00a6 2012 \u00a6 2013 \u00a6 2014 \u00a6 2015 \u00a6 2016 \u00a6 2017 \u00a6 2018 \u00a6 2019 \u00a6 2020 \u00a6 2021 \u00a6 2022 \u00a6 2023 \u00a6 2024 \u00a6 2025 \u00a6 2026 \u00a0 Weather in Bystrc \u00a6 Map \u00a6\u00a0Weather archive \u00a6 Webcams around\u2026","rel":"","context":"Podobn\u00fd p\u0159\u00edsp\u011bvek","block_context":{"text":"Podobn\u00fd p\u0159\u00edsp\u011bvek","link":""},"img":{"alt_text":"","src":"https:\/\/i0.wp.com\/tinnunculus.sy-sy.cz\/wp-content\/uploads\/2021\/01\/history_meteoblue_en_2011-1024x830.png?resize=350%2C200&ssl=1","width":350,"height":200,"srcset":"https:\/\/i0.wp.com\/tinnunculus.sy-sy.cz\/wp-content\/uploads\/2021\/01\/history_meteoblue_en_2011-1024x830.png?resize=350%2C200&ssl=1 1x, https:\/\/i0.wp.com\/tinnunculus.sy-sy.cz\/wp-content\/uploads\/2021\/01\/history_meteoblue_en_2011-1024x830.png?resize=525%2C300&ssl=1 1.5x"},"classes":[]},{"id":14286,"url":"https:\/\/tinnunculus.sy-sy.cz\/index.php\/en\/weather-in-bystrc\/weather-archive\/weather-2009\/","url_meta":{"origin":14333,"position":3},"title":"Weather 2009","author":"Zuzana Syrov\u00e1 An\u00fd\u017eov\u00e1","date":"12\/01\/2021","format":false,"excerpt":"2007 \u00a6 2008 \u00a6 2009 \u00a6 2010 \u00a6 2011 \u00a6 2012 \u00a6 2013 \u00a6 2014 \u00a6 2015 \u00a6 2016 \u00a6 2017 \u00a6 2018 \u00a6 2019 \u00a6 2020 \u00a6 2021 \u00a6 2022 \u00a6 2023 \u00a6 2024 \u00a6 2025 \u00a6 2026 \u00a0 Weather in Bystrc \u00a6 Map \u00a6\u00a0Weather archive \u00a6 Webcams around\u2026","rel":"","context":"Podobn\u00fd p\u0159\u00edsp\u011bvek","block_context":{"text":"Podobn\u00fd p\u0159\u00edsp\u011bvek","link":""},"img":{"alt_text":"","src":"https:\/\/i0.wp.com\/tinnunculus.sy-sy.cz\/wp-content\/uploads\/2021\/01\/history_meteoblue_en_2009-1024x830.png?resize=350%2C200&ssl=1","width":350,"height":200,"srcset":"https:\/\/i0.wp.com\/tinnunculus.sy-sy.cz\/wp-content\/uploads\/2021\/01\/history_meteoblue_en_2009-1024x830.png?resize=350%2C200&ssl=1 1x, https:\/\/i0.wp.com\/tinnunculus.sy-sy.cz\/wp-content\/uploads\/2021\/01\/history_meteoblue_en_2009-1024x830.png?resize=525%2C300&ssl=1 1.5x"},"classes":[]},{"id":14278,"url":"https:\/\/tinnunculus.sy-sy.cz\/index.php\/en\/weather-in-bystrc\/weather-archive\/weather-2007\/","url_meta":{"origin":14333,"position":4},"title":"Weather 2007","author":"Zuzana Syrov\u00e1 An\u00fd\u017eov\u00e1","date":"12\/01\/2021","format":false,"excerpt":"2007 \u00a6 2008 \u00a6 2009 \u00a6 2010 \u00a6 2011 \u00a6 2012 \u00a6 2013 \u00a6 2014 \u00a6 2015 \u00a6 2016 \u00a6 2017 \u00a6 2018 \u00a6 2019 \u00a6 2020 \u00a6 2021 \u00a6 2022 \u00a6 2023 \u00a6 2024 \u00a6 2025 \u00a6 2026 \u00a0 Weather in Bystrc \u00a6 Map \u00a6\u00a0Weather archive \u00a6 Webcams around\u2026","rel":"","context":"Podobn\u00fd p\u0159\u00edsp\u011bvek","block_context":{"text":"Podobn\u00fd p\u0159\u00edsp\u011bvek","link":""},"img":{"alt_text":"","src":"https:\/\/i0.wp.com\/tinnunculus.sy-sy.cz\/wp-content\/uploads\/2021\/01\/history_meteoblue_en_2007-1024x830.png?resize=350%2C200&ssl=1","width":350,"height":200,"srcset":"https:\/\/i0.wp.com\/tinnunculus.sy-sy.cz\/wp-content\/uploads\/2021\/01\/history_meteoblue_en_2007-1024x830.png?resize=350%2C200&ssl=1 1x, https:\/\/i0.wp.com\/tinnunculus.sy-sy.cz\/wp-content\/uploads\/2021\/01\/history_meteoblue_en_2007-1024x830.png?resize=525%2C300&ssl=1 1.5x"},"classes":[]},{"id":17517,"url":"https:\/\/tinnunculus.sy-sy.cz\/index.php\/en\/weather-in-bystrc\/weather-archive\/weather-2021\/","url_meta":{"origin":14333,"position":5},"title":"Weather 2021","author":"Zuzana Syrov\u00e1 An\u00fd\u017eov\u00e1","date":"01\/01\/2022","format":false,"excerpt":"2007 \u00a6 2008 \u00a6 2009 \u00a6 2010 \u00a6 2011 \u00a6 2012 \u00a6 2013 \u00a6 2014 \u00a6 2015 \u00a6 2016 \u00a6 2017 \u00a6 2018 \u00a6 2019 \u00a6 2020 \u00a6 2021 \u00a6 2022 \u00a6 2023 \u00a6 2024 \u00a6 2025 \u00a6 2026 \u00a0 Weather in Bystrc \u00a6 Map \u00a6\u00a0Weather archive \u00a6 Webcams around\u2026","rel":"","context":"Podobn\u00fd p\u0159\u00edsp\u011bvek","block_context":{"text":"Podobn\u00fd p\u0159\u00edsp\u011bvek","link":""},"img":{"alt_text":"","src":"https:\/\/i0.wp.com\/tinnunculus.sy-sy.cz\/wp-content\/uploads\/2022\/01\/history_simple_2021-EN-1.png?resize=350%2C200&ssl=1","width":350,"height":200,"srcset":"https:\/\/i0.wp.com\/tinnunculus.sy-sy.cz\/wp-content\/uploads\/2022\/01\/history_simple_2021-EN-1.png?resize=350%2C200&ssl=1 1x, https:\/\/i0.wp.com\/tinnunculus.sy-sy.cz\/wp-content\/uploads\/2022\/01\/history_simple_2021-EN-1.png?resize=525%2C300&ssl=1 1.5x, https:\/\/i0.wp.com\/tinnunculus.sy-sy.cz\/wp-content\/uploads\/2022\/01\/history_simple_2021-EN-1.png?resize=700%2C400&ssl=1 2x"},"classes":[]}],"jetpack_sharing_enabled":true,"_links":{"self":[{"href":"https:\/\/tinnunculus.sy-sy.cz\/index.php\/wp-json\/wp\/v2\/pages\/14333","targetHints":{"allow":["GET"]}}],"collection":[{"href":"https:\/\/tinnunculus.sy-sy.cz\/index.php\/wp-json\/wp\/v2\/pages"}],"about":[{"href":"https:\/\/tinnunculus.sy-sy.cz\/index.php\/wp-json\/wp\/v2\/types\/page"}],"author":[{"embeddable":true,"href":"https:\/\/tinnunculus.sy-sy.cz\/index.php\/wp-json\/wp\/v2\/users\/2"}],"replies":[{"embeddable":true,"href":"https:\/\/tinnunculus.sy-sy.cz\/index.php\/wp-json\/wp\/v2\/comments?post=14333"}],"version-history":[{"count":3,"href":"https:\/\/tinnunculus.sy-sy.cz\/index.php\/wp-json\/wp\/v2\/pages\/14333\/revisions"}],"predecessor-version":[{"id":45684,"href":"https:\/\/tinnunculus.sy-sy.cz\/index.php\/wp-json\/wp\/v2\/pages\/14333\/revisions\/45684"}],"up":[{"embeddable":true,"href":"https:\/\/tinnunculus.sy-sy.cz\/index.php\/wp-json\/wp\/v2\/pages\/14160"}],"wp:attachment":[{"href":"https:\/\/tinnunculus.sy-sy.cz\/index.php\/wp-json\/wp\/v2\/media?parent=14333"}],"wp:term":[{"taxonomy":"category","embeddable":true,"href":"https:\/\/tinnunculus.sy-sy.cz\/index.php\/wp-json\/wp\/v2\/categories?post=14333"},{"taxonomy":"post_tag","embeddable":true,"href":"https:\/\/tinnunculus.sy-sy.cz\/index.php\/wp-json\/wp\/v2\/tags?post=14333"}],"curies":[{"name":"wp","href":"https:\/\/api.w.org\/{rel}","templated":true}]}}