{"id":14265,"date":"2021-01-12T20:03:28","date_gmt":"2021-01-12T19:03:28","guid":{"rendered":"https:\/\/tinnunculus.sy-sy.cz\/?page_id=14265"},"modified":"2026-01-02T18:07:53","modified_gmt":"2026-01-02T17:07:53","slug":"webcams-around-bystrc","status":"publish","type":"page","link":"https:\/\/tinnunculus.sy-sy.cz\/index.php\/en\/weather-in-bystrc\/webcams-around-bystrc\/","title":{"rendered":"Webcams around Bystrc"},"content":{"rendered":"<p><a href=\"https:\/\/windy.com\/webcams\/1489735814\" target=\"_blank\" rel=\"noopener\" name=\"windy-webcam-timelapse-player\" data-id=\"1489735814\" data-play=\"day\">Brno \u203a Sever: Brno Reservoir<\/a><script async type=\"text\/javascript\" src=\"https:\/\/webcams.windy.com\/webcams\/public\/embed\/script\/player.js\"><\/script><br \/>\n<a href=\"https:\/\/prehrada.gcm.cz\/\" target=\"_blank\" rel=\"noopener\">Brno Reservoir<\/a><a href=\"https:\/\/windy.com\/webcams\/1313054736\" target=\"_blank\" rel=\"noopener\" name=\"windy-webcam-link\"><\/a><\/p>\n<ul>\n<li><a href=\"https:\/\/www.chmi.cz\/namerena-data\/webkamera\/brno-brno\" target=\"_blank\" rel=\"noopener noreferrer\">Brno \u2013 \u017dabov\u0159esky (\u010cHM\u00da Webcam)<\/a><\/li>\n<li class=\"main-heading\">\n<p class=\"main-heading\"><a href=\"https:\/\/www.meteoblue.com\/en\/weather\/webcams\/bystrc_czech-republic_3078308\" target=\"_blank\" rel=\"noopener\">Webcams around Bystrc (meteoblue)<\/a><\/p>\n<\/li>\n<\/ul>\n<p><a href=\"https:\/\/tinnunculus.tmep.cz\/index.php?ja=en&amp;je=C\" target=\"_blank\" rel=\"noopener\">Weather Station on our balcony<\/a><\/p>\n<p><a href=\"https:\/\/tinnunculus.sy-sy.cz\/index.php\/en\/pocasi-u-nas\/weather-in-bystrc\/\">Weather in Bystrc<\/a> \u00a6 <a href=\"https:\/\/tinnunculus.sy-sy.cz\/index.php\/en\/pocasi-u-nas\/weather-in-bystrc\/weather-map\/\">Map<\/a> \u00a6\u00a0<a href=\"https:\/\/tinnunculus.sy-sy.cz\/index.php\/en\/pocasi-u-nas\/weather-in-bystrc\/weather-archive\/\">Weather archive<\/a> \u00a6 <a href=\"https:\/\/tinnunculus.sy-sy.cz\/index.php\/en\/pocasi-u-nas\/weather-in-bystrc\/webcams-around-bystrc\/\">Webcams around Bystrc<\/a><\/p>\n","protected":false},"excerpt":{"rendered":"<p>Brno \u203a Sever: Brno Reservoir Brno Reservoir Brno \u2013 \u017dabov\u0159esky (\u010cHM\u00da Webcam) Webcams around Bystrc (meteoblue) Weather Station on our balcony Weather in Bystrc \u00a6 Map \u00a6\u00a0Weather archive \u00a6 Webcams around Bystrc<\/p>\n","protected":false},"author":2,"featured_media":0,"parent":5621,"menu_order":0,"comment_status":"closed","ping_status":"closed","template":"","meta":{"jetpack_post_was_ever_published":false,"footnotes":""},"categories":[],"tags":[],"class_list":["post-14265","page","type-page","status-publish","hentry"],"jetpack_shortlink":"https:\/\/wp.me\/P91gKE-3I5","jetpack-related-posts":[{"id":21172,"url":"https:\/\/tinnunculus.sy-sy.cz\/index.php\/en\/brno-kestrels\/","url_meta":{"origin":14265,"position":0},"title":"Brno kestrels","author":"Zuzana Syrov\u00e1 An\u00fd\u017eov\u00e1","date":"30\/03\/2023","format":false,"excerpt":"\u00a0 Here you can compare what is happening on our balcony in the Bystrc housing estate in the suburbs of Brno with the current events in the nestbox in the city center on Francouzsk\u00e1 Street or in the Bohunice housing estate. Our other cameras Live broadcasts from other locations. The\u2026","rel":"","context":"V \u201e(Web) cameras\u201c","block_context":{"text":"(Web) cameras","link":"https:\/\/tinnunculus.sy-sy.cz\/index.php\/en\/category\/live-broadcast\/webcams\/"},"img":{"alt_text":"","src":"","width":0,"height":0},"classes":[]},{"id":5621,"url":"https:\/\/tinnunculus.sy-sy.cz\/index.php\/en\/weather-in-bystrc\/","url_meta":{"origin":14265,"position":1},"title":"Weather in Bystrc","author":"Zuzana Syrov\u00e1 An\u00fd\u017eov\u00e1","date":"02\/07\/2018","format":false,"excerpt":"meteoblue Weather Station on our balcony Weather in Bystrc \u00a6 Map \u00a6\u00a0Weather archive \u00a6 Webcams around Bystrc","rel":"","context":"Podobn\u00fd p\u0159\u00edsp\u011bvek","block_context":{"text":"Podobn\u00fd p\u0159\u00edsp\u011bvek","link":""},"img":{"alt_text":"","src":"","width":0,"height":0},"classes":[]},{"id":14246,"url":"https:\/\/tinnunculus.sy-sy.cz\/index.php\/en\/weather-in-bystrc\/weather-map\/","url_meta":{"origin":14265,"position":2},"title":"Weather map","author":"Zuzana Syrov\u00e1 An\u00fd\u017eov\u00e1","date":"12\/01\/2021","format":false,"excerpt":"meteoblue Weather Station on our balcony Weather in Bystrc \u00a6 Map \u00a6\u00a0Weather archive \u00a6 Webcams around Bystrc","rel":"","context":"Podobn\u00fd p\u0159\u00edsp\u011bvek","block_context":{"text":"Podobn\u00fd p\u0159\u00edsp\u011bvek","link":""},"img":{"alt_text":"","src":"","width":0,"height":0},"classes":[]},{"id":17517,"url":"https:\/\/tinnunculus.sy-sy.cz\/index.php\/en\/weather-in-bystrc\/weather-archive\/weather-2021\/","url_meta":{"origin":14265,"position":3},"title":"Weather 2021","author":"Zuzana Syrov\u00e1 An\u00fd\u017eov\u00e1","date":"01\/01\/2022","format":false,"excerpt":"2007 \u00a6 2008 \u00a6 2009 \u00a6 2010 \u00a6 2011 \u00a6 2012 \u00a6 2013 \u00a6 2014 \u00a6 2015 \u00a6 2016 \u00a6 2017 \u00a6 2018 \u00a6 2019 \u00a6 2020 \u00a6 2021 \u00a6 2022 \u00a6 2023 \u00a6 2024 \u00a6 2025 \u00a6 2026 \u00a0 Weather in Bystrc \u00a6 Map \u00a6\u00a0Weather archive \u00a6 Webcams around\u2026","rel":"","context":"Podobn\u00fd p\u0159\u00edsp\u011bvek","block_context":{"text":"Podobn\u00fd p\u0159\u00edsp\u011bvek","link":""},"img":{"alt_text":"","src":"https:\/\/i0.wp.com\/tinnunculus.sy-sy.cz\/wp-content\/uploads\/2022\/01\/history_simple_2021-EN-1.png?resize=350%2C200&ssl=1","width":350,"height":200,"srcset":"https:\/\/i0.wp.com\/tinnunculus.sy-sy.cz\/wp-content\/uploads\/2022\/01\/history_simple_2021-EN-1.png?resize=350%2C200&ssl=1 1x, https:\/\/i0.wp.com\/tinnunculus.sy-sy.cz\/wp-content\/uploads\/2022\/01\/history_simple_2021-EN-1.png?resize=525%2C300&ssl=1 1.5x, https:\/\/i0.wp.com\/tinnunculus.sy-sy.cz\/wp-content\/uploads\/2022\/01\/history_simple_2021-EN-1.png?resize=700%2C400&ssl=1 2x"},"classes":[]},{"id":20333,"url":"https:\/\/tinnunculus.sy-sy.cz\/index.php\/en\/weather-in-bystrc\/weather-archive\/weather-2022\/","url_meta":{"origin":14265,"position":4},"title":"Weather 2022","author":"Zuzana Syrov\u00e1 An\u00fd\u017eov\u00e1","date":"01\/01\/2023","format":false,"excerpt":"2007 \u00a6 2008 \u00a6 2009 \u00a6 2010 \u00a6 2011 \u00a6 2012 \u00a6 2013 \u00a6 2014 \u00a6 2015 \u00a6 2016 \u00a6 2017 \u00a6 2018 \u00a6 2019 \u00a6 2020 \u00a6 2021 \u00a6 2022 \u00a6 2023 \u00a6 2024 \u00a6 2025 \u00a6 2026 \u00a0 Weather in Bystrc \u00a6 Map \u00a6\u00a0Weather archive \u00a6 Webcams around\u2026","rel":"","context":"Podobn\u00fd p\u0159\u00edsp\u011bvek","block_context":{"text":"Podobn\u00fd p\u0159\u00edsp\u011bvek","link":""},"img":{"alt_text":"","src":"https:\/\/i0.wp.com\/tinnunculus.sy-sy.cz\/wp-content\/uploads\/2023\/01\/2022_EN.png?resize=350%2C200&ssl=1","width":350,"height":200,"srcset":"https:\/\/i0.wp.com\/tinnunculus.sy-sy.cz\/wp-content\/uploads\/2023\/01\/2022_EN.png?resize=350%2C200&ssl=1 1x, https:\/\/i0.wp.com\/tinnunculus.sy-sy.cz\/wp-content\/uploads\/2023\/01\/2022_EN.png?resize=525%2C300&ssl=1 1.5x, https:\/\/i0.wp.com\/tinnunculus.sy-sy.cz\/wp-content\/uploads\/2023\/01\/2022_EN.png?resize=700%2C400&ssl=1 2x"},"classes":[]},{"id":14333,"url":"https:\/\/tinnunculus.sy-sy.cz\/index.php\/en\/weather-in-bystrc\/weather-archive\/weather-2020\/","url_meta":{"origin":14265,"position":5},"title":"Weather 2020","author":"Zuzana Syrov\u00e1 An\u00fd\u017eov\u00e1","date":"12\/01\/2021","format":false,"excerpt":"2007 \u00a6 2008 \u00a6 2009 \u00a6 2010 \u00a6 2011 \u00a6 2012 \u00a6 2013 \u00a6 2014 \u00a6 2015 \u00a6 2016 \u00a6 2017 \u00a6 2018 \u00a6 2019 \u00a6 2020 \u00a6 2021 \u00a6 2022 \u00a6 2023 \u00a6 2024 \u00a6 2025 \u00a6 2026 \u00a0 Weather in Bystrc \u00a6 Map \u00a6\u00a0Weather archive \u00a6 Webcams around\u2026","rel":"","context":"Podobn\u00fd p\u0159\u00edsp\u011bvek","block_context":{"text":"Podobn\u00fd p\u0159\u00edsp\u011bvek","link":""},"img":{"alt_text":"","src":"https:\/\/i0.wp.com\/tinnunculus.sy-sy.cz\/wp-content\/uploads\/2021\/01\/history_meteoblue_en_2020.png?resize=350%2C200&ssl=1","width":350,"height":200,"srcset":"https:\/\/i0.wp.com\/tinnunculus.sy-sy.cz\/wp-content\/uploads\/2021\/01\/history_meteoblue_en_2020.png?resize=350%2C200&ssl=1 1x, https:\/\/i0.wp.com\/tinnunculus.sy-sy.cz\/wp-content\/uploads\/2021\/01\/history_meteoblue_en_2020.png?resize=525%2C300&ssl=1 1.5x, https:\/\/i0.wp.com\/tinnunculus.sy-sy.cz\/wp-content\/uploads\/2021\/01\/history_meteoblue_en_2020.png?resize=700%2C400&ssl=1 2x, https:\/\/i0.wp.com\/tinnunculus.sy-sy.cz\/wp-content\/uploads\/2021\/01\/history_meteoblue_en_2020.png?resize=1050%2C600&ssl=1 3x, https:\/\/i0.wp.com\/tinnunculus.sy-sy.cz\/wp-content\/uploads\/2021\/01\/history_meteoblue_en_2020.png?resize=1400%2C800&ssl=1 4x"},"classes":[]}],"jetpack_sharing_enabled":true,"_links":{"self":[{"href":"https:\/\/tinnunculus.sy-sy.cz\/index.php\/wp-json\/wp\/v2\/pages\/14265","targetHints":{"allow":["GET"]}}],"collection":[{"href":"https:\/\/tinnunculus.sy-sy.cz\/index.php\/wp-json\/wp\/v2\/pages"}],"about":[{"href":"https:\/\/tinnunculus.sy-sy.cz\/index.php\/wp-json\/wp\/v2\/types\/page"}],"author":[{"embeddable":true,"href":"https:\/\/tinnunculus.sy-sy.cz\/index.php\/wp-json\/wp\/v2\/users\/2"}],"replies":[{"embeddable":true,"href":"https:\/\/tinnunculus.sy-sy.cz\/index.php\/wp-json\/wp\/v2\/comments?post=14265"}],"version-history":[{"count":3,"href":"https:\/\/tinnunculus.sy-sy.cz\/index.php\/wp-json\/wp\/v2\/pages\/14265\/revisions"}],"predecessor-version":[{"id":45741,"href":"https:\/\/tinnunculus.sy-sy.cz\/index.php\/wp-json\/wp\/v2\/pages\/14265\/revisions\/45741"}],"up":[{"embeddable":true,"href":"https:\/\/tinnunculus.sy-sy.cz\/index.php\/wp-json\/wp\/v2\/pages\/5621"}],"wp:attachment":[{"href":"https:\/\/tinnunculus.sy-sy.cz\/index.php\/wp-json\/wp\/v2\/media?parent=14265"}],"wp:term":[{"taxonomy":"category","embeddable":true,"href":"https:\/\/tinnunculus.sy-sy.cz\/index.php\/wp-json\/wp\/v2\/categories?post=14265"},{"taxonomy":"post_tag","embeddable":true,"href":"https:\/\/tinnunculus.sy-sy.cz\/index.php\/wp-json\/wp\/v2\/tags?post=14265"}],"curies":[{"name":"wp","href":"https:\/\/api.w.org\/{rel}","templated":true}]}}