{"id":14259,"date":"2021-01-12T20:06:22","date_gmt":"2021-01-12T19:06:22","guid":{"rendered":"https:\/\/tinnunculus.sy-sy.cz\/?page_id=14259"},"modified":"2026-01-02T18:08:32","modified_gmt":"2026-01-02T17:08:32","slug":"webcams-autour-bystrc","status":"publish","type":"page","link":"https:\/\/tinnunculus.sy-sy.cz\/index.php\/fr\/meteo-bystrc\/webcams-autour-bystrc\/","title":{"rendered":"Webcams autour Bystrc"},"content":{"rendered":"<p><a href=\"https:\/\/windy.com\/webcams\/1489735814\" target=\"_blank\" rel=\"noopener\" name=\"windy-webcam-timelapse-player\" data-id=\"1489735814\" data-play=\"day\">Brno \u203a Sever: Brno Reservoir<\/a><script async type=\"text\/javascript\" src=\"https:\/\/webcams.windy.com\/webcams\/public\/embed\/script\/player.js\"><\/script><br \/>\n<a href=\"https:\/\/prehrada.gcm.cz\/\" target=\"_blank\" rel=\"noopener\">Barrage de Brno<\/a><a href=\"https:\/\/windy.com\/webcams\/1313054736\" target=\"_blank\" rel=\"noopener\" name=\"windy-webcam-link\"><\/a><\/p>\n<ul>\n<li><a href=\"https:\/\/www.chmi.cz\/namerena-data\/webkamera\/brno-brno\" target=\"_blank\" rel=\"noopener noreferrer\">Brno \u2013 \u017dabov\u0159esky (\u010cHM\u00da webcam)<\/a><\/li>\n<li class=\"main-heading\"><a href=\"https:\/\/www.meteoblue.com\/fr\/meteo\/webcams\/bystrc_r%c3%a9publique-tch%c3%a8que_3078308\" target=\"_blank\" rel=\"noopener\">Webcams autour Bystrc (meteoblue)<\/a><\/li>\n<\/ul>\n<p><a href=\"https:\/\/tinnunculus.tmep.cz\/index.php?ja=fr&amp;je=C\" target=\"_blank\" rel=\"noopener\">Station m\u00e9t\u00e9o de notre balcon<\/a><\/p>\n<p><a href=\"https:\/\/tinnunculus.sy-sy.cz\/index.php\/fr\/meteo-bystrc\/\">M\u00e9t\u00e9o \u00e0 Bystrc<\/a> \u00a6 <a href=\"https:\/\/tinnunculus.sy-sy.cz\/index.php\/fr\/meteo-bystrc\/meteo-cartes\/\">Cartes<\/a> \u00a6 <a href=\"https:\/\/tinnunculus.sy-sy.cz\/index.php\/fr\/meteo-bystrc\/archive-meteo\/\">Archive m\u00e9t\u00e9o<\/a> \u00a6\u00a0<a href=\"https:\/\/tinnunculus.sy-sy.cz\/index.php\/fr\/meteo-bystrc\/webcams-autour-bystrc\/\">Webcams autour Bystrc<\/a><\/p>\n","protected":false},"excerpt":{"rendered":"<p>Brno \u203a Sever: Brno Reservoir Barrage de Brno Brno \u2013 \u017dabov\u0159esky (\u010cHM\u00da webcam) Webcams autour Bystrc (meteoblue) Station m\u00e9t\u00e9o de notre balcon M\u00e9t\u00e9o \u00e0 Bystrc \u00a6 Cartes \u00a6 Archive m\u00e9t\u00e9o \u00a6\u00a0Webcams autour Bystrc<\/p>\n","protected":false},"author":2,"featured_media":0,"parent":9910,"menu_order":0,"comment_status":"closed","ping_status":"closed","template":"","meta":{"jetpack_post_was_ever_published":false,"footnotes":""},"categories":[],"tags":[],"class_list":["post-14259","page","type-page","status-publish","hentry"],"jetpack_shortlink":"https:\/\/wp.me\/P91gKE-3HZ","jetpack-related-posts":[{"id":9910,"url":"https:\/\/tinnunculus.sy-sy.cz\/index.php\/fr\/meteo-bystrc\/","url_meta":{"origin":14259,"position":0},"title":"M\u00e9t\u00e9o \u00e0 Bystrc","author":"Zuzana Syrov\u00e1 An\u00fd\u017eov\u00e1","date":"09\/12\/2019","format":false,"excerpt":"\ufeff meteoblue Station m\u00e9t\u00e9o de notre balcon M\u00e9t\u00e9o \u00e0 Bystrc \u00a6 Cartes \u00a6 Archive m\u00e9t\u00e9o \u00a6\u00a0Webcams autour Bystrc","rel":"","context":"Podobn\u00fd p\u0159\u00edsp\u011bvek","block_context":{"text":"Podobn\u00fd p\u0159\u00edsp\u011bvek","link":""},"img":{"alt_text":"","src":"","width":0,"height":0},"classes":[]},{"id":14248,"url":"https:\/\/tinnunculus.sy-sy.cz\/index.php\/fr\/meteo-bystrc\/meteo-cartes\/","url_meta":{"origin":14259,"position":1},"title":"Cartes m\u00e9t\u00e9o","author":"Zuzana Syrov\u00e1 An\u00fd\u017eov\u00e1","date":"12\/01\/2021","format":false,"excerpt":"\ufeff meteoblue Station m\u00e9t\u00e9o de notre balcon M\u00e9t\u00e9o \u00e0 Bystrc \u00a6 Cartes \u00a6 Archive m\u00e9t\u00e9o \u00a6\u00a0Webcams autour Bystrc","rel":"","context":"Podobn\u00fd p\u0159\u00edsp\u011bvek","block_context":{"text":"Podobn\u00fd p\u0159\u00edsp\u011bvek","link":""},"img":{"alt_text":"","src":"","width":0,"height":0},"classes":[]},{"id":14158,"url":"https:\/\/tinnunculus.sy-sy.cz\/index.php\/fr\/meteo-bystrc\/archive-meteo\/","url_meta":{"origin":14259,"position":2},"title":"Archive m\u00e9t\u00e9o","author":"Zuzana Syrov\u00e1 An\u00fd\u017eov\u00e1","date":"12\/01\/2021","format":false,"excerpt":"2007 \u00a6 2008 \u00a6 2009 \u00a6 2010 \u00a6 2011 \u00a6 2012 \u00a6 2013 \u00a6 2014 \u00a6 2015 \u00a6 2016 \u00a6 2017 \u00a6 2018 \u00a6 2019 \u00a6 2020 \u00a6 2021 \u00a6 2022 \u00a6 2023 \u00a6 2024 \u00a6 2025 \u00a6 2026 Station m\u00e9t\u00e9o de notre balcon M\u00e9t\u00e9o \u00e0 Bystrc \u00a6 Cartes \u00a6\u2026","rel":"","context":"Podobn\u00fd p\u0159\u00edsp\u011bvek","block_context":{"text":"Podobn\u00fd p\u0159\u00edsp\u011bvek","link":""},"img":{"alt_text":"","src":"https:\/\/i0.wp.com\/tinnunculus.sy-sy.cz\/wp-content\/uploads\/2021\/01\/pocasi02-BWL-1024x633.jpg?resize=350%2C200&ssl=1","width":350,"height":200,"srcset":"https:\/\/i0.wp.com\/tinnunculus.sy-sy.cz\/wp-content\/uploads\/2021\/01\/pocasi02-BWL-1024x633.jpg?resize=350%2C200&ssl=1 1x, https:\/\/i0.wp.com\/tinnunculus.sy-sy.cz\/wp-content\/uploads\/2021\/01\/pocasi02-BWL-1024x633.jpg?resize=525%2C300&ssl=1 1.5x"},"classes":[]},{"id":20337,"url":"https:\/\/tinnunculus.sy-sy.cz\/index.php\/fr\/meteo-bystrc\/archive-meteo\/meteo-2022\/","url_meta":{"origin":14259,"position":3},"title":"M\u00e9t\u00e9o 2022","author":"Zuzana Syrov\u00e1 An\u00fd\u017eov\u00e1","date":"01\/01\/2023","format":false,"excerpt":"2007 \u00a6 2008 \u00a6 2009 \u00a6 2010 \u00a6 2011 \u00a6 2012 \u00a6 2013 \u00a6 2014 \u00a6 2015 \u00a6 2016 \u00a6 2017 \u00a6 2018 \u00a6 2019 \u00a6 2020 \u00a6 2021 \u00a6 2022 \u00a6 2023 \u00a6 2024 \u00a6 2025 \u00a6 2026 \u00a0 M\u00e9t\u00e9o \u00e0 Bystrc \u00a6 Cartes \u00a6 Archive m\u00e9t\u00e9o \u00a6\u00a0Webcams autour\u2026","rel":"","context":"Podobn\u00fd p\u0159\u00edsp\u011bvek","block_context":{"text":"Podobn\u00fd p\u0159\u00edsp\u011bvek","link":""},"img":{"alt_text":"","src":"https:\/\/i0.wp.com\/tinnunculus.sy-sy.cz\/wp-content\/uploads\/2023\/01\/2022_FR.png?resize=350%2C200&ssl=1","width":350,"height":200,"srcset":"https:\/\/i0.wp.com\/tinnunculus.sy-sy.cz\/wp-content\/uploads\/2023\/01\/2022_FR.png?resize=350%2C200&ssl=1 1x, https:\/\/i0.wp.com\/tinnunculus.sy-sy.cz\/wp-content\/uploads\/2023\/01\/2022_FR.png?resize=525%2C300&ssl=1 1.5x, https:\/\/i0.wp.com\/tinnunculus.sy-sy.cz\/wp-content\/uploads\/2023\/01\/2022_FR.png?resize=700%2C400&ssl=1 2x"},"classes":[]},{"id":38663,"url":"https:\/\/tinnunculus.sy-sy.cz\/index.php\/fr\/meteo-bystrc\/archive-meteo\/meteo-2024\/","url_meta":{"origin":14259,"position":4},"title":"M\u00e9t\u00e9o 2024","author":"Zuzana Syrov\u00e1 An\u00fd\u017eov\u00e1","date":"02\/01\/2025","format":false,"excerpt":"2007 \u00a6 2008 \u00a6 2009 \u00a6 2010 \u00a6 2011 \u00a6 2012 \u00a6 2013 \u00a6 2014 \u00a6 2015 \u00a6 2016 \u00a6 2017 \u00a6 2018 \u00a6 2019 \u00a6 2020 \u00a6 2021 \u00a6 2022 \u00a6 2023 \u00a6 2024 \u00a6 2025 \u00a6 2026 \u00a0 M\u00e9t\u00e9o \u00e0 Bystrc \u00a6 Cartes \u00a6 Archive m\u00e9t\u00e9o \u00a6\u00a0Webcams autour\u2026","rel":"","context":"Podobn\u00fd p\u0159\u00edsp\u011bvek","block_context":{"text":"Podobn\u00fd p\u0159\u00edsp\u011bvek","link":""},"img":{"alt_text":"","src":"https:\/\/i0.wp.com\/tinnunculus.sy-sy.cz\/wp-content\/uploads\/2025\/01\/meteogram_history_2024_FR-1024x894.png?resize=350%2C200&ssl=1","width":350,"height":200,"srcset":"https:\/\/i0.wp.com\/tinnunculus.sy-sy.cz\/wp-content\/uploads\/2025\/01\/meteogram_history_2024_FR-1024x894.png?resize=350%2C200&ssl=1 1x, https:\/\/i0.wp.com\/tinnunculus.sy-sy.cz\/wp-content\/uploads\/2025\/01\/meteogram_history_2024_FR-1024x894.png?resize=525%2C300&ssl=1 1.5x"},"classes":[]},{"id":14337,"url":"https:\/\/tinnunculus.sy-sy.cz\/index.php\/fr\/meteo-bystrc\/archive-meteo\/meteo-2007\/","url_meta":{"origin":14259,"position":5},"title":"M\u00e9t\u00e9o 2007","author":"Zuzana Syrov\u00e1 An\u00fd\u017eov\u00e1","date":"12\/01\/2021","format":false,"excerpt":"2007 \u00a6 2008 \u00a6 2009 \u00a6 2010 \u00a6 2011 \u00a6 2012 \u00a6 2013 \u00a6 2014 \u00a6 2015 \u00a6 2016 \u00a6 2017 \u00a6 2018 \u00a6 2019 \u00a6 2020 \u00a6 2021 \u00a6 2022 \u00a6 2023 \u00a6 2024 \u00a6 2025 \u00a6 2026 \u00a0 M\u00e9t\u00e9o \u00e0 Bystrc \u00a6 Cartes \u00a6 Archive m\u00e9t\u00e9o \u00a6\u00a0Webcams autour\u2026","rel":"","context":"Podobn\u00fd p\u0159\u00edsp\u011bvek","block_context":{"text":"Podobn\u00fd p\u0159\u00edsp\u011bvek","link":""},"img":{"alt_text":"","src":"https:\/\/i0.wp.com\/tinnunculus.sy-sy.cz\/wp-content\/uploads\/2021\/01\/history_meteoblue_fr_2007-1024x830.png?resize=350%2C200&ssl=1","width":350,"height":200,"srcset":"https:\/\/i0.wp.com\/tinnunculus.sy-sy.cz\/wp-content\/uploads\/2021\/01\/history_meteoblue_fr_2007-1024x830.png?resize=350%2C200&ssl=1 1x, https:\/\/i0.wp.com\/tinnunculus.sy-sy.cz\/wp-content\/uploads\/2021\/01\/history_meteoblue_fr_2007-1024x830.png?resize=525%2C300&ssl=1 1.5x"},"classes":[]}],"jetpack_sharing_enabled":true,"_links":{"self":[{"href":"https:\/\/tinnunculus.sy-sy.cz\/index.php\/wp-json\/wp\/v2\/pages\/14259","targetHints":{"allow":["GET"]}}],"collection":[{"href":"https:\/\/tinnunculus.sy-sy.cz\/index.php\/wp-json\/wp\/v2\/pages"}],"about":[{"href":"https:\/\/tinnunculus.sy-sy.cz\/index.php\/wp-json\/wp\/v2\/types\/page"}],"author":[{"embeddable":true,"href":"https:\/\/tinnunculus.sy-sy.cz\/index.php\/wp-json\/wp\/v2\/users\/2"}],"replies":[{"embeddable":true,"href":"https:\/\/tinnunculus.sy-sy.cz\/index.php\/wp-json\/wp\/v2\/comments?post=14259"}],"version-history":[{"count":3,"href":"https:\/\/tinnunculus.sy-sy.cz\/index.php\/wp-json\/wp\/v2\/pages\/14259\/revisions"}],"predecessor-version":[{"id":45742,"href":"https:\/\/tinnunculus.sy-sy.cz\/index.php\/wp-json\/wp\/v2\/pages\/14259\/revisions\/45742"}],"up":[{"embeddable":true,"href":"https:\/\/tinnunculus.sy-sy.cz\/index.php\/wp-json\/wp\/v2\/pages\/9910"}],"wp:attachment":[{"href":"https:\/\/tinnunculus.sy-sy.cz\/index.php\/wp-json\/wp\/v2\/media?parent=14259"}],"wp:term":[{"taxonomy":"category","embeddable":true,"href":"https:\/\/tinnunculus.sy-sy.cz\/index.php\/wp-json\/wp\/v2\/categories?post=14259"},{"taxonomy":"post_tag","embeddable":true,"href":"https:\/\/tinnunculus.sy-sy.cz\/index.php\/wp-json\/wp\/v2\/tags?post=14259"}],"curies":[{"name":"wp","href":"https:\/\/api.w.org\/{rel}","templated":true}]}}