{"id":14,"date":"2017-07-28T07:55:55","date_gmt":"2017-07-28T05:55:55","guid":{"rendered":"http:\/\/tinnunculus.sy-sy.cz\/?page_id=14"},"modified":"2026-03-23T15:29:07","modified_gmt":"2026-03-23T14:29:07","slug":"home","status":"publish","type":"page","link":"https:\/\/tinnunculus.sy-sy.cz\/","title":{"rendered":"\u00davod"},"content":{"rendered":"<p>Tyto str\u00e1nky a&nbsp;blog \u010dili blok aneb z\u00e1pisn\u00edk navazuj\u00ed na star\u0161\u00ed blog <a href=\"https:\/\/photo.sy-sy.cz\/blog\/\" target=\"_blank\" rel=\"noopener noreferrer\">O\u00a0my\u0161\u00edch a&nbsp;po\u0161tolk\u00e1ch<\/a>,\u00a0 kter\u00fd jsme za\u010dali v\u00e9st v&nbsp;roce 2014.\u00a0 Jsou v\u011bnov\u00e1ny p\u0159edev\u0161\u00edm po\u0161tolk\u00e1m, kter\u00e9 se rozhodly \u017e\u00edt s&nbsp;n\u00e1mi pod jednou st\u0159echou v&nbsp;lod\u017eii na\u0161\u00ed dom\u00e1c\u00ed kancel\u00e1\u0159e, a&nbsp;od roku 2007 zde tak\u00e9 hn\u00edzd\u00ed.\u00a0 O&nbsp;p\u00e1r let pozd\u011bji k&nbsp;nim je\u0161t\u011b p\u0159ibyla prvn\u00ed my\u0161ka, chovan\u00e1 jako\u017eto maskot, a&nbsp;i&nbsp;ona se dostala do n\u00e1zvu blogu. Do obsahu se ov\u0161em postupn\u011b vet\u0159eli i&nbsp;dal\u0161\u00ed zv\u00ed\u0159ec\u00ed podn\u00e1jemn\u00edci a&nbsp;n\u00e1v\u0161t\u011bvn\u00edci na\u0161ich nemovitost\u00ed.\u00a0 Zvl\u00e1\u0161tn\u00ed m\u00edsto mezi nimi zauj\u00edmaj\u00ed ror\u00fdsi hn\u00edzd\u00edc\u00ed od r. 2017 v&nbsp;ror\u00fdsovn\u00edku hned vedle po\u0161tol\u010d\u00ed lod\u017eie. Zat\u00edm posledn\u00edm z\u00e1jemcem o&nbsp;podn\u00e1jem je p\u00e1r po\u0161tolek, kter\u00fdm se v&nbsp;r. 2026 zal\u00edbily truhl\u00edky na parapetu okna na\u0161\u00ed kuchyn\u011b.\u00a0 Po\u0161tolky i&nbsp;ror\u00fdsy m\u016f\u017eete sledovat s&nbsp;n\u00e1mi <a href=\"https:\/\/tinnunculus.sy-sy.cz\/index.php\/v-primem-prenosu\/\">v p\u0159\u00edm\u00e9m p\u0159enosu<\/a>.<\/p>\n<ul>\n<li>P\u0159\u00edm\u00fd p\u0159enos <a href=\"https:\/\/tinnunculus.sy-sy.cz\/index.php\/v-primem-prenosu\/nase-kamery\/seznam-kamer\/kamera-1\/1-postolci-lodzie\/\">z po\u0161tol\u010d\u00ed lod\u017eie<\/a> \u00a6 <a href=\"https:\/\/tinnunculus.sy-sy.cz\/index.php\/v-primem-prenosu\/nase-kamery\/seznam-kamer\/kamera-10\/kamera-10-rorysovnik\/\">z okol\u00ed ror\u00fdsovn\u00edku<\/a> \u00a6 <a href=\"https:\/\/tinnunculus.sy-sy.cz\/index.php\/v-primem-prenosu\/nase-kamery\/seznam-kamer\/kamera-21\/21-postolky-za-oknem-kuchyne\/\">z po\u0161tol\u010d\u00edho okna<\/a><\/li>\n<\/ul>\n<p>O obsahu str\u00e1nek a&nbsp;o&nbsp;tom, co zde v\u0161echno najdete, se v\u00edce dozv\u00edte <a href=\"https:\/\/tinnunculus.sy-sy.cz\/index.php\/home\/a-homepage-section\/\">zde<\/a>.<\/p>\n","protected":false},"excerpt":{"rendered":"<p>Tyto str\u00e1nky a&nbsp;blog \u010dili blok aneb z\u00e1pisn\u00edk navazuj\u00ed na star\u0161\u00ed blog O\u00a0my\u0161\u00edch a&nbsp;po\u0161tolk\u00e1ch,\u00a0 kter\u00fd jsme za\u010dali v\u00e9st v&nbsp;roce 2014.\u00a0 Jsou v\u011bnov\u00e1ny p\u0159edev\u0161\u00edm po\u0161tolk\u00e1m, kter\u00e9 se rozhodly \u017e\u00edt s&nbsp;n\u00e1mi pod jednou st\u0159echou v&nbsp;lod\u017eii na\u0161\u00ed dom\u00e1c\u00ed kancel\u00e1\u0159e, a&nbsp;od roku 2007 zde tak\u00e9 hn\u00edzd\u00ed.\u00a0 O&nbsp;p\u00e1r let pozd\u011bji k&nbsp;nim je\u0161t\u011b p\u0159ibyla prvn\u00ed my\u0161ka, chovan\u00e1 jako\u017eto maskot, a&nbsp;i&nbsp;ona se dostala &hellip; <\/p>\n<p class=\"link-more\"><a href=\"https:\/\/tinnunculus.sy-sy.cz\/\" class=\"more-link\">Pokra\u010dovat ve \u010dten\u00ed<span class=\"screen-reader-text\"> &#8222;\u00davod&#8220;<\/span><\/a><\/p>\n","protected":false},"author":2,"featured_media":0,"parent":0,"menu_order":1,"comment_status":"closed","ping_status":"closed","template":"","meta":{"jetpack_post_was_ever_published":false,"footnotes":""},"categories":[],"tags":[],"class_list":["post-14","page","type-page","status-publish","hentry"],"jetpack_shortlink":"https:\/\/wp.me\/P91gKE-e","jetpack-related-posts":[{"id":15,"url":"https:\/\/tinnunculus.sy-sy.cz\/index.php\/about\/","url_meta":{"origin":14,"position":0},"title":"O n\u00e1s","author":"Zuzana Syrov\u00e1 An\u00fd\u017eov\u00e1","date":"28\/07\/2017","format":false,"excerpt":"o po\u0161tolk\u00e1ch: Od r 2007 jsme dom\u00e1c\u00edmi p\u00e1ru po\u0161tolek hn\u00edzd\u00edc\u00edch v na\u0161\u00ed lod\u017eii. o my\u0161\u00edch: O p\u00e1r let pozd\u011bji k nim p\u0159ibyla my\u0161ka jako maskot... o jin\u00e9 zv\u00ed\u0159en\u011b: Pod jednou st\u0159echou s n\u00e1mi bydl\u00ed tak\u00e9 ror\u00fdsi a v na\u0161em venkovsk\u00e9m dom\u011b a jeho zahrad\u011b spousta jin\u00e9 hav\u011bti. o lidech: My,\u2026","rel":"","context":"Podobn\u00fd p\u0159\u00edsp\u011bvek","block_context":{"text":"Podobn\u00fd p\u0159\u00edsp\u011bvek","link":""},"img":{"alt_text":"","src":"https:\/\/i0.wp.com\/tinnunculus.sy-sy.cz\/wp-content\/uploads\/2017\/07\/dsc20801_24x10cb-e1501699151709.jpg?fit=1200%2C500&ssl=1&resize=350%2C200","width":350,"height":200,"srcset":"https:\/\/i0.wp.com\/tinnunculus.sy-sy.cz\/wp-content\/uploads\/2017\/07\/dsc20801_24x10cb-e1501699151709.jpg?fit=1200%2C500&ssl=1&resize=350%2C200 1x, https:\/\/i0.wp.com\/tinnunculus.sy-sy.cz\/wp-content\/uploads\/2017\/07\/dsc20801_24x10cb-e1501699151709.jpg?fit=1200%2C500&ssl=1&resize=525%2C300 1.5x, https:\/\/i0.wp.com\/tinnunculus.sy-sy.cz\/wp-content\/uploads\/2017\/07\/dsc20801_24x10cb-e1501699151709.jpg?fit=1200%2C500&ssl=1&resize=700%2C400 2x, https:\/\/i0.wp.com\/tinnunculus.sy-sy.cz\/wp-content\/uploads\/2017\/07\/dsc20801_24x10cb-e1501699151709.jpg?fit=1200%2C500&ssl=1&resize=1050%2C600 3x"},"classes":[]},{"id":18,"url":"https:\/\/tinnunculus.sy-sy.cz\/index.php\/a-homepage-section\/","url_meta":{"origin":14,"position":1},"title":"O my\u0161\u00edch a&nbsp;po\u0161tolk\u00e1ch","author":"Zuzana Syrov\u00e1 An\u00fd\u017eov\u00e1","date":"28\/07\/2017","format":false,"excerpt":"Pro\u010d o po\u0161tolk\u00e1ch? Za d\u00e1vn\u00fdch a d\u00e1vn\u00fdch \u010das\u016f, n\u011bkdy t\u011bsn\u011b po roce 1986, kdy jsme se nast\u011bhovali do nov\u00e9ho bytu v panelov\u00e9m dom\u011b v s\u00eddli\u0161ti na okraji Brna, se v na\u0161\u00ed lod\u017eii objevily po\u0161tolky. Dlouh\u00e1 l\u00e9ta byla jejich obl\u00edben\u00fdm m\u00edstem pro p\u0159esp\u00e1n\u00ed a od roku 2007 zde i hn\u00edzd\u00ed. Vybraly\u2026","rel":"","context":"V \u201e\"Na\u0161e\" po\u0161tolky\u201c","block_context":{"text":"\"Na\u0161e\" po\u0161tolky","link":"https:\/\/tinnunculus.sy-sy.cz\/index.php\/category\/nasi\/nase-postolky\/"},"img":{"alt_text":"","src":"https:\/\/i0.wp.com\/tinnunculus.sy-sy.cz\/wp-content\/uploads\/2017\/08\/dsc22907_24x10cb-e1501697514766.jpg?fit=1200%2C500&ssl=1&resize=350%2C200","width":350,"height":200,"srcset":"https:\/\/i0.wp.com\/tinnunculus.sy-sy.cz\/wp-content\/uploads\/2017\/08\/dsc22907_24x10cb-e1501697514766.jpg?fit=1200%2C500&ssl=1&resize=350%2C200 1x, https:\/\/i0.wp.com\/tinnunculus.sy-sy.cz\/wp-content\/uploads\/2017\/08\/dsc22907_24x10cb-e1501697514766.jpg?fit=1200%2C500&ssl=1&resize=525%2C300 1.5x, https:\/\/i0.wp.com\/tinnunculus.sy-sy.cz\/wp-content\/uploads\/2017\/08\/dsc22907_24x10cb-e1501697514766.jpg?fit=1200%2C500&ssl=1&resize=700%2C400 2x, https:\/\/i0.wp.com\/tinnunculus.sy-sy.cz\/wp-content\/uploads\/2017\/08\/dsc22907_24x10cb-e1501697514766.jpg?fit=1200%2C500&ssl=1&resize=1050%2C600 3x"},"classes":[]},{"id":22185,"url":"https:\/\/tinnunculus.sy-sy.cz\/index.php\/blog\/nasi-rorysi\/","url_meta":{"origin":14,"position":2},"title":"&#8222;Na\u0161i&#8220; ror\u00fdsi","author":"Zuzana Syrov\u00e1 An\u00fd\u017eov\u00e1","date":"02\/05\/2023","format":false,"excerpt":"P\u0159\u00edsp\u011bvky v Bloku, blogu \u010dili z\u00e1pisn\u00edku: Historie ror\u00fds\u00ed 2015\u2014????","rel":"","context":"V \u201e\"Na\u0161i\" ror\u00fdsi\u201c","block_context":{"text":"\"Na\u0161i\" ror\u00fdsi","link":"https:\/\/tinnunculus.sy-sy.cz\/index.php\/category\/nasi\/nasi-rorysi\/"},"img":{"alt_text":"","src":"","width":0,"height":0},"classes":[]},{"id":38958,"url":"https:\/\/tinnunculus.sy-sy.cz\/index.php\/blog\/postolky-a-jina-zvirena-kulturni\/rorysi-kulturni\/","url_meta":{"origin":14,"position":3},"title":"Ror\u00fdsi v&nbsp;kultu\u0159e \u010dlov\u011b\u010d\u00ed","author":"Zuzana Syrov\u00e1 An\u00fd\u017eov\u00e1","date":"08\/01\/2025","format":false,"excerpt":"Aneb ror\u00fdsi v literatu\u0159e, filmu, hudb\u011b, v\u00fdtvarn\u00e9m um\u011bn\u00ed\u2026. Po\u0161tolky a jin\u00e1 zvi\u0159ena v kultu\u0159e \u010dlov\u011b\u010d\u00ed Po\u0161tolky \u00a6\u00a0My\u0161i \u00a6\u00a0Ror\u00fdsi","rel":"","context":"Podobn\u00fd p\u0159\u00edsp\u011bvek","block_context":{"text":"Podobn\u00fd p\u0159\u00edsp\u011bvek","link":""},"img":{"alt_text":"","src":"","width":0,"height":0},"classes":[]},{"id":786,"url":"https:\/\/tinnunculus.sy-sy.cz\/index.php\/v-primem-prenosu\/","url_meta":{"origin":14,"position":4},"title":"V p\u0159\u00edm\u00e9m p\u0159enosu","author":"Zuzana Syrov\u00e1 An\u00fd\u017eov\u00e1","date":"04\/08\/2017","format":false,"excerpt":"0\u00a6\u00a01\u00a6\u00a02\u00a6\u00a03\u00a6\u00a04\u00a6\u00a05\u00a6\u00a06\u00a6\u00a07\u00a6\u00a08\u00a6\u00a09\u00a6\u00a012\u00a6\u00a013\u00a6\u00a014\u00a6\u00a015\u00a6\u00a016\u00a6\u00a017\u00a6\u00a018\u00a6\u00a019\u00a6\u00a020\u00a6 10\u00a6\u00a0\u00a011\u00a6 21\u00a6 \u00a0 Kameru ke sledov\u00e1n\u00ed zvol\u00edte kliknut\u00edm na \u010d\u00edslo kamery nebo ji m\u016f\u017eete vybrat ze seznamu kamer. V\u00edce na str\u00e1nce Na\u0161e kamery. K dispozici jsou skupiny kamer:\u00a0\u00a0z po\u0161tol\u010d\u00ed lod\u017eie (hn\u00edzdo,\u00a0bid\u00fdlka,\u00a0z\u00e1bradl\u00ed,\u00a0za oknem,\u00a0na podlaze, ror\u00fdsovn\u00edk), z okol\u00ed ror\u00fdsovn\u00edku a z po\u0161tol\u010d\u00edho okna. Testujeme rovn\u011b\u017e \u017eiv\u00e9 vys\u00edl\u00e1n\u00ed na na\u0161em po\u0161tol\u010d\u00edm YouTube\u2026","rel":"","context":"V \u201e\"Na\u0161e\" po\u0161tolky\u201c","block_context":{"text":"\"Na\u0161e\" po\u0161tolky","link":"https:\/\/tinnunculus.sy-sy.cz\/index.php\/category\/nasi\/nase-postolky\/"},"img":{"alt_text":"Camera 1","src":"https:\/\/sy-sy.cz\/cam\/webapi\/entry.cgi?api=SYNO.SurveillanceStation.Stream.VideoStreaming&version=1&method=Stream&format=mjpeg&cameraId=2&StmKey=%229853f85e3f00a090389e5f3da7058a2c%22","width":350,"height":200,"srcset":"https:\/\/sy-sy.cz\/cam\/webapi\/entry.cgi?api=SYNO.SurveillanceStation.Stream.VideoStreaming&version=1&method=Stream&format=mjpeg&cameraId=2&StmKey=%229853f85e3f00a090389e5f3da7058a2c%22 1x, https:\/\/sy-sy.cz\/cam\/webapi\/entry.cgi?api=SYNO.SurveillanceStation.Stream.VideoStreaming&version=1&method=Stream&format=mjpeg&cameraId=2&StmKey=%229853f85e3f00a090389e5f3da7058a2c%22 1.5x, https:\/\/sy-sy.cz\/cam\/webapi\/entry.cgi?api=SYNO.SurveillanceStation.Stream.VideoStreaming&version=1&method=Stream&format=mjpeg&cameraId=2&StmKey=%229853f85e3f00a090389e5f3da7058a2c%22 2x, https:\/\/sy-sy.cz\/cam\/webapi\/entry.cgi?api=SYNO.SurveillanceStation.Stream.VideoStreaming&version=1&method=Stream&format=mjpeg&cameraId=2&StmKey=%229853f85e3f00a090389e5f3da7058a2c%22 3x, https:\/\/sy-sy.cz\/cam\/webapi\/entry.cgi?api=SYNO.SurveillanceStation.Stream.VideoStreaming&version=1&method=Stream&format=mjpeg&cameraId=2&StmKey=%229853f85e3f00a090389e5f3da7058a2c%22 4x"},"classes":[]},{"id":24840,"url":"https:\/\/tinnunculus.sy-sy.cz\/index.php\/blog\/brnenske-postolky\/","url_meta":{"origin":14,"position":5},"title":"Brn\u011bnsk\u00e9 po\u0161tolky","author":"Zuzana Syrov\u00e1 An\u00fd\u017eov\u00e1","date":"10\/10\/2023","format":false,"excerpt":"P\u0159\u00edsp\u011bvky v Bloku, blogu \u010dili z\u00e1pisn\u00edku: Info o \u017eiv\u00fdch p\u0159enosech Brno - Francouzsk\u00e1 Brno - Bohunice P\u0159\u00edm\u00e9 p\u0159enosy z\u00a0\u010cR P\u0159\u00edm\u00e9 p\u0159enosy odjinud.","rel":"","context":"V \u201e\"Na\u0161e\" po\u0161tolky\u201c","block_context":{"text":"\"Na\u0161e\" po\u0161tolky","link":"https:\/\/tinnunculus.sy-sy.cz\/index.php\/category\/nasi\/nase-postolky\/"},"img":{"alt_text":"","src":"","width":0,"height":0},"classes":[]}],"jetpack_sharing_enabled":true,"_links":{"self":[{"href":"https:\/\/tinnunculus.sy-sy.cz\/index.php\/wp-json\/wp\/v2\/pages\/14","targetHints":{"allow":["GET"]}}],"collection":[{"href":"https:\/\/tinnunculus.sy-sy.cz\/index.php\/wp-json\/wp\/v2\/pages"}],"about":[{"href":"https:\/\/tinnunculus.sy-sy.cz\/index.php\/wp-json\/wp\/v2\/types\/page"}],"author":[{"embeddable":true,"href":"https:\/\/tinnunculus.sy-sy.cz\/index.php\/wp-json\/wp\/v2\/users\/2"}],"replies":[{"embeddable":true,"href":"https:\/\/tinnunculus.sy-sy.cz\/index.php\/wp-json\/wp\/v2\/comments?post=14"}],"version-history":[{"count":5,"href":"https:\/\/tinnunculus.sy-sy.cz\/index.php\/wp-json\/wp\/v2\/pages\/14\/revisions"}],"predecessor-version":[{"id":47433,"href":"https:\/\/tinnunculus.sy-sy.cz\/index.php\/wp-json\/wp\/v2\/pages\/14\/revisions\/47433"}],"wp:attachment":[{"href":"https:\/\/tinnunculus.sy-sy.cz\/index.php\/wp-json\/wp\/v2\/media?parent=14"}],"wp:term":[{"taxonomy":"category","embeddable":true,"href":"https:\/\/tinnunculus.sy-sy.cz\/index.php\/wp-json\/wp\/v2\/categories?post=14"},{"taxonomy":"post_tag","embeddable":true,"href":"https:\/\/tinnunculus.sy-sy.cz\/index.php\/wp-json\/wp\/v2\/tags?post=14"}],"curies":[{"name":"wp","href":"https:\/\/api.w.org\/{rel}","templated":true}]}}