{"id":13119,"date":"2020-06-18T10:32:26","date_gmt":"2020-06-18T08:32:26","guid":{"rendered":"https:\/\/tinnunculus.sy-sy.cz\/?page_id=13119"},"modified":"2025-03-15T00:13:24","modified_gmt":"2025-03-14T23:13:24","slug":"baguage-des-fauconneaux","status":"publish","type":"page","link":"https:\/\/tinnunculus.sy-sy.cz\/index.php\/fr\/faucons-crecerelle\/baguage-des-fauconneaux\/","title":{"rendered":"Baguage des fauconneaux"},"content":{"rendered":"\n<table id=\"tablepress-4\" class=\"tablepress tablepress-id-4\">\n<thead>\n<tr class=\"row-1\">\n\t<th class=\"column-1\">\u010c\u00edslo<br \/>\nNumber<\/th><th class=\"column-2\">Barva<br \/>\nColor<\/th><th class=\"column-3\">Noha<br \/>\nLeg<\/th><th class=\"column-4\">V\u011bk (dn\u00ed)<br \/>\nAge (days)<\/th><th class=\"column-5\">V\u00e1ha <br \/>\nWeight<br \/>\n(g)<\/th><th class=\"column-6\">L\u00edhnut\u00ed<br \/>\nKrou\u017ekov\u00e1n\u00ed<br \/>\nHatching <br \/>\nRinging<\/th><th class=\"column-7\">Rok<br \/>\nYear<\/th>\n<\/tr>\n<\/thead>\n<tbody class=\"row-hover\">\n<tr class=\"row-2\">\n\t<td class=\"column-1\">ES 65043<\/td><td class=\"column-2\">-<br \/>\n-<\/td><td class=\"column-3\">lev\u00e1<br \/>\r\nleft<br \/>\r\n<\/td><td class=\"column-4\">18<\/td><td class=\"column-5\">188<\/td><td class=\"column-6\">2025\/05\/11<br \/>\r\n2025\/05\/29<\/td><td class=\"column-7\">2025<\/td>\n<\/tr>\n<tr class=\"row-3\">\n\t<td class=\"column-1\">ES 65042<\/td><td class=\"column-2\">\u010dern\u00e1<br \/>\r\nblack<\/td><td class=\"column-3\">lev\u00e1<br \/>\r\nleft<br \/>\r\n<\/td><td class=\"column-4\">18<\/td><td class=\"column-5\">195<\/td><td class=\"column-6\">2025\/05\/11<br \/>\r\n2025\/05\/29<\/td><td class=\"column-7\">2025<\/td>\n<\/tr>\n<tr class=\"row-4\">\n\t<td class=\"column-1\">ES 65041<\/td><td class=\"column-2\">\u017elut\u00e1<br \/>\r\nyellow<\/td><td class=\"column-3\">lev\u00e1<br \/>\r\nleft<br \/>\r\n<\/td><td class=\"column-4\">18<\/td><td class=\"column-5\">232<\/td><td class=\"column-6\">2025\/05\/11<br \/>\r\n2025\/05\/29<\/td><td class=\"column-7\">2025<\/td>\n<\/tr>\n<tr class=\"row-5\">\n\t<td class=\"column-1\">ES 65040<\/td><td class=\"column-2\">r\u016f\u017eov\u00e1<br \/>\r\npink<\/td><td class=\"column-3\">lev\u00e1<br \/>\r\nleft<br \/>\r\n<\/td><td class=\"column-4\">18<\/td><td class=\"column-5\">225<\/td><td class=\"column-6\">2025\/05\/11<br \/>\r\n2025\/05\/29<\/td><td class=\"column-7\">2025<\/td>\n<\/tr>\n<tr class=\"row-6\">\n\t<td class=\"column-1\">ES 65039<\/td><td class=\"column-2\">modr\u00e1<br \/>\r\nblue<\/td><td class=\"column-3\">lev\u00e1<br \/>\r\nleft<br \/>\r\n<\/td><td class=\"column-4\">15<\/td><td class=\"column-5\">177<\/td><td class=\"column-6\">2025\/05\/14<br \/>\n2025\/05\/29<\/td><td class=\"column-7\">2025<\/td>\n<\/tr>\n<tr class=\"row-7\">\n\t<td class=\"column-1\">ES 65038<\/td><td class=\"column-2\">\u010derven\u00e1<br \/>\r\nred<\/td><td class=\"column-3\">lev\u00e1<br \/>\r\nleft<br \/>\r\n<\/td><td class=\"column-4\">18<\/td><td class=\"column-5\">204<\/td><td class=\"column-6\">2025\/05\/11<br \/>\r\n2025\/05\/29<\/td><td class=\"column-7\">2025<\/td>\n<\/tr>\n<tr class=\"row-8\">\n\t<td class=\"column-1\">ES 65037<\/td><td class=\"column-2\">zelen\u00e1<br \/>\ngreen<\/td><td class=\"column-3\">lev\u00e1<br \/>\nleft<br \/>\n<\/td><td class=\"column-4\">18<\/td><td class=\"column-5\">200<\/td><td class=\"column-6\">2025\/05\/11<br \/>\n2025\/05\/29<\/td><td class=\"column-7\">2025<\/td>\n<\/tr>\n<tr class=\"row-9\">\n\t<td class=\"column-1\">ES 65027<br \/>\n<\/td><td class=\"column-2\">zelen\u00e1<br \/>\r\ngreen<\/td><td class=\"column-3\">prav\u00e1<br \/>\r\nright<\/td><td class=\"column-4\">18<\/td><td class=\"column-5\">200<\/td><td class=\"column-6\">2024\/05\/14<br \/>\n2024\/06\/01<\/td><td class=\"column-7\">2024<\/td>\n<\/tr>\n<tr class=\"row-10\">\n\t<td class=\"column-1\">ES 65026<br \/>\n<\/td><td class=\"column-2\">r\u016f\u017eov\u00e1<br \/>\r\npink<\/td><td class=\"column-3\">prav\u00e1<br \/>\r\nright<\/td><td class=\"column-4\">15<\/td><td class=\"column-5\">179<\/td><td class=\"column-6\">2024\/05\/17<br \/>\n2024\/06\/01<\/td><td class=\"column-7\">2024<\/td>\n<\/tr>\n<tr class=\"row-11\">\n\t<td class=\"column-1\">ES 65024<br \/>\n<\/td><td class=\"column-2\">modr\u00e1<br \/>\r\nblue<\/td><td class=\"column-3\">prav\u00e1<br \/>\r\nright<\/td><td class=\"column-4\">18<\/td><td class=\"column-5\">219<\/td><td class=\"column-6\">2024\/05\/14<br \/>\n2024\/06\/01<\/td><td class=\"column-7\">2024<\/td>\n<\/tr>\n<tr class=\"row-12\">\n\t<td class=\"column-1\">ES 65023<br \/>\n<\/td><td class=\"column-2\">fialov\u00e1<br \/>\nviolet<\/td><td class=\"column-3\">prav\u00e1<br \/>\r\nright<\/td><td class=\"column-4\">18<\/td><td class=\"column-5\">202<\/td><td class=\"column-6\">2024\/05\/14<br \/>\n2024\/06\/01<\/td><td class=\"column-7\">2024<\/td>\n<\/tr>\n<tr class=\"row-13\">\n\t<td class=\"column-1\">ES 65022<br \/>\n<\/td><td class=\"column-2\">\u017elut\u00e1<br \/>\r\nyellow<\/td><td class=\"column-3\">prav\u00e1<br \/>\r\nright<\/td><td class=\"column-4\">17<\/td><td class=\"column-5\">189<\/td><td class=\"column-6\">2024\/05\/15<br \/>\n2024\/06\/01<\/td><td class=\"column-7\">2024<\/td>\n<\/tr>\n<tr class=\"row-14\">\n\t<td class=\"column-1\">ES 65021<br \/>\n<\/td><td class=\"column-2\">\u010derven\u00e1<br \/>\r\nred<\/td><td class=\"column-3\">prav\u00e1<br \/>\r\nright<\/td><td class=\"column-4\">18<\/td><td class=\"column-5\">207<\/td><td class=\"column-6\">2024\/05\/14<br \/>\n2024\/06\/01<\/td><td class=\"column-7\">2024<\/td>\n<\/tr>\n<tr class=\"row-15\">\n\t<td class=\"column-1\">ES 65025<\/td><td class=\"column-2\">r\u016f\u017eov\u00e1<br \/>\npink<\/td><td class=\"column-3\">lev\u00e1<br \/>\nleft<br \/>\n<\/td><td class=\"column-4\">23<\/td><td class=\"column-5\">209<\/td><td class=\"column-6\">2023\/05\/22<br \/>\n2023\/06\/14<\/td><td class=\"column-7\">2023<\/td>\n<\/tr>\n<tr class=\"row-16\">\n\t<td class=\"column-1\">ES 65020<\/td><td class=\"column-2\">\u010dern\u00e1<br \/>\nblack<\/td><td class=\"column-3\">lev\u00e1<br \/>\nleft<br \/>\n<\/td><td class=\"column-4\">23<\/td><td class=\"column-5\">201<\/td><td class=\"column-6\">2023\/05\/22<br \/>\n2023\/06\/14<\/td><td class=\"column-7\">2023<\/td>\n<\/tr>\n<tr class=\"row-17\">\n\t<td class=\"column-1\">ES 65019<\/td><td class=\"column-2\">\u010derven\u00e1<br \/>\nred<\/td><td class=\"column-3\">lev\u00e1<br \/>\nleft<br \/>\n<\/td><td class=\"column-4\">23<\/td><td class=\"column-5\">239<\/td><td class=\"column-6\">2023\/05\/22<br \/>\n2023\/06\/14<\/td><td class=\"column-7\">2023<\/td>\n<\/tr>\n<tr class=\"row-18\">\n\t<td class=\"column-1\">ES 65018<\/td><td class=\"column-2\">\u017elut\u00e1<br \/>\nyellow<\/td><td class=\"column-3\">lev\u00e1<br \/>\nleft<br \/>\n<\/td><td class=\"column-4\">21<\/td><td class=\"column-5\">217<\/td><td class=\"column-6\">2023\/05\/24<br \/>\n2023\/06\/14<\/td><td class=\"column-7\">2023<\/td>\n<\/tr>\n<tr class=\"row-19\">\n\t<td class=\"column-1\">ES 65017<\/td><td class=\"column-2\">zelen\u00e1<br \/>\ngreen<\/td><td class=\"column-3\">lev\u00e1<br \/>\nleft<br \/>\n<\/td><td class=\"column-4\">23<br \/>\n<\/td><td class=\"column-5\">230<\/td><td class=\"column-6\">2023\/05\/22<br \/>\n2023\/06\/14<\/td><td class=\"column-7\">2023<\/td>\n<\/tr>\n<tr class=\"row-20\">\n\t<td class=\"column-1\">ES 65016<\/td><td class=\"column-2\">modr\u00e1<br \/>\nblue<\/td><td class=\"column-3\">lev\u00e1<br \/>\nleft<br \/>\n<\/td><td class=\"column-4\">23<\/td><td class=\"column-5\">221<\/td><td class=\"column-6\">2023\/05\/22<br \/>\n2023\/06\/14<\/td><td class=\"column-7\">2023<\/td>\n<\/tr>\n<tr class=\"row-21\">\n\t<td class=\"column-1\">ES 65008<\/td><td class=\"column-2\">\u010derven\u00e1<br \/>\nred<\/td><td class=\"column-3\">prav\u00e1<br \/>\nright<\/td><td class=\"column-4\">22<\/td><td class=\"column-5\">199<\/td><td class=\"column-6\">2022\/06\/07<br \/>\n2022\/06\/29<\/td><td class=\"column-7\">2022<\/td>\n<\/tr>\n<tr class=\"row-22\">\n\t<td class=\"column-1\">ES 65007<\/td><td class=\"column-2\">\u017elut\u00e1<br \/>\nyellow<\/td><td class=\"column-3\">prav\u00e1<br \/>\nright<\/td><td class=\"column-4\">22<\/td><td class=\"column-5\">181<\/td><td class=\"column-6\">2022\/06\/07<br \/>\n2022\/06\/29<\/td><td class=\"column-7\">2022<\/td>\n<\/tr>\n<tr class=\"row-23\">\n\t<td class=\"column-1\">ES 65006<\/td><td class=\"column-2\">zelen\u00e1<br \/>\ngreen<\/td><td class=\"column-3\">prav\u00e1<br \/>\nright<\/td><td class=\"column-4\">18<\/td><td class=\"column-5\">195<\/td><td class=\"column-6\">2022\/06\/07<br \/>\n2022\/06\/11<\/td><td class=\"column-7\">2022<\/td>\n<\/tr>\n<tr class=\"row-24\">\n\t<td class=\"column-1\">ES 65005<\/td><td class=\"column-2\">modr\u00e1<br \/>\nblue<\/td><td class=\"column-3\">prav\u00e1<br \/>\nright<\/td><td class=\"column-4\">22<\/td><td class=\"column-5\">237<\/td><td class=\"column-6\">2022\/06\/07<br \/>\n2022\/06\/29<\/td><td class=\"column-7\">2022<\/td>\n<\/tr>\n<tr class=\"row-25\">\n\t<td class=\"column-1\">ES 65004<\/td><td class=\"column-2\">\u010dern\u00e1<br \/>\nblack<\/td><td class=\"column-3\">lev\u00e1<br \/>\nleft<\/td><td class=\"column-4\">18<\/td><td class=\"column-5\">205<\/td><td class=\"column-6\">2021\/05\/30<br \/>\n2021\/06\/17<\/td><td class=\"column-7\">2021<\/td>\n<\/tr>\n<tr class=\"row-26\">\n\t<td class=\"column-1\">ES 65003<\/td><td class=\"column-2\">\u017elut\u00e1<br \/>\nyellow<\/td><td class=\"column-3\">lev\u00e1<br \/>\nleft<\/td><td class=\"column-4\">17<\/td><td class=\"column-5\">193<\/td><td class=\"column-6\">2021\/05\/31<br \/>\n2021\/06\/17<\/td><td class=\"column-7\">2021<\/td>\n<\/tr>\n<tr class=\"row-27\">\n\t<td class=\"column-1\">ES 65002<\/td><td class=\"column-2\">modr\u00e1<br \/>\nblue<\/td><td class=\"column-3\">lev\u00e1<br \/>\nleft<\/td><td class=\"column-4\">19<\/td><td class=\"column-5\">247<\/td><td class=\"column-6\">2021\/05\/29<br \/>\n2021\/06\/17<\/td><td class=\"column-7\">2021<\/td>\n<\/tr>\n<tr class=\"row-28\">\n\t<td class=\"column-1\">ES 65001<\/td><td class=\"column-2\">r\u016f\u017eov\u00e1<br \/>\npink<\/td><td class=\"column-3\">lev\u00e1<br \/>\nleft<\/td><td class=\"column-4\">17<\/td><td class=\"column-5\">195<\/td><td class=\"column-6\">2021\/05\/31<br \/>\n2021\/06\/17<\/td><td class=\"column-7\">2021<\/td>\n<\/tr>\n<tr class=\"row-29\">\n\t<td class=\"column-1\">ES 48997<\/td><td class=\"column-2\">-<br \/>\n-<\/td><td class=\"column-3\">prav\u00e1<br \/>\nright<\/td><td class=\"column-4\">21<\/td><td class=\"column-5\">244<\/td><td class=\"column-6\">2020\/05\/26<br \/>\n2020\/06\/16<\/td><td class=\"column-7\">2020<\/td>\n<\/tr>\n<tr class=\"row-30\">\n\t<td class=\"column-1\">ES 48996<\/td><td class=\"column-2\">modr\u00e1<br \/>\nblue<\/td><td class=\"column-3\">prav\u00e1<br \/>\nright<\/td><td class=\"column-4\">19<\/td><td class=\"column-5\">230<\/td><td class=\"column-6\">2020\/05\/28<br \/>\n2020\/06\/16<\/td><td class=\"column-7\">2020<\/td>\n<\/tr>\n<tr class=\"row-31\">\n\t<td class=\"column-1\">ES 48995<\/td><td class=\"column-2\">\u017elut\u00e1<br \/>\nyellow<\/td><td class=\"column-3\">prav\u00e1<br \/>\nright<\/td><td class=\"column-4\">20<\/td><td class=\"column-5\">228<\/td><td class=\"column-6\">2020\/05\/27<br \/>\n2020\/06\/16<\/td><td class=\"column-7\">2020<\/td>\n<\/tr>\n<tr class=\"row-32\">\n\t<td class=\"column-1\">ES 48994<\/td><td class=\"column-2\">r\u016f\u017eov\u00e1\/modr\u00e1<br \/>\npink\/blue<\/td><td class=\"column-3\">prav\u00e1<br \/>\nright<\/td><td class=\"column-4\">21<\/td><td class=\"column-5\">248<\/td><td class=\"column-6\">2020\/05\/26<br \/>\n2020\/06\/16<\/td><td class=\"column-7\">2020<\/td>\n<\/tr>\n<tr class=\"row-33\">\n\t<td class=\"column-1\">ES 48993<\/td><td class=\"column-2\">\u010derven\u00e1<br \/>\nred<\/td><td class=\"column-3\">prav\u00e1<br \/>\nright<\/td><td class=\"column-4\">17<\/td><td class=\"column-5\">187<\/td><td class=\"column-6\">2020\/05\/30<br \/>\n2020\/06\/16<\/td><td class=\"column-7\">2020<\/td>\n<\/tr>\n<tr class=\"row-34\">\n\t<td class=\"column-1\">ES 48992<\/td><td class=\"column-2\">\u010dern\u00e1<br \/>\nblack<\/td><td class=\"column-3\">prav\u00e1<br \/>\nright<\/td><td class=\"column-4\">15<\/td><td class=\"column-5\">185<\/td><td class=\"column-6\">2020\/06\/01<br \/>\n2020\/06\/16<\/td><td class=\"column-7\">2020<\/td>\n<\/tr>\n<tr class=\"row-35\">\n\t<td class=\"column-1\">ES 48986<\/td><td class=\"column-2\">r\u016f\u017eov\u00e1<br \/>\npink<\/td><td class=\"column-3\">lev\u00e1<br \/>\nleft<\/td><td class=\"column-4\">21<\/td><td class=\"column-5\">197<\/td><td class=\"column-6\">2019\/06\/01<br \/>\n2019\/06\/22<\/td><td class=\"column-7\">2019<\/td>\n<\/tr>\n<tr class=\"row-36\">\n\t<td class=\"column-1\">ES 48988<\/td><td class=\"column-2\">\u010dern\u00e1<br \/>\nblack<\/td><td class=\"column-3\">lev\u00e1<br \/>\nleft<\/td><td class=\"column-4\">22<\/td><td class=\"column-5\">236<\/td><td class=\"column-6\">2019\/05\/31<br \/>\n2019\/06\/22<\/td><td class=\"column-7\">2019<\/td>\n<\/tr>\n<tr class=\"row-37\">\n\t<td class=\"column-1\">ES 48987<\/td><td class=\"column-2\">modr\u00e1<br \/>\nblue<\/td><td class=\"column-3\">lev\u00e1<br \/>\nleft<\/td><td class=\"column-4\">22<\/td><td class=\"column-5\">245<\/td><td class=\"column-6\">2019\/05\/31<br \/>\n2019\/06\/22<\/td><td class=\"column-7\">2019<\/td>\n<\/tr>\n<tr class=\"row-38\">\n\t<td class=\"column-1\">ES 48984<\/td><td class=\"column-2\">modr\u00e1<br \/>\nblue<\/td><td class=\"column-3\">prav\u00e1<br \/>\nright<\/td><td class=\"column-4\">18<\/td><td class=\"column-5\">122<\/td><td class=\"column-6\">2018\/06\/16<br \/>\n2018\/07\/04<\/td><td class=\"column-7\">2018<\/td>\n<\/tr>\n<tr class=\"row-39\">\n\t<td class=\"column-1\">ES 48983<\/td><td class=\"column-2\">zelen\u00e1<br \/>\ngreen<\/td><td class=\"column-3\">prav\u00e1<br \/>\nright<\/td><td class=\"column-4\">20<\/td><td class=\"column-5\">181<\/td><td class=\"column-6\">2018\/06\/14<br \/>\n2018\/07\/04<\/td><td class=\"column-7\">2018<\/td>\n<\/tr>\n<tr class=\"row-40\">\n\t<td class=\"column-1\">ES 48982<\/td><td class=\"column-2\">\u010derven\u00e1<br \/>\nred<\/td><td class=\"column-3\">prav\u00e1<br \/>\nright<\/td><td class=\"column-4\">21<\/td><td class=\"column-5\">195<\/td><td class=\"column-6\">2018\/06\/13<br \/>\n2018\/07\/04<\/td><td class=\"column-7\">2018<\/td>\n<\/tr>\n<tr class=\"row-41\">\n\t<td class=\"column-1\">ES 48985<\/td><td class=\"column-2\">\u010dern\u00e1<br \/>\nblack<\/td><td class=\"column-3\">prav\u00e1<br \/>\nright<\/td><td class=\"column-4\">21<\/td><td class=\"column-5\">196<\/td><td class=\"column-6\">2018\/06\/13<br \/>\n2018\/07\/04<\/td><td class=\"column-7\">2018<\/td>\n<\/tr>\n<\/tbody>\n<tfoot>\n<tr class=\"row-42\">\n\t<td class=\"column-1\"><\/td><td class=\"column-2\"><\/td><td class=\"column-3\"><\/td><td class=\"column-4\"><\/td><td class=\"column-5\"><\/td><td class=\"column-6\"><\/td><td class=\"column-7\"><\/td>\n<\/tr>\n<\/tfoot>\n<\/table>\n\n<h5 id=\"zp\u011btn\u00e1-hl\u00e1\u0161en\u00ed\">Bagues rapport\u00e9s<\/h5>\n\n<table id=\"tablepress-11\" class=\"tablepress tablepress-id-11\">\n<thead>\n<tr class=\"row-1\">\n\t<th class=\"column-1\">\u010c\u00edslo<br \/>\r\nNumber<\/th><th class=\"column-2\">Pohlav\u00ed<br \/>\nSex<br \/>\n<\/th><th class=\"column-3\">V\u011bk (dn\u00ed)<br \/>\r\nAge (days)<\/th><th class=\"column-4\">Sou\u0159adnice<br \/>\nCoordinates<br \/>\n<br \/>\nVz\u00e1lenost<br \/>\nDistance<br \/>\n(km)<\/th><th class=\"column-5\">Zp\u011btn\u00fd odchyt<br \/>\nRecapture<\/th><th class=\"column-6\">Zpr\u00e1va<br \/>\nReport<\/th>\n<\/tr>\n<\/thead>\n<tbody class=\"row-striping row-hover\">\n<tr class=\"row-2\">\n\t<td class=\"column-1\"><a href=\"https:\/\/tinnunculus.sy-sy.cz\/index.php\/krouzkovani\/?table_filter=ES%2065016\" rel=\"noopener\" target=\"_blank\">ES 65016<\/a><\/td><td class=\"column-2\">U<\/td><td class=\"column-3\">72<\/td><td class=\"column-4\"><a href=\"https:\/\/maps.app.goo.gl\/aPqVCcGkMx9VNBXy9\" rel=\"noopener\" target=\"_blank\">49\u00b014'45.2\"N 16\u00b035'10.4\"E<\/a><br \/>\n<br \/>\n6,78<\/td><td class=\"column-5\">2023\/08\/02<\/td><td class=\"column-6\"><a href=\"https:\/\/tinnunculus.sy-sy.cz\/wp-content\/uploads\/2024\/02\/CZP_ES65016.pdf\" rel=\"noopener\" target=\"_blank\">CZP_ES65016.pdf<\/a><\/td>\n<\/tr>\n<tr class=\"row-3\">\n\t<td class=\"column-1\"><a href=\"https:\/\/tinnunculus.sy-sy.cz\/index.php\/krouzkovani\/?table_filter=ES%2065004\" rel=\"noopener\" target=\"_blank\">ES 65004<\/a><\/td><td class=\"column-2\">M<\/td><td class=\"column-3\">676<\/td><td class=\"column-4\"><a href=\"https:\/\/goo.gl\/maps\/ZSdfeNMLD2YwcdyG8\" rel=\"noopener\" target=\"_blank\">49\u00b013'3\"N 16\u00b030'12,92\"E<\/a><br \/>\n<br \/>\n1,52<\/td><td class=\"column-5\">2023\/04\/06<\/td><td class=\"column-6\"><a href=\"https:\/\/tinnunculus.sy-sy.cz\/wp-content\/uploads\/2023\/04\/CZP_ES65004.pdf\" rel=\"noopener\" target=\"_blank\">CZP_ES65004.pdf<\/a><\/td>\n<\/tr>\n<\/tbody>\n<\/table>\n<!-- #tablepress-11 from cache -->\n","protected":false},"excerpt":{"rendered":"<p>Bagues rapport\u00e9s<\/p>\n","protected":false},"author":2,"featured_media":0,"parent":860,"menu_order":4,"comment_status":"closed","ping_status":"closed","template":"","meta":{"jetpack_post_was_ever_published":false,"footnotes":""},"categories":[],"tags":[],"class_list":["post-13119","page","type-page","status-publish","hentry"],"jetpack_shortlink":"https:\/\/wp.me\/P91gKE-3pB","jetpack-related-posts":[{"id":37406,"url":"https:\/\/tinnunculus.sy-sy.cz\/index.php\/fr\/oiseaux-en-direct\/codes-des-pays\/","url_meta":{"origin":13119,"position":0},"title":"Codes des pays","author":"Zuzana Syrov\u00e1 An\u00fd\u017eov\u00e1","date":"13\/08\/2024","format":false,"excerpt":"Mis \u00e0 jour Codes des noms de pays - ISO 3166","rel":"","context":"Podobn\u00fd p\u0159\u00edsp\u011bvek","block_context":{"text":"Podobn\u00fd p\u0159\u00edsp\u011bvek","link":""},"img":{"alt_text":"","src":"","width":0,"height":0},"classes":[]},{"id":37076,"url":"https:\/\/tinnunculus.sy-sy.cz\/index.php\/fr\/nos-crecerelles-online\/nos-webcams\/liste-des-cameras\/","url_meta":{"origin":13119,"position":1},"title":"Liste des cam\u00e9ras","author":"Zuzana Syrov\u00e1 An\u00fd\u017eov\u00e1","date":"23\/07\/2024","format":false,"excerpt":"Mis \u00e0 jour Balcon de cr\u00e9cerelles \u2194 Martinets \u2194 Fen\u00eatre de cr\u00e9cerelles \u2194 Tout \u2190\u00a0Nos webcams \u2190\u00a0YouTube Live","rel":"","context":"Podobn\u00fd p\u0159\u00edsp\u011bvek","block_context":{"text":"Podobn\u00fd p\u0159\u00edsp\u011bvek","link":""},"img":{"alt_text":"","src":"","width":0,"height":0},"classes":[]},{"id":860,"url":"https:\/\/tinnunculus.sy-sy.cz\/index.php\/fr\/faucons-crecerelle\/","url_meta":{"origin":13119,"position":2},"title":"Faucons cr\u00e9cerelle saisons","author":"Zuzana Syrov\u00e1 An\u00fd\u017eov\u00e1","date":"04\/08\/2017","format":false,"excerpt":"2007 5 + 1 oeufs pondus (avant 2007\/05\/10). 5 petits n\u00e9s (2007\/06\/03 quatre; 2007\/06\/04 5\u00e8me). 5 petits envol\u00e9s. 2008 5 oeufs pondus (2008\/05\/05\u20142008\/05\/14). 0 petit n\u00e9. \u00a0les parents ont mang\u00e9 les 5 oeufs (2008\/06\/09\u20142008\/06\/23). 2009 4 oeufs pondus (2009\/04\/24\u20142009\/05\/01). 3 petits n\u00e9s (2009\/05\/27\u20142009\/05\/28). 3 petits envol\u00e9s (2009\/06\/24 deux, dont un\u2026","rel":"","context":"V \u201e\"Nos\" cr\u00e9cerelles\u201c","block_context":{"text":"\"Nos\" cr\u00e9cerelles","link":"https:\/\/tinnunculus.sy-sy.cz\/index.php\/fr\/category\/locataires-et-visiteurs\/nos-crecerelles\/"},"img":{"alt_text":"Vlajka \u010cesk\u00e9 republiky","src":"https:\/\/i0.wp.com\/statni.vlajky.org\/32\/ceska_republika.png?resize=350%2C200","width":350,"height":200},"classes":[]},{"id":10008,"url":"https:\/\/tinnunculus.sy-sy.cz\/index.php\/fr\/oiseaux-en-direct\/apus-apus-online\/","url_meta":{"origin":13119,"position":3},"title":"Apus apus online","author":"Zuzana Syrov\u00e1 An\u00fd\u017eov\u00e1","date":"10\/12\/2019","format":false,"excerpt":"Mis \u00e0 jour Termes tch\u00e8ques: lokalita = localisation, localit\u00e9 kamera = cam\u00e9ra Abr\u00e9viations: on+ cam\u00e9ra on-line on- cam\u00e9ra on-line,\u00a0mais un autre genre d'oiseau off\u00a0 cam\u00e9ra off-line Le tableau montre la derni\u00e8re ann\u00e9e au cours de laquelle les martinets ont nich\u00e9 avec succ\u00e8s ou sans succ\u00e8s dans la localit\u00e9. Codes des\u2026","rel":"","context":"Podobn\u00fd p\u0159\u00edsp\u011bvek","block_context":{"text":"Podobn\u00fd p\u0159\u00edsp\u011bvek","link":""},"img":{"alt_text":"","src":"","width":0,"height":0},"classes":[]},{"id":9963,"url":"https:\/\/tinnunculus.sy-sy.cz\/index.php\/fr\/oiseaux-en-direct\/falco-tinnunculus-online-2\/","url_meta":{"origin":13119,"position":4},"title":"Falco tinnunculus online","author":"Zuzana Syrov\u00e1 An\u00fd\u017eov\u00e1","date":"10\/12\/2019","format":false,"excerpt":"Mis \u00e0 jour Termes tch\u00e8ques: lokalita = localisation, localit\u00e9 kamera = cam\u00e9ra Abr\u00e9viations: on+ cam\u00e9ra on-line on- cam\u00e9ra on-line,\u00a0mais un autre genre d'oiseau off\u00a0 cam\u00e9ra off-line Le tableau montre la derni\u00e8re ann\u00e9e au cours de laquelle les cr\u00e9cerelles ont nich\u00e9 avec succ\u00e8s ou sans succ\u00e8s dans la localit\u00e9. Codes des\u2026","rel":"","context":"Podobn\u00fd p\u0159\u00edsp\u011bvek","block_context":{"text":"Podobn\u00fd p\u0159\u00edsp\u011bvek","link":""},"img":{"alt_text":"","src":"","width":0,"height":0},"classes":[]},{"id":22152,"url":"https:\/\/tinnunculus.sy-sy.cz\/index.php\/fr\/nos-crecerelles-online\/nos-webcams\/liste-des-cameras\/camera-4\/4-balcon-aux-crecerelles\/","url_meta":{"origin":13119,"position":5},"title":"4 \u00a6 Balcon aux cr\u00e9cerelles","author":"Zuzana Syrov\u00e1 An\u00fd\u017eov\u00e1","date":"02\/05\/2023","format":false,"excerpt":"0\u00a6\u00a01\u00a6\u00a02\u00a6\u00a03\u00a6 5\u00a6\u00a06\u00a6\u00a07\u00a6\u00a08\u00a6\u00a09\u00a6\u00a010\u00a6\u00a011\u00a6\u00a012\u00a6\u00a013\u00a6\u00a014\u00a6\u00a015\u00a6\u00a016\u00a6\u00a017\u00a6\u00a018\u00a6 19\u00a6 20\u00a6 \u00a0","rel":"","context":"V \u201e\"Nos\" cr\u00e9cerelles\u201c","block_context":{"text":"\"Nos\" cr\u00e9cerelles","link":"https:\/\/tinnunculus.sy-sy.cz\/index.php\/fr\/category\/locataires-et-visiteurs\/nos-crecerelles\/"},"img":{"alt_text":"Camera 4","src":"https:\/\/sy-sy.cz\/cam\/webapi\/entry.cgi?api=SYNO.SurveillanceStation.Stream.VideoStreaming&version=1&method=Stream&format=mjpeg&cameraId=57&StmKey=%2263717454524c2eeb1cb8df9eef366ccb%22","width":350,"height":200,"srcset":"https:\/\/sy-sy.cz\/cam\/webapi\/entry.cgi?api=SYNO.SurveillanceStation.Stream.VideoStreaming&version=1&method=Stream&format=mjpeg&cameraId=57&StmKey=%2263717454524c2eeb1cb8df9eef366ccb%22 1x, https:\/\/sy-sy.cz\/cam\/webapi\/entry.cgi?api=SYNO.SurveillanceStation.Stream.VideoStreaming&version=1&method=Stream&format=mjpeg&cameraId=57&StmKey=%2263717454524c2eeb1cb8df9eef366ccb%22 1.5x, https:\/\/sy-sy.cz\/cam\/webapi\/entry.cgi?api=SYNO.SurveillanceStation.Stream.VideoStreaming&version=1&method=Stream&format=mjpeg&cameraId=57&StmKey=%2263717454524c2eeb1cb8df9eef366ccb%22 2x, https:\/\/sy-sy.cz\/cam\/webapi\/entry.cgi?api=SYNO.SurveillanceStation.Stream.VideoStreaming&version=1&method=Stream&format=mjpeg&cameraId=57&StmKey=%2263717454524c2eeb1cb8df9eef366ccb%22 3x"},"classes":[]}],"jetpack_sharing_enabled":true,"_links":{"self":[{"href":"https:\/\/tinnunculus.sy-sy.cz\/index.php\/wp-json\/wp\/v2\/pages\/13119","targetHints":{"allow":["GET"]}}],"collection":[{"href":"https:\/\/tinnunculus.sy-sy.cz\/index.php\/wp-json\/wp\/v2\/pages"}],"about":[{"href":"https:\/\/tinnunculus.sy-sy.cz\/index.php\/wp-json\/wp\/v2\/types\/page"}],"author":[{"embeddable":true,"href":"https:\/\/tinnunculus.sy-sy.cz\/index.php\/wp-json\/wp\/v2\/users\/2"}],"replies":[{"embeddable":true,"href":"https:\/\/tinnunculus.sy-sy.cz\/index.php\/wp-json\/wp\/v2\/comments?post=13119"}],"version-history":[{"count":1,"href":"https:\/\/tinnunculus.sy-sy.cz\/index.php\/wp-json\/wp\/v2\/pages\/13119\/revisions"}],"predecessor-version":[{"id":37491,"href":"https:\/\/tinnunculus.sy-sy.cz\/index.php\/wp-json\/wp\/v2\/pages\/13119\/revisions\/37491"}],"up":[{"embeddable":true,"href":"https:\/\/tinnunculus.sy-sy.cz\/index.php\/wp-json\/wp\/v2\/pages\/860"}],"wp:attachment":[{"href":"https:\/\/tinnunculus.sy-sy.cz\/index.php\/wp-json\/wp\/v2\/media?parent=13119"}],"wp:term":[{"taxonomy":"category","embeddable":true,"href":"https:\/\/tinnunculus.sy-sy.cz\/index.php\/wp-json\/wp\/v2\/categories?post=13119"},{"taxonomy":"post_tag","embeddable":true,"href":"https:\/\/tinnunculus.sy-sy.cz\/index.php\/wp-json\/wp\/v2\/tags?post=13119"}],"curies":[{"name":"wp","href":"https:\/\/api.w.org\/{rel}","templated":true}]}}