{"id":12894,"date":"2020-05-30T20:32:05","date_gmt":"2020-05-30T18:32:05","guid":{"rendered":"https:\/\/tinnunculus.sy-sy.cz\/?page_id=12894"},"modified":"2025-03-15T09:48:38","modified_gmt":"2025-03-15T08:48:38","slug":"von-maeusen-und-turmfalken","status":"publish","type":"page","link":"https:\/\/tinnunculus.sy-sy.cz\/index.php\/de\/von-maeusen-und-turmfalken\/","title":{"rendered":"Von M\u00e4usen und Turmfalken"},"content":{"rendered":"<p>Tut uns leid, dieser Inhalt wurde noch nicht in Deutsch \u00fcbersetzt.<br \/>\nLies die <a href=\"http:\/\/tinnunculus.sy-sy.cz\/index.php\/en\/online\/\">Version auf Englisch<\/a>.<\/p>\n","protected":false},"excerpt":{"rendered":"<p>Tut uns leid, dieser Inhalt wurde noch nicht in Deutsch \u00fcbersetzt. Lies die Version auf Englisch.<\/p>\n","protected":false},"author":2,"featured_media":443,"parent":0,"menu_order":0,"comment_status":"closed","ping_status":"closed","template":"","meta":{"jetpack_post_was_ever_published":false,"footnotes":""},"categories":[1133,1131,1147,887,1201,1195,1273,1155,1267,766,1143],"tags":[1260,1254,750],"class_list":["post-12894","page","type-page","status-publish","has-post-thumbnail","hentry","category-unsere-mauersegler","category-unsere-turmfalken","category-andere-mieter-und-besucher","category-falke","category-hausmaus","category-mauersegler-de","category-maus","category-mieter-und-besucher","category-segler","category-turmfalke","category-unsere-maeusen","tag-mauersegler","tag-maus","tag-turmfalke-de"],"jetpack_shortlink":"https:\/\/wp.me\/P91gKE-3lY","jetpack-related-posts":[{"id":38526,"url":"https:\/\/tinnunculus.sy-sy.cz\/index.php\/de\/maeusen\/tabellenuebersicht-unserer-maeuse\/","url_meta":{"origin":12894,"position":0},"title":"Tabellen\u00fcbersicht unserer M\u00e4use","author":"Zuzana Syrov\u00e1 An\u00fd\u017eov\u00e1","date":"16\/12\/2024","format":false,"excerpt":"Tut uns leid, dieser Inhalt wurde noch nicht in Deutsch \u00fcbersetzt. Lies die\u00a0Version auf Englisch. M\u00e4usen","rel":"","context":"V \u201eMieter und Besucher\u201c","block_context":{"text":"Mieter und Besucher","link":"https:\/\/tinnunculus.sy-sy.cz\/index.php\/de\/category\/mieter-und-besucher\/"},"img":{"alt_text":"","src":"","width":0,"height":0},"classes":[]},{"id":19803,"url":"https:\/\/tinnunculus.sy-sy.cz\/index.php\/de\/unsere-turmfalken-online\/unsere-webcams\/kameraliste\/kamera-10\/kamera-10-mauersegler\/","url_meta":{"origin":12894,"position":1},"title":"10 \u00a6 Mauersegler Nistkasten","author":"Zuzana Syrov\u00e1 An\u00fd\u017eov\u00e1","date":"07\/08\/2022","format":false,"excerpt":"\u00a010\u00a6 10A\u00a6 11\u00a6 \u00a0 \u2190\u00a0Unsere Webcams \u2190 AXIS Live \u00a6\u00a0 YouTube Live","rel":"","context":"V \u201e\"Unsere\" Mauersegler\u201c","block_context":{"text":"\"Unsere\" Mauersegler","link":"https:\/\/tinnunculus.sy-sy.cz\/index.php\/de\/category\/mieter-und-besucher\/unsere-mauersegler\/"},"img":{"alt_text":"Camera 4","src":"https:\/\/sy-sy.cz\/cam\/webapi\/entry.cgi?api=SYNO.SurveillanceStation.Stream.VideoStreaming&version=1&method=Stream&format=mjpeg&cameraId=66&StmKey=%22a3020304e0596f25f91b755831413792%22","width":350,"height":200,"srcset":"https:\/\/sy-sy.cz\/cam\/webapi\/entry.cgi?api=SYNO.SurveillanceStation.Stream.VideoStreaming&version=1&method=Stream&format=mjpeg&cameraId=66&StmKey=%22a3020304e0596f25f91b755831413792%22 1x, https:\/\/sy-sy.cz\/cam\/webapi\/entry.cgi?api=SYNO.SurveillanceStation.Stream.VideoStreaming&version=1&method=Stream&format=mjpeg&cameraId=66&StmKey=%22a3020304e0596f25f91b755831413792%22 1.5x, https:\/\/sy-sy.cz\/cam\/webapi\/entry.cgi?api=SYNO.SurveillanceStation.Stream.VideoStreaming&version=1&method=Stream&format=mjpeg&cameraId=66&StmKey=%22a3020304e0596f25f91b755831413792%22 2x, https:\/\/sy-sy.cz\/cam\/webapi\/entry.cgi?api=SYNO.SurveillanceStation.Stream.VideoStreaming&version=1&method=Stream&format=mjpeg&cameraId=66&StmKey=%22a3020304e0596f25f91b755831413792%22 3x"},"classes":[]},{"id":9949,"url":"https:\/\/tinnunculus.sy-sy.cz\/index.php\/de\/unsere-turmfalken-online\/","url_meta":{"origin":12894,"position":2},"title":"&#8222;Unsere&#8220; Turmfalken online","author":"Zuzana Syrov\u00e1 An\u00fd\u017eov\u00e1","date":"10\/12\/2019","format":false,"excerpt":"0\u00a6\u00a01\u00a6\u00a02\u00a6\u00a03\u00a6\u00a04\u00a6\u00a05\u00a6\u00a06\u00a6\u00a07\u00a6\u00a08\u00a6\u00a09\u00a6 12\u00a6\u00a013\u00a6\u00a014\u00a6\u00a015\u00a6\u00a016\u00a6\u00a017\u00a6\u00a018\u00a6\u00a019\u00a6\u00a020\u00a6 10\u00a6\u00a0 11\u00a6 21\u00a6 \u00a0 Tut uns leid, dieser Inhalt wurde noch nicht in Deutsch \u00fcbersetzt. Lies die Version auf Englisch. Kameraliste Live vom Turmfalkenbalkon\u00a0\u00a6\u00a0von den Mauerseglerk\u00e4sten\u00a0\u00a6\u00a0vom Turmfalkenfenster YouTube-Live","rel":"","context":"V \u201e\"Unsere\" Mauersegler\u201c","block_context":{"text":"\"Unsere\" Mauersegler","link":"https:\/\/tinnunculus.sy-sy.cz\/index.php\/de\/category\/mieter-und-besucher\/unsere-mauersegler\/"},"img":{"alt_text":"Camera 1","src":"https:\/\/sy-sy.cz\/cam\/webapi\/entry.cgi?api=SYNO.SurveillanceStation.Stream.VideoStreaming&version=1&method=Stream&format=mjpeg&cameraId=2&StmKey=%229853f85e3f00a090389e5f3da7058a2c%22","width":350,"height":200,"srcset":"https:\/\/sy-sy.cz\/cam\/webapi\/entry.cgi?api=SYNO.SurveillanceStation.Stream.VideoStreaming&version=1&method=Stream&format=mjpeg&cameraId=2&StmKey=%229853f85e3f00a090389e5f3da7058a2c%22 1x, https:\/\/sy-sy.cz\/cam\/webapi\/entry.cgi?api=SYNO.SurveillanceStation.Stream.VideoStreaming&version=1&method=Stream&format=mjpeg&cameraId=2&StmKey=%229853f85e3f00a090389e5f3da7058a2c%22 1.5x, https:\/\/sy-sy.cz\/cam\/webapi\/entry.cgi?api=SYNO.SurveillanceStation.Stream.VideoStreaming&version=1&method=Stream&format=mjpeg&cameraId=2&StmKey=%229853f85e3f00a090389e5f3da7058a2c%22 2x, https:\/\/sy-sy.cz\/cam\/webapi\/entry.cgi?api=SYNO.SurveillanceStation.Stream.VideoStreaming&version=1&method=Stream&format=mjpeg&cameraId=2&StmKey=%229853f85e3f00a090389e5f3da7058a2c%22 3x, https:\/\/sy-sy.cz\/cam\/webapi\/entry.cgi?api=SYNO.SurveillanceStation.Stream.VideoStreaming&version=1&method=Stream&format=mjpeg&cameraId=2&StmKey=%229853f85e3f00a090389e5f3da7058a2c%22 4x"},"classes":[]},{"id":19653,"url":"https:\/\/tinnunculus.sy-sy.cz\/index.php\/de\/unsere-turmfalken-online\/unsere-webcams\/kameraliste\/kamera-10\/","url_meta":{"origin":12894,"position":3},"title":"Kamera 10","author":"Zuzana Syrov\u00e1 An\u00fd\u017eov\u00e1","date":"06\/08\/2022","format":false,"excerpt":"0\u00a6\u00a01\u00a6\u00a02\u00a6\u00a03\u00a6\u00a04\u00a6\u00a05\u00a6\u00a06\u00a6\u00a07\u00a6\u00a08\u00a6\u00a09\u00a6 12\u00a6\u00a013\u00a6\u00a014\u00a6\u00a015\u00a6\u00a016\u00a6\u00a017\u00a6\u00a018\u00a6\u00a019\u00a6\u00a020\u00a6 10\u00a6\u00a0 11\u00a6 21\u00a6 \u00a0 \u2190\u00a0Unsere Webcams","rel":"","context":"V \u201e\"Unsere\" Mauersegler\u201c","block_context":{"text":"\"Unsere\" Mauersegler","link":"https:\/\/tinnunculus.sy-sy.cz\/index.php\/de\/category\/mieter-und-besucher\/unsere-mauersegler\/"},"img":{"alt_text":"Camera 10","src":"https:\/\/sy-sy.cz\/cam\/webapi\/entry.cgi?api=SYNO.SurveillanceStation.Stream.VideoStreaming&version=1&method=Stream&format=mjpeg&cameraId=68&StmKey=%223b0e33926c7c75440d585f053d8e3021%22","width":350,"height":200,"srcset":"https:\/\/sy-sy.cz\/cam\/webapi\/entry.cgi?api=SYNO.SurveillanceStation.Stream.VideoStreaming&version=1&method=Stream&format=mjpeg&cameraId=68&StmKey=%223b0e33926c7c75440d585f053d8e3021%22 1x, https:\/\/sy-sy.cz\/cam\/webapi\/entry.cgi?api=SYNO.SurveillanceStation.Stream.VideoStreaming&version=1&method=Stream&format=mjpeg&cameraId=68&StmKey=%223b0e33926c7c75440d585f053d8e3021%22 1.5x, https:\/\/sy-sy.cz\/cam\/webapi\/entry.cgi?api=SYNO.SurveillanceStation.Stream.VideoStreaming&version=1&method=Stream&format=mjpeg&cameraId=68&StmKey=%223b0e33926c7c75440d585f053d8e3021%22 2x"},"classes":[]},{"id":19659,"url":"https:\/\/tinnunculus.sy-sy.cz\/index.php\/de\/unsere-turmfalken-online\/unsere-webcams\/kameraliste\/kamera-11\/","url_meta":{"origin":12894,"position":4},"title":"Kamera 11","author":"Zuzana Syrov\u00e1 An\u00fd\u017eov\u00e1","date":"06\/08\/2022","format":false,"excerpt":"0\u00a6\u00a01\u00a6\u00a02\u00a6\u00a03\u00a6\u00a04\u00a6\u00a05\u00a6\u00a06\u00a6\u00a07\u00a6\u00a08\u00a6\u00a09\u00a6 12\u00a6\u00a013\u00a6\u00a014\u00a6\u00a015\u00a6\u00a016\u00a6\u00a017\u00a6\u00a018\u00a6\u00a019\u00a6\u00a020\u00a6 10\u00a6\u00a0 11\u00a6 21\u00a6 \u00a0 \u2190\u00a0Unsere Webcams","rel":"","context":"V \u201e\"Unsere\" Mauersegler\u201c","block_context":{"text":"\"Unsere\" Mauersegler","link":"https:\/\/tinnunculus.sy-sy.cz\/index.php\/de\/category\/mieter-und-besucher\/unsere-mauersegler\/"},"img":{"alt_text":"Camera 11","src":"https:\/\/sy-sy.cz\/cam\/webapi\/entry.cgi?api=SYNO.SurveillanceStation.Stream.VideoStreaming&version=1&method=Stream&format=mjpeg&cameraId=15&StmKey=%221e8c7aaae0f8b26af37d5c517fb1951e%22","width":350,"height":200,"srcset":"https:\/\/sy-sy.cz\/cam\/webapi\/entry.cgi?api=SYNO.SurveillanceStation.Stream.VideoStreaming&version=1&method=Stream&format=mjpeg&cameraId=15&StmKey=%221e8c7aaae0f8b26af37d5c517fb1951e%22 1x, https:\/\/sy-sy.cz\/cam\/webapi\/entry.cgi?api=SYNO.SurveillanceStation.Stream.VideoStreaming&version=1&method=Stream&format=mjpeg&cameraId=15&StmKey=%221e8c7aaae0f8b26af37d5c517fb1951e%22 1.5x"},"classes":[]},{"id":19585,"url":"https:\/\/tinnunculus.sy-sy.cz\/index.php\/de\/unsere-turmfalken-online\/unsere-webcams\/kameraliste\/kamera-0\/","url_meta":{"origin":12894,"position":5},"title":"Kamera 0","author":"Zuzana Syrov\u00e1 An\u00fd\u017eov\u00e1","date":"06\/08\/2022","format":false,"excerpt":"0\u00a6\u00a01\u00a6\u00a02\u00a6\u00a03\u00a6\u00a04\u00a6\u00a05\u00a6\u00a06\u00a6\u00a07\u00a6\u00a08\u00a6\u00a09\u00a6 12\u00a6\u00a013\u00a6\u00a014\u00a6\u00a015\u00a6\u00a016\u00a6\u00a017\u00a6\u00a018\u00a6\u00a019\u00a6\u00a020\u00a6 10\u00a6\u00a0 11\u00a6 21\u00a6 \u00a0 \u2190 Unsere Webcams \u2190 YouTube Live","rel":"","context":"V \u201e\"Unsere\" Mauersegler\u201c","block_context":{"text":"\"Unsere\" Mauersegler","link":"https:\/\/tinnunculus.sy-sy.cz\/index.php\/de\/category\/mieter-und-besucher\/unsere-mauersegler\/"},"img":{"alt_text":"Camera 0","src":"https:\/\/sy-sy.cz\/cam\/webapi\/entry.cgi?api=SYNO.SurveillanceStation.Stream.VideoStreaming&version=1&method=Stream&format=mjpeg&cameraId=13&StmKey=%22ac1448ccf8a202070f6354b40b1be6f6%22","width":350,"height":200,"srcset":"https:\/\/sy-sy.cz\/cam\/webapi\/entry.cgi?api=SYNO.SurveillanceStation.Stream.VideoStreaming&version=1&method=Stream&format=mjpeg&cameraId=13&StmKey=%22ac1448ccf8a202070f6354b40b1be6f6%22 1x, https:\/\/sy-sy.cz\/cam\/webapi\/entry.cgi?api=SYNO.SurveillanceStation.Stream.VideoStreaming&version=1&method=Stream&format=mjpeg&cameraId=13&StmKey=%22ac1448ccf8a202070f6354b40b1be6f6%22 1.5x"},"classes":[]}],"jetpack_sharing_enabled":true,"_links":{"self":[{"href":"https:\/\/tinnunculus.sy-sy.cz\/index.php\/wp-json\/wp\/v2\/pages\/12894","targetHints":{"allow":["GET"]}}],"collection":[{"href":"https:\/\/tinnunculus.sy-sy.cz\/index.php\/wp-json\/wp\/v2\/pages"}],"about":[{"href":"https:\/\/tinnunculus.sy-sy.cz\/index.php\/wp-json\/wp\/v2\/types\/page"}],"author":[{"embeddable":true,"href":"https:\/\/tinnunculus.sy-sy.cz\/index.php\/wp-json\/wp\/v2\/users\/2"}],"replies":[{"embeddable":true,"href":"https:\/\/tinnunculus.sy-sy.cz\/index.php\/wp-json\/wp\/v2\/comments?post=12894"}],"version-history":[{"count":1,"href":"https:\/\/tinnunculus.sy-sy.cz\/index.php\/wp-json\/wp\/v2\/pages\/12894\/revisions"}],"predecessor-version":[{"id":40291,"href":"https:\/\/tinnunculus.sy-sy.cz\/index.php\/wp-json\/wp\/v2\/pages\/12894\/revisions\/40291"}],"wp:featuredmedia":[{"embeddable":true,"href":"https:\/\/tinnunculus.sy-sy.cz\/index.php\/wp-json\/wp\/v2\/media\/443"}],"wp:attachment":[{"href":"https:\/\/tinnunculus.sy-sy.cz\/index.php\/wp-json\/wp\/v2\/media?parent=12894"}],"wp:term":[{"taxonomy":"category","embeddable":true,"href":"https:\/\/tinnunculus.sy-sy.cz\/index.php\/wp-json\/wp\/v2\/categories?post=12894"},{"taxonomy":"post_tag","embeddable":true,"href":"https:\/\/tinnunculus.sy-sy.cz\/index.php\/wp-json\/wp\/v2\/tags?post=12894"}],"curies":[{"name":"wp","href":"https:\/\/api.w.org\/{rel}","templated":true}]}}