{"id":12884,"date":"2020-05-30T20:23:30","date_gmt":"2020-05-30T18:23:30","guid":{"rendered":"https:\/\/tinnunculus.sy-sy.cz\/?page_id=12884"},"modified":"2026-04-02T19:34:25","modified_gmt":"2026-04-02T17:34:25","slug":"des-souris-et-des-crecerelles","status":"publish","type":"page","link":"https:\/\/tinnunculus.sy-sy.cz\/index.php\/fr\/des-souris-et-des-crecerelles\/","title":{"rendered":"Des souris et des cr\u00e9cerelles"},"content":{"rendered":"<p><strong>Les faucons cr\u00e9cerelles<\/strong> vivent depuis longtemps avec nous sur le balcon de notre appartement dans la banlieue de Brno. Au d\u00e9part, ils utilisaient notre balcon uniquement comme abri et dortoir, mais depuis l&#8217;incendie de 2006, la situation a&nbsp;chang\u00e9. \u00c0 partir de la saison 2007, les cr\u00e9cerelles nichent ici. L&#8217;histoire de la nidification se trouve <a href=\"https:\/\/tinnunculus.sy-sy.cz\/index.php\/fr\/faucons-crecerelle\/\">ici<\/a>. Archives photo et vid\u00e9o <a href=\"https:\/\/tinnunculus.sy-sy.cz\/index.php\/fr\/archives\/\">ici<\/a>.<!--more--><\/p>\n<p>Apr\u00e8s la reconstruction, qui a&nbsp;dur\u00e9 d&#8217;avril 2016 \u00e0 mars 2017, et qui a&nbsp;apport\u00e9 de nombreuses complications, les faucons cr\u00e9cerelles r\u00e9apparaissent ici et depuis mars 2017, ils y passent r\u00e9guli\u00e8rement la nuit. Ils ont d\u00e9cid\u00e9 de ne pas nicher chez nous en 2017, mais ils ont commenc\u00e9 \u00e0 nouveau consid\u00e9rer notre balcon comme leur territoire et le d\u00e9fendre contre les intrus (en particulier les autres cr\u00e9cerelles et les pigeons). Notre balcon semble \u00e9galement rester un endroit attrayant pour la nidification. Les cr\u00e9cerelles y nichent \u00e0 nouveau depuis 2018. <span class=\"tlid-translation translation\" lang=\"fr\"><span class=\"\" title=\"\">Seul l&#8217;emplacement du nid a&nbsp;chang\u00e9<\/span><\/span>. \u00c0 l&#8217;origine, c&#8217;\u00e9tait un coin sur le sol du balcon, maintenant c&#8217;est une bo\u00eete sur les \u00e9tag\u00e8res pr\u00e8s de la porte.<\/p>\n<p>Un deuxi\u00e8me couple de faucons cr\u00e9cerelles a&nbsp;\u00e9t\u00e9 observ\u00e9 de l&#8217;autre c\u00f4t\u00e9 de la maison depuis 2009. Ils ont tent\u00e9, sans grand succ\u00e8s, de nicher dans un trou d&#8217;a\u00e9ration du garde-manger de l&#8217;appartement situ\u00e9 un \u00e9tage plus bas. En 2025, nous avons install\u00e9 un pi\u00e8ge pour pouvoir les suivre mieux. Cette ann\u00e9e-l\u00e0 au moins deux petits ont pris leur envol. L&#8217;ann\u00e9e suivante, en 2026, nous avons install\u00e9 des\u00a0 jardini\u00e8res sur le rebord de la fen\u00eatre de notre cuisine. Nous verrons si les faucons cr\u00e9cerelles les utilisent pour faire leur nid.<\/p>\n<p><strong>Les souris<\/strong> (surtout les campagnols des champs) ont p\u00e9n\u00e9tr\u00e9 ce site en tant qu&#8217;ingr\u00e9dient de base du r\u00e9gime alimentaire des cr\u00e9cerelles. Depuis 2009, une souris de laboratoire (actuellement la seizi\u00e8me) vit \u00e9galement avec nous et remplit la t\u00e2che difficile d&#8217;une mascotte de cr\u00e9cerelles. L&#8217;histoire de ces mascottes se trouve <a href=\"https:\/\/tinnunculus.sy-sy.cz\/index.php\/fr\/souris\/\">ici<\/a>.<\/p>\n<p><strong>Les martinets<\/strong> noirs sont les voisins les plus proches de &#8222;nos&#8220; cr\u00e9cerelles et depuis 2017 ils utilisent les nouveaux nichoirs fix\u00e9s haut sur le mur au-dessus de nos fen\u00eatres. Quelques dates des saisons se trouvent <a href=\"https:\/\/tinnunculus.sy-sy.cz\/index.php\/fr\/martinets\/\">ici<\/a>.<\/p>\n<p><strong>Nos webcams<\/strong> vous permettent de suivre la vie de &#8222;nos&#8220; cr\u00e9cerelles et des autres visiteurs de notre balcon. Pendant la saison de reproduction des martinets, une cam\u00e9ra suit \u00e9galement leurs nichoirs.<br \/>\nVous pouvez les suivre\u00a0 <a href=\"https:\/\/tinnunculus.sy-sy.cz\/index.php\/fr\/nos-crecerelles-online\/\" target=\"_blank\" rel=\"noopener noreferrer\">ici<\/a>.<\/p>\n<p>Quel est le contexte technique?<\/p>\n<p>Nos cam\u00e9ras ont \u00e9galement leur histoire.<br \/>\nLa premi\u00e8re ann\u00e9e, nous avons achet\u00e9 <span class=\"tlid-translation translation\" lang=\"fr\"><span class=\"\" title=\"\">la premi\u00e8re cam\u00e9ra IP<\/span><\/span>. Aujourd&#8217;hui, il y en a&nbsp;d\u00e9j\u00e0 vingt-et-un. Leur liste avec les param\u00e8tres de base et les aper\u00e7us peut \u00eatre trouv\u00e9e <a href=\"https:\/\/tinnunculus.sy-sy.cz\/index.php\/fr\/nos-webcams\/liste-des-cameras\/\">ici<\/a>.<\/p>\n<p>L&#8217;enregistrement est assur\u00e9 par Surveillance Station sur Synology NAS.<\/p>\n<p><a href=\"https:\/\/tinnunculus.sy-sy.cz\/index.php\/fr\/nos-webcams\/\">Nos webcams<\/a><br \/>\n<a href=\"https:\/\/tinnunculus.sy-sy.cz\/index.php\/fr\/nos-webcams\/liste-des-cameras\/\">Liste de nos webcams<\/a><\/p>\n<p><a href=\"https:\/\/tinnunculus.sy-sy.cz\/index.php\/fr\/meteo-bystrc\/\">M\u00e9t\u00e9o actuelle<\/a><br \/>\n<a href=\"https:\/\/www.timeanddate.com\/astronomy\/@3078308\" target=\"_blank\" rel=\"noopener noreferrer\">Lever de soleil \u00a6 Coucher de soleil<\/a><\/p>\n<p>&nbsp;<\/p>\n<p><a href=\"https:\/\/tinnunculus.sy-sy.cz\/index.php\/fr\/sitemap\/\">Sitemap<\/a><\/p>\n<p><em>Mis \u00e0 jour: <span class=\"last-modified-timestamp\">02\/04\/2026 19:34<\/span><\/em><\/p>\n","protected":false},"excerpt":{"rendered":"<p>Les faucons cr\u00e9cerelles vivent depuis longtemps avec nous sur le balcon de notre appartement dans la banlieue de Brno. Au d\u00e9part, ils utilisaient notre balcon uniquement comme abri et dortoir, mais depuis l&#8217;incendie de 2006, la situation a&nbsp;chang\u00e9. \u00c0 partir de la saison 2007, les cr\u00e9cerelles nichent ici. L&#8217;histoire de la nidification se trouve ici. &hellip; <\/p>\n<p class=\"link-more\"><a href=\"https:\/\/tinnunculus.sy-sy.cz\/index.php\/fr\/des-souris-et-des-crecerelles\/\" class=\"more-link\">Pokra\u010dovat ve \u010dten\u00ed<span class=\"screen-reader-text\"> &#8222;Des souris et des cr\u00e9cerelles&#8220;<\/span><\/a><\/p>\n","protected":false},"author":2,"featured_media":443,"parent":0,"menu_order":0,"comment_status":"closed","ping_status":"closed","template":"","meta":{"jetpack_post_was_ever_published":false,"footnotes":""},"categories":[1129,1137,1145,885,762,797,1153,1264,1197,1139,1271,1203],"tags":[1247,47,1258,1252],"class_list":["post-12884","page","type-page","status-publish","has-post-thumbnail","hentry","category-nos-crecerelles","category-nos-martinets","category-autres-locataires-et-visiteurs","category-crecerelle","category-faucon-crecerelle","category-info-fr","category-locataires-et-visiteurs","category-martinet","category-martinet-noir","category-nos-souris","category-souris","category-souris-domestique","tag-crecerelle","tag-faucon-crecerelle","tag-martinet","tag-souris"],"jetpack_shortlink":"https:\/\/wp.me\/P91gKE-3lO","jetpack-related-posts":[{"id":9870,"url":"https:\/\/tinnunculus.sy-sy.cz\/index.php\/fr\/introduction-2\/","url_meta":{"origin":12884,"position":0},"title":"Introduction","author":"Zuzana Syrov\u00e1 An\u00fd\u017eov\u00e1","date":"09\/12\/2019","format":false,"excerpt":"Bienvenue chez les faucons cr\u00e9cerelles de Brno! Ce site est d\u00e9di\u00e9 aux faucons cr\u00e9cerelles, qui nichent sur notre balcon depuis 2007. Les faucons y passent la nuit sur les perchoirs souvent pendant toute l'ann\u00e9e. Un nichoir pour les martinets noirs est situ\u00e9 au-dessus de la fen\u00eatre voisine. Jusqu'\u00e0 pr\u00e9sent, nos\u2026","rel":"","context":"Podobn\u00fd p\u0159\u00edsp\u011bvek","block_context":{"text":"Podobn\u00fd p\u0159\u00edsp\u011bvek","link":""},"img":{"alt_text":"","src":"","width":0,"height":0},"classes":[]},{"id":9977,"url":"https:\/\/tinnunculus.sy-sy.cz\/index.php\/fr\/liens\/","url_meta":{"origin":12884,"position":1},"title":"Liens","author":"Zuzana Syrov\u00e1 An\u00fd\u017eov\u00e1","date":"10\/12\/2019","format":false,"excerpt":"Campagnol des champs (Microtus arvalis) Souris domestique (Mus musculus) Faucon cr\u00e9cerelle (Falco tinnunculus) Martinet noir (Apus apus) Base de donn\u00e9es faunistique de \u010cSO: Faucon cr\u00e9cerelle (Falco tinnunclus) in Avif Martinet noir (Apus apus) in Avif cam\u00e9ras en direct et vid\u00e9os mises \u00e0 jour: Faucon cr\u00e9cerelle (Falco tinnunculus) online Martinet noir\u2026","rel":"","context":"Podobn\u00fd p\u0159\u00edsp\u011bvek","block_context":{"text":"Podobn\u00fd p\u0159\u00edsp\u011bvek","link":""},"img":{"alt_text":"","src":"","width":0,"height":0},"classes":[]},{"id":21198,"url":"https:\/\/tinnunculus.sy-sy.cz\/index.php\/fr\/crecerelles-de-brno\/","url_meta":{"origin":12884,"position":2},"title":"Cr\u00e9cerelles de Brno","author":"Zuzana Syrov\u00e1 An\u00fd\u017eov\u00e1","date":"31\/03\/2023","format":false,"excerpt":"\u00a0 Ici, vous pouvez comparer ce qui se passe sur notre balcon dans le lotissement Bystrc dans la banlieue de Brno avec les \u00e9v\u00e9nements actuels dans le nichoir du centre-ville sur la rue Francouzsk\u00e1 ou dans le lotissement Bohunice. Nos autres cam\u00e9ras Diffusions en direct d'autres localit\u00e9s. La diffusion en\u2026","rel":"","context":"V \u201eCam\u00e9ras (Web)\u201c","block_context":{"text":"Cam\u00e9ras (Web)","link":"https:\/\/tinnunculus.sy-sy.cz\/index.php\/fr\/category\/diffusion-en-direct\/cameras-web\/"},"img":{"alt_text":"","src":"","width":0,"height":0},"classes":[]},{"id":9947,"url":"https:\/\/tinnunculus.sy-sy.cz\/index.php\/fr\/nos-crecerelles-online\/","url_meta":{"origin":12884,"position":3},"title":"&#8222;Nos&#8220; cr\u00e9cerelles online","author":"Zuzana Syrov\u00e1 An\u00fd\u017eov\u00e1","date":"10\/12\/2019","format":false,"excerpt":"0\u00a6\u00a01\u00a6\u00a02\u00a6\u00a03\u00a6\u00a04\u00a6\u00a05\u00a6\u00a06\u00a6\u00a07\u00a6\u00a08\u00a6\u00a09\u00a6\u00a012\u00a6\u00a013\u00a6\u00a014\u00a6\u00a015\u00a6\u00a016\u00a6\u00a017\u00a6\u00a018\u00a6\u00a019\u00a6\u00a020\u00a6 10\u00a6\u00a0 11\u00a6 21\u00a6 Pardon, mais ce contenu n'a pas encore \u00e9t\u00e9 traduit en fran\u00e7ais. Lire la version en anglais. Nos webcams En direct\u00a0du balcon aux cr\u00e9cerelles\u00a0\u00a6\u00a0des nichoirs \u00e0 martinets\u00a0\u00a6\u00a0de la fen\u00eatre aux cr\u00e9cerelles Liste des cam\u00e9ras YouTube en direct","rel":"","context":"V \u201e\"Nos\" cr\u00e9cerelles\u201c","block_context":{"text":"\"Nos\" cr\u00e9cerelles","link":"https:\/\/tinnunculus.sy-sy.cz\/index.php\/fr\/category\/locataires-et-visiteurs\/nos-crecerelles\/"},"img":{"alt_text":"Camera 1","src":"https:\/\/sy-sy.cz\/cam\/webapi\/entry.cgi?api=SYNO.SurveillanceStation.Stream.VideoStreaming&version=1&method=Stream&format=mjpeg&cameraId=2&StmKey=%229853f85e3f00a090389e5f3da7058a2c%22","width":350,"height":200,"srcset":"https:\/\/sy-sy.cz\/cam\/webapi\/entry.cgi?api=SYNO.SurveillanceStation.Stream.VideoStreaming&version=1&method=Stream&format=mjpeg&cameraId=2&StmKey=%229853f85e3f00a090389e5f3da7058a2c%22 1x, https:\/\/sy-sy.cz\/cam\/webapi\/entry.cgi?api=SYNO.SurveillanceStation.Stream.VideoStreaming&version=1&method=Stream&format=mjpeg&cameraId=2&StmKey=%229853f85e3f00a090389e5f3da7058a2c%22 1.5x, https:\/\/sy-sy.cz\/cam\/webapi\/entry.cgi?api=SYNO.SurveillanceStation.Stream.VideoStreaming&version=1&method=Stream&format=mjpeg&cameraId=2&StmKey=%229853f85e3f00a090389e5f3da7058a2c%22 2x, https:\/\/sy-sy.cz\/cam\/webapi\/entry.cgi?api=SYNO.SurveillanceStation.Stream.VideoStreaming&version=1&method=Stream&format=mjpeg&cameraId=2&StmKey=%229853f85e3f00a090389e5f3da7058a2c%22 3x, https:\/\/sy-sy.cz\/cam\/webapi\/entry.cgi?api=SYNO.SurveillanceStation.Stream.VideoStreaming&version=1&method=Stream&format=mjpeg&cameraId=2&StmKey=%229853f85e3f00a090389e5f3da7058a2c%22 4x"},"classes":[]},{"id":39226,"url":"https:\/\/tinnunculus.sy-sy.cz\/index.php\/fr\/la-faune-de-notre-maison-de-campagne\/","url_meta":{"origin":12884,"position":4},"title":"Faune de notre maison de \u010cist\u00e1","author":"Zuzana Syrov\u00e1 An\u00fd\u017eov\u00e1","date":"22\/01\/2025","format":false,"excerpt":"\ufeff Notre maison de campagne \u00e0 \u010cist\u00e1 pr\u00e8s de Litomy\u0161l abrite plusieurs animaux : des rougequeues \u00e0 front blanc, des sittelles, des chauves-souris et des martres. En 2022, nous avons d\u00e9couvert dans le grenier au-dessus des pelotes de r\u00e9jection\u00a0qui indiquent la pr\u00e9sence d'une chouette effraie. C'est pourquoi, en d\u00e9cembre 2024,\u2026","rel":"","context":"V \u201eLocataires et visiteurs\u201c","block_context":{"text":"Locataires et visiteurs","link":"https:\/\/tinnunculus.sy-sy.cz\/index.php\/fr\/category\/locataires-et-visiteurs\/"},"img":{"alt_text":"","src":"","width":0,"height":0},"classes":[]},{"id":47361,"url":"https:\/\/tinnunculus.sy-sy.cz\/index.php\/fr\/nos-crecerelles-online\/nos-webcams\/liste-des-cameras\/camera-21\/21-crecerelles-de-fenetre-de-cuisine\/","url_meta":{"origin":12884,"position":5},"title":"21 \u00a6 Cr\u00e9cerelles de fen\u00eatre de cuisine","author":"Zuzana Syrov\u00e1 An\u00fd\u017eov\u00e1","date":"23\/03\/2026","format":false,"excerpt":"21\u00a6","rel":"","context":"V \u201e\"Nos\" cr\u00e9cerelles\u201c","block_context":{"text":"\"Nos\" cr\u00e9cerelles","link":"https:\/\/tinnunculus.sy-sy.cz\/index.php\/fr\/category\/locataires-et-visiteurs\/nos-crecerelles\/"},"img":{"alt_text":"Camera 21","src":"https:\/\/sy-sy.cz\/cam\/webapi\/entry.cgi?api=SYNO.SurveillanceStation.Stream.VideoStreaming&version=1&method=Stream&format=mjpeg&cameraId=70&StmKey=%22ac0aa1938a31ee59376e7854dc7d885d%22","width":350,"height":200,"srcset":"https:\/\/sy-sy.cz\/cam\/webapi\/entry.cgi?api=SYNO.SurveillanceStation.Stream.VideoStreaming&version=1&method=Stream&format=mjpeg&cameraId=70&StmKey=%22ac0aa1938a31ee59376e7854dc7d885d%22 1x, https:\/\/sy-sy.cz\/cam\/webapi\/entry.cgi?api=SYNO.SurveillanceStation.Stream.VideoStreaming&version=1&method=Stream&format=mjpeg&cameraId=70&StmKey=%22ac0aa1938a31ee59376e7854dc7d885d%22 1.5x, https:\/\/sy-sy.cz\/cam\/webapi\/entry.cgi?api=SYNO.SurveillanceStation.Stream.VideoStreaming&version=1&method=Stream&format=mjpeg&cameraId=70&StmKey=%22ac0aa1938a31ee59376e7854dc7d885d%22 2x, https:\/\/sy-sy.cz\/cam\/webapi\/entry.cgi?api=SYNO.SurveillanceStation.Stream.VideoStreaming&version=1&method=Stream&format=mjpeg&cameraId=70&StmKey=%22ac0aa1938a31ee59376e7854dc7d885d%22 3x"},"classes":[]}],"jetpack_sharing_enabled":true,"_links":{"self":[{"href":"https:\/\/tinnunculus.sy-sy.cz\/index.php\/wp-json\/wp\/v2\/pages\/12884","targetHints":{"allow":["GET"]}}],"collection":[{"href":"https:\/\/tinnunculus.sy-sy.cz\/index.php\/wp-json\/wp\/v2\/pages"}],"about":[{"href":"https:\/\/tinnunculus.sy-sy.cz\/index.php\/wp-json\/wp\/v2\/types\/page"}],"author":[{"embeddable":true,"href":"https:\/\/tinnunculus.sy-sy.cz\/index.php\/wp-json\/wp\/v2\/users\/2"}],"replies":[{"embeddable":true,"href":"https:\/\/tinnunculus.sy-sy.cz\/index.php\/wp-json\/wp\/v2\/comments?post=12884"}],"version-history":[{"count":6,"href":"https:\/\/tinnunculus.sy-sy.cz\/index.php\/wp-json\/wp\/v2\/pages\/12884\/revisions"}],"predecessor-version":[{"id":48134,"href":"https:\/\/tinnunculus.sy-sy.cz\/index.php\/wp-json\/wp\/v2\/pages\/12884\/revisions\/48134"}],"wp:featuredmedia":[{"embeddable":true,"href":"https:\/\/tinnunculus.sy-sy.cz\/index.php\/wp-json\/wp\/v2\/media\/443"}],"wp:attachment":[{"href":"https:\/\/tinnunculus.sy-sy.cz\/index.php\/wp-json\/wp\/v2\/media?parent=12884"}],"wp:term":[{"taxonomy":"category","embeddable":true,"href":"https:\/\/tinnunculus.sy-sy.cz\/index.php\/wp-json\/wp\/v2\/categories?post=12884"},{"taxonomy":"post_tag","embeddable":true,"href":"https:\/\/tinnunculus.sy-sy.cz\/index.php\/wp-json\/wp\/v2\/tags?post=12884"}],"curies":[{"name":"wp","href":"https:\/\/api.w.org\/{rel}","templated":true}]}}