{"id":12425,"date":"2020-05-01T11:23:45","date_gmt":"2020-05-01T09:23:45","guid":{"rendered":"https:\/\/tinnunculus.sy-sy.cz\/?page_id=12425"},"modified":"2025-03-15T00:17:11","modified_gmt":"2025-03-14T23:17:11","slug":"calendrier-statistique-2007","status":"publish","type":"page","link":"https:\/\/tinnunculus.sy-sy.cz\/index.php\/fr\/faucons-crecerelle\/calendrier-statistique-2007\/","title":{"rendered":"Calendrier statistique 2007-?"},"content":{"rendered":"<p><iframe loading=\"lazy\" src=\"https:\/\/docs.google.com\/spreadsheets\/d\/e\/2PACX-1vQr2OmhXWi2oDj18vXGZUywkm7nh2kOZZ_F4PEAYOmCMXzWM0s37dKTSGTPnL-mPQJq_HSyoJKYhZeW\/pubhtml?widget=true&amp;headers=false\" width=\"550\" height=\"550\"><span style=\"display: inline-block; width: 0px; overflow: hidden; line-height: 0;\" data-mce-type=\"bookmark\" class=\"mce_SELRES_start\">\ufeff<\/span><\/iframe><\/p>\n<ul>\n<li><a href=\"https:\/\/docs.google.com\/spreadsheets\/d\/1xjONdl1pv543PLV9Ubq0cllWvj2mcbl26LAHb4btqPI\/edit?usp=sharing\" target=\"_blank\" rel=\"noopener noreferrer\">Google Sheets<\/a><\/li>\n<li><a href=\"https:\/\/tinnunculus.sy-sy.cz\/index.php\/fr\/faucons-crecerelle\/\">Faucons cr\u00e9cerelle saisons<\/a><\/li>\n<li><a href=\"https:\/\/tinnunculus.sy-sy.cz\/index.php\/fr\/resultats-de-la-nidification-des-crecerelles\/\">R\u00e9sultats de la nidification des cr\u00e9cerelles<\/a><\/li>\n<\/ul>\n","protected":false},"excerpt":{"rendered":"<p>\ufeff Google Sheets Faucons cr\u00e9cerelle saisons R\u00e9sultats de la nidification des cr\u00e9cerelles<\/p>\n","protected":false},"author":2,"featured_media":0,"parent":860,"menu_order":3,"comment_status":"closed","ping_status":"closed","template":"","meta":{"footnotes":""},"categories":[],"tags":[],"class_list":["post-12425","page","type-page","status-publish","hentry"],"jetpack_shortlink":"https:\/\/wp.me\/P91gKE-3ep","jetpack-related-posts":[{"id":37644,"url":"https:\/\/tinnunculus.sy-sy.cz\/index.php\/fr\/faucons-crecerelle\/resultats-de-la-nidification-des-crecerelles\/","url_meta":{"origin":12425,"position":0},"title":"R\u00e9sultats de la nidification des cr\u00e9cerelles","author":"Zuzana Syrov\u00e1 An\u00fd\u017eov\u00e1","date":"16\/08\/2024","format":false,"excerpt":"Nid du faucon cr\u00e9cerelle 1 - Balcon Calendrier statistique (Google Sheets) Faucons cr\u00e9cerelle saisons NID DU FAUCON CR\u00c9CERELLE 2 - FEN\u00caTRE DE LA CUISINE","rel":"","context":"Podobn\u00fd p\u0159\u00edsp\u011bvek","block_context":{"text":"Podobn\u00fd p\u0159\u00edsp\u011bvek","link":""},"img":{"alt_text":"","src":"","width":0,"height":0},"classes":[]},{"id":50076,"url":"https:\/\/tinnunculus.sy-sy.cz\/index.php\/fr\/faucons-crecerelle\/resultats-de-la-nidification-des-crecerelles-2\/","url_meta":{"origin":12425,"position":1},"title":"R\u00e9sultats de la nidification des cr\u00e9cerelles","author":"Zuzana Syrov\u00e1 An\u00fd\u017eov\u00e1","date":"16\/05\/2026","format":false,"excerpt":"Nid du faucon cr\u00e9cerelle 2 - Fen\u00eatre de la cuisine Calendrier statistique (Google Sheets) Faucons cr\u00e9cerelle saisons NID DU FAUCON CR\u00c9CERELLE 1 - BALCON","rel":"","context":"Podobn\u00fd p\u0159\u00edsp\u011bvek","block_context":{"text":"Podobn\u00fd p\u0159\u00edsp\u011bvek","link":""},"img":{"alt_text":"","src":"","width":0,"height":0},"classes":[]},{"id":12884,"url":"https:\/\/tinnunculus.sy-sy.cz\/index.php\/fr\/des-souris-et-des-crecerelles\/","url_meta":{"origin":12425,"position":2},"title":"Des souris et des cr\u00e9cerelles","author":"Zuzana Syrov\u00e1 An\u00fd\u017eov\u00e1","date":"30\/05\/2020","format":false,"excerpt":"Les faucons cr\u00e9cerelles vivent depuis longtemps avec nous sur le balcon de notre appartement dans la banlieue de Brno. Au d\u00e9part, ils utilisaient notre balcon uniquement comme abri et dortoir, mais depuis l'incendie de 2006, la situation a chang\u00e9. \u00c0 partir de la saison 2007, les cr\u00e9cerelles nichent ici. L'histoire\u2026","rel":"","context":"V \u201e\"Nos\" cr\u00e9cerelles\u201c","block_context":{"text":"\"Nos\" cr\u00e9cerelles","link":"https:\/\/tinnunculus.sy-sy.cz\/index.php\/fr\/category\/locataires-et-visiteurs\/nos-crecerelles\/"},"img":{"alt_text":"","src":"https:\/\/i0.wp.com\/tinnunculus.sy-sy.cz\/wp-content\/uploads\/2017\/08\/dsc22907_24x10cb-e1501697514766.jpg?fit=1200%2C500&ssl=1&resize=350%2C200","width":350,"height":200,"srcset":"https:\/\/i0.wp.com\/tinnunculus.sy-sy.cz\/wp-content\/uploads\/2017\/08\/dsc22907_24x10cb-e1501697514766.jpg?fit=1200%2C500&ssl=1&resize=350%2C200 1x, https:\/\/i0.wp.com\/tinnunculus.sy-sy.cz\/wp-content\/uploads\/2017\/08\/dsc22907_24x10cb-e1501697514766.jpg?fit=1200%2C500&ssl=1&resize=525%2C300 1.5x, https:\/\/i0.wp.com\/tinnunculus.sy-sy.cz\/wp-content\/uploads\/2017\/08\/dsc22907_24x10cb-e1501697514766.jpg?fit=1200%2C500&ssl=1&resize=700%2C400 2x, https:\/\/i0.wp.com\/tinnunculus.sy-sy.cz\/wp-content\/uploads\/2017\/08\/dsc22907_24x10cb-e1501697514766.jpg?fit=1200%2C500&ssl=1&resize=1050%2C600 3x"},"classes":[]},{"id":860,"url":"https:\/\/tinnunculus.sy-sy.cz\/index.php\/fr\/faucons-crecerelle\/","url_meta":{"origin":12425,"position":3},"title":"Faucons cr\u00e9cerelle saisons","author":"Zuzana Syrov\u00e1 An\u00fd\u017eov\u00e1","date":"04\/08\/2017","format":false,"excerpt":"Balcon aux cr\u00e9cerelles : 2007 5 + 1 oeufs pondus (avant 2007\/05\/10). 5 petits n\u00e9s (2007\/06\/03 quatre; 2007\/06\/04 5\u00e8me). 5 petits envol\u00e9s. 2008 5 oeufs pondus (2008\/05\/05\u20142008\/05\/14). 0 petit n\u00e9. \u00a0les parents ont mang\u00e9 les 5 oeufs (2008\/06\/09\u20142008\/06\/23). 2009 4 oeufs pondus (2009\/04\/24\u20142009\/05\/01). 3 petits n\u00e9s (2009\/05\/27\u20142009\/05\/28). 3 petits envol\u00e9s\u2026","rel":"","context":"V \u201e\"Nos\" cr\u00e9cerelles\u201c","block_context":{"text":"\"Nos\" cr\u00e9cerelles","link":"https:\/\/tinnunculus.sy-sy.cz\/index.php\/fr\/category\/locataires-et-visiteurs\/nos-crecerelles\/"},"img":{"alt_text":"Vlajka \u010cesk\u00e9 republiky","src":"https:\/\/i0.wp.com\/statni.vlajky.org\/32\/ceska_republika.png?resize=350%2C200","width":350,"height":200},"classes":[]},{"id":9870,"url":"https:\/\/tinnunculus.sy-sy.cz\/index.php\/fr\/introduction-2\/","url_meta":{"origin":12425,"position":4},"title":"Introduction","author":"Zuzana Syrov\u00e1 An\u00fd\u017eov\u00e1","date":"09\/12\/2019","format":false,"excerpt":"Bienvenue chez les faucons cr\u00e9cerelles de Brno! Ce site est d\u00e9di\u00e9 aux faucons cr\u00e9cerelles, qui nichent sur notre balcon depuis 2007. Les faucons y passent la nuit sur les perchoirs souvent pendant toute l'ann\u00e9e. Un nichoir pour les martinets noirs est situ\u00e9 au-dessus de la fen\u00eatre voisine. Jusqu'\u00e0 pr\u00e9sent, nos\u2026","rel":"","context":"Podobn\u00fd p\u0159\u00edsp\u011bvek","block_context":{"text":"Podobn\u00fd p\u0159\u00edsp\u011bvek","link":""},"img":{"alt_text":"","src":"","width":0,"height":0},"classes":[]},{"id":14995,"url":"https:\/\/tinnunculus.sy-sy.cz\/index.php\/fr\/martinets\/","url_meta":{"origin":12425,"position":5},"title":"Martinets noirs saisons","author":"Zuzana Syrov\u00e1 An\u00fd\u017eov\u00e1","date":"25\/03\/2021","format":false,"excerpt":"2015\/05\/05 - retour des martinets 2016\/08\/?? - - installation du nichoir au-dessus de la fen\u00eatre \u00e0 c\u00f4t\u00e9 du balcon des cr\u00e9cerelles 2017\/04\/29 - retour des martinets 2018\/05\/04 - retour des martinets 2019\/05\/05 - retour des martinets 2020\/05\/07 - retour des martinets 2020\/05\/18 - M. Cr\u00e9cerelle apporte un martinet \u00e0 ses\u2026","rel":"","context":"V \u201e\"Nos\" martinets\u201c","block_context":{"text":"\"Nos\" martinets","link":"https:\/\/tinnunculus.sy-sy.cz\/index.php\/fr\/category\/locataires-et-visiteurs\/nos-martinets\/"},"img":{"alt_text":"","src":"https:\/\/i0.wp.com\/tinnunculus.sy-sy.cz\/wp-content\/uploads\/2017\/08\/20170707_15-07-36_1_uprav.jpg?resize=350%2C200&ssl=1","width":350,"height":200,"srcset":"https:\/\/i0.wp.com\/tinnunculus.sy-sy.cz\/wp-content\/uploads\/2017\/08\/20170707_15-07-36_1_uprav.jpg?resize=350%2C200&ssl=1 1x, https:\/\/i0.wp.com\/tinnunculus.sy-sy.cz\/wp-content\/uploads\/2017\/08\/20170707_15-07-36_1_uprav.jpg?resize=525%2C300&ssl=1 1.5x, https:\/\/i0.wp.com\/tinnunculus.sy-sy.cz\/wp-content\/uploads\/2017\/08\/20170707_15-07-36_1_uprav.jpg?resize=700%2C400&ssl=1 2x"},"classes":[]}],"jetpack_sharing_enabled":true,"_links":{"self":[{"href":"https:\/\/tinnunculus.sy-sy.cz\/index.php\/wp-json\/wp\/v2\/pages\/12425","targetHints":{"allow":["GET"]}}],"collection":[{"href":"https:\/\/tinnunculus.sy-sy.cz\/index.php\/wp-json\/wp\/v2\/pages"}],"about":[{"href":"https:\/\/tinnunculus.sy-sy.cz\/index.php\/wp-json\/wp\/v2\/types\/page"}],"author":[{"embeddable":true,"href":"https:\/\/tinnunculus.sy-sy.cz\/index.php\/wp-json\/wp\/v2\/users\/2"}],"replies":[{"embeddable":true,"href":"https:\/\/tinnunculus.sy-sy.cz\/index.php\/wp-json\/wp\/v2\/comments?post=12425"}],"version-history":[{"count":1,"href":"https:\/\/tinnunculus.sy-sy.cz\/index.php\/wp-json\/wp\/v2\/pages\/12425\/revisions"}],"predecessor-version":[{"id":37662,"href":"https:\/\/tinnunculus.sy-sy.cz\/index.php\/wp-json\/wp\/v2\/pages\/12425\/revisions\/37662"}],"up":[{"embeddable":true,"href":"https:\/\/tinnunculus.sy-sy.cz\/index.php\/wp-json\/wp\/v2\/pages\/860"}],"wp:attachment":[{"href":"https:\/\/tinnunculus.sy-sy.cz\/index.php\/wp-json\/wp\/v2\/media?parent=12425"}],"wp:term":[{"taxonomy":"category","embeddable":true,"href":"https:\/\/tinnunculus.sy-sy.cz\/index.php\/wp-json\/wp\/v2\/categories?post=12425"},{"taxonomy":"post_tag","embeddable":true,"href":"https:\/\/tinnunculus.sy-sy.cz\/index.php\/wp-json\/wp\/v2\/tags?post=12425"}],"curies":[{"name":"wp","href":"https:\/\/api.w.org\/{rel}","templated":true}]}}