{"id":12415,"date":"2020-05-01T09:59:50","date_gmt":"2020-05-01T07:59:50","guid":{"rendered":"https:\/\/tinnunculus.sy-sy.cz\/?page_id=12415"},"modified":"2025-03-15T00:16:33","modified_gmt":"2025-03-14T23:16:33","slug":"statistics-2007","status":"publish","type":"page","link":"https:\/\/tinnunculus.sy-sy.cz\/index.php\/en\/kestrel-seasons\/statistics-2007\/","title":{"rendered":"Statistical calendar 2007-?"},"content":{"rendered":"<p><iframe loading=\"lazy\" src=\"https:\/\/docs.google.com\/spreadsheets\/d\/e\/2PACX-1vQr2OmhXWi2oDj18vXGZUywkm7nh2kOZZ_F4PEAYOmCMXzWM0s37dKTSGTPnL-mPQJq_HSyoJKYhZeW\/pubhtml?widget=true&amp;headers=false\" width=\"550\" height=\"550\"><span style=\"display: inline-block; width: 0px; overflow: hidden; line-height: 0;\" data-mce-type=\"bookmark\" class=\"mce_SELRES_start\">\ufeff<\/span><\/iframe><\/p>\n<ul>\n<li><a href=\"https:\/\/docs.google.com\/spreadsheets\/d\/1xjONdl1pv543PLV9Ubq0cllWvj2mcbl26LAHb4btqPI\/edit?usp=sharing\" target=\"_blank\" rel=\"noopener noreferrer\">Google Sheets<\/a><\/li>\n<li><a href=\"https:\/\/tinnunculus.sy-sy.cz\/index.php\/en\/kestrel-seasons\/\">Kestrel seasons<\/a><\/li>\n<li><a href=\"https:\/\/tinnunculus.sy-sy.cz\/index.php\/en\/kestrels-nesting-results\/\">Kestrels nesting results<\/a><\/li>\n<\/ul>\n","protected":false},"excerpt":{"rendered":"<p>\ufeff Google Sheets Kestrel seasons Kestrels nesting results<\/p>\n","protected":false},"author":2,"featured_media":0,"parent":865,"menu_order":3,"comment_status":"closed","ping_status":"closed","template":"","meta":{"jetpack_post_was_ever_published":false,"footnotes":""},"categories":[],"tags":[],"class_list":["post-12415","page","type-page","status-publish","hentry"],"jetpack_shortlink":"https:\/\/wp.me\/P91gKE-3ef","jetpack-related-posts":[{"id":37641,"url":"https:\/\/tinnunculus.sy-sy.cz\/index.php\/en\/kestrel-seasons\/kestrels-nesting-results\/","url_meta":{"origin":12415,"position":0},"title":"Kestrels nesting results","author":"Zuzana Syrov\u00e1 An\u00fd\u017eov\u00e1","date":"16\/08\/2024","format":false,"excerpt":"Statistical calendar (Google Sheets) Kestrel seasons","rel":"","context":"Podobn\u00fd p\u0159\u00edsp\u011bvek","block_context":{"text":"Podobn\u00fd p\u0159\u00edsp\u011bvek","link":""},"img":{"alt_text":"","src":"","width":0,"height":0},"classes":[]},{"id":865,"url":"https:\/\/tinnunculus.sy-sy.cz\/index.php\/en\/kestrel-seasons\/","url_meta":{"origin":12415,"position":1},"title":"Kestrel seasons","author":"Zuzana Syrov\u00e1 An\u00fd\u017eov\u00e1","date":"04\/08\/2017","format":false,"excerpt":"2007 5 + 1 eggs laid (before 2007\/05\/10). 5 eggs hatched (2007\/06\/03\u20142007\/06\/04). 5 juveniles fledged successfully. 2008 5 eggs laid (2008\/05\/05\u20142008\/05\/14). 0 eggs hatched. 5 eggs eaten by parents (2008\/06\/09\u20142008\/06\/23). 2009 4 eggs laid (2009\/04\/24\u20142009\/05\/01). 3 eggs hatched (2009\/05\/27\u20142009\/05\/28). 3 juveniles fledged (2 prematurely 2009\/06\/24 - one of them disappeared,\u2026","rel":"","context":"V \u201e\"Our\" kestrels\u201c","block_context":{"text":"\"Our\" kestrels","link":"https:\/\/tinnunculus.sy-sy.cz\/index.php\/en\/category\/tenants-and-visitors\/our-kestrels-en\/"},"img":{"alt_text":"Vlajka \u010cesk\u00e9 republiky","src":"https:\/\/i0.wp.com\/statni.vlajky.org\/32\/ceska_republika.png?resize=350%2C200","width":350,"height":200},"classes":[]},{"id":9804,"url":"https:\/\/tinnunculus.sy-sy.cz\/index.php\/en\/online\/","url_meta":{"origin":12415,"position":2},"title":"&#8222;Our&#8220; kestrels online","author":"Zuzana Syrov\u00e1 An\u00fd\u017eov\u00e1","date":"08\/12\/2019","format":false,"excerpt":"0\u00a6\u00a01\u00a6\u00a02\u00a6\u00a03\u00a6\u00a04\u00a6\u00a05\u00a6\u00a06\u00a6\u00a07\u00a6\u00a08\u00a6\u00a09\u00a612\u00a6\u00a013\u00a6\u00a014\u00a6\u00a015\u00a6\u00a016\u00a6\u00a017\u00a6\u00a018\u00a6\u00a019\u00a6\u00a020\u00a6 10\u00a6\u00a0 11\u00a6 21\u00a6 \u00a0 A virtual window into our balcony... Click the camera number to open the\u00a0 camera page; you can also select it from a list of our cameras. Main camera groups: the kestrel balcony\u00a0\u00a6\u00a0the swift nestboxes\u00a0\u00a6\u00a0the kestrel window. We are also testing a live stream on our\u2026","rel":"","context":"V \u201e\"Our\" kestrels\u201c","block_context":{"text":"\"Our\" kestrels","link":"https:\/\/tinnunculus.sy-sy.cz\/index.php\/en\/category\/tenants-and-visitors\/our-kestrels-en\/"},"img":{"alt_text":"Camera 1","src":"https:\/\/sy-sy.cz\/cam\/webapi\/entry.cgi?api=SYNO.SurveillanceStation.Stream.VideoStreaming&version=1&method=Stream&format=mjpeg&cameraId=2&StmKey=%229853f85e3f00a090389e5f3da7058a2c%22","width":350,"height":200,"srcset":"https:\/\/sy-sy.cz\/cam\/webapi\/entry.cgi?api=SYNO.SurveillanceStation.Stream.VideoStreaming&version=1&method=Stream&format=mjpeg&cameraId=2&StmKey=%229853f85e3f00a090389e5f3da7058a2c%22 1x, https:\/\/sy-sy.cz\/cam\/webapi\/entry.cgi?api=SYNO.SurveillanceStation.Stream.VideoStreaming&version=1&method=Stream&format=mjpeg&cameraId=2&StmKey=%229853f85e3f00a090389e5f3da7058a2c%22 1.5x, https:\/\/sy-sy.cz\/cam\/webapi\/entry.cgi?api=SYNO.SurveillanceStation.Stream.VideoStreaming&version=1&method=Stream&format=mjpeg&cameraId=2&StmKey=%229853f85e3f00a090389e5f3da7058a2c%22 2x, https:\/\/sy-sy.cz\/cam\/webapi\/entry.cgi?api=SYNO.SurveillanceStation.Stream.VideoStreaming&version=1&method=Stream&format=mjpeg&cameraId=2&StmKey=%229853f85e3f00a090389e5f3da7058a2c%22 3x, https:\/\/sy-sy.cz\/cam\/webapi\/entry.cgi?api=SYNO.SurveillanceStation.Stream.VideoStreaming&version=1&method=Stream&format=mjpeg&cameraId=2&StmKey=%229853f85e3f00a090389e5f3da7058a2c%22 4x"},"classes":[]},{"id":1655,"url":"https:\/\/tinnunculus.sy-sy.cz\/index.php\/en\/basic-info\/","url_meta":{"origin":12415,"position":3},"title":"Of Mice and Kestrels","author":"Zuzana Syrov\u00e1 An\u00fd\u017eov\u00e1","date":"08\/08\/2017","format":false,"excerpt":"Kestrels (common or european kestrels) stay with us in our flat in a\u00a0housing estate in the suburb of Brno for a long time. Initially they used our balcony only as a shelter and dormitory, but since the fire in 2006, the situation changed. Starting with the 2007 season\u00a0kestrels are nesting\u2026","rel":"","context":"V \u201e\"Our\" kestrels\u201c","block_context":{"text":"\"Our\" kestrels","link":"https:\/\/tinnunculus.sy-sy.cz\/index.php\/en\/category\/tenants-and-visitors\/our-kestrels-en\/"},"img":{"alt_text":"","src":"https:\/\/i0.wp.com\/tinnunculus.sy-sy.cz\/wp-content\/uploads\/2017\/08\/dsc22907_24x10cb-e1501697514766.jpg?fit=1200%2C500&ssl=1&resize=350%2C200","width":350,"height":200,"srcset":"https:\/\/i0.wp.com\/tinnunculus.sy-sy.cz\/wp-content\/uploads\/2017\/08\/dsc22907_24x10cb-e1501697514766.jpg?fit=1200%2C500&ssl=1&resize=350%2C200 1x, https:\/\/i0.wp.com\/tinnunculus.sy-sy.cz\/wp-content\/uploads\/2017\/08\/dsc22907_24x10cb-e1501697514766.jpg?fit=1200%2C500&ssl=1&resize=525%2C300 1.5x, https:\/\/i0.wp.com\/tinnunculus.sy-sy.cz\/wp-content\/uploads\/2017\/08\/dsc22907_24x10cb-e1501697514766.jpg?fit=1200%2C500&ssl=1&resize=700%2C400 2x, https:\/\/i0.wp.com\/tinnunculus.sy-sy.cz\/wp-content\/uploads\/2017\/08\/dsc22907_24x10cb-e1501697514766.jpg?fit=1200%2C500&ssl=1&resize=1050%2C600 3x"},"classes":[]},{"id":13117,"url":"https:\/\/tinnunculus.sy-sy.cz\/index.php\/en\/kestrel-seasons\/kestrel-ringing\/","url_meta":{"origin":12415,"position":4},"title":"Kestrel ringing","author":"Zuzana Syrov\u00e1 An\u00fd\u017eov\u00e1","date":"18\/06\/2020","format":false,"excerpt":"Reported rings","rel":"","context":"Podobn\u00fd p\u0159\u00edsp\u011bvek","block_context":{"text":"Podobn\u00fd p\u0159\u00edsp\u011bvek","link":""},"img":{"alt_text":"","src":"","width":0,"height":0},"classes":[]},{"id":9765,"url":"https:\/\/tinnunculus.sy-sy.cz\/index.php\/en\/introduction\/","url_meta":{"origin":12415,"position":5},"title":"Introduction","author":"Zuzana Syrov\u00e1 An\u00fd\u017eov\u00e1","date":"08\/12\/2019","format":false,"excerpt":"This site and blog or notebook is a follow-up to the older blog Of Mice and Kestrels, which we decided to launch back in 2014. It is dedicated mainly to kestrels, who decided to live with us under one roof on the balcony of our home office, and since 2007\u2026","rel":"","context":"Podobn\u00fd p\u0159\u00edsp\u011bvek","block_context":{"text":"Podobn\u00fd p\u0159\u00edsp\u011bvek","link":""},"img":{"alt_text":"Vlajka Spojen\u00e9ho kr\u00e1lovstv\u00ed","src":"https:\/\/i1.wp.com\/statni.vlajky.org\/32\/spojene_kralovstvi.png?resize=350%2C200","width":350,"height":200},"classes":[]}],"jetpack_sharing_enabled":true,"_links":{"self":[{"href":"https:\/\/tinnunculus.sy-sy.cz\/index.php\/wp-json\/wp\/v2\/pages\/12415","targetHints":{"allow":["GET"]}}],"collection":[{"href":"https:\/\/tinnunculus.sy-sy.cz\/index.php\/wp-json\/wp\/v2\/pages"}],"about":[{"href":"https:\/\/tinnunculus.sy-sy.cz\/index.php\/wp-json\/wp\/v2\/types\/page"}],"author":[{"embeddable":true,"href":"https:\/\/tinnunculus.sy-sy.cz\/index.php\/wp-json\/wp\/v2\/users\/2"}],"replies":[{"embeddable":true,"href":"https:\/\/tinnunculus.sy-sy.cz\/index.php\/wp-json\/wp\/v2\/comments?post=12415"}],"version-history":[{"count":2,"href":"https:\/\/tinnunculus.sy-sy.cz\/index.php\/wp-json\/wp\/v2\/pages\/12415\/revisions"}],"predecessor-version":[{"id":41309,"href":"https:\/\/tinnunculus.sy-sy.cz\/index.php\/wp-json\/wp\/v2\/pages\/12415\/revisions\/41309"}],"up":[{"embeddable":true,"href":"https:\/\/tinnunculus.sy-sy.cz\/index.php\/wp-json\/wp\/v2\/pages\/865"}],"wp:attachment":[{"href":"https:\/\/tinnunculus.sy-sy.cz\/index.php\/wp-json\/wp\/v2\/media?parent=12415"}],"wp:term":[{"taxonomy":"category","embeddable":true,"href":"https:\/\/tinnunculus.sy-sy.cz\/index.php\/wp-json\/wp\/v2\/categories?post=12415"},{"taxonomy":"post_tag","embeddable":true,"href":"https:\/\/tinnunculus.sy-sy.cz\/index.php\/wp-json\/wp\/v2\/tags?post=12415"}],"curies":[{"name":"wp","href":"https:\/\/api.w.org\/{rel}","templated":true}]}}