{"id":10026,"date":"2019-12-10T10:35:58","date_gmt":"2019-12-10T09:35:58","guid":{"rendered":"http:\/\/tinnunculus.sy-sy.cz\/?page_id=10026"},"modified":"2025-03-15T00:10:14","modified_gmt":"2025-03-14T23:10:14","slug":"data-protection-declaration-2","status":"publish","type":"page","link":"https:\/\/tinnunculus.sy-sy.cz\/index.php\/de\/data-protection-declaration-2\/","title":{"rendered":"Datenschutzerkl\u00e4rung"},"content":{"rendered":"<p>Tut uns leid, dieser Inhalt wurde noch nicht in Deutsch \u00fcbersetzt.<br \/>\nLies die <a href=\"http:\/\/tinnunculus.sy-sy.cz\/index.php\/en\/data-protection-decaration\/\">Version auf Englisch<\/a>.<\/p>\n","protected":false},"excerpt":{"rendered":"<p>Tut uns leid, dieser Inhalt wurde noch nicht in Deutsch \u00fcbersetzt. Lies die Version auf Englisch.<\/p>\n","protected":false},"author":2,"featured_media":0,"parent":0,"menu_order":110,"comment_status":"closed","ping_status":"closed","template":"","meta":{"jetpack_post_was_ever_published":false,"footnotes":""},"categories":[],"tags":[],"class_list":["post-10026","page","type-page","status-publish","hentry"],"jetpack_shortlink":"https:\/\/wp.me\/P91gKE-2BI","jetpack-related-posts":[{"id":14997,"url":"https:\/\/tinnunculus.sy-sy.cz\/index.php\/de\/mauersegler\/","url_meta":{"origin":10026,"position":0},"title":"Mauersegler Nistsaison","author":"Zuzana Syrov\u00e1 An\u00fd\u017eov\u00e1","date":"25\/03\/2021","format":false,"excerpt":"Tut uns leid, dieser Inhalt wurde noch nicht in Deutsch \u00fcbersetzt. Lies die Version auf Englisch. \u00a0 Unsere Mauersegler-Webcam \u00a0\u00a6 AXIS Live view","rel":"","context":"Podobn\u00fd p\u0159\u00edsp\u011bvek","block_context":{"text":"Podobn\u00fd p\u0159\u00edsp\u011bvek","link":""},"img":{"alt_text":"","src":"https:\/\/i0.wp.com\/tinnunculus.sy-sy.cz\/wp-content\/uploads\/2017\/08\/20170707_15-07-36_1_uprav.jpg?resize=350%2C200&ssl=1","width":350,"height":200,"srcset":"https:\/\/i0.wp.com\/tinnunculus.sy-sy.cz\/wp-content\/uploads\/2017\/08\/20170707_15-07-36_1_uprav.jpg?resize=350%2C200&ssl=1 1x, https:\/\/i0.wp.com\/tinnunculus.sy-sy.cz\/wp-content\/uploads\/2017\/08\/20170707_15-07-36_1_uprav.jpg?resize=525%2C300&ssl=1 1.5x, https:\/\/i0.wp.com\/tinnunculus.sy-sy.cz\/wp-content\/uploads\/2017\/08\/20170707_15-07-36_1_uprav.jpg?resize=700%2C400&ssl=1 2x"},"classes":[]},{"id":39230,"url":"https:\/\/tinnunculus.sy-sy.cz\/index.php\/de\/wildtiere-in-unserem-landhaus\/","url_meta":{"origin":10026,"position":1},"title":"Wildtiere in unserem Landhaus","author":"Zuzana Syrov\u00e1 An\u00fd\u017eov\u00e1","date":"22\/01\/2025","format":false,"excerpt":"\ufeff\ufeff Tut uns leid, dieser Inhalt wurde noch nicht in Deutsch \u00fcbersetzt. Lies die\u00a0Version auf Englisch. Archives: Fotogalerie Wildkamera","rel":"","context":"V \u201eMieter und Besucher\u201c","block_context":{"text":"Mieter und Besucher","link":"https:\/\/tinnunculus.sy-sy.cz\/index.php\/de\/category\/mieter-und-besucher\/"},"img":{"alt_text":"","src":"","width":0,"height":0},"classes":[]},{"id":38526,"url":"https:\/\/tinnunculus.sy-sy.cz\/index.php\/de\/maeusen\/tabellenuebersicht-unserer-maeuse\/","url_meta":{"origin":10026,"position":2},"title":"Tabellen\u00fcbersicht unserer M\u00e4use","author":"Zuzana Syrov\u00e1 An\u00fd\u017eov\u00e1","date":"16\/12\/2024","format":false,"excerpt":"Tut uns leid, dieser Inhalt wurde noch nicht in Deutsch \u00fcbersetzt. Lies die\u00a0Version auf Englisch. M\u00e4usen","rel":"","context":"V \u201eMieter und Besucher\u201c","block_context":{"text":"Mieter und Besucher","link":"https:\/\/tinnunculus.sy-sy.cz\/index.php\/de\/category\/mieter-und-besucher\/"},"img":{"alt_text":"","src":"","width":0,"height":0},"classes":[]},{"id":12894,"url":"https:\/\/tinnunculus.sy-sy.cz\/index.php\/de\/von-maeusen-und-turmfalken\/","url_meta":{"origin":10026,"position":3},"title":"Von M\u00e4usen und Turmfalken","author":"Zuzana Syrov\u00e1 An\u00fd\u017eov\u00e1","date":"30\/05\/2020","format":false,"excerpt":"Tut uns leid, dieser Inhalt wurde noch nicht in Deutsch \u00fcbersetzt. Lies die Version auf Englisch.","rel":"","context":"V \u201e\"Unsere\" Mauersegler\u201c","block_context":{"text":"\"Unsere\" Mauersegler","link":"https:\/\/tinnunculus.sy-sy.cz\/index.php\/de\/category\/mieter-und-besucher\/unsere-mauersegler\/"},"img":{"alt_text":"","src":"https:\/\/i0.wp.com\/tinnunculus.sy-sy.cz\/wp-content\/uploads\/2017\/08\/dsc22907_24x10cb-e1501697514766.jpg?fit=1200%2C500&ssl=1&resize=350%2C200","width":350,"height":200,"srcset":"https:\/\/i0.wp.com\/tinnunculus.sy-sy.cz\/wp-content\/uploads\/2017\/08\/dsc22907_24x10cb-e1501697514766.jpg?fit=1200%2C500&ssl=1&resize=350%2C200 1x, https:\/\/i0.wp.com\/tinnunculus.sy-sy.cz\/wp-content\/uploads\/2017\/08\/dsc22907_24x10cb-e1501697514766.jpg?fit=1200%2C500&ssl=1&resize=525%2C300 1.5x, https:\/\/i0.wp.com\/tinnunculus.sy-sy.cz\/wp-content\/uploads\/2017\/08\/dsc22907_24x10cb-e1501697514766.jpg?fit=1200%2C500&ssl=1&resize=700%2C400 2x, https:\/\/i0.wp.com\/tinnunculus.sy-sy.cz\/wp-content\/uploads\/2017\/08\/dsc22907_24x10cb-e1501697514766.jpg?fit=1200%2C500&ssl=1&resize=1050%2C600 3x"},"classes":[]},{"id":11904,"url":"https:\/\/tinnunculus.sy-sy.cz\/index.php\/de\/unsere-turmfalken-online\/unsere-webcams\/","url_meta":{"origin":10026,"position":4},"title":"Unsere Webcams","author":"Zuzana Syrov\u00e1 An\u00fd\u017eov\u00e1","date":"03\/04\/2020","format":false,"excerpt":"0\u00a6\u00a01\u00a6\u00a02\u00a6\u00a03\u00a6\u00a04\u00a6\u00a05\u00a6\u00a06\u00a6\u00a07\u00a6\u00a08\u00a6\u00a09\u00a6 12\u00a6\u00a013\u00a6\u00a014\u00a6\u00a015\u00a6\u00a016\u00a6\u00a017\u00a6\u00a018\u00a6\u00a019\u00a6\u00a020\u00a6 10\u00a6\u00a0 11\u00a6 21\u00a6 \u2190\u00a0Kameraliste Tut uns leid, dieser Inhalt wurde noch nicht in Deutsch \u00fcbersetzt. Lies die Version auf Englisch. Kameraliste YouTube-Live","rel":"","context":"V \u201e(Web-)Kameras\u201c","block_context":{"text":"(Web-)Kameras","link":"https:\/\/tinnunculus.sy-sy.cz\/index.php\/de\/category\/live-uebertragung\/web-kameras\/"},"img":{"alt_text":"","src":"","width":0,"height":0},"classes":[]},{"id":9949,"url":"https:\/\/tinnunculus.sy-sy.cz\/index.php\/de\/unsere-turmfalken-online\/","url_meta":{"origin":10026,"position":5},"title":"&#8222;Unsere&#8220; Turmfalken online","author":"Zuzana Syrov\u00e1 An\u00fd\u017eov\u00e1","date":"10\/12\/2019","format":false,"excerpt":"0\u00a6\u00a01\u00a6\u00a02\u00a6\u00a03\u00a6\u00a04\u00a6\u00a05\u00a6\u00a06\u00a6\u00a07\u00a6\u00a08\u00a6\u00a09\u00a6 12\u00a6\u00a013\u00a6\u00a014\u00a6\u00a015\u00a6\u00a016\u00a6\u00a017\u00a6\u00a018\u00a6\u00a019\u00a6\u00a020\u00a6 10\u00a6\u00a0 11\u00a6 21\u00a6 \u00a0 Tut uns leid, dieser Inhalt wurde noch nicht in Deutsch \u00fcbersetzt. Lies die Version auf Englisch. Kameraliste Live vom Turmfalkenbalkon\u00a0\u00a6\u00a0von den Mauerseglerk\u00e4sten\u00a0\u00a6\u00a0vom Turmfalkenfenster YouTube-Live","rel":"","context":"V \u201e\"Unsere\" Mauersegler\u201c","block_context":{"text":"\"Unsere\" Mauersegler","link":"https:\/\/tinnunculus.sy-sy.cz\/index.php\/de\/category\/mieter-und-besucher\/unsere-mauersegler\/"},"img":{"alt_text":"Camera 1","src":"https:\/\/sy-sy.cz\/cam\/webapi\/entry.cgi?api=SYNO.SurveillanceStation.Stream.VideoStreaming&version=1&method=Stream&format=mjpeg&cameraId=2&StmKey=%229853f85e3f00a090389e5f3da7058a2c%22","width":350,"height":200,"srcset":"https:\/\/sy-sy.cz\/cam\/webapi\/entry.cgi?api=SYNO.SurveillanceStation.Stream.VideoStreaming&version=1&method=Stream&format=mjpeg&cameraId=2&StmKey=%229853f85e3f00a090389e5f3da7058a2c%22 1x, https:\/\/sy-sy.cz\/cam\/webapi\/entry.cgi?api=SYNO.SurveillanceStation.Stream.VideoStreaming&version=1&method=Stream&format=mjpeg&cameraId=2&StmKey=%229853f85e3f00a090389e5f3da7058a2c%22 1.5x, https:\/\/sy-sy.cz\/cam\/webapi\/entry.cgi?api=SYNO.SurveillanceStation.Stream.VideoStreaming&version=1&method=Stream&format=mjpeg&cameraId=2&StmKey=%229853f85e3f00a090389e5f3da7058a2c%22 2x, https:\/\/sy-sy.cz\/cam\/webapi\/entry.cgi?api=SYNO.SurveillanceStation.Stream.VideoStreaming&version=1&method=Stream&format=mjpeg&cameraId=2&StmKey=%229853f85e3f00a090389e5f3da7058a2c%22 3x, https:\/\/sy-sy.cz\/cam\/webapi\/entry.cgi?api=SYNO.SurveillanceStation.Stream.VideoStreaming&version=1&method=Stream&format=mjpeg&cameraId=2&StmKey=%229853f85e3f00a090389e5f3da7058a2c%22 4x"},"classes":[]}],"jetpack_sharing_enabled":true,"_links":{"self":[{"href":"https:\/\/tinnunculus.sy-sy.cz\/index.php\/wp-json\/wp\/v2\/pages\/10026","targetHints":{"allow":["GET"]}}],"collection":[{"href":"https:\/\/tinnunculus.sy-sy.cz\/index.php\/wp-json\/wp\/v2\/pages"}],"about":[{"href":"https:\/\/tinnunculus.sy-sy.cz\/index.php\/wp-json\/wp\/v2\/types\/page"}],"author":[{"embeddable":true,"href":"https:\/\/tinnunculus.sy-sy.cz\/index.php\/wp-json\/wp\/v2\/users\/2"}],"replies":[{"embeddable":true,"href":"https:\/\/tinnunculus.sy-sy.cz\/index.php\/wp-json\/wp\/v2\/comments?post=10026"}],"version-history":[{"count":1,"href":"https:\/\/tinnunculus.sy-sy.cz\/index.php\/wp-json\/wp\/v2\/pages\/10026\/revisions"}],"predecessor-version":[{"id":40325,"href":"https:\/\/tinnunculus.sy-sy.cz\/index.php\/wp-json\/wp\/v2\/pages\/10026\/revisions\/40325"}],"wp:attachment":[{"href":"https:\/\/tinnunculus.sy-sy.cz\/index.php\/wp-json\/wp\/v2\/media?parent=10026"}],"wp:term":[{"taxonomy":"category","embeddable":true,"href":"https:\/\/tinnunculus.sy-sy.cz\/index.php\/wp-json\/wp\/v2\/categories?post=10026"},{"taxonomy":"post_tag","embeddable":true,"href":"https:\/\/tinnunculus.sy-sy.cz\/index.php\/wp-json\/wp\/v2\/tags?post=10026"}],"curies":[{"name":"wp","href":"https:\/\/api.w.org\/{rel}","templated":true}]}}